{"id":1117,"date":"2021-01-07T02:31:20","date_gmt":"2021-01-07T02:31:20","guid":{"rendered":"https:\/\/thucphamtienloi.com\/?post_type=product&#038;p=1117"},"modified":"2026-04-15T05:33:39","modified_gmt":"2026-04-15T05:33:39","slug":"ca-diec-tuoi","status":"publish","type":"product","link":"https:\/\/thucphamtienloi.com\/?product=ca-diec-tuoi","title":{"rendered":"C\u00e1 di\u1ebfc t\u01b0\u01a1i s\u1ea1ch t\u1ea1i S\u00e0i G\u00f2n"},"content":{"rendered":"<p><strong>\u00a0\u00a0\u00a0C\u00e1 Di\u1ebfc<\/strong> c\u00f2n \u0111\u01b0\u1ee3c g\u1ecdi l\u00e0 c\u00e1 t\u1ee9c ng\u01b0, ph\u1ee5 ng\u01b0 v\u1edbi nhi\u1ec1u t\u00e1c d\u1ee5ng b\u1ed5 \u00edch cho s\u1ee9c kh\u1ecfe ngo\u00e0i t\u00e1c d\u1ee5ng l\u00e0m nguy\u00ean li\u1ec7u ch\u1ebf bi\u1ebfn m\u00f3n \u0103n. Ch\u00ednh v\u00ec th\u1ebf, lo\u1ea1i c\u00e1 n\u00e0y \u0111ang \u0111\u01b0\u1ee3c nhi\u1ec1u kh\u00e1ch h\u00e0ng t\u00ecm mua. Hi\u1ec7n nay, <a href=\"https:\/\/thucphamtienloi.com\/\" target=\"_blank\" rel=\"noopener noreferrer\"><strong>Th\u1ef1c Ph\u1ea9m Ti\u1ec7n L\u1ee3i<\/strong> <\/a>\u0111ang c\u00f3 b\u00e1n c\u00e1 Di\u1ebfc t\u01b0\u01a1i s\u1ed1ng. Qu\u00fd kh\u00e1ch \u0111\u1eb7t h\u00e0ng qua <strong>Hotline : 0987.506.349.<\/strong><\/p>\n<h2><strong>Gi\u1edbi thi\u1ec7u v\u1ec1 c\u00e1 di\u1ebfc<\/strong><\/h2>\n<p><strong><img loading=\"lazy\" decoding=\"async\" class=\"aligncenter wp-image-1121\" src=\"https:\/\/thucphamtienloi.com\/wp-content\/uploads\/2021\/01\/ca-diec-629x400.jpg\" alt=\"gioi-thieu-ve-ca-diec\" width=\"800\" height=\"509\" srcset=\"https:\/\/thucphamtienloi.com\/wp-content\/uploads\/2021\/01\/ca-diec-629x400.jpg 629w, https:\/\/thucphamtienloi.com\/wp-content\/uploads\/2021\/01\/ca-diec-510x324.jpg 510w, https:\/\/thucphamtienloi.com\/wp-content\/uploads\/2021\/01\/ca-diec-768x488.jpg 768w, https:\/\/thucphamtienloi.com\/wp-content\/uploads\/2021\/01\/ca-diec-600x382.jpg 600w, https:\/\/thucphamtienloi.com\/wp-content\/uploads\/2021\/01\/ca-diec.jpg 1000w\" sizes=\"auto, (max-width: 800px) 100vw, 800px\" \/><\/strong><\/p>\n<p class=\"p-content\">\u0110\u00e2y l\u00e0 m\u1ed9t lo\u1ea1i c\u00e1 s\u1ed1ng trong m\u00f4i tr\u01b0\u1eddng ao h\u1ed3 t\u1ef1 nhi\u00ean. V\u1edbi th\u00e2n h\u00ecnh thon d\u1eb9p, c\u00e1\u00a0 c\u00f3 m\u00e0u tr\u1eafng bao to\u00e0n h\u00e0nh v\u00e0 ph\u1ea7n b\u1ee5ng m\u00e0u nh\u1ea1t h\u01a1n. M\u1eb7c d\u00f9 ch\u00fang c\u00f3 th\u00e2n h\u00ecnh nh\u1ecf b\u00e9 nh\u01b0ng t\u00e1c d\u1ee5ng c\u1ee7a ch\u00fang \u0111\u1ed1i v\u1edbi con ng\u01b0\u1eddi l\u1ea1i v\u00f4 c\u00f9ng to l\u1edbn. Theo nh\u01b0 c\u00e1c nghi\u00ean c\u1ee9u c\u1ee7a \u0110\u00f4ng Y cho th\u1ea5y c\u00e1 di\u1ebfc trong th\u1ecbt c\u00e1 c\u00f3 ch\u1ee9a l\u01b0\u1ee3ng l\u1edbn c\u00e1c ch\u1ea5t b\u1ed5 d\u01b0\u1ee1ng gi\u00fap tr\u1ecb \u0111\u01b0\u1ee3c c\u00e1c ch\u1ee9ng b\u1ec7nh nh\u01b0: \u0111\u00e1i th\u00e1o \u0111\u01b0\u1eddng, \u0111\u1ea1i ti\u1ec7n ra m\u00e1u, c\u01a1 th\u1ec3 suy nh\u01b0\u1ee3c, xu\u1ea5t tinh s\u1edbm, c\u00e1c b\u1ec7nh v\u1ec1 t\u00ecnh d\u1ee5c nh\u01b0 \u00edch t\u00ednh, b\u1ed5 d\u01b0\u01a1ng, tr\u1ecb ch\u1ee9ng bu\u1ed3n n\u00f4n, tr\u1ecb vi\u00eam \u0111\u1ea1i tr\u00e0ng, \u0111\u1ea1i ti\u1ec7n l\u1ecfng.<\/p>\n<h2><strong>M\u1ed9t s\u1ed1 b\u00e0i thu\u1ed1c ch\u1eefa b\u1ec7nh t\u1eeb m\u00f3n \u0103n c\u00e1 di\u1ebfc<\/strong><\/h2>\n<p><strong><img loading=\"lazy\" decoding=\"async\" class=\"aligncenter wp-image-1119\" src=\"https:\/\/thucphamtienloi.com\/wp-content\/uploads\/2021\/01\/ca_riec_kho-533x400.jpg\" alt=\"mon-an-tu-ca-diec\" width=\"800\" height=\"600\" srcset=\"https:\/\/thucphamtienloi.com\/wp-content\/uploads\/2021\/01\/ca_riec_kho-533x400.jpg 533w, https:\/\/thucphamtienloi.com\/wp-content\/uploads\/2021\/01\/ca_riec_kho-510x383.jpg 510w, https:\/\/thucphamtienloi.com\/wp-content\/uploads\/2021\/01\/ca_riec_kho-768x576.jpg 768w, https:\/\/thucphamtienloi.com\/wp-content\/uploads\/2021\/01\/ca_riec_kho-600x450.jpg 600w, https:\/\/thucphamtienloi.com\/wp-content\/uploads\/2021\/01\/ca_riec_kho.jpg 1024w\" sizes=\"auto, (max-width: 800px) 100vw, 800px\" \/><\/strong><\/p>\n<p>C\u00e1 n\u01b0\u1edbng, n\u1ea5u v\u1edbi rau m\u00e1 m\u01a1 (rau m\u00e1 h\u1ecd) \u0103n h\u00e0ng ng\u00e0y ch\u1eefa \u0111au gan, v\u00e0ng da.<\/p>\n<p>C\u00e1 n\u1ea5u v\u1edbi rau r\u00fat l\u00e0m canh \u0103n ch\u1eefa bi\u1ebfng \u0103n.<\/p>\n<p>C\u00e1 n\u1ea5u v\u1edbi \u0111\u1eadu \u0111\u1ecf ho\u1eb7c v\u1ecf qu\u1ea3 b\u00ed \u0111ao \u0111\u1ec3 ti\u00eau ph\u00f9 th\u0169ng.<\/p>\n<p>C\u00e1 n\u1ea5u v\u1edbi n\u1ea5m h\u01b0\u01a1ng l\u00e0m t\u0103ng ti\u1ebft s\u1eefa.<\/p>\n<p><strong>\u0110\u1ec3 ch\u1eefa ph\u00f9 \u1edf tr\u1ebb em, ki\u1ebft l\u1ef5 ra m\u00e1u :<\/strong><\/p>\n<p>L\u1ea5y m\u1ed9t con c\u00e1 di\u1ebfc \u0111\u00e1nh v\u1ea3y, m\u1ed5 b\u1ee5ng, l\u00e0m s\u1ea1ch ru\u1ed9t, r\u1ed3i phi ph\u00e8n chua (1 c\u1ee5c nh\u1ecf) t\u00e1n b\u1ed9t, cho v\u00e0o b\u1ee5ng c\u00e1, \u0111\u1ed1t t\u1ed3n t\u00ednh, t\u00e1n nh\u1ecf m\u1ecbn. M\u1ed7i ng\u00e0y u\u1ed1ng 10g chia l\u00e0m hai l\u1ea7n.<\/p>\n<p><strong>Ch\u1eefa b\u1ec7nh \u0111\u00e1i th\u00e1o, ti\u00eau kh\u00e1t, u\u1ed1ng n\u01b0\u1edbc nhi\u1ec1u.<\/strong><\/p>\n<p>C\u00e1 di\u1ebfc l\u00e0m s\u1ea1ch, nh\u1ed3i \u0111\u1ea7y l\u00e1 ch\u00e8 non v\u00e0o b\u1ee5ng, b\u1ecdc gi\u1ea5y, \u0111\u1ed1t cho ch\u00edn th\u1ecbt c\u00e1, \u0103n v\u00e0i l\u1ea7n\u00a0<\/p>\n<p><strong>Ch\u1eefa bu\u1ed3n n\u00f4n, n\u00f4n m\u1eeda.<\/strong><\/p>\n<p>C\u00e1 di\u1ebfc (1 con kho\u1ea3ng 250g), sa nh\u00e2n, g\u1eebng, h\u1ed3 ti\u00eau (m\u1ed7i th\u1ee9 3g) s\u1eafc v\u1edbi 400ml n\u01b0\u1edbc c\u00f2n 100ml, u\u1ed1ng l\u00e0m hai l\u1ea7n trong ng\u00e0y.<\/p>\n<p><strong>Ch\u1eefa tr\u1ecb vi\u00eam ph\u1ebf qu\u1ea3n m\u00e3n t\u00ednh.<\/strong><\/p>\n<p>B\u1ed9t c\u00e1 di\u1ebfc (5g) u\u1ed1ng v\u1edbi b\u1ed9t g\u1eebng (3g), b\u1ed9t b\u00e1n h\u1ea1 ch\u1ebf (3g) .<\/p>\n<p>Ngo\u00e0i ra l\u1ea5y v\u1ea3y c\u1ee7a lo\u1ea1i c\u00e1 n\u00e0y n\u1ea5u th\u00e0nh cao m\u1ed7i l\u1ea7n u\u1ed1ng 30g v\u1edbi r\u01b0\u1ee3u n\u00f3ng ch\u1eefa b\u1ec7nh xu\u1ea5t huy\u1ebft.<\/p>\n<figure id=\"attachment_1122\" aria-describedby=\"caption-attachment-1122\" style=\"width: 800px\" class=\"wp-caption aligncenter\"><img loading=\"lazy\" decoding=\"async\" class=\"wp-image-1122\" src=\"https:\/\/thucphamtienloi.com\/wp-content\/uploads\/2021\/01\/ca-diec1-587x400.jpg\" alt=\"ca-diec\" width=\"800\" height=\"545\" srcset=\"https:\/\/thucphamtienloi.com\/wp-content\/uploads\/2021\/01\/ca-diec1-587x400.jpg 587w, https:\/\/thucphamtienloi.com\/wp-content\/uploads\/2021\/01\/ca-diec1-510x347.jpg 510w, https:\/\/thucphamtienloi.com\/wp-content\/uploads\/2021\/01\/ca-diec1-768x523.jpg 768w, https:\/\/thucphamtienloi.com\/wp-content\/uploads\/2021\/01\/ca-diec1-600x409.jpg 600w, https:\/\/thucphamtienloi.com\/wp-content\/uploads\/2021\/01\/ca-diec1.jpg 1000w\" sizes=\"auto, (max-width: 800px) 100vw, 800px\" \/><figcaption id=\"caption-attachment-1122\" class=\"wp-caption-text\">V\u1ea3y lo\u1ea1i c\u00e1 n\u00e0y c\u0169ng c\u00f3 t\u00e1c d\u1ee5ng ch\u1eefa b\u1ec7nh<\/figcaption><\/figure>\n<h2><strong>\u0110\u1ecba ch\u1ec9 mua c\u00e1 di\u1ebfc t\u01b0\u01a1i s\u1ed1ng t\u1ea1i H\u00e0 N\u1ed9i v\u00e0 Tp HCM<\/strong><\/h2>\n<p>Qu\u00fd kh\u00e1ch c\u00f3 nhu c\u1ea7u \u0111\u1eb7t mua s\u1ea3n ph\u1ea9m vui l\u00f2ng li\u00ean h\u1ec7 c\u1eeda h\u00e0ng <strong>Th\u1ef1c Ph\u1ea9m Ti\u1ec7n L\u1ee3i\u00a0<\/strong><\/p>\n<p><strong>Hotline\/Zalo:<\/strong>\u00a0<strong>0987.506.349<\/strong><\/p>\n<p><strong>\u0110\u1ecba ch\u1ec9 c\u1eeda h\u00e0ng :\u00a0<\/strong><\/p>\n<p><strong>T\u1ea1i S\u00e0i G\u00f2n:<\/strong>\u00a0184\/17 Nguy\u1ec5n Ph\u00fac Chu, P15, Q. T\u00e2n B\u00ecnh , TP HCM (vui l\u00f2ng g\u1ecdi tr\u01b0\u1edbc khi \u0111\u1ebfn)<br \/>\n<strong>T\u1ea1i H\u00e0 N\u1ed9i : <\/strong>Chung c\u01b0 349, V\u0169 T\u00f4ng Phan, Thanh Xu\u00e2n, H\u00e0 N\u1ed9i (vui l\u00f2ng g\u1ecdi tr\u01b0\u1edbc khi \u0111\u1ebfn)<\/p>\n<p><strong>Facebook:\u00a0<a href=\"https:\/\/www.facebook.com\/thucphamtienloiFB\">TH\u1ef0C PH\u1ea8M TI\u1ec6N L\u1ee2I<\/a><\/strong><\/p>\n","protected":false},"excerpt":{"rendered":"<p><strong>C\u00e1 Di\u1ebfc<\/strong> c\u00f2n \u0111\u01b0\u1ee3c g\u1ecdi l\u00e0 c\u00e1 t\u1ee9c ng\u01b0, ph\u1ee5 ng\u01b0 v\u1edbi nhi\u1ec1u t\u00e1c d\u1ee5ng b\u1ed5 \u00edch cho s\u1ee9c kh\u1ecfe ngo\u00e0i t\u00e1c d\u1ee5ng l\u00e0m nguy\u00ean li\u1ec7u ch\u1ebf bi\u1ebfn m\u00f3n \u0103n. Ch\u00ednh v\u00ec th\u1ebf, lo\u1ea1i c\u00e1 n\u00e0y \u0111ang \u0111\u01b0\u1ee3c nhi\u1ec1u kh\u00e1ch h\u00e0ng t\u00ecm mua. Hi\u1ec7n nay, <a href=\"https:\/\/thucphamtienloi.com\/\" target=\"_blank\" rel=\"noopener noreferrer\"><strong>Th\u1ef1c Ph\u1ea9m Ti\u1ec7n L\u1ee3i<\/strong> <\/a>\u0111ang c\u00f3 b\u00e1n c\u00e1 Di\u1ebfc t\u01b0\u01a1i s\u1ed1ng. Qu\u00fd kh\u00e1ch \u0111\u1eb7t h\u00e0ng qua <strong>Hotline : 0987.506.349<\/strong><\/p>\n","protected":false},"featured_media":1120,"comment_status":"closed","ping_status":"closed","template":"","meta":[],"product_brand":[],"product_cat":[68,71],"product_tag":[365,366,367,368,369,370],"class_list":{"0":"post-1117","1":"product","2":"type-product","3":"status-publish","4":"has-post-thumbnail","6":"product_cat-dac-san-mien-bac","7":"product_cat-thuc-pham-tuoi-song","8":"product_tag-ca-diec","9":"product_tag-cua-hang-ban-ca-diec-tai-sai-gon","10":"product_tag-cua-hang-ban-ca-diec-tai-tp-hcm","11":"product_tag-ca-diec-tai-ha-noi","12":"product_tag-ca-diec-tai-go-vap","13":"product_tag-ca-diec-tai-tan-binh","15":"first","16":"instock","17":"featured","18":"shipping-taxable","19":"purchasable","20":"product-type-simple"},"yoast_head":"<!-- This site is optimized with the Yoast SEO plugin v27.4 - https:\/\/yoast.com\/product\/yoast-seo-wordpress\/ -->\n<title>C\u00e1 di\u1ebfc t\u01b0\u01a1i s\u1ea1ch t\u1ea1i S\u00e0i G\u00f2n - 150k\/kg<\/title>\n<meta name=\"description\" content=\"C\u00e1 di\u1ebfc \u0111ang \u0111\u01b0\u1ee3c nhi\u1ec1u kh\u00e1ch h\u00e0ng t\u00ecm mua. Th\u1ef1c Ph\u1ea9m Ti\u1ec7n L\u1ee3i \u0111ang c\u00f3 b\u00e1n c\u00e1 Di\u1ebfc t\u01b0\u01a1i. Qu\u00fd kh\u00e1ch \u0111\u1eb7t h\u00e0ng qua Hotline: 0987.506.349\" \/>\n<meta name=\"robots\" content=\"index, follow, max-snippet:-1, max-image-preview:large, max-video-preview:-1\" \/>\n<link rel=\"canonical\" href=\"https:\/\/thucphamtienloi.com\/?product=ca-diec-tuoi\" \/>\n<meta property=\"og:locale\" content=\"vi_VN\" \/>\n<meta property=\"og:type\" content=\"article\" \/>\n<meta property=\"og:title\" content=\"C\u00e1 di\u1ebfc t\u01b0\u01a1i s\u1ea1ch t\u1ea1i S\u00e0i G\u00f2n - 150k\/kg\" \/>\n<meta property=\"og:description\" content=\"C\u00e1 di\u1ebfc \u0111ang \u0111\u01b0\u1ee3c nhi\u1ec1u kh\u00e1ch h\u00e0ng t\u00ecm mua. Th\u1ef1c Ph\u1ea9m Ti\u1ec7n L\u1ee3i \u0111ang c\u00f3 b\u00e1n c\u00e1 Di\u1ebfc t\u01b0\u01a1i. Qu\u00fd kh\u00e1ch \u0111\u1eb7t h\u00e0ng qua Hotline: 0987.506.349\" \/>\n<meta property=\"og:url\" content=\"https:\/\/thucphamtienloi.com\/?product=ca-diec-tuoi\" \/>\n<meta property=\"og:site_name\" content=\"\u1ea8M TH\u1ef0C BA MI\u1ec0N\" \/>\n<meta property=\"article:modified_time\" content=\"2026-04-15T05:33:39+00:00\" \/>\n<meta property=\"og:image\" content=\"https:\/\/thucphamtienloi.com\/wp-content\/uploads\/2021\/01\/ca_riec_tuoi.jpg\" \/>\n\t<meta property=\"og:image:width\" content=\"1280\" \/>\n\t<meta property=\"og:image:height\" content=\"960\" \/>\n\t<meta property=\"og:image:type\" content=\"image\/jpeg\" \/>\n<meta name=\"twitter:card\" content=\"summary_large_image\" \/>\n<meta name=\"twitter:label1\" content=\"\u01af\u1edbc t\u00ednh th\u1eddi gian \u0111\u1ecdc\" \/>\n\t<meta name=\"twitter:data1\" content=\"4 ph\u00fat\" \/>\n<script type=\"application\/ld+json\" class=\"yoast-schema-graph\">{\"@context\":\"https:\\\/\\\/schema.org\",\"@graph\":[{\"@type\":[\"WebPage\",\"ItemPage\"],\"@id\":\"https:\\\/\\\/thucphamtienloi.com\\\/?product=ca-diec-tuoi\",\"url\":\"https:\\\/\\\/thucphamtienloi.com\\\/?product=ca-diec-tuoi\",\"name\":\"C\u00e1 di\u1ebfc t\u01b0\u01a1i s\u1ea1ch t\u1ea1i S\u00e0i G\u00f2n - 150k\\\/kg\",\"isPartOf\":{\"@id\":\"https:\\\/\\\/thucphamtienloi.com\\\/#website\"},\"primaryImageOfPage\":{\"@id\":\"https:\\\/\\\/thucphamtienloi.com\\\/?product=ca-diec-tuoi#primaryimage\"},\"image\":{\"@id\":\"https:\\\/\\\/thucphamtienloi.com\\\/?product=ca-diec-tuoi#primaryimage\"},\"thumbnailUrl\":\"https:\\\/\\\/thucphamtienloi.com\\\/wp-content\\\/uploads\\\/2021\\\/01\\\/ca_riec_tuoi.jpg\",\"datePublished\":\"2021-01-07T02:31:20+00:00\",\"dateModified\":\"2026-04-15T05:33:39+00:00\",\"description\":\"C\u00e1 di\u1ebfc \u0111ang \u0111\u01b0\u1ee3c nhi\u1ec1u kh\u00e1ch h\u00e0ng t\u00ecm mua. Th\u1ef1c Ph\u1ea9m Ti\u1ec7n L\u1ee3i \u0111ang c\u00f3 b\u00e1n c\u00e1 Di\u1ebfc t\u01b0\u01a1i. Qu\u00fd kh\u00e1ch \u0111\u1eb7t h\u00e0ng qua Hotline: 0987.506.349\",\"breadcrumb\":{\"@id\":\"https:\\\/\\\/thucphamtienloi.com\\\/?product=ca-diec-tuoi#breadcrumb\"},\"inLanguage\":\"vi\",\"potentialAction\":[{\"@type\":\"ReadAction\",\"target\":[\"https:\\\/\\\/thucphamtienloi.com\\\/?product=ca-diec-tuoi\"]}]},{\"@type\":\"ImageObject\",\"inLanguage\":\"vi\",\"@id\":\"https:\\\/\\\/thucphamtienloi.com\\\/?product=ca-diec-tuoi#primaryimage\",\"url\":\"https:\\\/\\\/thucphamtienloi.com\\\/wp-content\\\/uploads\\\/2021\\\/01\\\/ca_riec_tuoi.jpg\",\"contentUrl\":\"https:\\\/\\\/thucphamtienloi.com\\\/wp-content\\\/uploads\\\/2021\\\/01\\\/ca_riec_tuoi.jpg\",\"width\":1280,\"height\":960,\"caption\":\"C\u00e1 di\u1ebfc t\u01b0\u01a1i s\u1ea1ch t\u1ea1i S\u00e0i G\u00f2n\"},{\"@type\":\"BreadcrumbList\",\"@id\":\"https:\\\/\\\/thucphamtienloi.com\\\/?product=ca-diec-tuoi#breadcrumb\",\"itemListElement\":[{\"@type\":\"ListItem\",\"position\":1,\"name\":\"Trang ch\u1ee7\",\"item\":\"https:\\\/\\\/thucphamtienloi.com\\\/\"},{\"@type\":\"ListItem\",\"position\":2,\"name\":\"C\u1eeda H\u00e0ng\",\"item\":\"https:\\\/\\\/thucphamtienloi.com\\\/?page_id=3334\"},{\"@type\":\"ListItem\",\"position\":3,\"name\":\"Th\u1ef1c Ph\u1ea9m T\u01b0\u01a1i S\u1ed1ng\",\"item\":\"https:\\\/\\\/thucphamtienloi.com\\\/danh-muc-san-pham\\\/thuc-pham-tuoi-song\\\/\"},{\"@type\":\"ListItem\",\"position\":4,\"name\":\"C\u00e1 di\u1ebfc t\u01b0\u01a1i s\u1ea1ch t\u1ea1i S\u00e0i G\u00f2n\"}]},{\"@type\":\"WebSite\",\"@id\":\"https:\\\/\\\/thucphamtienloi.com\\\/#website\",\"url\":\"https:\\\/\\\/thucphamtienloi.com\\\/\",\"name\":\"Th\u1ef1c ph\u1ea9m ti\u1ec7n l\u1ee3i\",\"description\":\"\u1ea8m Th\u1ef1c Qu\u00ea H\u01b0\u01a1ng\",\"publisher\":{\"@id\":\"https:\\\/\\\/thucphamtienloi.com\\\/#organization\"},\"potentialAction\":[{\"@type\":\"SearchAction\",\"target\":{\"@type\":\"EntryPoint\",\"urlTemplate\":\"https:\\\/\\\/thucphamtienloi.com\\\/?s={search_term_string}\"},\"query-input\":{\"@type\":\"PropertyValueSpecification\",\"valueRequired\":true,\"valueName\":\"search_term_string\"}}],\"inLanguage\":\"vi\"},{\"@type\":\"Organization\",\"@id\":\"https:\\\/\\\/thucphamtienloi.com\\\/#organization\",\"name\":\"Th\u1ef1c ph\u1ea9m ti\u1ec7n l\u1ee3i\",\"url\":\"https:\\\/\\\/thucphamtienloi.com\\\/\",\"logo\":{\"@type\":\"ImageObject\",\"inLanguage\":\"vi\",\"@id\":\"https:\\\/\\\/thucphamtienloi.com\\\/#\\\/schema\\\/logo\\\/image\\\/\",\"url\":\"https:\\\/\\\/thucphamtienloi.com\\\/wp-content\\\/uploads\\\/2022\\\/07\\\/THU\u031b\u0323C-PHA\u0302\u0309M-TIE\u0323\u0302N-LO\u031b\u0323I.png\",\"contentUrl\":\"https:\\\/\\\/thucphamtienloi.com\\\/wp-content\\\/uploads\\\/2022\\\/07\\\/THU\u031b\u0323C-PHA\u0302\u0309M-TIE\u0323\u0302N-LO\u031b\u0323I.png\",\"width\":1920,\"height\":1080,\"caption\":\"Th\u1ef1c ph\u1ea9m ti\u1ec7n l\u1ee3i\"},\"image\":{\"@id\":\"https:\\\/\\\/thucphamtienloi.com\\\/#\\\/schema\\\/logo\\\/image\\\/\"}}]}<\/script>\n<!-- \/ Yoast SEO plugin. -->","yoast_head_json":{"title":"C\u00e1 di\u1ebfc t\u01b0\u01a1i s\u1ea1ch t\u1ea1i S\u00e0i G\u00f2n - 150k\/kg","description":"C\u00e1 di\u1ebfc \u0111ang \u0111\u01b0\u1ee3c nhi\u1ec1u kh\u00e1ch h\u00e0ng t\u00ecm mua. Th\u1ef1c Ph\u1ea9m Ti\u1ec7n L\u1ee3i \u0111ang c\u00f3 b\u00e1n c\u00e1 Di\u1ebfc t\u01b0\u01a1i. Qu\u00fd kh\u00e1ch \u0111\u1eb7t h\u00e0ng qua Hotline: 0987.506.349","robots":{"index":"index","follow":"follow","max-snippet":"max-snippet:-1","max-image-preview":"max-image-preview:large","max-video-preview":"max-video-preview:-1"},"canonical":"https:\/\/thucphamtienloi.com\/?product=ca-diec-tuoi","og_locale":"vi_VN","og_type":"article","og_title":"C\u00e1 di\u1ebfc t\u01b0\u01a1i s\u1ea1ch t\u1ea1i S\u00e0i G\u00f2n - 150k\/kg","og_description":"C\u00e1 di\u1ebfc \u0111ang \u0111\u01b0\u1ee3c nhi\u1ec1u kh\u00e1ch h\u00e0ng t\u00ecm mua. Th\u1ef1c Ph\u1ea9m Ti\u1ec7n L\u1ee3i \u0111ang c\u00f3 b\u00e1n c\u00e1 Di\u1ebfc t\u01b0\u01a1i. Qu\u00fd kh\u00e1ch \u0111\u1eb7t h\u00e0ng qua Hotline: 0987.506.349","og_url":"https:\/\/thucphamtienloi.com\/?product=ca-diec-tuoi","og_site_name":"\u1ea8M TH\u1ef0C BA MI\u1ec0N","article_modified_time":"2026-04-15T05:33:39+00:00","og_image":[{"width":1280,"height":960,"url":"https:\/\/thucphamtienloi.com\/wp-content\/uploads\/2021\/01\/ca_riec_tuoi.jpg","type":"image\/jpeg"}],"twitter_card":"summary_large_image","twitter_misc":{"\u01af\u1edbc t\u00ednh th\u1eddi gian \u0111\u1ecdc":"4 ph\u00fat"},"schema":{"@context":"https:\/\/schema.org","@graph":[{"@type":["WebPage","ItemPage"],"@id":"https:\/\/thucphamtienloi.com\/?product=ca-diec-tuoi","url":"https:\/\/thucphamtienloi.com\/?product=ca-diec-tuoi","name":"C\u00e1 di\u1ebfc t\u01b0\u01a1i s\u1ea1ch t\u1ea1i S\u00e0i G\u00f2n - 150k\/kg","isPartOf":{"@id":"https:\/\/thucphamtienloi.com\/#website"},"primaryImageOfPage":{"@id":"https:\/\/thucphamtienloi.com\/?product=ca-diec-tuoi#primaryimage"},"image":{"@id":"https:\/\/thucphamtienloi.com\/?product=ca-diec-tuoi#primaryimage"},"thumbnailUrl":"https:\/\/thucphamtienloi.com\/wp-content\/uploads\/2021\/01\/ca_riec_tuoi.jpg","datePublished":"2021-01-07T02:31:20+00:00","dateModified":"2026-04-15T05:33:39+00:00","description":"C\u00e1 di\u1ebfc \u0111ang \u0111\u01b0\u1ee3c nhi\u1ec1u kh\u00e1ch h\u00e0ng t\u00ecm mua. Th\u1ef1c Ph\u1ea9m Ti\u1ec7n L\u1ee3i \u0111ang c\u00f3 b\u00e1n c\u00e1 Di\u1ebfc t\u01b0\u01a1i. Qu\u00fd kh\u00e1ch \u0111\u1eb7t h\u00e0ng qua Hotline: 0987.506.349","breadcrumb":{"@id":"https:\/\/thucphamtienloi.com\/?product=ca-diec-tuoi#breadcrumb"},"inLanguage":"vi","potentialAction":[{"@type":"ReadAction","target":["https:\/\/thucphamtienloi.com\/?product=ca-diec-tuoi"]}]},{"@type":"ImageObject","inLanguage":"vi","@id":"https:\/\/thucphamtienloi.com\/?product=ca-diec-tuoi#primaryimage","url":"https:\/\/thucphamtienloi.com\/wp-content\/uploads\/2021\/01\/ca_riec_tuoi.jpg","contentUrl":"https:\/\/thucphamtienloi.com\/wp-content\/uploads\/2021\/01\/ca_riec_tuoi.jpg","width":1280,"height":960,"caption":"C\u00e1 di\u1ebfc t\u01b0\u01a1i s\u1ea1ch t\u1ea1i S\u00e0i G\u00f2n"},{"@type":"BreadcrumbList","@id":"https:\/\/thucphamtienloi.com\/?product=ca-diec-tuoi#breadcrumb","itemListElement":[{"@type":"ListItem","position":1,"name":"Trang ch\u1ee7","item":"https:\/\/thucphamtienloi.com\/"},{"@type":"ListItem","position":2,"name":"C\u1eeda H\u00e0ng","item":"https:\/\/thucphamtienloi.com\/?page_id=3334"},{"@type":"ListItem","position":3,"name":"Th\u1ef1c Ph\u1ea9m T\u01b0\u01a1i S\u1ed1ng","item":"https:\/\/thucphamtienloi.com\/danh-muc-san-pham\/thuc-pham-tuoi-song\/"},{"@type":"ListItem","position":4,"name":"C\u00e1 di\u1ebfc t\u01b0\u01a1i s\u1ea1ch t\u1ea1i S\u00e0i G\u00f2n"}]},{"@type":"WebSite","@id":"https:\/\/thucphamtienloi.com\/#website","url":"https:\/\/thucphamtienloi.com\/","name":"Th\u1ef1c ph\u1ea9m ti\u1ec7n l\u1ee3i","description":"\u1ea8m Th\u1ef1c Qu\u00ea H\u01b0\u01a1ng","publisher":{"@id":"https:\/\/thucphamtienloi.com\/#organization"},"potentialAction":[{"@type":"SearchAction","target":{"@type":"EntryPoint","urlTemplate":"https:\/\/thucphamtienloi.com\/?s={search_term_string}"},"query-input":{"@type":"PropertyValueSpecification","valueRequired":true,"valueName":"search_term_string"}}],"inLanguage":"vi"},{"@type":"Organization","@id":"https:\/\/thucphamtienloi.com\/#organization","name":"Th\u1ef1c ph\u1ea9m ti\u1ec7n l\u1ee3i","url":"https:\/\/thucphamtienloi.com\/","logo":{"@type":"ImageObject","inLanguage":"vi","@id":"https:\/\/thucphamtienloi.com\/#\/schema\/logo\/image\/","url":"https:\/\/thucphamtienloi.com\/wp-content\/uploads\/2022\/07\/THU\u031b\u0323C-PHA\u0302\u0309M-TIE\u0323\u0302N-LO\u031b\u0323I.png","contentUrl":"https:\/\/thucphamtienloi.com\/wp-content\/uploads\/2022\/07\/THU\u031b\u0323C-PHA\u0302\u0309M-TIE\u0323\u0302N-LO\u031b\u0323I.png","width":1920,"height":1080,"caption":"Th\u1ef1c ph\u1ea9m ti\u1ec7n l\u1ee3i"},"image":{"@id":"https:\/\/thucphamtienloi.com\/#\/schema\/logo\/image\/"}}]}},"_links":{"self":[{"href":"https:\/\/thucphamtienloi.com\/index.php?rest_route=\/wp\/v2\/product\/1117","targetHints":{"allow":["GET"]}}],"collection":[{"href":"https:\/\/thucphamtienloi.com\/index.php?rest_route=\/wp\/v2\/product"}],"about":[{"href":"https:\/\/thucphamtienloi.com\/index.php?rest_route=\/wp\/v2\/types\/product"}],"replies":[{"embeddable":true,"href":"https:\/\/thucphamtienloi.com\/index.php?rest_route=%2Fwp%2Fv2%2Fcomments&post=1117"}],"wp:featuredmedia":[{"embeddable":true,"href":"https:\/\/thucphamtienloi.com\/index.php?rest_route=\/wp\/v2\/media\/1120"}],"wp:attachment":[{"href":"https:\/\/thucphamtienloi.com\/index.php?rest_route=%2Fwp%2Fv2%2Fmedia&parent=1117"}],"wp:term":[{"taxonomy":"product_brand","embeddable":true,"href":"https:\/\/thucphamtienloi.com\/index.php?rest_route=%2Fwp%2Fv2%2Fproduct_brand&post=1117"},{"taxonomy":"product_cat","embeddable":true,"href":"https:\/\/thucphamtienloi.com\/index.php?rest_route=%2Fwp%2Fv2%2Fproduct_cat&post=1117"},{"taxonomy":"product_tag","embeddable":true,"href":"https:\/\/thucphamtienloi.com\/index.php?rest_route=%2Fwp%2Fv2%2Fproduct_tag&post=1117"}],"curies":[{"name":"wp","href":"https:\/\/api.w.org\/{rel}","templated":true}]}}