{"id":1123,"date":"2021-01-07T02:56:38","date_gmt":"2021-01-07T02:56:38","guid":{"rendered":"https:\/\/thucphamtienloi.com\/?post_type=product&#038;p=1123"},"modified":"2025-10-19T16:14:50","modified_gmt":"2025-10-19T16:14:50","slug":"chach-dong-tuoi","status":"publish","type":"product","link":"https:\/\/thucphamtienloi.com\/?product=chach-dong-tuoi","title":{"rendered":"Ch\u1ea1ch \u0110\u1ed3ng T\u01b0\u01a1i"},"content":{"rendered":"<div class=\"caption\"><span style=\"font-size: 100%;\"><strong>Ch\u1ea1ch<\/strong>\u00a0<strong>\u0111\u1ed3ng t\u01b0\u01a1i<\/strong> l\u00e0 lo\u1ea1i c\u00e1 d\u00e2n d\u00e3 c\u00f3 th\u1ec3 ch\u1ebf bi\u1ebfn th\u00e0nh nhi\u1ec1u m\u00f3n \u0103n ngon, b\u1ed5 d\u01b0\u1ee1ng nh\u01b0 chi\u00ean n\u01b0\u1edbng, c\u00e1c m\u00f3n kho ti\u00eau, kho ngh\u1ec7. S\u1ea3n ph\u1ea9m \u0111ang \u0111\u01b0\u1ee3c <a href=\"https:\/\/thucphamtienloi.com\/\" target=\"_blank\" rel=\"noopener noreferrer\"><strong>Th\u1ef1c Ph\u1ea9m Ti\u1ec7n L\u1ee3i<\/strong> <\/a>cung c\u1ea5p \u0111\u1ebfn qu\u00fd kh\u00e1ch h\u00e0ng. Hotline \u0111\u1eb7t mua : <strong class=\"uppercase\">0987.506.349<\/strong><\/span><\/div>\n<h2><strong>Gi\u1edbi thi\u1ec7u v\u1ec1 ch\u1ea1ch\u00a0<\/strong><\/h2>\n<p><span style=\"font-size: 100%;\"><strong><img loading=\"lazy\" decoding=\"async\" class=\"aligncenter wp-image-1127\" src=\"https:\/\/thucphamtienloi.com\/wp-content\/uploads\/2021\/01\/chach-dong.jpg\" alt=\"gioi-thieu-ve-chach\" width=\"800\" height=\"600\" srcset=\"https:\/\/thucphamtienloi.com\/wp-content\/uploads\/2021\/01\/chach-dong.jpg 512w, https:\/\/thucphamtienloi.com\/wp-content\/uploads\/2021\/01\/chach-dong-510x383.jpg 510w\" sizes=\"auto, (max-width: 800px) 100vw, 800px\" \/><\/strong><\/span><\/p>\n<p><span style=\"font-size: 100%;\">C\u00e1\u00a0ch\u1ea1ch\u00a0c\u00f3 v\u1ecb ng\u1ecdt, t\u00e1c d\u1ee5ng b\u1ed5 trung \u00edch kh\u00ed, kh\u1eed th\u1ea5p t\u00e0, gi\u1ea3i kh\u00e1t, t\u1ec9nh r\u01b0\u1ee3u; d\u00f9ng ch\u1eefa ti\u1ec3u \u0111\u01b0\u1eddng, li\u1ec7t d\u01b0\u01a1ng, vi\u00eam gan virus, tr\u0129 v\u00e0 l\u1edf ng\u1ee9a.<\/span><span style=\"font-size: 100%;\">C\u00e1 ch\u1ea1ch \u0111\u1ed3ng th\u00e2n tr\u00f2n, d\u1eb9t hai b\u00ean, nh\u1ea5t l\u00e0 g\u1ea7n \u0111u\u00f4i, d\u00e0i kho\u1ea3ng 15 cm, con l\u1edbn nh\u1ea5t l\u1edbn h\u01a1n ng\u00f3n tay c\u00e1i ng\u01b0\u1eddi l\u1edbn, d\u00e0i kho\u1ea3ng 15 &#8211; 20cm. C\u00e1 ch\u1ea1ch \u0111\u1ed3ng m\u00e0u v\u00e0ng, n\u00e2u ho\u1eb7c x\u00e1m \u0111en, l\u01b0ng t\u1ed1i m\u00e0u h\u01a1n b\u1ee5ng, r\u1ea5t nhi\u1ec1u ch\u1ea5m tr\u00ean l\u01b0ng,da tr\u01a1n nh\u01b0 l\u01b0\u01a1n, \u0111\u1ea7u nh\u1ecdn, \u0111u\u00f4i d\u1eb9t<\/span><\/p>\n<h2><strong>T\u00e1c d\u1ee5ng c\u1ee7a ch\u1ea1ch\u00a0<\/strong><\/h2>\n<p><span style=\"font-size: 100%;\"><strong><img loading=\"lazy\" decoding=\"async\" class=\"aligncenter wp-image-1126\" src=\"https:\/\/thucphamtienloi.com\/wp-content\/uploads\/2021\/01\/chach-dong-2-617x400.jpg\" alt=\"chac-chien\" width=\"800\" height=\"519\" srcset=\"https:\/\/thucphamtienloi.com\/wp-content\/uploads\/2021\/01\/chach-dong-2-617x400.jpg 617w, https:\/\/thucphamtienloi.com\/wp-content\/uploads\/2021\/01\/chach-dong-2-510x331.jpg 510w, https:\/\/thucphamtienloi.com\/wp-content\/uploads\/2021\/01\/chach-dong-2-600x389.jpg 600w, https:\/\/thucphamtienloi.com\/wp-content\/uploads\/2021\/01\/chach-dong-2.jpg 768w\" sizes=\"auto, (max-width: 800px) 100vw, 800px\" \/><\/strong><\/span><\/p>\n<p><span style=\"font-size: 100%;\">C\u00e1 ch\u1ea1ch \u0111\u1ed3ng c\u00f2n g\u1ecdi thu ng\u01b0. Trong \u0111\u00f4ng y, ch\u1ea1ch v\u1ecb ng\u1ecdt, t\u00ednh b\u00ecnh c\u00f3 t\u00e1c d\u1ee5ng b\u1ed5 kh\u00ed huy\u1ebft ch\u1ed1ng l\u00e3o suy, tr\u00e1ng d\u01b0\u01a1ng (l\u00e0 th\u1ee9c \u0103n qu\u00fd c\u1ee7a ng\u01b0\u1eddi gi\u00e0), thanh nhi\u1ec7t tr\u1eeb th\u1ea5p, ch\u1eefa c\u00e1c b\u1ec7nh v\u1ec1 m\u1eadt, t\u1ee5y, tr\u0129&#8230; \u0110\u1eb7c bi\u1ec7t c\u00e1 ch\u1ea1ch c\u00f9ng m\u1ed9t s\u1ed1 d\u01b0\u1ee3c li\u1ec7u kh\u00e1c ch\u1eefa c\u00e1c b\u1ec7nh v\u1ec1 gan, nh\u01b0: vi\u00eam gan c\u1ea5p, vi\u00eam gan m\u1ea1n, vi\u00eam gan v\u00e0ng da, ung th\u01b0 gan. Theo T\u00e2y y, c\u00e1 ch\u1ea1ch c\u00f3 t\u1edbi 17 acid amin thi\u1ebft y\u1ebfu n\u00ean d\u1ec5 h\u1ea5p th\u1ee5 khi \u0103n. C\u00e1 ch\u1ea1ch \u0111\u01b0\u1ee3c x\u1ebfp v\u00e0o nh\u00f3m th\u1ef1c ph\u1ea9m c\u00f3 m\u00e0u \u0111en, c\u00f3 nhi\u1ec1u c\u00f4ng d\u1ee5ng ch\u1ed1ng oxy h\u00f3a.<\/span><\/p>\n<p><span style=\"font-size: 100%;\">Nh\u1edbt c\u1ee7a c\u00e1 ch\u1ea1ch c\u00f3 t\u00e1c d\u1ee5ng ti\u00eau vi\u00eam, kh\u00e1ng khu\u1ea9n m\u1ea1nh.H\u01a1n n\u1eefa\u00a0theo nghi\u00ean c\u1ee9u thi c\u00f3\u00a0\u00a0t\u1edbi 9,6% protein ch\u1ea5t \u0111\u1ea1m v\u1edbi nhi\u1ec1u axit\u00a0amin c\u00f3 trong c\u00e1 ch\u1ea1ch v\u00e0 3,7 lipit (ch\u1ea5t b\u00e9o), 28\u00a0mg Ca, 72\u00a0mg P, 0,9\u00a0mg Fe v\u00e0 nhi\u1ec1u lo\u1ea1i vitamin kh\u00e1c. L\u00e0 lo\u00e0i c\u00e1 b\u1ed5 sung \u0111\u01b0\u1ee3c nhi\u1ec1u dinh d\u01b0\u1ee1ng cho c\u01a1 th\u1ec3 n\u00ean \u0111\u01b0\u1ee3c ch\u1ebf bi\u1ebfn th\u00e0nh nhi\u1ec1u m\u00f3n kh\u00f4ng nh\u1eefng ngon m\u00e0 c\u00f2n b\u1ed5 d\u01b0\u1ee1ng cho gia \u0111\u00ecnh b\u1ea1n.C\u00e1 ch\u1ea1ch c\u00f3 th\u1ec3 ch\u1ebf bi\u1ebfn th\u00e0ng r\u1ea5t nhi\u1ec1u m\u00f3n \u0103n ngon nh\u01b0 : ch\u1ea1ch kho t\u1ed9, ch\u00e1o c\u00e1 ch\u1ea1ch, ch\u1ea1ch chi\u00ean, ch\u1ea1ch n\u01b0\u1edbng, \u0111\u1eb7c bi\u1ec7t l\u00e0 m\u00f3n \u0103n\u00a0Ch\u1ea1ch kho ki\u1ec3u l\u00e0ng V\u0169 \u0110\u1ea1i<strong>.\u00a0<\/strong>Ch\u1eafc ch\u1eafn<strong>\u00a0<\/strong>S\u1ebd \u0111em \u0111\u1ebfn cho qu\u00fd kh\u00e1ch nhi\u1ec1u c\u00e1ch th\u01b0\u1edfng th\u1ee9c lo\u00e0i c\u00e1c n\u01b0\u1edbc ng\u1ecdt \u0111\u1eb7c bi\u1ec7t n\u00e0y.<\/span><\/p>\n<p><span style=\"font-size: 100%;\"><strong><img loading=\"lazy\" decoding=\"async\" class=\"aligncenter wp-image-1125\" src=\"https:\/\/thucphamtienloi.com\/wp-content\/uploads\/2021\/01\/chach-dong-1.jpg\" alt=\"dat-mua-chach\" width=\"800\" height=\"600\" srcset=\"https:\/\/thucphamtienloi.com\/wp-content\/uploads\/2021\/01\/chach-dong-1.jpg 512w, https:\/\/thucphamtienloi.com\/wp-content\/uploads\/2021\/01\/chach-dong-1-510x383.jpg 510w\" sizes=\"auto, (max-width: 800px) 100vw, 800px\" \/><\/strong><\/span><\/p>\n<h2><strong>\u0110\u1eb7t mua ch\u1ea1ch \u0111\u1ed3ng t\u1ea1i H\u00e0 N\u1ed9i v\u00e0 Tp HCM<\/strong><\/h2>\n<p><span style=\"font-size: 100%;\">Hi\u1ec7n t\u1ea1i th\u00ec do ao s\u00f4ng h\u1ed3 b\u1ecb \u00f4 san l\u1ea5p d\u1eabn \u0111\u1ebfn m\u00f4i tr\u01b0\u1eddng s\u1ed1ng c\u1ee7a Ch\u1ea1ch b\u1ecb thu h\u1eb9p kh\u00e1 nhi\u1ec1u n\u00ean qu\u00fd kh\u00e1ch mu\u1ed1n \u0111\u1eb7t mua\u00a0<strong>Ch\u1ea1ch \u0110\u1ed3ng T\u01b0\u01a1i<\/strong>\u00a0th\u00ec t\u1ed1t nh\u1ea5t n\u00ean \u0111\u1eb7t tr\u01b0\u1edbc t\u1eeb 2 &#8211; 3 ng\u00e0y \u0111\u1ec3 c\u1eeda h\u00e0ng chu\u1ea9n b\u1ecb v\u00e0 ph\u1ee5c v\u1ee5 qu\u00fd kh\u00e1ch m\u1ed9t c\u00e1ch chu \u0111\u00e1o nh\u1ea5t. K\u00ednh m\u1eddi c\u00e1c m\u1eb9 \u0111\u1eb7t mua !<\/span><\/p>\n<p>M\u1ecdi th\u00f4ng tin chi ti\u1ebft vui l\u00f2ng li\u00ean h\u1ec7 c\u1eeda h\u00e0ng <strong>Th\u1ef1c Ph\u1ea9m Ti\u1ec7n L\u1ee3i<\/strong><\/p>\n<p><strong>Hotline:<\/strong>\u00a0<strong class=\"uppercase\">0987.506.349<\/strong><\/p>\n<p><strong>\u0110\u1ecba ch\u1ec9 c\u1eeda h\u00e0ng :\u00a0<\/strong><\/p>\n<p><strong>T\u1ea1i S\u00e0i G\u00f2n:<\/strong>\u00a0184\/17 Nguy\u1ec5n Ph\u00fac Chu, P15, Q. T\u00e2n B\u00ecnh , TP HCM (vui l\u00f2ng g\u1ecdi tr\u01b0\u1edbc khi \u0111\u1ebfn)<\/p>\n<p><strong>T\u1ea1i H\u00e0 N\u1ed9i\u00a0 :\u00a0\u00a0<\/strong>PH\u00f2ng 2817,Chung c\u01b0 349,V\u0169 T\u00f4ng Phan,Thanh Xu\u00e2n, H\u00e0 N\u1ed9i (vui l\u00f2ng g\u1ecdi tr\u01b0\u1edbc khi \u0111\u1ebfn)<strong><br \/>\n<\/strong><br \/>\n<strong>Facebook:\u00a0<a href=\"https:\/\/www.facebook.com\/cuahang3mien\/\">https:\/\/www.facebook.com\/cuahang3mien<\/a><\/strong><\/p>\n","protected":false},"excerpt":{"rendered":"<p><span style=\"font-size: 100%;\"><strong>Ch\u1ea1ch<\/strong>\u00a0<strong>\u0111\u1ed3ng t\u01b0\u01a1i<\/strong> l\u00e0 lo\u1ea1i c\u00e1 d\u00e2n d\u00e3 c\u00f3 th\u1ec3 ch\u1ebf bi\u1ebfn th\u00e0nh nhi\u1ec1u m\u00f3n \u0103n ngon, b\u1ed5 d\u01b0\u1ee1ng nh\u01b0 chi\u00ean n\u01b0\u1edbng, c\u00e1c m\u00f3n kho ti\u00eau, kho ngh\u1ec7. S\u1ea3n ph\u1ea9m \u0111ang \u0111\u01b0\u1ee3c <a href=\"https:\/\/thucphamtienloi.com\/\" target=\"_blank\" rel=\"noopener noreferrer\"><strong>Th\u1ef1c Ph\u1ea9m Ti\u1ec7n L\u1ee3i<\/strong> <\/a>cung c\u1ea5p \u0111\u1ebfn qu\u00fd kh\u00e1ch h\u00e0ng. Hotline \u0111\u1eb7t mua : <strong class=\"uppercase\">0987.506.349<\/strong><\/span><\/p>\n","protected":false},"featured_media":1125,"comment_status":"closed","ping_status":"closed","template":"","meta":[],"product_brand":[],"product_cat":[68,71],"product_tag":[375,376,371,372,373,374],"class_list":{"0":"post-1123","1":"product","2":"type-product","3":"status-publish","4":"has-post-thumbnail","6":"product_cat-dac-san-mien-bac","7":"product_cat-thuc-pham-tuoi-song","8":"product_tag-mua-chach-tai-go-vap","9":"product_tag-mua-chach-tai-tan-binh","10":"product_tag-chach-dong","11":"product_tag-chach-tuoi","12":"product_tag-mua-chach-tai-sai-gon","13":"product_tag-mua-chach-tai-ha-noi","15":"first","16":"instock","17":"shipping-taxable","18":"purchasable","19":"product-type-simple"},"yoast_head":"<!-- This site is optimized with the Yoast SEO plugin v27.4 - https:\/\/yoast.com\/product\/yoast-seo-wordpress\/ -->\n<title>Ch\u1ea1ch \u0110\u1ed3ng T\u01b0\u01a1i - 300k<\/title>\n<meta name=\"description\" content=\"S\u1ea3n ph\u1ea9m Ch\u1ea1ch \u0110\u1ed3ng T\u01b0\u01a1i \u0111ang \u0111\u01b0\u1ee3c Th\u1ef1c Ph\u1ea9m Ti\u1ec7n L\u1ee3i cung c\u1ea5p \u0111\u1ebfn qu\u00fd kh\u00e1ch h\u00e0ng. Qu\u00fd kh\u00e1ch \u0111\u1eb7t h\u00e0ng vui l\u00f2ng li\u00ean h\u1ec7 Hotline 0987.506.349\" \/>\n<meta name=\"robots\" content=\"index, follow, max-snippet:-1, max-image-preview:large, max-video-preview:-1\" \/>\n<link rel=\"canonical\" href=\"https:\/\/thucphamtienloi.com\/?product=chach-dong-tuoi\" \/>\n<meta property=\"og:locale\" content=\"vi_VN\" \/>\n<meta property=\"og:type\" content=\"article\" \/>\n<meta property=\"og:title\" content=\"Ch\u1ea1ch \u0110\u1ed3ng T\u01b0\u01a1i - 300k\" \/>\n<meta property=\"og:description\" content=\"S\u1ea3n ph\u1ea9m Ch\u1ea1ch \u0110\u1ed3ng T\u01b0\u01a1i \u0111ang \u0111\u01b0\u1ee3c Th\u1ef1c Ph\u1ea9m Ti\u1ec7n L\u1ee3i cung c\u1ea5p \u0111\u1ebfn qu\u00fd kh\u00e1ch h\u00e0ng. Qu\u00fd kh\u00e1ch \u0111\u1eb7t h\u00e0ng vui l\u00f2ng li\u00ean h\u1ec7 Hotline 0987.506.349\" \/>\n<meta property=\"og:url\" content=\"https:\/\/thucphamtienloi.com\/?product=chach-dong-tuoi\" \/>\n<meta property=\"og:site_name\" content=\"\u1ea8M TH\u1ef0C BA MI\u1ec0N\" \/>\n<meta property=\"article:modified_time\" content=\"2025-10-19T16:14:50+00:00\" \/>\n<meta property=\"og:image\" content=\"https:\/\/thucphamtienloi.com\/wp-content\/uploads\/2021\/01\/chach-dong-1.jpg\" \/>\n\t<meta property=\"og:image:width\" content=\"512\" \/>\n\t<meta property=\"og:image:height\" content=\"384\" \/>\n\t<meta property=\"og:image:type\" content=\"image\/jpeg\" \/>\n<meta name=\"twitter:card\" content=\"summary_large_image\" \/>\n<meta name=\"twitter:label1\" content=\"\u01af\u1edbc t\u00ednh th\u1eddi gian \u0111\u1ecdc\" \/>\n\t<meta name=\"twitter:data1\" content=\"4 ph\u00fat\" \/>\n<script type=\"application\/ld+json\" class=\"yoast-schema-graph\">{\"@context\":\"https:\\\/\\\/schema.org\",\"@graph\":[{\"@type\":[\"WebPage\",\"ItemPage\"],\"@id\":\"https:\\\/\\\/thucphamtienloi.com\\\/?product=chach-dong-tuoi\",\"url\":\"https:\\\/\\\/thucphamtienloi.com\\\/?product=chach-dong-tuoi\",\"name\":\"Ch\u1ea1ch \u0110\u1ed3ng T\u01b0\u01a1i - 300k\",\"isPartOf\":{\"@id\":\"https:\\\/\\\/thucphamtienloi.com\\\/#website\"},\"primaryImageOfPage\":{\"@id\":\"https:\\\/\\\/thucphamtienloi.com\\\/?product=chach-dong-tuoi#primaryimage\"},\"image\":{\"@id\":\"https:\\\/\\\/thucphamtienloi.com\\\/?product=chach-dong-tuoi#primaryimage\"},\"thumbnailUrl\":\"https:\\\/\\\/thucphamtienloi.com\\\/wp-content\\\/uploads\\\/2021\\\/01\\\/chach-dong-1.jpg\",\"datePublished\":\"2021-01-07T02:56:38+00:00\",\"dateModified\":\"2025-10-19T16:14:50+00:00\",\"description\":\"S\u1ea3n ph\u1ea9m Ch\u1ea1ch \u0110\u1ed3ng T\u01b0\u01a1i \u0111ang \u0111\u01b0\u1ee3c Th\u1ef1c Ph\u1ea9m Ti\u1ec7n L\u1ee3i cung c\u1ea5p \u0111\u1ebfn qu\u00fd kh\u00e1ch h\u00e0ng. Qu\u00fd kh\u00e1ch \u0111\u1eb7t h\u00e0ng vui l\u00f2ng li\u00ean h\u1ec7 Hotline 0987.506.349\",\"breadcrumb\":{\"@id\":\"https:\\\/\\\/thucphamtienloi.com\\\/?product=chach-dong-tuoi#breadcrumb\"},\"inLanguage\":\"vi\",\"potentialAction\":[{\"@type\":\"ReadAction\",\"target\":[\"https:\\\/\\\/thucphamtienloi.com\\\/?product=chach-dong-tuoi\"]}]},{\"@type\":\"ImageObject\",\"inLanguage\":\"vi\",\"@id\":\"https:\\\/\\\/thucphamtienloi.com\\\/?product=chach-dong-tuoi#primaryimage\",\"url\":\"https:\\\/\\\/thucphamtienloi.com\\\/wp-content\\\/uploads\\\/2021\\\/01\\\/chach-dong-1.jpg\",\"contentUrl\":\"https:\\\/\\\/thucphamtienloi.com\\\/wp-content\\\/uploads\\\/2021\\\/01\\\/chach-dong-1.jpg\",\"width\":512,\"height\":384,\"caption\":\"Ch\u1ea1ch \u0110\u1ed3ng T\u01b0\u01a1i\"},{\"@type\":\"BreadcrumbList\",\"@id\":\"https:\\\/\\\/thucphamtienloi.com\\\/?product=chach-dong-tuoi#breadcrumb\",\"itemListElement\":[{\"@type\":\"ListItem\",\"position\":1,\"name\":\"Trang ch\u1ee7\",\"item\":\"https:\\\/\\\/thucphamtienloi.com\\\/\"},{\"@type\":\"ListItem\",\"position\":2,\"name\":\"C\u1eeda H\u00e0ng\",\"item\":\"https:\\\/\\\/thucphamtienloi.com\\\/?page_id=3334\"},{\"@type\":\"ListItem\",\"position\":3,\"name\":\"Th\u1ef1c Ph\u1ea9m T\u01b0\u01a1i S\u1ed1ng\",\"item\":\"https:\\\/\\\/thucphamtienloi.com\\\/danh-muc-san-pham\\\/thuc-pham-tuoi-song\\\/\"},{\"@type\":\"ListItem\",\"position\":4,\"name\":\"Ch\u1ea1ch \u0110\u1ed3ng T\u01b0\u01a1i\"}]},{\"@type\":\"WebSite\",\"@id\":\"https:\\\/\\\/thucphamtienloi.com\\\/#website\",\"url\":\"https:\\\/\\\/thucphamtienloi.com\\\/\",\"name\":\"Th\u1ef1c ph\u1ea9m ti\u1ec7n l\u1ee3i\",\"description\":\"\u1ea8m Th\u1ef1c Qu\u00ea H\u01b0\u01a1ng\",\"publisher\":{\"@id\":\"https:\\\/\\\/thucphamtienloi.com\\\/#organization\"},\"potentialAction\":[{\"@type\":\"SearchAction\",\"target\":{\"@type\":\"EntryPoint\",\"urlTemplate\":\"https:\\\/\\\/thucphamtienloi.com\\\/?s={search_term_string}\"},\"query-input\":{\"@type\":\"PropertyValueSpecification\",\"valueRequired\":true,\"valueName\":\"search_term_string\"}}],\"inLanguage\":\"vi\"},{\"@type\":\"Organization\",\"@id\":\"https:\\\/\\\/thucphamtienloi.com\\\/#organization\",\"name\":\"Th\u1ef1c ph\u1ea9m ti\u1ec7n l\u1ee3i\",\"url\":\"https:\\\/\\\/thucphamtienloi.com\\\/\",\"logo\":{\"@type\":\"ImageObject\",\"inLanguage\":\"vi\",\"@id\":\"https:\\\/\\\/thucphamtienloi.com\\\/#\\\/schema\\\/logo\\\/image\\\/\",\"url\":\"https:\\\/\\\/thucphamtienloi.com\\\/wp-content\\\/uploads\\\/2022\\\/07\\\/THU\u031b\u0323C-PHA\u0302\u0309M-TIE\u0323\u0302N-LO\u031b\u0323I.png\",\"contentUrl\":\"https:\\\/\\\/thucphamtienloi.com\\\/wp-content\\\/uploads\\\/2022\\\/07\\\/THU\u031b\u0323C-PHA\u0302\u0309M-TIE\u0323\u0302N-LO\u031b\u0323I.png\",\"width\":1920,\"height\":1080,\"caption\":\"Th\u1ef1c ph\u1ea9m ti\u1ec7n l\u1ee3i\"},\"image\":{\"@id\":\"https:\\\/\\\/thucphamtienloi.com\\\/#\\\/schema\\\/logo\\\/image\\\/\"}}]}<\/script>\n<!-- \/ Yoast SEO plugin. -->","yoast_head_json":{"title":"Ch\u1ea1ch \u0110\u1ed3ng T\u01b0\u01a1i - 300k","description":"S\u1ea3n ph\u1ea9m Ch\u1ea1ch \u0110\u1ed3ng T\u01b0\u01a1i \u0111ang \u0111\u01b0\u1ee3c Th\u1ef1c Ph\u1ea9m Ti\u1ec7n L\u1ee3i cung c\u1ea5p \u0111\u1ebfn qu\u00fd kh\u00e1ch h\u00e0ng. Qu\u00fd kh\u00e1ch \u0111\u1eb7t h\u00e0ng vui l\u00f2ng li\u00ean h\u1ec7 Hotline 0987.506.349","robots":{"index":"index","follow":"follow","max-snippet":"max-snippet:-1","max-image-preview":"max-image-preview:large","max-video-preview":"max-video-preview:-1"},"canonical":"https:\/\/thucphamtienloi.com\/?product=chach-dong-tuoi","og_locale":"vi_VN","og_type":"article","og_title":"Ch\u1ea1ch \u0110\u1ed3ng T\u01b0\u01a1i - 300k","og_description":"S\u1ea3n ph\u1ea9m Ch\u1ea1ch \u0110\u1ed3ng T\u01b0\u01a1i \u0111ang \u0111\u01b0\u1ee3c Th\u1ef1c Ph\u1ea9m Ti\u1ec7n L\u1ee3i cung c\u1ea5p \u0111\u1ebfn qu\u00fd kh\u00e1ch h\u00e0ng. Qu\u00fd kh\u00e1ch \u0111\u1eb7t h\u00e0ng vui l\u00f2ng li\u00ean h\u1ec7 Hotline 0987.506.349","og_url":"https:\/\/thucphamtienloi.com\/?product=chach-dong-tuoi","og_site_name":"\u1ea8M TH\u1ef0C BA MI\u1ec0N","article_modified_time":"2025-10-19T16:14:50+00:00","og_image":[{"width":512,"height":384,"url":"https:\/\/thucphamtienloi.com\/wp-content\/uploads\/2021\/01\/chach-dong-1.jpg","type":"image\/jpeg"}],"twitter_card":"summary_large_image","twitter_misc":{"\u01af\u1edbc t\u00ednh th\u1eddi gian \u0111\u1ecdc":"4 ph\u00fat"},"schema":{"@context":"https:\/\/schema.org","@graph":[{"@type":["WebPage","ItemPage"],"@id":"https:\/\/thucphamtienloi.com\/?product=chach-dong-tuoi","url":"https:\/\/thucphamtienloi.com\/?product=chach-dong-tuoi","name":"Ch\u1ea1ch \u0110\u1ed3ng T\u01b0\u01a1i - 300k","isPartOf":{"@id":"https:\/\/thucphamtienloi.com\/#website"},"primaryImageOfPage":{"@id":"https:\/\/thucphamtienloi.com\/?product=chach-dong-tuoi#primaryimage"},"image":{"@id":"https:\/\/thucphamtienloi.com\/?product=chach-dong-tuoi#primaryimage"},"thumbnailUrl":"https:\/\/thucphamtienloi.com\/wp-content\/uploads\/2021\/01\/chach-dong-1.jpg","datePublished":"2021-01-07T02:56:38+00:00","dateModified":"2025-10-19T16:14:50+00:00","description":"S\u1ea3n ph\u1ea9m Ch\u1ea1ch \u0110\u1ed3ng T\u01b0\u01a1i \u0111ang \u0111\u01b0\u1ee3c Th\u1ef1c Ph\u1ea9m Ti\u1ec7n L\u1ee3i cung c\u1ea5p \u0111\u1ebfn qu\u00fd kh\u00e1ch h\u00e0ng. Qu\u00fd kh\u00e1ch \u0111\u1eb7t h\u00e0ng vui l\u00f2ng li\u00ean h\u1ec7 Hotline 0987.506.349","breadcrumb":{"@id":"https:\/\/thucphamtienloi.com\/?product=chach-dong-tuoi#breadcrumb"},"inLanguage":"vi","potentialAction":[{"@type":"ReadAction","target":["https:\/\/thucphamtienloi.com\/?product=chach-dong-tuoi"]}]},{"@type":"ImageObject","inLanguage":"vi","@id":"https:\/\/thucphamtienloi.com\/?product=chach-dong-tuoi#primaryimage","url":"https:\/\/thucphamtienloi.com\/wp-content\/uploads\/2021\/01\/chach-dong-1.jpg","contentUrl":"https:\/\/thucphamtienloi.com\/wp-content\/uploads\/2021\/01\/chach-dong-1.jpg","width":512,"height":384,"caption":"Ch\u1ea1ch \u0110\u1ed3ng T\u01b0\u01a1i"},{"@type":"BreadcrumbList","@id":"https:\/\/thucphamtienloi.com\/?product=chach-dong-tuoi#breadcrumb","itemListElement":[{"@type":"ListItem","position":1,"name":"Trang ch\u1ee7","item":"https:\/\/thucphamtienloi.com\/"},{"@type":"ListItem","position":2,"name":"C\u1eeda H\u00e0ng","item":"https:\/\/thucphamtienloi.com\/?page_id=3334"},{"@type":"ListItem","position":3,"name":"Th\u1ef1c Ph\u1ea9m T\u01b0\u01a1i S\u1ed1ng","item":"https:\/\/thucphamtienloi.com\/danh-muc-san-pham\/thuc-pham-tuoi-song\/"},{"@type":"ListItem","position":4,"name":"Ch\u1ea1ch \u0110\u1ed3ng T\u01b0\u01a1i"}]},{"@type":"WebSite","@id":"https:\/\/thucphamtienloi.com\/#website","url":"https:\/\/thucphamtienloi.com\/","name":"Th\u1ef1c ph\u1ea9m ti\u1ec7n l\u1ee3i","description":"\u1ea8m Th\u1ef1c Qu\u00ea H\u01b0\u01a1ng","publisher":{"@id":"https:\/\/thucphamtienloi.com\/#organization"},"potentialAction":[{"@type":"SearchAction","target":{"@type":"EntryPoint","urlTemplate":"https:\/\/thucphamtienloi.com\/?s={search_term_string}"},"query-input":{"@type":"PropertyValueSpecification","valueRequired":true,"valueName":"search_term_string"}}],"inLanguage":"vi"},{"@type":"Organization","@id":"https:\/\/thucphamtienloi.com\/#organization","name":"Th\u1ef1c ph\u1ea9m ti\u1ec7n l\u1ee3i","url":"https:\/\/thucphamtienloi.com\/","logo":{"@type":"ImageObject","inLanguage":"vi","@id":"https:\/\/thucphamtienloi.com\/#\/schema\/logo\/image\/","url":"https:\/\/thucphamtienloi.com\/wp-content\/uploads\/2022\/07\/THU\u031b\u0323C-PHA\u0302\u0309M-TIE\u0323\u0302N-LO\u031b\u0323I.png","contentUrl":"https:\/\/thucphamtienloi.com\/wp-content\/uploads\/2022\/07\/THU\u031b\u0323C-PHA\u0302\u0309M-TIE\u0323\u0302N-LO\u031b\u0323I.png","width":1920,"height":1080,"caption":"Th\u1ef1c ph\u1ea9m ti\u1ec7n l\u1ee3i"},"image":{"@id":"https:\/\/thucphamtienloi.com\/#\/schema\/logo\/image\/"}}]}},"_links":{"self":[{"href":"https:\/\/thucphamtienloi.com\/index.php?rest_route=\/wp\/v2\/product\/1123","targetHints":{"allow":["GET"]}}],"collection":[{"href":"https:\/\/thucphamtienloi.com\/index.php?rest_route=\/wp\/v2\/product"}],"about":[{"href":"https:\/\/thucphamtienloi.com\/index.php?rest_route=\/wp\/v2\/types\/product"}],"replies":[{"embeddable":true,"href":"https:\/\/thucphamtienloi.com\/index.php?rest_route=%2Fwp%2Fv2%2Fcomments&post=1123"}],"wp:featuredmedia":[{"embeddable":true,"href":"https:\/\/thucphamtienloi.com\/index.php?rest_route=\/wp\/v2\/media\/1125"}],"wp:attachment":[{"href":"https:\/\/thucphamtienloi.com\/index.php?rest_route=%2Fwp%2Fv2%2Fmedia&parent=1123"}],"wp:term":[{"taxonomy":"product_brand","embeddable":true,"href":"https:\/\/thucphamtienloi.com\/index.php?rest_route=%2Fwp%2Fv2%2Fproduct_brand&post=1123"},{"taxonomy":"product_cat","embeddable":true,"href":"https:\/\/thucphamtienloi.com\/index.php?rest_route=%2Fwp%2Fv2%2Fproduct_cat&post=1123"},{"taxonomy":"product_tag","embeddable":true,"href":"https:\/\/thucphamtienloi.com\/index.php?rest_route=%2Fwp%2Fv2%2Fproduct_tag&post=1123"}],"curies":[{"name":"wp","href":"https:\/\/api.w.org\/{rel}","templated":true}]}}