{"id":1128,"date":"2021-01-07T03:20:07","date_gmt":"2021-01-07T03:20:07","guid":{"rendered":"https:\/\/thucphamtienloi.com\/?post_type=product&#038;p=1128"},"modified":"2026-04-15T05:33:28","modified_gmt":"2026-04-15T05:33:28","slug":"tho-lam-sach-nguyen-con","status":"publish","type":"product","link":"https:\/\/thucphamtienloi.com\/?product=tho-lam-sach-nguyen-con","title":{"rendered":"Th\u1ecf L\u00e0m S\u1ea1ch Nguy\u00ean Con"},"content":{"rendered":"<p><span style=\"font-size: 100%;\">Th\u1ecbt th\u1ecf kh\u00f4ng ch\u1ec9 ng\u1ecdt , m\u1ec1m m\u00e0 n\u00f3 c\u00f2n r\u1ea5t nhi\u1ec1u ch\u1ea5t dinh d\u01b0\u1ee1ng. C\u00e1c b\u1ea1n c\u00f3 th\u1ec3 mua \u0111\u01b0\u1ee3c th\u1ecbt <strong>th\u1ecf l\u00e0m s\u1ea1ch nguy\u00ean con<\/strong> t\u1ea1i c\u1eeda h\u00e0ng <strong><a href=\"https:\/\/thucphamtienloi.com\/\" target=\"_blank\" rel=\"noopener noreferrer\">Th\u1ef1c Ph\u1ea9m Ti\u1ec7n L\u1ee3i<\/a> <\/strong>qua Hotline : <strong class=\"uppercase\">0987.506.349<\/strong><\/span><\/p>\n<p><span style=\"font-size: 100%;\">Th\u1ecbt th\u1ecf t\u1ea1i c\u1eeda h\u00e0ng cung c\u1ea5p l\u00e0 th\u1ecf t\u01b0\u01a1i, kh\u00e1ch h\u00e0ng \u0111\u1eb7t tr\u01b0\u1edbc 1 ng\u00e0y \u0111\u1ec3 ch\u00fang t\u00f4i l\u00e0m th\u1ecbt, thui s\u1eb5n v\u00e0 l\u00e0m s\u1ea1ch sau \u0111\u00f3 m\u1edbi ship. Do v\u1eady gi\u00e1 280k\/kg l\u00e0 gi\u00e1 th\u1ecbt m\u00f3c h\u00e0m, l\u00e0 kh\u1ed1i l\u01b0\u1ee3ng th\u1ef1c m\u00e0 kh\u00e1ch nh\u1eadn \u0111\u01b0\u1ee3c. M\u1ed7i con trung b\u00ecnh sau khi l\u00e0m s\u1ea1ch m\u00f3c h\u00e0m n\u1eb7ng t\u1eeb 1.5 &#8211; 2.5kg , trung b\u00ecnh l\u00e0 2kg.<\/span><\/p>\n<h2><strong>Dinh d\u01b0\u1ee1ng c\u00f3 trong th\u1ecbt th\u1ecf \u00a0<\/strong><\/h2>\n<h2><strong><img loading=\"lazy\" decoding=\"async\" class=\"aligncenter wp-image-1132\" src=\"https:\/\/thucphamtienloi.com\/wp-content\/uploads\/2021\/01\/tho-tuoi-407x400.jpg\" alt=\"tho-nguyen-con\" width=\"800\" height=\"786\" srcset=\"https:\/\/thucphamtienloi.com\/wp-content\/uploads\/2021\/01\/tho-tuoi-407x400.jpg 407w, https:\/\/thucphamtienloi.com\/wp-content\/uploads\/2021\/01\/tho-tuoi-510x501.jpg 510w, https:\/\/thucphamtienloi.com\/wp-content\/uploads\/2021\/01\/tho-tuoi-600x590.jpg 600w, https:\/\/thucphamtienloi.com\/wp-content\/uploads\/2021\/01\/tho-tuoi.jpg 650w\" sizes=\"auto, (max-width: 800px) 100vw, 800px\" \/><\/strong><\/h2>\n<p><span style=\"font-size: 100%;\">So v\u1edbi\u00a0th\u1ecbt l\u01a1n , th\u1ecbt g\u00e0 , th\u1ecbt b\u00f2 ,\u00a0th\u00ec th\u1ecbt th\u1ecf c\u00f3 gi\u00e1 tr\u1ecb dinh d\u01b0\u1ee1ng nh\u1ec9nh h\u01a1n. V\u1ec1 dinh d\u01b0\u1ee1ng cho th\u1ea5y, th\u1ecbt th\u1ecf t\u1ed1t cho s\u1ee9c kh\u1ecfe h\u01a1n c\u1ea3 th\u1ecbt g\u00e0, th\u1ecbt b\u00f2, th\u1ecbt heo\u2026 v\u00e0 ai c\u0169ng c\u00f3 th\u1ec3 d\u00f9ng, k\u1ec3 c\u1ea3 ng\u01b0\u1eddi c\u00f3 h\u1ec7 ti\u00eau h\u00f3a ho\u1ea1t \u0111\u1ed9ng k\u00e9m.<\/span><\/p>\n<p><span style=\"font-size: 100%;\">C\u1ee5 th\u1ec3, h\u00e0m l\u01b0\u1ee3ng protein trong th\u1ecbt th\u1ecf kho\u1ea3ng 21,50%, cao g\u1ea5p \u0111\u00f4i h\u00e0m l\u01b0\u1ee3ng protein \u1edf th\u1ecbt heo, th\u1ecbt d\u00ea, h\u01a1n 18,7% \u1edf th\u1ecbt b\u00f2 v\u00e0 h\u01a1n 33% \u1edf th\u1ecbt g\u00e0. H\u00e0m l\u01b0\u1ee3ng cholesterol th\u1ea5p, c\u00f3 Ca, S, P, Na v\u00e0 c\u00e1c vitamin; c\u00f3 ovophospholipid c\u00f3 t\u00e1c d\u1ee5ng b\u1ea3o v\u1ec7 th\u00e0nh m\u1ea1ch, ch\u1ed1ng x\u01a1 h\u00f3a. Ch\u1ea5t lecithin l\u1ea1i c\u00f3 nhi\u1ec1u trong th\u1ecbt th\u1ecf.<\/span><\/p>\n<h2><strong>Ch\u1ebf bi\u1ebfn m\u00f3n \u0103n t\u1eeb th\u1ecbt th\u1ecf<\/strong><\/h2>\n<h2><strong><img loading=\"lazy\" decoding=\"async\" class=\"aligncenter wp-image-1131\" src=\"https:\/\/thucphamtienloi.com\/wp-content\/uploads\/2021\/01\/thit_tho-min-503x400.jpg\" alt=\"thit-tho-lam-sach\" width=\"800\" height=\"637\" srcset=\"https:\/\/thucphamtienloi.com\/wp-content\/uploads\/2021\/01\/thit_tho-min-503x400.jpg 503w, https:\/\/thucphamtienloi.com\/wp-content\/uploads\/2021\/01\/thit_tho-min-510x406.jpg 510w, https:\/\/thucphamtienloi.com\/wp-content\/uploads\/2021\/01\/thit_tho-min-1005x800.jpg 1005w, https:\/\/thucphamtienloi.com\/wp-content\/uploads\/2021\/01\/thit_tho-min-768x611.jpg 768w, https:\/\/thucphamtienloi.com\/wp-content\/uploads\/2021\/01\/thit_tho-min-600x478.jpg 600w, https:\/\/thucphamtienloi.com\/wp-content\/uploads\/2021\/01\/thit_tho-min.jpg 1200w\" sizes=\"auto, (max-width: 800px) 100vw, 800px\" \/><\/strong><\/h2>\n<p><span style=\"font-size: 100%;\">Th\u1ecbt th\u1ecf c\u00f3 th\u1ec3 ch\u1ebf bi\u1ebfn th\u00e0nh c\u00e1c m\u00f3n \u0103n b\u00e0i thu\u1ed1c ch\u1eefa b\u1ec7nh: L\u00e0m s\u00e1ng m\u1eaft, m\u1ecbn da, Ch\u1eefa ti\u1ec3u \u0111\u01b0\u1eddng, Ch\u1eefa cao huy\u1ebft \u00e1p. <\/span><\/p>\n<p><span style=\"font-size: 100%;\">Th\u1ecbt th\u1ecf l\u00e0m t\u0103ng ho\u1ea1t t\u00ednh c\u1ee7a t\u1ebf b\u00e0o da, t\u0103ng t\u00ednh \u0111\u00e0n h\u1ed3i c\u1ee7a da, th\u00edch h\u1ee3p v\u1edbi ph\u1ee5 n\u1eef. <\/span><\/p>\n<p><span style=\"font-size: 100%;\">Th\u1ecbt th\u1ecf l\u00e0 m\u00f3n \u0103n l\u00fd t\u01b0\u1edfng \u0111\u1ed1i v\u1edbi ng\u01b0\u1eddi b\u00e9o ph\u00ec, b\u1ec7nh gan, tim m\u1ea1ch, ti\u1ec3u \u0111\u01b0\u1eddng. <\/span><\/p>\n<p><span style=\"font-size: 100%;\">V\u1edbi ng\u01b0\u1eddi cao huy\u1ebft \u00e1p, th\u1ecbt th\u1ecf ng\u0103n ch\u1eb7n h\u00ecnh th\u00e0nh c\u00e1c c\u1ee5c m\u00e1u \u0111\u00f4ng do t\u0103ng c\u01b0\u1eddng ti\u1ec3u c\u1ea7u trong m\u00e1u. <\/span><\/p>\n<p><span style=\"font-size: 100%;\">Ngo\u00e0i t\u00e1c d\u1ee5ng tr\u1ebb h\u00f3a da ph\u1ee5 n\u1eef, th\u1ecbt th\u1ecf c\u00f2n r\u1ea5t t\u1ed1t cho ng\u01b0\u1eddi cao huy\u1ebft \u00e1p ho\u1eb7c c\u00f3 b\u1ec7nh gan, ti\u1ec3u \u0111\u01b0\u1eddng. <\/span><\/p>\n<p><span style=\"font-size: 100%;\">Th\u1ecbt th\u1ecf kh\u00f4ng \u0111\u01b0\u1ee3c n\u1ea5u l\u1eabn, \u0103n c\u00f9ng v\u1edbi c\u00e1 lo\u1ea1i th\u1ecbt ba ba, th\u1ecbt r\u00f9a trong m\u1ed9t b\u1eefa \u0103n s\u1ebd g\u00e2y \u0111\u1ea7y b\u1ee5ng, ti\u00eau ch\u1ea3y.<\/span><\/p>\n<h2><strong>L\u01b0u \u00fd khi mua th\u1ecbt th\u1ecf l\u00e0m s\u1ea1ch<\/strong><\/h2>\n<p><span style=\"font-size: 100%;\">\u0110\u1ec3 c\u00f3 m\u00f3n th\u1ecbt th\u1ecf ngon \u0111\u00fang chu\u1ea9n, tr\u01b0\u1edbc ti\u00ean b\u1ea1n ph\u1ea3i bi\u1ebft c\u00e1ch ch\u1ecdn th\u1ecbt th\u1ecf. Khi mua th\u1ecf, b\u1ea1n n\u00ean ch\u1ecdn th\u1ecbt c\u00f2n t\u01b0\u01a1i nguy\u00ean, da th\u1ecf h\u1ed3ng h\u00e0o, kh\u00f4ng b\u1ecb t\u00e1i \u0111en, x\u1edb th\u1ecbt d\u00e0y v\u00e0 ch\u1eafc. Sau khi mua v\u1ec1, b\u1ea1n n\u00ean trui th\u1ecf qua l\u1eeda, r\u1ed3i lo\u1ea1i b\u1ecf ph\u1ea7n n\u1ed9i t\u1ea1ng . Sau \u0111\u00f3, b\u1ea1n d\u00f9ng r\u01b0\u1ee3u v\u00e0 g\u1eebng gi\u00e3 n\u00e1t ch\u00e0 x\u00e1t l\u00ean ph\u1ea7n th\u1ecbt th\u1ecf r\u1ed3i r\u1eeda s\u1ea1ch v\u1edbi n\u01b0\u1edbc. Nh\u01b0 v\u1eady, khi ch\u1ebf bi\u1ebfn m\u00f3n \u0103n th\u1ecbt th\u1ecf s\u1ebd t\u01b0\u01a1i ngon v\u00e0 kh\u00f4ng c\u00f2n m\u00f9i h\u00f4i.<\/span><\/p>\n<h2><strong>\u0110\u1ecba ch\u1ec9 mua Th\u1ecf l\u00e0m s\u1ea1ch t\u1ea1i H\u00e0 N\u1ed9i v\u00e0 Tp HCM<\/strong><\/h2>\n<p><strong>Hotline\/Zalo:<\/strong>\u00a0<strong>0987.506.349<\/strong><\/p>\n<p><strong>\u0110\u1ecba ch\u1ec9 c\u1eeda h\u00e0ng :\u00a0<\/strong><\/p>\n<p><strong>T\u1ea1i S\u00e0i G\u00f2n:<\/strong>\u00a0184\/17 Nguy\u1ec5n Ph\u00fac Chu, P15, Q. T\u00e2n B\u00ecnh , TP HCM (vui l\u00f2ng g\u1ecdi tr\u01b0\u1edbc khi \u0111\u1ebfn)<br \/>\n<strong>T\u1ea1i H\u00e0 N\u1ed9i : <\/strong>Chung c\u01b0 349, V\u0169 T\u00f4ng Phan, Thanh Xu\u00e2n, H\u00e0 N\u1ed9i (vui l\u00f2ng g\u1ecdi tr\u01b0\u1edbc khi \u0111\u1ebfn)<\/p>\n<p><strong>Facebook:\u00a0<a href=\"https:\/\/www.facebook.com\/thucphamtienloiFB\">TH\u1ef0C PH\u1ea8M TI\u1ec6N L\u1ee2I<\/a><\/strong><\/p>\n","protected":false},"excerpt":{"rendered":"<p><span style=\"font-size: 100%;\">Th\u1ecbt th\u1ecf kh\u00f4ng ch\u1ec9 ng\u1ecdt , m\u1ec1m m\u00e0 n\u00f3 c\u00f2n r\u1ea5t nhi\u1ec1u ch\u1ea5t dinh d\u01b0\u1ee1ng. C\u00e1c b\u1ea1n c\u00f3 th\u1ec3 mua \u0111\u01b0\u1ee3c th\u1ecbt <strong>th\u1ecf l\u00e0m s\u1ea1ch nguy\u00ean con<\/strong> t\u1ea1i c\u1eeda h\u00e0ng <strong><a href=\"https:\/\/thucphamtienloi.com\/\" target=\"_blank\" rel=\"noopener noreferrer\">Th\u1ef1c Ph\u1ea9m Ti\u1ec7n L\u1ee3i<\/a> <\/strong>qua Hotline : <strong class=\"uppercase\">0987.506.349<\/strong><\/span><\/p>\n","protected":false},"featured_media":1130,"comment_status":"closed","ping_status":"closed","template":"","meta":[],"product_brand":[],"product_cat":[70,71],"product_tag":[380,381,382,377,378,379],"class_list":{"0":"post-1128","1":"product","2":"type-product","3":"status-publish","4":"has-post-thumbnail","6":"product_cat-dac-san-mien-nam","7":"product_cat-thuc-pham-tuoi-song","8":"product_tag-ban-thit-tho-tai-sai-gon","9":"product_tag-ban-thit-tho-tai-ha-noi","10":"product_tag-ban-thit-tho-tai-tphcm","11":"product_tag-thit-tho","12":"product_tag-tho-lam-sach","13":"product_tag-tho-nguyen-con","15":"first","16":"instock","17":"featured","18":"shipping-taxable","19":"purchasable","20":"product-type-simple"},"yoast_head":"<!-- This site is optimized with the Yoast SEO plugin v27.4 - https:\/\/yoast.com\/product\/yoast-seo-wordpress\/ -->\n<title>Th\u1ecf L\u00e0m S\u1ea1ch Nguy\u00ean Con - 250k<\/title>\n<meta name=\"description\" content=\"Th\u1ecbt th\u1ecf kh\u00f4ng ch\u1ec9 ng\u1ecdt , m\u1ec1m m\u00e0 n\u00f3 c\u00f2n r\u1ea5t nhi\u1ec1u ch\u1ea5t dinh d\u01b0\u1ee1ng. C\u00e1c b\u1ea1n c\u00f3 th\u1ec3 mua th\u1ecbt th\u1ecf l\u00e0m s\u1ea1ch nguy\u00ean con qua Hotline : 0987.506.349\" \/>\n<meta name=\"robots\" content=\"index, follow, max-snippet:-1, max-image-preview:large, max-video-preview:-1\" \/>\n<link rel=\"canonical\" href=\"https:\/\/thucphamtienloi.com\/?product=tho-lam-sach-nguyen-con\" \/>\n<meta property=\"og:locale\" content=\"vi_VN\" \/>\n<meta property=\"og:type\" content=\"article\" \/>\n<meta property=\"og:title\" content=\"Th\u1ecf L\u00e0m S\u1ea1ch Nguy\u00ean Con - 250k\" \/>\n<meta property=\"og:description\" content=\"Th\u1ecbt th\u1ecf kh\u00f4ng ch\u1ec9 ng\u1ecdt , m\u1ec1m m\u00e0 n\u00f3 c\u00f2n r\u1ea5t nhi\u1ec1u ch\u1ea5t dinh d\u01b0\u1ee1ng. C\u00e1c b\u1ea1n c\u00f3 th\u1ec3 mua th\u1ecbt th\u1ecf l\u00e0m s\u1ea1ch nguy\u00ean con qua Hotline : 0987.506.349\" \/>\n<meta property=\"og:url\" content=\"https:\/\/thucphamtienloi.com\/?product=tho-lam-sach-nguyen-con\" \/>\n<meta property=\"og:site_name\" content=\"\u1ea8M TH\u1ef0C BA MI\u1ec0N\" \/>\n<meta property=\"article:modified_time\" content=\"2026-04-15T05:33:28+00:00\" \/>\n<meta property=\"og:image\" content=\"https:\/\/thucphamtienloi.com\/wp-content\/uploads\/2021\/01\/tho-nguyen-con.png\" \/>\n\t<meta property=\"og:image:width\" content=\"600\" \/>\n\t<meta property=\"og:image:height\" content=\"600\" \/>\n\t<meta property=\"og:image:type\" content=\"image\/png\" \/>\n<meta name=\"twitter:card\" content=\"summary_large_image\" \/>\n<meta name=\"twitter:label1\" content=\"\u01af\u1edbc t\u00ednh th\u1eddi gian \u0111\u1ecdc\" \/>\n\t<meta name=\"twitter:data1\" content=\"4 ph\u00fat\" \/>\n<script type=\"application\/ld+json\" class=\"yoast-schema-graph\">{\"@context\":\"https:\\\/\\\/schema.org\",\"@graph\":[{\"@type\":[\"WebPage\",\"ItemPage\"],\"@id\":\"https:\\\/\\\/thucphamtienloi.com\\\/?product=tho-lam-sach-nguyen-con\",\"url\":\"https:\\\/\\\/thucphamtienloi.com\\\/?product=tho-lam-sach-nguyen-con\",\"name\":\"Th\u1ecf L\u00e0m S\u1ea1ch Nguy\u00ean Con - 250k\",\"isPartOf\":{\"@id\":\"https:\\\/\\\/thucphamtienloi.com\\\/#website\"},\"primaryImageOfPage\":{\"@id\":\"https:\\\/\\\/thucphamtienloi.com\\\/?product=tho-lam-sach-nguyen-con#primaryimage\"},\"image\":{\"@id\":\"https:\\\/\\\/thucphamtienloi.com\\\/?product=tho-lam-sach-nguyen-con#primaryimage\"},\"thumbnailUrl\":\"https:\\\/\\\/thucphamtienloi.com\\\/wp-content\\\/uploads\\\/2021\\\/01\\\/tho-nguyen-con.png\",\"datePublished\":\"2021-01-07T03:20:07+00:00\",\"dateModified\":\"2026-04-15T05:33:28+00:00\",\"description\":\"Th\u1ecbt th\u1ecf kh\u00f4ng ch\u1ec9 ng\u1ecdt , m\u1ec1m m\u00e0 n\u00f3 c\u00f2n r\u1ea5t nhi\u1ec1u ch\u1ea5t dinh d\u01b0\u1ee1ng. C\u00e1c b\u1ea1n c\u00f3 th\u1ec3 mua th\u1ecbt th\u1ecf l\u00e0m s\u1ea1ch nguy\u00ean con qua Hotline : 0987.506.349\",\"breadcrumb\":{\"@id\":\"https:\\\/\\\/thucphamtienloi.com\\\/?product=tho-lam-sach-nguyen-con#breadcrumb\"},\"inLanguage\":\"vi\",\"potentialAction\":[{\"@type\":\"ReadAction\",\"target\":[\"https:\\\/\\\/thucphamtienloi.com\\\/?product=tho-lam-sach-nguyen-con\"]}]},{\"@type\":\"ImageObject\",\"inLanguage\":\"vi\",\"@id\":\"https:\\\/\\\/thucphamtienloi.com\\\/?product=tho-lam-sach-nguyen-con#primaryimage\",\"url\":\"https:\\\/\\\/thucphamtienloi.com\\\/wp-content\\\/uploads\\\/2021\\\/01\\\/tho-nguyen-con.png\",\"contentUrl\":\"https:\\\/\\\/thucphamtienloi.com\\\/wp-content\\\/uploads\\\/2021\\\/01\\\/tho-nguyen-con.png\",\"width\":600,\"height\":600,\"caption\":\"Th\u1ecf L\u00e0m S\u1ea1ch Nguy\u00ean Con\"},{\"@type\":\"BreadcrumbList\",\"@id\":\"https:\\\/\\\/thucphamtienloi.com\\\/?product=tho-lam-sach-nguyen-con#breadcrumb\",\"itemListElement\":[{\"@type\":\"ListItem\",\"position\":1,\"name\":\"Trang ch\u1ee7\",\"item\":\"https:\\\/\\\/thucphamtienloi.com\\\/\"},{\"@type\":\"ListItem\",\"position\":2,\"name\":\"C\u1eeda H\u00e0ng\",\"item\":\"https:\\\/\\\/thucphamtienloi.com\\\/?page_id=3334\"},{\"@type\":\"ListItem\",\"position\":3,\"name\":\"Th\u1ef1c Ph\u1ea9m T\u01b0\u01a1i S\u1ed1ng\",\"item\":\"https:\\\/\\\/thucphamtienloi.com\\\/danh-muc-san-pham\\\/thuc-pham-tuoi-song\\\/\"},{\"@type\":\"ListItem\",\"position\":4,\"name\":\"Th\u1ecf L\u00e0m S\u1ea1ch Nguy\u00ean Con\"}]},{\"@type\":\"WebSite\",\"@id\":\"https:\\\/\\\/thucphamtienloi.com\\\/#website\",\"url\":\"https:\\\/\\\/thucphamtienloi.com\\\/\",\"name\":\"Th\u1ef1c ph\u1ea9m ti\u1ec7n l\u1ee3i\",\"description\":\"\u1ea8m Th\u1ef1c Qu\u00ea H\u01b0\u01a1ng\",\"publisher\":{\"@id\":\"https:\\\/\\\/thucphamtienloi.com\\\/#organization\"},\"potentialAction\":[{\"@type\":\"SearchAction\",\"target\":{\"@type\":\"EntryPoint\",\"urlTemplate\":\"https:\\\/\\\/thucphamtienloi.com\\\/?s={search_term_string}\"},\"query-input\":{\"@type\":\"PropertyValueSpecification\",\"valueRequired\":true,\"valueName\":\"search_term_string\"}}],\"inLanguage\":\"vi\"},{\"@type\":\"Organization\",\"@id\":\"https:\\\/\\\/thucphamtienloi.com\\\/#organization\",\"name\":\"Th\u1ef1c ph\u1ea9m ti\u1ec7n l\u1ee3i\",\"url\":\"https:\\\/\\\/thucphamtienloi.com\\\/\",\"logo\":{\"@type\":\"ImageObject\",\"inLanguage\":\"vi\",\"@id\":\"https:\\\/\\\/thucphamtienloi.com\\\/#\\\/schema\\\/logo\\\/image\\\/\",\"url\":\"https:\\\/\\\/thucphamtienloi.com\\\/wp-content\\\/uploads\\\/2022\\\/07\\\/THU\u031b\u0323C-PHA\u0302\u0309M-TIE\u0323\u0302N-LO\u031b\u0323I.png\",\"contentUrl\":\"https:\\\/\\\/thucphamtienloi.com\\\/wp-content\\\/uploads\\\/2022\\\/07\\\/THU\u031b\u0323C-PHA\u0302\u0309M-TIE\u0323\u0302N-LO\u031b\u0323I.png\",\"width\":1920,\"height\":1080,\"caption\":\"Th\u1ef1c ph\u1ea9m ti\u1ec7n l\u1ee3i\"},\"image\":{\"@id\":\"https:\\\/\\\/thucphamtienloi.com\\\/#\\\/schema\\\/logo\\\/image\\\/\"}}]}<\/script>\n<!-- \/ Yoast SEO plugin. -->","yoast_head_json":{"title":"Th\u1ecf L\u00e0m S\u1ea1ch Nguy\u00ean Con - 250k","description":"Th\u1ecbt th\u1ecf kh\u00f4ng ch\u1ec9 ng\u1ecdt , m\u1ec1m m\u00e0 n\u00f3 c\u00f2n r\u1ea5t nhi\u1ec1u ch\u1ea5t dinh d\u01b0\u1ee1ng. C\u00e1c b\u1ea1n c\u00f3 th\u1ec3 mua th\u1ecbt th\u1ecf l\u00e0m s\u1ea1ch nguy\u00ean con qua Hotline : 0987.506.349","robots":{"index":"index","follow":"follow","max-snippet":"max-snippet:-1","max-image-preview":"max-image-preview:large","max-video-preview":"max-video-preview:-1"},"canonical":"https:\/\/thucphamtienloi.com\/?product=tho-lam-sach-nguyen-con","og_locale":"vi_VN","og_type":"article","og_title":"Th\u1ecf L\u00e0m S\u1ea1ch Nguy\u00ean Con - 250k","og_description":"Th\u1ecbt th\u1ecf kh\u00f4ng ch\u1ec9 ng\u1ecdt , m\u1ec1m m\u00e0 n\u00f3 c\u00f2n r\u1ea5t nhi\u1ec1u ch\u1ea5t dinh d\u01b0\u1ee1ng. C\u00e1c b\u1ea1n c\u00f3 th\u1ec3 mua th\u1ecbt th\u1ecf l\u00e0m s\u1ea1ch nguy\u00ean con qua Hotline : 0987.506.349","og_url":"https:\/\/thucphamtienloi.com\/?product=tho-lam-sach-nguyen-con","og_site_name":"\u1ea8M TH\u1ef0C BA MI\u1ec0N","article_modified_time":"2026-04-15T05:33:28+00:00","og_image":[{"width":600,"height":600,"url":"https:\/\/thucphamtienloi.com\/wp-content\/uploads\/2021\/01\/tho-nguyen-con.png","type":"image\/png"}],"twitter_card":"summary_large_image","twitter_misc":{"\u01af\u1edbc t\u00ednh th\u1eddi gian \u0111\u1ecdc":"4 ph\u00fat"},"schema":{"@context":"https:\/\/schema.org","@graph":[{"@type":["WebPage","ItemPage"],"@id":"https:\/\/thucphamtienloi.com\/?product=tho-lam-sach-nguyen-con","url":"https:\/\/thucphamtienloi.com\/?product=tho-lam-sach-nguyen-con","name":"Th\u1ecf L\u00e0m S\u1ea1ch Nguy\u00ean Con - 250k","isPartOf":{"@id":"https:\/\/thucphamtienloi.com\/#website"},"primaryImageOfPage":{"@id":"https:\/\/thucphamtienloi.com\/?product=tho-lam-sach-nguyen-con#primaryimage"},"image":{"@id":"https:\/\/thucphamtienloi.com\/?product=tho-lam-sach-nguyen-con#primaryimage"},"thumbnailUrl":"https:\/\/thucphamtienloi.com\/wp-content\/uploads\/2021\/01\/tho-nguyen-con.png","datePublished":"2021-01-07T03:20:07+00:00","dateModified":"2026-04-15T05:33:28+00:00","description":"Th\u1ecbt th\u1ecf kh\u00f4ng ch\u1ec9 ng\u1ecdt , m\u1ec1m m\u00e0 n\u00f3 c\u00f2n r\u1ea5t nhi\u1ec1u ch\u1ea5t dinh d\u01b0\u1ee1ng. C\u00e1c b\u1ea1n c\u00f3 th\u1ec3 mua th\u1ecbt th\u1ecf l\u00e0m s\u1ea1ch nguy\u00ean con qua Hotline : 0987.506.349","breadcrumb":{"@id":"https:\/\/thucphamtienloi.com\/?product=tho-lam-sach-nguyen-con#breadcrumb"},"inLanguage":"vi","potentialAction":[{"@type":"ReadAction","target":["https:\/\/thucphamtienloi.com\/?product=tho-lam-sach-nguyen-con"]}]},{"@type":"ImageObject","inLanguage":"vi","@id":"https:\/\/thucphamtienloi.com\/?product=tho-lam-sach-nguyen-con#primaryimage","url":"https:\/\/thucphamtienloi.com\/wp-content\/uploads\/2021\/01\/tho-nguyen-con.png","contentUrl":"https:\/\/thucphamtienloi.com\/wp-content\/uploads\/2021\/01\/tho-nguyen-con.png","width":600,"height":600,"caption":"Th\u1ecf L\u00e0m S\u1ea1ch Nguy\u00ean Con"},{"@type":"BreadcrumbList","@id":"https:\/\/thucphamtienloi.com\/?product=tho-lam-sach-nguyen-con#breadcrumb","itemListElement":[{"@type":"ListItem","position":1,"name":"Trang ch\u1ee7","item":"https:\/\/thucphamtienloi.com\/"},{"@type":"ListItem","position":2,"name":"C\u1eeda H\u00e0ng","item":"https:\/\/thucphamtienloi.com\/?page_id=3334"},{"@type":"ListItem","position":3,"name":"Th\u1ef1c Ph\u1ea9m T\u01b0\u01a1i S\u1ed1ng","item":"https:\/\/thucphamtienloi.com\/danh-muc-san-pham\/thuc-pham-tuoi-song\/"},{"@type":"ListItem","position":4,"name":"Th\u1ecf L\u00e0m S\u1ea1ch Nguy\u00ean Con"}]},{"@type":"WebSite","@id":"https:\/\/thucphamtienloi.com\/#website","url":"https:\/\/thucphamtienloi.com\/","name":"Th\u1ef1c ph\u1ea9m ti\u1ec7n l\u1ee3i","description":"\u1ea8m Th\u1ef1c Qu\u00ea H\u01b0\u01a1ng","publisher":{"@id":"https:\/\/thucphamtienloi.com\/#organization"},"potentialAction":[{"@type":"SearchAction","target":{"@type":"EntryPoint","urlTemplate":"https:\/\/thucphamtienloi.com\/?s={search_term_string}"},"query-input":{"@type":"PropertyValueSpecification","valueRequired":true,"valueName":"search_term_string"}}],"inLanguage":"vi"},{"@type":"Organization","@id":"https:\/\/thucphamtienloi.com\/#organization","name":"Th\u1ef1c ph\u1ea9m ti\u1ec7n l\u1ee3i","url":"https:\/\/thucphamtienloi.com\/","logo":{"@type":"ImageObject","inLanguage":"vi","@id":"https:\/\/thucphamtienloi.com\/#\/schema\/logo\/image\/","url":"https:\/\/thucphamtienloi.com\/wp-content\/uploads\/2022\/07\/THU\u031b\u0323C-PHA\u0302\u0309M-TIE\u0323\u0302N-LO\u031b\u0323I.png","contentUrl":"https:\/\/thucphamtienloi.com\/wp-content\/uploads\/2022\/07\/THU\u031b\u0323C-PHA\u0302\u0309M-TIE\u0323\u0302N-LO\u031b\u0323I.png","width":1920,"height":1080,"caption":"Th\u1ef1c ph\u1ea9m ti\u1ec7n l\u1ee3i"},"image":{"@id":"https:\/\/thucphamtienloi.com\/#\/schema\/logo\/image\/"}}]}},"_links":{"self":[{"href":"https:\/\/thucphamtienloi.com\/index.php?rest_route=\/wp\/v2\/product\/1128","targetHints":{"allow":["GET"]}}],"collection":[{"href":"https:\/\/thucphamtienloi.com\/index.php?rest_route=\/wp\/v2\/product"}],"about":[{"href":"https:\/\/thucphamtienloi.com\/index.php?rest_route=\/wp\/v2\/types\/product"}],"replies":[{"embeddable":true,"href":"https:\/\/thucphamtienloi.com\/index.php?rest_route=%2Fwp%2Fv2%2Fcomments&post=1128"}],"wp:featuredmedia":[{"embeddable":true,"href":"https:\/\/thucphamtienloi.com\/index.php?rest_route=\/wp\/v2\/media\/1130"}],"wp:attachment":[{"href":"https:\/\/thucphamtienloi.com\/index.php?rest_route=%2Fwp%2Fv2%2Fmedia&parent=1128"}],"wp:term":[{"taxonomy":"product_brand","embeddable":true,"href":"https:\/\/thucphamtienloi.com\/index.php?rest_route=%2Fwp%2Fv2%2Fproduct_brand&post=1128"},{"taxonomy":"product_cat","embeddable":true,"href":"https:\/\/thucphamtienloi.com\/index.php?rest_route=%2Fwp%2Fv2%2Fproduct_cat&post=1128"},{"taxonomy":"product_tag","embeddable":true,"href":"https:\/\/thucphamtienloi.com\/index.php?rest_route=%2Fwp%2Fv2%2Fproduct_tag&post=1128"}],"curies":[{"name":"wp","href":"https:\/\/api.w.org\/{rel}","templated":true}]}}