{"id":1156,"date":"2021-02-06T02:49:47","date_gmt":"2021-02-06T02:49:47","guid":{"rendered":"https:\/\/thucphamtienloi.com\/?post_type=product&#038;p=1156"},"modified":"2025-10-19T16:14:47","modified_gmt":"2025-10-19T16:14:47","slug":"thit-nai-tuoi-sach","status":"publish","type":"product","link":"https:\/\/thucphamtienloi.com\/?product=thit-nai-tuoi-sach","title":{"rendered":"Th\u1ecbt Nai T\u01b0\u01a1i S\u1ea1ch"},"content":{"rendered":"<p><strong>Th\u1ecbt Nai T\u01b0\u01a1i<\/strong> \u0111ang \u0111\u01b0\u1ee3c <a href=\"https:\/\/thucphamtienloi.com\/\" target=\"_blank\" rel=\"noopener noreferrer\"><strong>Th\u1ef1c Ph\u1ea9m Ti\u1ec7n L\u1ee3i<\/strong> <\/a>cung c\u1ea5p v\u1edbi <strong>gi\u00e1 s\u1ec9 150k\/kg<\/strong>. Qu\u00fd kh\u00e1ch c\u1ea7n \u0111\u1eb7t tr\u01b0\u1edbc t\u1eeb 1-2 ng\u00e0y \u0111\u1ec3 c\u00f3 th\u1ec3 nh\u1eadn h\u00e0ng, M\u1ecdi chi ti\u1ebft vui l\u00f2ng li\u00ean h\u1ec7 Hotline: <strong class=\"uppercase\">0987.506.349 <\/strong>\u0111\u1ec3 nh\u1eadn \u0111\u01b0\u1ee3c t\u01b0 v\u1ea5n mi\u1ec5n ph\u00ed v\u00e0 \u0111\u1eb7t h\u00e0ng.<\/p>\n<h2><strong><span id=\"Thit_nai_rung_la_gi_gia_tri_dinh_duong_cua_thit_nai\">Gi\u1edbi thi\u1ec7u nai<\/span><\/strong><\/h2>\n<p>Nai hi\u1ec7n \u0111\u01b0\u1ee3c b\u00e1n ph\u1ed5 bi\u1ebfn h\u01a1n b\u1edfi con ng\u01b0\u1eddi c\u00f3 th\u1ec3 nu\u00f4i lo\u1ea1i \u0111\u1ed9ng v\u1eadt n\u00e0y ch\u1ee9 kh\u00f4ng c\u00f2n ph\u1ee5 thu\u1ed9c v\u00e0i nai r\u1eebng t\u1ef1 nhi\u00ean. \u0110\u00e2y c\u0169ng l\u00e0 lo\u1ea1i th\u1ecbt \u0111\u01b0\u1ee3c nhi\u1ec1u h\u1ed9 gia \u0111\u00ecnh c\u00f3 \u0111i\u1ec1u ki\u1ec7n kinh t\u1ebf l\u1ef1a ch\u1ecdn nhi\u1ec1u b\u1edfi n\u00f3 ch\u1ee9 h\u00e0m l\u01b0\u01a1ng dinh d\u01b0\u1ee1ng cao h\u01a1n b\u1ea5t c\u1ee9 lo\u1ea1i th\u1ecbt n\u00e0o kh\u00e1c.<\/p>\n<p><strong><img loading=\"lazy\" decoding=\"async\" class=\"aligncenter wp-image-1159\" src=\"https:\/\/thucphamtienloi.com\/wp-content\/uploads\/2021\/02\/thit-nai-2.jpg\" alt=\"gioi-thieu-nai\" width=\"800\" height=\"598\" \/><\/strong><\/p>\n<p>B\u00ean c\u1ea1nh \u0111\u00f3, m\u00f9i v\u1ecb c\u1ee7a nai c\u0169ng r\u1ea5t \u0111\u1eb7c bi\u1ec7t, m\u1ec1m d\u1ec5 \u0103n v\u00e0 d\u1ec5 ch\u1ebf bi\u1ebfn n\u00ean ch\u00fang ta c\u00f3 th\u1ec3 bi\u1ebfn t\u1ea5u \u0111\u01b0\u1ee3c nhi\u1ec1u m\u00f3n \u0103n gi\u00fap cho c\u00e1c th\u00e0nh vi\u00ean trong gia \u0111\u00ecnh \u0103n ngon mi\u1ec7ng h\u01a1n. V\u00e0 theo c\u00e1c chuy\u00ean gia dinh d\u01b0\u01a1ng, trong 100gr th\u1ecbt nai ch\u1ee9a 96kcal, 20gr Protein v\u00e0 ch\u1ec9 c\u00f3 2gr ch\u1ea5t b\u00e9o n\u00ean c\u00f3 th\u1ec3 d\u00f9ng th\u01b0\u1eddng xuy\u00ean m\u00e0 kh\u00f4ng lo c\u00e1c v\u1ea5n \u0111\u1ec1 v\u1ec1 c\u00e2n n\u1eb7ng.<\/p>\n<h2><strong>Gi\u00e1 tr\u1ecb dinh d\u01b0\u1ee1ng c\u1ee7a th\u1ecbt nai\u00a0<\/strong><\/h2>\n<p>Qua qu\u00e1 tr\u00ecnh ki\u1ec3m tra v\u00e0 nghi\u00ean c\u1ee9u, ch\u00fang ta d\u1ec5 d\u00e0ng th\u1ea5y \u0111\u01b0\u1ee3c nh\u1eefng c\u00f4ng d\u1ee5ng tuy\u1ec7t v\u1eddi sau c\u1ee7a th\u1ee9 th\u1ecbt nai g\u1ed3m:<\/p>\n<ul>\n<li>B\u1ed5 sung dinh d\u01b0\u1ee1ng cho ng\u01b0\u1eddi suy nh\u01b0\u1ee3c bao g\u1ed3m ng\u01b0\u1eddi \u0111ang b\u1ecb \u1ed1m, ng\u01b0\u1eddi m\u1edbi \u1ed1m d\u1eady, ng\u01b0\u1eddi gi\u00e0, tr\u1ebb nh\u1ecf, ph\u1ee5 n\u1eef mang b\u1ea7u v\u00e0 sau khi sinh n\u1edf.<\/li>\n<li>\u0110\u1ed1i v\u1edbi nam gi\u1edbi th\u00ec th\u1ecbt nai r\u1eebng c\u00f2n \u0111\u01b0\u1ee3c v\u00ed nh\u01b0 m\u1ed9t lo\u1ea1i th\u1ea7n d\u01b0\u1ee3c ph\u00f2ng the khi n\u00f3 c\u00f3 th\u1ec3 c\u1ea3i thi\u1ec7n ch\u1ee9c n\u0103ng th\u1eadn v\u00e0 n\u00e2ng cao s\u1ee9c kh\u1ecfe tinh binh.<\/li>\n<li>T\u0103ng c\u01b0\u1eddng sinh l\u00fd cho c\u00e1nh m\u00e0y r\u00e2u, gi\u00fap c\u1ea3i thi\u1ec7n kh\u1ea3 n\u0103ng c\u01b0\u01a1ng c\u1ee9ng c\u1ee7a d\u01b0\u01a1ng v\u1eadt v\u00e0 c\u1ea3i thi\u1ec7n th\u1eddi gian quan h\u1ec7 v\u1ee3 ch\u1ed3ng\u2026<\/li>\n<\/ul>\n<p><strong><img loading=\"lazy\" decoding=\"async\" class=\"aligncenter wp-image-1160\" src=\"https:\/\/thucphamtienloi.com\/wp-content\/uploads\/2021\/02\/thit-nai.jpg\" alt=\"gia-tri-dinh-duong-thit-nai\" width=\"800\" height=\"522\" srcset=\"https:\/\/thucphamtienloi.com\/wp-content\/uploads\/2021\/02\/thit-nai.jpg 512w, https:\/\/thucphamtienloi.com\/wp-content\/uploads\/2021\/02\/thit-nai-510x333.jpg 510w\" sizes=\"auto, (max-width: 800px) 100vw, 800px\" \/><\/strong><\/p>\n<p>V\u1edbi nh\u1eefng l\u1ee3i \u00edch tuy\u1ec7t v\u1eddi tr\u00ean t\u1ea1i sao ch\u00fang ta kh\u00f4ng l\u1ef1a ch\u1ecdn c\u00e1c m\u00f3n \u0103n l\u00e0m b\u1eb1ng th\u1ecbt nai. Tuy nhi\u00ean, c\u0169ng nh\u01b0 c\u00e1c gi\u1ed1ng th\u1ecbt c\u00f3 gi\u00e1 tr\u1ecb dinh d\u01b0\u1ee1ng kh\u00e1c th\u00ec nai r\u1eebng \u0111\u01b0\u1ee3c bi\u1ebft \u0111\u1ebfn l\u00e0 lo\u1ea1i th\u1ecbt c\u00f3 gi\u00e1 kh\u00e1 cao v\u00e0 kh\u00f4ng qu\u00e1 ph\u1ed5 bi\u1ebfn tr\u00ean th\u1ecb tr\u01b0\u1eddng.<\/p>\n<h2><strong><span id=\"Gia_thit_nai_rung_bao_nhieu_tien_1kg\">Gi\u00e1 th\u1ecbt nai nhi\u00eau ti\u1ec1n 1kg<\/span><\/strong><\/h2>\n<p>Nai \u0111\u01b0\u1ee3c chia th\u00e0nh th\u1ecbt nai r\u1eebng t\u1ef1 nhi\u00ean v\u1edbi m\u00f9i v\u1ecb th\u01a1m ngon \u0111\u1eb7t bi\u1ec7t v\u00e0 th\u1ecbt nai nu\u00f4i kinh t\u1ebf. Hi\u1ec7n nay, c\u00f3 kho\u1ea3ng 90% s\u1ed1 l\u01b0\u1ee3ng nai \u0111\u01b0\u1ee3c b\u00e1n tr\u00ean th\u1ecb tr\u01b0\u1eddng \u0111\u1ec1u l\u00e0 nai nu\u00f4i theo m\u00f4i tr\u01b0\u1eddng t\u1ef1 nhi\u00ean ch\u1ee9 c\u00f3 r\u1ea5t \u00edt nai r\u1eebng. V\u00e0 theo kh\u1ea3o s\u00e1t th\u00ec gi\u00e1 b\u00e1n lo\u1ea1i th\u1ecbt n\u00e0y c\u0169ng kh\u00f4ng qu\u00e1 \u0111\u1eaft.<\/p>\n<p><strong><img loading=\"lazy\" decoding=\"async\" class=\"aligncenter wp-image-1158\" src=\"https:\/\/thucphamtienloi.com\/wp-content\/uploads\/2021\/02\/thit-nai-1-570x400.jpg\" alt=\"thit-nai\" width=\"800\" height=\"561\" srcset=\"https:\/\/thucphamtienloi.com\/wp-content\/uploads\/2021\/02\/thit-nai-1-570x400.jpg 570w, https:\/\/thucphamtienloi.com\/wp-content\/uploads\/2021\/02\/thit-nai-1-510x358.jpg 510w, https:\/\/thucphamtienloi.com\/wp-content\/uploads\/2021\/02\/thit-nai-1.jpg 600w\" sizes=\"auto, (max-width: 800px) 100vw, 800px\" \/><\/strong><\/p>\n<p>C\u1ee5 th\u1ec3, th\u1ecbt nai \u0111\u01b0\u1ee3c khai th\u00e1c v\u00e0 b\u00e1n c\u00f3 m\u1ee9c gi\u00e1 kh\u00e1 gi\u1ed1ng v\u1edbi th\u1ecbt b\u00f2. C\u1ee5 th\u1ec3 l\u00e0 c\u00e1c ph\u1ea7n th\u1ecbt m\u00f4ng, th\u1ecbt n\u1ea1c th\u0103n s\u1ebd c\u00f3 gi\u00e1 tr\u1ecb cao h\u01a1n l\u00e0 c\u00e1c ph\u1ea7n th\u1ecbt c\u00f3 ch\u1ee9a m\u1ee1 v\u00e0 c\u00f3 c\u1ea3 da. B\u1ea1n c\u00f3 th\u1ec3 ch\u1ecdn mua c\u00e1c v\u1ecb tr\u00ed kh\u00e1c nhau tr\u00ean c\u01a1 th\u1ec3 nai sao cho ph\u00f9 h\u1ee3p v\u1edbi kh\u1ea3 n\u0103ng t\u00e0i ch\u00ednh.\u00a0<\/p>\n<p>Gi\u00e1 th\u1ecbt nai t\u1ea1i Th\u1ef1c Ph\u1ea9m Ti\u1ec7n L\u1ee3i \u0111ang r\u1ea5t ph\u1ea3i ch\u0103ng ch\u1ec9 360k\/kg r\u1ea5t ph\u00f9 h\u1ee3p v\u1edbi t\u00fai ti\u1ec1n c\u1ee7a \u0111a s\u1ed1 kh\u00e1ch h\u00e0ng. \u0110\u1ec3 \u0111\u1eb7t h\u00e0ng qu\u00fd kh\u00e1ch vui l\u00f2ng li\u00ean h\u1ec7 :\u00a0<\/p>\n<p><strong>Hotline:<\/strong>\u00a0<strong class=\"uppercase\">0987.506.349<\/strong><\/p>\n<p><strong>\u0110\u1ecba ch\u1ec9 c\u1eeda h\u00e0ng :\u00a0<\/strong><\/p>\n<p><strong>T\u1ea1i S\u00e0i G\u00f2n:<\/strong>\u00a0184\/17 Nguy\u1ec5n Ph\u00fac Chu, P15, Q. T\u00e2n B\u00ecnh , TP HCM (vui l\u00f2ng g\u1ecdi tr\u01b0\u1edbc khi \u0111\u1ebfn)<\/p>\n<p><strong>T\u1ea1i H\u00e0 N\u1ed9i\u00a0 :\u00a0\u00a0<\/strong>PH\u00f2ng 2817,Chung c\u01b0 349,V\u0169 T\u00f4ng Phan,Thanh Xu\u00e2n, H\u00e0 N\u1ed9i (vui l\u00f2ng g\u1ecdi tr\u01b0\u1edbc khi \u0111\u1ebfn)<strong><br \/>\n<\/strong><br \/>\n<strong>Facebook:\u00a0<a href=\"https:\/\/www.facebook.com\/cuahang3mien\/\">https:\/\/www.facebook.com\/cuahang3mien<\/a><\/strong><\/p>\n","protected":false},"excerpt":{"rendered":"<p><strong>\u00a0\u00a0Th\u1ecbt Nai T\u01b0\u01a1i<\/strong> \u0111ang \u0111\u01b0\u1ee3c <a href=\"https:\/\/thucphamtienloi.com\/\" target=\"_blank\" rel=\"noopener noreferrer\"><strong>Th\u1ef1c Ph\u1ea9m Ti\u1ec7n L\u1ee3i<\/strong> <\/a>cung c\u1ea5p v\u1edbi <strong>gi\u00e1 s\u1ec9 150k\/kg<\/strong>. Qu\u00fd kh\u00e1ch c\u1ea7n \u0111\u1eb7t tr\u01b0\u1edbc t\u1eeb 1-2 ng\u00e0y \u0111\u1ec3 c\u00f3 th\u1ec3 nh\u1eadn h\u00e0ng, M\u1ecdi chi ti\u1ebft vui l\u00f2ng li\u00ean h\u1ec7 Hotline : <strong class=\"uppercase\">0987.506.349 <\/strong>\u0111\u1ec3 nh\u1eadn \u0111\u01b0\u1ee3c t\u01b0 v\u1ea5n mi\u1ec5n ph\u00ed v\u00e0 \u0111\u1eb7t h\u00e0ng.<\/p>\n","protected":false},"featured_media":1159,"comment_status":"closed","ping_status":"closed","template":"","meta":[],"product_brand":[],"product_cat":[71],"product_tag":[400,401,402,403,404],"class_list":{"0":"post-1156","1":"product","2":"type-product","3":"status-publish","4":"has-post-thumbnail","6":"product_cat-thuc-pham-tuoi-song","7":"product_tag-thit-nai-rung","8":"product_tag-thit-nai-tuoi","9":"product_tag-thit-nai-tai-sai-gon","10":"product_tag-thit-nai-tai-ha-noi","11":"product_tag-thit-nai-nguyen-con","13":"first","14":"instock","15":"shipping-taxable","16":"purchasable","17":"product-type-simple"},"yoast_head":"<!-- This site is optimized with the Yoast SEO plugin v27.4 - https:\/\/yoast.com\/product\/yoast-seo-wordpress\/ -->\n<title>Th\u1ecbt Nai T\u01b0\u01a1i S\u1ea1ch - \u1ea8M TH\u1ef0C BA MI\u1ec0N<\/title>\n<meta name=\"description\" content=\"Th\u1ecbt Nai T\u01b0\u01a1i \u0111ang \u0111\u01b0\u1ee3c Th\u1ef1c Ph\u1ea9m Ti\u1ec7n L\u1ee3i cung c\u1ea5p v\u1edbi gi\u00e1 s\u1ec9 150k\/kg. Qu\u00fd kh\u00e1ch c\u1ea7n \u0111\u1eb7t tr\u01b0\u1edbc t\u1eeb 1 -2 ng\u00e0y \u0111\u1ec3 c\u00f3 th\u1ec3 nh\u1eadn h\u00e0ng\" \/>\n<meta name=\"robots\" content=\"index, follow, max-snippet:-1, max-image-preview:large, max-video-preview:-1\" \/>\n<link rel=\"canonical\" href=\"https:\/\/thucphamtienloi.com\/?product=thit-nai-tuoi-sach\" \/>\n<meta property=\"og:locale\" content=\"vi_VN\" \/>\n<meta property=\"og:type\" content=\"article\" \/>\n<meta property=\"og:title\" content=\"Th\u1ecbt Nai T\u01b0\u01a1i S\u1ea1ch - \u1ea8M TH\u1ef0C BA MI\u1ec0N\" \/>\n<meta property=\"og:description\" content=\"Th\u1ecbt Nai T\u01b0\u01a1i \u0111ang \u0111\u01b0\u1ee3c Th\u1ef1c Ph\u1ea9m Ti\u1ec7n L\u1ee3i cung c\u1ea5p v\u1edbi gi\u00e1 s\u1ec9 150k\/kg. Qu\u00fd kh\u00e1ch c\u1ea7n \u0111\u1eb7t tr\u01b0\u1edbc t\u1eeb 1 -2 ng\u00e0y \u0111\u1ec3 c\u00f3 th\u1ec3 nh\u1eadn h\u00e0ng\" \/>\n<meta property=\"og:url\" content=\"https:\/\/thucphamtienloi.com\/?product=thit-nai-tuoi-sach\" \/>\n<meta property=\"og:site_name\" content=\"\u1ea8M TH\u1ef0C BA MI\u1ec0N\" \/>\n<meta property=\"article:modified_time\" content=\"2025-10-19T16:14:47+00:00\" \/>\n<meta property=\"og:image\" content=\"https:\/\/thucphamtienloi.com\/wp-content\/uploads\/2021\/02\/thit-nai-2.jpg\" \/>\n\t<meta property=\"og:image:width\" content=\"480\" \/>\n\t<meta property=\"og:image:height\" content=\"359\" \/>\n\t<meta property=\"og:image:type\" content=\"image\/jpeg\" \/>\n<meta name=\"twitter:card\" content=\"summary_large_image\" \/>\n<meta name=\"twitter:label1\" content=\"\u01af\u1edbc t\u00ednh th\u1eddi gian \u0111\u1ecdc\" \/>\n\t<meta name=\"twitter:data1\" content=\"4 ph\u00fat\" \/>\n<script type=\"application\/ld+json\" class=\"yoast-schema-graph\">{\"@context\":\"https:\\\/\\\/schema.org\",\"@graph\":[{\"@type\":[\"WebPage\",\"ItemPage\"],\"@id\":\"https:\\\/\\\/thucphamtienloi.com\\\/?product=thit-nai-tuoi-sach\",\"url\":\"https:\\\/\\\/thucphamtienloi.com\\\/?product=thit-nai-tuoi-sach\",\"name\":\"Th\u1ecbt Nai T\u01b0\u01a1i S\u1ea1ch - \u1ea8M TH\u1ef0C BA MI\u1ec0N\",\"isPartOf\":{\"@id\":\"https:\\\/\\\/thucphamtienloi.com\\\/#website\"},\"primaryImageOfPage\":{\"@id\":\"https:\\\/\\\/thucphamtienloi.com\\\/?product=thit-nai-tuoi-sach#primaryimage\"},\"image\":{\"@id\":\"https:\\\/\\\/thucphamtienloi.com\\\/?product=thit-nai-tuoi-sach#primaryimage\"},\"thumbnailUrl\":\"https:\\\/\\\/thucphamtienloi.com\\\/wp-content\\\/uploads\\\/2021\\\/02\\\/thit-nai-2.jpg\",\"datePublished\":\"2021-02-06T02:49:47+00:00\",\"dateModified\":\"2025-10-19T16:14:47+00:00\",\"description\":\"Th\u1ecbt Nai T\u01b0\u01a1i \u0111ang \u0111\u01b0\u1ee3c Th\u1ef1c Ph\u1ea9m Ti\u1ec7n L\u1ee3i cung c\u1ea5p v\u1edbi gi\u00e1 s\u1ec9 150k\\\/kg. Qu\u00fd kh\u00e1ch c\u1ea7n \u0111\u1eb7t tr\u01b0\u1edbc t\u1eeb 1 -2 ng\u00e0y \u0111\u1ec3 c\u00f3 th\u1ec3 nh\u1eadn h\u00e0ng\",\"breadcrumb\":{\"@id\":\"https:\\\/\\\/thucphamtienloi.com\\\/?product=thit-nai-tuoi-sach#breadcrumb\"},\"inLanguage\":\"vi\",\"potentialAction\":[{\"@type\":\"ReadAction\",\"target\":[\"https:\\\/\\\/thucphamtienloi.com\\\/?product=thit-nai-tuoi-sach\"]}]},{\"@type\":\"ImageObject\",\"inLanguage\":\"vi\",\"@id\":\"https:\\\/\\\/thucphamtienloi.com\\\/?product=thit-nai-tuoi-sach#primaryimage\",\"url\":\"https:\\\/\\\/thucphamtienloi.com\\\/wp-content\\\/uploads\\\/2021\\\/02\\\/thit-nai-2.jpg\",\"contentUrl\":\"https:\\\/\\\/thucphamtienloi.com\\\/wp-content\\\/uploads\\\/2021\\\/02\\\/thit-nai-2.jpg\",\"width\":480,\"height\":359,\"caption\":\"Th\u1ecbt Nai T\u01b0\u01a1i S\u1ea1ch\"},{\"@type\":\"BreadcrumbList\",\"@id\":\"https:\\\/\\\/thucphamtienloi.com\\\/?product=thit-nai-tuoi-sach#breadcrumb\",\"itemListElement\":[{\"@type\":\"ListItem\",\"position\":1,\"name\":\"Trang ch\u1ee7\",\"item\":\"https:\\\/\\\/thucphamtienloi.com\\\/\"},{\"@type\":\"ListItem\",\"position\":2,\"name\":\"C\u1eeda H\u00e0ng\",\"item\":\"https:\\\/\\\/thucphamtienloi.com\\\/?page_id=3334\"},{\"@type\":\"ListItem\",\"position\":3,\"name\":\"Th\u1ef1c Ph\u1ea9m T\u01b0\u01a1i S\u1ed1ng\",\"item\":\"https:\\\/\\\/thucphamtienloi.com\\\/danh-muc-san-pham\\\/thuc-pham-tuoi-song\\\/\"},{\"@type\":\"ListItem\",\"position\":4,\"name\":\"Th\u1ecbt Nai T\u01b0\u01a1i S\u1ea1ch\"}]},{\"@type\":\"WebSite\",\"@id\":\"https:\\\/\\\/thucphamtienloi.com\\\/#website\",\"url\":\"https:\\\/\\\/thucphamtienloi.com\\\/\",\"name\":\"Th\u1ef1c ph\u1ea9m ti\u1ec7n l\u1ee3i\",\"description\":\"\u1ea8m Th\u1ef1c Qu\u00ea H\u01b0\u01a1ng\",\"publisher\":{\"@id\":\"https:\\\/\\\/thucphamtienloi.com\\\/#organization\"},\"potentialAction\":[{\"@type\":\"SearchAction\",\"target\":{\"@type\":\"EntryPoint\",\"urlTemplate\":\"https:\\\/\\\/thucphamtienloi.com\\\/?s={search_term_string}\"},\"query-input\":{\"@type\":\"PropertyValueSpecification\",\"valueRequired\":true,\"valueName\":\"search_term_string\"}}],\"inLanguage\":\"vi\"},{\"@type\":\"Organization\",\"@id\":\"https:\\\/\\\/thucphamtienloi.com\\\/#organization\",\"name\":\"Th\u1ef1c ph\u1ea9m ti\u1ec7n l\u1ee3i\",\"url\":\"https:\\\/\\\/thucphamtienloi.com\\\/\",\"logo\":{\"@type\":\"ImageObject\",\"inLanguage\":\"vi\",\"@id\":\"https:\\\/\\\/thucphamtienloi.com\\\/#\\\/schema\\\/logo\\\/image\\\/\",\"url\":\"https:\\\/\\\/thucphamtienloi.com\\\/wp-content\\\/uploads\\\/2022\\\/07\\\/THU\u031b\u0323C-PHA\u0302\u0309M-TIE\u0323\u0302N-LO\u031b\u0323I.png\",\"contentUrl\":\"https:\\\/\\\/thucphamtienloi.com\\\/wp-content\\\/uploads\\\/2022\\\/07\\\/THU\u031b\u0323C-PHA\u0302\u0309M-TIE\u0323\u0302N-LO\u031b\u0323I.png\",\"width\":1920,\"height\":1080,\"caption\":\"Th\u1ef1c ph\u1ea9m ti\u1ec7n l\u1ee3i\"},\"image\":{\"@id\":\"https:\\\/\\\/thucphamtienloi.com\\\/#\\\/schema\\\/logo\\\/image\\\/\"}}]}<\/script>\n<!-- \/ Yoast SEO plugin. -->","yoast_head_json":{"title":"Th\u1ecbt Nai T\u01b0\u01a1i S\u1ea1ch - \u1ea8M TH\u1ef0C BA MI\u1ec0N","description":"Th\u1ecbt Nai T\u01b0\u01a1i \u0111ang \u0111\u01b0\u1ee3c Th\u1ef1c Ph\u1ea9m Ti\u1ec7n L\u1ee3i cung c\u1ea5p v\u1edbi gi\u00e1 s\u1ec9 150k\/kg. Qu\u00fd kh\u00e1ch c\u1ea7n \u0111\u1eb7t tr\u01b0\u1edbc t\u1eeb 1 -2 ng\u00e0y \u0111\u1ec3 c\u00f3 th\u1ec3 nh\u1eadn h\u00e0ng","robots":{"index":"index","follow":"follow","max-snippet":"max-snippet:-1","max-image-preview":"max-image-preview:large","max-video-preview":"max-video-preview:-1"},"canonical":"https:\/\/thucphamtienloi.com\/?product=thit-nai-tuoi-sach","og_locale":"vi_VN","og_type":"article","og_title":"Th\u1ecbt Nai T\u01b0\u01a1i S\u1ea1ch - \u1ea8M TH\u1ef0C BA MI\u1ec0N","og_description":"Th\u1ecbt Nai T\u01b0\u01a1i \u0111ang \u0111\u01b0\u1ee3c Th\u1ef1c Ph\u1ea9m Ti\u1ec7n L\u1ee3i cung c\u1ea5p v\u1edbi gi\u00e1 s\u1ec9 150k\/kg. Qu\u00fd kh\u00e1ch c\u1ea7n \u0111\u1eb7t tr\u01b0\u1edbc t\u1eeb 1 -2 ng\u00e0y \u0111\u1ec3 c\u00f3 th\u1ec3 nh\u1eadn h\u00e0ng","og_url":"https:\/\/thucphamtienloi.com\/?product=thit-nai-tuoi-sach","og_site_name":"\u1ea8M TH\u1ef0C BA MI\u1ec0N","article_modified_time":"2025-10-19T16:14:47+00:00","og_image":[{"width":480,"height":359,"url":"https:\/\/thucphamtienloi.com\/wp-content\/uploads\/2021\/02\/thit-nai-2.jpg","type":"image\/jpeg"}],"twitter_card":"summary_large_image","twitter_misc":{"\u01af\u1edbc t\u00ednh th\u1eddi gian \u0111\u1ecdc":"4 ph\u00fat"},"schema":{"@context":"https:\/\/schema.org","@graph":[{"@type":["WebPage","ItemPage"],"@id":"https:\/\/thucphamtienloi.com\/?product=thit-nai-tuoi-sach","url":"https:\/\/thucphamtienloi.com\/?product=thit-nai-tuoi-sach","name":"Th\u1ecbt Nai T\u01b0\u01a1i S\u1ea1ch - \u1ea8M TH\u1ef0C BA MI\u1ec0N","isPartOf":{"@id":"https:\/\/thucphamtienloi.com\/#website"},"primaryImageOfPage":{"@id":"https:\/\/thucphamtienloi.com\/?product=thit-nai-tuoi-sach#primaryimage"},"image":{"@id":"https:\/\/thucphamtienloi.com\/?product=thit-nai-tuoi-sach#primaryimage"},"thumbnailUrl":"https:\/\/thucphamtienloi.com\/wp-content\/uploads\/2021\/02\/thit-nai-2.jpg","datePublished":"2021-02-06T02:49:47+00:00","dateModified":"2025-10-19T16:14:47+00:00","description":"Th\u1ecbt Nai T\u01b0\u01a1i \u0111ang \u0111\u01b0\u1ee3c Th\u1ef1c Ph\u1ea9m Ti\u1ec7n L\u1ee3i cung c\u1ea5p v\u1edbi gi\u00e1 s\u1ec9 150k\/kg. Qu\u00fd kh\u00e1ch c\u1ea7n \u0111\u1eb7t tr\u01b0\u1edbc t\u1eeb 1 -2 ng\u00e0y \u0111\u1ec3 c\u00f3 th\u1ec3 nh\u1eadn h\u00e0ng","breadcrumb":{"@id":"https:\/\/thucphamtienloi.com\/?product=thit-nai-tuoi-sach#breadcrumb"},"inLanguage":"vi","potentialAction":[{"@type":"ReadAction","target":["https:\/\/thucphamtienloi.com\/?product=thit-nai-tuoi-sach"]}]},{"@type":"ImageObject","inLanguage":"vi","@id":"https:\/\/thucphamtienloi.com\/?product=thit-nai-tuoi-sach#primaryimage","url":"https:\/\/thucphamtienloi.com\/wp-content\/uploads\/2021\/02\/thit-nai-2.jpg","contentUrl":"https:\/\/thucphamtienloi.com\/wp-content\/uploads\/2021\/02\/thit-nai-2.jpg","width":480,"height":359,"caption":"Th\u1ecbt Nai T\u01b0\u01a1i S\u1ea1ch"},{"@type":"BreadcrumbList","@id":"https:\/\/thucphamtienloi.com\/?product=thit-nai-tuoi-sach#breadcrumb","itemListElement":[{"@type":"ListItem","position":1,"name":"Trang ch\u1ee7","item":"https:\/\/thucphamtienloi.com\/"},{"@type":"ListItem","position":2,"name":"C\u1eeda H\u00e0ng","item":"https:\/\/thucphamtienloi.com\/?page_id=3334"},{"@type":"ListItem","position":3,"name":"Th\u1ef1c Ph\u1ea9m T\u01b0\u01a1i S\u1ed1ng","item":"https:\/\/thucphamtienloi.com\/danh-muc-san-pham\/thuc-pham-tuoi-song\/"},{"@type":"ListItem","position":4,"name":"Th\u1ecbt Nai T\u01b0\u01a1i S\u1ea1ch"}]},{"@type":"WebSite","@id":"https:\/\/thucphamtienloi.com\/#website","url":"https:\/\/thucphamtienloi.com\/","name":"Th\u1ef1c ph\u1ea9m ti\u1ec7n l\u1ee3i","description":"\u1ea8m Th\u1ef1c Qu\u00ea H\u01b0\u01a1ng","publisher":{"@id":"https:\/\/thucphamtienloi.com\/#organization"},"potentialAction":[{"@type":"SearchAction","target":{"@type":"EntryPoint","urlTemplate":"https:\/\/thucphamtienloi.com\/?s={search_term_string}"},"query-input":{"@type":"PropertyValueSpecification","valueRequired":true,"valueName":"search_term_string"}}],"inLanguage":"vi"},{"@type":"Organization","@id":"https:\/\/thucphamtienloi.com\/#organization","name":"Th\u1ef1c ph\u1ea9m ti\u1ec7n l\u1ee3i","url":"https:\/\/thucphamtienloi.com\/","logo":{"@type":"ImageObject","inLanguage":"vi","@id":"https:\/\/thucphamtienloi.com\/#\/schema\/logo\/image\/","url":"https:\/\/thucphamtienloi.com\/wp-content\/uploads\/2022\/07\/THU\u031b\u0323C-PHA\u0302\u0309M-TIE\u0323\u0302N-LO\u031b\u0323I.png","contentUrl":"https:\/\/thucphamtienloi.com\/wp-content\/uploads\/2022\/07\/THU\u031b\u0323C-PHA\u0302\u0309M-TIE\u0323\u0302N-LO\u031b\u0323I.png","width":1920,"height":1080,"caption":"Th\u1ef1c ph\u1ea9m ti\u1ec7n l\u1ee3i"},"image":{"@id":"https:\/\/thucphamtienloi.com\/#\/schema\/logo\/image\/"}}]}},"_links":{"self":[{"href":"https:\/\/thucphamtienloi.com\/index.php?rest_route=\/wp\/v2\/product\/1156","targetHints":{"allow":["GET"]}}],"collection":[{"href":"https:\/\/thucphamtienloi.com\/index.php?rest_route=\/wp\/v2\/product"}],"about":[{"href":"https:\/\/thucphamtienloi.com\/index.php?rest_route=\/wp\/v2\/types\/product"}],"replies":[{"embeddable":true,"href":"https:\/\/thucphamtienloi.com\/index.php?rest_route=%2Fwp%2Fv2%2Fcomments&post=1156"}],"wp:featuredmedia":[{"embeddable":true,"href":"https:\/\/thucphamtienloi.com\/index.php?rest_route=\/wp\/v2\/media\/1159"}],"wp:attachment":[{"href":"https:\/\/thucphamtienloi.com\/index.php?rest_route=%2Fwp%2Fv2%2Fmedia&parent=1156"}],"wp:term":[{"taxonomy":"product_brand","embeddable":true,"href":"https:\/\/thucphamtienloi.com\/index.php?rest_route=%2Fwp%2Fv2%2Fproduct_brand&post=1156"},{"taxonomy":"product_cat","embeddable":true,"href":"https:\/\/thucphamtienloi.com\/index.php?rest_route=%2Fwp%2Fv2%2Fproduct_cat&post=1156"},{"taxonomy":"product_tag","embeddable":true,"href":"https:\/\/thucphamtienloi.com\/index.php?rest_route=%2Fwp%2Fv2%2Fproduct_tag&post=1156"}],"curies":[{"name":"wp","href":"https:\/\/api.w.org\/{rel}","templated":true}]}}