{"id":1161,"date":"2021-02-06T03:23:05","date_gmt":"2021-02-06T03:23:05","guid":{"rendered":"https:\/\/thucphamtienloi.com\/?post_type=product&#038;p=1161"},"modified":"2026-04-15T05:33:07","modified_gmt":"2026-04-15T05:33:07","slug":"gan-nai-tuoi","status":"publish","type":"product","link":"https:\/\/thucphamtienloi.com\/?product=gan-nai-tuoi","title":{"rendered":"G\u00e2n Nai T\u01b0\u01a1i"},"content":{"rendered":"<p>\u00a0G\u00e2n nai t\u01b0\u01a1i \u0111ang \u0111\u01b0\u1ee3c ph\u00e2n ph\u1ed1i t\u1ea1i <a href=\"https:\/\/thucphamtienloi.com\/\" target=\"_blank\" rel=\"noopener noreferrer\"><strong>Th\u1ef1c Ph\u1ea9m Ti\u1ec7n L\u1ee3i<\/strong> <\/a>v\u1edbi gi\u00e1 450k\/kg. Qu\u00fd kh\u00e1ch vui l\u00f2ng li\u00ean h\u1ec7 Hotline : <strong class=\"uppercase\">0987.506.349 <\/strong>\u0111\u1ec3 \u0111\u1eb7t h\u00e0ng ho\u1eb7c c\u00f3 th\u1ec3 qua tr\u1ef1c ti\u1ebfp c\u1eeda h\u00e0ng t\u1ea1i 184\/17 Nguy\u1ec5n Ph\u00fac Chu &#8211; T\u00e2n B\u00ecnh &#8211; Tp HCM \u0111\u1ec3 mua h\u00e0ng.<\/p>\n<h2><strong>L\u00fd do b\u1ea1n mua G\u00e2n Nai?<\/strong><\/h2>\n<p>Ng\u00e0y nay, g\u00e2n l\u00e0 s\u1ef1 l\u1ef1a ch\u1ecdn cho nh\u1eefng ng\u01b0\u1eddi ng\u00e1n th\u1ecbt, c\u00e1 \u0111\u1ec3 thay \u0111\u1ed5i kh\u1ea9u v\u1ecb. G\u00e2n c\u00f3 v\u1ecb ng\u1ecdt, t\u00ednh b\u00ecnh, kh\u00f4ng \u0111\u1ed9c, ch\u1ee9a nhi\u1ec1u ch\u1ea5t b\u1ed5 d\u01b0\u1ee1ng cao, gi\u00fap h\u1ed3i ph\u1ee5c sinh l\u1ef1c v\u00e0 c\u01b0\u1eddng g\u00e2n c\u1ed1t. Nh\u1eefng ng\u01b0\u1eddi b\u1ec7nh v\u1ec1 g\u00e2n x\u01b0\u01a1ng th\u01b0\u1eddng \u0111\u01b0\u1ee3c khuy\u00ean d\u00f9ng m\u00f3n g\u00e2n \u0111\u1ed9ng v\u1eadt \u0111\u00f4i l\u1ea7n m\u1ed9t tu\u1ea7n. G\u00e2n ph\u01a1i kh\u00f4 \u0111\u01b0\u1ee3c b\u00e0y b\u00e1n kh\u00e1 ph\u1ed5 bi\u1ebfn, nh\u01b0ng ngon nh\u1ea5t v\u1eabn l\u00e0 d\u00f9ng g\u00e2n t\u01b0\u01a1i.<\/p>\n<p><img loading=\"lazy\" decoding=\"async\" class=\"aligncenter wp-image-1170\" src=\"https:\/\/thucphamtienloi.com\/wp-content\/uploads\/2021\/02\/gan-nai.png\" alt=\"\" width=\"800\" height=\"442\" srcset=\"https:\/\/thucphamtienloi.com\/wp-content\/uploads\/2021\/02\/gan-nai.png 700w, https:\/\/thucphamtienloi.com\/wp-content\/uploads\/2021\/02\/gan-nai-510x282.png 510w, https:\/\/thucphamtienloi.com\/wp-content\/uploads\/2021\/02\/gan-nai-600x332.png 600w\" sizes=\"auto, (max-width: 800px) 100vw, 800px\" \/><\/p>\n<p>G\u00e2n \u0111\u01b0\u1ee3c bi\u1ebft \u0111\u1ebfn tr\u01b0\u1edbc h\u1ebft qua c\u00e1c m\u00f3n ti\u1ec1m thu\u1ed1c b\u1eafc. H\u01b0\u01a1ng n\u1ed3ng, \u1ea5m \u0111\u1eb7c bi\u1ec7t c\u1ee7a thu\u1ed1c l\u00e0 ch\u1ea5t th\u01a1m \u0111\u1ed9c \u0111\u00e1o \u0111\u1ec3 t\u1ea9y m\u00f9i g\u00e2n hi\u1ec7u qu\u1ea3, c\u0169ng l\u00e0 \u0111\u1ec3 c\u00e2n b\u1eb1ng \u00e2m d\u01b0\u01a1ng cho m\u00f3n \u0103n. D\u1ea7n d\u00e0, c\u00e1ch t\u1ea9y m\u00f9i b\u1eb1ng thu\u1ed1c b\u1eafc \u0111\u01b0\u1ee3c c\u00e1c \u0111\u1ea7u b\u1ebfp v\u1eadn d\u1ee5ng linh ho\u1ea1t h\u01a1n, nh\u01b0 m\u1ed9t c\u00e1ch s\u01a1 ch\u1ebf c\u1ea7n thi\u1ebft. N\u1ebfu d\u00f9ng g\u00e2n s\u1ed1ng, ng\u01b0\u1eddi n\u1ea5u th\u01b0\u1eddng ph\u1ea3i h\u1ea7m g\u00e2n m\u1ed9t th\u1eddi gian v\u1edbi mu\u1ed1i, g\u1eebng v\u00e0 chanh \u0111\u1ec3 t\u1ea9y m\u00f9i, sau \u0111\u00f3 n\u1ea5u v\u1edbi d\u01b0\u1ee3c th\u1ea3o ho\u1eb7c thu\u1ed1c b\u1eafc kho\u1ea3ng m\u1ed9t, hai gi\u1edd cho m\u1ec1m v\u00e0 m\u1ea5t h\u1eb3n m\u00f9i, r\u1eeda s\u1ea1ch b\u1eb1ng n\u01b0\u1edbc l\u1ea1nh r\u1ed3i m\u1edbi ch\u1ebf bi\u1ebfn th\u00e0nh m\u00f3n \u0103n.<\/p>\n<h3><strong>Kh\u00f4ng n\u00ean mua g\u00e2n nai kh\u00f4<\/strong><\/h3>\n<p>N\u1ebfu l\u00e0 g\u00e2n kh\u00f4, ph\u1ea3i m\u1ea5t th\u1eddi gian ng\u00e2m n\u01b0\u1edbc tro \u0111\u1ec3 g\u00e2n n\u1edf ra, m\u1ec1m h\u01a1n. M\u1ed9t c\u00e1ch ch\u1ebf bi\u1ebfn kh\u00e1c th\u01b0\u1eddng \u00e1p d\u1ee5ng cho g\u00e2n kh\u00f4 (\u0111\u1eb7c bi\u1ec7t l\u00e0 g\u00e2n nai) l\u00e0 n\u01b0\u1edbng ho\u1eb7c rang tr\u00ean mu\u1ed1i cho \u0111\u1ebfn khi v\u1eeba cong l\u1ea1i th\u00ec l\u1ea5y cho ngay v\u00e0o n\u01b0\u1edbc n\u00f3ng, ng\u00e2m \u0111\u1ebfn h\u01a1n n\u0103m gi\u1edd \u0111\u1ec3 g\u00e2n m\u1ec1m m\u1ea1i m\u00e0 v\u1eabn gi\u00f2n dai.\u00a0<\/p>\n<p><img loading=\"lazy\" decoding=\"async\" class=\"aligncenter wp-image-1169\" src=\"https:\/\/thucphamtienloi.com\/wp-content\/uploads\/2021\/02\/gan-nai-xao-535x400.jpg\" alt=\"gan-nai-xao\" width=\"800\" height=\"598\" srcset=\"https:\/\/thucphamtienloi.com\/wp-content\/uploads\/2021\/02\/gan-nai-xao-535x400.jpg 535w, https:\/\/thucphamtienloi.com\/wp-content\/uploads\/2021\/02\/gan-nai-xao-510x381.jpg 510w, https:\/\/thucphamtienloi.com\/wp-content\/uploads\/2021\/02\/gan-nai-xao-768x574.jpg 768w, https:\/\/thucphamtienloi.com\/wp-content\/uploads\/2021\/02\/gan-nai-xao-600x449.jpg 600w, https:\/\/thucphamtienloi.com\/wp-content\/uploads\/2021\/02\/gan-nai-xao.jpg 912w\" sizes=\"auto, (max-width: 800px) 100vw, 800px\" \/><\/p>\n<h2><strong>\u1ea8m th\u1ef1c t\u1eeb g\u00e2n nai t\u01b0\u01a1i\u00a0<\/strong><\/h2>\n<p>Trong c\u00e1c nh\u00e0 h\u00e0ng l\u1edbn, g\u00e2n nai th\u01b0\u1eddng \u0111\u01b0\u1ee3c k\u1ebft h\u1ee3p v\u1edbi y\u1ebfn s\u00e0o, h\u1ea3i s\u00e2m ho\u1eb7c vi c\u00e1 \u0111\u1ec3 cho ra m\u00f3n x\u00fap r\u1ea5t b\u1ed5 d\u01b0\u1ee1ng v\u00e0 \u0111\u1eaft ti\u1ec1n. G\u00e2n nai c\u0169ng \u0111\u01b0\u1ee3c b\u00e1n nhi\u1ec1u t\u1ea1i c\u00e1c hi\u1ec7u \u0110\u00f4ng y, nh\u01b0ng ph\u1ea7n nhi\u1ec1u l\u00e0 g\u00e2n heo gi\u1ea3 nai, v\u00ec nai \u0111\u00e3 \u0111\u01b0\u1ee3c x\u1ebfp v\u00e0o \u0111\u1ed9ng v\u1eadt hoang d\u00e3 c\u1ea7n \u0111\u01b0\u1ee3c b\u1ea3o t\u1ed3n, d\u1ec5 g\u00ec c\u00f3 \u0111\u01b0\u1ee3c s\u1ee3i g\u00e2n th\u1ee9 thi\u1ec7t?\u00a0<\/p>\n<p><img loading=\"lazy\" decoding=\"async\" class=\"aligncenter wp-image-1168\" src=\"https:\/\/thucphamtienloi.com\/wp-content\/uploads\/2021\/02\/gan-nai-xao-nam-487x400.png\" alt=\"gan-nai-xao-nam\" width=\"800\" height=\"657\" srcset=\"https:\/\/thucphamtienloi.com\/wp-content\/uploads\/2021\/02\/gan-nai-xao-nam-487x400.png 487w, https:\/\/thucphamtienloi.com\/wp-content\/uploads\/2021\/02\/gan-nai-xao-nam-510x419.png 510w, https:\/\/thucphamtienloi.com\/wp-content\/uploads\/2021\/02\/gan-nai-xao-nam-600x493.png 600w, https:\/\/thucphamtienloi.com\/wp-content\/uploads\/2021\/02\/gan-nai-xao-nam.png 622w\" sizes=\"auto, (max-width: 800px) 100vw, 800px\" \/><br \/>\nNgo\u00e0i ra, g\u00e2n c\u00f3 th\u1ec3 \u0111\u01b0\u1ee3c ng\u00e2m n\u01b0\u1edbc qua \u0111\u00eam cho m\u1ec1m r\u1ed3i h\u1ea7m c\u00f9ng tr\u00e1i l\u00ea, cho n\u01b0\u1edbc d\u00f9ng v\u1eeba ng\u1ecdt, v\u1eeba trong. Ph\u1ea7n g\u00e2n ch\u00edn c\u00f3 th\u1ec3 \u0111em x\u00e0o, n\u1ea5u x\u00fap ho\u1eb7c l\u00e0m g\u1ecfi, chi\u00ean v\u00e0ng \u0111\u1ec1u \u0111\u01b0\u1ee3c. G\u00e2n heo ti\u1ec1m thu\u1ed1c b\u1eafc c\u0169ng l\u00e0 m\u00f3n \u0103n h\u1ed3i s\u1ee9c cho ng\u01b0\u1eddi suy nh\u01b0\u1ee3c, y\u1ebfu ph\u1ed5i hay \u0111au nh\u1ee9c g\u00e2n x\u01b0\u01a1ng.<\/p>\n<h2><strong>\u0110\u1ecba ch\u1ec9 mua G\u00e2n Nai t\u01b0\u01a1i t\u1ea1i Tp HCM v\u00e0 H\u00e0 N\u1ed9i<\/strong><\/h2>\n<p>N\u1ebfu b\u1ea1n c\u00f3 nhu c\u1ea7u mua g\u00e2n nai th\u00ec b\u1ea1n h\u00e3y li\u00ean h\u1ec7 v\u1edbi Hotline: <strong class=\"uppercase\">0987.506.349 <\/strong>\u0111\u1ec3 \u0111\u01b0\u1ee3c t\u01b0 v\u1ea5n v\u00e0 \u0111\u1eb7t h\u00e0ng. Ho\u1eb7c b\u1ea1n c\u00f3 th\u1ec3 \u0111\u1ebfn tr\u1ef1c ti\u1ebfp c\u1eeda h\u00e0ng t\u1ea1i \u0111\u1ecba ch\u1ec9 sau :<\/p>\n<p><strong>\u0110\u1ecba ch\u1ec9 c\u1eeda h\u00e0ng :\u00a0<\/strong><\/p>\n<p><strong>T\u1ea1i S\u00e0i G\u00f2n:<\/strong>\u00a0184\/17 Nguy\u1ec5n Ph\u00fac Chu, P15, Q. T\u00e2n B\u00ecnh , TP HCM (vui l\u00f2ng g\u1ecdi tr\u01b0\u1edbc khi \u0111\u1ebfn)<\/p>\n<p><strong>T\u1ea1i H\u00e0 N\u1ed9i\u00a0:\u00a0<\/strong>Chung c\u01b0 349, V\u0169 T\u00f4ng Phan, Thanh Xu\u00e2n, H\u00e0 N\u1ed9i (vui l\u00f2ng g\u1ecdi tr\u01b0\u1edbc khi \u0111\u1ebfn)<br \/>\n<strong>Facebook:\u00a0<a href=\"https:\/\/www.facebook.com\/thucphamtienloiFB\">TH\u1ef0C PH\u1ea8M TI\u1ec6N L\u1ee2I<\/a><\/strong><\/p>\n","protected":false},"excerpt":{"rendered":"<p>G\u00e2n nai t\u01b0\u01a1i \u0111ang \u0111\u01b0\u1ee3c ph\u00e2n ph\u1ed1i t\u1ea1i <a href=\"https:\/\/thucphamtienloi.com\/\" target=\"_blank\" rel=\"noopener noreferrer\"><strong>Th\u1ef1c Ph\u1ea9m Ti\u1ec7n L\u1ee3i<\/strong> <\/a>v\u1edbi gi\u00e1 450k\/kg. Qu\u00fd kh\u00e1ch vui l\u00f2ng li\u00ean h\u1ec7 Hotline : <strong class=\"uppercase\">0987.506.349 <\/strong>\u0111\u1ec3 \u0111\u1eb7t h\u00e0ng ho\u1eb7c c\u00f3 th\u1ec3 qua tr\u1ef1c ti\u1ebfp c\u1eeda h\u00e0ng t\u1ea1i 184\/17 Nguy\u1ec5n Ph\u00fac Chu &#8211; T\u00e2n B\u00ecnh &#8211; Tp HCM \u0111\u1ec3 mua h\u00e0ng.<\/p>\n","protected":false},"featured_media":1166,"comment_status":"closed","ping_status":"closed","template":"","meta":[],"product_brand":[],"product_cat":[70,71],"product_tag":[405,406,407,408,409],"class_list":{"0":"post-1161","1":"product","2":"type-product","3":"status-publish","4":"has-post-thumbnail","6":"product_cat-dac-san-mien-nam","7":"product_cat-thuc-pham-tuoi-song","8":"product_tag-gan-nai","9":"product_tag-gan-nai-tuoi","10":"product_tag-cua-hang-ban-gan-nai-tai-sai-gon","11":"product_tag-cua-hang-ban-gan-nai-tai-tp-hcm","12":"product_tag-cua-hang-ban-gan-nai-tai-ha-noi","14":"first","15":"instock","16":"featured","17":"shipping-taxable","18":"purchasable","19":"product-type-simple"},"yoast_head":"<!-- This site is optimized with the Yoast SEO plugin v27.4 - https:\/\/yoast.com\/product\/yoast-seo-wordpress\/ -->\n<title>G\u00e2n Nai T\u01b0\u01a1i - 400k<\/title>\n<meta name=\"description\" content=\"G\u00e2n nai t\u01b0\u01a1i \u0111ang \u0111\u01b0\u1ee3c ph\u00e2n ph\u1ed1i t\u1ea1i Th\u1ef1c Ph\u1ea9m Ti\u1ec7n L\u1ee3i v\u1edbi gi\u00e1 450k\/kg. Qu\u00fd kh\u00e1ch vui l\u00f2ng li\u00ean h\u1ec7 Hotline : 0987.506.349 \u0111\u1ec3 \u0111\u1eb7t h\u00e0ng\" \/>\n<meta name=\"robots\" content=\"index, follow, max-snippet:-1, max-image-preview:large, max-video-preview:-1\" \/>\n<link rel=\"canonical\" href=\"https:\/\/thucphamtienloi.com\/?product=gan-nai-tuoi\" \/>\n<meta property=\"og:locale\" content=\"vi_VN\" \/>\n<meta property=\"og:type\" content=\"article\" \/>\n<meta property=\"og:title\" content=\"G\u00e2n Nai T\u01b0\u01a1i - 400k\" \/>\n<meta property=\"og:description\" content=\"G\u00e2n nai t\u01b0\u01a1i \u0111ang \u0111\u01b0\u1ee3c ph\u00e2n ph\u1ed1i t\u1ea1i Th\u1ef1c Ph\u1ea9m Ti\u1ec7n L\u1ee3i v\u1edbi gi\u00e1 450k\/kg. Qu\u00fd kh\u00e1ch vui l\u00f2ng li\u00ean h\u1ec7 Hotline : 0987.506.349 \u0111\u1ec3 \u0111\u1eb7t h\u00e0ng\" \/>\n<meta property=\"og:url\" content=\"https:\/\/thucphamtienloi.com\/?product=gan-nai-tuoi\" \/>\n<meta property=\"og:site_name\" content=\"\u1ea8M TH\u1ef0C BA MI\u1ec0N\" \/>\n<meta property=\"article:modified_time\" content=\"2026-04-15T05:33:07+00:00\" \/>\n<meta property=\"og:image\" content=\"https:\/\/thucphamtienloi.com\/wp-content\/uploads\/2021\/02\/gan-nai-1.jpg\" \/>\n\t<meta property=\"og:image:width\" content=\"225\" \/>\n\t<meta property=\"og:image:height\" content=\"225\" \/>\n\t<meta property=\"og:image:type\" content=\"image\/jpeg\" \/>\n<meta name=\"twitter:card\" content=\"summary_large_image\" \/>\n<meta name=\"twitter:label1\" content=\"\u01af\u1edbc t\u00ednh th\u1eddi gian \u0111\u1ecdc\" \/>\n\t<meta name=\"twitter:data1\" content=\"4 ph\u00fat\" \/>\n<script type=\"application\/ld+json\" class=\"yoast-schema-graph\">{\"@context\":\"https:\\\/\\\/schema.org\",\"@graph\":[{\"@type\":[\"WebPage\",\"ItemPage\"],\"@id\":\"https:\\\/\\\/thucphamtienloi.com\\\/?product=gan-nai-tuoi\",\"url\":\"https:\\\/\\\/thucphamtienloi.com\\\/?product=gan-nai-tuoi\",\"name\":\"G\u00e2n Nai T\u01b0\u01a1i - 400k\",\"isPartOf\":{\"@id\":\"https:\\\/\\\/thucphamtienloi.com\\\/#website\"},\"primaryImageOfPage\":{\"@id\":\"https:\\\/\\\/thucphamtienloi.com\\\/?product=gan-nai-tuoi#primaryimage\"},\"image\":{\"@id\":\"https:\\\/\\\/thucphamtienloi.com\\\/?product=gan-nai-tuoi#primaryimage\"},\"thumbnailUrl\":\"https:\\\/\\\/thucphamtienloi.com\\\/wp-content\\\/uploads\\\/2021\\\/02\\\/gan-nai-1.jpg\",\"datePublished\":\"2021-02-06T03:23:05+00:00\",\"dateModified\":\"2026-04-15T05:33:07+00:00\",\"description\":\"G\u00e2n nai t\u01b0\u01a1i \u0111ang \u0111\u01b0\u1ee3c ph\u00e2n ph\u1ed1i t\u1ea1i Th\u1ef1c Ph\u1ea9m Ti\u1ec7n L\u1ee3i v\u1edbi gi\u00e1 450k\\\/kg. Qu\u00fd kh\u00e1ch vui l\u00f2ng li\u00ean h\u1ec7 Hotline : 0987.506.349 \u0111\u1ec3 \u0111\u1eb7t h\u00e0ng\",\"breadcrumb\":{\"@id\":\"https:\\\/\\\/thucphamtienloi.com\\\/?product=gan-nai-tuoi#breadcrumb\"},\"inLanguage\":\"vi\",\"potentialAction\":[{\"@type\":\"ReadAction\",\"target\":[\"https:\\\/\\\/thucphamtienloi.com\\\/?product=gan-nai-tuoi\"]}]},{\"@type\":\"ImageObject\",\"inLanguage\":\"vi\",\"@id\":\"https:\\\/\\\/thucphamtienloi.com\\\/?product=gan-nai-tuoi#primaryimage\",\"url\":\"https:\\\/\\\/thucphamtienloi.com\\\/wp-content\\\/uploads\\\/2021\\\/02\\\/gan-nai-1.jpg\",\"contentUrl\":\"https:\\\/\\\/thucphamtienloi.com\\\/wp-content\\\/uploads\\\/2021\\\/02\\\/gan-nai-1.jpg\",\"width\":225,\"height\":225,\"caption\":\"G\u00e2n Nai T\u01b0\u01a1i\"},{\"@type\":\"BreadcrumbList\",\"@id\":\"https:\\\/\\\/thucphamtienloi.com\\\/?product=gan-nai-tuoi#breadcrumb\",\"itemListElement\":[{\"@type\":\"ListItem\",\"position\":1,\"name\":\"Trang ch\u1ee7\",\"item\":\"https:\\\/\\\/thucphamtienloi.com\\\/\"},{\"@type\":\"ListItem\",\"position\":2,\"name\":\"C\u1eeda H\u00e0ng\",\"item\":\"https:\\\/\\\/thucphamtienloi.com\\\/?page_id=3334\"},{\"@type\":\"ListItem\",\"position\":3,\"name\":\"Th\u1ef1c Ph\u1ea9m T\u01b0\u01a1i S\u1ed1ng\",\"item\":\"https:\\\/\\\/thucphamtienloi.com\\\/danh-muc-san-pham\\\/thuc-pham-tuoi-song\\\/\"},{\"@type\":\"ListItem\",\"position\":4,\"name\":\"G\u00e2n Nai T\u01b0\u01a1i\"}]},{\"@type\":\"WebSite\",\"@id\":\"https:\\\/\\\/thucphamtienloi.com\\\/#website\",\"url\":\"https:\\\/\\\/thucphamtienloi.com\\\/\",\"name\":\"Th\u1ef1c ph\u1ea9m ti\u1ec7n l\u1ee3i\",\"description\":\"\u1ea8m Th\u1ef1c Qu\u00ea H\u01b0\u01a1ng\",\"publisher\":{\"@id\":\"https:\\\/\\\/thucphamtienloi.com\\\/#organization\"},\"potentialAction\":[{\"@type\":\"SearchAction\",\"target\":{\"@type\":\"EntryPoint\",\"urlTemplate\":\"https:\\\/\\\/thucphamtienloi.com\\\/?s={search_term_string}\"},\"query-input\":{\"@type\":\"PropertyValueSpecification\",\"valueRequired\":true,\"valueName\":\"search_term_string\"}}],\"inLanguage\":\"vi\"},{\"@type\":\"Organization\",\"@id\":\"https:\\\/\\\/thucphamtienloi.com\\\/#organization\",\"name\":\"Th\u1ef1c ph\u1ea9m ti\u1ec7n l\u1ee3i\",\"url\":\"https:\\\/\\\/thucphamtienloi.com\\\/\",\"logo\":{\"@type\":\"ImageObject\",\"inLanguage\":\"vi\",\"@id\":\"https:\\\/\\\/thucphamtienloi.com\\\/#\\\/schema\\\/logo\\\/image\\\/\",\"url\":\"https:\\\/\\\/thucphamtienloi.com\\\/wp-content\\\/uploads\\\/2022\\\/07\\\/THU\u031b\u0323C-PHA\u0302\u0309M-TIE\u0323\u0302N-LO\u031b\u0323I.png\",\"contentUrl\":\"https:\\\/\\\/thucphamtienloi.com\\\/wp-content\\\/uploads\\\/2022\\\/07\\\/THU\u031b\u0323C-PHA\u0302\u0309M-TIE\u0323\u0302N-LO\u031b\u0323I.png\",\"width\":1920,\"height\":1080,\"caption\":\"Th\u1ef1c ph\u1ea9m ti\u1ec7n l\u1ee3i\"},\"image\":{\"@id\":\"https:\\\/\\\/thucphamtienloi.com\\\/#\\\/schema\\\/logo\\\/image\\\/\"}}]}<\/script>\n<!-- \/ Yoast SEO plugin. -->","yoast_head_json":{"title":"G\u00e2n Nai T\u01b0\u01a1i - 400k","description":"G\u00e2n nai t\u01b0\u01a1i \u0111ang \u0111\u01b0\u1ee3c ph\u00e2n ph\u1ed1i t\u1ea1i Th\u1ef1c Ph\u1ea9m Ti\u1ec7n L\u1ee3i v\u1edbi gi\u00e1 450k\/kg. Qu\u00fd kh\u00e1ch vui l\u00f2ng li\u00ean h\u1ec7 Hotline : 0987.506.349 \u0111\u1ec3 \u0111\u1eb7t h\u00e0ng","robots":{"index":"index","follow":"follow","max-snippet":"max-snippet:-1","max-image-preview":"max-image-preview:large","max-video-preview":"max-video-preview:-1"},"canonical":"https:\/\/thucphamtienloi.com\/?product=gan-nai-tuoi","og_locale":"vi_VN","og_type":"article","og_title":"G\u00e2n Nai T\u01b0\u01a1i - 400k","og_description":"G\u00e2n nai t\u01b0\u01a1i \u0111ang \u0111\u01b0\u1ee3c ph\u00e2n ph\u1ed1i t\u1ea1i Th\u1ef1c Ph\u1ea9m Ti\u1ec7n L\u1ee3i v\u1edbi gi\u00e1 450k\/kg. Qu\u00fd kh\u00e1ch vui l\u00f2ng li\u00ean h\u1ec7 Hotline : 0987.506.349 \u0111\u1ec3 \u0111\u1eb7t h\u00e0ng","og_url":"https:\/\/thucphamtienloi.com\/?product=gan-nai-tuoi","og_site_name":"\u1ea8M TH\u1ef0C BA MI\u1ec0N","article_modified_time":"2026-04-15T05:33:07+00:00","og_image":[{"width":225,"height":225,"url":"https:\/\/thucphamtienloi.com\/wp-content\/uploads\/2021\/02\/gan-nai-1.jpg","type":"image\/jpeg"}],"twitter_card":"summary_large_image","twitter_misc":{"\u01af\u1edbc t\u00ednh th\u1eddi gian \u0111\u1ecdc":"4 ph\u00fat"},"schema":{"@context":"https:\/\/schema.org","@graph":[{"@type":["WebPage","ItemPage"],"@id":"https:\/\/thucphamtienloi.com\/?product=gan-nai-tuoi","url":"https:\/\/thucphamtienloi.com\/?product=gan-nai-tuoi","name":"G\u00e2n Nai T\u01b0\u01a1i - 400k","isPartOf":{"@id":"https:\/\/thucphamtienloi.com\/#website"},"primaryImageOfPage":{"@id":"https:\/\/thucphamtienloi.com\/?product=gan-nai-tuoi#primaryimage"},"image":{"@id":"https:\/\/thucphamtienloi.com\/?product=gan-nai-tuoi#primaryimage"},"thumbnailUrl":"https:\/\/thucphamtienloi.com\/wp-content\/uploads\/2021\/02\/gan-nai-1.jpg","datePublished":"2021-02-06T03:23:05+00:00","dateModified":"2026-04-15T05:33:07+00:00","description":"G\u00e2n nai t\u01b0\u01a1i \u0111ang \u0111\u01b0\u1ee3c ph\u00e2n ph\u1ed1i t\u1ea1i Th\u1ef1c Ph\u1ea9m Ti\u1ec7n L\u1ee3i v\u1edbi gi\u00e1 450k\/kg. Qu\u00fd kh\u00e1ch vui l\u00f2ng li\u00ean h\u1ec7 Hotline : 0987.506.349 \u0111\u1ec3 \u0111\u1eb7t h\u00e0ng","breadcrumb":{"@id":"https:\/\/thucphamtienloi.com\/?product=gan-nai-tuoi#breadcrumb"},"inLanguage":"vi","potentialAction":[{"@type":"ReadAction","target":["https:\/\/thucphamtienloi.com\/?product=gan-nai-tuoi"]}]},{"@type":"ImageObject","inLanguage":"vi","@id":"https:\/\/thucphamtienloi.com\/?product=gan-nai-tuoi#primaryimage","url":"https:\/\/thucphamtienloi.com\/wp-content\/uploads\/2021\/02\/gan-nai-1.jpg","contentUrl":"https:\/\/thucphamtienloi.com\/wp-content\/uploads\/2021\/02\/gan-nai-1.jpg","width":225,"height":225,"caption":"G\u00e2n Nai T\u01b0\u01a1i"},{"@type":"BreadcrumbList","@id":"https:\/\/thucphamtienloi.com\/?product=gan-nai-tuoi#breadcrumb","itemListElement":[{"@type":"ListItem","position":1,"name":"Trang ch\u1ee7","item":"https:\/\/thucphamtienloi.com\/"},{"@type":"ListItem","position":2,"name":"C\u1eeda H\u00e0ng","item":"https:\/\/thucphamtienloi.com\/?page_id=3334"},{"@type":"ListItem","position":3,"name":"Th\u1ef1c Ph\u1ea9m T\u01b0\u01a1i S\u1ed1ng","item":"https:\/\/thucphamtienloi.com\/danh-muc-san-pham\/thuc-pham-tuoi-song\/"},{"@type":"ListItem","position":4,"name":"G\u00e2n Nai T\u01b0\u01a1i"}]},{"@type":"WebSite","@id":"https:\/\/thucphamtienloi.com\/#website","url":"https:\/\/thucphamtienloi.com\/","name":"Th\u1ef1c ph\u1ea9m ti\u1ec7n l\u1ee3i","description":"\u1ea8m Th\u1ef1c Qu\u00ea H\u01b0\u01a1ng","publisher":{"@id":"https:\/\/thucphamtienloi.com\/#organization"},"potentialAction":[{"@type":"SearchAction","target":{"@type":"EntryPoint","urlTemplate":"https:\/\/thucphamtienloi.com\/?s={search_term_string}"},"query-input":{"@type":"PropertyValueSpecification","valueRequired":true,"valueName":"search_term_string"}}],"inLanguage":"vi"},{"@type":"Organization","@id":"https:\/\/thucphamtienloi.com\/#organization","name":"Th\u1ef1c ph\u1ea9m ti\u1ec7n l\u1ee3i","url":"https:\/\/thucphamtienloi.com\/","logo":{"@type":"ImageObject","inLanguage":"vi","@id":"https:\/\/thucphamtienloi.com\/#\/schema\/logo\/image\/","url":"https:\/\/thucphamtienloi.com\/wp-content\/uploads\/2022\/07\/THU\u031b\u0323C-PHA\u0302\u0309M-TIE\u0323\u0302N-LO\u031b\u0323I.png","contentUrl":"https:\/\/thucphamtienloi.com\/wp-content\/uploads\/2022\/07\/THU\u031b\u0323C-PHA\u0302\u0309M-TIE\u0323\u0302N-LO\u031b\u0323I.png","width":1920,"height":1080,"caption":"Th\u1ef1c ph\u1ea9m ti\u1ec7n l\u1ee3i"},"image":{"@id":"https:\/\/thucphamtienloi.com\/#\/schema\/logo\/image\/"}}]}},"_links":{"self":[{"href":"https:\/\/thucphamtienloi.com\/index.php?rest_route=\/wp\/v2\/product\/1161","targetHints":{"allow":["GET"]}}],"collection":[{"href":"https:\/\/thucphamtienloi.com\/index.php?rest_route=\/wp\/v2\/product"}],"about":[{"href":"https:\/\/thucphamtienloi.com\/index.php?rest_route=\/wp\/v2\/types\/product"}],"replies":[{"embeddable":true,"href":"https:\/\/thucphamtienloi.com\/index.php?rest_route=%2Fwp%2Fv2%2Fcomments&post=1161"}],"wp:featuredmedia":[{"embeddable":true,"href":"https:\/\/thucphamtienloi.com\/index.php?rest_route=\/wp\/v2\/media\/1166"}],"wp:attachment":[{"href":"https:\/\/thucphamtienloi.com\/index.php?rest_route=%2Fwp%2Fv2%2Fmedia&parent=1161"}],"wp:term":[{"taxonomy":"product_brand","embeddable":true,"href":"https:\/\/thucphamtienloi.com\/index.php?rest_route=%2Fwp%2Fv2%2Fproduct_brand&post=1161"},{"taxonomy":"product_cat","embeddable":true,"href":"https:\/\/thucphamtienloi.com\/index.php?rest_route=%2Fwp%2Fv2%2Fproduct_cat&post=1161"},{"taxonomy":"product_tag","embeddable":true,"href":"https:\/\/thucphamtienloi.com\/index.php?rest_route=%2Fwp%2Fv2%2Fproduct_tag&post=1161"}],"curies":[{"name":"wp","href":"https:\/\/api.w.org\/{rel}","templated":true}]}}