{"id":1176,"date":"2021-02-07T01:39:04","date_gmt":"2021-02-07T01:39:04","guid":{"rendered":"https:\/\/thucphamtienloi.com\/?post_type=product&#038;p=1176"},"modified":"2026-04-15T05:32:55","modified_gmt":"2026-04-15T05:32:55","slug":"thit-ngua-tuoi-song","status":"publish","type":"product","link":"https:\/\/thucphamtienloi.com\/?product=thit-ngua-tuoi-song","title":{"rendered":"Th\u1ecbt Ng\u1ef1a T\u01b0\u01a1i S\u1ed1ng 300k\/kg"},"content":{"rendered":"<p><strong>\u00a0Th\u1ecbt Ng\u1ef1a<\/strong> l\u00e0\u00a0 lo\u1ea1i \u0111\u1eb7c s\u1ea3n kh\u00f4ng nh\u1eefng ngon m\u00e0 c\u00f2n b\u1ed5 d\u01b0\u1ee1ng. C\u1eeda h\u00e0ng <a href=\"https:\/\/thucphamtienloi.com\/\" target=\"_blank\" rel=\"noopener noreferrer\"><strong>Th\u1ef1c Ph\u1ea9m Ti\u1ec7n L\u1ee3i<\/strong><\/a> \u0111ang ph\u00e2n ph\u1ed1i th\u1ecbt\u00a0 ng\u1ef1a t\u01b0\u01a1i v\u1edbi <strong>gi\u00e1 300k\/kg<\/strong>. Qu\u00fd kh\u00e1ch c\u00f3 th\u1ec3 \u0111\u1eb7t mua m\u1ed9t c\u00e1ch nhanh ch\u00f3ng qua s\u1ed1 Hotline : <strong class=\"uppercase\">0987.506.349. <\/strong>Ho\u1eb7c mua h\u00e0ng tr\u1ef1c ti\u1ebfp t\u1ea1i <strong>\u0111\u1ecba ch\u1ec9 184\/17 Nguy\u1ec5n Ph\u00fac Chu &#8211; T\u00e2n B\u00ecnh &#8211; Tp HCM.<\/strong><\/p>\n<p>\u0110\u1ed1i v\u1edbi ng\u01b0\u1eddi Vi\u1ec7t Nam,\u00a0 ng\u1ef1a l\u00e0 m\u1ed9t m\u00f3n \u0111\u1eb7c s\u1ea3n v\u00e0 hi\u1ebfm c\u00f3 c\u01a1 h\u1ed9i th\u01b0\u1edfng th\u1ee9c nh\u01b0ng \u0111\u1ed1i v\u1edbi m\u1ed9t s\u1ed1 n\u01b0\u1edbc nh\u01b0 M\u00f4ng C\u1ed5, Trung Qu\u1ed1c&#8230; th\u00ec th\u1ecbt c\u1ee7a lo\u1ea1i \u0111\u1ed9ng v\u1eadt n\u00e0y l\u00e0 nh\u1eefng th\u1ef1c ph\u1ea9m quen thu\u1ed9c trong t\u1eebng b\u1eefa \u0103n. \u0110\u00e2y l\u00e0 lo\u1ea1i th\u1ef1c ph\u1ea9m r\u1ea5t t\u1ed1t cho s\u1ee9c kh\u1ecfe c\u1ee7a con ng\u01b0\u1eddi. N\u1ebfu \u0111\u00e3 \u0103n m\u1ed9t l\u1ea7n r\u1ed3i th\u00ec s\u1ebd \u201cnghi\u1ec1n\u201d, m\u00f3n th\u1ecbt n\u00e0y r\u1ea5t ngon v\u00e0 \u0111\u1eb7c bi\u1ec7t<\/p>\n<h2><strong>Th\u1ecbt ng\u1ef1a kh\u00f4ng nh\u1eefng ngon m\u00e0 c\u00f2n b\u1ed5 d\u01b0\u1ee1ng<\/strong><\/h2>\n<p><strong><img loading=\"lazy\" decoding=\"async\" class=\"aligncenter wp-image-1183\" src=\"https:\/\/thucphamtienloi.com\/wp-content\/uploads\/2021\/02\/thit-ngua-1-min-404x400.jpg\" alt=\"thit-ngua-thom-ngon\" width=\"800\" height=\"792\" srcset=\"https:\/\/thucphamtienloi.com\/wp-content\/uploads\/2021\/02\/thit-ngua-1-min-404x400.jpg 404w, https:\/\/thucphamtienloi.com\/wp-content\/uploads\/2021\/02\/thit-ngua-1-min-100x100.jpg 100w, https:\/\/thucphamtienloi.com\/wp-content\/uploads\/2021\/02\/thit-ngua-1-min-510x505.jpg 510w, https:\/\/thucphamtienloi.com\/wp-content\/uploads\/2021\/02\/thit-ngua-1-min-808x800.jpg 808w, https:\/\/thucphamtienloi.com\/wp-content\/uploads\/2021\/02\/thit-ngua-1-min-768x760.jpg 768w, https:\/\/thucphamtienloi.com\/wp-content\/uploads\/2021\/02\/thit-ngua-1-min-600x594.jpg 600w, https:\/\/thucphamtienloi.com\/wp-content\/uploads\/2021\/02\/thit-ngua-1-min.jpg 955w\" sizes=\"auto, (max-width: 800px) 100vw, 800px\" \/><\/strong><\/p>\n<p>N\u1ebfu ai \u0111\u00e3 t\u1eebng th\u01b0\u1edfng th\u1ee9c m\u00f3n \u0103n t\u1eeb ng\u1ef1a r\u1ed3i, ch\u1ec9 c\u1ea7n nh\u1eafc \u0111\u1ebfn th\u00f4i \u0111\u00e3 \u0111\u1ee7 th\u00e8m, ng\u1ef1a khi ch\u1ebf bi\u1ebfn \u0103n m\u1ec1m, th\u01a1m, ng\u1eady, m\u00f9i kh\u00f4ng g\u00e2y hay ng\u1ea5y nh\u01b0 th\u1ecbt b\u00f2. C\u00f3 ng\u01b0\u1eddi chia s\u1ebb l\u1ea7n \u0111\u1ea7u \u0111\u01b0\u1ee3c \u0103n th\u1ecbt ng\u1ef1a: &#8220;\u0102n mi\u1ebfng \u0111\u1ea7u th\u00ec ph\u1ea3i g\u1eafp mi\u1ebfng th\u1ee9 hai, \u0103n h\u1ebft r\u1ed3i th\u00ec mu\u1ed1n \u0103n th\u00eam n\u1eefa, th\u1ecbt c\u00f3 v\u1ecb ng\u1ecdt \u0111\u1eadm \u0111\u00e0, kh\u00e1c l\u1ea1&#8221;<\/p>\n<h2><strong>Dinh d\u01b0\u1ee1ng c\u00f3 trong th\u1ecbt ng\u1ef1a<\/strong><\/h2>\n<p>Th\u1ecbt ng\u1ef1a kh\u00f4ng nh\u1eefng l\u00e0 m\u1ed9t lo\u1ea1i \u0111\u1eb7c s\u1ea3n l\u00e0m say \u0111\u1eafm bao ng\u01b0\u1eddi m\u00e0 \u0111\u00e2y c\u00f2n l\u00e0 m\u00f3n \u0103n r\u1ea5t t\u1ed1t cho s\u1ee9c kh\u1ecfe. Theo d\u01b0\u1ee3c s\u0129 \u0110\u1ed7 Huy \u00cdch \u1edf Vi\u1ec7n d\u01b0\u1ee3c li\u1ec7u Trung \u01af\u01a1ng, th\u00ec ng\u1ef1a ch\u1ee9a 21,5% protid, 5-7% lipid, c\u00f3 v\u1ecb ng\u1ecdt, c\u00f3 t\u00e1c d\u1ee5ng b\u1ed5 g\u00e2n, c\u01b0\u1eddng c\u01a1. C\u00f2n trong s\u1eefa ng\u1ef1a, l\u01b0\u1ee3ng protid l\u00e0 2,1% ( s\u1eefa m\u1eb9 l\u00e0 1,5% ), l\u01b0\u1ee3ng lipid l\u00e0 1,1%. Ri\u00eang c\u00e1c Vitamin A, C trong s\u1eefa ng\u1ef1a cao h\u01a1n s\u1eefa b\u00f2, c\u00f3 t\u00e1c d\u1ee5ng thanh nhi\u1ec7t, nhu\u1eadn t\u00e1o, ti\u00eau kh\u00e1t. T\u1ea1i m\u1ed9t s\u1ed1 n\u01b0\u1edbc, c\u00e1c th\u1ea7y thu\u1ed1c khoa nhi khuy\u00ean n\u00ean ung s\u1eefa ng\u1ef1a b\u1ed5 sung cho tr\u1ebb thi\u1ebfu th\u00e1ng.<\/p>\n<p><strong><img loading=\"lazy\" decoding=\"async\" class=\"aligncenter wp-image-1184\" src=\"https:\/\/thucphamtienloi.com\/wp-content\/uploads\/2021\/02\/thit-ngua-min.jpg\" alt=\"dui-ngua-tuoi\" width=\"800\" height=\"600\" \/><\/strong><\/p>\n<p>C\u00e1c m\u00f3n ngon \u0111\u01b0\u1ee3c bi\u1ebfn t\u1ea5u t\u1eeb ng\u1ef1a ph\u1ea3i k\u1ec3 \u0111\u1ebfn \u0111\u00f3 l\u00e0: S\u00fang ng\u1ef1a h\u1ea7m thu\u1ed1c b\u1eafc, Th\u1eafng c\u1ed1, Ng\u1ef1a t\u1ea3ng hun n\u1ed3ng kh\u00f3i n\u01b0\u1edbng m\u1eafc kh\u00e9n, Ng\u1ef1a chao d\u1ea7u, Ng\u1ef1a ch\u00e1y t\u1ecfi \u00e1p b\u1ea3n gang, L\u00f2ng ng\u1ef1a x\u00e0o d\u01b0a chua, Ng\u1ef1a x\u00e0o m\u0103ng tr\u00fac,\u2026 V\u1edbi m\u1ed9t th\u1ef1c \u0111\u01a1n \u0111a d\u1ea1ng m\u00f3n ng\u1ef1a th\u1ebf n\u00e0y, b\u1ea1n tha h\u1ed3 m\u00e0 th\u01b0\u1edfng th\u1ee9c h\u01b0\u01a1ng v\u1ecb \u0111\u1eb7c s\u1ea3n lu\u00f4n g\u00e2y th\u01b0\u01a1ng nh\u1edb.<\/p>\n<h2><strong>\u0110\u1ecba ch\u1ec9 mua th\u1ecbt ng\u1ef1a t\u1ea1i Tp HCM v\u00e0 H\u00e0 N\u1ed9i<\/strong><\/h2>\n<p>N\u1ebfu b\u1ea1n c\u00f3 nhu c\u1ea7u mua Th\u1ecbt Ng\u1ef1a th\u00ec b\u1ea1n h\u00e3y li\u00ean h\u1ec7 v\u1edbi Hotline : <strong class=\"uppercase\">0987.506.349\u00a0<\/strong>\u0111\u1ec3 \u0111\u01b0\u1ee3c t\u01b0 v\u1ea5n v\u00e0 \u0111\u1eb7t h\u00e0ng. Ho\u1eb7c b\u1ea1n c\u00f3 th\u1ec3 \u0111\u1ebfn tr\u1ef1c ti\u1ebfp c\u1eeda h\u00e0ng t\u1ea1i \u0111\u1ecba ch\u1ec9 sau :<\/p>\n<p><strong>T\u1ea1i S\u00e0i G\u00f2n:<\/strong>\u00a0184\/17 Nguy\u1ec5n Ph\u00fac Chu, P15, Q. T\u00e2n B\u00ecnh , TP HCM (vui l\u00f2ng g\u1ecdi tr\u01b0\u1edbc khi \u0111\u1ebfn)<\/p>\n<p><strong>T\u1ea1i H\u00e0 N\u1ed9i\u00a0 :\u00a0\u00a0<\/strong>Ph\u00f2ng 2817,Chung c\u01b0 349, V\u0169 T\u00f4ng Phan, Thanh Xu\u00e2n, H\u00e0 N\u1ed9i (vui l\u00f2ng g\u1ecdi tr\u01b0\u1edbc khi \u0111\u1ebfn)<strong><br \/>\n<\/strong><br \/>\n<strong>Facebook: <a href=\"https:\/\/www.facebook.com\/thucphamtienloiFB\">TH\u1ef0C PH\u1ea8M TI\u1ec6N L\u1ee2I<\/a><\/strong><\/p>\n","protected":false},"excerpt":{"rendered":"<p><strong>Th\u1ecbt Ng\u1ef1a<\/strong> l\u00e0\u00a0 lo\u1ea1i \u0111\u1eb7c s\u1ea3n kh\u00f4ng nh\u1eefng ngon m\u00e0 c\u00f2n b\u1ed5 d\u01b0\u1ee1ng. C\u1eeda h\u00e0ng <a href=\"https:\/\/thucphamtienloi.com\/\" target=\"_blank\" rel=\"noopener noreferrer\"><strong>Th\u1ef1c Ph\u1ea9m Ti\u1ec7n L\u1ee3i<\/strong><\/a> \u0111ang ph\u00e2n ph\u1ed1i th\u1ecbt\u00a0 ng\u1ef1a t\u01b0\u01a1i v\u1edbi <strong>gi\u00e1 300k\/kg<\/strong>. Qu\u00fd kh\u00e1ch c\u00f3 th\u1ec3 \u0111\u1eb7t mua m\u1ed9t c\u00e1ch nhanh ch\u00f3ng qua s\u1ed1 Hotline : <strong class=\"uppercase\">0987.506.349. <\/strong>Ho\u1eb7c mua h\u00e0ng tr\u1ef1c ti\u1ebfp t\u1ea1i <strong>\u0111\u1ecba ch\u1ec9 184\/17 Nguy\u1ec5n Ph\u00fac Chu &#8211; T\u00e2n B\u00ecnh &#8211; Tp HCM.<\/strong><\/p>\n","protected":false},"featured_media":1183,"comment_status":"closed","ping_status":"closed","template":"","meta":[],"product_brand":[],"product_cat":[70,71],"product_tag":[427,428,429,430,431],"class_list":{"0":"post-1176","1":"product","2":"type-product","3":"status-publish","4":"has-post-thumbnail","6":"product_cat-dac-san-mien-nam","7":"product_cat-thuc-pham-tuoi-song","8":"product_tag-thit-ngua","9":"product_tag-thit-ngua-nguyen-con","10":"product_tag-ngua-tuoi","11":"product_tag-cua-hang-ban-thit-ngua-tai-sai-gon","12":"product_tag-cua-hang-ban-thit-ngua-tai-tp-hcm","14":"first","15":"instock","16":"featured","17":"shipping-taxable","18":"purchasable","19":"product-type-simple"},"yoast_head":"<!-- This site is optimized with the Yoast SEO plugin v27.4 - https:\/\/yoast.com\/product\/yoast-seo-wordpress\/ -->\n<title>Th\u1ecbt Ng\u1ef1a T\u01b0\u01a1i S\u1ed1ng 300k\/kg<\/title>\n<meta name=\"description\" content=\"Th\u1ecbt Ng\u1ef1a l\u00e0\u00a0 lo\u1ea1i \u0111\u1eb7c s\u1ea3n kh\u00f4ng nh\u1eefng ngon m\u00e0 c\u00f2n b\u1ed5 d\u01b0\u1ee1ng. C\u1eeda h\u00e0ng Th\u1ef1c Ph\u1ea9m Ti\u1ec7n L\u1ee3i \u0111ang ph\u00e2n ph\u1ed1i th\u1ecbt ng\u1ef1a t\u01b0\u01a1i v\u1edbi gi\u00e1 300k\/kg.\" \/>\n<meta name=\"robots\" content=\"index, follow, max-snippet:-1, max-image-preview:large, max-video-preview:-1\" \/>\n<link rel=\"canonical\" href=\"https:\/\/thucphamtienloi.com\/?product=thit-ngua-tuoi-song\" \/>\n<meta property=\"og:locale\" content=\"vi_VN\" \/>\n<meta property=\"og:type\" content=\"article\" \/>\n<meta property=\"og:title\" content=\"Th\u1ecbt Ng\u1ef1a T\u01b0\u01a1i S\u1ed1ng 300k\/kg\" \/>\n<meta property=\"og:description\" content=\"Th\u1ecbt Ng\u1ef1a l\u00e0\u00a0 lo\u1ea1i \u0111\u1eb7c s\u1ea3n kh\u00f4ng nh\u1eefng ngon m\u00e0 c\u00f2n b\u1ed5 d\u01b0\u1ee1ng. C\u1eeda h\u00e0ng Th\u1ef1c Ph\u1ea9m Ti\u1ec7n L\u1ee3i \u0111ang ph\u00e2n ph\u1ed1i th\u1ecbt ng\u1ef1a t\u01b0\u01a1i v\u1edbi gi\u00e1 300k\/kg.\" \/>\n<meta property=\"og:url\" content=\"https:\/\/thucphamtienloi.com\/?product=thit-ngua-tuoi-song\" \/>\n<meta property=\"og:site_name\" content=\"\u1ea8M TH\u1ef0C BA MI\u1ec0N\" \/>\n<meta property=\"article:modified_time\" content=\"2026-04-15T05:32:55+00:00\" \/>\n<meta property=\"og:image\" content=\"https:\/\/thucphamtienloi.com\/wp-content\/uploads\/2021\/02\/thit-ngua-1-min.jpg\" \/>\n\t<meta property=\"og:image:width\" content=\"955\" \/>\n\t<meta property=\"og:image:height\" content=\"945\" \/>\n\t<meta property=\"og:image:type\" content=\"image\/jpeg\" \/>\n<meta name=\"twitter:card\" content=\"summary_large_image\" \/>\n<meta name=\"twitter:label1\" content=\"\u01af\u1edbc t\u00ednh th\u1eddi gian \u0111\u1ecdc\" \/>\n\t<meta name=\"twitter:data1\" content=\"4 ph\u00fat\" \/>\n<script type=\"application\/ld+json\" class=\"yoast-schema-graph\">{\"@context\":\"https:\\\/\\\/schema.org\",\"@graph\":[{\"@type\":[\"WebPage\",\"ItemPage\"],\"@id\":\"https:\\\/\\\/thucphamtienloi.com\\\/?product=thit-ngua-tuoi-song\",\"url\":\"https:\\\/\\\/thucphamtienloi.com\\\/?product=thit-ngua-tuoi-song\",\"name\":\"Th\u1ecbt Ng\u1ef1a T\u01b0\u01a1i S\u1ed1ng 300k\\\/kg\",\"isPartOf\":{\"@id\":\"https:\\\/\\\/thucphamtienloi.com\\\/#website\"},\"primaryImageOfPage\":{\"@id\":\"https:\\\/\\\/thucphamtienloi.com\\\/?product=thit-ngua-tuoi-song#primaryimage\"},\"image\":{\"@id\":\"https:\\\/\\\/thucphamtienloi.com\\\/?product=thit-ngua-tuoi-song#primaryimage\"},\"thumbnailUrl\":\"https:\\\/\\\/thucphamtienloi.com\\\/wp-content\\\/uploads\\\/2021\\\/02\\\/thit-ngua-1-min.jpg\",\"datePublished\":\"2021-02-07T01:39:04+00:00\",\"dateModified\":\"2026-04-15T05:32:55+00:00\",\"description\":\"Th\u1ecbt Ng\u1ef1a l\u00e0\u00a0 lo\u1ea1i \u0111\u1eb7c s\u1ea3n kh\u00f4ng nh\u1eefng ngon m\u00e0 c\u00f2n b\u1ed5 d\u01b0\u1ee1ng. C\u1eeda h\u00e0ng Th\u1ef1c Ph\u1ea9m Ti\u1ec7n L\u1ee3i \u0111ang ph\u00e2n ph\u1ed1i th\u1ecbt ng\u1ef1a t\u01b0\u01a1i v\u1edbi gi\u00e1 300k\\\/kg.\",\"breadcrumb\":{\"@id\":\"https:\\\/\\\/thucphamtienloi.com\\\/?product=thit-ngua-tuoi-song#breadcrumb\"},\"inLanguage\":\"vi\",\"potentialAction\":[{\"@type\":\"ReadAction\",\"target\":[\"https:\\\/\\\/thucphamtienloi.com\\\/?product=thit-ngua-tuoi-song\"]}]},{\"@type\":\"ImageObject\",\"inLanguage\":\"vi\",\"@id\":\"https:\\\/\\\/thucphamtienloi.com\\\/?product=thit-ngua-tuoi-song#primaryimage\",\"url\":\"https:\\\/\\\/thucphamtienloi.com\\\/wp-content\\\/uploads\\\/2021\\\/02\\\/thit-ngua-1-min.jpg\",\"contentUrl\":\"https:\\\/\\\/thucphamtienloi.com\\\/wp-content\\\/uploads\\\/2021\\\/02\\\/thit-ngua-1-min.jpg\",\"width\":955,\"height\":945,\"caption\":\"Th\u1ecbt Ng\u1ef1a T\u01b0\u01a1i S\u1ed1ng 300k\\\/kg\"},{\"@type\":\"BreadcrumbList\",\"@id\":\"https:\\\/\\\/thucphamtienloi.com\\\/?product=thit-ngua-tuoi-song#breadcrumb\",\"itemListElement\":[{\"@type\":\"ListItem\",\"position\":1,\"name\":\"Trang ch\u1ee7\",\"item\":\"https:\\\/\\\/thucphamtienloi.com\\\/\"},{\"@type\":\"ListItem\",\"position\":2,\"name\":\"C\u1eeda H\u00e0ng\",\"item\":\"https:\\\/\\\/thucphamtienloi.com\\\/?page_id=3334\"},{\"@type\":\"ListItem\",\"position\":3,\"name\":\"Th\u1ef1c Ph\u1ea9m T\u01b0\u01a1i S\u1ed1ng\",\"item\":\"https:\\\/\\\/thucphamtienloi.com\\\/danh-muc-san-pham\\\/thuc-pham-tuoi-song\\\/\"},{\"@type\":\"ListItem\",\"position\":4,\"name\":\"Th\u1ecbt Ng\u1ef1a T\u01b0\u01a1i S\u1ed1ng 300k\\\/kg\"}]},{\"@type\":\"WebSite\",\"@id\":\"https:\\\/\\\/thucphamtienloi.com\\\/#website\",\"url\":\"https:\\\/\\\/thucphamtienloi.com\\\/\",\"name\":\"Th\u1ef1c ph\u1ea9m ti\u1ec7n l\u1ee3i\",\"description\":\"\u1ea8m Th\u1ef1c Qu\u00ea H\u01b0\u01a1ng\",\"publisher\":{\"@id\":\"https:\\\/\\\/thucphamtienloi.com\\\/#organization\"},\"potentialAction\":[{\"@type\":\"SearchAction\",\"target\":{\"@type\":\"EntryPoint\",\"urlTemplate\":\"https:\\\/\\\/thucphamtienloi.com\\\/?s={search_term_string}\"},\"query-input\":{\"@type\":\"PropertyValueSpecification\",\"valueRequired\":true,\"valueName\":\"search_term_string\"}}],\"inLanguage\":\"vi\"},{\"@type\":\"Organization\",\"@id\":\"https:\\\/\\\/thucphamtienloi.com\\\/#organization\",\"name\":\"Th\u1ef1c ph\u1ea9m ti\u1ec7n l\u1ee3i\",\"url\":\"https:\\\/\\\/thucphamtienloi.com\\\/\",\"logo\":{\"@type\":\"ImageObject\",\"inLanguage\":\"vi\",\"@id\":\"https:\\\/\\\/thucphamtienloi.com\\\/#\\\/schema\\\/logo\\\/image\\\/\",\"url\":\"https:\\\/\\\/thucphamtienloi.com\\\/wp-content\\\/uploads\\\/2022\\\/07\\\/THU\u031b\u0323C-PHA\u0302\u0309M-TIE\u0323\u0302N-LO\u031b\u0323I.png\",\"contentUrl\":\"https:\\\/\\\/thucphamtienloi.com\\\/wp-content\\\/uploads\\\/2022\\\/07\\\/THU\u031b\u0323C-PHA\u0302\u0309M-TIE\u0323\u0302N-LO\u031b\u0323I.png\",\"width\":1920,\"height\":1080,\"caption\":\"Th\u1ef1c ph\u1ea9m ti\u1ec7n l\u1ee3i\"},\"image\":{\"@id\":\"https:\\\/\\\/thucphamtienloi.com\\\/#\\\/schema\\\/logo\\\/image\\\/\"}}]}<\/script>\n<!-- \/ Yoast SEO plugin. -->","yoast_head_json":{"title":"Th\u1ecbt Ng\u1ef1a T\u01b0\u01a1i S\u1ed1ng 300k\/kg","description":"Th\u1ecbt Ng\u1ef1a l\u00e0\u00a0 lo\u1ea1i \u0111\u1eb7c s\u1ea3n kh\u00f4ng nh\u1eefng ngon m\u00e0 c\u00f2n b\u1ed5 d\u01b0\u1ee1ng. C\u1eeda h\u00e0ng Th\u1ef1c Ph\u1ea9m Ti\u1ec7n L\u1ee3i \u0111ang ph\u00e2n ph\u1ed1i th\u1ecbt ng\u1ef1a t\u01b0\u01a1i v\u1edbi gi\u00e1 300k\/kg.","robots":{"index":"index","follow":"follow","max-snippet":"max-snippet:-1","max-image-preview":"max-image-preview:large","max-video-preview":"max-video-preview:-1"},"canonical":"https:\/\/thucphamtienloi.com\/?product=thit-ngua-tuoi-song","og_locale":"vi_VN","og_type":"article","og_title":"Th\u1ecbt Ng\u1ef1a T\u01b0\u01a1i S\u1ed1ng 300k\/kg","og_description":"Th\u1ecbt Ng\u1ef1a l\u00e0\u00a0 lo\u1ea1i \u0111\u1eb7c s\u1ea3n kh\u00f4ng nh\u1eefng ngon m\u00e0 c\u00f2n b\u1ed5 d\u01b0\u1ee1ng. C\u1eeda h\u00e0ng Th\u1ef1c Ph\u1ea9m Ti\u1ec7n L\u1ee3i \u0111ang ph\u00e2n ph\u1ed1i th\u1ecbt ng\u1ef1a t\u01b0\u01a1i v\u1edbi gi\u00e1 300k\/kg.","og_url":"https:\/\/thucphamtienloi.com\/?product=thit-ngua-tuoi-song","og_site_name":"\u1ea8M TH\u1ef0C BA MI\u1ec0N","article_modified_time":"2026-04-15T05:32:55+00:00","og_image":[{"width":955,"height":945,"url":"https:\/\/thucphamtienloi.com\/wp-content\/uploads\/2021\/02\/thit-ngua-1-min.jpg","type":"image\/jpeg"}],"twitter_card":"summary_large_image","twitter_misc":{"\u01af\u1edbc t\u00ednh th\u1eddi gian \u0111\u1ecdc":"4 ph\u00fat"},"schema":{"@context":"https:\/\/schema.org","@graph":[{"@type":["WebPage","ItemPage"],"@id":"https:\/\/thucphamtienloi.com\/?product=thit-ngua-tuoi-song","url":"https:\/\/thucphamtienloi.com\/?product=thit-ngua-tuoi-song","name":"Th\u1ecbt Ng\u1ef1a T\u01b0\u01a1i S\u1ed1ng 300k\/kg","isPartOf":{"@id":"https:\/\/thucphamtienloi.com\/#website"},"primaryImageOfPage":{"@id":"https:\/\/thucphamtienloi.com\/?product=thit-ngua-tuoi-song#primaryimage"},"image":{"@id":"https:\/\/thucphamtienloi.com\/?product=thit-ngua-tuoi-song#primaryimage"},"thumbnailUrl":"https:\/\/thucphamtienloi.com\/wp-content\/uploads\/2021\/02\/thit-ngua-1-min.jpg","datePublished":"2021-02-07T01:39:04+00:00","dateModified":"2026-04-15T05:32:55+00:00","description":"Th\u1ecbt Ng\u1ef1a l\u00e0\u00a0 lo\u1ea1i \u0111\u1eb7c s\u1ea3n kh\u00f4ng nh\u1eefng ngon m\u00e0 c\u00f2n b\u1ed5 d\u01b0\u1ee1ng. C\u1eeda h\u00e0ng Th\u1ef1c Ph\u1ea9m Ti\u1ec7n L\u1ee3i \u0111ang ph\u00e2n ph\u1ed1i th\u1ecbt ng\u1ef1a t\u01b0\u01a1i v\u1edbi gi\u00e1 300k\/kg.","breadcrumb":{"@id":"https:\/\/thucphamtienloi.com\/?product=thit-ngua-tuoi-song#breadcrumb"},"inLanguage":"vi","potentialAction":[{"@type":"ReadAction","target":["https:\/\/thucphamtienloi.com\/?product=thit-ngua-tuoi-song"]}]},{"@type":"ImageObject","inLanguage":"vi","@id":"https:\/\/thucphamtienloi.com\/?product=thit-ngua-tuoi-song#primaryimage","url":"https:\/\/thucphamtienloi.com\/wp-content\/uploads\/2021\/02\/thit-ngua-1-min.jpg","contentUrl":"https:\/\/thucphamtienloi.com\/wp-content\/uploads\/2021\/02\/thit-ngua-1-min.jpg","width":955,"height":945,"caption":"Th\u1ecbt Ng\u1ef1a T\u01b0\u01a1i S\u1ed1ng 300k\/kg"},{"@type":"BreadcrumbList","@id":"https:\/\/thucphamtienloi.com\/?product=thit-ngua-tuoi-song#breadcrumb","itemListElement":[{"@type":"ListItem","position":1,"name":"Trang ch\u1ee7","item":"https:\/\/thucphamtienloi.com\/"},{"@type":"ListItem","position":2,"name":"C\u1eeda H\u00e0ng","item":"https:\/\/thucphamtienloi.com\/?page_id=3334"},{"@type":"ListItem","position":3,"name":"Th\u1ef1c Ph\u1ea9m T\u01b0\u01a1i S\u1ed1ng","item":"https:\/\/thucphamtienloi.com\/danh-muc-san-pham\/thuc-pham-tuoi-song\/"},{"@type":"ListItem","position":4,"name":"Th\u1ecbt Ng\u1ef1a T\u01b0\u01a1i S\u1ed1ng 300k\/kg"}]},{"@type":"WebSite","@id":"https:\/\/thucphamtienloi.com\/#website","url":"https:\/\/thucphamtienloi.com\/","name":"Th\u1ef1c ph\u1ea9m ti\u1ec7n l\u1ee3i","description":"\u1ea8m Th\u1ef1c Qu\u00ea H\u01b0\u01a1ng","publisher":{"@id":"https:\/\/thucphamtienloi.com\/#organization"},"potentialAction":[{"@type":"SearchAction","target":{"@type":"EntryPoint","urlTemplate":"https:\/\/thucphamtienloi.com\/?s={search_term_string}"},"query-input":{"@type":"PropertyValueSpecification","valueRequired":true,"valueName":"search_term_string"}}],"inLanguage":"vi"},{"@type":"Organization","@id":"https:\/\/thucphamtienloi.com\/#organization","name":"Th\u1ef1c ph\u1ea9m ti\u1ec7n l\u1ee3i","url":"https:\/\/thucphamtienloi.com\/","logo":{"@type":"ImageObject","inLanguage":"vi","@id":"https:\/\/thucphamtienloi.com\/#\/schema\/logo\/image\/","url":"https:\/\/thucphamtienloi.com\/wp-content\/uploads\/2022\/07\/THU\u031b\u0323C-PHA\u0302\u0309M-TIE\u0323\u0302N-LO\u031b\u0323I.png","contentUrl":"https:\/\/thucphamtienloi.com\/wp-content\/uploads\/2022\/07\/THU\u031b\u0323C-PHA\u0302\u0309M-TIE\u0323\u0302N-LO\u031b\u0323I.png","width":1920,"height":1080,"caption":"Th\u1ef1c ph\u1ea9m ti\u1ec7n l\u1ee3i"},"image":{"@id":"https:\/\/thucphamtienloi.com\/#\/schema\/logo\/image\/"}}]}},"_links":{"self":[{"href":"https:\/\/thucphamtienloi.com\/index.php?rest_route=\/wp\/v2\/product\/1176","targetHints":{"allow":["GET"]}}],"collection":[{"href":"https:\/\/thucphamtienloi.com\/index.php?rest_route=\/wp\/v2\/product"}],"about":[{"href":"https:\/\/thucphamtienloi.com\/index.php?rest_route=\/wp\/v2\/types\/product"}],"replies":[{"embeddable":true,"href":"https:\/\/thucphamtienloi.com\/index.php?rest_route=%2Fwp%2Fv2%2Fcomments&post=1176"}],"wp:featuredmedia":[{"embeddable":true,"href":"https:\/\/thucphamtienloi.com\/index.php?rest_route=\/wp\/v2\/media\/1183"}],"wp:attachment":[{"href":"https:\/\/thucphamtienloi.com\/index.php?rest_route=%2Fwp%2Fv2%2Fmedia&parent=1176"}],"wp:term":[{"taxonomy":"product_brand","embeddable":true,"href":"https:\/\/thucphamtienloi.com\/index.php?rest_route=%2Fwp%2Fv2%2Fproduct_brand&post=1176"},{"taxonomy":"product_cat","embeddable":true,"href":"https:\/\/thucphamtienloi.com\/index.php?rest_route=%2Fwp%2Fv2%2Fproduct_cat&post=1176"},{"taxonomy":"product_tag","embeddable":true,"href":"https:\/\/thucphamtienloi.com\/index.php?rest_route=%2Fwp%2Fv2%2Fproduct_tag&post=1176"}],"curies":[{"name":"wp","href":"https:\/\/api.w.org\/{rel}","templated":true}]}}