{"id":1626,"date":"2021-05-08T03:00:49","date_gmt":"2021-05-08T03:00:49","guid":{"rendered":"https:\/\/thucphamtienloi.com\/?post_type=product&#038;p=1626"},"modified":"2025-10-19T16:14:45","modified_gmt":"2025-10-19T16:14:45","slug":"trung-ngong-tai-sai-gon","status":"publish","type":"product","link":"https:\/\/thucphamtienloi.com\/?product=trung-ngong-tai-sai-gon","title":{"rendered":"Tr\u1ee9ng Ng\u1ed7ng T\u01b0\u01a1i Ngon T\u1ea1i S\u00e0i G\u00f2n"},"content":{"rendered":"<p><strong>Tr\u1ee9ng Ng\u1ed7ng<\/strong> theo quan ni\u1ec7m d\u00e2n gian s\u1ebd gi\u00fap thai nhi kho\u1ebb m\u1ea1nh v\u00e0 th\u00f4ng minh h\u01a1n. B\u1ea1n kh\u00f4ng c\u1ea7n ph\u1ea3i t\u1ed1n c\u00f4ng \u0111i mua t\u1ea1i nh\u1eefng trang tr\u1ea1i xa x\u00f4i. Ch\u1ec9 c\u1ea7n \u0111\u1eb7t h\u00e0ng t\u1ea1i <span style=\"color: #0000ff;\"><a style=\"color: #0000ff;\" href=\"https:\/\/thucphamtienloi.com\/\" target=\"_blank\" rel=\"noopener noreferrer\"><strong>Th\u1ef1c Ph\u1ea9m Ti\u1ec7n L\u1ee3i<\/strong> <\/a><\/span>l\u00e0 \u0111\u00e3 c\u00f3 ngay tr\u1ee9ng ng\u1ed7ng t\u01b0\u01a1i ngon t\u1ea1i nh\u00e0. <strong>Hotline \u0111\u1eb7t h\u00e0ng : 0987.506.349.<\/strong><\/p>\n<h2><strong>\u0110\u1eb7c \u0111i\u1ec3m n\u1ed5i tr\u1ed9i c\u1ee7a tr\u1ee9ng ng\u1ed7ng<\/strong><\/h2>\n<p>Tr\u1ee9ng ng\u1ed7ng l\u00e0nh t\u00ednh. Do \u0111\u00f3, r\u1ea5t t\u1ed1t \u0111\u1ed1i v\u1edbi s\u1ee9c kh\u1ecfe con ng\u01b0\u1eddi \u0111\u1eb7c bi\u1ec7t v\u1edbi c\u00e1c b\u00e0 b\u1ea7u , m\u1eb9 b\u1ea7u c\u00f3 th\u1ec3 \u0103n v\u00e0o b\u1ea5t k\u1ef3 th\u1eddi gian n\u00e0o trong thai k\u1ef3. Kh\u00f4ng c\u1ea7n ph\u1ea3i b\u0103n kho\u0103n v\u1ec1 t\u00e1c \u0111\u1ed9ng c\u1ee7a ch\u00fang \u0111\u1ed1i v\u1edbi s\u1ee9c kh\u1ecfe c\u1ee7a m\u1eb9 hay s\u1ef1 ph\u00e1t tri\u1ec3n c\u1ee7a b\u00e9.<\/p>\n<h2><strong><img loading=\"lazy\" decoding=\"async\" class=\"alignundefined wp-image-1629 aligncenter\" src=\"https:\/\/thucphamtienloi.com\/wp-content\/uploads\/2021\/05\/trung-ngong-400x400.jpg\" alt=\"dac-diem-cua-trung-ngong\" width=\"800\" height=\"800\" srcset=\"https:\/\/thucphamtienloi.com\/wp-content\/uploads\/2021\/05\/trung-ngong-400x400.jpg 400w, https:\/\/thucphamtienloi.com\/wp-content\/uploads\/2021\/05\/trung-ngong-247x247.jpg 247w, https:\/\/thucphamtienloi.com\/wp-content\/uploads\/2021\/05\/trung-ngong-100x100.jpg 100w, https:\/\/thucphamtienloi.com\/wp-content\/uploads\/2021\/05\/trung-ngong-510x510.jpg 510w, https:\/\/thucphamtienloi.com\/wp-content\/uploads\/2021\/05\/trung-ngong-280x280.jpg 280w, https:\/\/thucphamtienloi.com\/wp-content\/uploads\/2021\/05\/trung-ngong-300x300.jpg 300w, https:\/\/thucphamtienloi.com\/wp-content\/uploads\/2021\/05\/trung-ngong.jpg 520w\" sizes=\"auto, (max-width: 800px) 100vw, 800px\" \/><\/strong><\/h2>\n<p>Tr\u1ee9ng ng\u1ed7ng n\u1eb7ng g\u1ea5p 4 l\u1ea7n so v\u1edbi tr\u1ee9ng g\u00e0. C\u00f3 ch\u1ee9a t\u1edbi 13,5% protein, 13,2% lipid v\u00e0 r\u1ea5t nhi\u1ec1u vitamin A, vitamin B1, Vitamin B2, c\u00e1c kho\u00e1ng ch\u1ea5t thi\u1ebft y\u1ebfu \u0111\u1ed1i v\u1edbi c\u01a1 th\u1ec3 con ng\u01b0\u1eddi. Nh\u1eefng d\u01b0\u1ee1ng ch\u1ea5t b\u00ean trong tr\u1ee9ng l\u00e0 nh\u1eefng th\u1ee9 m\u1eb9 c\u1ea7n trong su\u1ed1t qu\u00e1 tr\u00ecnh mang thai.Gi\u00e1 tr\u1ecb dinh d\u01b0\u1ee1ng trong 100 g tr\u1ee9ng ng\u1ed7ng g\u1ed3m: 13 g<strong>\u00a0protein<\/strong>; 14,2 g\u00a0<strong>lipid<\/strong>; 360 mcg\u00a0<strong>vitamin A<\/strong>; 71 mg\u00a0<strong>canxi<\/strong>; 210 mg\u00a0<strong>phosphor<\/strong>; 3,2 mg\u00a0<strong>s\u1eaft<\/strong>; 0,15 mg<strong>\u00a0vitamin B1<\/strong>; 0,3 mg\u00a0<strong>vitamin B2<\/strong>; 0,1 mg\u00a0<strong>vitamin PP,<\/strong>\u2026 H\u00e0m l\u01b0\u1ee3ng protein cao, \u0111\u00e2y \u0111\u01b0\u1ee3c xem nh\u01b0 m\u1ed9t ngu\u1ed3n cung c\u1ea5p protein d\u1ed3i d\u00e0o cho m\u1eb9 v\u00e0 b\u00e9<\/p>\n<h2><strong>T\u00e1c d\u1ee5ng c\u1ee7a tr\u1ee9ng ng\u1ed7ng \u00a0<\/strong><\/h2>\n<p><strong>H\u1ed7 tr\u1ee3 thai nhi ph\u00e1t tri\u1ec3n tr\u00ed n\u00e3o<br \/>\n<\/strong><br \/>\nM\u1ed9t s\u1ed1 chuy\u00ean gia \u0111\u00e3 \u0111\u01b0a ra l\u1eddi khuy\u00ean r\u1eb1ng m\u1eb9 b\u1ea7u \u0103n tr\u1ee9ng s\u1ebd c\u00f3 \u00edch cho thai nhi. So v\u1edbi c\u00e1c lo\u1ea1i tr\u1ee9ng kh\u00e1c, l\u00f2ng \u0111\u1ecf tr\u1ee9ng c\u00f3 ch\u1ee9a h\u01a1n m\u1ed9t n\u1eeda lecithin trong th\u00e0nh ph\u1ea7n dinh d\u01b0\u1ee1ng.\u00a0<strong>Lecithin<\/strong>\u00a0l\u00e0 h\u1ee3p ch\u1ea5t r\u1ea5t c\u00f3 l\u1ee3i c\u1ee7a n\u00e3o b\u1ed9 v\u00e0 m\u00f4 th\u1ea7n kinh. V\u00ec v\u1eady, n\u1ebfu \u0103n lo\u1ea1i tr\u1ee9ng n\u00e0y khi mang thai, m\u1eb9 s\u1ebd t\u1ea1o th\u00eam \u0111i\u1ec1u ki\u1ec7n \u0111\u1ec3 con y\u00eau tr\u1edf n\u00ean th\u00f4ng minh h\u01a1n.Ng\u0103n ng\u1eeba c\u1ea3m l\u1ea1nh<\/p>\n<p>V\u00e0o nh\u1eefng ng\u00e0y th\u1eddi ti\u1ebft thay \u0111\u1ed5i th\u1ea5t th\u01b0\u1eddng, m\u1eb9 b\u1ea7u d\u1ec5 b\u1ecb c\u1ea3m l\u1ea1nh v\u00e0 th\u1ea5y kh\u00f4ng \u0111\u01b0\u1ee3c tho\u1ea3i m\u00e1i. Do \u0111\u00f3, \u0111\u1ec3 \u0111\u1ec1 ph\u00f2ng c\u1ea3m l\u1ea1nh, m\u1eb9 c\u00f3 th\u1ec3 th\u00eam tr\u1ee9ng ng\u1ed7ng v\u00e0o kh\u1ea9u ph\u1ea7n \u0103n. C\u00e1ch n\u00e0y s\u1ebd gi\u00fap m\u1eb9 b\u1ea7u c\u00f3 \u0111\u01b0\u1ee3c nhi\u1ec1u n\u0103ng l\u01b0\u1ee3ng h\u01a1n trong c\u00e1c ho\u1ea1t \u0111\u1ed9ng h\u00e0ng ng\u00e0y. B\u1ea3o v\u1ec7 c\u01a1 th\u1ec3 kh\u1ecfi b\u1ec7nh t\u1eadt do trong tr\u1ee9ng ch\u1ee9a nhi\u1ec1u vitamin v\u00e0 kho\u00e1ng ch\u1ea5t.<\/p>\n<h2><strong><img loading=\"lazy\" decoding=\"async\" class=\"aligncenter wp-image-1628\" src=\"https:\/\/thucphamtienloi.com\/wp-content\/uploads\/2021\/05\/trung-ngong-1-400x400.jpg\" alt=\"tac-dung-cua-trung-ngon\" width=\"800\" height=\"800\" srcset=\"https:\/\/thucphamtienloi.com\/wp-content\/uploads\/2021\/05\/trung-ngong-1-400x400.jpg 400w, https:\/\/thucphamtienloi.com\/wp-content\/uploads\/2021\/05\/trung-ngong-1-247x247.jpg 247w, https:\/\/thucphamtienloi.com\/wp-content\/uploads\/2021\/05\/trung-ngong-1-100x100.jpg 100w, https:\/\/thucphamtienloi.com\/wp-content\/uploads\/2021\/05\/trung-ngong-1-510x510.jpg 510w, https:\/\/thucphamtienloi.com\/wp-content\/uploads\/2021\/05\/trung-ngong-1-280x280.jpg 280w, https:\/\/thucphamtienloi.com\/wp-content\/uploads\/2021\/05\/trung-ngong-1-300x300.jpg 300w, https:\/\/thucphamtienloi.com\/wp-content\/uploads\/2021\/05\/trung-ngong-1.jpg 520w\" sizes=\"auto, (max-width: 800px) 100vw, 800px\" \/><\/strong><\/h2>\n<p id=\"tang-cuong-tri-nho\" class=\"ftwp-heading\"><strong>T\u0103ng c\u01b0\u1eddng tr\u00ed nh\u1edb<\/strong><\/p>\n<p>Trong th\u1eddi k\u1ef3 mang thai, do s\u1ef1 kh\u00f3 ch\u1ecbu v\u1ec1 th\u1ec3 ch\u1ea5t ho\u1eb7c s\u1ef1 \u1ea3nh h\u01b0\u1edfng c\u1ee7a m\u00f4i tr\u01b0\u1eddng xung quanh. M\u1eb9 d\u1ec5 c\u1ea3m th\u1ea5y kh\u00f3 ch\u1ecbu ho\u1eb7c th\u1eadm ch\u00ed suy gi\u1ea3m tr\u00ed nh\u1edb. V\u00e0o th\u1eddi gian n\u00e0y, m\u1eb9 c\u00f3 th\u1ec3 \u0103n s\u00e1ng v\u1edbi tr\u1ee9ng lu\u1ed9c. C\u00e1ch kh\u00e1c \u0111\u00f3 l\u00e0 \u0111\u1eadp tr\u1ee9ng ng\u1ed7ng v\u00e0o b\u00e1t, khu\u1ea5y \u0111\u1ec1u, h\u1ea5p ch\u00edn. Sau 5 ng\u00e0y, m\u1eb9 s\u1ebd c\u1ea3m th\u1ea5y tr\u00ed nh\u1edb \u0111\u01b0\u1ee3c c\u1ea3i thi\u1ec7n kh\u00e1 nhi\u1ec1u.<\/p>\n<h2><strong>\u0110\u1ecba ch\u1ec9 mua tr\u1ee9ng ng\u1ed7ng t\u1ea1i H\u00e0 N\u1ed9i v\u00e0 Tp HCM<\/strong><\/h2>\n<p>Qu\u00fd kh\u00e1ch c\u00f3 nhu c\u1ea7u \u0111\u1eb7t mua Tr\u1ee9ng Ng\u1ed7ng vui l\u00f2ng li\u00ean h\u1ec7 :<\/p>\n<p><strong>Hotline\/Zalo:<\/strong>\u00a0<strong class=\"uppercase\">0987.506.349<\/strong><\/p>\n<p><strong>\u0110\u1ecba ch\u1ec9 c\u1eeda h\u00e0ng :\u00a0<\/strong><\/p>\n<p><strong>T\u1ea1i S\u00e0i G\u00f2n:<\/strong>\u00a0184\/17 Nguy\u1ec5n Ph\u00fac Chu, P15, Q. T\u00e2n B\u00ecnh , TP HCM (vui l\u00f2ng g\u1ecdi tr\u01b0\u1edbc khi \u0111\u1ebfn)<\/p>\n<p><strong>T\u1ea1i H\u00e0 N\u1ed9i\u00a0 :\u00a0\u00a0<\/strong>PH\u00f2ng 2817,Chung c\u01b0 349,V\u0169 T\u00f4ng Phan,Thanh Xu\u00e2n, H\u00e0 N\u1ed9i (vui l\u00f2ng g\u1ecdi tr\u01b0\u1edbc khi \u0111\u1ebfn)<strong><br \/>\n<\/strong><br \/>\n<strong>Facebook:\u00a0<a href=\"https:\/\/www.facebook.com\/cuahang3mien\/\">https:\/\/www.facebook.com\/cuahang3mien<\/a><\/strong><\/p>\n","protected":false},"excerpt":{"rendered":"<p>Tr\u1ee9ng Ng\u1ed7ng theo quan ni\u1ec7m d\u00e2n gian s\u1ebd gi\u00fap thai nhi kho\u1ebb m\u1ea1nh v\u00e0 th\u00f4ng minh h\u01a1n. B\u1ea1n kh\u00f4ng c\u1ea7n ph\u1ea3i t\u1ed1n c\u00f4ng \u0111i mua t\u1ea1i nh\u1eefng trang tr\u1ea1i xa x\u00f4i. Ch\u1ec9 c\u1ea7n \u0111\u1eb7t h\u00e0ng t\u1ea1i Th\u1ef1c Ph\u1ea9m Ti\u1ec7n L\u1ee3i l\u00e0 \u0111\u00e3 c\u00f3 ngay tr\u1ee9ng ng\u1ed7ng t\u01b0\u01a1i ngon t\u1ea1i nh\u00e0. Hotline \u0111\u1eb7t h\u00e0ng : 0987.506.349. [&#8230;]\n","protected":false},"featured_media":1629,"comment_status":"closed","ping_status":"closed","template":"","meta":[],"product_brand":[],"product_cat":[71],"product_tag":[677,678,679,680],"class_list":{"0":"post-1626","1":"product","2":"type-product","3":"status-publish","4":"has-post-thumbnail","6":"product_cat-thuc-pham-tuoi-song","7":"product_tag-trung-ngong","8":"product_tag-ban-trung-ngong-tai-sai-gon","9":"product_tag-mua-trung-ngong-tai-sai-gon","10":"product_tag-ban-trung-ngong-tai-tphcm","12":"first","13":"instock","14":"sale","15":"shipping-taxable","16":"purchasable","17":"product-type-simple"},"yoast_head":"<!-- This site is optimized with the Yoast SEO plugin v27.4 - https:\/\/yoast.com\/product\/yoast-seo-wordpress\/ -->\n<title>Tr\u1ee9ng Ng\u1ed7ng T\u01b0\u01a1i Ngon T\u1ea1i S\u00e0i G\u00f2n - \u1ea8M TH\u1ef0C BA MI\u1ec0N<\/title>\n<meta name=\"description\" content=\"Tr\u1ee9ng Ng\u1ed7ng theo quan ni\u1ec7m d\u00e2n gian s\u1ebd gi\u00fap thai nhi kho\u1ebb m\u1ea1nh v\u00e0 th\u00f4ng minh h\u01a1n. \u0111\u1eb7t h\u00e0ng t\u1ea1i Th\u1ef1c Ph\u1ea9m Ti\u1ec7n L\u1ee3i l\u00e0 c\u00f3 ngay tr\u1ee9ng ng\u1ed7ng t\u1ea1i nh\u00e0.\" \/>\n<meta name=\"robots\" content=\"index, follow, max-snippet:-1, max-image-preview:large, max-video-preview:-1\" \/>\n<link rel=\"canonical\" href=\"https:\/\/thucphamtienloi.com\/?product=trung-ngong-tai-sai-gon\" \/>\n<meta property=\"og:locale\" content=\"vi_VN\" \/>\n<meta property=\"og:type\" content=\"article\" \/>\n<meta property=\"og:title\" content=\"Tr\u1ee9ng Ng\u1ed7ng T\u01b0\u01a1i Ngon T\u1ea1i S\u00e0i G\u00f2n - \u1ea8M TH\u1ef0C BA MI\u1ec0N\" \/>\n<meta property=\"og:description\" content=\"Tr\u1ee9ng Ng\u1ed7ng theo quan ni\u1ec7m d\u00e2n gian s\u1ebd gi\u00fap thai nhi kho\u1ebb m\u1ea1nh v\u00e0 th\u00f4ng minh h\u01a1n. \u0111\u1eb7t h\u00e0ng t\u1ea1i Th\u1ef1c Ph\u1ea9m Ti\u1ec7n L\u1ee3i l\u00e0 c\u00f3 ngay tr\u1ee9ng ng\u1ed7ng t\u1ea1i nh\u00e0.\" \/>\n<meta property=\"og:url\" content=\"https:\/\/thucphamtienloi.com\/?product=trung-ngong-tai-sai-gon\" \/>\n<meta property=\"og:site_name\" content=\"\u1ea8M TH\u1ef0C BA MI\u1ec0N\" \/>\n<meta property=\"article:modified_time\" content=\"2025-10-19T16:14:45+00:00\" \/>\n<meta property=\"og:image\" content=\"https:\/\/thucphamtienloi.com\/wp-content\/uploads\/2021\/05\/trung-ngong.jpg\" \/>\n\t<meta property=\"og:image:width\" content=\"520\" \/>\n\t<meta property=\"og:image:height\" content=\"520\" \/>\n\t<meta property=\"og:image:type\" content=\"image\/jpeg\" \/>\n<meta name=\"twitter:card\" content=\"summary_large_image\" \/>\n<meta name=\"twitter:label1\" content=\"\u01af\u1edbc t\u00ednh th\u1eddi gian \u0111\u1ecdc\" \/>\n\t<meta name=\"twitter:data1\" content=\"4 ph\u00fat\" \/>\n<script type=\"application\/ld+json\" class=\"yoast-schema-graph\">{\"@context\":\"https:\\\/\\\/schema.org\",\"@graph\":[{\"@type\":[\"WebPage\",\"ItemPage\"],\"@id\":\"https:\\\/\\\/thucphamtienloi.com\\\/?product=trung-ngong-tai-sai-gon\",\"url\":\"https:\\\/\\\/thucphamtienloi.com\\\/?product=trung-ngong-tai-sai-gon\",\"name\":\"Tr\u1ee9ng Ng\u1ed7ng T\u01b0\u01a1i Ngon T\u1ea1i S\u00e0i G\u00f2n - \u1ea8M TH\u1ef0C BA MI\u1ec0N\",\"isPartOf\":{\"@id\":\"https:\\\/\\\/thucphamtienloi.com\\\/#website\"},\"primaryImageOfPage\":{\"@id\":\"https:\\\/\\\/thucphamtienloi.com\\\/?product=trung-ngong-tai-sai-gon#primaryimage\"},\"image\":{\"@id\":\"https:\\\/\\\/thucphamtienloi.com\\\/?product=trung-ngong-tai-sai-gon#primaryimage\"},\"thumbnailUrl\":\"https:\\\/\\\/thucphamtienloi.com\\\/wp-content\\\/uploads\\\/2021\\\/05\\\/trung-ngong.jpg\",\"datePublished\":\"2021-05-08T03:00:49+00:00\",\"dateModified\":\"2025-10-19T16:14:45+00:00\",\"description\":\"Tr\u1ee9ng Ng\u1ed7ng theo quan ni\u1ec7m d\u00e2n gian s\u1ebd gi\u00fap thai nhi kho\u1ebb m\u1ea1nh v\u00e0 th\u00f4ng minh h\u01a1n. \u0111\u1eb7t h\u00e0ng t\u1ea1i Th\u1ef1c Ph\u1ea9m Ti\u1ec7n L\u1ee3i l\u00e0 c\u00f3 ngay tr\u1ee9ng ng\u1ed7ng t\u1ea1i nh\u00e0.\",\"breadcrumb\":{\"@id\":\"https:\\\/\\\/thucphamtienloi.com\\\/?product=trung-ngong-tai-sai-gon#breadcrumb\"},\"inLanguage\":\"vi\",\"potentialAction\":[{\"@type\":\"ReadAction\",\"target\":[\"https:\\\/\\\/thucphamtienloi.com\\\/?product=trung-ngong-tai-sai-gon\"]}]},{\"@type\":\"ImageObject\",\"inLanguage\":\"vi\",\"@id\":\"https:\\\/\\\/thucphamtienloi.com\\\/?product=trung-ngong-tai-sai-gon#primaryimage\",\"url\":\"https:\\\/\\\/thucphamtienloi.com\\\/wp-content\\\/uploads\\\/2021\\\/05\\\/trung-ngong.jpg\",\"contentUrl\":\"https:\\\/\\\/thucphamtienloi.com\\\/wp-content\\\/uploads\\\/2021\\\/05\\\/trung-ngong.jpg\",\"width\":520,\"height\":520,\"caption\":\"tr\u1ee9ng Ng\u1ed7ng t\u01b0\u01a1i\"},{\"@type\":\"BreadcrumbList\",\"@id\":\"https:\\\/\\\/thucphamtienloi.com\\\/?product=trung-ngong-tai-sai-gon#breadcrumb\",\"itemListElement\":[{\"@type\":\"ListItem\",\"position\":1,\"name\":\"Trang ch\u1ee7\",\"item\":\"https:\\\/\\\/thucphamtienloi.com\\\/\"},{\"@type\":\"ListItem\",\"position\":2,\"name\":\"C\u1eeda H\u00e0ng\",\"item\":\"https:\\\/\\\/thucphamtienloi.com\\\/?page_id=3334\"},{\"@type\":\"ListItem\",\"position\":3,\"name\":\"Th\u1ef1c Ph\u1ea9m T\u01b0\u01a1i S\u1ed1ng\",\"item\":\"https:\\\/\\\/thucphamtienloi.com\\\/danh-muc-san-pham\\\/thuc-pham-tuoi-song\\\/\"},{\"@type\":\"ListItem\",\"position\":4,\"name\":\"Tr\u1ee9ng Ng\u1ed7ng T\u01b0\u01a1i Ngon T\u1ea1i S\u00e0i G\u00f2n\"}]},{\"@type\":\"WebSite\",\"@id\":\"https:\\\/\\\/thucphamtienloi.com\\\/#website\",\"url\":\"https:\\\/\\\/thucphamtienloi.com\\\/\",\"name\":\"Th\u1ef1c ph\u1ea9m ti\u1ec7n l\u1ee3i\",\"description\":\"\u1ea8m Th\u1ef1c Qu\u00ea H\u01b0\u01a1ng\",\"publisher\":{\"@id\":\"https:\\\/\\\/thucphamtienloi.com\\\/#organization\"},\"potentialAction\":[{\"@type\":\"SearchAction\",\"target\":{\"@type\":\"EntryPoint\",\"urlTemplate\":\"https:\\\/\\\/thucphamtienloi.com\\\/?s={search_term_string}\"},\"query-input\":{\"@type\":\"PropertyValueSpecification\",\"valueRequired\":true,\"valueName\":\"search_term_string\"}}],\"inLanguage\":\"vi\"},{\"@type\":\"Organization\",\"@id\":\"https:\\\/\\\/thucphamtienloi.com\\\/#organization\",\"name\":\"Th\u1ef1c ph\u1ea9m ti\u1ec7n l\u1ee3i\",\"url\":\"https:\\\/\\\/thucphamtienloi.com\\\/\",\"logo\":{\"@type\":\"ImageObject\",\"inLanguage\":\"vi\",\"@id\":\"https:\\\/\\\/thucphamtienloi.com\\\/#\\\/schema\\\/logo\\\/image\\\/\",\"url\":\"https:\\\/\\\/thucphamtienloi.com\\\/wp-content\\\/uploads\\\/2022\\\/07\\\/THU\u031b\u0323C-PHA\u0302\u0309M-TIE\u0323\u0302N-LO\u031b\u0323I.png\",\"contentUrl\":\"https:\\\/\\\/thucphamtienloi.com\\\/wp-content\\\/uploads\\\/2022\\\/07\\\/THU\u031b\u0323C-PHA\u0302\u0309M-TIE\u0323\u0302N-LO\u031b\u0323I.png\",\"width\":1920,\"height\":1080,\"caption\":\"Th\u1ef1c ph\u1ea9m ti\u1ec7n l\u1ee3i\"},\"image\":{\"@id\":\"https:\\\/\\\/thucphamtienloi.com\\\/#\\\/schema\\\/logo\\\/image\\\/\"}}]}<\/script>\n<!-- \/ Yoast SEO plugin. -->","yoast_head_json":{"title":"Tr\u1ee9ng Ng\u1ed7ng T\u01b0\u01a1i Ngon T\u1ea1i S\u00e0i G\u00f2n - \u1ea8M TH\u1ef0C BA MI\u1ec0N","description":"Tr\u1ee9ng Ng\u1ed7ng theo quan ni\u1ec7m d\u00e2n gian s\u1ebd gi\u00fap thai nhi kho\u1ebb m\u1ea1nh v\u00e0 th\u00f4ng minh h\u01a1n. \u0111\u1eb7t h\u00e0ng t\u1ea1i Th\u1ef1c Ph\u1ea9m Ti\u1ec7n L\u1ee3i l\u00e0 c\u00f3 ngay tr\u1ee9ng ng\u1ed7ng t\u1ea1i nh\u00e0.","robots":{"index":"index","follow":"follow","max-snippet":"max-snippet:-1","max-image-preview":"max-image-preview:large","max-video-preview":"max-video-preview:-1"},"canonical":"https:\/\/thucphamtienloi.com\/?product=trung-ngong-tai-sai-gon","og_locale":"vi_VN","og_type":"article","og_title":"Tr\u1ee9ng Ng\u1ed7ng T\u01b0\u01a1i Ngon T\u1ea1i S\u00e0i G\u00f2n - \u1ea8M TH\u1ef0C BA MI\u1ec0N","og_description":"Tr\u1ee9ng Ng\u1ed7ng theo quan ni\u1ec7m d\u00e2n gian s\u1ebd gi\u00fap thai nhi kho\u1ebb m\u1ea1nh v\u00e0 th\u00f4ng minh h\u01a1n. \u0111\u1eb7t h\u00e0ng t\u1ea1i Th\u1ef1c Ph\u1ea9m Ti\u1ec7n L\u1ee3i l\u00e0 c\u00f3 ngay tr\u1ee9ng ng\u1ed7ng t\u1ea1i nh\u00e0.","og_url":"https:\/\/thucphamtienloi.com\/?product=trung-ngong-tai-sai-gon","og_site_name":"\u1ea8M TH\u1ef0C BA MI\u1ec0N","article_modified_time":"2025-10-19T16:14:45+00:00","og_image":[{"width":520,"height":520,"url":"https:\/\/thucphamtienloi.com\/wp-content\/uploads\/2021\/05\/trung-ngong.jpg","type":"image\/jpeg"}],"twitter_card":"summary_large_image","twitter_misc":{"\u01af\u1edbc t\u00ednh th\u1eddi gian \u0111\u1ecdc":"4 ph\u00fat"},"schema":{"@context":"https:\/\/schema.org","@graph":[{"@type":["WebPage","ItemPage"],"@id":"https:\/\/thucphamtienloi.com\/?product=trung-ngong-tai-sai-gon","url":"https:\/\/thucphamtienloi.com\/?product=trung-ngong-tai-sai-gon","name":"Tr\u1ee9ng Ng\u1ed7ng T\u01b0\u01a1i Ngon T\u1ea1i S\u00e0i G\u00f2n - \u1ea8M TH\u1ef0C BA MI\u1ec0N","isPartOf":{"@id":"https:\/\/thucphamtienloi.com\/#website"},"primaryImageOfPage":{"@id":"https:\/\/thucphamtienloi.com\/?product=trung-ngong-tai-sai-gon#primaryimage"},"image":{"@id":"https:\/\/thucphamtienloi.com\/?product=trung-ngong-tai-sai-gon#primaryimage"},"thumbnailUrl":"https:\/\/thucphamtienloi.com\/wp-content\/uploads\/2021\/05\/trung-ngong.jpg","datePublished":"2021-05-08T03:00:49+00:00","dateModified":"2025-10-19T16:14:45+00:00","description":"Tr\u1ee9ng Ng\u1ed7ng theo quan ni\u1ec7m d\u00e2n gian s\u1ebd gi\u00fap thai nhi kho\u1ebb m\u1ea1nh v\u00e0 th\u00f4ng minh h\u01a1n. \u0111\u1eb7t h\u00e0ng t\u1ea1i Th\u1ef1c Ph\u1ea9m Ti\u1ec7n L\u1ee3i l\u00e0 c\u00f3 ngay tr\u1ee9ng ng\u1ed7ng t\u1ea1i nh\u00e0.","breadcrumb":{"@id":"https:\/\/thucphamtienloi.com\/?product=trung-ngong-tai-sai-gon#breadcrumb"},"inLanguage":"vi","potentialAction":[{"@type":"ReadAction","target":["https:\/\/thucphamtienloi.com\/?product=trung-ngong-tai-sai-gon"]}]},{"@type":"ImageObject","inLanguage":"vi","@id":"https:\/\/thucphamtienloi.com\/?product=trung-ngong-tai-sai-gon#primaryimage","url":"https:\/\/thucphamtienloi.com\/wp-content\/uploads\/2021\/05\/trung-ngong.jpg","contentUrl":"https:\/\/thucphamtienloi.com\/wp-content\/uploads\/2021\/05\/trung-ngong.jpg","width":520,"height":520,"caption":"tr\u1ee9ng Ng\u1ed7ng t\u01b0\u01a1i"},{"@type":"BreadcrumbList","@id":"https:\/\/thucphamtienloi.com\/?product=trung-ngong-tai-sai-gon#breadcrumb","itemListElement":[{"@type":"ListItem","position":1,"name":"Trang ch\u1ee7","item":"https:\/\/thucphamtienloi.com\/"},{"@type":"ListItem","position":2,"name":"C\u1eeda H\u00e0ng","item":"https:\/\/thucphamtienloi.com\/?page_id=3334"},{"@type":"ListItem","position":3,"name":"Th\u1ef1c Ph\u1ea9m T\u01b0\u01a1i S\u1ed1ng","item":"https:\/\/thucphamtienloi.com\/danh-muc-san-pham\/thuc-pham-tuoi-song\/"},{"@type":"ListItem","position":4,"name":"Tr\u1ee9ng Ng\u1ed7ng T\u01b0\u01a1i Ngon T\u1ea1i S\u00e0i G\u00f2n"}]},{"@type":"WebSite","@id":"https:\/\/thucphamtienloi.com\/#website","url":"https:\/\/thucphamtienloi.com\/","name":"Th\u1ef1c ph\u1ea9m ti\u1ec7n l\u1ee3i","description":"\u1ea8m Th\u1ef1c Qu\u00ea H\u01b0\u01a1ng","publisher":{"@id":"https:\/\/thucphamtienloi.com\/#organization"},"potentialAction":[{"@type":"SearchAction","target":{"@type":"EntryPoint","urlTemplate":"https:\/\/thucphamtienloi.com\/?s={search_term_string}"},"query-input":{"@type":"PropertyValueSpecification","valueRequired":true,"valueName":"search_term_string"}}],"inLanguage":"vi"},{"@type":"Organization","@id":"https:\/\/thucphamtienloi.com\/#organization","name":"Th\u1ef1c ph\u1ea9m ti\u1ec7n l\u1ee3i","url":"https:\/\/thucphamtienloi.com\/","logo":{"@type":"ImageObject","inLanguage":"vi","@id":"https:\/\/thucphamtienloi.com\/#\/schema\/logo\/image\/","url":"https:\/\/thucphamtienloi.com\/wp-content\/uploads\/2022\/07\/THU\u031b\u0323C-PHA\u0302\u0309M-TIE\u0323\u0302N-LO\u031b\u0323I.png","contentUrl":"https:\/\/thucphamtienloi.com\/wp-content\/uploads\/2022\/07\/THU\u031b\u0323C-PHA\u0302\u0309M-TIE\u0323\u0302N-LO\u031b\u0323I.png","width":1920,"height":1080,"caption":"Th\u1ef1c ph\u1ea9m ti\u1ec7n l\u1ee3i"},"image":{"@id":"https:\/\/thucphamtienloi.com\/#\/schema\/logo\/image\/"}}]}},"_links":{"self":[{"href":"https:\/\/thucphamtienloi.com\/index.php?rest_route=\/wp\/v2\/product\/1626","targetHints":{"allow":["GET"]}}],"collection":[{"href":"https:\/\/thucphamtienloi.com\/index.php?rest_route=\/wp\/v2\/product"}],"about":[{"href":"https:\/\/thucphamtienloi.com\/index.php?rest_route=\/wp\/v2\/types\/product"}],"replies":[{"embeddable":true,"href":"https:\/\/thucphamtienloi.com\/index.php?rest_route=%2Fwp%2Fv2%2Fcomments&post=1626"}],"wp:featuredmedia":[{"embeddable":true,"href":"https:\/\/thucphamtienloi.com\/index.php?rest_route=\/wp\/v2\/media\/1629"}],"wp:attachment":[{"href":"https:\/\/thucphamtienloi.com\/index.php?rest_route=%2Fwp%2Fv2%2Fmedia&parent=1626"}],"wp:term":[{"taxonomy":"product_brand","embeddable":true,"href":"https:\/\/thucphamtienloi.com\/index.php?rest_route=%2Fwp%2Fv2%2Fproduct_brand&post=1626"},{"taxonomy":"product_cat","embeddable":true,"href":"https:\/\/thucphamtienloi.com\/index.php?rest_route=%2Fwp%2Fv2%2Fproduct_cat&post=1626"},{"taxonomy":"product_tag","embeddable":true,"href":"https:\/\/thucphamtienloi.com\/index.php?rest_route=%2Fwp%2Fv2%2Fproduct_tag&post=1626"}],"curies":[{"name":"wp","href":"https:\/\/api.w.org\/{rel}","templated":true}]}}