{"id":1649,"date":"2021-05-08T14:09:01","date_gmt":"2021-05-08T14:09:01","guid":{"rendered":"https:\/\/thucphamtienloi.com\/?post_type=product&#038;p=1649"},"modified":"2026-04-15T05:32:38","modified_gmt":"2026-04-15T05:32:38","slug":"thit-cho-tuoi-tai-sai-gon","status":"publish","type":"product","link":"https:\/\/thucphamtienloi.com\/?product=thit-cho-tuoi-tai-sai-gon","title":{"rendered":"Th\u1ecbt Ch\u00f3 T\u01b0\u01a1i T\u1ea1i S\u00e0i G\u00f2n"},"content":{"rendered":"<p>Th\u1ecbt Ch\u00f3 T\u01b0\u01a1i l\u00e0 m\u1ed9t trong nh\u1eefng s\u1ea3n ph\u1ea9m \u0111ang b\u00e1n ch\u1ea1y t\u1ea1i c\u1eeda h\u00e0ng <a href=\"https:\/\/thucphamtienloi.com\/\" target=\"_blank\" rel=\"noopener noreferrer\"><strong><span style=\"color: #0000ff;\">Th\u1ef1c Ph\u1ea9m Ti\u1ec7n L\u1ee3i<\/span><\/strong><\/a>. Ch\u00f3 \u0111\u01b0\u1ee3c gi\u1ebft m\u1ed5 h\u00e0ng ng\u00e0y n\u00ean qu\u00fd kh\u00e1ch ho\u00e0n to\u00e0n y\u00ean t\u00e2m v\u1ec1 ch\u1ea5t l\u01b0\u1ee3ng s\u1ea3n ph\u1ea9m t\u1ea1i c\u1eeda h\u00e0ng.<\/p>\n<p>Tuy th\u1ecbt ch\u00f3 kh\u00f4ng \u0111\u01b0\u1ee3c s\u1eed d\u1ee5ng ph\u1ed5 bi\u1ebfn nh\u01b0 th\u1ecbt l\u1ee3n nh\u01b0ng ngay t\u1eeb th\u1eddi \u00f4ng b\u00e0, m\u00f3n th\u1ecbt ch\u00f3 \u0111\u00e3 lu\u00f4n \u0111\u01b0\u1ee3c coi l\u00e0 m\u1ed9t trong nh\u1eefng m\u00f3n \u0103n th\u01a1m ngon, \u0111\u1eb7c s\u1ea3n trong n\u1ec1n \u1ea9m th\u1ef1c Vi\u1ec7t Nam. Ng\u01b0\u1eddi d\u00e2n Vi\u1ec7t Nam tin r\u1eb1ng th\u1ecbt ch\u00f3 l\u00e0 m\u00f3n \u0103n gi\u1ea3i \u0111en m\u1ed7i khi trong c\u00f4ng vi\u1ec7c, cu\u1ed9c s\u1ed1ng c\u1ee7a b\u1ea1n g\u1eb7p b\u1ea5t k\u1ef3 tr\u1ee5c tr\u1eb7c hay kh\u00f3 kh\u0103n n\u00e0o. Kh\u00f4ng ch\u1ec9 v\u1eady, m\u00f3n th\u1ecbt ch\u00f3 c\u00f2n tr\u1edf th\u00e0nh m\u00f3n nh\u1eadu quen thu\u1ed9c c\u1ee7a \u0111\u1ea5ng m\u00e0y r\u00e2u, ch\u1eafc ch\u1eafn kh\u00f4ng m\u1ed9t qu\u00fd \u00f4ng n\u00e0o c\u00f3 th\u1ec3 t\u1eeb ch\u1ed1i \u0111\u01b0\u1ee3c s\u1ee9c h\u1ea5p d\u1eabn m\u00f3n \u0103n n\u00e0y.<\/p>\n<h2><strong>C\u00e1c m\u00f3n \u0103n \u0111\u01b0\u1ee3c ch\u1ebf bi\u1ebfn t\u1eeb th\u1ecbt ch\u00f3<\/strong><\/h2>\n<h3><b>Th\u1ecbt ch\u00f3 lu\u1ed9c (bi\u1ebfn th\u1ec3 l\u00e0 h\u1ea5p)<\/b><\/h3>\n<p><img loading=\"lazy\" decoding=\"async\" class=\"aligncenter wp-image-1653\" src=\"https:\/\/thucphamtienloi.com\/wp-content\/uploads\/2021\/05\/thit_cho_luoc.jpg\" alt=\"thit-cho-luoc\" width=\"800\" height=\"537\" srcset=\"https:\/\/thucphamtienloi.com\/wp-content\/uploads\/2021\/05\/thit_cho_luoc.jpg 521w, https:\/\/thucphamtienloi.com\/wp-content\/uploads\/2021\/05\/thit_cho_luoc-510x343.jpg 510w\" sizes=\"auto, (max-width: 800px) 100vw, 800px\" \/><\/p>\n<p>\u0110\u1ecf tu\u01a1i, b\u00ec v\u00e0ng, m\u00e0u da \u0111\u1ed3ng, th\u1ecbt ng\u1ea7y ng\u1eady b\u00e9o b\u00e9o th\u01a1m ng\u1ecdt. Th\u1ecbt n\u1ea1c bao quanh mi\u00eang da m\u1ecfng \u0111\u1ec1u, k\u00e8m gan lu\u1ed9c k\u00e8m theo \u0111\u00f3 l\u00e0 ch\u00e9n m\u1eafm t\u00f4m v\u1edbi nhi\u1ec1u h\u01b0\u01a1ng li\u1ec7u pha ch\u1ebf nh\u01b0 s\u1ea3 \u1edbt b\u0103m, \u0111\u01b0\u1eddng c\u00e1t tr\u1eafng, chanh v\u00e0 n\u1eeda mu\u1ed7ng caf\u00e9 r\u01b0\u1ee3u tr\u1eafng lo\u1ea1i ngon, \u0111\u1ec3 \u0111\u00e1nh cho s\u1ee7i b\u1ecdt m\u00e0u tr\u1eafng. K\u00e8m theo n\u1eefa l\u00e0 s\u1ea3 c\u00e2y, v\u00e0i l\u00e1t ri\u1ec1ng, l\u00e1 m\u01a1, l\u00e1 ng\u00f2 c\u01b0a, l\u00e1 qu\u1ebf, rau \u00f4m, chu\u1ed1i c\u00e2y x\u1eaft m\u1ecfng,\u2026<\/p>\n<h3><b>Th\u1ecbt ch\u00f3 nu\u1edbng (c\u00f2n go\u1ecb l\u00e0 ch\u1ea3 ch\u00f3)<\/b><\/h3>\n<p>Th\u1ecbt nu\u1edbng th\u00e1i m\u1ecfng, c\u00f3 m\u1ee1 c\u00f3 n\u1ea1c \u0111\u1ed9 2, 3 \u0111\u1ed1t ng\u00f3n tay, \u0103n n\u00f3ng \u0103n k\u00e8m v\u1edbi gi\u1ec1ng th\u00e1i th\u1eadt m\u1ecfng, l\u00e1 m\u01a1, m\u1eafm t\u00f4m.<\/p>\n<h3><b>Ch\u1ea3 ch\u00eca\u00a0<\/b><\/h3>\n<p>Ri\u1ec1ng gi\u00e0 gi\u00e3 cho th\u1eadt k\u1ef9, \u0111\u1ea5u v\u1edbi m\u1ebb, gia th\u00eam v\u00e0o \u0111\u1ee7 m\u1eafm t\u00f4m, \u0111\u1ec3 \u0111\u1ea5y cho ba th\u1ee9 c\u1ea5u k\u1ebft v\u1edbi nhau th\u00e0nh m\u1ed9t kh\u1ed1i ch\u1eb7t ch\u1ebd, r\u1ed3i m\u1edbi b\u00f3p v\u00e0o v\u1edbi nh\u1eefng mi\u1ebfng th\u1ecbt th\u00e1i kh\u00f4ng to kh\u00f4ng nh\u1ecf, c\u1ee9 \u0111\u1ed9 v\u00e0o m\u1ed9t \u0111\u1ed1t ng\u00f3n tay c\u00e1i l\u00e0 v\u1eeba. \u0110\u1eebng l\u1ea5y ra ngay. H\u00e3y \u01b0\u1edbp t\u1ea5t c\u1ea3 ch\u1eebng v\u00e0i ti\u1ebfng \u0111\u1ed3ng h\u1ed3 r\u1ed3i h\u00e3y l\u1ea5y ra x\u1ebfp v\u00e0o m\u1ed9t c\u00e1i c\u1eb7p ch\u1ea3, \u0111\u1eb7t l\u00ean tr\u00ean than h\u1ed3ng m\u00e0 n\u01b0\u1edbng.<\/p>\n<h3><b>X\u00e1o m\u0103ng L\u1ea9u ch\u00f3\u00a0<\/b>:<\/h3>\n<p>\u0103n th\u00eam c\u1ea3i xanh n\u1ea5u b\u1eb1ng xu\u01a1ng ch\u00f3, ho\u1eb7c ch\u00e2n ch\u00f3. M\u00f3n x\u00e1o ch\u00f3 hay x\u00e1o ninh n\u1ea5u b\u1eb1ng x\u01b0\u01a1ng ch\u00f3 nh\u01b0 n\u1ea5u x\u00fap, c\u00f3 th\u1ec3 cho th\u00eam m\u0103ng t\u01b0\u01a1i hay kh\u00f4, th\u01b0\u1eddng \u0103n v\u1edbi b\u00fan. M\u00f3n n\u00e0y tuy r\u1ebb ti\u1ec1n nh\u01b0ng r\u1ea5t ngon v\u00e0 ph\u1ed5 th\u00f4ng nh\u01b0 ch\u00fang ta th\u01b0\u1eddng nghe ca t\u1ee5ng \u201cngon nh\u01b0 x\u00e1o ch\u00f3\u201d.<\/p>\n<p><img loading=\"lazy\" decoding=\"async\" class=\"aligncenter wp-image-1652\" src=\"https:\/\/thucphamtienloi.com\/wp-content\/uploads\/2021\/05\/thit_cho_7_mon.jpg\" alt=\"thit-cho-7-mon\" width=\"800\" height=\"533\" srcset=\"https:\/\/thucphamtienloi.com\/wp-content\/uploads\/2021\/05\/thit_cho_7_mon.jpg 600w, https:\/\/thucphamtienloi.com\/wp-content\/uploads\/2021\/05\/thit_cho_7_mon-510x340.jpg 510w\" sizes=\"auto, (max-width: 800px) 100vw, 800px\" \/><\/p>\n<h3><b>R\u1ef1a m\u1eadn : (bi\u1ebfn th\u1ec3 l\u00e0 x\u00e0o l\u0103n)<\/b>\u00a0<\/h3>\n<p>M\u00e0u hoa sim, n\u1ea5u v\u1edbi c\u1ee7 chu\u1ed1i xanh th\u00e1i h\u00ecnh con b\u00e0i, nu\u1edbc ph\u1ea3i qu\u00e1nh m\u1edbi ngon, gia v\u1ecb g\u1ed3m c\u00f3 m\u1eafm t\u00f4m ri\u1ebfng m\u1ebb, them h\u00e0nh, mu\u1ed1i u\u1edbp v\u00e0o th\u1ecbt b\u00f3p cho k\u1ef9, \u0111\u1ec3 kho\u1ea3ng 1 ti\u1ebfng, r\u1ed3i m\u1edbi l\u1ea5y ra ninh nh\u1eeb, kh\u00f4ng cho th\u00eam nu\u1edbc, n\u00eam th\u00eam b\u1eb1ng ti\u1ebft ch\u00f3. X\u00fac v\u1edbi b\u00e1nh \u0111a, \u0103n k\u00e8m them b\u00fan.<\/p>\n<h2><strong>\u0110\u1ecba ch\u1ec9 mua th\u1ecbt ch\u00f3 t\u1ea1i H\u00e0 N\u1ed9i v\u00e0 Tp HCM<\/strong><\/h2>\n<p>Qu\u00fd kh\u00e1ch c\u00f3 nhu c\u1ea7u \u0111\u1eb7t mua Th\u1ecbt Ch\u00f3 T\u01b0\u01a1i\u00a0 vui l\u00f2ng li\u00ean h\u1ec7 :<\/p>\n<p><strong>Hotline\/Zalo:<\/strong>\u00a0<strong>0987.506.349<\/strong><\/p>\n<p><strong>\u0110\u1ecba ch\u1ec9 c\u1eeda h\u00e0ng :\u00a0<\/strong><\/p>\n<p><strong>T\u1ea1i S\u00e0i G\u00f2n:<\/strong>\u00a0184\/17 Nguy\u1ec5n Ph\u00fac Chu, P15, Q. T\u00e2n B\u00ecnh , TP HCM (vui l\u00f2ng g\u1ecdi tr\u01b0\u1edbc khi \u0111\u1ebfn)<br \/>\n<strong>T\u1ea1i H\u00e0 N\u1ed9i : <\/strong>Chung c\u01b0 349, V\u0169 T\u00f4ng Phan, Thanh Xu\u00e2n, H\u00e0 N\u1ed9i (vui l\u00f2ng g\u1ecdi tr\u01b0\u1edbc khi \u0111\u1ebfn)<\/p>\n<p><strong>Facebook:\u00a0<a href=\"https:\/\/www.facebook.com\/thucphamtienloiFB\">TH\u1ef0C PH\u1ea8M TI\u1ec6N L\u1ee2I<\/a><\/strong><\/p>\n","protected":false},"excerpt":{"rendered":"<p>Th\u1ecbt Ch\u00f3 T\u01b0\u01a1i l\u00e0 m\u1ed9t trong nh\u1eefng s\u1ea3n ph\u1ea9m \u0111ang b\u00e1n ch\u1ea1y t\u1ea1i c\u1eeda h\u00e0ng <a href=\"https:\/\/thucphamtienloi.com\/\" target=\"_blank\" rel=\"noopener noreferrer\"><strong><span style=\"color: #0000ff;\">Th\u1ef1c Ph\u1ea9m Ti\u1ec7n L\u1ee3i<\/span><\/strong><\/a>. Ch\u00f3 \u0111\u01b0\u1ee3c gi\u1ebft m\u1ed5 h\u00e0ng ng\u00e0y n\u00ean qu\u00fd kh\u00e1ch ho\u00e0n to\u00e0n y\u00ean t\u00e2m v\u1ec1 ch\u1ea5t l\u01b0\u1ee3ng s\u1ea3n ph\u1ea9m t\u1ea1i c\u1eeda h\u00e0ng.<\/p>\n","protected":false},"featured_media":1654,"comment_status":"closed","ping_status":"closed","template":"","meta":[],"product_brand":[],"product_cat":[71],"product_tag":[702,703,704,705,706,707],"class_list":{"0":"post-1649","1":"product","2":"type-product","3":"status-publish","4":"has-post-thumbnail","6":"product_cat-thuc-pham-tuoi-song","7":"product_tag-thit-cho","8":"product_tag-ban-thit-cho-tai-sai-gon","9":"product_tag-ban-thit-cho-tai-ha-noi","10":"product_tag-mua-thit-cho-tai-sai-gon","11":"product_tag-mua-thit-cho-tai-ha-noi","12":"product_tag-ban-thit-cho-tai-tp-hcm","14":"first","15":"instock","16":"featured","17":"shipping-taxable","18":"purchasable","19":"product-type-simple"},"yoast_head":"<!-- This site is optimized with the Yoast SEO plugin v27.4 - https:\/\/yoast.com\/product\/yoast-seo-wordpress\/ -->\n<title>Th\u1ecbt Ch\u00f3 T\u01b0\u01a1i T\u1ea1i S\u00e0i G\u00f2n - 220k<\/title>\n<meta name=\"description\" content=\"Th\u1ecbt Ch\u00f3 T\u01b0\u01a1i \u0111\u01b0\u1ee3c gi\u1ebft m\u1ed5 h\u00e0ng ng\u00e0y n\u00ean qu\u00fd kh\u00e1ch ho\u00e0n to\u00e0n y\u00ean t\u00e2m v\u1ec1 ch\u1ea5t l\u01b0\u1ee3ng s\u1ea3n ph\u1ea9m t\u1ea1i c\u1eeda h\u00e0ng Th\u1ef1c Ph\u1ea9m Ti\u1ec7n L\u1ee3i\" \/>\n<meta name=\"robots\" content=\"index, follow, max-snippet:-1, max-image-preview:large, max-video-preview:-1\" \/>\n<link rel=\"canonical\" href=\"https:\/\/thucphamtienloi.com\/?product=thit-cho-tuoi-tai-sai-gon\" \/>\n<meta property=\"og:locale\" content=\"vi_VN\" \/>\n<meta property=\"og:type\" content=\"article\" \/>\n<meta property=\"og:title\" content=\"Th\u1ecbt Ch\u00f3 T\u01b0\u01a1i T\u1ea1i S\u00e0i G\u00f2n - 220k\" \/>\n<meta property=\"og:description\" content=\"Th\u1ecbt Ch\u00f3 T\u01b0\u01a1i \u0111\u01b0\u1ee3c gi\u1ebft m\u1ed5 h\u00e0ng ng\u00e0y n\u00ean qu\u00fd kh\u00e1ch ho\u00e0n to\u00e0n y\u00ean t\u00e2m v\u1ec1 ch\u1ea5t l\u01b0\u1ee3ng s\u1ea3n ph\u1ea9m t\u1ea1i c\u1eeda h\u00e0ng Th\u1ef1c Ph\u1ea9m Ti\u1ec7n L\u1ee3i\" \/>\n<meta property=\"og:url\" content=\"https:\/\/thucphamtienloi.com\/?product=thit-cho-tuoi-tai-sai-gon\" \/>\n<meta property=\"og:site_name\" content=\"\u1ea8M TH\u1ef0C BA MI\u1ec0N\" \/>\n<meta property=\"article:modified_time\" content=\"2026-04-15T05:32:38+00:00\" \/>\n<meta property=\"og:image\" content=\"https:\/\/thucphamtienloi.com\/wp-content\/uploads\/2021\/05\/thit_cho_tuoi.jpg\" \/>\n\t<meta property=\"og:image:width\" content=\"1024\" \/>\n\t<meta property=\"og:image:height\" content=\"768\" \/>\n\t<meta property=\"og:image:type\" content=\"image\/jpeg\" \/>\n<meta name=\"twitter:card\" content=\"summary_large_image\" \/>\n<meta name=\"twitter:label1\" content=\"\u01af\u1edbc t\u00ednh th\u1eddi gian \u0111\u1ecdc\" \/>\n\t<meta name=\"twitter:data1\" content=\"4 ph\u00fat\" \/>\n<script type=\"application\/ld+json\" class=\"yoast-schema-graph\">{\"@context\":\"https:\\\/\\\/schema.org\",\"@graph\":[{\"@type\":[\"WebPage\",\"ItemPage\"],\"@id\":\"https:\\\/\\\/thucphamtienloi.com\\\/?product=thit-cho-tuoi-tai-sai-gon\",\"url\":\"https:\\\/\\\/thucphamtienloi.com\\\/?product=thit-cho-tuoi-tai-sai-gon\",\"name\":\"Th\u1ecbt Ch\u00f3 T\u01b0\u01a1i T\u1ea1i S\u00e0i G\u00f2n - 220k\",\"isPartOf\":{\"@id\":\"https:\\\/\\\/thucphamtienloi.com\\\/#website\"},\"primaryImageOfPage\":{\"@id\":\"https:\\\/\\\/thucphamtienloi.com\\\/?product=thit-cho-tuoi-tai-sai-gon#primaryimage\"},\"image\":{\"@id\":\"https:\\\/\\\/thucphamtienloi.com\\\/?product=thit-cho-tuoi-tai-sai-gon#primaryimage\"},\"thumbnailUrl\":\"https:\\\/\\\/thucphamtienloi.com\\\/wp-content\\\/uploads\\\/2021\\\/05\\\/thit_cho_tuoi.jpg\",\"datePublished\":\"2021-05-08T14:09:01+00:00\",\"dateModified\":\"2026-04-15T05:32:38+00:00\",\"description\":\"Th\u1ecbt Ch\u00f3 T\u01b0\u01a1i \u0111\u01b0\u1ee3c gi\u1ebft m\u1ed5 h\u00e0ng ng\u00e0y n\u00ean qu\u00fd kh\u00e1ch ho\u00e0n to\u00e0n y\u00ean t\u00e2m v\u1ec1 ch\u1ea5t l\u01b0\u1ee3ng s\u1ea3n ph\u1ea9m t\u1ea1i c\u1eeda h\u00e0ng Th\u1ef1c Ph\u1ea9m Ti\u1ec7n L\u1ee3i\",\"breadcrumb\":{\"@id\":\"https:\\\/\\\/thucphamtienloi.com\\\/?product=thit-cho-tuoi-tai-sai-gon#breadcrumb\"},\"inLanguage\":\"vi\",\"potentialAction\":[{\"@type\":\"ReadAction\",\"target\":[\"https:\\\/\\\/thucphamtienloi.com\\\/?product=thit-cho-tuoi-tai-sai-gon\"]}]},{\"@type\":\"ImageObject\",\"inLanguage\":\"vi\",\"@id\":\"https:\\\/\\\/thucphamtienloi.com\\\/?product=thit-cho-tuoi-tai-sai-gon#primaryimage\",\"url\":\"https:\\\/\\\/thucphamtienloi.com\\\/wp-content\\\/uploads\\\/2021\\\/05\\\/thit_cho_tuoi.jpg\",\"contentUrl\":\"https:\\\/\\\/thucphamtienloi.com\\\/wp-content\\\/uploads\\\/2021\\\/05\\\/thit_cho_tuoi.jpg\",\"width\":1024,\"height\":768,\"caption\":\"Th\u1ecbt ch\u00f3 t\u01b0\u01a1i\"},{\"@type\":\"BreadcrumbList\",\"@id\":\"https:\\\/\\\/thucphamtienloi.com\\\/?product=thit-cho-tuoi-tai-sai-gon#breadcrumb\",\"itemListElement\":[{\"@type\":\"ListItem\",\"position\":1,\"name\":\"Trang ch\u1ee7\",\"item\":\"https:\\\/\\\/thucphamtienloi.com\\\/\"},{\"@type\":\"ListItem\",\"position\":2,\"name\":\"C\u1eeda H\u00e0ng\",\"item\":\"https:\\\/\\\/thucphamtienloi.com\\\/?page_id=3334\"},{\"@type\":\"ListItem\",\"position\":3,\"name\":\"Th\u1ef1c Ph\u1ea9m T\u01b0\u01a1i S\u1ed1ng\",\"item\":\"https:\\\/\\\/thucphamtienloi.com\\\/danh-muc-san-pham\\\/thuc-pham-tuoi-song\\\/\"},{\"@type\":\"ListItem\",\"position\":4,\"name\":\"Th\u1ecbt Ch\u00f3 T\u01b0\u01a1i T\u1ea1i S\u00e0i G\u00f2n\"}]},{\"@type\":\"WebSite\",\"@id\":\"https:\\\/\\\/thucphamtienloi.com\\\/#website\",\"url\":\"https:\\\/\\\/thucphamtienloi.com\\\/\",\"name\":\"Th\u1ef1c ph\u1ea9m ti\u1ec7n l\u1ee3i\",\"description\":\"\u1ea8m Th\u1ef1c Qu\u00ea H\u01b0\u01a1ng\",\"publisher\":{\"@id\":\"https:\\\/\\\/thucphamtienloi.com\\\/#organization\"},\"potentialAction\":[{\"@type\":\"SearchAction\",\"target\":{\"@type\":\"EntryPoint\",\"urlTemplate\":\"https:\\\/\\\/thucphamtienloi.com\\\/?s={search_term_string}\"},\"query-input\":{\"@type\":\"PropertyValueSpecification\",\"valueRequired\":true,\"valueName\":\"search_term_string\"}}],\"inLanguage\":\"vi\"},{\"@type\":\"Organization\",\"@id\":\"https:\\\/\\\/thucphamtienloi.com\\\/#organization\",\"name\":\"Th\u1ef1c ph\u1ea9m ti\u1ec7n l\u1ee3i\",\"url\":\"https:\\\/\\\/thucphamtienloi.com\\\/\",\"logo\":{\"@type\":\"ImageObject\",\"inLanguage\":\"vi\",\"@id\":\"https:\\\/\\\/thucphamtienloi.com\\\/#\\\/schema\\\/logo\\\/image\\\/\",\"url\":\"https:\\\/\\\/thucphamtienloi.com\\\/wp-content\\\/uploads\\\/2022\\\/07\\\/THU\u031b\u0323C-PHA\u0302\u0309M-TIE\u0323\u0302N-LO\u031b\u0323I.png\",\"contentUrl\":\"https:\\\/\\\/thucphamtienloi.com\\\/wp-content\\\/uploads\\\/2022\\\/07\\\/THU\u031b\u0323C-PHA\u0302\u0309M-TIE\u0323\u0302N-LO\u031b\u0323I.png\",\"width\":1920,\"height\":1080,\"caption\":\"Th\u1ef1c ph\u1ea9m ti\u1ec7n l\u1ee3i\"},\"image\":{\"@id\":\"https:\\\/\\\/thucphamtienloi.com\\\/#\\\/schema\\\/logo\\\/image\\\/\"}}]}<\/script>\n<!-- \/ Yoast SEO plugin. -->","yoast_head_json":{"title":"Th\u1ecbt Ch\u00f3 T\u01b0\u01a1i T\u1ea1i S\u00e0i G\u00f2n - 220k","description":"Th\u1ecbt Ch\u00f3 T\u01b0\u01a1i \u0111\u01b0\u1ee3c gi\u1ebft m\u1ed5 h\u00e0ng ng\u00e0y n\u00ean qu\u00fd kh\u00e1ch ho\u00e0n to\u00e0n y\u00ean t\u00e2m v\u1ec1 ch\u1ea5t l\u01b0\u1ee3ng s\u1ea3n ph\u1ea9m t\u1ea1i c\u1eeda h\u00e0ng Th\u1ef1c Ph\u1ea9m Ti\u1ec7n L\u1ee3i","robots":{"index":"index","follow":"follow","max-snippet":"max-snippet:-1","max-image-preview":"max-image-preview:large","max-video-preview":"max-video-preview:-1"},"canonical":"https:\/\/thucphamtienloi.com\/?product=thit-cho-tuoi-tai-sai-gon","og_locale":"vi_VN","og_type":"article","og_title":"Th\u1ecbt Ch\u00f3 T\u01b0\u01a1i T\u1ea1i S\u00e0i G\u00f2n - 220k","og_description":"Th\u1ecbt Ch\u00f3 T\u01b0\u01a1i \u0111\u01b0\u1ee3c gi\u1ebft m\u1ed5 h\u00e0ng ng\u00e0y n\u00ean qu\u00fd kh\u00e1ch ho\u00e0n to\u00e0n y\u00ean t\u00e2m v\u1ec1 ch\u1ea5t l\u01b0\u1ee3ng s\u1ea3n ph\u1ea9m t\u1ea1i c\u1eeda h\u00e0ng Th\u1ef1c Ph\u1ea9m Ti\u1ec7n L\u1ee3i","og_url":"https:\/\/thucphamtienloi.com\/?product=thit-cho-tuoi-tai-sai-gon","og_site_name":"\u1ea8M TH\u1ef0C BA MI\u1ec0N","article_modified_time":"2026-04-15T05:32:38+00:00","og_image":[{"width":1024,"height":768,"url":"https:\/\/thucphamtienloi.com\/wp-content\/uploads\/2021\/05\/thit_cho_tuoi.jpg","type":"image\/jpeg"}],"twitter_card":"summary_large_image","twitter_misc":{"\u01af\u1edbc t\u00ednh th\u1eddi gian \u0111\u1ecdc":"4 ph\u00fat"},"schema":{"@context":"https:\/\/schema.org","@graph":[{"@type":["WebPage","ItemPage"],"@id":"https:\/\/thucphamtienloi.com\/?product=thit-cho-tuoi-tai-sai-gon","url":"https:\/\/thucphamtienloi.com\/?product=thit-cho-tuoi-tai-sai-gon","name":"Th\u1ecbt Ch\u00f3 T\u01b0\u01a1i T\u1ea1i S\u00e0i G\u00f2n - 220k","isPartOf":{"@id":"https:\/\/thucphamtienloi.com\/#website"},"primaryImageOfPage":{"@id":"https:\/\/thucphamtienloi.com\/?product=thit-cho-tuoi-tai-sai-gon#primaryimage"},"image":{"@id":"https:\/\/thucphamtienloi.com\/?product=thit-cho-tuoi-tai-sai-gon#primaryimage"},"thumbnailUrl":"https:\/\/thucphamtienloi.com\/wp-content\/uploads\/2021\/05\/thit_cho_tuoi.jpg","datePublished":"2021-05-08T14:09:01+00:00","dateModified":"2026-04-15T05:32:38+00:00","description":"Th\u1ecbt Ch\u00f3 T\u01b0\u01a1i \u0111\u01b0\u1ee3c gi\u1ebft m\u1ed5 h\u00e0ng ng\u00e0y n\u00ean qu\u00fd kh\u00e1ch ho\u00e0n to\u00e0n y\u00ean t\u00e2m v\u1ec1 ch\u1ea5t l\u01b0\u1ee3ng s\u1ea3n ph\u1ea9m t\u1ea1i c\u1eeda h\u00e0ng Th\u1ef1c Ph\u1ea9m Ti\u1ec7n L\u1ee3i","breadcrumb":{"@id":"https:\/\/thucphamtienloi.com\/?product=thit-cho-tuoi-tai-sai-gon#breadcrumb"},"inLanguage":"vi","potentialAction":[{"@type":"ReadAction","target":["https:\/\/thucphamtienloi.com\/?product=thit-cho-tuoi-tai-sai-gon"]}]},{"@type":"ImageObject","inLanguage":"vi","@id":"https:\/\/thucphamtienloi.com\/?product=thit-cho-tuoi-tai-sai-gon#primaryimage","url":"https:\/\/thucphamtienloi.com\/wp-content\/uploads\/2021\/05\/thit_cho_tuoi.jpg","contentUrl":"https:\/\/thucphamtienloi.com\/wp-content\/uploads\/2021\/05\/thit_cho_tuoi.jpg","width":1024,"height":768,"caption":"Th\u1ecbt ch\u00f3 t\u01b0\u01a1i"},{"@type":"BreadcrumbList","@id":"https:\/\/thucphamtienloi.com\/?product=thit-cho-tuoi-tai-sai-gon#breadcrumb","itemListElement":[{"@type":"ListItem","position":1,"name":"Trang ch\u1ee7","item":"https:\/\/thucphamtienloi.com\/"},{"@type":"ListItem","position":2,"name":"C\u1eeda H\u00e0ng","item":"https:\/\/thucphamtienloi.com\/?page_id=3334"},{"@type":"ListItem","position":3,"name":"Th\u1ef1c Ph\u1ea9m T\u01b0\u01a1i S\u1ed1ng","item":"https:\/\/thucphamtienloi.com\/danh-muc-san-pham\/thuc-pham-tuoi-song\/"},{"@type":"ListItem","position":4,"name":"Th\u1ecbt Ch\u00f3 T\u01b0\u01a1i T\u1ea1i S\u00e0i G\u00f2n"}]},{"@type":"WebSite","@id":"https:\/\/thucphamtienloi.com\/#website","url":"https:\/\/thucphamtienloi.com\/","name":"Th\u1ef1c ph\u1ea9m ti\u1ec7n l\u1ee3i","description":"\u1ea8m Th\u1ef1c Qu\u00ea H\u01b0\u01a1ng","publisher":{"@id":"https:\/\/thucphamtienloi.com\/#organization"},"potentialAction":[{"@type":"SearchAction","target":{"@type":"EntryPoint","urlTemplate":"https:\/\/thucphamtienloi.com\/?s={search_term_string}"},"query-input":{"@type":"PropertyValueSpecification","valueRequired":true,"valueName":"search_term_string"}}],"inLanguage":"vi"},{"@type":"Organization","@id":"https:\/\/thucphamtienloi.com\/#organization","name":"Th\u1ef1c ph\u1ea9m ti\u1ec7n l\u1ee3i","url":"https:\/\/thucphamtienloi.com\/","logo":{"@type":"ImageObject","inLanguage":"vi","@id":"https:\/\/thucphamtienloi.com\/#\/schema\/logo\/image\/","url":"https:\/\/thucphamtienloi.com\/wp-content\/uploads\/2022\/07\/THU\u031b\u0323C-PHA\u0302\u0309M-TIE\u0323\u0302N-LO\u031b\u0323I.png","contentUrl":"https:\/\/thucphamtienloi.com\/wp-content\/uploads\/2022\/07\/THU\u031b\u0323C-PHA\u0302\u0309M-TIE\u0323\u0302N-LO\u031b\u0323I.png","width":1920,"height":1080,"caption":"Th\u1ef1c ph\u1ea9m ti\u1ec7n l\u1ee3i"},"image":{"@id":"https:\/\/thucphamtienloi.com\/#\/schema\/logo\/image\/"}}]}},"_links":{"self":[{"href":"https:\/\/thucphamtienloi.com\/index.php?rest_route=\/wp\/v2\/product\/1649","targetHints":{"allow":["GET"]}}],"collection":[{"href":"https:\/\/thucphamtienloi.com\/index.php?rest_route=\/wp\/v2\/product"}],"about":[{"href":"https:\/\/thucphamtienloi.com\/index.php?rest_route=\/wp\/v2\/types\/product"}],"replies":[{"embeddable":true,"href":"https:\/\/thucphamtienloi.com\/index.php?rest_route=%2Fwp%2Fv2%2Fcomments&post=1649"}],"wp:featuredmedia":[{"embeddable":true,"href":"https:\/\/thucphamtienloi.com\/index.php?rest_route=\/wp\/v2\/media\/1654"}],"wp:attachment":[{"href":"https:\/\/thucphamtienloi.com\/index.php?rest_route=%2Fwp%2Fv2%2Fmedia&parent=1649"}],"wp:term":[{"taxonomy":"product_brand","embeddable":true,"href":"https:\/\/thucphamtienloi.com\/index.php?rest_route=%2Fwp%2Fv2%2Fproduct_brand&post=1649"},{"taxonomy":"product_cat","embeddable":true,"href":"https:\/\/thucphamtienloi.com\/index.php?rest_route=%2Fwp%2Fv2%2Fproduct_cat&post=1649"},{"taxonomy":"product_tag","embeddable":true,"href":"https:\/\/thucphamtienloi.com\/index.php?rest_route=%2Fwp%2Fv2%2Fproduct_tag&post=1649"}],"curies":[{"name":"wp","href":"https:\/\/api.w.org\/{rel}","templated":true}]}}