{"id":1655,"date":"2021-05-08T14:29:24","date_gmt":"2021-05-08T14:29:24","guid":{"rendered":"https:\/\/thucphamtienloi.com\/?post_type=product&#038;p=1655"},"modified":"2025-10-19T16:14:16","modified_gmt":"2025-10-19T16:14:16","slug":"thit-dui-tuoi-nguyen-con","status":"publish","type":"product","link":"https:\/\/thucphamtienloi.com\/?product=thit-dui-tuoi-nguyen-con","title":{"rendered":"Th\u1ecbt D\u00fai T\u01b0\u01a1i Nguy\u00ean Con"},"content":{"rendered":"<p><strong>Th\u1ecbt d\u00fai t\u01b0\u01a1i<\/strong> \u0111ang \u0111\u01b0\u1ee3c x\u1ebfp v\u00e0o nh\u1eefng lo\u1ea1i th\u1ef1c ph\u1ea9m \u0111\u01b0\u1ee3c \u01b0a th\u00edch nh\u1ea5t. Th\u1ecbt d\u00fai c\u00f3 th\u1ec3 ch\u1ebf bi\u1ebfn th\u00e0nh nhi\u1ec1u m\u00f3n \u0103n ngon v\u00e0 h\u1ea5p d\u1eabn. N\u1ebfu \u0111\u00e3 m\u1ed9t l\u1ea7n th\u01b0\u1edfng th\u1ee9c \u0111\u1eb7c s\u1ea3n n\u00e0y b\u1ea1n s\u1ebd kh\u00f4ng th\u1ec3 n\u00e0o qu\u00ean<\/p>\n<h2><strong>Gi\u1edbi thi\u1ec7u v\u1ec1 d\u00fai<\/strong><\/h2>\n<p>D\u00fai hay c\u00f2n g\u1ecdi l\u00e0 chu\u1ed9t n\u1ee9a \u0111\u01b0\u1ee3c x\u1ebfp v\u00e0o lo\u1ea1i th\u1ee9c \u0103n \u0111\u1eb7c s\u1ea3n v\u1edbi th\u1ecbt ngon, gi\u00e0u ch\u1ea5t \u0111\u1ea1m. D\u00f9i l\u00e0 lo\u1ea1i \u0111\u1ed9ng v\u1eadt g\u1eb7m nh\u1ea5m. Th\u1ee9c \u0103n ch\u00ednh c\u1ee7a ch\u00fang ch\u1ee7 y\u1ebfu l\u00e0 c\u00e1c lo\u1ea1i qu\u1ea3 nh\u01b0 qu\u1ea3 b\u1eafp, m\u00eda, l\u00e1 tre, c\u00e2y c\u1ecf\u2026\u0110\u1ed1i v\u1edbi d\u00fai r\u1eebng th\u00ec th\u1ee9c \u0103n ch\u1ee7 y\u1ebfu c\u1ee7a ch\u00fang l\u00e0 l\u00e1 tre v\u00e0 r\u1ec5 tre v\u00e0 c\u00e1c h\u1ea1t c\u1ee7 qu\u1ea3 trong t\u1ef1 nhi\u00ean.D\u00fai \u0111\u01b0\u1ee3c t\u00ecm th\u1ea5y ch\u1ee7 y\u1ebfu mi\u1ec1n Trung v\u00e0 mi\u1ec1n Nam Trung Qu\u1ed1c, ph\u00eda B\u1eafc Mi\u1ebfn \u0110i\u1ec7n v\u00e0 Vi\u1ec7t Nam. D\u00fai c\u00e0ng l\u00e2u n\u0103m th\u00ec th\u1ecbt c\u00e0ng ngon b\u1edfi \u0111\u1ed9 s\u0103n ch\u1eafc v\u00e0 th\u01a1m ngon.<\/p>\n<p><strong><img loading=\"lazy\" decoding=\"async\" class=\"aligncenter wp-image-1659\" src=\"https:\/\/thucphamtienloi.com\/wp-content\/uploads\/2021\/05\/dui-533x400.jpg\" alt=\"dac-san-dui\" width=\"800\" height=\"600\" srcset=\"https:\/\/thucphamtienloi.com\/wp-content\/uploads\/2021\/05\/dui-533x400.jpg 533w, https:\/\/thucphamtienloi.com\/wp-content\/uploads\/2021\/05\/dui-510x383.jpg 510w, https:\/\/thucphamtienloi.com\/wp-content\/uploads\/2021\/05\/dui-1067x800.jpg 1067w, https:\/\/thucphamtienloi.com\/wp-content\/uploads\/2021\/05\/dui-768x576.jpg 768w, https:\/\/thucphamtienloi.com\/wp-content\/uploads\/2021\/05\/dui-1536x1152.jpg 1536w, https:\/\/thucphamtienloi.com\/wp-content\/uploads\/2021\/05\/dui-600x450.jpg 600w, https:\/\/thucphamtienloi.com\/wp-content\/uploads\/2021\/05\/dui.jpg 2000w\" sizes=\"auto, (max-width: 800px) 100vw, 800px\" \/><\/strong><\/p>\n<h2><strong>Gi\u00e1 tr\u1ecb dinh d\u01b0\u1ee1ng c\u00f3 trong th\u1ecb d\u00fai t\u01b0\u01a1i<\/strong><\/h2>\n<p>Th\u1ecbt d\u00fai c\u00f3 th\u1ec3 so s\u00e1nh v\u1edbi th\u1ecbt c\u1ee7a c\u00e1c lo\u00e0i g\u1eadm nh\u1ea5m kh\u00e1c nh\u01b0 th\u1ecf, nh\u00edm, s\u00f3c, chu\u1ed9t \u0111\u1ed3ng. C\u1ee9 100 gram th\u1ecbt d\u00fai \u0111\u00e3 b\u1ecf x\u01b0\u01a1ng c\u00f3 ch\u1ee9a kho\u1ea3ng 100 calo; 23g ch\u1ea5t \u0111\u1ea1m; 1g ch\u1ea5t b\u00e9o, 80mg Cholesterol, 12g can xi, 3.2 mg S\u1eaft, 157mg Ph\u1ed1t pho c\u00f9ng nhi\u1ec1u nguy\u00ean t\u1ed1 vi l\u01b0\u1ee3ng kh\u00e1c.<\/p>\n<p>So s\u00e1nh v\u1edbi 100g th\u1ecbt b\u1eafp b\u00f2 ch\u1ee9a kho\u1ea3ng 27g ch\u1ea5t \u0111\u1ea1m, 11g ch\u1ea5t b\u00e9o v\u00e0 200 calo, 3 mg s\u1eaft, th\u00ec th\u1ecbt d\u00fai \u00edt b\u00e9o, nhi\u1ec1u \u0111\u1ea1m, gi\u00e0u can xi, ch\u1ea5t s\u1eaft v\u00e0 ph\u1ed1t pho h\u01a1n h\u1eb3n. Tuy nhi\u00ean, l\u01b0\u1ee3ng cholesterol trong th\u1ecbt d\u00fai r\u1ea5t cao.<\/p>\n<h2><strong>C\u00e1c m\u00f3n \u0103n ngon \u0111\u01b0\u1ee3c ch\u1ebf bi\u1ebfn t\u1eeb th\u1ecbt d\u00fai t\u01b0\u01a1i<\/strong><\/h2>\n<p>D\u00fai \u0111\u01b0\u1ee3c ch\u1ebf bi\u1ebfn theo nhi\u1ec1u c\u00e1ch kh\u00e1c nhau nh\u01b0ng ngon nh\u1ea5t ph\u1ea3i k\u1ec3 t\u1edbi nh\u01b0 d\u00fai h\u1ea5p, x\u00e0o l\u0103n, nh\u1ef1a m\u1eadn,\u2026\u00a0<\/p>\n<p><strong>D\u00fai h\u1ea5p th\u1ecbt m\u00e0u n\u00e2u \u0111\u1eadm, \u1ea9n hi\u1ec7n sau l\u1edbp n\u01b0\u1edbc d\u00f9ng b\u1ed1c h\u01a1i nghi ng\u00fat<\/strong><\/p>\n<p><strong><img loading=\"lazy\" decoding=\"async\" class=\"aligncenter wp-image-1660\" src=\"https:\/\/thucphamtienloi.com\/wp-content\/uploads\/2021\/05\/thit-dui-rung-606x400.jpg\" alt=\"thit-dui\" width=\"800\" height=\"528\" srcset=\"https:\/\/thucphamtienloi.com\/wp-content\/uploads\/2021\/05\/thit-dui-rung-606x400.jpg 606w, https:\/\/thucphamtienloi.com\/wp-content\/uploads\/2021\/05\/thit-dui-rung-510x337.jpg 510w, https:\/\/thucphamtienloi.com\/wp-content\/uploads\/2021\/05\/thit-dui-rung-768x507.jpg 768w, https:\/\/thucphamtienloi.com\/wp-content\/uploads\/2021\/05\/thit-dui-rung-600x396.jpg 600w, https:\/\/thucphamtienloi.com\/wp-content\/uploads\/2021\/05\/thit-dui-rung.jpg 1136w\" sizes=\"auto, (max-width: 800px) 100vw, 800px\" \/><\/strong><br \/>\n<strong>D\u00fai n\u1ea5u nh\u1ef1a m\u1eadn \u0111\u1eadm \u0111\u00e0 h\u01b0\u01a1ng v\u1ecb \u0111\u1eb7c tr\u01b0ng c\u1ee7a ri\u1ec1ng, x\u1ea3, \u0103n m\u1ed9t l\u1ea7n l\u00e0 nh\u1edb m\u00e3i,<\/strong><br \/>\n<strong>D\u00fai n\u1ea5u khoai s\u1ecd ninh c\u00f9ng khoai s\u1ecd b\u1edf t\u01a1i, ng\u1ecdt l\u00e0nh<\/strong><br \/>\n<strong>Ti\u1ebft canh D\u00fai\u00a0<\/strong><\/p>\n<p><img loading=\"lazy\" decoding=\"async\" class=\"aligncenter wp-image-1658\" src=\"https:\/\/thucphamtienloi.com\/wp-content\/uploads\/2021\/05\/dac-san-thit-dui-rung-768x400.jpg\" alt=\"\" width=\"800\" height=\"417\" srcset=\"https:\/\/thucphamtienloi.com\/wp-content\/uploads\/2021\/05\/dac-san-thit-dui-rung-768x400.jpg 768w, https:\/\/thucphamtienloi.com\/wp-content\/uploads\/2021\/05\/dac-san-thit-dui-rung-510x266.jpg 510w, https:\/\/thucphamtienloi.com\/wp-content\/uploads\/2021\/05\/dac-san-thit-dui-rung-600x313.jpg 600w, https:\/\/thucphamtienloi.com\/wp-content\/uploads\/2021\/05\/dac-san-thit-dui-rung.jpg 1161w\" sizes=\"auto, (max-width: 800px) 100vw, 800px\" \/><\/p>\n<h2><strong>\u0110\u1ecba ch\u1ec9 mua th\u1ecbt d\u00fai t\u01b0\u01a1i t\u1ea1i H\u00e0 N\u1ed9i v\u00e0 Tp HCM<\/strong><\/h2>\n<p>Qu\u00fd kh\u00e1ch c\u00f3 nhu c\u1ea7u \u0111\u1eb7t mua Th\u1ecbt D\u00fai T\u01b0\u01a1i\u00a0 vui l\u00f2ng li\u00ean h\u1ec7 c\u1eeda h\u00e0ng <span style=\"color: #0000ff;\"><a style=\"color: #0000ff;\" href=\"https:\/\/thucphamtienloi.com\/\" target=\"_blank\" rel=\"noopener noreferrer\"><strong>Th\u1ef1c Ph\u1ea9m Ti\u1ec7n L\u1ee3i\u00a0<\/strong><\/a><\/span><\/p>\n<p><strong>Hotline\/Zalo:<\/strong>\u00a0<strong>0987.506.349<\/strong><\/p>\n<p><strong>\u0110\u1ecba ch\u1ec9 c\u1eeda h\u00e0ng :\u00a0<\/strong><\/p>\n<p><strong>T\u1ea1i S\u00e0i G\u00f2n:<\/strong>\u00a0184\/17 Nguy\u1ec5n Ph\u00fac Chu, P15, Q. T\u00e2n B\u00ecnh , TP HCM (vui l\u00f2ng g\u1ecdi tr\u01b0\u1edbc khi \u0111\u1ebfn)<br \/>\n<strong>T\u1ea1i H\u00e0 N\u1ed9i : <\/strong>Chung c\u01b0 349, V\u0169 T\u00f4ng Phan, Thanh Xu\u00e2n, H\u00e0 N\u1ed9i (vui l\u00f2ng g\u1ecdi tr\u01b0\u1edbc khi \u0111\u1ebfn)<\/p>\n<p><strong>Facebook:\u00a0<a href=\"https:\/\/www.facebook.com\/thucphamtienloiFB\">TH\u1ef0C PH\u1ea8M TI\u1ec6N L\u1ee2I<\/a><\/strong><\/p>\n","protected":false},"excerpt":{"rendered":"<p><strong>Th\u1ecbt d\u00fai t\u01b0\u01a1i<\/strong> \u0111ang \u0111\u01b0\u1ee3c x\u1ebfp v\u00e0o nh\u1eefng lo\u1ea1i th\u1ef1c ph\u1ea9m \u0111\u01b0\u1ee3c \u01b0a th\u00edch nh\u1ea5t. Th\u1ecbt d\u00fai c\u00f3 th\u1ec3 ch\u1ebf bi\u1ebfn th\u00e0nh nhi\u1ec1u m\u00f3n \u0103n ngon v\u00e0 h\u1ea5p d\u1eabn. N\u1ebfu \u0111\u00e3 m\u1ed9t l\u1ea7n th\u01b0\u1edfng th\u1ee9c \u0111\u1eb7c s\u1ea3n n\u00e0y b\u1ea1n s\u1ebd kh\u00f4ng th\u1ec3 n\u00e0o qu\u00ean<\/p>\n","protected":false},"featured_media":2076,"comment_status":"closed","ping_status":"closed","template":"","meta":[],"product_brand":[],"product_cat":[70,71],"product_tag":[],"class_list":{"0":"post-1655","1":"product","2":"type-product","3":"status-publish","4":"has-post-thumbnail","6":"product_cat-dac-san-mien-nam","7":"product_cat-thuc-pham-tuoi-song","9":"first","10":"instock","11":"shipping-taxable","12":"purchasable","13":"product-type-simple"},"yoast_head":"<!-- This site is optimized with the Yoast SEO plugin v27.4 - https:\/\/yoast.com\/product\/yoast-seo-wordpress\/ -->\n<title>Th\u1ecbt D\u00fai T\u01b0\u01a1i Nguy\u00ean Con<\/title>\n<meta name=\"description\" content=\"Th\u1ecbt d\u00fai t\u01b0\u01a1i \u0111ang \u0111\u01b0\u1ee3c x\u1ebfp v\u00e0o nh\u1eefng lo\u1ea1i th\u1ef1c ph\u1ea9m \u0111\u01b0\u1ee3c \u01b0a th\u00edch nh\u1ea5t. Th\u1ecbt d\u00fai c\u00f3 th\u1ec3 ch\u1ebf bi\u1ebfn th\u00e0nh nhi\u1ec1u m\u00f3n \u0103n ngon v\u00e0 h\u1ea5p d\u1eabn.\" \/>\n<meta name=\"robots\" content=\"index, follow, max-snippet:-1, max-image-preview:large, max-video-preview:-1\" \/>\n<link rel=\"canonical\" href=\"https:\/\/thucphamtienloi.com\/?product=thit-dui-tuoi-nguyen-con\" \/>\n<meta property=\"og:locale\" content=\"vi_VN\" \/>\n<meta property=\"og:type\" content=\"article\" \/>\n<meta property=\"og:title\" content=\"Th\u1ecbt D\u00fai T\u01b0\u01a1i Nguy\u00ean Con\" \/>\n<meta property=\"og:description\" content=\"Th\u1ecbt d\u00fai t\u01b0\u01a1i \u0111ang \u0111\u01b0\u1ee3c x\u1ebfp v\u00e0o nh\u1eefng lo\u1ea1i th\u1ef1c ph\u1ea9m \u0111\u01b0\u1ee3c \u01b0a th\u00edch nh\u1ea5t. Th\u1ecbt d\u00fai c\u00f3 th\u1ec3 ch\u1ebf bi\u1ebfn th\u00e0nh nhi\u1ec1u m\u00f3n \u0103n ngon v\u00e0 h\u1ea5p d\u1eabn.\" \/>\n<meta property=\"og:url\" content=\"https:\/\/thucphamtienloi.com\/?product=thit-dui-tuoi-nguyen-con\" \/>\n<meta property=\"og:site_name\" content=\"\u1ea8M TH\u1ef0C BA MI\u1ec0N\" \/>\n<meta property=\"article:modified_time\" content=\"2025-10-19T16:14:16+00:00\" \/>\n<meta property=\"og:image\" content=\"https:\/\/thucphamtienloi.com\/wp-content\/uploads\/2022\/02\/cach-lam-thit-dui1.jpg\" \/>\n\t<meta property=\"og:image:width\" content=\"1000\" \/>\n\t<meta property=\"og:image:height\" content=\"693\" \/>\n\t<meta property=\"og:image:type\" content=\"image\/jpeg\" \/>\n<meta name=\"twitter:card\" content=\"summary_large_image\" \/>\n<meta name=\"twitter:label1\" content=\"\u01af\u1edbc t\u00ednh th\u1eddi gian \u0111\u1ecdc\" \/>\n\t<meta name=\"twitter:data1\" content=\"3 ph\u00fat\" \/>\n<script type=\"application\/ld+json\" class=\"yoast-schema-graph\">{\"@context\":\"https:\\\/\\\/schema.org\",\"@graph\":[{\"@type\":[\"WebPage\",\"ItemPage\"],\"@id\":\"https:\\\/\\\/thucphamtienloi.com\\\/?product=thit-dui-tuoi-nguyen-con\",\"url\":\"https:\\\/\\\/thucphamtienloi.com\\\/?product=thit-dui-tuoi-nguyen-con\",\"name\":\"Th\u1ecbt D\u00fai T\u01b0\u01a1i Nguy\u00ean Con\",\"isPartOf\":{\"@id\":\"https:\\\/\\\/thucphamtienloi.com\\\/#website\"},\"primaryImageOfPage\":{\"@id\":\"https:\\\/\\\/thucphamtienloi.com\\\/?product=thit-dui-tuoi-nguyen-con#primaryimage\"},\"image\":{\"@id\":\"https:\\\/\\\/thucphamtienloi.com\\\/?product=thit-dui-tuoi-nguyen-con#primaryimage\"},\"thumbnailUrl\":\"https:\\\/\\\/thucphamtienloi.com\\\/wp-content\\\/uploads\\\/2022\\\/02\\\/cach-lam-thit-dui1.jpg\",\"datePublished\":\"2021-05-08T14:29:24+00:00\",\"dateModified\":\"2025-10-19T16:14:16+00:00\",\"description\":\"Th\u1ecbt d\u00fai t\u01b0\u01a1i \u0111ang \u0111\u01b0\u1ee3c x\u1ebfp v\u00e0o nh\u1eefng lo\u1ea1i th\u1ef1c ph\u1ea9m \u0111\u01b0\u1ee3c \u01b0a th\u00edch nh\u1ea5t. Th\u1ecbt d\u00fai c\u00f3 th\u1ec3 ch\u1ebf bi\u1ebfn th\u00e0nh nhi\u1ec1u m\u00f3n \u0103n ngon v\u00e0 h\u1ea5p d\u1eabn.\",\"breadcrumb\":{\"@id\":\"https:\\\/\\\/thucphamtienloi.com\\\/?product=thit-dui-tuoi-nguyen-con#breadcrumb\"},\"inLanguage\":\"vi\",\"potentialAction\":[{\"@type\":\"ReadAction\",\"target\":[\"https:\\\/\\\/thucphamtienloi.com\\\/?product=thit-dui-tuoi-nguyen-con\"]}]},{\"@type\":\"ImageObject\",\"inLanguage\":\"vi\",\"@id\":\"https:\\\/\\\/thucphamtienloi.com\\\/?product=thit-dui-tuoi-nguyen-con#primaryimage\",\"url\":\"https:\\\/\\\/thucphamtienloi.com\\\/wp-content\\\/uploads\\\/2022\\\/02\\\/cach-lam-thit-dui1.jpg\",\"contentUrl\":\"https:\\\/\\\/thucphamtienloi.com\\\/wp-content\\\/uploads\\\/2022\\\/02\\\/cach-lam-thit-dui1.jpg\",\"width\":1000,\"height\":693,\"caption\":\"Thi\u0323t du\u0301i la\u0300 m\u00f4\u0323t trong nh\u01b0\u0303ng \u0111\u0103\u0323c sa\u0309n \u0111\u01b0\u01a1\u0323c nhi\u00ea\u0300u ng\u01b0\u01a1\u0300i y\u00eau thi\u0301ch\"},{\"@type\":\"BreadcrumbList\",\"@id\":\"https:\\\/\\\/thucphamtienloi.com\\\/?product=thit-dui-tuoi-nguyen-con#breadcrumb\",\"itemListElement\":[{\"@type\":\"ListItem\",\"position\":1,\"name\":\"Trang ch\u1ee7\",\"item\":\"https:\\\/\\\/thucphamtienloi.com\\\/\"},{\"@type\":\"ListItem\",\"position\":2,\"name\":\"C\u1eeda H\u00e0ng\",\"item\":\"https:\\\/\\\/thucphamtienloi.com\\\/?page_id=3334\"},{\"@type\":\"ListItem\",\"position\":3,\"name\":\"Th\u1ef1c Ph\u1ea9m T\u01b0\u01a1i S\u1ed1ng\",\"item\":\"https:\\\/\\\/thucphamtienloi.com\\\/danh-muc-san-pham\\\/thuc-pham-tuoi-song\\\/\"},{\"@type\":\"ListItem\",\"position\":4,\"name\":\"Th\u1ecbt D\u00fai T\u01b0\u01a1i Nguy\u00ean Con\"}]},{\"@type\":\"WebSite\",\"@id\":\"https:\\\/\\\/thucphamtienloi.com\\\/#website\",\"url\":\"https:\\\/\\\/thucphamtienloi.com\\\/\",\"name\":\"Th\u1ef1c ph\u1ea9m ti\u1ec7n l\u1ee3i\",\"description\":\"\u1ea8m Th\u1ef1c Qu\u00ea H\u01b0\u01a1ng\",\"publisher\":{\"@id\":\"https:\\\/\\\/thucphamtienloi.com\\\/#organization\"},\"potentialAction\":[{\"@type\":\"SearchAction\",\"target\":{\"@type\":\"EntryPoint\",\"urlTemplate\":\"https:\\\/\\\/thucphamtienloi.com\\\/?s={search_term_string}\"},\"query-input\":{\"@type\":\"PropertyValueSpecification\",\"valueRequired\":true,\"valueName\":\"search_term_string\"}}],\"inLanguage\":\"vi\"},{\"@type\":\"Organization\",\"@id\":\"https:\\\/\\\/thucphamtienloi.com\\\/#organization\",\"name\":\"Th\u1ef1c ph\u1ea9m ti\u1ec7n l\u1ee3i\",\"url\":\"https:\\\/\\\/thucphamtienloi.com\\\/\",\"logo\":{\"@type\":\"ImageObject\",\"inLanguage\":\"vi\",\"@id\":\"https:\\\/\\\/thucphamtienloi.com\\\/#\\\/schema\\\/logo\\\/image\\\/\",\"url\":\"https:\\\/\\\/thucphamtienloi.com\\\/wp-content\\\/uploads\\\/2022\\\/07\\\/THU\u031b\u0323C-PHA\u0302\u0309M-TIE\u0323\u0302N-LO\u031b\u0323I.png\",\"contentUrl\":\"https:\\\/\\\/thucphamtienloi.com\\\/wp-content\\\/uploads\\\/2022\\\/07\\\/THU\u031b\u0323C-PHA\u0302\u0309M-TIE\u0323\u0302N-LO\u031b\u0323I.png\",\"width\":1920,\"height\":1080,\"caption\":\"Th\u1ef1c ph\u1ea9m ti\u1ec7n l\u1ee3i\"},\"image\":{\"@id\":\"https:\\\/\\\/thucphamtienloi.com\\\/#\\\/schema\\\/logo\\\/image\\\/\"}}]}<\/script>\n<!-- \/ Yoast SEO plugin. -->","yoast_head_json":{"title":"Th\u1ecbt D\u00fai T\u01b0\u01a1i Nguy\u00ean Con","description":"Th\u1ecbt d\u00fai t\u01b0\u01a1i \u0111ang \u0111\u01b0\u1ee3c x\u1ebfp v\u00e0o nh\u1eefng lo\u1ea1i th\u1ef1c ph\u1ea9m \u0111\u01b0\u1ee3c \u01b0a th\u00edch nh\u1ea5t. Th\u1ecbt d\u00fai c\u00f3 th\u1ec3 ch\u1ebf bi\u1ebfn th\u00e0nh nhi\u1ec1u m\u00f3n \u0103n ngon v\u00e0 h\u1ea5p d\u1eabn.","robots":{"index":"index","follow":"follow","max-snippet":"max-snippet:-1","max-image-preview":"max-image-preview:large","max-video-preview":"max-video-preview:-1"},"canonical":"https:\/\/thucphamtienloi.com\/?product=thit-dui-tuoi-nguyen-con","og_locale":"vi_VN","og_type":"article","og_title":"Th\u1ecbt D\u00fai T\u01b0\u01a1i Nguy\u00ean Con","og_description":"Th\u1ecbt d\u00fai t\u01b0\u01a1i \u0111ang \u0111\u01b0\u1ee3c x\u1ebfp v\u00e0o nh\u1eefng lo\u1ea1i th\u1ef1c ph\u1ea9m \u0111\u01b0\u1ee3c \u01b0a th\u00edch nh\u1ea5t. Th\u1ecbt d\u00fai c\u00f3 th\u1ec3 ch\u1ebf bi\u1ebfn th\u00e0nh nhi\u1ec1u m\u00f3n \u0103n ngon v\u00e0 h\u1ea5p d\u1eabn.","og_url":"https:\/\/thucphamtienloi.com\/?product=thit-dui-tuoi-nguyen-con","og_site_name":"\u1ea8M TH\u1ef0C BA MI\u1ec0N","article_modified_time":"2025-10-19T16:14:16+00:00","og_image":[{"width":1000,"height":693,"url":"https:\/\/thucphamtienloi.com\/wp-content\/uploads\/2022\/02\/cach-lam-thit-dui1.jpg","type":"image\/jpeg"}],"twitter_card":"summary_large_image","twitter_misc":{"\u01af\u1edbc t\u00ednh th\u1eddi gian \u0111\u1ecdc":"3 ph\u00fat"},"schema":{"@context":"https:\/\/schema.org","@graph":[{"@type":["WebPage","ItemPage"],"@id":"https:\/\/thucphamtienloi.com\/?product=thit-dui-tuoi-nguyen-con","url":"https:\/\/thucphamtienloi.com\/?product=thit-dui-tuoi-nguyen-con","name":"Th\u1ecbt D\u00fai T\u01b0\u01a1i Nguy\u00ean Con","isPartOf":{"@id":"https:\/\/thucphamtienloi.com\/#website"},"primaryImageOfPage":{"@id":"https:\/\/thucphamtienloi.com\/?product=thit-dui-tuoi-nguyen-con#primaryimage"},"image":{"@id":"https:\/\/thucphamtienloi.com\/?product=thit-dui-tuoi-nguyen-con#primaryimage"},"thumbnailUrl":"https:\/\/thucphamtienloi.com\/wp-content\/uploads\/2022\/02\/cach-lam-thit-dui1.jpg","datePublished":"2021-05-08T14:29:24+00:00","dateModified":"2025-10-19T16:14:16+00:00","description":"Th\u1ecbt d\u00fai t\u01b0\u01a1i \u0111ang \u0111\u01b0\u1ee3c x\u1ebfp v\u00e0o nh\u1eefng lo\u1ea1i th\u1ef1c ph\u1ea9m \u0111\u01b0\u1ee3c \u01b0a th\u00edch nh\u1ea5t. Th\u1ecbt d\u00fai c\u00f3 th\u1ec3 ch\u1ebf bi\u1ebfn th\u00e0nh nhi\u1ec1u m\u00f3n \u0103n ngon v\u00e0 h\u1ea5p d\u1eabn.","breadcrumb":{"@id":"https:\/\/thucphamtienloi.com\/?product=thit-dui-tuoi-nguyen-con#breadcrumb"},"inLanguage":"vi","potentialAction":[{"@type":"ReadAction","target":["https:\/\/thucphamtienloi.com\/?product=thit-dui-tuoi-nguyen-con"]}]},{"@type":"ImageObject","inLanguage":"vi","@id":"https:\/\/thucphamtienloi.com\/?product=thit-dui-tuoi-nguyen-con#primaryimage","url":"https:\/\/thucphamtienloi.com\/wp-content\/uploads\/2022\/02\/cach-lam-thit-dui1.jpg","contentUrl":"https:\/\/thucphamtienloi.com\/wp-content\/uploads\/2022\/02\/cach-lam-thit-dui1.jpg","width":1000,"height":693,"caption":"Thi\u0323t du\u0301i la\u0300 m\u00f4\u0323t trong nh\u01b0\u0303ng \u0111\u0103\u0323c sa\u0309n \u0111\u01b0\u01a1\u0323c nhi\u00ea\u0300u ng\u01b0\u01a1\u0300i y\u00eau thi\u0301ch"},{"@type":"BreadcrumbList","@id":"https:\/\/thucphamtienloi.com\/?product=thit-dui-tuoi-nguyen-con#breadcrumb","itemListElement":[{"@type":"ListItem","position":1,"name":"Trang ch\u1ee7","item":"https:\/\/thucphamtienloi.com\/"},{"@type":"ListItem","position":2,"name":"C\u1eeda H\u00e0ng","item":"https:\/\/thucphamtienloi.com\/?page_id=3334"},{"@type":"ListItem","position":3,"name":"Th\u1ef1c Ph\u1ea9m T\u01b0\u01a1i S\u1ed1ng","item":"https:\/\/thucphamtienloi.com\/danh-muc-san-pham\/thuc-pham-tuoi-song\/"},{"@type":"ListItem","position":4,"name":"Th\u1ecbt D\u00fai T\u01b0\u01a1i Nguy\u00ean Con"}]},{"@type":"WebSite","@id":"https:\/\/thucphamtienloi.com\/#website","url":"https:\/\/thucphamtienloi.com\/","name":"Th\u1ef1c ph\u1ea9m ti\u1ec7n l\u1ee3i","description":"\u1ea8m Th\u1ef1c Qu\u00ea H\u01b0\u01a1ng","publisher":{"@id":"https:\/\/thucphamtienloi.com\/#organization"},"potentialAction":[{"@type":"SearchAction","target":{"@type":"EntryPoint","urlTemplate":"https:\/\/thucphamtienloi.com\/?s={search_term_string}"},"query-input":{"@type":"PropertyValueSpecification","valueRequired":true,"valueName":"search_term_string"}}],"inLanguage":"vi"},{"@type":"Organization","@id":"https:\/\/thucphamtienloi.com\/#organization","name":"Th\u1ef1c ph\u1ea9m ti\u1ec7n l\u1ee3i","url":"https:\/\/thucphamtienloi.com\/","logo":{"@type":"ImageObject","inLanguage":"vi","@id":"https:\/\/thucphamtienloi.com\/#\/schema\/logo\/image\/","url":"https:\/\/thucphamtienloi.com\/wp-content\/uploads\/2022\/07\/THU\u031b\u0323C-PHA\u0302\u0309M-TIE\u0323\u0302N-LO\u031b\u0323I.png","contentUrl":"https:\/\/thucphamtienloi.com\/wp-content\/uploads\/2022\/07\/THU\u031b\u0323C-PHA\u0302\u0309M-TIE\u0323\u0302N-LO\u031b\u0323I.png","width":1920,"height":1080,"caption":"Th\u1ef1c ph\u1ea9m ti\u1ec7n l\u1ee3i"},"image":{"@id":"https:\/\/thucphamtienloi.com\/#\/schema\/logo\/image\/"}}]}},"_links":{"self":[{"href":"https:\/\/thucphamtienloi.com\/index.php?rest_route=\/wp\/v2\/product\/1655","targetHints":{"allow":["GET"]}}],"collection":[{"href":"https:\/\/thucphamtienloi.com\/index.php?rest_route=\/wp\/v2\/product"}],"about":[{"href":"https:\/\/thucphamtienloi.com\/index.php?rest_route=\/wp\/v2\/types\/product"}],"replies":[{"embeddable":true,"href":"https:\/\/thucphamtienloi.com\/index.php?rest_route=%2Fwp%2Fv2%2Fcomments&post=1655"}],"wp:featuredmedia":[{"embeddable":true,"href":"https:\/\/thucphamtienloi.com\/index.php?rest_route=\/wp\/v2\/media\/2076"}],"wp:attachment":[{"href":"https:\/\/thucphamtienloi.com\/index.php?rest_route=%2Fwp%2Fv2%2Fmedia&parent=1655"}],"wp:term":[{"taxonomy":"product_brand","embeddable":true,"href":"https:\/\/thucphamtienloi.com\/index.php?rest_route=%2Fwp%2Fv2%2Fproduct_brand&post=1655"},{"taxonomy":"product_cat","embeddable":true,"href":"https:\/\/thucphamtienloi.com\/index.php?rest_route=%2Fwp%2Fv2%2Fproduct_cat&post=1655"},{"taxonomy":"product_tag","embeddable":true,"href":"https:\/\/thucphamtienloi.com\/index.php?rest_route=%2Fwp%2Fv2%2Fproduct_tag&post=1655"}],"curies":[{"name":"wp","href":"https:\/\/api.w.org\/{rel}","templated":true}]}}