{"id":1771,"date":"2021-11-14T02:02:02","date_gmt":"2021-11-14T02:02:02","guid":{"rendered":"https:\/\/thucphamtienloi.com\/?post_type=product&#038;p=1771"},"modified":"2026-04-15T05:32:30","modified_gmt":"2026-04-15T05:32:30","slug":"dac-san-le-le-tuoi-song","status":"publish","type":"product","link":"https:\/\/thucphamtienloi.com\/?product=dac-san-le-le-tuoi-song","title":{"rendered":"\u0110\u1eb7c S\u1ea3n Le Le T\u01b0\u01a1i S\u1ed1ng"},"content":{"rendered":"<p>Th\u1ef1c Ph\u1ea9m Ti\u1ec7n L\u1ee3i l\u00e0 gian h\u00e0ng chuy\u00ean cung c\u1ea5p \u0111\u1eb7c s\u1ea3n Ch\u1ed3n t\u1ef1 nhi\u00ean s\u1ea1ch 100%, Ch\u1ed3n l\u00e0 l\u01b0\u01a1ng th\u1ef1c ch\u1ee9a nhi\u1ec1u ch\u1ea5t dinh d\u01b0\u1ee1ng c\u1ea7n thi\u1ebft cho con ng\u01b0\u1eddi<\/p>\n","protected":false},"excerpt":{"rendered":"<p>Th\u1ef1c Ph\u1ea9m Ti\u1ec7n L\u1ee3i l\u00e0 gian h\u00e0ng chuy\u00ean cung c\u1ea5p \u0111\u1eb7c s\u1ea3n Ch\u1ed3n t\u1ef1 nhi\u00ean s\u1ea1ch 100%, Ch\u1ed3n l\u00e0 l\u01b0\u01a1ng th\u1ef1c ch\u1ee9a nhi\u1ec1u ch\u1ea5t dinh d\u01b0\u1ee1ng c\u1ea7n thi\u1ebft cho con ng\u01b0\u1eddi<\/p>\n","protected":false},"featured_media":1772,"comment_status":"closed","ping_status":"closed","template":"","meta":[],"product_brand":[],"product_cat":[71],"product_tag":[],"class_list":{"0":"post-1771","1":"product","2":"type-product","3":"status-publish","4":"has-post-thumbnail","6":"product_cat-thuc-pham-tuoi-song","8":"first","9":"instock","10":"featured","11":"shipping-taxable","12":"purchasable","13":"product-type-simple"},"yoast_head":"<!-- This site is optimized with the Yoast SEO plugin v27.4 - https:\/\/yoast.com\/product\/yoast-seo-wordpress\/ -->\n<title>\u0110\u1eb7c S\u1ea3n Le Le T\u01b0\u01a1i S\u1ed1ng - \u1ea8M TH\u1ef0C BA MI\u1ec0N<\/title>\n<meta name=\"description\" content=\"Th\u1ef1c Ph\u1ea9m Ti\u1ec7n L\u1ee3i l\u00e0 n\u01a1i cung c\u1ea5p \u0111\u1eb7c s\u1ea3n Le Le t\u01b0\u01a1i s\u1ed1ng, m\u00f3n \u0103n ngon \u0111\u1eb7c s\u1ea3n c\u1ee7a Hu\u1ebf v\u00e0 \u1ea9m th\u1ef1c Nam B\u1ed9, c\u00e1c m\u00f3n \u0103n t\u1eeb Le Le \u0111\u01b0\u1ee3c ch\u1ebf bi\u1ebfn \u0111a d\u1ea1ng phong ph\u00fa\" \/>\n<meta name=\"robots\" content=\"index, follow, max-snippet:-1, max-image-preview:large, max-video-preview:-1\" \/>\n<link rel=\"canonical\" href=\"https:\/\/thucphamtienloi.com\/?product=dac-san-le-le-tuoi-song\" \/>\n<meta property=\"og:locale\" content=\"vi_VN\" \/>\n<meta property=\"og:type\" content=\"article\" \/>\n<meta property=\"og:title\" content=\"\u0110\u1eb7c S\u1ea3n Le Le T\u01b0\u01a1i S\u1ed1ng - \u1ea8M TH\u1ef0C BA MI\u1ec0N\" \/>\n<meta property=\"og:description\" content=\"Th\u1ef1c Ph\u1ea9m Ti\u1ec7n L\u1ee3i l\u00e0 n\u01a1i cung c\u1ea5p \u0111\u1eb7c s\u1ea3n Le Le t\u01b0\u01a1i s\u1ed1ng, m\u00f3n \u0103n ngon \u0111\u1eb7c s\u1ea3n c\u1ee7a Hu\u1ebf v\u00e0 \u1ea9m th\u1ef1c Nam B\u1ed9, c\u00e1c m\u00f3n \u0103n t\u1eeb Le Le \u0111\u01b0\u1ee3c ch\u1ebf bi\u1ebfn \u0111a d\u1ea1ng phong ph\u00fa\" \/>\n<meta property=\"og:url\" content=\"https:\/\/thucphamtienloi.com\/?product=dac-san-le-le-tuoi-song\" \/>\n<meta property=\"og:site_name\" content=\"\u1ea8M TH\u1ef0C BA MI\u1ec0N\" \/>\n<meta property=\"article:modified_time\" content=\"2026-04-15T05:32:30+00:00\" \/>\n<meta property=\"og:image\" content=\"https:\/\/thucphamtienloi.com\/wp-content\/uploads\/2021\/11\/z2894691912477_e6a1e7c7817b0aac216e921ef9e8311a.jpg\" \/>\n\t<meta property=\"og:image:width\" content=\"859\" \/>\n\t<meta property=\"og:image:height\" content=\"1908\" \/>\n\t<meta property=\"og:image:type\" content=\"image\/jpeg\" \/>\n<meta name=\"twitter:card\" content=\"summary_large_image\" \/>\n<script type=\"application\/ld+json\" class=\"yoast-schema-graph\">{\"@context\":\"https:\\\/\\\/schema.org\",\"@graph\":[{\"@type\":[\"WebPage\",\"ItemPage\"],\"@id\":\"https:\\\/\\\/thucphamtienloi.com\\\/?product=dac-san-le-le-tuoi-song\",\"url\":\"https:\\\/\\\/thucphamtienloi.com\\\/?product=dac-san-le-le-tuoi-song\",\"name\":\"\u0110\u1eb7c S\u1ea3n Le Le T\u01b0\u01a1i S\u1ed1ng - \u1ea8M TH\u1ef0C BA MI\u1ec0N\",\"isPartOf\":{\"@id\":\"https:\\\/\\\/thucphamtienloi.com\\\/#website\"},\"primaryImageOfPage\":{\"@id\":\"https:\\\/\\\/thucphamtienloi.com\\\/?product=dac-san-le-le-tuoi-song#primaryimage\"},\"image\":{\"@id\":\"https:\\\/\\\/thucphamtienloi.com\\\/?product=dac-san-le-le-tuoi-song#primaryimage\"},\"thumbnailUrl\":\"https:\\\/\\\/thucphamtienloi.com\\\/wp-content\\\/uploads\\\/2021\\\/11\\\/z2894691912477_e6a1e7c7817b0aac216e921ef9e8311a.jpg\",\"datePublished\":\"2021-11-14T02:02:02+00:00\",\"dateModified\":\"2026-04-15T05:32:30+00:00\",\"description\":\"Th\u1ef1c Ph\u1ea9m Ti\u1ec7n L\u1ee3i l\u00e0 n\u01a1i cung c\u1ea5p \u0111\u1eb7c s\u1ea3n Le Le t\u01b0\u01a1i s\u1ed1ng, m\u00f3n \u0103n ngon \u0111\u1eb7c s\u1ea3n c\u1ee7a Hu\u1ebf v\u00e0 \u1ea9m th\u1ef1c Nam B\u1ed9, c\u00e1c m\u00f3n \u0103n t\u1eeb Le Le \u0111\u01b0\u1ee3c ch\u1ebf bi\u1ebfn \u0111a d\u1ea1ng phong ph\u00fa\",\"breadcrumb\":{\"@id\":\"https:\\\/\\\/thucphamtienloi.com\\\/?product=dac-san-le-le-tuoi-song#breadcrumb\"},\"inLanguage\":\"vi\",\"potentialAction\":[{\"@type\":\"ReadAction\",\"target\":[\"https:\\\/\\\/thucphamtienloi.com\\\/?product=dac-san-le-le-tuoi-song\"]}]},{\"@type\":\"ImageObject\",\"inLanguage\":\"vi\",\"@id\":\"https:\\\/\\\/thucphamtienloi.com\\\/?product=dac-san-le-le-tuoi-song#primaryimage\",\"url\":\"https:\\\/\\\/thucphamtienloi.com\\\/wp-content\\\/uploads\\\/2021\\\/11\\\/z2894691912477_e6a1e7c7817b0aac216e921ef9e8311a.jpg\",\"contentUrl\":\"https:\\\/\\\/thucphamtienloi.com\\\/wp-content\\\/uploads\\\/2021\\\/11\\\/z2894691912477_e6a1e7c7817b0aac216e921ef9e8311a.jpg\",\"width\":859,\"height\":1908,\"caption\":\"Le Le T\u01b0\u01a1i S\u1ed1ng\"},{\"@type\":\"BreadcrumbList\",\"@id\":\"https:\\\/\\\/thucphamtienloi.com\\\/?product=dac-san-le-le-tuoi-song#breadcrumb\",\"itemListElement\":[{\"@type\":\"ListItem\",\"position\":1,\"name\":\"Trang ch\u1ee7\",\"item\":\"https:\\\/\\\/thucphamtienloi.com\\\/\"},{\"@type\":\"ListItem\",\"position\":2,\"name\":\"C\u1eeda H\u00e0ng\",\"item\":\"https:\\\/\\\/thucphamtienloi.com\\\/?page_id=3334\"},{\"@type\":\"ListItem\",\"position\":3,\"name\":\"Th\u1ef1c Ph\u1ea9m T\u01b0\u01a1i S\u1ed1ng\",\"item\":\"https:\\\/\\\/thucphamtienloi.com\\\/danh-muc-san-pham\\\/thuc-pham-tuoi-song\\\/\"},{\"@type\":\"ListItem\",\"position\":4,\"name\":\"\u0110\u1eb7c S\u1ea3n Le Le T\u01b0\u01a1i S\u1ed1ng\"}]},{\"@type\":\"WebSite\",\"@id\":\"https:\\\/\\\/thucphamtienloi.com\\\/#website\",\"url\":\"https:\\\/\\\/thucphamtienloi.com\\\/\",\"name\":\"Th\u1ef1c ph\u1ea9m ti\u1ec7n l\u1ee3i\",\"description\":\"\u1ea8m Th\u1ef1c Qu\u00ea H\u01b0\u01a1ng\",\"publisher\":{\"@id\":\"https:\\\/\\\/thucphamtienloi.com\\\/#organization\"},\"potentialAction\":[{\"@type\":\"SearchAction\",\"target\":{\"@type\":\"EntryPoint\",\"urlTemplate\":\"https:\\\/\\\/thucphamtienloi.com\\\/?s={search_term_string}\"},\"query-input\":{\"@type\":\"PropertyValueSpecification\",\"valueRequired\":true,\"valueName\":\"search_term_string\"}}],\"inLanguage\":\"vi\"},{\"@type\":\"Organization\",\"@id\":\"https:\\\/\\\/thucphamtienloi.com\\\/#organization\",\"name\":\"Th\u1ef1c ph\u1ea9m ti\u1ec7n l\u1ee3i\",\"url\":\"https:\\\/\\\/thucphamtienloi.com\\\/\",\"logo\":{\"@type\":\"ImageObject\",\"inLanguage\":\"vi\",\"@id\":\"https:\\\/\\\/thucphamtienloi.com\\\/#\\\/schema\\\/logo\\\/image\\\/\",\"url\":\"https:\\\/\\\/thucphamtienloi.com\\\/wp-content\\\/uploads\\\/2022\\\/07\\\/THU\u031b\u0323C-PHA\u0302\u0309M-TIE\u0323\u0302N-LO\u031b\u0323I.png\",\"contentUrl\":\"https:\\\/\\\/thucphamtienloi.com\\\/wp-content\\\/uploads\\\/2022\\\/07\\\/THU\u031b\u0323C-PHA\u0302\u0309M-TIE\u0323\u0302N-LO\u031b\u0323I.png\",\"width\":1920,\"height\":1080,\"caption\":\"Th\u1ef1c ph\u1ea9m ti\u1ec7n l\u1ee3i\"},\"image\":{\"@id\":\"https:\\\/\\\/thucphamtienloi.com\\\/#\\\/schema\\\/logo\\\/image\\\/\"}}]}<\/script>\n<!-- \/ Yoast SEO plugin. -->","yoast_head_json":{"title":"\u0110\u1eb7c S\u1ea3n Le Le T\u01b0\u01a1i S\u1ed1ng - \u1ea8M TH\u1ef0C BA MI\u1ec0N","description":"Th\u1ef1c Ph\u1ea9m Ti\u1ec7n L\u1ee3i l\u00e0 n\u01a1i cung c\u1ea5p \u0111\u1eb7c s\u1ea3n Le Le t\u01b0\u01a1i s\u1ed1ng, m\u00f3n \u0103n ngon \u0111\u1eb7c s\u1ea3n c\u1ee7a Hu\u1ebf v\u00e0 \u1ea9m th\u1ef1c Nam B\u1ed9, c\u00e1c m\u00f3n \u0103n t\u1eeb Le Le \u0111\u01b0\u1ee3c ch\u1ebf bi\u1ebfn \u0111a d\u1ea1ng phong ph\u00fa","robots":{"index":"index","follow":"follow","max-snippet":"max-snippet:-1","max-image-preview":"max-image-preview:large","max-video-preview":"max-video-preview:-1"},"canonical":"https:\/\/thucphamtienloi.com\/?product=dac-san-le-le-tuoi-song","og_locale":"vi_VN","og_type":"article","og_title":"\u0110\u1eb7c S\u1ea3n Le Le T\u01b0\u01a1i S\u1ed1ng - \u1ea8M TH\u1ef0C BA MI\u1ec0N","og_description":"Th\u1ef1c Ph\u1ea9m Ti\u1ec7n L\u1ee3i l\u00e0 n\u01a1i cung c\u1ea5p \u0111\u1eb7c s\u1ea3n Le Le t\u01b0\u01a1i s\u1ed1ng, m\u00f3n \u0103n ngon \u0111\u1eb7c s\u1ea3n c\u1ee7a Hu\u1ebf v\u00e0 \u1ea9m th\u1ef1c Nam B\u1ed9, c\u00e1c m\u00f3n \u0103n t\u1eeb Le Le \u0111\u01b0\u1ee3c ch\u1ebf bi\u1ebfn \u0111a d\u1ea1ng phong ph\u00fa","og_url":"https:\/\/thucphamtienloi.com\/?product=dac-san-le-le-tuoi-song","og_site_name":"\u1ea8M TH\u1ef0C BA MI\u1ec0N","article_modified_time":"2026-04-15T05:32:30+00:00","og_image":[{"width":859,"height":1908,"url":"https:\/\/thucphamtienloi.com\/wp-content\/uploads\/2021\/11\/z2894691912477_e6a1e7c7817b0aac216e921ef9e8311a.jpg","type":"image\/jpeg"}],"twitter_card":"summary_large_image","schema":{"@context":"https:\/\/schema.org","@graph":[{"@type":["WebPage","ItemPage"],"@id":"https:\/\/thucphamtienloi.com\/?product=dac-san-le-le-tuoi-song","url":"https:\/\/thucphamtienloi.com\/?product=dac-san-le-le-tuoi-song","name":"\u0110\u1eb7c S\u1ea3n Le Le T\u01b0\u01a1i S\u1ed1ng - \u1ea8M TH\u1ef0C BA MI\u1ec0N","isPartOf":{"@id":"https:\/\/thucphamtienloi.com\/#website"},"primaryImageOfPage":{"@id":"https:\/\/thucphamtienloi.com\/?product=dac-san-le-le-tuoi-song#primaryimage"},"image":{"@id":"https:\/\/thucphamtienloi.com\/?product=dac-san-le-le-tuoi-song#primaryimage"},"thumbnailUrl":"https:\/\/thucphamtienloi.com\/wp-content\/uploads\/2021\/11\/z2894691912477_e6a1e7c7817b0aac216e921ef9e8311a.jpg","datePublished":"2021-11-14T02:02:02+00:00","dateModified":"2026-04-15T05:32:30+00:00","description":"Th\u1ef1c Ph\u1ea9m Ti\u1ec7n L\u1ee3i l\u00e0 n\u01a1i cung c\u1ea5p \u0111\u1eb7c s\u1ea3n Le Le t\u01b0\u01a1i s\u1ed1ng, m\u00f3n \u0103n ngon \u0111\u1eb7c s\u1ea3n c\u1ee7a Hu\u1ebf v\u00e0 \u1ea9m th\u1ef1c Nam B\u1ed9, c\u00e1c m\u00f3n \u0103n t\u1eeb Le Le \u0111\u01b0\u1ee3c ch\u1ebf bi\u1ebfn \u0111a d\u1ea1ng phong ph\u00fa","breadcrumb":{"@id":"https:\/\/thucphamtienloi.com\/?product=dac-san-le-le-tuoi-song#breadcrumb"},"inLanguage":"vi","potentialAction":[{"@type":"ReadAction","target":["https:\/\/thucphamtienloi.com\/?product=dac-san-le-le-tuoi-song"]}]},{"@type":"ImageObject","inLanguage":"vi","@id":"https:\/\/thucphamtienloi.com\/?product=dac-san-le-le-tuoi-song#primaryimage","url":"https:\/\/thucphamtienloi.com\/wp-content\/uploads\/2021\/11\/z2894691912477_e6a1e7c7817b0aac216e921ef9e8311a.jpg","contentUrl":"https:\/\/thucphamtienloi.com\/wp-content\/uploads\/2021\/11\/z2894691912477_e6a1e7c7817b0aac216e921ef9e8311a.jpg","width":859,"height":1908,"caption":"Le Le T\u01b0\u01a1i S\u1ed1ng"},{"@type":"BreadcrumbList","@id":"https:\/\/thucphamtienloi.com\/?product=dac-san-le-le-tuoi-song#breadcrumb","itemListElement":[{"@type":"ListItem","position":1,"name":"Trang ch\u1ee7","item":"https:\/\/thucphamtienloi.com\/"},{"@type":"ListItem","position":2,"name":"C\u1eeda H\u00e0ng","item":"https:\/\/thucphamtienloi.com\/?page_id=3334"},{"@type":"ListItem","position":3,"name":"Th\u1ef1c Ph\u1ea9m T\u01b0\u01a1i S\u1ed1ng","item":"https:\/\/thucphamtienloi.com\/danh-muc-san-pham\/thuc-pham-tuoi-song\/"},{"@type":"ListItem","position":4,"name":"\u0110\u1eb7c S\u1ea3n Le Le T\u01b0\u01a1i S\u1ed1ng"}]},{"@type":"WebSite","@id":"https:\/\/thucphamtienloi.com\/#website","url":"https:\/\/thucphamtienloi.com\/","name":"Th\u1ef1c ph\u1ea9m ti\u1ec7n l\u1ee3i","description":"\u1ea8m Th\u1ef1c Qu\u00ea H\u01b0\u01a1ng","publisher":{"@id":"https:\/\/thucphamtienloi.com\/#organization"},"potentialAction":[{"@type":"SearchAction","target":{"@type":"EntryPoint","urlTemplate":"https:\/\/thucphamtienloi.com\/?s={search_term_string}"},"query-input":{"@type":"PropertyValueSpecification","valueRequired":true,"valueName":"search_term_string"}}],"inLanguage":"vi"},{"@type":"Organization","@id":"https:\/\/thucphamtienloi.com\/#organization","name":"Th\u1ef1c ph\u1ea9m ti\u1ec7n l\u1ee3i","url":"https:\/\/thucphamtienloi.com\/","logo":{"@type":"ImageObject","inLanguage":"vi","@id":"https:\/\/thucphamtienloi.com\/#\/schema\/logo\/image\/","url":"https:\/\/thucphamtienloi.com\/wp-content\/uploads\/2022\/07\/THU\u031b\u0323C-PHA\u0302\u0309M-TIE\u0323\u0302N-LO\u031b\u0323I.png","contentUrl":"https:\/\/thucphamtienloi.com\/wp-content\/uploads\/2022\/07\/THU\u031b\u0323C-PHA\u0302\u0309M-TIE\u0323\u0302N-LO\u031b\u0323I.png","width":1920,"height":1080,"caption":"Th\u1ef1c ph\u1ea9m ti\u1ec7n l\u1ee3i"},"image":{"@id":"https:\/\/thucphamtienloi.com\/#\/schema\/logo\/image\/"}}]}},"_links":{"self":[{"href":"https:\/\/thucphamtienloi.com\/index.php?rest_route=\/wp\/v2\/product\/1771","targetHints":{"allow":["GET"]}}],"collection":[{"href":"https:\/\/thucphamtienloi.com\/index.php?rest_route=\/wp\/v2\/product"}],"about":[{"href":"https:\/\/thucphamtienloi.com\/index.php?rest_route=\/wp\/v2\/types\/product"}],"replies":[{"embeddable":true,"href":"https:\/\/thucphamtienloi.com\/index.php?rest_route=%2Fwp%2Fv2%2Fcomments&post=1771"}],"wp:featuredmedia":[{"embeddable":true,"href":"https:\/\/thucphamtienloi.com\/index.php?rest_route=\/wp\/v2\/media\/1772"}],"wp:attachment":[{"href":"https:\/\/thucphamtienloi.com\/index.php?rest_route=%2Fwp%2Fv2%2Fmedia&parent=1771"}],"wp:term":[{"taxonomy":"product_brand","embeddable":true,"href":"https:\/\/thucphamtienloi.com\/index.php?rest_route=%2Fwp%2Fv2%2Fproduct_brand&post=1771"},{"taxonomy":"product_cat","embeddable":true,"href":"https:\/\/thucphamtienloi.com\/index.php?rest_route=%2Fwp%2Fv2%2Fproduct_cat&post=1771"},{"taxonomy":"product_tag","embeddable":true,"href":"https:\/\/thucphamtienloi.com\/index.php?rest_route=%2Fwp%2Fv2%2Fproduct_tag&post=1771"}],"curies":[{"name":"wp","href":"https:\/\/api.w.org\/{rel}","templated":true}]}}