{"id":1775,"date":"2021-11-14T02:10:24","date_gmt":"2021-11-14T02:10:24","guid":{"rendered":"https:\/\/thucphamtienloi.com\/?post_type=product&#038;p=1775"},"modified":"2025-10-19T16:14:13","modified_gmt":"2025-10-19T16:14:13","slug":"chom-chi-hang-co-san","status":"publish","type":"product","link":"https:\/\/thucphamtienloi.com\/?product=chom-chi-hang-co-san","title":{"rendered":"Chim Ch\u0129 H\u00e0ng C\u00f3 S\u1eb5n"},"content":{"rendered":"","protected":false},"excerpt":{"rendered":"<p>Chim tr\u0129 l\u00e0 l\u01b0\u01a1ng th\u1ef1c ch\u1ee9a nhi\u1ec1u ch\u1ea5t dinh d\u01b0\u1ee1ng c\u1ea7n thi\u1ebft cho con ng\u01b0\u1eddi \u0111\u01b0\u1ee3c ch\u1ebf bi\u1ebfn th\u00e0nh nhi\u1ec1u m\u00f3n \u0103n kh\u00e1c nhau h\u01b0\u01a1ng v\u1ecb r\u1ea5t th\u01a1m ngon k\u00edch th\u00edch v\u1ecb gi\u00e1c<\/p>\n","protected":false},"featured_media":1777,"comment_status":"closed","ping_status":"closed","template":"","meta":[],"product_brand":[],"product_cat":[71],"product_tag":[],"class_list":{"0":"post-1775","1":"product","2":"type-product","3":"status-publish","4":"has-post-thumbnail","6":"product_cat-thuc-pham-tuoi-song","8":"first","9":"instock","10":"shipping-taxable","11":"purchasable","12":"product-type-simple"},"yoast_head":"<!-- This site is optimized with the Yoast SEO plugin v27.4 - https:\/\/yoast.com\/product\/yoast-seo-wordpress\/ -->\n<title>Chim Ch\u0129 H\u00e0ng C\u00f3 S\u1eb5n - \u1ea8M TH\u1ef0C BA MI\u1ec0N<\/title>\n<meta name=\"description\" content=\"Chim tr\u0129 l\u00e0 l\u01b0\u01a1ng th\u1ef1c ch\u1ee9a nhi\u1ec1u ch\u1ea5t dinh d\u01b0\u1ee1ng c\u1ea7n thi\u1ebft cho con ng\u01b0\u1eddi \u0111\u01b0\u1ee3c ch\u1ebf bi\u1ebfn th\u00e0nh nhi\u1ec1u m\u00f3n \u0103n kh\u00e1c nhau h\u01b0\u01a1ng v\u1ecb r\u1ea5t th\u01a1m ngon k\u00edch th\u00edch v\u1ecb gi\u00e1c\" \/>\n<meta name=\"robots\" content=\"index, follow, max-snippet:-1, max-image-preview:large, max-video-preview:-1\" \/>\n<link rel=\"canonical\" href=\"https:\/\/thucphamtienloi.com\/?product=chom-chi-hang-co-san\" \/>\n<meta property=\"og:locale\" content=\"vi_VN\" \/>\n<meta property=\"og:type\" content=\"article\" \/>\n<meta property=\"og:title\" content=\"Chim Ch\u0129 H\u00e0ng C\u00f3 S\u1eb5n - \u1ea8M TH\u1ef0C BA MI\u1ec0N\" \/>\n<meta property=\"og:description\" content=\"Chim tr\u0129 l\u00e0 l\u01b0\u01a1ng th\u1ef1c ch\u1ee9a nhi\u1ec1u ch\u1ea5t dinh d\u01b0\u1ee1ng c\u1ea7n thi\u1ebft cho con ng\u01b0\u1eddi \u0111\u01b0\u1ee3c ch\u1ebf bi\u1ebfn th\u00e0nh nhi\u1ec1u m\u00f3n \u0103n kh\u00e1c nhau h\u01b0\u01a1ng v\u1ecb r\u1ea5t th\u01a1m ngon k\u00edch th\u00edch v\u1ecb gi\u00e1c\" \/>\n<meta property=\"og:url\" content=\"https:\/\/thucphamtienloi.com\/?product=chom-chi-hang-co-san\" \/>\n<meta property=\"og:site_name\" content=\"\u1ea8M TH\u1ef0C BA MI\u1ec0N\" \/>\n<meta property=\"article:modified_time\" content=\"2025-10-19T16:14:13+00:00\" \/>\n<meta property=\"og:image\" content=\"https:\/\/thucphamtienloi.com\/wp-content\/uploads\/2021\/11\/z2894701420027_ac3104b1b045cda7474cde296e3bdd49.jpg\" \/>\n\t<meta property=\"og:image:width\" content=\"859\" \/>\n\t<meta property=\"og:image:height\" content=\"1908\" \/>\n\t<meta property=\"og:image:type\" content=\"image\/jpeg\" \/>\n<meta name=\"twitter:card\" content=\"summary_large_image\" \/>\n<script type=\"application\/ld+json\" class=\"yoast-schema-graph\">{\"@context\":\"https:\\\/\\\/schema.org\",\"@graph\":[{\"@type\":[\"WebPage\",\"ItemPage\"],\"@id\":\"https:\\\/\\\/thucphamtienloi.com\\\/?product=chom-chi-hang-co-san\",\"url\":\"https:\\\/\\\/thucphamtienloi.com\\\/?product=chom-chi-hang-co-san\",\"name\":\"Chim Ch\u0129 H\u00e0ng C\u00f3 S\u1eb5n - \u1ea8M TH\u1ef0C BA MI\u1ec0N\",\"isPartOf\":{\"@id\":\"https:\\\/\\\/thucphamtienloi.com\\\/#website\"},\"primaryImageOfPage\":{\"@id\":\"https:\\\/\\\/thucphamtienloi.com\\\/?product=chom-chi-hang-co-san#primaryimage\"},\"image\":{\"@id\":\"https:\\\/\\\/thucphamtienloi.com\\\/?product=chom-chi-hang-co-san#primaryimage\"},\"thumbnailUrl\":\"https:\\\/\\\/thucphamtienloi.com\\\/wp-content\\\/uploads\\\/2021\\\/11\\\/z2894701420027_ac3104b1b045cda7474cde296e3bdd49.jpg\",\"datePublished\":\"2021-11-14T02:10:24+00:00\",\"dateModified\":\"2025-10-19T16:14:13+00:00\",\"description\":\"Chim tr\u0129 l\u00e0 l\u01b0\u01a1ng th\u1ef1c ch\u1ee9a nhi\u1ec1u ch\u1ea5t dinh d\u01b0\u1ee1ng c\u1ea7n thi\u1ebft cho con ng\u01b0\u1eddi \u0111\u01b0\u1ee3c ch\u1ebf bi\u1ebfn th\u00e0nh nhi\u1ec1u m\u00f3n \u0103n kh\u00e1c nhau h\u01b0\u01a1ng v\u1ecb r\u1ea5t th\u01a1m ngon k\u00edch th\u00edch v\u1ecb gi\u00e1c\",\"breadcrumb\":{\"@id\":\"https:\\\/\\\/thucphamtienloi.com\\\/?product=chom-chi-hang-co-san#breadcrumb\"},\"inLanguage\":\"vi\",\"potentialAction\":[{\"@type\":\"ReadAction\",\"target\":[\"https:\\\/\\\/thucphamtienloi.com\\\/?product=chom-chi-hang-co-san\"]}]},{\"@type\":\"ImageObject\",\"inLanguage\":\"vi\",\"@id\":\"https:\\\/\\\/thucphamtienloi.com\\\/?product=chom-chi-hang-co-san#primaryimage\",\"url\":\"https:\\\/\\\/thucphamtienloi.com\\\/wp-content\\\/uploads\\\/2021\\\/11\\\/z2894701420027_ac3104b1b045cda7474cde296e3bdd49.jpg\",\"contentUrl\":\"https:\\\/\\\/thucphamtienloi.com\\\/wp-content\\\/uploads\\\/2021\\\/11\\\/z2894701420027_ac3104b1b045cda7474cde296e3bdd49.jpg\",\"width\":859,\"height\":1908,\"caption\":\"chim Ch\u0129\"},{\"@type\":\"BreadcrumbList\",\"@id\":\"https:\\\/\\\/thucphamtienloi.com\\\/?product=chom-chi-hang-co-san#breadcrumb\",\"itemListElement\":[{\"@type\":\"ListItem\",\"position\":1,\"name\":\"Trang ch\u1ee7\",\"item\":\"https:\\\/\\\/thucphamtienloi.com\\\/\"},{\"@type\":\"ListItem\",\"position\":2,\"name\":\"C\u1eeda H\u00e0ng\",\"item\":\"https:\\\/\\\/thucphamtienloi.com\\\/?page_id=3334\"},{\"@type\":\"ListItem\",\"position\":3,\"name\":\"Th\u1ef1c Ph\u1ea9m T\u01b0\u01a1i S\u1ed1ng\",\"item\":\"https:\\\/\\\/thucphamtienloi.com\\\/danh-muc-san-pham\\\/thuc-pham-tuoi-song\\\/\"},{\"@type\":\"ListItem\",\"position\":4,\"name\":\"Chim Ch\u0129 H\u00e0ng C\u00f3 S\u1eb5n\"}]},{\"@type\":\"WebSite\",\"@id\":\"https:\\\/\\\/thucphamtienloi.com\\\/#website\",\"url\":\"https:\\\/\\\/thucphamtienloi.com\\\/\",\"name\":\"Th\u1ef1c ph\u1ea9m ti\u1ec7n l\u1ee3i\",\"description\":\"\u1ea8m Th\u1ef1c Qu\u00ea H\u01b0\u01a1ng\",\"publisher\":{\"@id\":\"https:\\\/\\\/thucphamtienloi.com\\\/#organization\"},\"potentialAction\":[{\"@type\":\"SearchAction\",\"target\":{\"@type\":\"EntryPoint\",\"urlTemplate\":\"https:\\\/\\\/thucphamtienloi.com\\\/?s={search_term_string}\"},\"query-input\":{\"@type\":\"PropertyValueSpecification\",\"valueRequired\":true,\"valueName\":\"search_term_string\"}}],\"inLanguage\":\"vi\"},{\"@type\":\"Organization\",\"@id\":\"https:\\\/\\\/thucphamtienloi.com\\\/#organization\",\"name\":\"Th\u1ef1c ph\u1ea9m ti\u1ec7n l\u1ee3i\",\"url\":\"https:\\\/\\\/thucphamtienloi.com\\\/\",\"logo\":{\"@type\":\"ImageObject\",\"inLanguage\":\"vi\",\"@id\":\"https:\\\/\\\/thucphamtienloi.com\\\/#\\\/schema\\\/logo\\\/image\\\/\",\"url\":\"https:\\\/\\\/thucphamtienloi.com\\\/wp-content\\\/uploads\\\/2022\\\/07\\\/THU\u031b\u0323C-PHA\u0302\u0309M-TIE\u0323\u0302N-LO\u031b\u0323I.png\",\"contentUrl\":\"https:\\\/\\\/thucphamtienloi.com\\\/wp-content\\\/uploads\\\/2022\\\/07\\\/THU\u031b\u0323C-PHA\u0302\u0309M-TIE\u0323\u0302N-LO\u031b\u0323I.png\",\"width\":1920,\"height\":1080,\"caption\":\"Th\u1ef1c ph\u1ea9m ti\u1ec7n l\u1ee3i\"},\"image\":{\"@id\":\"https:\\\/\\\/thucphamtienloi.com\\\/#\\\/schema\\\/logo\\\/image\\\/\"}}]}<\/script>\n<!-- \/ Yoast SEO plugin. -->","yoast_head_json":{"title":"Chim Ch\u0129 H\u00e0ng C\u00f3 S\u1eb5n - \u1ea8M TH\u1ef0C BA MI\u1ec0N","description":"Chim tr\u0129 l\u00e0 l\u01b0\u01a1ng th\u1ef1c ch\u1ee9a nhi\u1ec1u ch\u1ea5t dinh d\u01b0\u1ee1ng c\u1ea7n thi\u1ebft cho con ng\u01b0\u1eddi \u0111\u01b0\u1ee3c ch\u1ebf bi\u1ebfn th\u00e0nh nhi\u1ec1u m\u00f3n \u0103n kh\u00e1c nhau h\u01b0\u01a1ng v\u1ecb r\u1ea5t th\u01a1m ngon k\u00edch th\u00edch v\u1ecb gi\u00e1c","robots":{"index":"index","follow":"follow","max-snippet":"max-snippet:-1","max-image-preview":"max-image-preview:large","max-video-preview":"max-video-preview:-1"},"canonical":"https:\/\/thucphamtienloi.com\/?product=chom-chi-hang-co-san","og_locale":"vi_VN","og_type":"article","og_title":"Chim Ch\u0129 H\u00e0ng C\u00f3 S\u1eb5n - \u1ea8M TH\u1ef0C BA MI\u1ec0N","og_description":"Chim tr\u0129 l\u00e0 l\u01b0\u01a1ng th\u1ef1c ch\u1ee9a nhi\u1ec1u ch\u1ea5t dinh d\u01b0\u1ee1ng c\u1ea7n thi\u1ebft cho con ng\u01b0\u1eddi \u0111\u01b0\u1ee3c ch\u1ebf bi\u1ebfn th\u00e0nh nhi\u1ec1u m\u00f3n \u0103n kh\u00e1c nhau h\u01b0\u01a1ng v\u1ecb r\u1ea5t th\u01a1m ngon k\u00edch th\u00edch v\u1ecb gi\u00e1c","og_url":"https:\/\/thucphamtienloi.com\/?product=chom-chi-hang-co-san","og_site_name":"\u1ea8M TH\u1ef0C BA MI\u1ec0N","article_modified_time":"2025-10-19T16:14:13+00:00","og_image":[{"width":859,"height":1908,"url":"https:\/\/thucphamtienloi.com\/wp-content\/uploads\/2021\/11\/z2894701420027_ac3104b1b045cda7474cde296e3bdd49.jpg","type":"image\/jpeg"}],"twitter_card":"summary_large_image","schema":{"@context":"https:\/\/schema.org","@graph":[{"@type":["WebPage","ItemPage"],"@id":"https:\/\/thucphamtienloi.com\/?product=chom-chi-hang-co-san","url":"https:\/\/thucphamtienloi.com\/?product=chom-chi-hang-co-san","name":"Chim Ch\u0129 H\u00e0ng C\u00f3 S\u1eb5n - \u1ea8M TH\u1ef0C BA MI\u1ec0N","isPartOf":{"@id":"https:\/\/thucphamtienloi.com\/#website"},"primaryImageOfPage":{"@id":"https:\/\/thucphamtienloi.com\/?product=chom-chi-hang-co-san#primaryimage"},"image":{"@id":"https:\/\/thucphamtienloi.com\/?product=chom-chi-hang-co-san#primaryimage"},"thumbnailUrl":"https:\/\/thucphamtienloi.com\/wp-content\/uploads\/2021\/11\/z2894701420027_ac3104b1b045cda7474cde296e3bdd49.jpg","datePublished":"2021-11-14T02:10:24+00:00","dateModified":"2025-10-19T16:14:13+00:00","description":"Chim tr\u0129 l\u00e0 l\u01b0\u01a1ng th\u1ef1c ch\u1ee9a nhi\u1ec1u ch\u1ea5t dinh d\u01b0\u1ee1ng c\u1ea7n thi\u1ebft cho con ng\u01b0\u1eddi \u0111\u01b0\u1ee3c ch\u1ebf bi\u1ebfn th\u00e0nh nhi\u1ec1u m\u00f3n \u0103n kh\u00e1c nhau h\u01b0\u01a1ng v\u1ecb r\u1ea5t th\u01a1m ngon k\u00edch th\u00edch v\u1ecb gi\u00e1c","breadcrumb":{"@id":"https:\/\/thucphamtienloi.com\/?product=chom-chi-hang-co-san#breadcrumb"},"inLanguage":"vi","potentialAction":[{"@type":"ReadAction","target":["https:\/\/thucphamtienloi.com\/?product=chom-chi-hang-co-san"]}]},{"@type":"ImageObject","inLanguage":"vi","@id":"https:\/\/thucphamtienloi.com\/?product=chom-chi-hang-co-san#primaryimage","url":"https:\/\/thucphamtienloi.com\/wp-content\/uploads\/2021\/11\/z2894701420027_ac3104b1b045cda7474cde296e3bdd49.jpg","contentUrl":"https:\/\/thucphamtienloi.com\/wp-content\/uploads\/2021\/11\/z2894701420027_ac3104b1b045cda7474cde296e3bdd49.jpg","width":859,"height":1908,"caption":"chim Ch\u0129"},{"@type":"BreadcrumbList","@id":"https:\/\/thucphamtienloi.com\/?product=chom-chi-hang-co-san#breadcrumb","itemListElement":[{"@type":"ListItem","position":1,"name":"Trang ch\u1ee7","item":"https:\/\/thucphamtienloi.com\/"},{"@type":"ListItem","position":2,"name":"C\u1eeda H\u00e0ng","item":"https:\/\/thucphamtienloi.com\/?page_id=3334"},{"@type":"ListItem","position":3,"name":"Th\u1ef1c Ph\u1ea9m T\u01b0\u01a1i S\u1ed1ng","item":"https:\/\/thucphamtienloi.com\/danh-muc-san-pham\/thuc-pham-tuoi-song\/"},{"@type":"ListItem","position":4,"name":"Chim Ch\u0129 H\u00e0ng C\u00f3 S\u1eb5n"}]},{"@type":"WebSite","@id":"https:\/\/thucphamtienloi.com\/#website","url":"https:\/\/thucphamtienloi.com\/","name":"Th\u1ef1c ph\u1ea9m ti\u1ec7n l\u1ee3i","description":"\u1ea8m Th\u1ef1c Qu\u00ea H\u01b0\u01a1ng","publisher":{"@id":"https:\/\/thucphamtienloi.com\/#organization"},"potentialAction":[{"@type":"SearchAction","target":{"@type":"EntryPoint","urlTemplate":"https:\/\/thucphamtienloi.com\/?s={search_term_string}"},"query-input":{"@type":"PropertyValueSpecification","valueRequired":true,"valueName":"search_term_string"}}],"inLanguage":"vi"},{"@type":"Organization","@id":"https:\/\/thucphamtienloi.com\/#organization","name":"Th\u1ef1c ph\u1ea9m ti\u1ec7n l\u1ee3i","url":"https:\/\/thucphamtienloi.com\/","logo":{"@type":"ImageObject","inLanguage":"vi","@id":"https:\/\/thucphamtienloi.com\/#\/schema\/logo\/image\/","url":"https:\/\/thucphamtienloi.com\/wp-content\/uploads\/2022\/07\/THU\u031b\u0323C-PHA\u0302\u0309M-TIE\u0323\u0302N-LO\u031b\u0323I.png","contentUrl":"https:\/\/thucphamtienloi.com\/wp-content\/uploads\/2022\/07\/THU\u031b\u0323C-PHA\u0302\u0309M-TIE\u0323\u0302N-LO\u031b\u0323I.png","width":1920,"height":1080,"caption":"Th\u1ef1c ph\u1ea9m ti\u1ec7n l\u1ee3i"},"image":{"@id":"https:\/\/thucphamtienloi.com\/#\/schema\/logo\/image\/"}}]}},"_links":{"self":[{"href":"https:\/\/thucphamtienloi.com\/index.php?rest_route=\/wp\/v2\/product\/1775","targetHints":{"allow":["GET"]}}],"collection":[{"href":"https:\/\/thucphamtienloi.com\/index.php?rest_route=\/wp\/v2\/product"}],"about":[{"href":"https:\/\/thucphamtienloi.com\/index.php?rest_route=\/wp\/v2\/types\/product"}],"replies":[{"embeddable":true,"href":"https:\/\/thucphamtienloi.com\/index.php?rest_route=%2Fwp%2Fv2%2Fcomments&post=1775"}],"wp:featuredmedia":[{"embeddable":true,"href":"https:\/\/thucphamtienloi.com\/index.php?rest_route=\/wp\/v2\/media\/1777"}],"wp:attachment":[{"href":"https:\/\/thucphamtienloi.com\/index.php?rest_route=%2Fwp%2Fv2%2Fmedia&parent=1775"}],"wp:term":[{"taxonomy":"product_brand","embeddable":true,"href":"https:\/\/thucphamtienloi.com\/index.php?rest_route=%2Fwp%2Fv2%2Fproduct_brand&post=1775"},{"taxonomy":"product_cat","embeddable":true,"href":"https:\/\/thucphamtienloi.com\/index.php?rest_route=%2Fwp%2Fv2%2Fproduct_cat&post=1775"},{"taxonomy":"product_tag","embeddable":true,"href":"https:\/\/thucphamtienloi.com\/index.php?rest_route=%2Fwp%2Fv2%2Fproduct_tag&post=1775"}],"curies":[{"name":"wp","href":"https:\/\/api.w.org\/{rel}","templated":true}]}}