{"id":2773,"date":"2022-06-27T11:09:09","date_gmt":"2022-06-27T11:09:09","guid":{"rendered":"https:\/\/thucphamtienloi.com\/?post_type=product&#038;p=2773"},"modified":"2026-01-05T09:12:02","modified_gmt":"2026-01-05T09:12:02","slug":"rau-tien-vua","status":"publish","type":"product","link":"https:\/\/thucphamtienloi.com\/?product=rau-tien-vua","title":{"rendered":"Rau Ti\u1ebfn Vua lo\u1ea1i 1 &#8211; 225k &#8211; S\u1ec9 &#038; l\u1ebb to\u00e0n qu\u1ed1c"},"content":{"rendered":"<p>Rau Ti\u1ebfn Vua lo\u1ea1i rau n\u1ed5i ti\u1ebfng kh\u00f4ng ch\u1ec9 ngon m\u00e0 c\u00f2n r\u1ea5t l\u00e0 b\u1ed5 d\u01b0\u1ee1ng. Ch\u00ednh v\u00ec v\u1eady lo\u1ea1i rau n\u00e0y \u0111\u01b0\u1ee3c nhi\u1ec1u ng\u01b0\u1eddi d\u00f9ng \u01b0a chu\u1ed9ng. B\u1ea1n s\u1ebd b\u1ecb b\u1ea5t ng\u1edd khi kh\u00e1m ph\u00e1 ra nh\u1eefng l\u1ee3i \u00edch tuy\u1ec7t v\u1eddi c\u1ee7a lo\u1ea1i rau n\u00e0y cho s\u1ee9c kh\u1ecfe con ng\u01b0\u1eddi.<\/p>\n<p style=\"text-align: center;\"><img loading=\"lazy\" decoding=\"async\" class=\"alignnone size-full wp-image-2774\" src=\"https:\/\/thucphamtienloi.com\/wp-content\/uploads\/2022\/06\/Ky-la-Loai-rau-dac-san-tung-de-tien-Vua-bay-gio-chi-de-cho-lon-an-rautienvua-1-1552902403-width788height321.jpeg\" alt=\"\" width=\"611\" height=\"321\" srcset=\"https:\/\/thucphamtienloi.com\/wp-content\/uploads\/2022\/06\/Ky-la-Loai-rau-dac-san-tung-de-tien-Vua-bay-gio-chi-de-cho-lon-an-rautienvua-1-1552902403-width788height321.jpeg 611w, https:\/\/thucphamtienloi.com\/wp-content\/uploads\/2022\/06\/Ky-la-Loai-rau-dac-san-tung-de-tien-Vua-bay-gio-chi-de-cho-lon-an-rautienvua-1-1552902403-width788height321-510x268.jpeg 510w, https:\/\/thucphamtienloi.com\/wp-content\/uploads\/2022\/06\/Ky-la-Loai-rau-dac-san-tung-de-tien-Vua-bay-gio-chi-de-cho-lon-an-rautienvua-1-1552902403-width788height321-600x315.jpeg 600w\" sizes=\"auto, (max-width: 611px) 100vw, 611px\" \/><\/p>\n<p>Rau c\u00f2n \u0111\u01b0\u1ee3c g\u1ecdi l\u00e0 rau c\u00f4ng s\u00f4i, rau c\u1ea7n bi\u1ec3n, rau c\u00e2u hay rau c\u1ea7n kh\u00f4, th\u01b0\u1eddng m\u1ecdc \u1edf v\u00f9ng ven bi\u1ec3n. Lo\u1ea1i rau n\u00e0y th\u00ec kh\u00f3 th\u00edch \u1ee9ng v\u1edbi n\u01b0\u1edbc ng\u1ecdt. Rau c\u00f3 th\u00e2n l\u00e1 \u0111\u00f4i, t\u1ee9c l\u00e0 l\u00e1 v\u00e0 th\u00e2n l\u00e0 m\u1ed9t v\u00e0 lu\u00f4n ch\u1ec9 c\u00f3 hai nh\u00e1nh, c\u00f3 h\u00ecnh nh\u01b0 m\u1ed9t lo\u1ea1i r\u1ec5 c\u1ee7.<\/p>\n<p style=\"text-align: center;\"><img loading=\"lazy\" decoding=\"async\" class=\"alignnone size-medium wp-image-2776\" src=\"https:\/\/thucphamtienloi.com\/wp-content\/uploads\/2022\/06\/rau-jpeg-3298-1654068555-300x400.jpeg\" alt=\"\" width=\"300\" height=\"400\" srcset=\"https:\/\/thucphamtienloi.com\/wp-content\/uploads\/2022\/06\/rau-jpeg-3298-1654068555-300x400.jpeg 300w, https:\/\/thucphamtienloi.com\/wp-content\/uploads\/2022\/06\/rau-jpeg-3298-1654068555-510x680.jpeg 510w, https:\/\/thucphamtienloi.com\/wp-content\/uploads\/2022\/06\/rau-jpeg-3298-1654068555-600x800.jpeg 600w, https:\/\/thucphamtienloi.com\/wp-content\/uploads\/2022\/06\/rau-jpeg-3298-1654068555-768x1024.jpeg 768w, https:\/\/thucphamtienloi.com\/wp-content\/uploads\/2022\/06\/rau-jpeg-3298-1654068555-1152x1536.jpeg 1152w, https:\/\/thucphamtienloi.com\/wp-content\/uploads\/2022\/06\/rau-jpeg-3298-1654068555.jpeg 1500w\" sizes=\"auto, (max-width: 300px) 100vw, 300px\" \/><\/p>\n<p>Th\u00e2n l\u00e1 ti\u1ebfn vua m\u1ec1m nh\u01b0ng dai, c\u00f3 k\u00edch c\u1ee1 th\u01b0\u1eddng b\u1eb1ng ng\u00f3n tay \u00fat ho\u1eb7c c\u00f3 th\u1ec3 to h\u01a1n. \u0110\u00f3 l\u00e0 \u00fd do v\u00ec sao m\u00e0 m\u00ecnh l\u00fac tr\u01b0\u1edbc l\u1ea1i nh\u00ecn v\u1eeba gi\u1ed1ng th\u00e2n c\u00e2y m\u1ec1m, l\u1ea1i v\u1eeba gi\u1ed1ng r\u1ec5 c\u00e2y m\u1ecdc d\u01b0\u1edbi n\u01b0\u1edbc. M\u00f9a rau ti\u1ebfn vua th\u01b0\u1eddng v\u00e0o th\u00e1ng 4 \u00e2m l\u1ecbch h\u1eb1ng n\u0103m. Hi\u1ec7n nay, tr\u00ean th\u1ecb tr\u01b0\u1eddng th\u01b0\u1eddng b\u00e1n rau \u1edf d\u1ea1ng rau ti\u1ebfn vua t\u01b0\u01a1i, kh\u00f4 ho\u1eb7c mu\u1ed1i chua, ng\u00e2m chua ng\u1ecdt,&#8230;<\/p>\n<p>Gi\u00e1 rau kh\u00f4 l\u00e0 225k\/b\u1ecbch, giao s\u1ec9 &amp; l\u1ebb to\u00e0n qu\u1ed1c t\u1ea1i Th\u1ef1c Ph\u1ea9m Ti\u1ec7n L\u1ee3i.<\/p>\n<p style=\"text-align: center;\"><img loading=\"lazy\" decoding=\"async\" class=\"alignnone size-medium wp-image-2775\" src=\"https:\/\/thucphamtienloi.com\/wp-content\/uploads\/2022\/06\/rau_TV-400x400.jpeg\" alt=\"\" width=\"400\" height=\"400\" srcset=\"https:\/\/thucphamtienloi.com\/wp-content\/uploads\/2022\/06\/rau_TV-400x400.jpeg 400w, https:\/\/thucphamtienloi.com\/wp-content\/uploads\/2022\/06\/rau_TV-247x247.jpeg 247w, https:\/\/thucphamtienloi.com\/wp-content\/uploads\/2022\/06\/rau_TV-100x100.jpeg 100w, https:\/\/thucphamtienloi.com\/wp-content\/uploads\/2022\/06\/rau_TV-510x510.jpeg 510w, https:\/\/thucphamtienloi.com\/wp-content\/uploads\/2022\/06\/rau_TV-800x800.jpeg 800w, https:\/\/thucphamtienloi.com\/wp-content\/uploads\/2022\/06\/rau_TV-280x280.jpeg 280w, https:\/\/thucphamtienloi.com\/wp-content\/uploads\/2022\/06\/rau_TV-768x768.jpeg 768w, https:\/\/thucphamtienloi.com\/wp-content\/uploads\/2022\/06\/rau_TV-300x300.jpeg 300w, https:\/\/thucphamtienloi.com\/wp-content\/uploads\/2022\/06\/rau_TV-600x600.jpeg 600w, https:\/\/thucphamtienloi.com\/wp-content\/uploads\/2022\/06\/rau_TV.jpeg 1000w\" sizes=\"auto, (max-width: 400px) 100vw, 400px\" \/><\/p>\n<p>Qu\u00fd kh\u00e1ch c\u00f3 nhu c\u1ea7u \u0111\u1eb7t mua\u00a0<a href=\"https:\/\/thucphamtienloi.com\/cua-hang\/\">\u0111\u1eb7c s\u1ea3n v\u00f9ng mi\u1ec1n<\/a>\u00a0vui l\u00f2ng li\u00ean h\u1ec7 :<\/p>\n<p><strong>Hotline\/Zalo:<\/strong>\u00a0<strong>0987.506.349<\/strong><\/p>\n<p><strong>\u0110\u1ecba ch\u1ec9 c\u1eeda h\u00e0ng :\u00a0<\/strong><\/p>\n<p><strong>T\u1ea1i S\u00e0i G\u00f2n:<\/strong>\u00a0184\/17 Nguy\u1ec5n Ph\u00fac Chu, P15, Q. T\u00e2n B\u00ecnh , TP HCM (vui l\u00f2ng g\u1ecdi tr\u01b0\u1edbc khi \u0111\u1ebfn)<\/p>\n<p><strong>T\u1ea1i H\u00e0 N\u1ed9i\u00a0:\u00a0<\/strong>Chung c\u01b0 349, V\u0169 T\u00f4ng Phan, Thanh Xu\u00e2n, H\u00e0 N\u1ed9i (vui l\u00f2ng g\u1ecdi tr\u01b0\u1edbc khi \u0111\u1ebfn)<br \/>\n<strong>Facebook: <a href=\"https:\/\/www.facebook.com\/thucphamtienloiFB\">TH\u1ef0C PH\u1ea8M TI\u1ec6N L\u1ee2I<\/a><\/strong><\/p>\n","protected":false},"excerpt":{"rendered":"<p>Rau Ti\u1ebfn Vua lo\u1ea1i rau n\u1ed5i ti\u1ebfng kh\u00f4ng ch\u1ec9 ngon m\u00e0 c\u00f2n r\u1ea5t l\u00e0 b\u1ed5 d\u01b0\u1ee1ng. Ch\u00ednh v\u00ec v\u1eady lo\u1ea1i rau n\u00e0y \u0111\u01b0\u1ee3c nhi\u1ec1u ng\u01b0\u1eddi d\u00f9ng \u01b0a chu\u1ed9ng. B\u1ea1n s\u1ebd b\u1ecb b\u1ea5t ng\u1edd khi kh\u00e1m ph\u00e1 ra nh\u1eefng l\u1ee3i \u00edch tuy\u1ec7t v\u1eddi c\u1ee7a lo\u1ea1i rau n\u00e0y cho s\u1ee9c kh\u1ecfe con ng\u01b0\u1eddi. Rau c\u00f2n \u0111\u01b0\u1ee3c g\u1ecdi [&#8230;]\n","protected":false},"featured_media":2775,"comment_status":"closed","ping_status":"closed","template":"","meta":[],"product_brand":[],"product_cat":[68],"product_tag":[940,941],"class_list":{"0":"post-2773","1":"product","2":"type-product","3":"status-publish","4":"has-post-thumbnail","6":"product_cat-dac-san-mien-bac","7":"product_tag-rau-tien-vua","8":"product_tag-rau-can-bien","10":"first","11":"instock","12":"shipping-taxable","13":"purchasable","14":"product-type-simple"},"yoast_head":"<!-- This site is optimized with the Yoast SEO plugin v27.4 - https:\/\/yoast.com\/product\/yoast-seo-wordpress\/ -->\n<title>Rau Ti\u1ebfn Vua lo\u1ea1i 1 - 225k - S\u1ec9 &amp; l\u1ebb to\u00e0n qu\u1ed1c<\/title>\n<meta name=\"description\" content=\"Rau Ti\u1ebfn Vua lo\u1ea1i rau n\u1ed5i ti\u1ebfng kh\u00f4ng ch\u1ec9 ngon m\u00e0 c\u00f2n r\u1ea5t l\u00e0 b\u1ed5 d\u01b0\u1ee1ng. Ch\u00ednh v\u00ec v\u1eady lo\u1ea1i rau n\u00e0y \u0111\u01b0\u1ee3c nhi\u1ec1u ng\u01b0\u1eddi d\u00f9ng \u01b0a chu\u1ed9ng. Gi\u00e1 225k\" \/>\n<meta name=\"robots\" content=\"index, follow, max-snippet:-1, max-image-preview:large, max-video-preview:-1\" \/>\n<link rel=\"canonical\" href=\"https:\/\/thucphamtienloi.com\/?product=rau-tien-vua\" \/>\n<meta property=\"og:locale\" content=\"vi_VN\" \/>\n<meta property=\"og:type\" content=\"article\" \/>\n<meta property=\"og:title\" content=\"Rau Ti\u1ebfn Vua lo\u1ea1i 1 - 225k - S\u1ec9 &amp; l\u1ebb to\u00e0n qu\u1ed1c\" \/>\n<meta property=\"og:description\" content=\"Rau Ti\u1ebfn Vua lo\u1ea1i rau n\u1ed5i ti\u1ebfng kh\u00f4ng ch\u1ec9 ngon m\u00e0 c\u00f2n r\u1ea5t l\u00e0 b\u1ed5 d\u01b0\u1ee1ng. Ch\u00ednh v\u00ec v\u1eady lo\u1ea1i rau n\u00e0y \u0111\u01b0\u1ee3c nhi\u1ec1u ng\u01b0\u1eddi d\u00f9ng \u01b0a chu\u1ed9ng. Gi\u00e1 225k\" \/>\n<meta property=\"og:url\" content=\"https:\/\/thucphamtienloi.com\/?product=rau-tien-vua\" \/>\n<meta property=\"og:site_name\" content=\"\u1ea8M TH\u1ef0C BA MI\u1ec0N\" \/>\n<meta property=\"article:modified_time\" content=\"2026-01-05T09:12:02+00:00\" \/>\n<meta property=\"og:image\" content=\"https:\/\/thucphamtienloi.com\/wp-content\/uploads\/2022\/06\/rau_TV.jpeg\" \/>\n\t<meta property=\"og:image:width\" content=\"1000\" \/>\n\t<meta property=\"og:image:height\" content=\"1000\" \/>\n\t<meta property=\"og:image:type\" content=\"image\/jpeg\" \/>\n<meta name=\"twitter:card\" content=\"summary_large_image\" \/>\n<meta name=\"twitter:label1\" content=\"\u01af\u1edbc t\u00ednh th\u1eddi gian \u0111\u1ecdc\" \/>\n\t<meta name=\"twitter:data1\" content=\"2 ph\u00fat\" \/>\n<script type=\"application\/ld+json\" class=\"yoast-schema-graph\">{\"@context\":\"https:\\\/\\\/schema.org\",\"@graph\":[{\"@type\":[\"WebPage\",\"ItemPage\"],\"@id\":\"https:\\\/\\\/thucphamtienloi.com\\\/?product=rau-tien-vua\",\"url\":\"https:\\\/\\\/thucphamtienloi.com\\\/?product=rau-tien-vua\",\"name\":\"Rau Ti\u1ebfn Vua lo\u1ea1i 1 - 225k - S\u1ec9 & l\u1ebb to\u00e0n qu\u1ed1c\",\"isPartOf\":{\"@id\":\"https:\\\/\\\/thucphamtienloi.com\\\/#website\"},\"primaryImageOfPage\":{\"@id\":\"https:\\\/\\\/thucphamtienloi.com\\\/?product=rau-tien-vua#primaryimage\"},\"image\":{\"@id\":\"https:\\\/\\\/thucphamtienloi.com\\\/?product=rau-tien-vua#primaryimage\"},\"thumbnailUrl\":\"https:\\\/\\\/thucphamtienloi.com\\\/wp-content\\\/uploads\\\/2022\\\/06\\\/rau_TV.jpeg\",\"datePublished\":\"2022-06-27T11:09:09+00:00\",\"dateModified\":\"2026-01-05T09:12:02+00:00\",\"description\":\"Rau Ti\u1ebfn Vua lo\u1ea1i rau n\u1ed5i ti\u1ebfng kh\u00f4ng ch\u1ec9 ngon m\u00e0 c\u00f2n r\u1ea5t l\u00e0 b\u1ed5 d\u01b0\u1ee1ng. Ch\u00ednh v\u00ec v\u1eady lo\u1ea1i rau n\u00e0y \u0111\u01b0\u1ee3c nhi\u1ec1u ng\u01b0\u1eddi d\u00f9ng \u01b0a chu\u1ed9ng. Gi\u00e1 225k\",\"breadcrumb\":{\"@id\":\"https:\\\/\\\/thucphamtienloi.com\\\/?product=rau-tien-vua#breadcrumb\"},\"inLanguage\":\"vi\",\"potentialAction\":[{\"@type\":\"ReadAction\",\"target\":[\"https:\\\/\\\/thucphamtienloi.com\\\/?product=rau-tien-vua\"]}]},{\"@type\":\"ImageObject\",\"inLanguage\":\"vi\",\"@id\":\"https:\\\/\\\/thucphamtienloi.com\\\/?product=rau-tien-vua#primaryimage\",\"url\":\"https:\\\/\\\/thucphamtienloi.com\\\/wp-content\\\/uploads\\\/2022\\\/06\\\/rau_TV.jpeg\",\"contentUrl\":\"https:\\\/\\\/thucphamtienloi.com\\\/wp-content\\\/uploads\\\/2022\\\/06\\\/rau_TV.jpeg\",\"width\":1000,\"height\":1000,\"caption\":\"rau Ti\u1ebfn Vua\"},{\"@type\":\"BreadcrumbList\",\"@id\":\"https:\\\/\\\/thucphamtienloi.com\\\/?product=rau-tien-vua#breadcrumb\",\"itemListElement\":[{\"@type\":\"ListItem\",\"position\":1,\"name\":\"Trang ch\u1ee7\",\"item\":\"https:\\\/\\\/thucphamtienloi.com\\\/\"},{\"@type\":\"ListItem\",\"position\":2,\"name\":\"C\u1eeda H\u00e0ng\",\"item\":\"https:\\\/\\\/thucphamtienloi.com\\\/?page_id=3334\"},{\"@type\":\"ListItem\",\"position\":3,\"name\":\"\u0110\u1eb7c S\u1ea3n Mi\u1ec1n B\u1eafc\",\"item\":\"https:\\\/\\\/thucphamtienloi.com\\\/danh-muc-san-pham\\\/dac-san-mien-bac\\\/\"},{\"@type\":\"ListItem\",\"position\":4,\"name\":\"Rau Ti\u1ebfn Vua lo\u1ea1i 1 &#8211; 225k &#8211; S\u1ec9 &#038; l\u1ebb to\u00e0n qu\u1ed1c\"}]},{\"@type\":\"WebSite\",\"@id\":\"https:\\\/\\\/thucphamtienloi.com\\\/#website\",\"url\":\"https:\\\/\\\/thucphamtienloi.com\\\/\",\"name\":\"Th\u1ef1c ph\u1ea9m ti\u1ec7n l\u1ee3i\",\"description\":\"\u1ea8m Th\u1ef1c Qu\u00ea H\u01b0\u01a1ng\",\"publisher\":{\"@id\":\"https:\\\/\\\/thucphamtienloi.com\\\/#organization\"},\"potentialAction\":[{\"@type\":\"SearchAction\",\"target\":{\"@type\":\"EntryPoint\",\"urlTemplate\":\"https:\\\/\\\/thucphamtienloi.com\\\/?s={search_term_string}\"},\"query-input\":{\"@type\":\"PropertyValueSpecification\",\"valueRequired\":true,\"valueName\":\"search_term_string\"}}],\"inLanguage\":\"vi\"},{\"@type\":\"Organization\",\"@id\":\"https:\\\/\\\/thucphamtienloi.com\\\/#organization\",\"name\":\"Th\u1ef1c ph\u1ea9m ti\u1ec7n l\u1ee3i\",\"url\":\"https:\\\/\\\/thucphamtienloi.com\\\/\",\"logo\":{\"@type\":\"ImageObject\",\"inLanguage\":\"vi\",\"@id\":\"https:\\\/\\\/thucphamtienloi.com\\\/#\\\/schema\\\/logo\\\/image\\\/\",\"url\":\"https:\\\/\\\/thucphamtienloi.com\\\/wp-content\\\/uploads\\\/2022\\\/07\\\/THU\u031b\u0323C-PHA\u0302\u0309M-TIE\u0323\u0302N-LO\u031b\u0323I.png\",\"contentUrl\":\"https:\\\/\\\/thucphamtienloi.com\\\/wp-content\\\/uploads\\\/2022\\\/07\\\/THU\u031b\u0323C-PHA\u0302\u0309M-TIE\u0323\u0302N-LO\u031b\u0323I.png\",\"width\":1920,\"height\":1080,\"caption\":\"Th\u1ef1c ph\u1ea9m ti\u1ec7n l\u1ee3i\"},\"image\":{\"@id\":\"https:\\\/\\\/thucphamtienloi.com\\\/#\\\/schema\\\/logo\\\/image\\\/\"}}]}<\/script>\n<!-- \/ Yoast SEO plugin. -->","yoast_head_json":{"title":"Rau Ti\u1ebfn Vua lo\u1ea1i 1 - 225k - S\u1ec9 & l\u1ebb to\u00e0n qu\u1ed1c","description":"Rau Ti\u1ebfn Vua lo\u1ea1i rau n\u1ed5i ti\u1ebfng kh\u00f4ng ch\u1ec9 ngon m\u00e0 c\u00f2n r\u1ea5t l\u00e0 b\u1ed5 d\u01b0\u1ee1ng. Ch\u00ednh v\u00ec v\u1eady lo\u1ea1i rau n\u00e0y \u0111\u01b0\u1ee3c nhi\u1ec1u ng\u01b0\u1eddi d\u00f9ng \u01b0a chu\u1ed9ng. Gi\u00e1 225k","robots":{"index":"index","follow":"follow","max-snippet":"max-snippet:-1","max-image-preview":"max-image-preview:large","max-video-preview":"max-video-preview:-1"},"canonical":"https:\/\/thucphamtienloi.com\/?product=rau-tien-vua","og_locale":"vi_VN","og_type":"article","og_title":"Rau Ti\u1ebfn Vua lo\u1ea1i 1 - 225k - S\u1ec9 & l\u1ebb to\u00e0n qu\u1ed1c","og_description":"Rau Ti\u1ebfn Vua lo\u1ea1i rau n\u1ed5i ti\u1ebfng kh\u00f4ng ch\u1ec9 ngon m\u00e0 c\u00f2n r\u1ea5t l\u00e0 b\u1ed5 d\u01b0\u1ee1ng. Ch\u00ednh v\u00ec v\u1eady lo\u1ea1i rau n\u00e0y \u0111\u01b0\u1ee3c nhi\u1ec1u ng\u01b0\u1eddi d\u00f9ng \u01b0a chu\u1ed9ng. Gi\u00e1 225k","og_url":"https:\/\/thucphamtienloi.com\/?product=rau-tien-vua","og_site_name":"\u1ea8M TH\u1ef0C BA MI\u1ec0N","article_modified_time":"2026-01-05T09:12:02+00:00","og_image":[{"width":1000,"height":1000,"url":"https:\/\/thucphamtienloi.com\/wp-content\/uploads\/2022\/06\/rau_TV.jpeg","type":"image\/jpeg"}],"twitter_card":"summary_large_image","twitter_misc":{"\u01af\u1edbc t\u00ednh th\u1eddi gian \u0111\u1ecdc":"2 ph\u00fat"},"schema":{"@context":"https:\/\/schema.org","@graph":[{"@type":["WebPage","ItemPage"],"@id":"https:\/\/thucphamtienloi.com\/?product=rau-tien-vua","url":"https:\/\/thucphamtienloi.com\/?product=rau-tien-vua","name":"Rau Ti\u1ebfn Vua lo\u1ea1i 1 - 225k - S\u1ec9 & l\u1ebb to\u00e0n qu\u1ed1c","isPartOf":{"@id":"https:\/\/thucphamtienloi.com\/#website"},"primaryImageOfPage":{"@id":"https:\/\/thucphamtienloi.com\/?product=rau-tien-vua#primaryimage"},"image":{"@id":"https:\/\/thucphamtienloi.com\/?product=rau-tien-vua#primaryimage"},"thumbnailUrl":"https:\/\/thucphamtienloi.com\/wp-content\/uploads\/2022\/06\/rau_TV.jpeg","datePublished":"2022-06-27T11:09:09+00:00","dateModified":"2026-01-05T09:12:02+00:00","description":"Rau Ti\u1ebfn Vua lo\u1ea1i rau n\u1ed5i ti\u1ebfng kh\u00f4ng ch\u1ec9 ngon m\u00e0 c\u00f2n r\u1ea5t l\u00e0 b\u1ed5 d\u01b0\u1ee1ng. Ch\u00ednh v\u00ec v\u1eady lo\u1ea1i rau n\u00e0y \u0111\u01b0\u1ee3c nhi\u1ec1u ng\u01b0\u1eddi d\u00f9ng \u01b0a chu\u1ed9ng. Gi\u00e1 225k","breadcrumb":{"@id":"https:\/\/thucphamtienloi.com\/?product=rau-tien-vua#breadcrumb"},"inLanguage":"vi","potentialAction":[{"@type":"ReadAction","target":["https:\/\/thucphamtienloi.com\/?product=rau-tien-vua"]}]},{"@type":"ImageObject","inLanguage":"vi","@id":"https:\/\/thucphamtienloi.com\/?product=rau-tien-vua#primaryimage","url":"https:\/\/thucphamtienloi.com\/wp-content\/uploads\/2022\/06\/rau_TV.jpeg","contentUrl":"https:\/\/thucphamtienloi.com\/wp-content\/uploads\/2022\/06\/rau_TV.jpeg","width":1000,"height":1000,"caption":"rau Ti\u1ebfn Vua"},{"@type":"BreadcrumbList","@id":"https:\/\/thucphamtienloi.com\/?product=rau-tien-vua#breadcrumb","itemListElement":[{"@type":"ListItem","position":1,"name":"Trang ch\u1ee7","item":"https:\/\/thucphamtienloi.com\/"},{"@type":"ListItem","position":2,"name":"C\u1eeda H\u00e0ng","item":"https:\/\/thucphamtienloi.com\/?page_id=3334"},{"@type":"ListItem","position":3,"name":"\u0110\u1eb7c S\u1ea3n Mi\u1ec1n B\u1eafc","item":"https:\/\/thucphamtienloi.com\/danh-muc-san-pham\/dac-san-mien-bac\/"},{"@type":"ListItem","position":4,"name":"Rau Ti\u1ebfn Vua lo\u1ea1i 1 &#8211; 225k &#8211; S\u1ec9 &#038; l\u1ebb to\u00e0n qu\u1ed1c"}]},{"@type":"WebSite","@id":"https:\/\/thucphamtienloi.com\/#website","url":"https:\/\/thucphamtienloi.com\/","name":"Th\u1ef1c ph\u1ea9m ti\u1ec7n l\u1ee3i","description":"\u1ea8m Th\u1ef1c Qu\u00ea H\u01b0\u01a1ng","publisher":{"@id":"https:\/\/thucphamtienloi.com\/#organization"},"potentialAction":[{"@type":"SearchAction","target":{"@type":"EntryPoint","urlTemplate":"https:\/\/thucphamtienloi.com\/?s={search_term_string}"},"query-input":{"@type":"PropertyValueSpecification","valueRequired":true,"valueName":"search_term_string"}}],"inLanguage":"vi"},{"@type":"Organization","@id":"https:\/\/thucphamtienloi.com\/#organization","name":"Th\u1ef1c ph\u1ea9m ti\u1ec7n l\u1ee3i","url":"https:\/\/thucphamtienloi.com\/","logo":{"@type":"ImageObject","inLanguage":"vi","@id":"https:\/\/thucphamtienloi.com\/#\/schema\/logo\/image\/","url":"https:\/\/thucphamtienloi.com\/wp-content\/uploads\/2022\/07\/THU\u031b\u0323C-PHA\u0302\u0309M-TIE\u0323\u0302N-LO\u031b\u0323I.png","contentUrl":"https:\/\/thucphamtienloi.com\/wp-content\/uploads\/2022\/07\/THU\u031b\u0323C-PHA\u0302\u0309M-TIE\u0323\u0302N-LO\u031b\u0323I.png","width":1920,"height":1080,"caption":"Th\u1ef1c ph\u1ea9m ti\u1ec7n l\u1ee3i"},"image":{"@id":"https:\/\/thucphamtienloi.com\/#\/schema\/logo\/image\/"}}]}},"_links":{"self":[{"href":"https:\/\/thucphamtienloi.com\/index.php?rest_route=\/wp\/v2\/product\/2773","targetHints":{"allow":["GET"]}}],"collection":[{"href":"https:\/\/thucphamtienloi.com\/index.php?rest_route=\/wp\/v2\/product"}],"about":[{"href":"https:\/\/thucphamtienloi.com\/index.php?rest_route=\/wp\/v2\/types\/product"}],"replies":[{"embeddable":true,"href":"https:\/\/thucphamtienloi.com\/index.php?rest_route=%2Fwp%2Fv2%2Fcomments&post=2773"}],"wp:featuredmedia":[{"embeddable":true,"href":"https:\/\/thucphamtienloi.com\/index.php?rest_route=\/wp\/v2\/media\/2775"}],"wp:attachment":[{"href":"https:\/\/thucphamtienloi.com\/index.php?rest_route=%2Fwp%2Fv2%2Fmedia&parent=2773"}],"wp:term":[{"taxonomy":"product_brand","embeddable":true,"href":"https:\/\/thucphamtienloi.com\/index.php?rest_route=%2Fwp%2Fv2%2Fproduct_brand&post=2773"},{"taxonomy":"product_cat","embeddable":true,"href":"https:\/\/thucphamtienloi.com\/index.php?rest_route=%2Fwp%2Fv2%2Fproduct_cat&post=2773"},{"taxonomy":"product_tag","embeddable":true,"href":"https:\/\/thucphamtienloi.com\/index.php?rest_route=%2Fwp%2Fv2%2Fproduct_tag&post=2773"}],"curies":[{"name":"wp","href":"https:\/\/api.w.org\/{rel}","templated":true}]}}