{"id":2784,"date":"2022-06-30T16:06:19","date_gmt":"2022-06-30T16:06:19","guid":{"rendered":"https:\/\/thucphamtienloi.com\/?post_type=product&#038;p=2784"},"modified":"2025-10-19T16:14:12","modified_gmt":"2025-10-19T16:14:12","slug":"trung-da-dieu-chinh-goc","status":"publish","type":"product","link":"https:\/\/thucphamtienloi.com\/?product=trung-da-dieu-chinh-goc","title":{"rendered":"Tr\u1ee9ng \u0110\u00e0 \u0110i\u1ec3u &#8211; ch\u00ednh g\u1ed1c gi\u00e1 s\u1ec9 to\u00e0n qu\u1ed1c"},"content":{"rendered":"<p><a href=\"https:\/\/vi.wikipedia.org\/wiki\/%C4%90%C3%A0_%C4%91i%E1%BB%83u_ch%C3%A2u_Phi#:~:text=Tr%E1%BB%A9ng%20n%E1%BA%B7ng%20t%E1%BB%AB%201%2C3,k%C3%ADch%20th%C6%B0%E1%BB%9Bc%20c%E1%BB%A7a%20%C4%91%C3%A0%20%C4%91i%E1%BB%83u.\"><strong>Tr\u1ee9ng \u0111\u00e0 \u0111i\u1ec3u<\/strong><\/a>\u00a0ch\u00ednh l\u00e0 tr\u1ee9ng c\u1ee7a con \u0111\u00e0 \u0111i\u1ec3u. L\u00e0 m\u1ed9t lo\u00e0i \u0111\u1ed9ng v\u1eadt c\u00f3 k\u00edch th\u01b0\u1edbc t\u01b0\u01a1ng \u0111\u1ed1i l\u1edbn n\u00ean tr\u1ee9ng \u0111\u00e0 \u0111i\u1ec3u c\u0169ng c\u00f3 k\u00edch th\u01b0\u1edbc to h\u01a1n nhi\u1ec1u l\u1ea7n so v\u1edbi tr\u1ee9ng g\u00e0 hay tr\u1ee9ng v\u1ecbt.\u00a0<\/p>\n<p>Th\u00f4ng th\u01b0\u1eddng, tr\u1ee9ng \u0111\u00e0 \u0111i\u1ec3u to g\u1ea5p h\u01a1n 20 l\u1ea7n tr\u1ee9ng g\u00e0. M\u1ed7i qu\u1ea3 tr\u1ee9ng \u0111\u00e0 \u0111i\u1ec3u c\u00f3 th\u1ec3 n\u1eb7ng t\u1eeb g\u1ea7n 1kg \u0111\u1ebfn g\u1ea7n 2kg. Ch\u00ednh v\u00ec v\u1eady, l\u1edbp v\u1ecf c\u1ee7a qu\u1ea3 tr\u1ee9ng c\u0169ng kh\u00e1 c\u1ee9ng \u0111\u1ec3 c\u00f3 th\u1ec3 b\u1ea3o v\u1ec7 l\u00f2ng tr\u1ee9ng.<\/p>\n<p style=\"text-align: center;\"><img loading=\"lazy\" decoding=\"async\" class=\"alignnone size-medium wp-image-2786 aligncenter\" src=\"https:\/\/thucphamtienloi.com\/wp-content\/uploads\/2022\/06\/gia-trung-da-dieu-1-456x400.jpeg\" alt=\"\" width=\"456\" height=\"400\" srcset=\"https:\/\/thucphamtienloi.com\/wp-content\/uploads\/2022\/06\/gia-trung-da-dieu-1-456x400.jpeg 456w, https:\/\/thucphamtienloi.com\/wp-content\/uploads\/2022\/06\/gia-trung-da-dieu-1-510x447.jpeg 510w, https:\/\/thucphamtienloi.com\/wp-content\/uploads\/2022\/06\/gia-trung-da-dieu-1-768x674.jpeg 768w, https:\/\/thucphamtienloi.com\/wp-content\/uploads\/2022\/06\/gia-trung-da-dieu-1-600x526.jpeg 600w, https:\/\/thucphamtienloi.com\/wp-content\/uploads\/2022\/06\/gia-trung-da-dieu-1.jpeg 870w\" sizes=\"auto, (max-width: 456px) 100vw, 456px\" \/><\/p>\n<h2>Gi\u00e1 tr\u1ecb dinh d\u01b0\u1ee1ng c\u1ee7a tr\u1ee9ng \u0111\u00e0 \u0111i\u1ec3u<\/h2>\n<p>Tr\u1ee9ng \u0111\u00e0 \u0111i\u1ec3u c\u00f3 gi\u00e1 tr\u1ecb dinh d\u01b0\u1ee1ng cao. Theo nghi\u00ean c\u1ee9u c\u1ee7a c\u00e1c nh\u00e0 khoa h\u1ecdc, protein c\u00f3 nhi\u1ec1u trong tr\u1ee9ng \u0111\u00e0 \u0111i\u1ec3u. Ngo\u00e0i ra, tr\u1ee9ng \u0111\u00e0 \u0111i\u1ec3u c\u0169ng cung c\u1ea5p c\u00e1c d\u01b0\u1ee1ng ch\u1ea5t quan tr\u1ecdng nh\u01b0 vitamin E, vitamin A, axit pantothenic, axit folic, s\u1eaft, canxi, photpho v\u00e0 magie.\u00a0<\/p>\n<p>M\u1eb7c d\u00f9 c\u00f3 h\u00e0m l\u01b0\u1ee3ng ch\u1ea5t dinh d\u01b0\u1ee1ng c\u1ea7n thi\u1ebft cao h\u01a1n tr\u1ee9ng g\u00e0, l\u01b0\u1ee3ng cholesterol trong tr\u1ee9ng \u0111\u00e0 \u0111i\u1ec3u th\u1ea5p h\u01a1n. Ch\u00ednh v\u00ec v\u1eady, tr\u1ee9ng \u0111\u00e0 \u0111i\u1ec3u r\u1ea5t t\u1ed1t cho s\u1ee9c kh\u1ecfe.<\/p>\n<p>Tr\u1ee9ng \u0111\u00e0 \u0111i\u1ec3u c\u00f3 t\u00e1c d\u1ee5ng l\u1edbn h\u01a1n so v\u1edbi tr\u1ee9ng g\u00e0 v\u00e0 tr\u1ee9ng v\u1ecbt g\u1ea5p nhi\u1ec1u l\u1ea7n. Ngo\u00e0i c\u00f3 v\u1ecb ng\u1ecdt th\u01a1m, tr\u1ee9ng \u0111\u00e0 \u0111i\u1ec3u \u0111\u01b0\u1ee3c bi\u1ebft l\u00e0 lo\u1ea1i tr\u1ee9ng c\u00f3 t\u00e1c d\u1ee5ng b\u1ed5 t\u1ef3 v\u1ecb d\u01b0\u1ee1ng kh\u00ed huy\u1ebft, b\u1ed5 \u00edch ng\u0169 t\u1ea1ng,\u2026 v\u00e0 \u0111\u1eb7c bi\u1ec7t c\u00f3 t\u00e1c d\u1ee5ng r\u1ea5t t\u1ed1t thai k\u1ef3.<\/p>\n<p><img loading=\"lazy\" decoding=\"async\" class=\"size-medium wp-image-2787\" src=\"https:\/\/thucphamtienloi.com\/wp-content\/uploads\/2022\/06\/trung-da-dieu-533x400.jpeg\" alt=\"\" width=\"533\" height=\"400\" srcset=\"https:\/\/thucphamtienloi.com\/wp-content\/uploads\/2022\/06\/trung-da-dieu-533x400.jpeg 533w, https:\/\/thucphamtienloi.com\/wp-content\/uploads\/2022\/06\/trung-da-dieu-510x383.jpeg 510w, https:\/\/thucphamtienloi.com\/wp-content\/uploads\/2022\/06\/trung-da-dieu-768x576.jpeg 768w, https:\/\/thucphamtienloi.com\/wp-content\/uploads\/2022\/06\/trung-da-dieu-600x450.jpeg 600w, https:\/\/thucphamtienloi.com\/wp-content\/uploads\/2022\/06\/trung-da-dieu.jpeg 960w\" sizes=\"auto, (max-width: 533px) 100vw, 533px\" \/><\/p>\n<p>Qu\u00fd kh\u00e1ch c\u00f3 nhu c\u1ea7u \u0111\u1eb7t mua vui l\u00f2ng li\u00ean h\u1ec7 :<\/p>\n<p><strong>Hotline\/Zalo:<\/strong>\u00a0<strong>0987.506.349<\/strong><\/p>\n<p><strong>\u0110\u1ecba ch\u1ec9 c\u1eeda h\u00e0ng :\u00a0<\/strong><\/p>\n<p><strong><a href=\"https:\/\/thucphamtienloi.com\/lien-he\/\">T\u1ea1i S\u00e0i G\u00f2n<\/a>:<\/strong>\u00a0184\/17 Nguy\u1ec5n Ph\u00fac Chu, P15, Q. T\u00e2n B\u00ecnh , TP HCM (vui l\u00f2ng g\u1ecdi tr\u01b0\u1edbc khi \u0111\u1ebfn)<\/p>\n<p><strong>T\u1ea1i H\u00e0 N\u1ed9i\u00a0:\u00a0<\/strong>Chung c\u01b0 349, V\u0169 T\u00f4ng Phan, Thanh Xu\u00e2n, H\u00e0 N\u1ed9i (vui l\u00f2ng g\u1ecdi tr\u01b0\u1edbc khi \u0111\u1ebfn)<br \/>\n<strong>Facebook:\u00a0<a href=\"https:\/\/www.facebook.com\/thucphamtienloiFB\">TH\u1ef0C PH\u1ea8M TI\u1ec6N L\u1ee2I<\/a><\/strong><\/p>\n<div class=\"blog-share text-center\">\u00a0<\/div>\n","protected":false},"excerpt":{"rendered":"<p>Tr\u1ee9ng \u0111\u00e0 \u0111i\u1ec3u\u00a0ch\u00ednh l\u00e0 tr\u1ee9ng c\u1ee7a con \u0111\u00e0 \u0111i\u1ec3u. L\u00e0 m\u1ed9t lo\u00e0i \u0111\u1ed9ng v\u1eadt c\u00f3 k\u00edch th\u01b0\u1edbc t\u01b0\u01a1ng \u0111\u1ed1i l\u1edbn n\u00ean tr\u1ee9ng \u0111\u00e0 \u0111i\u1ec3u c\u0169ng c\u00f3 k\u00edch th\u01b0\u1edbc to h\u01a1n nhi\u1ec1u l\u1ea7n so v\u1edbi tr\u1ee9ng g\u00e0 hay tr\u1ee9ng v\u1ecbt.\u00a0 Th\u00f4ng th\u01b0\u1eddng, tr\u1ee9ng \u0111\u00e0 \u0111i\u1ec3u to g\u1ea5p h\u01a1n 20 l\u1ea7n tr\u1ee9ng g\u00e0. M\u1ed7i qu\u1ea3 tr\u1ee9ng \u0111\u00e0 [&#8230;]\n","protected":false},"featured_media":2786,"comment_status":"closed","ping_status":"closed","template":"","meta":[],"product_brand":[],"product_cat":[70],"product_tag":[944,945],"class_list":{"0":"post-2784","1":"product","2":"type-product","3":"status-publish","4":"has-post-thumbnail","6":"product_cat-dac-san-mien-nam","7":"product_tag-trung-da-dieu","8":"product_tag-trung","10":"first","11":"instock","12":"shipping-taxable","13":"purchasable","14":"product-type-simple"},"yoast_head":"<!-- This site is optimized with the Yoast SEO plugin v27.4 - https:\/\/yoast.com\/product\/yoast-seo-wordpress\/ -->\n<title>Tr\u1ee9ng \u0110\u00e0 \u0110i\u1ec3u - ch\u00ednh g\u1ed1c gi\u00e1 s\u1ec9 to\u00e0n qu\u1ed1c<\/title>\n<meta name=\"description\" content=\"N\u1ebfu l\u00e0 kh\u00e1ch mua h\u00e0ng l\u1ea7n \u0111\u1ea7u th\u00ec Th\u1ef1c Ph\u1ea9m Ti\u1ec7n L\u1ee3i s\u1ebd l\u00e0 \u0111\u1ecba ch\u1ec9 mua h\u00e0ng tin c\u1eady d\u00e0nh cho b\u1ea1n. Tr\u1ee9ng \u0111\u00e0 \u0111i\u1ec3u ngon t\u1ea1i TP HCM. S\u1ec9 &amp; l\u1ebb\" \/>\n<meta name=\"robots\" content=\"index, follow, max-snippet:-1, max-image-preview:large, max-video-preview:-1\" \/>\n<link rel=\"canonical\" href=\"https:\/\/thucphamtienloi.com\/?product=trung-da-dieu-chinh-goc\" \/>\n<meta property=\"og:locale\" content=\"vi_VN\" \/>\n<meta property=\"og:type\" content=\"article\" \/>\n<meta property=\"og:title\" content=\"Tr\u1ee9ng \u0110\u00e0 \u0110i\u1ec3u - ch\u00ednh g\u1ed1c gi\u00e1 s\u1ec9 to\u00e0n qu\u1ed1c\" \/>\n<meta property=\"og:description\" content=\"N\u1ebfu l\u00e0 kh\u00e1ch mua h\u00e0ng l\u1ea7n \u0111\u1ea7u th\u00ec Th\u1ef1c Ph\u1ea9m Ti\u1ec7n L\u1ee3i s\u1ebd l\u00e0 \u0111\u1ecba ch\u1ec9 mua h\u00e0ng tin c\u1eady d\u00e0nh cho b\u1ea1n. Tr\u1ee9ng \u0111\u00e0 \u0111i\u1ec3u ngon t\u1ea1i TP HCM. S\u1ec9 &amp; l\u1ebb\" \/>\n<meta property=\"og:url\" content=\"https:\/\/thucphamtienloi.com\/?product=trung-da-dieu-chinh-goc\" \/>\n<meta property=\"og:site_name\" content=\"\u1ea8M TH\u1ef0C BA MI\u1ec0N\" \/>\n<meta property=\"article:modified_time\" content=\"2025-10-19T16:14:12+00:00\" \/>\n<meta property=\"og:image\" content=\"https:\/\/thucphamtienloi.com\/wp-content\/uploads\/2022\/06\/gia-trung-da-dieu-1.jpeg\" \/>\n\t<meta property=\"og:image:width\" content=\"870\" \/>\n\t<meta property=\"og:image:height\" content=\"763\" \/>\n\t<meta property=\"og:image:type\" content=\"image\/jpeg\" \/>\n<meta name=\"twitter:card\" content=\"summary_large_image\" \/>\n<meta name=\"twitter:label1\" content=\"\u01af\u1edbc t\u00ednh th\u1eddi gian \u0111\u1ecdc\" \/>\n\t<meta name=\"twitter:data1\" content=\"2 ph\u00fat\" \/>\n<script type=\"application\/ld+json\" class=\"yoast-schema-graph\">{\"@context\":\"https:\\\/\\\/schema.org\",\"@graph\":[{\"@type\":[\"WebPage\",\"ItemPage\"],\"@id\":\"https:\\\/\\\/thucphamtienloi.com\\\/?product=trung-da-dieu-chinh-goc\",\"url\":\"https:\\\/\\\/thucphamtienloi.com\\\/?product=trung-da-dieu-chinh-goc\",\"name\":\"Tr\u1ee9ng \u0110\u00e0 \u0110i\u1ec3u - ch\u00ednh g\u1ed1c gi\u00e1 s\u1ec9 to\u00e0n qu\u1ed1c\",\"isPartOf\":{\"@id\":\"https:\\\/\\\/thucphamtienloi.com\\\/#website\"},\"primaryImageOfPage\":{\"@id\":\"https:\\\/\\\/thucphamtienloi.com\\\/?product=trung-da-dieu-chinh-goc#primaryimage\"},\"image\":{\"@id\":\"https:\\\/\\\/thucphamtienloi.com\\\/?product=trung-da-dieu-chinh-goc#primaryimage\"},\"thumbnailUrl\":\"https:\\\/\\\/thucphamtienloi.com\\\/wp-content\\\/uploads\\\/2022\\\/06\\\/gia-trung-da-dieu-1.jpeg\",\"datePublished\":\"2022-06-30T16:06:19+00:00\",\"dateModified\":\"2025-10-19T16:14:12+00:00\",\"description\":\"N\u1ebfu l\u00e0 kh\u00e1ch mua h\u00e0ng l\u1ea7n \u0111\u1ea7u th\u00ec Th\u1ef1c Ph\u1ea9m Ti\u1ec7n L\u1ee3i s\u1ebd l\u00e0 \u0111\u1ecba ch\u1ec9 mua h\u00e0ng tin c\u1eady d\u00e0nh cho b\u1ea1n. Tr\u1ee9ng \u0111\u00e0 \u0111i\u1ec3u ngon t\u1ea1i TP HCM. S\u1ec9 & l\u1ebb\",\"breadcrumb\":{\"@id\":\"https:\\\/\\\/thucphamtienloi.com\\\/?product=trung-da-dieu-chinh-goc#breadcrumb\"},\"inLanguage\":\"vi\",\"potentialAction\":[{\"@type\":\"ReadAction\",\"target\":[\"https:\\\/\\\/thucphamtienloi.com\\\/?product=trung-da-dieu-chinh-goc\"]}]},{\"@type\":\"ImageObject\",\"inLanguage\":\"vi\",\"@id\":\"https:\\\/\\\/thucphamtienloi.com\\\/?product=trung-da-dieu-chinh-goc#primaryimage\",\"url\":\"https:\\\/\\\/thucphamtienloi.com\\\/wp-content\\\/uploads\\\/2022\\\/06\\\/gia-trung-da-dieu-1.jpeg\",\"contentUrl\":\"https:\\\/\\\/thucphamtienloi.com\\\/wp-content\\\/uploads\\\/2022\\\/06\\\/gia-trung-da-dieu-1.jpeg\",\"width\":870,\"height\":763,\"caption\":\"tr\u1ee9ng \u0111\u00e0 \u0111i\u1ec3u\"},{\"@type\":\"BreadcrumbList\",\"@id\":\"https:\\\/\\\/thucphamtienloi.com\\\/?product=trung-da-dieu-chinh-goc#breadcrumb\",\"itemListElement\":[{\"@type\":\"ListItem\",\"position\":1,\"name\":\"Trang ch\u1ee7\",\"item\":\"https:\\\/\\\/thucphamtienloi.com\\\/\"},{\"@type\":\"ListItem\",\"position\":2,\"name\":\"C\u1eeda H\u00e0ng\",\"item\":\"https:\\\/\\\/thucphamtienloi.com\\\/?page_id=3334\"},{\"@type\":\"ListItem\",\"position\":3,\"name\":\"\u0110\u1eb7c S\u1ea3n Mi\u1ec1n Nam\",\"item\":\"https:\\\/\\\/thucphamtienloi.com\\\/danh-muc-san-pham\\\/dac-san-mien-nam\\\/\"},{\"@type\":\"ListItem\",\"position\":4,\"name\":\"Tr\u1ee9ng \u0110\u00e0 \u0110i\u1ec3u &#8211; ch\u00ednh g\u1ed1c gi\u00e1 s\u1ec9 to\u00e0n qu\u1ed1c\"}]},{\"@type\":\"WebSite\",\"@id\":\"https:\\\/\\\/thucphamtienloi.com\\\/#website\",\"url\":\"https:\\\/\\\/thucphamtienloi.com\\\/\",\"name\":\"Th\u1ef1c ph\u1ea9m ti\u1ec7n l\u1ee3i\",\"description\":\"\u1ea8m Th\u1ef1c Qu\u00ea H\u01b0\u01a1ng\",\"publisher\":{\"@id\":\"https:\\\/\\\/thucphamtienloi.com\\\/#organization\"},\"potentialAction\":[{\"@type\":\"SearchAction\",\"target\":{\"@type\":\"EntryPoint\",\"urlTemplate\":\"https:\\\/\\\/thucphamtienloi.com\\\/?s={search_term_string}\"},\"query-input\":{\"@type\":\"PropertyValueSpecification\",\"valueRequired\":true,\"valueName\":\"search_term_string\"}}],\"inLanguage\":\"vi\"},{\"@type\":\"Organization\",\"@id\":\"https:\\\/\\\/thucphamtienloi.com\\\/#organization\",\"name\":\"Th\u1ef1c ph\u1ea9m ti\u1ec7n l\u1ee3i\",\"url\":\"https:\\\/\\\/thucphamtienloi.com\\\/\",\"logo\":{\"@type\":\"ImageObject\",\"inLanguage\":\"vi\",\"@id\":\"https:\\\/\\\/thucphamtienloi.com\\\/#\\\/schema\\\/logo\\\/image\\\/\",\"url\":\"https:\\\/\\\/thucphamtienloi.com\\\/wp-content\\\/uploads\\\/2022\\\/07\\\/THU\u031b\u0323C-PHA\u0302\u0309M-TIE\u0323\u0302N-LO\u031b\u0323I.png\",\"contentUrl\":\"https:\\\/\\\/thucphamtienloi.com\\\/wp-content\\\/uploads\\\/2022\\\/07\\\/THU\u031b\u0323C-PHA\u0302\u0309M-TIE\u0323\u0302N-LO\u031b\u0323I.png\",\"width\":1920,\"height\":1080,\"caption\":\"Th\u1ef1c ph\u1ea9m ti\u1ec7n l\u1ee3i\"},\"image\":{\"@id\":\"https:\\\/\\\/thucphamtienloi.com\\\/#\\\/schema\\\/logo\\\/image\\\/\"}}]}<\/script>\n<!-- \/ Yoast SEO plugin. -->","yoast_head_json":{"title":"Tr\u1ee9ng \u0110\u00e0 \u0110i\u1ec3u - ch\u00ednh g\u1ed1c gi\u00e1 s\u1ec9 to\u00e0n qu\u1ed1c","description":"N\u1ebfu l\u00e0 kh\u00e1ch mua h\u00e0ng l\u1ea7n \u0111\u1ea7u th\u00ec Th\u1ef1c Ph\u1ea9m Ti\u1ec7n L\u1ee3i s\u1ebd l\u00e0 \u0111\u1ecba ch\u1ec9 mua h\u00e0ng tin c\u1eady d\u00e0nh cho b\u1ea1n. Tr\u1ee9ng \u0111\u00e0 \u0111i\u1ec3u ngon t\u1ea1i TP HCM. S\u1ec9 & l\u1ebb","robots":{"index":"index","follow":"follow","max-snippet":"max-snippet:-1","max-image-preview":"max-image-preview:large","max-video-preview":"max-video-preview:-1"},"canonical":"https:\/\/thucphamtienloi.com\/?product=trung-da-dieu-chinh-goc","og_locale":"vi_VN","og_type":"article","og_title":"Tr\u1ee9ng \u0110\u00e0 \u0110i\u1ec3u - ch\u00ednh g\u1ed1c gi\u00e1 s\u1ec9 to\u00e0n qu\u1ed1c","og_description":"N\u1ebfu l\u00e0 kh\u00e1ch mua h\u00e0ng l\u1ea7n \u0111\u1ea7u th\u00ec Th\u1ef1c Ph\u1ea9m Ti\u1ec7n L\u1ee3i s\u1ebd l\u00e0 \u0111\u1ecba ch\u1ec9 mua h\u00e0ng tin c\u1eady d\u00e0nh cho b\u1ea1n. Tr\u1ee9ng \u0111\u00e0 \u0111i\u1ec3u ngon t\u1ea1i TP HCM. S\u1ec9 & l\u1ebb","og_url":"https:\/\/thucphamtienloi.com\/?product=trung-da-dieu-chinh-goc","og_site_name":"\u1ea8M TH\u1ef0C BA MI\u1ec0N","article_modified_time":"2025-10-19T16:14:12+00:00","og_image":[{"width":870,"height":763,"url":"https:\/\/thucphamtienloi.com\/wp-content\/uploads\/2022\/06\/gia-trung-da-dieu-1.jpeg","type":"image\/jpeg"}],"twitter_card":"summary_large_image","twitter_misc":{"\u01af\u1edbc t\u00ednh th\u1eddi gian \u0111\u1ecdc":"2 ph\u00fat"},"schema":{"@context":"https:\/\/schema.org","@graph":[{"@type":["WebPage","ItemPage"],"@id":"https:\/\/thucphamtienloi.com\/?product=trung-da-dieu-chinh-goc","url":"https:\/\/thucphamtienloi.com\/?product=trung-da-dieu-chinh-goc","name":"Tr\u1ee9ng \u0110\u00e0 \u0110i\u1ec3u - ch\u00ednh g\u1ed1c gi\u00e1 s\u1ec9 to\u00e0n qu\u1ed1c","isPartOf":{"@id":"https:\/\/thucphamtienloi.com\/#website"},"primaryImageOfPage":{"@id":"https:\/\/thucphamtienloi.com\/?product=trung-da-dieu-chinh-goc#primaryimage"},"image":{"@id":"https:\/\/thucphamtienloi.com\/?product=trung-da-dieu-chinh-goc#primaryimage"},"thumbnailUrl":"https:\/\/thucphamtienloi.com\/wp-content\/uploads\/2022\/06\/gia-trung-da-dieu-1.jpeg","datePublished":"2022-06-30T16:06:19+00:00","dateModified":"2025-10-19T16:14:12+00:00","description":"N\u1ebfu l\u00e0 kh\u00e1ch mua h\u00e0ng l\u1ea7n \u0111\u1ea7u th\u00ec Th\u1ef1c Ph\u1ea9m Ti\u1ec7n L\u1ee3i s\u1ebd l\u00e0 \u0111\u1ecba ch\u1ec9 mua h\u00e0ng tin c\u1eady d\u00e0nh cho b\u1ea1n. Tr\u1ee9ng \u0111\u00e0 \u0111i\u1ec3u ngon t\u1ea1i TP HCM. S\u1ec9 & l\u1ebb","breadcrumb":{"@id":"https:\/\/thucphamtienloi.com\/?product=trung-da-dieu-chinh-goc#breadcrumb"},"inLanguage":"vi","potentialAction":[{"@type":"ReadAction","target":["https:\/\/thucphamtienloi.com\/?product=trung-da-dieu-chinh-goc"]}]},{"@type":"ImageObject","inLanguage":"vi","@id":"https:\/\/thucphamtienloi.com\/?product=trung-da-dieu-chinh-goc#primaryimage","url":"https:\/\/thucphamtienloi.com\/wp-content\/uploads\/2022\/06\/gia-trung-da-dieu-1.jpeg","contentUrl":"https:\/\/thucphamtienloi.com\/wp-content\/uploads\/2022\/06\/gia-trung-da-dieu-1.jpeg","width":870,"height":763,"caption":"tr\u1ee9ng \u0111\u00e0 \u0111i\u1ec3u"},{"@type":"BreadcrumbList","@id":"https:\/\/thucphamtienloi.com\/?product=trung-da-dieu-chinh-goc#breadcrumb","itemListElement":[{"@type":"ListItem","position":1,"name":"Trang ch\u1ee7","item":"https:\/\/thucphamtienloi.com\/"},{"@type":"ListItem","position":2,"name":"C\u1eeda H\u00e0ng","item":"https:\/\/thucphamtienloi.com\/?page_id=3334"},{"@type":"ListItem","position":3,"name":"\u0110\u1eb7c S\u1ea3n Mi\u1ec1n Nam","item":"https:\/\/thucphamtienloi.com\/danh-muc-san-pham\/dac-san-mien-nam\/"},{"@type":"ListItem","position":4,"name":"Tr\u1ee9ng \u0110\u00e0 \u0110i\u1ec3u &#8211; ch\u00ednh g\u1ed1c gi\u00e1 s\u1ec9 to\u00e0n qu\u1ed1c"}]},{"@type":"WebSite","@id":"https:\/\/thucphamtienloi.com\/#website","url":"https:\/\/thucphamtienloi.com\/","name":"Th\u1ef1c ph\u1ea9m ti\u1ec7n l\u1ee3i","description":"\u1ea8m Th\u1ef1c Qu\u00ea H\u01b0\u01a1ng","publisher":{"@id":"https:\/\/thucphamtienloi.com\/#organization"},"potentialAction":[{"@type":"SearchAction","target":{"@type":"EntryPoint","urlTemplate":"https:\/\/thucphamtienloi.com\/?s={search_term_string}"},"query-input":{"@type":"PropertyValueSpecification","valueRequired":true,"valueName":"search_term_string"}}],"inLanguage":"vi"},{"@type":"Organization","@id":"https:\/\/thucphamtienloi.com\/#organization","name":"Th\u1ef1c ph\u1ea9m ti\u1ec7n l\u1ee3i","url":"https:\/\/thucphamtienloi.com\/","logo":{"@type":"ImageObject","inLanguage":"vi","@id":"https:\/\/thucphamtienloi.com\/#\/schema\/logo\/image\/","url":"https:\/\/thucphamtienloi.com\/wp-content\/uploads\/2022\/07\/THU\u031b\u0323C-PHA\u0302\u0309M-TIE\u0323\u0302N-LO\u031b\u0323I.png","contentUrl":"https:\/\/thucphamtienloi.com\/wp-content\/uploads\/2022\/07\/THU\u031b\u0323C-PHA\u0302\u0309M-TIE\u0323\u0302N-LO\u031b\u0323I.png","width":1920,"height":1080,"caption":"Th\u1ef1c ph\u1ea9m ti\u1ec7n l\u1ee3i"},"image":{"@id":"https:\/\/thucphamtienloi.com\/#\/schema\/logo\/image\/"}}]}},"_links":{"self":[{"href":"https:\/\/thucphamtienloi.com\/index.php?rest_route=\/wp\/v2\/product\/2784","targetHints":{"allow":["GET"]}}],"collection":[{"href":"https:\/\/thucphamtienloi.com\/index.php?rest_route=\/wp\/v2\/product"}],"about":[{"href":"https:\/\/thucphamtienloi.com\/index.php?rest_route=\/wp\/v2\/types\/product"}],"replies":[{"embeddable":true,"href":"https:\/\/thucphamtienloi.com\/index.php?rest_route=%2Fwp%2Fv2%2Fcomments&post=2784"}],"wp:featuredmedia":[{"embeddable":true,"href":"https:\/\/thucphamtienloi.com\/index.php?rest_route=\/wp\/v2\/media\/2786"}],"wp:attachment":[{"href":"https:\/\/thucphamtienloi.com\/index.php?rest_route=%2Fwp%2Fv2%2Fmedia&parent=2784"}],"wp:term":[{"taxonomy":"product_brand","embeddable":true,"href":"https:\/\/thucphamtienloi.com\/index.php?rest_route=%2Fwp%2Fv2%2Fproduct_brand&post=2784"},{"taxonomy":"product_cat","embeddable":true,"href":"https:\/\/thucphamtienloi.com\/index.php?rest_route=%2Fwp%2Fv2%2Fproduct_cat&post=2784"},{"taxonomy":"product_tag","embeddable":true,"href":"https:\/\/thucphamtienloi.com\/index.php?rest_route=%2Fwp%2Fv2%2Fproduct_tag&post=2784"}],"curies":[{"name":"wp","href":"https:\/\/api.w.org\/{rel}","templated":true}]}}