{"id":3102,"date":"2023-02-03T10:53:56","date_gmt":"2023-02-03T10:53:56","guid":{"rendered":"https:\/\/thucphamtienloi.com\/?post_type=product&#038;p=3102"},"modified":"2026-04-15T05:32:11","modified_gmt":"2026-04-15T05:32:11","slug":"ga-den-hmong","status":"publish","type":"product","link":"https:\/\/thucphamtienloi.com\/?product=ga-den-hmong","title":{"rendered":"G\u00e0 \u0110en H&#8217;M\u00f4ng &#8211; \u0111\u1eb7c s\u1ea3n T\u00e2y B\u1eafc"},"content":{"rendered":"<p><em><a href=\"https:\/\/thucphamtienloi.com\/san-pham\/ga-den-hmong\/\">G\u00e0 \u0111en H\u2019M\u00f4ng<\/a> hay c\u00f2n \u0111\u01b0\u1ee3c g\u1ecdi l\u00e0 g\u00e0 \u0111en T\u00e2y B\u1eafc l\u00e0 \u0111\u1eb7c s\u1ea3n n\u1ed5i ti\u1ebfng c\u1ee7a v\u00f9ng n\u00fai T\u00e2y B\u1eafc, m\u00f3n \u0103n n\u00e0y c\u00f3 gi\u00e1 tr\u1ecb dinh d\u01b0\u1ee1ng cao, h\u01b0\u01a1ng v\u1ecb th\u01a1m ngon. L\u00e0 lo\u1ea1i g\u00e0 th\u01b0\u1eddng \u0111\u01b0\u1ee3c ch\u0103n nu\u00f4i \u1edf v\u00f9ng n\u00fai ph\u00eda B\u1eafc, l\u00e0 lo\u1ea1i g\u00e0 gi\u00fap b\u1ed3i b\u1ed5 s\u1ee9c kh\u1ecfe v\u00f4 c\u00f9ng t\u1ed1t. Ngo\u00e0i ra, v\u00ec \u0111\u1ed9 ngon v\u00e0 hi\u1ebfm n\u00ean g\u00e0 \u0111en l\u00e0 lo\u1ea1i m\u00f3n \u0103n \u0111\u01b0\u1ee3c nhi\u1ec1u ng\u01b0\u1eddi mu\u1ed1n th\u1eed \u00edt nh\u1ea5t m\u1ed9t l\u1ea7n. H\u00e3y c\u00f9ng ch\u00fang t\u00f4i t\u00ecm hi\u1ec3u k\u0129 h\u01a1n v\u1ec1 gi\u1ed1ng g\u00e0 \u0111en ngay trong b\u00e0i n\u1ed9i dung b\u00e0i vi\u1ebft n\u00e0y nh\u00e9.<\/em><\/p>\n<h2><span style=\"font-size: 75%;\"><strong>G\u00e0 \u0111en H\u2019M\u00f4ng &#8211; \u0110\u1eb7c s\u1ea3n T\u00e2y B\u1eafc<\/strong><\/span><\/h2>\n<p>Khi \u0111\u1ebfn v\u1edbi v\u00f9ng n\u00fai T\u00e2y B\u1eafc th\u00ec b\u1ea1n kh\u00f3 c\u00f3 th\u1ec3 b\u1ecf qua m\u00f3n th\u1ecbt g\u00e0 \u0111en, m\u00f3n \u0103n \u0111\u01b0\u1ee3c coi l\u00e0 \u0111\u1eb7c s\u1ea3n c\u1ee7a \u00a0v\u00f9ng cao n\u00e0y. M\u00f3n \u0103n n\u00e0y \u0111\u00e3 c\u00f3 t\u1eeb l\u00e2u \u0111\u1eddi v\u00e0 hi\u1ec7n nay \u0111ang hot tr\u00ean nh\u1eefng n\u1ec1n t\u1ea3ng m\u1ea1ng x\u00e3 h\u1ed9i nh\u01b0: Facebook, Tiktok\u2026<\/p>\n<p>M\u00f3n \u0103n n\u00e0y ch\u1ee9a h\u00e0m l\u01b0\u1ee3ng dinh d\u01b0\u1ee1ng cao t\u1eeb nh\u1eefng b\u1ed9 ph\u1eadn nh\u01b0 da th\u1ecbt \u0111\u1ebfn x\u01b0\u01a1ng g\u00e0. Ngo\u00e0i ra n\u00f3 c\u00f2n \u0111\u1ed9 h\u1ea5p d\u1eabn h\u01a1n b\u1edfi c\u00f3 s\u1ef1 th\u01a1m ngon v\u00ec \u0111\u01b0\u1ee3c nu\u00f4i d\u01b0\u1ee1ng trong \u0111i\u1ec1u ki\u1ec7n t\u1ef1 nhi\u00ean, kh\u00f4ng nu\u00f4i c\u00e1m b\u1ed9t nh\u01b0 t\u1ea1i c\u00e1c trang tr\u1ea1i.<\/p>\n<p>\u0110i\u1ec3m n\u1ed5i b\u1eadt c\u1ee7a m\u00f3n \u0103n n\u00e0y l\u00e0 b\u1ed9 ph\u1eadn l\u1ee5c ph\u1ee7 ng\u0169 t\u1ea1ng c\u1ee7a g\u00e0 \u0111\u01b0\u1ee3c ch\u1ebf bi\u1ebfn v\u00e0 gi\u1eef nguy\u00ean trong c\u00f2n g\u00e0. G\u00e0 nh\u1ecf, \u0111en, th\u1ecbt ch\u1eafc n\u1ecbch\u2026 Ch\u00ednh v\u00ec th\u1ebf m\u00e0 gi\u00e1 c\u1ea3 c\u1ee7a gi\u1ed1ng g\u00e0 n\u00e0y s\u1ebd \u0111\u01b0\u1ee3c b\u00e1n cao h\u01a1n so v\u1edbi c\u00e1c lo\u1ea1i g\u00e0 th\u00f4ng th\u01b0\u1eddng kh\u00e1c.<\/p>\n<figure id=\"attachment_3103\" aria-describedby=\"caption-attachment-3103\" style=\"width: 800px\" class=\"wp-caption aligncenter\"><img loading=\"lazy\" decoding=\"async\" class=\"wp-image-3103\" src=\"https:\/\/thucphamtienloi.com\/wp-content\/uploads\/2023\/02\/ga-den-hmong.jpg\" alt=\"G\u00e0 \u0111en H\u2019Mong - \u0110\u1eb7c s\u1ea3n T\u00e2y B\u1eafc\" width=\"800\" height=\"477\" srcset=\"https:\/\/thucphamtienloi.com\/wp-content\/uploads\/2023\/02\/ga-den-hmong.jpg 930w, https:\/\/thucphamtienloi.com\/wp-content\/uploads\/2023\/02\/ga-den-hmong-510x304.jpg 510w, https:\/\/thucphamtienloi.com\/wp-content\/uploads\/2023\/02\/ga-den-hmong-670x400.jpg 670w, https:\/\/thucphamtienloi.com\/wp-content\/uploads\/2023\/02\/ga-den-hmong-768x458.jpg 768w\" sizes=\"auto, (max-width: 800px) 100vw, 800px\" \/><figcaption id=\"caption-attachment-3103\" class=\"wp-caption-text\"><em>G\u00e0 \u0111en H\u2019M\u00f4ng &#8211; \u0110\u1eb7c s\u1ea3n T\u00e2y B\u1eafc<\/em><\/figcaption><\/figure>\n<h2><strong>C\u00e1ch ch\u1ebf bi\u1ebfn nh\u1eefng m\u00f3n \u0103n t\u1eeb th\u1ecbt g\u00e0 \u0111en H\u2019M\u00f4ng<\/strong><\/h2>\n<h3><strong>G\u00e0 \u0111en ti\u1ec1m t\u1ee9 qu\u00fd<\/strong><\/h3>\n<p>Nguy\u00ean li\u1ec7u \u0111\u1ec3 ch\u1ebf bi\u1ebfn m\u00f3n \u0103n ngon n\u00e0y s\u1ebd bao g\u1ed3m: 1 con g\u00e0 \u0111en T\u00e2y B\u1eafc, 50g c\u1ee7 n\u0103ng, 2 mi\u1ebfng n\u1ea5m \u0111\u00f4ng c\u00f4, 200ml n\u01b0\u1edbc d\u1eeba nguy\u00ean ch\u1ea5t, 10-15 h\u1ea1t sen \u0111\u00e3 \u0111\u01b0\u1ee3c ph\u01a1i kh\u00f4, 3-5 qu\u1ea3 t\u00e1o t\u00e0u \u0111\u1ecf, ng\u00f2 r\u00ed v\u00e0 h\u00e0nh l\u00e1. Nh\u1eefng gia v\u1ecb n\u00eam n\u1ebfm c\u01a1 b\u1ea3n t\u00f9y v\u00e0o nhu c\u1ea7u c\u1ee7a b\u1ea1n.<\/p>\n<p>C\u00e1ch ch\u1ebf bi\u1ebfn m\u00f3n \u0103n:<\/p>\n<p>R\u1eeda s\u1ea1ch g\u00e0 v\u00e0 \u0111\u1ec3 cho r\u00e1o n\u01b0\u1edbc ph\u1ea7n th\u1ecbt. Khi \u0111\u00e3 r\u00e1o n\u01b0\u1edbc th\u00ec b\u1ea1n s\u1ebd \u01b0\u1edbp th\u1ecbt g\u00e0 c\u00f9ng v\u1edbi nh\u1eefng gia v\u1ecb nh\u01b0 mu\u1ed1i, ti\u00eau, \u0111\u01b0\u1eddng, t\u1ecfi xay v\u1eeba \u0111\u1ee7, h\u1ea1t n\u00eam, d\u1ea7u m\u00e8. \u0110\u1ec3 g\u00e0 c\u00f3 th\u1ec3 th\u1ea5m \u0111\u1ec1u gia v\u1ecb th\u00ec b\u1ea1n n\u00ean \u0111\u1ec3 trong kho\u1ea3ng 30 ph\u00fat. Sau \u0111\u00f3 th\u00ec chi\u00ean qua ph\u1ea7n th\u1ecbt g\u00e0 v\u00e0 v\u1edbt ra, \u0111\u1ec3 r\u00e1o m\u1ee1.<\/p>\n<p>Ti\u1ebfp \u0111\u1ebfn b\u1ea1n s\u1ebd r\u1eeda s\u1ea1ch nguy\u00ean li\u1ec7u ng\u00f2 \u0111\u00e3 \u0111\u01b0\u1ee3c chu\u1ea9n b\u1ecb s\u1eb5n v\u00e0 ng\u00e2m n\u01b0\u1edbc v\u00e0 r\u1eeda s\u1ea1ch t\u00e1o \u0111\u1ecf.<\/p>\n<p>Lu\u1ed9c m\u1ec1m h\u1ea1t sen b\u1eb1ng mu\u1ed1i. G\u1ecdt v\u1ecf, x\u00e0o s\u01a1 qua c\u1ee7 n\u0103ng v\u00e0 cho th\u00eam gia v\u1ecb. B\u0103m ho\u1eb7c xoay nhuy\u1ec5n t\u1ecfi v\u1eeba \u0111\u1ee7.<\/p>\n<p>Sau \u0111\u00f3 b\u1ea1n n\u1ea5u s\u00f4i n\u01b0\u1edbc d\u1eeba v\u00e0 cho ph\u1ea7n \u0111\u00f9i g\u00e0 v\u00e0o, l\u01b0u \u00fd n\u1ea5u v\u1edbi l\u1eeda nh\u1ecf. Cho th\u00eam c\u1ee7 n\u0103ng v\u00e0o h\u1ea7m m\u1ec1m. Sau \u0111\u00f3 cho t\u00e1o, n\u1ea5m, h\u1ea1t sen v\u00e0 n\u00eam n\u1ebfm gia v\u1ecb sao cho v\u1eeba \u0111\u1ed9 m\u1eb7n ng\u1ecdt v\u1eeba \u0103n. V\u1edbt g\u00e0 ra b\u00e1t, th\u00eam rau gia v\u1ecb. M\u00f3n \u0103n n\u00e0y th\u01b0\u1eddng \u0111\u01b0\u1ee3c \u0103n v\u1edbi b\u00e1nh m\u00ec ho\u1eb7c b\u00fan r\u1ea5t ngon.<\/p>\n<figure id=\"attachment_3106\" aria-describedby=\"caption-attachment-3106\" style=\"width: 800px\" class=\"wp-caption aligncenter\"><img loading=\"lazy\" decoding=\"async\" class=\"wp-image-3106 size-full\" src=\"https:\/\/thucphamtienloi.com\/wp-content\/uploads\/2023\/02\/ga-den-tiem-tu-quy-tay-bac.png\" alt=\"G\u00e0 \u0111en T\u00e2y B\u1eafc ti\u1ec1m t\u1ee9 qu\u00fd\" width=\"800\" height=\"541\" srcset=\"https:\/\/thucphamtienloi.com\/wp-content\/uploads\/2023\/02\/ga-den-tiem-tu-quy-tay-bac.png 800w, https:\/\/thucphamtienloi.com\/wp-content\/uploads\/2023\/02\/ga-den-tiem-tu-quy-tay-bac-510x345.png 510w, https:\/\/thucphamtienloi.com\/wp-content\/uploads\/2023\/02\/ga-den-tiem-tu-quy-tay-bac-591x400.png 591w, https:\/\/thucphamtienloi.com\/wp-content\/uploads\/2023\/02\/ga-den-tiem-tu-quy-tay-bac-768x519.png 768w\" sizes=\"auto, (max-width: 800px) 100vw, 800px\" \/><figcaption id=\"caption-attachment-3106\" class=\"wp-caption-text\"><em>G\u00e0 \u0111en T\u00e2y B\u1eafc ti\u1ec1m t\u1ee9 qu\u00fd<\/em><\/figcaption><\/figure>\n<h3><strong>G\u00e0 \u0111en T\u00e2y B\u1eafc n\u01b0\u1edbng v\u1edbi m\u1eadt ong r\u1eebng<\/strong><\/h3>\n<p>Nguy\u00ean li\u1ec7u cho m\u00f3n g\u00e0 \u0111en m\u1eb7t ong s\u1ebd bao g\u1ed3m: G\u00e0 \u0111en H\u2019M\u00f4ng \u0111\u00e3 \u0111\u01b0\u1ee3c ch\u1eb7t mi\u1ebfng, 30ml r\u01b0\u1ee3u vang, 2 th\u00eca g\u1eebng \u0111\u00e3 \u0111\u01b0\u1ee3c xay nhuy\u1ec5n, 1 th\u00eca v\u1eebng rang, 2 th\u00eca m\u1eadt ong, l\u01b0\u1ee3ng t\u1ecfi b\u0103m nh\u1ecf t\u00f9y v\u00e0o nhu c\u1ea7u \u0103n, 3 th\u00eca t\u01b0\u01a1ng \u1edbt, 1 th\u00eca d\u1ea7u v\u1eebng.<\/p>\n<p>C\u00e1ch ch\u1ebf bi\u1ebfn m\u00f3n g\u00e0 \u0111en T\u00e2y B\u1eafc n\u01b0\u1edbng m\u1eadt ong:<\/p>\n<p>Tr\u1ed9n \u0111\u1ec1u nh\u1eefng gia v\u1ecb \u0111\u00e3 chu\u1ea9n b\u1ecb l\u00e0 t\u1ecfi, r\u01b0\u1ee3u, t\u01b0\u01a1ng \u1edbt, g\u1eebng, m\u1eadt ong v\u00e0 d\u1ea7u v\u1eebng.<\/p>\n<p>Sau \u0111\u00f3 d\u00f9ng h\u1ed7n h\u1ee3p tr\u00ean \u0111\u1ec3 t\u1ea9m \u01b0\u1edbp g\u00e0, d\u00f9ng gi\u1ea5y b\u1ea1n \u0111\u1ec3 b\u1ecdc l\u1ea1i v\u00e0 \u0111\u1ec3 ng\u0103n m\u00e1t trong v\u00f2ng 30 ph\u00fat \u0111\u1ec3 th\u1ecbt \u0111\u01b0\u1ee3c th\u1ea5m \u0111\u1ec1u.<\/p>\n<p>Ph\u1ebft ph\u1ea7n n\u01b0\u1edbc \u01b0\u1edbp l\u00ean, sau \u0111\u00f3 \u0111\u1ec3 g\u00e0 v\u00e0o l\u00f2 vi s\u00f3ng ho\u1eb7c l\u00f2 n\u01b0\u1edbng, l\u1eadt g\u00e0 cho \u0111\u1ebfn khi g\u00e0 c\u00f3 \u0111\u1ed9 ch\u00edn \u0111\u1ec1u.<\/p>\n<p>Sau khi ch\u00edn th\u00ec s\u1ebd x\u1ebfp ra d\u0129a, r\u1ed3i r\u1eafc v\u1eebng v\u00e0 \u0103n k\u00e8m v\u1edbi rau x\u00e0 l\u00e1ch.<\/p>\n<figure id=\"attachment_3105\" aria-describedby=\"caption-attachment-3105\" style=\"width: 800px\" class=\"wp-caption aligncenter\"><img loading=\"lazy\" decoding=\"async\" class=\"wp-image-3105\" src=\"https:\/\/thucphamtienloi.com\/wp-content\/uploads\/2023\/02\/ga-den-nuong-mat-ong.jpg\" alt=\"G\u00e0 \u0111en H'Mong n\u01b0\u1edbng m\u1eb7t ong\" width=\"800\" height=\"533\" srcset=\"https:\/\/thucphamtienloi.com\/wp-content\/uploads\/2023\/02\/ga-den-nuong-mat-ong.jpg 764w, https:\/\/thucphamtienloi.com\/wp-content\/uploads\/2023\/02\/ga-den-nuong-mat-ong-510x340.jpg 510w, https:\/\/thucphamtienloi.com\/wp-content\/uploads\/2023\/02\/ga-den-nuong-mat-ong-600x400.jpg 600w\" sizes=\"auto, (max-width: 800px) 100vw, 800px\" \/><figcaption id=\"caption-attachment-3105\" class=\"wp-caption-text\"><em>G\u00e0 \u0111en H&#8217;M\u00f4ng n\u01b0\u1edbng m\u1eb7t ong<\/em><\/figcaption><\/figure>\n<h2><strong>\u0110\u1ecba ch\u1ec9 mua g\u00e0 \u0111en H\u2019M\u00f4ng t\u1ea1i TP HCM v\u00e0 H\u00e0 N\u1ed9i<\/strong><\/h2>\n<p>N\u1ebfu nh\u01b0 b\u1ea1n \u0111ang c\u00f3 nhu c\u1ea7u ch\u1ebf bi\u1ebfn m\u00f3n \u0103n n\u00e0y t\u1ea1i nh\u00e0 th\u00ec c\u00f3 \u0111\u1eb7t mua g\u00e0 \u0111en H&#8217;M\u00f4ng tr\u1ef1c ti\u1ebfp t\u1ea1i website c\u1ee7a ch\u00fang t\u00f4i.<\/p>\n<p>Th\u00f4ng tin li\u00ean h\u1ec7 \u0111\u1eb7t h\u00e0ng nhanh:<\/p>\n<p>Hotline: 0987506349<\/p>\n<p>Website: <a href=\"https:\/\/thucphamtienloi.com\">https:\/\/thucphamtienloi.com<\/a><\/p>\n<p>\u0110\/c c\u1eeda h\u00e0ng:<\/p>\n<p>T\u1ea1i TP HCM: 184\/17 Nguy\u1ec5n Ph\u00fac Chu, P15, Q. T\u00e2n B\u00ecnh , TP HCM (kh\u00e1ch h\u00e0ng khi \u0111\u1ebfn mua vui l\u00f2ng g\u1ecdi tr\u01b0\u1edbc)<\/p>\n<p>T\u1ea1i H\u00e0 N\u1ed9i: Ph\u00f2ng 2817,Chung c\u01b0 349,V\u0169 T\u00f4ng Phan,Thanh Xu\u00e2n, H\u00e0 N\u1ed9i (vui l\u00f2ng g\u1ecdi tr\u01b0\u1edbc khi \u0111\u1ebfn)<\/p>\n<p>&nbsp;<\/p>\n","protected":false},"excerpt":{"rendered":"<p>G\u00e0 \u0111en H\u2019M\u00f4ng hay c\u00f2n \u0111\u01b0\u1ee3c g\u1ecdi l\u00e0 g\u00e0 \u0111en T\u00e2y B\u1eafc l\u00e0 \u0111\u1eb7c s\u1ea3n n\u1ed5i ti\u1ebfng c\u1ee7a v\u00f9ng n\u00fai T\u00e2y B\u1eafc, m\u00f3n \u0103n n\u00e0y c\u00f3 gi\u00e1 tr\u1ecb dinh d\u01b0\u1ee1ng cao, h\u01b0\u01a1ng v\u1ecb th\u01a1m ngon. L\u00e0 lo\u1ea1i g\u00e0 th\u01b0\u1eddng \u0111\u01b0\u1ee3c ch\u0103n nu\u00f4i \u1edf v\u00f9ng n\u00fai ph\u00eda B\u1eafc, l\u00e0 lo\u1ea1i g\u00e0 gi\u00fap b\u1ed3i b\u1ed5 s\u1ee9c kh\u1ecfe [&#8230;]\n","protected":false},"featured_media":3237,"comment_status":"closed","ping_status":"closed","template":"","meta":[],"product_brand":[],"product_cat":[68],"product_tag":[],"class_list":{"0":"post-3102","1":"product","2":"type-product","3":"status-publish","4":"has-post-thumbnail","6":"product_cat-dac-san-mien-bac","8":"first","9":"instock","10":"featured","11":"shipping-taxable","12":"purchasable","13":"product-type-simple"},"yoast_head":"<!-- This site is optimized with the Yoast SEO plugin v27.4 - https:\/\/yoast.com\/product\/yoast-seo-wordpress\/ -->\n<title>G\u00e0 \u0110en H&#039;M\u00f4ng - \u0111\u1eb7c s\u1ea3n T\u00e2y B\u1eafc<\/title>\n<meta name=\"description\" content=\"G\u00e0 \u0111en H&#039;M\u00f4ng l\u00e0 m\u00f3n \u0103n \u0111\u1eb7c s\u1ea3n c\u1ee7a mi\u00ean n\u00fai T\u00e2y B\u1eafc. Lo\u1ea1i g\u00e0 n\u00e0y c\u00f3 th\u1ec3 \u0111\u01b0\u1ee3c ch\u1ebf bi\u1ebfn th\u00e0nh nhi\u1ec1u m\u00f3n \u0103n th\u01a1m ngon kh\u00e1c nhau.\" \/>\n<meta name=\"robots\" content=\"index, follow, max-snippet:-1, max-image-preview:large, max-video-preview:-1\" \/>\n<link rel=\"canonical\" href=\"https:\/\/thucphamtienloi.com\/?product=ga-den-hmong\" \/>\n<meta property=\"og:locale\" content=\"vi_VN\" \/>\n<meta property=\"og:type\" content=\"article\" \/>\n<meta property=\"og:title\" content=\"G\u00e0 \u0110en H&#039;M\u00f4ng - \u0111\u1eb7c s\u1ea3n T\u00e2y B\u1eafc\" \/>\n<meta property=\"og:description\" content=\"G\u00e0 \u0111en H&#039;M\u00f4ng l\u00e0 m\u00f3n \u0103n \u0111\u1eb7c s\u1ea3n c\u1ee7a mi\u00ean n\u00fai T\u00e2y B\u1eafc. Lo\u1ea1i g\u00e0 n\u00e0y c\u00f3 th\u1ec3 \u0111\u01b0\u1ee3c ch\u1ebf bi\u1ebfn th\u00e0nh nhi\u1ec1u m\u00f3n \u0103n th\u01a1m ngon kh\u00e1c nhau.\" \/>\n<meta property=\"og:url\" content=\"https:\/\/thucphamtienloi.com\/?product=ga-den-hmong\" \/>\n<meta property=\"og:site_name\" content=\"\u1ea8M TH\u1ef0C BA MI\u1ec0N\" \/>\n<meta property=\"article:modified_time\" content=\"2026-04-15T05:32:11+00:00\" \/>\n<meta property=\"og:image\" content=\"https:\/\/thucphamtienloi.com\/wp-content\/uploads\/2023\/02\/ga-den.jpeg\" \/>\n\t<meta property=\"og:image:width\" content=\"1152\" \/>\n\t<meta property=\"og:image:height\" content=\"768\" \/>\n\t<meta property=\"og:image:type\" content=\"image\/jpeg\" \/>\n<meta name=\"twitter:card\" content=\"summary_large_image\" \/>\n<meta name=\"twitter:label1\" content=\"\u01af\u1edbc t\u00ednh th\u1eddi gian \u0111\u1ecdc\" \/>\n\t<meta name=\"twitter:data1\" content=\"6 ph\u00fat\" \/>\n<script type=\"application\/ld+json\" class=\"yoast-schema-graph\">{\"@context\":\"https:\\\/\\\/schema.org\",\"@graph\":[{\"@type\":[\"WebPage\",\"ItemPage\"],\"@id\":\"https:\\\/\\\/thucphamtienloi.com\\\/?product=ga-den-hmong\",\"url\":\"https:\\\/\\\/thucphamtienloi.com\\\/?product=ga-den-hmong\",\"name\":\"G\u00e0 \u0110en H'M\u00f4ng - \u0111\u1eb7c s\u1ea3n T\u00e2y B\u1eafc\",\"isPartOf\":{\"@id\":\"https:\\\/\\\/thucphamtienloi.com\\\/#website\"},\"primaryImageOfPage\":{\"@id\":\"https:\\\/\\\/thucphamtienloi.com\\\/?product=ga-den-hmong#primaryimage\"},\"image\":{\"@id\":\"https:\\\/\\\/thucphamtienloi.com\\\/?product=ga-den-hmong#primaryimage\"},\"thumbnailUrl\":\"https:\\\/\\\/thucphamtienloi.com\\\/wp-content\\\/uploads\\\/2023\\\/02\\\/ga-den.jpeg\",\"datePublished\":\"2023-02-03T10:53:56+00:00\",\"dateModified\":\"2026-04-15T05:32:11+00:00\",\"description\":\"G\u00e0 \u0111en H'M\u00f4ng l\u00e0 m\u00f3n \u0103n \u0111\u1eb7c s\u1ea3n c\u1ee7a mi\u00ean n\u00fai T\u00e2y B\u1eafc. Lo\u1ea1i g\u00e0 n\u00e0y c\u00f3 th\u1ec3 \u0111\u01b0\u1ee3c ch\u1ebf bi\u1ebfn th\u00e0nh nhi\u1ec1u m\u00f3n \u0103n th\u01a1m ngon kh\u00e1c nhau.\",\"breadcrumb\":{\"@id\":\"https:\\\/\\\/thucphamtienloi.com\\\/?product=ga-den-hmong#breadcrumb\"},\"inLanguage\":\"vi\",\"potentialAction\":[{\"@type\":\"ReadAction\",\"target\":[\"https:\\\/\\\/thucphamtienloi.com\\\/?product=ga-den-hmong\"]}]},{\"@type\":\"ImageObject\",\"inLanguage\":\"vi\",\"@id\":\"https:\\\/\\\/thucphamtienloi.com\\\/?product=ga-den-hmong#primaryimage\",\"url\":\"https:\\\/\\\/thucphamtienloi.com\\\/wp-content\\\/uploads\\\/2023\\\/02\\\/ga-den.jpeg\",\"contentUrl\":\"https:\\\/\\\/thucphamtienloi.com\\\/wp-content\\\/uploads\\\/2023\\\/02\\\/ga-den.jpeg\",\"width\":1152,\"height\":768},{\"@type\":\"BreadcrumbList\",\"@id\":\"https:\\\/\\\/thucphamtienloi.com\\\/?product=ga-den-hmong#breadcrumb\",\"itemListElement\":[{\"@type\":\"ListItem\",\"position\":1,\"name\":\"Trang ch\u1ee7\",\"item\":\"https:\\\/\\\/thucphamtienloi.com\\\/\"},{\"@type\":\"ListItem\",\"position\":2,\"name\":\"C\u1eeda H\u00e0ng\",\"item\":\"https:\\\/\\\/thucphamtienloi.com\\\/?page_id=3334\"},{\"@type\":\"ListItem\",\"position\":3,\"name\":\"\u0110\u1eb7c S\u1ea3n Mi\u1ec1n B\u1eafc\",\"item\":\"https:\\\/\\\/thucphamtienloi.com\\\/danh-muc-san-pham\\\/dac-san-mien-bac\\\/\"},{\"@type\":\"ListItem\",\"position\":4,\"name\":\"G\u00e0 \u0110en H&#8217;M\u00f4ng &#8211; \u0111\u1eb7c s\u1ea3n T\u00e2y B\u1eafc\"}]},{\"@type\":\"WebSite\",\"@id\":\"https:\\\/\\\/thucphamtienloi.com\\\/#website\",\"url\":\"https:\\\/\\\/thucphamtienloi.com\\\/\",\"name\":\"Th\u1ef1c ph\u1ea9m ti\u1ec7n l\u1ee3i\",\"description\":\"\u1ea8m Th\u1ef1c Qu\u00ea H\u01b0\u01a1ng\",\"publisher\":{\"@id\":\"https:\\\/\\\/thucphamtienloi.com\\\/#organization\"},\"potentialAction\":[{\"@type\":\"SearchAction\",\"target\":{\"@type\":\"EntryPoint\",\"urlTemplate\":\"https:\\\/\\\/thucphamtienloi.com\\\/?s={search_term_string}\"},\"query-input\":{\"@type\":\"PropertyValueSpecification\",\"valueRequired\":true,\"valueName\":\"search_term_string\"}}],\"inLanguage\":\"vi\"},{\"@type\":\"Organization\",\"@id\":\"https:\\\/\\\/thucphamtienloi.com\\\/#organization\",\"name\":\"Th\u1ef1c ph\u1ea9m ti\u1ec7n l\u1ee3i\",\"url\":\"https:\\\/\\\/thucphamtienloi.com\\\/\",\"logo\":{\"@type\":\"ImageObject\",\"inLanguage\":\"vi\",\"@id\":\"https:\\\/\\\/thucphamtienloi.com\\\/#\\\/schema\\\/logo\\\/image\\\/\",\"url\":\"https:\\\/\\\/thucphamtienloi.com\\\/wp-content\\\/uploads\\\/2022\\\/07\\\/THU\u031b\u0323C-PHA\u0302\u0309M-TIE\u0323\u0302N-LO\u031b\u0323I.png\",\"contentUrl\":\"https:\\\/\\\/thucphamtienloi.com\\\/wp-content\\\/uploads\\\/2022\\\/07\\\/THU\u031b\u0323C-PHA\u0302\u0309M-TIE\u0323\u0302N-LO\u031b\u0323I.png\",\"width\":1920,\"height\":1080,\"caption\":\"Th\u1ef1c ph\u1ea9m ti\u1ec7n l\u1ee3i\"},\"image\":{\"@id\":\"https:\\\/\\\/thucphamtienloi.com\\\/#\\\/schema\\\/logo\\\/image\\\/\"}}]}<\/script>\n<!-- \/ Yoast SEO plugin. -->","yoast_head_json":{"title":"G\u00e0 \u0110en H'M\u00f4ng - \u0111\u1eb7c s\u1ea3n T\u00e2y B\u1eafc","description":"G\u00e0 \u0111en H'M\u00f4ng l\u00e0 m\u00f3n \u0103n \u0111\u1eb7c s\u1ea3n c\u1ee7a mi\u00ean n\u00fai T\u00e2y B\u1eafc. Lo\u1ea1i g\u00e0 n\u00e0y c\u00f3 th\u1ec3 \u0111\u01b0\u1ee3c ch\u1ebf bi\u1ebfn th\u00e0nh nhi\u1ec1u m\u00f3n \u0103n th\u01a1m ngon kh\u00e1c nhau.","robots":{"index":"index","follow":"follow","max-snippet":"max-snippet:-1","max-image-preview":"max-image-preview:large","max-video-preview":"max-video-preview:-1"},"canonical":"https:\/\/thucphamtienloi.com\/?product=ga-den-hmong","og_locale":"vi_VN","og_type":"article","og_title":"G\u00e0 \u0110en H'M\u00f4ng - \u0111\u1eb7c s\u1ea3n T\u00e2y B\u1eafc","og_description":"G\u00e0 \u0111en H'M\u00f4ng l\u00e0 m\u00f3n \u0103n \u0111\u1eb7c s\u1ea3n c\u1ee7a mi\u00ean n\u00fai T\u00e2y B\u1eafc. Lo\u1ea1i g\u00e0 n\u00e0y c\u00f3 th\u1ec3 \u0111\u01b0\u1ee3c ch\u1ebf bi\u1ebfn th\u00e0nh nhi\u1ec1u m\u00f3n \u0103n th\u01a1m ngon kh\u00e1c nhau.","og_url":"https:\/\/thucphamtienloi.com\/?product=ga-den-hmong","og_site_name":"\u1ea8M TH\u1ef0C BA MI\u1ec0N","article_modified_time":"2026-04-15T05:32:11+00:00","og_image":[{"width":1152,"height":768,"url":"https:\/\/thucphamtienloi.com\/wp-content\/uploads\/2023\/02\/ga-den.jpeg","type":"image\/jpeg"}],"twitter_card":"summary_large_image","twitter_misc":{"\u01af\u1edbc t\u00ednh th\u1eddi gian \u0111\u1ecdc":"6 ph\u00fat"},"schema":{"@context":"https:\/\/schema.org","@graph":[{"@type":["WebPage","ItemPage"],"@id":"https:\/\/thucphamtienloi.com\/?product=ga-den-hmong","url":"https:\/\/thucphamtienloi.com\/?product=ga-den-hmong","name":"G\u00e0 \u0110en H'M\u00f4ng - \u0111\u1eb7c s\u1ea3n T\u00e2y B\u1eafc","isPartOf":{"@id":"https:\/\/thucphamtienloi.com\/#website"},"primaryImageOfPage":{"@id":"https:\/\/thucphamtienloi.com\/?product=ga-den-hmong#primaryimage"},"image":{"@id":"https:\/\/thucphamtienloi.com\/?product=ga-den-hmong#primaryimage"},"thumbnailUrl":"https:\/\/thucphamtienloi.com\/wp-content\/uploads\/2023\/02\/ga-den.jpeg","datePublished":"2023-02-03T10:53:56+00:00","dateModified":"2026-04-15T05:32:11+00:00","description":"G\u00e0 \u0111en H'M\u00f4ng l\u00e0 m\u00f3n \u0103n \u0111\u1eb7c s\u1ea3n c\u1ee7a mi\u00ean n\u00fai T\u00e2y B\u1eafc. Lo\u1ea1i g\u00e0 n\u00e0y c\u00f3 th\u1ec3 \u0111\u01b0\u1ee3c ch\u1ebf bi\u1ebfn th\u00e0nh nhi\u1ec1u m\u00f3n \u0103n th\u01a1m ngon kh\u00e1c nhau.","breadcrumb":{"@id":"https:\/\/thucphamtienloi.com\/?product=ga-den-hmong#breadcrumb"},"inLanguage":"vi","potentialAction":[{"@type":"ReadAction","target":["https:\/\/thucphamtienloi.com\/?product=ga-den-hmong"]}]},{"@type":"ImageObject","inLanguage":"vi","@id":"https:\/\/thucphamtienloi.com\/?product=ga-den-hmong#primaryimage","url":"https:\/\/thucphamtienloi.com\/wp-content\/uploads\/2023\/02\/ga-den.jpeg","contentUrl":"https:\/\/thucphamtienloi.com\/wp-content\/uploads\/2023\/02\/ga-den.jpeg","width":1152,"height":768},{"@type":"BreadcrumbList","@id":"https:\/\/thucphamtienloi.com\/?product=ga-den-hmong#breadcrumb","itemListElement":[{"@type":"ListItem","position":1,"name":"Trang ch\u1ee7","item":"https:\/\/thucphamtienloi.com\/"},{"@type":"ListItem","position":2,"name":"C\u1eeda H\u00e0ng","item":"https:\/\/thucphamtienloi.com\/?page_id=3334"},{"@type":"ListItem","position":3,"name":"\u0110\u1eb7c S\u1ea3n Mi\u1ec1n B\u1eafc","item":"https:\/\/thucphamtienloi.com\/danh-muc-san-pham\/dac-san-mien-bac\/"},{"@type":"ListItem","position":4,"name":"G\u00e0 \u0110en H&#8217;M\u00f4ng &#8211; \u0111\u1eb7c s\u1ea3n T\u00e2y B\u1eafc"}]},{"@type":"WebSite","@id":"https:\/\/thucphamtienloi.com\/#website","url":"https:\/\/thucphamtienloi.com\/","name":"Th\u1ef1c ph\u1ea9m ti\u1ec7n l\u1ee3i","description":"\u1ea8m Th\u1ef1c Qu\u00ea H\u01b0\u01a1ng","publisher":{"@id":"https:\/\/thucphamtienloi.com\/#organization"},"potentialAction":[{"@type":"SearchAction","target":{"@type":"EntryPoint","urlTemplate":"https:\/\/thucphamtienloi.com\/?s={search_term_string}"},"query-input":{"@type":"PropertyValueSpecification","valueRequired":true,"valueName":"search_term_string"}}],"inLanguage":"vi"},{"@type":"Organization","@id":"https:\/\/thucphamtienloi.com\/#organization","name":"Th\u1ef1c ph\u1ea9m ti\u1ec7n l\u1ee3i","url":"https:\/\/thucphamtienloi.com\/","logo":{"@type":"ImageObject","inLanguage":"vi","@id":"https:\/\/thucphamtienloi.com\/#\/schema\/logo\/image\/","url":"https:\/\/thucphamtienloi.com\/wp-content\/uploads\/2022\/07\/THU\u031b\u0323C-PHA\u0302\u0309M-TIE\u0323\u0302N-LO\u031b\u0323I.png","contentUrl":"https:\/\/thucphamtienloi.com\/wp-content\/uploads\/2022\/07\/THU\u031b\u0323C-PHA\u0302\u0309M-TIE\u0323\u0302N-LO\u031b\u0323I.png","width":1920,"height":1080,"caption":"Th\u1ef1c ph\u1ea9m ti\u1ec7n l\u1ee3i"},"image":{"@id":"https:\/\/thucphamtienloi.com\/#\/schema\/logo\/image\/"}}]}},"_links":{"self":[{"href":"https:\/\/thucphamtienloi.com\/index.php?rest_route=\/wp\/v2\/product\/3102","targetHints":{"allow":["GET"]}}],"collection":[{"href":"https:\/\/thucphamtienloi.com\/index.php?rest_route=\/wp\/v2\/product"}],"about":[{"href":"https:\/\/thucphamtienloi.com\/index.php?rest_route=\/wp\/v2\/types\/product"}],"replies":[{"embeddable":true,"href":"https:\/\/thucphamtienloi.com\/index.php?rest_route=%2Fwp%2Fv2%2Fcomments&post=3102"}],"wp:featuredmedia":[{"embeddable":true,"href":"https:\/\/thucphamtienloi.com\/index.php?rest_route=\/wp\/v2\/media\/3237"}],"wp:attachment":[{"href":"https:\/\/thucphamtienloi.com\/index.php?rest_route=%2Fwp%2Fv2%2Fmedia&parent=3102"}],"wp:term":[{"taxonomy":"product_brand","embeddable":true,"href":"https:\/\/thucphamtienloi.com\/index.php?rest_route=%2Fwp%2Fv2%2Fproduct_brand&post=3102"},{"taxonomy":"product_cat","embeddable":true,"href":"https:\/\/thucphamtienloi.com\/index.php?rest_route=%2Fwp%2Fv2%2Fproduct_cat&post=3102"},{"taxonomy":"product_tag","embeddable":true,"href":"https:\/\/thucphamtienloi.com\/index.php?rest_route=%2Fwp%2Fv2%2Fproduct_tag&post=3102"}],"curies":[{"name":"wp","href":"https:\/\/api.w.org\/{rel}","templated":true}]}}