{"id":3216,"date":"2023-07-13T08:51:03","date_gmt":"2023-07-13T08:51:03","guid":{"rendered":"https:\/\/thucphamtienloi.com\/?post_type=product&#038;p=3216"},"modified":"2025-10-19T16:14:09","modified_gmt":"2025-10-19T16:14:09","slug":"chim-se-dong-lam-sach","status":"publish","type":"product","link":"https:\/\/thucphamtienloi.com\/?product=chim-se-dong-lam-sach","title":{"rendered":"Chim s\u1ebb \u0111\u1ed3ng l\u00e0m s\u1ea1ch"},"content":{"rendered":"<p>Th\u1ecbt chim s\u1ebb \u0111\u1ed3ng l\u00e0 m\u1ed9t lo\u1ea1i chim kh\u00e1 quen thu\u1ed9c v\u1edbi ch\u00fang ta t\u1eeb c\u00e1c mi\u1ec1n qu\u00ea, ch\u00fang th\u01b0\u1eddng \u0103n th\u00f3c, c\u00e1c lo\u1ea1i qu\u1ea3 v\u00e0 c\u00e1c c\u00f4n tr\u00f9ng n\u00ean th\u1ecbt c\u1ee7a ch\u00fang ch\u1ee9a nhi\u1ec1u ch\u1ea5t dinh d\u01b0\u1ee1ng nh\u01b0:\u00a0 Ch\u1ea5t \u0111\u1ea1m, s\u1eaft v\u00e0 s\u1eafc t\u1ed1 kh\u00e1c. Ngo\u00e0i ra, chim s\u1ebb c\u0169ng b\u1ed5 xung c\u00e1c ch\u1ea5t dinh d\u01b0\u1ee1ng nh\u01b0: Vitamin A, D, E, lipid, c\u00e1c ch\u1ea5t kho\u00e1ng nh\u01b0 Ca, P, Mn, Fe v\u00e0 lecithin. V\u00e0\u00a0 b\u1ea1n c\u00f3 th\u1ec3 mua t\u1ea1i <a title=\"Th\u1ef1c Ph\u1ea9m Ti\u1ec7n L\u1ee3i\" href=\"https:\/\/thucphamtienloi.com\/\">Th\u1ef1c Ph\u1ea9m Ti\u1ec7n L\u1ee3i<\/a><\/p>\n<h2>V\u1eady, th\u1ecbt chim s\u1ebb \u0111\u1ed3ng c\u00f3 t\u00e1c d\u1ee5ng nh\u01b0 th\u1ebf n\u00e0o?<\/h2>\n<figure id=\"attachment_3697\" aria-describedby=\"caption-attachment-3697\" style=\"width: 292px\" class=\"wp-caption alignnone\"><img loading=\"lazy\" decoding=\"async\" class=\"size-medium wp-image-3697\" src=\"https:\/\/thucphamtienloi.com\/wp-content\/uploads\/2023\/07\/se11-292x400.png\" alt=\"Chim s\u1ebb m\u1ed9t n\u1eafng l\u00e0m s\u1ea1ch\" width=\"292\" height=\"400\" srcset=\"https:\/\/thucphamtienloi.com\/wp-content\/uploads\/2023\/07\/se11-292x400.png 292w, https:\/\/thucphamtienloi.com\/wp-content\/uploads\/2023\/07\/se11-510x698.png 510w, https:\/\/thucphamtienloi.com\/wp-content\/uploads\/2023\/07\/se11.png 576w\" sizes=\"auto, (max-width: 292px) 100vw, 292px\" \/><figcaption id=\"caption-attachment-3697\" class=\"wp-caption-text\"><em>Chim s\u1ebb m\u1ed9t n\u1eafng l\u00e0m s\u1ea1ch<\/em><\/figcaption><\/figure>\n<p>B\u1edfi l\u00e0 m\u1ed9t lo\u1ea1i chim thu\u1ea7n t\u1ef1 nhi\u00ean, n\u00ean ch\u1ea5t l\u01b0\u1ee3ng dinh d\u01b0\u1ee1ng kh\u00e1 cao, n\u00ean r\u1ea5t \u0111\u01b0\u1ee3c r\u1ea5t nhi\u1ec1u qu\u00fd \u00f4ng s\u0103n \u0111\u00f3n b\u1edfi h\u00e0m l\u01b0\u1ee3ng dinh d\u01b0\u1ee1ng trong chim s\u1ebb kh\u00e1 nhi\u1ec1u.<\/p>\n<p>Chim s\u1ebb \u0111\u1eb7c bi\u1ec7t t\u1ed1t \u0111\u1ed1i v\u1edbi ng\u01b0\u1eddi g\u1ea7y, th\u1eadn suy nh\u01b0\u1ee3c, c\u1ea7n b\u1ed5 xung canxi, ti\u1ec3u \u0111\u00eam g\u00e2y r\u1ed1i lo\u1ea1n gi\u1ea5c ng\u1ee7, ph\u1ee5 n\u1eef c\u1ea7n b\u1ed5 xung d\u01b0\u1ee1ng ch\u1ea5t, \u0111au l\u01b0ng, kh\u00ed h\u01b0, nam gi\u1edbi y\u1ebfu sinh l\u00fd, c\u1ea3i thi\u1ec7n kh\u1ea3 n\u0103ng t\u00ecnh d\u1ee5c<\/p>\n<h2>C\u00e1ch n\u1ea5u chim s\u1ebb chi\u00ean gi\u00f2n<\/h2>\n<figure id=\"attachment_3699\" aria-describedby=\"caption-attachment-3699\" style=\"width: 504px\" class=\"wp-caption alignnone\"><img loading=\"lazy\" decoding=\"async\" class=\"size-medium wp-image-3699\" src=\"https:\/\/thucphamtienloi.com\/wp-content\/uploads\/2023\/07\/s2-504x400.jpg\" alt=\"Chim s\u1ebb chi\u00ean gi\u00f2n\" width=\"504\" height=\"400\" srcset=\"https:\/\/thucphamtienloi.com\/wp-content\/uploads\/2023\/07\/s2-504x400.jpg 504w, https:\/\/thucphamtienloi.com\/wp-content\/uploads\/2023\/07\/s2-510x405.jpg 510w, https:\/\/thucphamtienloi.com\/wp-content\/uploads\/2023\/07\/s2.jpg 666w\" sizes=\"auto, (max-width: 504px) 100vw, 504px\" \/><figcaption id=\"caption-attachment-3699\" class=\"wp-caption-text\"><em>Chim s\u1ebb chi\u00ean gi\u00f2n\u00a0<\/em><\/figcaption><\/figure>\n<p>Nguy\u00ean li\u1ec7u:<\/p>\n<p>500g chim s\u1ebb<\/p>\n<p>2 l\u00e1 chanh<\/p>\n<p>1\/4 t\u00e1ch n\u01b0\u1edbc m\u1eafm<\/p>\n<p>2 mu\u1ed7ng canh \u0111\u01b0\u1eddng<\/p>\n<p>1\/2 mu\u1ed7ng c\u00e0 ph\u00ea h\u1ea1t n\u00eam<\/p>\n<p>1 mu\u1ed7ng canh m\u1eadt ong<\/p>\n<p>1\/2 mu\u1ed7ng c\u00e0 ph\u00ea ti\u00eau<\/p>\n<p>D\u1ea7u \u0103n<\/p>\n<p>C\u00e1ch ch\u1ebf bi\u1ebfn:<\/p>\n<p>B\u01b0\u1edbc 1: R\u1eeda s\u1ea1ch, \u0111\u1ec3 r\u00e1o n\u01b0\u1edbc. Sau khi \u0111\u1ec3 chim r\u00e1o n\u01b0\u1edbc, ta thui qua ho\u1eb7c c\u00f3 th\u1ec3 n\u01b0\u1edbng \u0111\u1ec3 th\u1ecbt chim s\u0103n v\u00e0 kh\u1eed \u0111\u01b0\u1ee3c m\u00f9i.<\/p>\n<p>B\u01b0\u1edbc 2: Pha tr\u1ed9n c\u00e1c gia v\u1ecb nh\u01b0 mu\u1ed1i, \u0111\u01b0\u1eddng, h\u1ea1t n\u00eam,ti\u00eau, m\u1eadt ong r\u1ed3i tr\u1ed9n \u0111\u1ec1u gia v\u1ecb. Sau \u0111\u00f3, \u0111\u1ec3 th\u1ecbt chim s\u1ebb ng\u1ea5m \u0111\u1ec1u gia v\u1ecb. B\u1ea1n n\u00ean \u0111\u1ec3 t\u1eeb 15 \u2013 20 ph\u00fat \u0111\u1ec3 gia v\u1ecb th\u1ea5m \u0111\u1ec1u v\u00e0o th\u1ecbt chim.<\/p>\n<p>B\u01b0\u1edbc 3: Cho d\u1ea7u \u0103n \u0111\u1ec3 d\u1ea7u n\u00f3ng. Sau \u0111\u00f3, b\u1ea1n chi\u00ean chim s\u1ebb cho ch\u00edn v\u00e0ng \u0111\u1ec1u.\u00a0<span data-countername=\"plag_match_counter9\">Chi\u00eam<\/span> chim \u1edf l\u1eeda v\u1eeba \u0111\u1ec3 chim kh\u00f4ng b\u1ecb ch\u00e1y, b\u1edfi chim nh\u1ecf v\u00e0 th\u1ecbt chim \u0111\u00e3 \u0111\u01b0\u1ee3c thui qua. <\/p>\n<p>B\u01b0\u1edbc 4: G\u1eafp chim s\u1ebb ra \u0111\u0129a v\u00e0 th\u00e1i l\u00e1 chanh nh\u1ecf r\u1eafc \u0111\u1ec1u l\u00ean. Khi \u0103n, b\u1ea1n c\u00f3 th\u1ec3 k\u00e8m v\u1edbi mu\u1ed1i \u1edbt si\u1ec3m \u0111\u1ec3 th\u00eam h\u01b0\u01a1ng v\u1ecb v\u00e0 \u0111\u1ed9 ngon c\u1ee7a \u0111\u1eb7c s\u1ea3n n\u00e0y.<\/p>\n<p>M\u00f3n chim s\u1ebb chi\u00ean k\u1ebft h\u1ee3p v\u1edbi l\u00e1 chanh gi\u00fap c\u1ea3m th\u1ea5y ngon mi\u1ec7ng, gi\u00f2n v\u00e0 th\u01a1m ph\u1ee9c t\u1eeb chim s\u1ebb \u0111\u1ed3ng. H\u1ed7n h\u1ee3p gia v\u1ecb l\u00e0m n\u1ed5i b\u1eadt h\u01b0\u01a1ng v\u1ecb t\u1ef1 nhi\u00ean c\u1ee7a th\u1ecbt.\u00a0<span data-countername=\"plag_match_counter3\">B\u1ea1n s\u1ebd <\/span>c\u1ea3m th\u1ea5y \u0111\u01b0\u1ee3c v\u1ecb g\u00f2n, th\u01a1m c\u1ee7a th\u1ecbt khi k\u1ebft h\u1ee3p v\u1edbi c\u00e1c h\u01b0\u01a1ng v\u1ecb, t\u1ea1o n\u00ean m\u1ed9t \u00a0m\u00f3n ngon \u0111\u01a1n gi\u1ea3n m\u00e0 \u0111\u1eb7c s\u1eafc tr\u00ean b\u00e0n \u0103n.<\/p>\n<h3>Chim s\u1ebb n\u01b0\u1edbng mu\u1ed1i \u1edbt<\/h3>\n<figure id=\"attachment_3700\" aria-describedby=\"caption-attachment-3700\" style=\"width: 710px\" class=\"wp-caption alignnone\"><img loading=\"lazy\" decoding=\"async\" class=\"size-medium wp-image-3700\" src=\"https:\/\/thucphamtienloi.com\/wp-content\/uploads\/2023\/07\/chim3-710x400.jpg\" alt=\"Chim s\u1ebb \u0111\u1ed3ng n\u01b0\u1edbng \" width=\"710\" height=\"400\" srcset=\"https:\/\/thucphamtienloi.com\/wp-content\/uploads\/2023\/07\/chim3-710x400.jpg 710w, https:\/\/thucphamtienloi.com\/wp-content\/uploads\/2023\/07\/chim3-510x287.jpg 510w, https:\/\/thucphamtienloi.com\/wp-content\/uploads\/2023\/07\/chim3-768x433.jpg 768w, https:\/\/thucphamtienloi.com\/wp-content\/uploads\/2023\/07\/chim3.jpg 1200w\" sizes=\"auto, (max-width: 710px) 100vw, 710px\" \/><figcaption id=\"caption-attachment-3700\" class=\"wp-caption-text\"><em>Chim s\u1ebb \u0111\u1ed3ng n\u01b0\u1edbng si\u00eau h\u1ea5p d\u1eabn<\/em><\/figcaption><\/figure>\n<p>Nguy\u00ean li\u1ec7u:<\/p>\n<p>500g chim s\u1ebb<\/p>\n<p>2 mu\u1ed7ng c\u00e0 ph\u00ea mu\u1ed1i h\u1ed9t<\/p>\n<p>2 \u1edbt \u0111\u1ecf ho\u1eb7c xanh<\/p>\n<p>1 mu\u1ed7ng c\u00e0 ph\u00ea b\u1ed9t ng\u1ecdt<\/p>\n<p>1 mu\u1ed7ng c\u00e0 ph\u00ea \u0111\u01b0\u1eddng<\/p>\n<p>1 mu\u1ed7ng c\u00e0 ph\u00ea mu\u1ed1i h\u1ed9t<\/p>\n<p>Rau r\u0103m<\/p>\n<p>1 mu\u1ed7ng c\u00e0 ph\u00ea b\u1ed9t ngh\u1ec7<\/p>\n<p>2 mu\u1ed7ng c\u00e0 ph\u00ea sa t\u1ebf<\/p>\n<p>1 c\u00e2y s\u1ea3<\/p>\n<p>Ch\u1ebf bi\u1ebfn<\/p>\n<p>B\u01b0\u1edbc 1: Chim s\u1ebb r\u1eeda qua r\u01b0\u1ee3u v\u00e0 g\u1eebng, r\u1eeda l\u1ea1i v\u1edbi n\u01b0\u1edbc cho kh\u1eed \u0111\u01b0\u1ee3c m\u00f9i h\u00f4i c\u1ee7a chim .\u00a0<span data-countername=\"plag_match_counter5\">\u0110\u1ec3 r\u00e1o n\u01b0\u1edbc.<\/span><\/p>\n<p>B\u01b0\u1edbc 2: Cho mu\u1ed1i, \u1edbt \u0111\u1ecf, b\u1ed9t ng\u1ecdt, \u0111\u01b0\u1eddng, b\u1ed9t ngh\u1ec7, sa t\u1ebf v\u00e0 s\u1ea3 \u0111\u00e3 b\u0103m nh\u1ecf tr\u1ed9n \u0111\u1ec1u v\u00e0o c\u1ed1i gi\u00e3 nhuy\u1ec5n.\u00a0Sau \u0111\u00f3 cho chim s\u1ebb v\u00e0o m\u1ed9t t\u00f4 l\u1edbn r\u1ed3i t\u01b0\u1edbi ph\u1ea7n s\u1ed1t \u0111\u00e3 l\u00e0m, b\u00f3p \u0111\u1ec1u tay \u0111\u1ec3 th\u1ea5m gia v\u1ecb. \u0110\u1ea3o \u0111\u1ec1u n\u01b0\u1edbc s\u1ed1t th\u1ea5m \u0111\u1ec1u th\u1ecbt chim s\u1ebb. \u01af\u1edbp chim s\u1ebb kho\u1ea3ng 30 ph\u00fat \u0111\u1ec3 th\u1ecbt chim s\u1ebb th\u1ea5m \u0111\u1ec1u gia v\u1ecb.<\/p>\n<p><span data-countername=\"plag_match_counter6\">B<\/span>\u01b0\u1edbc 3: N\u01b0\u1edbng chim s\u1ebb cho \u0111\u1ebfn khi v\u00e0ng ho\u1eb7c c\u00f3 th\u1ec3 chi\u00ean n\u1ed3i chi\u00ean kh\u00f4ng d\u1ea7u.N\u1ebfu kh\u00f4ng c\u00f3 b\u1ebfp than \u0111\u1ec3 n\u01b0\u1edbng, b\u1ea1n c\u00f3 th\u1ec3 s\u1eed d\u1ee5ng n\u1ed3i l\u00f2 n\u01b0\u1edbng ho\u1eb7c n\u1ed3i chi\u00ean kh\u00f4ng d\u1ea7u \u0111i\u1ec7n \u0111\u1ec3 n\u01b0\u1edbng.<\/p>\n<p>V\u1edbi m\u00f3n n\u00e0y c\u00f3 th\u1ec3 \u0103n k\u00e8m v\u1edbi c\u01a1m n\u00f3ng ho\u1eb7c c\u00f3 th\u1ec3 th\u00e0nh m\u00f3n nh\u1eadu tuy\u1ec7t v\u1eddi!<\/p>\n<h3>\u0110\u1ecba ch\u1ec9 mua Chim s\u1ebb \u0111\u1ed3ng t\u1ea1i TP HCM v\u00e0 H\u00e0 N\u1ed9i<\/h3>\n<p>C\u1eeda h\u00e0ng <a title=\"Th\u1ef1c Ph\u1ea9m Ti\u1ec7n L\u1ee3i\" href=\"https:\/\/thucphamtienloi.com\/\">Th\u1ef1c Ph\u1ea9m Ti\u1ec7n L\u1ee3i<\/a> hi\u1ec7n \u0111ang cung c\u1ea5p chim s\u1ebb \u0111\u1ed3ng, \u0111\u00e1p \u1ee9ng nhu c\u1ea7u kh\u00e1ch h\u00e0ng v\u1ec1 an to\u00e0n v\u1ec7 sinh th\u1ef1c ph\u1ea9m.<\/p>\n<p><strong>Hotline\/Zalo:<\/strong>\u00a0<strong>0987.506.349<\/strong><\/p>\n<p><strong>\u0110\u1ecba ch\u1ec9 c\u1eeda h\u00e0ng :\u00a0<\/strong><\/p>\n<p><strong>T\u1ea1i S\u00e0i G\u00f2n:<\/strong>\u00a0184\/17 Nguy\u1ec5n Ph\u00fac Chu, P15, Q. T\u00e2n B\u00ecnh , TP HCM (vui l\u00f2ng g\u1ecdi tr\u01b0\u1edbc khi \u0111\u1ebfn)<\/p>\n<p><strong>T\u1ea1i H\u00e0 N\u1ed9i\u00a0:\u00a0<\/strong>Chung c\u01b0 349, V\u0169 T\u00f4ng Phan, Thanh Xu\u00e2n, H\u00e0 N\u1ed9i (vui l\u00f2ng g\u1ecdi tr\u01b0\u1edbc khi \u0111\u1ebfn)<br \/>\n<strong>Facebook:\u00a0<a href=\"https:\/\/www.facebook.com\/thucphamtienloiFB\">TH\u1ef0C PH\u1ea8M TI\u1ec6N L\u1ee2I<\/a><\/strong><\/p>\n","protected":false},"excerpt":{"rendered":"<p>Th\u1ecbt chim s\u1ebb \u0111\u1ed3ng l\u00e0 m\u1ed9t lo\u1ea1i chim kh\u00e1 quen thu\u1ed9c v\u1edbi ch\u00fang ta t\u1eeb c\u00e1c mi\u1ec1n qu\u00ea, ch\u00fang th\u01b0\u1eddng \u0103n th\u00f3c, c\u00e1c lo\u1ea1i qu\u1ea3 v\u00e0 c\u00e1c c\u00f4n tr\u00f9ng n\u00ean th\u1ecbt c\u1ee7a ch\u00fang ch\u1ee9a nhi\u1ec1u ch\u1ea5t \u0111\u1ea1m, ch\u1ea5t s\u1eaft v\u00e0 huy\u1ebft s\u1eafc t\u1ed1. Tr\u1ee9ng c\u1ee7a chim s\u1ebb c\u0169ng cung c\u1ea5p protid, lipid, vitamin A, D, E, c\u00e1c mu\u1ed1i kho\u00e1ng nh\u01b0 Ca, P, Mn, Fe v\u00e0 lecithin.<\/p>\n","protected":false},"featured_media":3697,"comment_status":"closed","ping_status":"closed","template":"","meta":[],"product_brand":[],"product_cat":[68,71],"product_tag":[992],"class_list":{"0":"post-3216","1":"product","2":"type-product","3":"status-publish","4":"has-post-thumbnail","6":"product_cat-dac-san-mien-bac","7":"product_cat-thuc-pham-tuoi-song","8":"product_tag-chim-se-dong","10":"first","11":"instock","12":"shipping-taxable","13":"purchasable","14":"product-type-simple"},"yoast_head":"<!-- This site is optimized with the Yoast SEO plugin v27.4 - https:\/\/yoast.com\/product\/yoast-seo-wordpress\/ -->\n<title>Chim s\u1ebb \u0111\u1ed3ng l\u00e0m s\u1ea1ch 10k\/con<\/title>\n<meta name=\"description\" content=\"Th\u1ecbt chim s\u1ebb \u0111\u1ed3ng \u0111\u01b0\u1ee3c ch\u00fang t\u00f4i l\u00e0m s\u1ea1ch v\u00e0 c\u0169ng l\u00e0 s\u1ea3n ph\u1ea9m v\u00f4 c\u00f9ng ch\u1ea5t l\u01b0\u1ee3ng. Ch\u00ednh v\u00ec v\u1eady kh\u00f4ng ph\u1ea3i l\u00fac n\u00e0o c\u0169ng s\u1eb5n h\u00e0ng.\" \/>\n<meta name=\"robots\" content=\"index, follow, max-snippet:-1, max-image-preview:large, max-video-preview:-1\" \/>\n<link rel=\"canonical\" href=\"https:\/\/thucphamtienloi.com\/?product=chim-se-dong-lam-sach\" \/>\n<meta property=\"og:locale\" content=\"vi_VN\" \/>\n<meta property=\"og:type\" content=\"article\" \/>\n<meta property=\"og:title\" content=\"Chim s\u1ebb \u0111\u1ed3ng l\u00e0m s\u1ea1ch 10k\/con\" \/>\n<meta property=\"og:description\" content=\"Th\u1ecbt chim s\u1ebb \u0111\u1ed3ng \u0111\u01b0\u1ee3c ch\u00fang t\u00f4i l\u00e0m s\u1ea1ch v\u00e0 c\u0169ng l\u00e0 s\u1ea3n ph\u1ea9m v\u00f4 c\u00f9ng ch\u1ea5t l\u01b0\u1ee3ng. Ch\u00ednh v\u00ec v\u1eady kh\u00f4ng ph\u1ea3i l\u00fac n\u00e0o c\u0169ng s\u1eb5n h\u00e0ng.\" \/>\n<meta property=\"og:url\" content=\"https:\/\/thucphamtienloi.com\/?product=chim-se-dong-lam-sach\" \/>\n<meta property=\"og:site_name\" content=\"\u1ea8M TH\u1ef0C BA MI\u1ec0N\" \/>\n<meta property=\"article:modified_time\" content=\"2025-10-19T16:14:09+00:00\" \/>\n<meta property=\"og:image\" content=\"https:\/\/thucphamtienloi.com\/wp-content\/uploads\/2023\/07\/se11.png\" \/>\n\t<meta property=\"og:image:width\" content=\"576\" \/>\n\t<meta property=\"og:image:height\" content=\"788\" \/>\n\t<meta property=\"og:image:type\" content=\"image\/png\" \/>\n<meta name=\"twitter:card\" content=\"summary_large_image\" \/>\n<meta name=\"twitter:label1\" content=\"\u01af\u1edbc t\u00ednh th\u1eddi gian \u0111\u1ecdc\" \/>\n\t<meta name=\"twitter:data1\" content=\"5 ph\u00fat\" \/>\n<script type=\"application\/ld+json\" class=\"yoast-schema-graph\">{\"@context\":\"https:\\\/\\\/schema.org\",\"@graph\":[{\"@type\":[\"WebPage\",\"ItemPage\"],\"@id\":\"https:\\\/\\\/thucphamtienloi.com\\\/?product=chim-se-dong-lam-sach\",\"url\":\"https:\\\/\\\/thucphamtienloi.com\\\/?product=chim-se-dong-lam-sach\",\"name\":\"Chim s\u1ebb \u0111\u1ed3ng l\u00e0m s\u1ea1ch 10k\\\/con\",\"isPartOf\":{\"@id\":\"https:\\\/\\\/thucphamtienloi.com\\\/#website\"},\"primaryImageOfPage\":{\"@id\":\"https:\\\/\\\/thucphamtienloi.com\\\/?product=chim-se-dong-lam-sach#primaryimage\"},\"image\":{\"@id\":\"https:\\\/\\\/thucphamtienloi.com\\\/?product=chim-se-dong-lam-sach#primaryimage\"},\"thumbnailUrl\":\"https:\\\/\\\/thucphamtienloi.com\\\/wp-content\\\/uploads\\\/2023\\\/07\\\/se11.png\",\"datePublished\":\"2023-07-13T08:51:03+00:00\",\"dateModified\":\"2025-10-19T16:14:09+00:00\",\"description\":\"Th\u1ecbt chim s\u1ebb \u0111\u1ed3ng \u0111\u01b0\u1ee3c ch\u00fang t\u00f4i l\u00e0m s\u1ea1ch v\u00e0 c\u0169ng l\u00e0 s\u1ea3n ph\u1ea9m v\u00f4 c\u00f9ng ch\u1ea5t l\u01b0\u1ee3ng. Ch\u00ednh v\u00ec v\u1eady kh\u00f4ng ph\u1ea3i l\u00fac n\u00e0o c\u0169ng s\u1eb5n h\u00e0ng.\",\"breadcrumb\":{\"@id\":\"https:\\\/\\\/thucphamtienloi.com\\\/?product=chim-se-dong-lam-sach#breadcrumb\"},\"inLanguage\":\"vi\",\"potentialAction\":[{\"@type\":\"ReadAction\",\"target\":[\"https:\\\/\\\/thucphamtienloi.com\\\/?product=chim-se-dong-lam-sach\"]}]},{\"@type\":\"ImageObject\",\"inLanguage\":\"vi\",\"@id\":\"https:\\\/\\\/thucphamtienloi.com\\\/?product=chim-se-dong-lam-sach#primaryimage\",\"url\":\"https:\\\/\\\/thucphamtienloi.com\\\/wp-content\\\/uploads\\\/2023\\\/07\\\/se11.png\",\"contentUrl\":\"https:\\\/\\\/thucphamtienloi.com\\\/wp-content\\\/uploads\\\/2023\\\/07\\\/se11.png\",\"width\":576,\"height\":788,\"caption\":\"Chim s\u1ebb m\u1ed9t n\u1eafng l\u00e0m s\u1ea1ch\"},{\"@type\":\"BreadcrumbList\",\"@id\":\"https:\\\/\\\/thucphamtienloi.com\\\/?product=chim-se-dong-lam-sach#breadcrumb\",\"itemListElement\":[{\"@type\":\"ListItem\",\"position\":1,\"name\":\"Trang ch\u1ee7\",\"item\":\"https:\\\/\\\/thucphamtienloi.com\\\/\"},{\"@type\":\"ListItem\",\"position\":2,\"name\":\"C\u1eeda H\u00e0ng\",\"item\":\"https:\\\/\\\/thucphamtienloi.com\\\/?page_id=3334\"},{\"@type\":\"ListItem\",\"position\":3,\"name\":\"\u0110\u1eb7c S\u1ea3n Mi\u1ec1n B\u1eafc\",\"item\":\"https:\\\/\\\/thucphamtienloi.com\\\/danh-muc-san-pham\\\/dac-san-mien-bac\\\/\"},{\"@type\":\"ListItem\",\"position\":4,\"name\":\"Chim s\u1ebb \u0111\u1ed3ng l\u00e0m s\u1ea1ch\"}]},{\"@type\":\"WebSite\",\"@id\":\"https:\\\/\\\/thucphamtienloi.com\\\/#website\",\"url\":\"https:\\\/\\\/thucphamtienloi.com\\\/\",\"name\":\"Th\u1ef1c ph\u1ea9m ti\u1ec7n l\u1ee3i\",\"description\":\"\u1ea8m Th\u1ef1c Qu\u00ea H\u01b0\u01a1ng\",\"publisher\":{\"@id\":\"https:\\\/\\\/thucphamtienloi.com\\\/#organization\"},\"potentialAction\":[{\"@type\":\"SearchAction\",\"target\":{\"@type\":\"EntryPoint\",\"urlTemplate\":\"https:\\\/\\\/thucphamtienloi.com\\\/?s={search_term_string}\"},\"query-input\":{\"@type\":\"PropertyValueSpecification\",\"valueRequired\":true,\"valueName\":\"search_term_string\"}}],\"inLanguage\":\"vi\"},{\"@type\":\"Organization\",\"@id\":\"https:\\\/\\\/thucphamtienloi.com\\\/#organization\",\"name\":\"Th\u1ef1c ph\u1ea9m ti\u1ec7n l\u1ee3i\",\"url\":\"https:\\\/\\\/thucphamtienloi.com\\\/\",\"logo\":{\"@type\":\"ImageObject\",\"inLanguage\":\"vi\",\"@id\":\"https:\\\/\\\/thucphamtienloi.com\\\/#\\\/schema\\\/logo\\\/image\\\/\",\"url\":\"https:\\\/\\\/thucphamtienloi.com\\\/wp-content\\\/uploads\\\/2022\\\/07\\\/THU\u031b\u0323C-PHA\u0302\u0309M-TIE\u0323\u0302N-LO\u031b\u0323I.png\",\"contentUrl\":\"https:\\\/\\\/thucphamtienloi.com\\\/wp-content\\\/uploads\\\/2022\\\/07\\\/THU\u031b\u0323C-PHA\u0302\u0309M-TIE\u0323\u0302N-LO\u031b\u0323I.png\",\"width\":1920,\"height\":1080,\"caption\":\"Th\u1ef1c ph\u1ea9m ti\u1ec7n l\u1ee3i\"},\"image\":{\"@id\":\"https:\\\/\\\/thucphamtienloi.com\\\/#\\\/schema\\\/logo\\\/image\\\/\"}}]}<\/script>\n<!-- \/ Yoast SEO plugin. -->","yoast_head_json":{"title":"Chim s\u1ebb \u0111\u1ed3ng l\u00e0m s\u1ea1ch 10k\/con","description":"Th\u1ecbt chim s\u1ebb \u0111\u1ed3ng \u0111\u01b0\u1ee3c ch\u00fang t\u00f4i l\u00e0m s\u1ea1ch v\u00e0 c\u0169ng l\u00e0 s\u1ea3n ph\u1ea9m v\u00f4 c\u00f9ng ch\u1ea5t l\u01b0\u1ee3ng. Ch\u00ednh v\u00ec v\u1eady kh\u00f4ng ph\u1ea3i l\u00fac n\u00e0o c\u0169ng s\u1eb5n h\u00e0ng.","robots":{"index":"index","follow":"follow","max-snippet":"max-snippet:-1","max-image-preview":"max-image-preview:large","max-video-preview":"max-video-preview:-1"},"canonical":"https:\/\/thucphamtienloi.com\/?product=chim-se-dong-lam-sach","og_locale":"vi_VN","og_type":"article","og_title":"Chim s\u1ebb \u0111\u1ed3ng l\u00e0m s\u1ea1ch 10k\/con","og_description":"Th\u1ecbt chim s\u1ebb \u0111\u1ed3ng \u0111\u01b0\u1ee3c ch\u00fang t\u00f4i l\u00e0m s\u1ea1ch v\u00e0 c\u0169ng l\u00e0 s\u1ea3n ph\u1ea9m v\u00f4 c\u00f9ng ch\u1ea5t l\u01b0\u1ee3ng. Ch\u00ednh v\u00ec v\u1eady kh\u00f4ng ph\u1ea3i l\u00fac n\u00e0o c\u0169ng s\u1eb5n h\u00e0ng.","og_url":"https:\/\/thucphamtienloi.com\/?product=chim-se-dong-lam-sach","og_site_name":"\u1ea8M TH\u1ef0C BA MI\u1ec0N","article_modified_time":"2025-10-19T16:14:09+00:00","og_image":[{"width":576,"height":788,"url":"https:\/\/thucphamtienloi.com\/wp-content\/uploads\/2023\/07\/se11.png","type":"image\/png"}],"twitter_card":"summary_large_image","twitter_misc":{"\u01af\u1edbc t\u00ednh th\u1eddi gian \u0111\u1ecdc":"5 ph\u00fat"},"schema":{"@context":"https:\/\/schema.org","@graph":[{"@type":["WebPage","ItemPage"],"@id":"https:\/\/thucphamtienloi.com\/?product=chim-se-dong-lam-sach","url":"https:\/\/thucphamtienloi.com\/?product=chim-se-dong-lam-sach","name":"Chim s\u1ebb \u0111\u1ed3ng l\u00e0m s\u1ea1ch 10k\/con","isPartOf":{"@id":"https:\/\/thucphamtienloi.com\/#website"},"primaryImageOfPage":{"@id":"https:\/\/thucphamtienloi.com\/?product=chim-se-dong-lam-sach#primaryimage"},"image":{"@id":"https:\/\/thucphamtienloi.com\/?product=chim-se-dong-lam-sach#primaryimage"},"thumbnailUrl":"https:\/\/thucphamtienloi.com\/wp-content\/uploads\/2023\/07\/se11.png","datePublished":"2023-07-13T08:51:03+00:00","dateModified":"2025-10-19T16:14:09+00:00","description":"Th\u1ecbt chim s\u1ebb \u0111\u1ed3ng \u0111\u01b0\u1ee3c ch\u00fang t\u00f4i l\u00e0m s\u1ea1ch v\u00e0 c\u0169ng l\u00e0 s\u1ea3n ph\u1ea9m v\u00f4 c\u00f9ng ch\u1ea5t l\u01b0\u1ee3ng. Ch\u00ednh v\u00ec v\u1eady kh\u00f4ng ph\u1ea3i l\u00fac n\u00e0o c\u0169ng s\u1eb5n h\u00e0ng.","breadcrumb":{"@id":"https:\/\/thucphamtienloi.com\/?product=chim-se-dong-lam-sach#breadcrumb"},"inLanguage":"vi","potentialAction":[{"@type":"ReadAction","target":["https:\/\/thucphamtienloi.com\/?product=chim-se-dong-lam-sach"]}]},{"@type":"ImageObject","inLanguage":"vi","@id":"https:\/\/thucphamtienloi.com\/?product=chim-se-dong-lam-sach#primaryimage","url":"https:\/\/thucphamtienloi.com\/wp-content\/uploads\/2023\/07\/se11.png","contentUrl":"https:\/\/thucphamtienloi.com\/wp-content\/uploads\/2023\/07\/se11.png","width":576,"height":788,"caption":"Chim s\u1ebb m\u1ed9t n\u1eafng l\u00e0m s\u1ea1ch"},{"@type":"BreadcrumbList","@id":"https:\/\/thucphamtienloi.com\/?product=chim-se-dong-lam-sach#breadcrumb","itemListElement":[{"@type":"ListItem","position":1,"name":"Trang ch\u1ee7","item":"https:\/\/thucphamtienloi.com\/"},{"@type":"ListItem","position":2,"name":"C\u1eeda H\u00e0ng","item":"https:\/\/thucphamtienloi.com\/?page_id=3334"},{"@type":"ListItem","position":3,"name":"\u0110\u1eb7c S\u1ea3n Mi\u1ec1n B\u1eafc","item":"https:\/\/thucphamtienloi.com\/danh-muc-san-pham\/dac-san-mien-bac\/"},{"@type":"ListItem","position":4,"name":"Chim s\u1ebb \u0111\u1ed3ng l\u00e0m s\u1ea1ch"}]},{"@type":"WebSite","@id":"https:\/\/thucphamtienloi.com\/#website","url":"https:\/\/thucphamtienloi.com\/","name":"Th\u1ef1c ph\u1ea9m ti\u1ec7n l\u1ee3i","description":"\u1ea8m Th\u1ef1c Qu\u00ea H\u01b0\u01a1ng","publisher":{"@id":"https:\/\/thucphamtienloi.com\/#organization"},"potentialAction":[{"@type":"SearchAction","target":{"@type":"EntryPoint","urlTemplate":"https:\/\/thucphamtienloi.com\/?s={search_term_string}"},"query-input":{"@type":"PropertyValueSpecification","valueRequired":true,"valueName":"search_term_string"}}],"inLanguage":"vi"},{"@type":"Organization","@id":"https:\/\/thucphamtienloi.com\/#organization","name":"Th\u1ef1c ph\u1ea9m ti\u1ec7n l\u1ee3i","url":"https:\/\/thucphamtienloi.com\/","logo":{"@type":"ImageObject","inLanguage":"vi","@id":"https:\/\/thucphamtienloi.com\/#\/schema\/logo\/image\/","url":"https:\/\/thucphamtienloi.com\/wp-content\/uploads\/2022\/07\/THU\u031b\u0323C-PHA\u0302\u0309M-TIE\u0323\u0302N-LO\u031b\u0323I.png","contentUrl":"https:\/\/thucphamtienloi.com\/wp-content\/uploads\/2022\/07\/THU\u031b\u0323C-PHA\u0302\u0309M-TIE\u0323\u0302N-LO\u031b\u0323I.png","width":1920,"height":1080,"caption":"Th\u1ef1c ph\u1ea9m ti\u1ec7n l\u1ee3i"},"image":{"@id":"https:\/\/thucphamtienloi.com\/#\/schema\/logo\/image\/"}}]}},"_links":{"self":[{"href":"https:\/\/thucphamtienloi.com\/index.php?rest_route=\/wp\/v2\/product\/3216","targetHints":{"allow":["GET"]}}],"collection":[{"href":"https:\/\/thucphamtienloi.com\/index.php?rest_route=\/wp\/v2\/product"}],"about":[{"href":"https:\/\/thucphamtienloi.com\/index.php?rest_route=\/wp\/v2\/types\/product"}],"replies":[{"embeddable":true,"href":"https:\/\/thucphamtienloi.com\/index.php?rest_route=%2Fwp%2Fv2%2Fcomments&post=3216"}],"wp:featuredmedia":[{"embeddable":true,"href":"https:\/\/thucphamtienloi.com\/index.php?rest_route=\/wp\/v2\/media\/3697"}],"wp:attachment":[{"href":"https:\/\/thucphamtienloi.com\/index.php?rest_route=%2Fwp%2Fv2%2Fmedia&parent=3216"}],"wp:term":[{"taxonomy":"product_brand","embeddable":true,"href":"https:\/\/thucphamtienloi.com\/index.php?rest_route=%2Fwp%2Fv2%2Fproduct_brand&post=3216"},{"taxonomy":"product_cat","embeddable":true,"href":"https:\/\/thucphamtienloi.com\/index.php?rest_route=%2Fwp%2Fv2%2Fproduct_cat&post=3216"},{"taxonomy":"product_tag","embeddable":true,"href":"https:\/\/thucphamtienloi.com\/index.php?rest_route=%2Fwp%2Fv2%2Fproduct_tag&post=3216"}],"curies":[{"name":"wp","href":"https:\/\/api.w.org\/{rel}","templated":true}]}}