{"id":3842,"date":"2024-03-19T07:59:14","date_gmt":"2024-03-19T07:59:14","guid":{"rendered":"https:\/\/thucphamtienloi.com\/?post_type=product&#038;p=3842"},"modified":"2025-10-19T16:14:07","modified_gmt":"2025-10-19T16:14:07","slug":"trung-kien-tay-bac","status":"publish","type":"product","link":"https:\/\/thucphamtienloi.com\/?product=trung-kien-tay-bac","title":{"rendered":"Tr\u1ee9ng ki\u1ebfn T\u00e2y B\u1eafc"},"content":{"rendered":"<h2>Tr\u1ee9ng ki\u1ebfn \u0111\u01b0\u1ee3c \u01b0a chu\u1ed9ng kh\u00f4ng ch\u1ec9 b\u1edfi m\u00f9i v\u1ecb th\u01a1m l\u1eebng b\u00e9o ng\u1eady m\u00e0 c\u00f2n \u0111\u01b0\u1ee3c bi\u1ebft \u0111\u1ebfn trong vi\u1ec7c b\u1ed3i b\u1ed5 cho s\u1ee9c kh\u1ecfe con ng\u01b0\u1eddi b\u1edfi trong tr\u1ee9ng ki\u1ebfn c\u00f3 nh\u1eefng lo\u1ea1i protein t\u1ed1t gi\u00fap ph\u1ee5c h\u1ed3i sinh l\u1ef1c, ch\u1eefa vi\u00eam tai, suy gi\u1ea3m ch\u1ee9c n\u0103ng sinh l\u00fd.<\/h2>\n<p style=\"text-align: center;\"><a href=\"https:\/\/thucphamtienloi.com\/?attachment_id=3843#main\" rel=\"attachment wp-att-3843\"><img loading=\"lazy\" decoding=\"async\" class=\"aligncenter size-full wp-image-3843\" src=\"https:\/\/thucphamtienloi.com\/wp-content\/uploads\/2024\/03\/trung-kien-1.jpg\" alt=\"\" width=\"600\" height=\"400\" srcset=\"https:\/\/thucphamtienloi.com\/wp-content\/uploads\/2024\/03\/trung-kien-1.jpg 600w, https:\/\/thucphamtienloi.com\/wp-content\/uploads\/2024\/03\/trung-kien-1-510x340.jpg 510w\" sizes=\"auto, (max-width: 600px) 100vw, 600px\" \/><\/a><\/p>\n<p>M\u00f3n tr\u1ee9ng ki\u1ebfn th\u01b0\u1eddng \u0111\u01b0\u1ee3c ch\u1ebf bi\u1ebfn th\u00e0nh r\u1ea5t nhi\u1ec1u m\u00f3n \u0103n \u0111\u1ed9c l\u1ea1 kh\u00e1c nhau nh\u01b0ng ch\u1ee7 y\u1ebfu l\u00e0 3 m\u00f3n: tr\u1ee9ng ki\u1ebfn rang l\u00e1 chanh, ch\u1ea3 tr\u1ee9ng ki\u1ebfn l\u00e1 l\u1ed1t, x\u00f4i tr\u1ee9ng ki\u1ebfn m\u1ee1 h\u00e0nh.<\/p>\n<p>Nh\u1eefng ng\u01b0\u1eddi c\u00f3 kinh nghi\u1ec7m \u0111i r\u1eebng t\u00ecm t\u1ed5 tr\u1ee9ng ki\u1ebfn th\u01b0\u1eddng ch\u1ecdn nh\u1eefng h\u00f4m tr\u1eddi n\u1eafng, v\u00ec khi h\u1ea1 t\u1ed5 ki\u1ebfn xu\u1ed1ng g\u1eb7p n\u1eafng to, ki\u1ebfn s\u1ebd nhanh ch\u00f3ng t\u1ea3n ra ngo\u00e0i, khi \u0111\u00f3 ch\u1ec9 c\u00f2n l\u1ea1i nh\u1eefng h\u1ea1t tr\u1ee9ng tr\u1eafng mu\u1ed1t nh\u01b0 g\u1ea1o. C\u00f2n n\u1ebfu g\u1eb7p h\u00f4m tr\u1eddi m\u01b0a, ki\u1ebfn c\u1ee9 n\u1eb1m l\u1ef3 b\u00ean trong t\u1ed5 kh\u00f3 m\u00e0 l\u1ea5y tr\u1ee9ng ra \u0111\u01b0\u1ee3c. T\u1ed5 ki\u1ebfn n\u00e0o nh\u00ecn c\u00f3 m\u00e0u \u0111en b\u1ea1c, th\u1edb t\u1ed5 g\u1edd to, c\u00e0nh c\u00e2y h\u01a1i tr\u0129u, khi ch\u1eb7t c\u00e0nh n\u00e2ng l\u00ean th\u1ea5y n\u1eb7ng tay th\u00ec tr\u1ee9ng ki\u1ebfn r\u1ea5t m\u1ea9y. C\u00f2n t\u1ed5 n\u00e0o tr\u00f4ng \u0111en x\u00ec, x\u1ed1p\u2026 th\u00ec kh\u1ecfi m\u1ea5t c\u00f4ng ch\u1eb7t \u0111\u1ed1n, v\u00ec tr\u1ee9ng ki\u1ebfn \u0111\u00e3 th\u00e0nh con.<\/p>\n<p style=\"text-align: center;\"><a href=\"https:\/\/thucphamtienloi.com\/?attachment_id=3844#main\" rel=\"attachment wp-att-3844\"><img loading=\"lazy\" decoding=\"async\" class=\"aligncenter size-medium wp-image-3844\" src=\"https:\/\/thucphamtienloi.com\/wp-content\/uploads\/2024\/03\/To-kien-600x400.jpg\" alt=\"\" width=\"600\" height=\"400\" srcset=\"https:\/\/thucphamtienloi.com\/wp-content\/uploads\/2024\/03\/To-kien-600x400.jpg 600w, https:\/\/thucphamtienloi.com\/wp-content\/uploads\/2024\/03\/To-kien-1200x800.jpg 1200w, https:\/\/thucphamtienloi.com\/wp-content\/uploads\/2024\/03\/To-kien-768x512.jpg 768w, https:\/\/thucphamtienloi.com\/wp-content\/uploads\/2024\/03\/To-kien-510x340.jpg 510w, https:\/\/thucphamtienloi.com\/wp-content\/uploads\/2024\/03\/To-kien.jpg 1500w\" sizes=\"auto, (max-width: 600px) 100vw, 600px\" \/><\/a><\/p>\n<p>V\u1ec1 nh\u00e0, tr\u1ee9ng ki\u1ebfn s\u1ebd \u0111\u01b0\u1ee3c mang ra s\u00e0ng s\u1ea9y s\u1ea1ch s\u1ebd, lo\u1ea1i b\u1ecf t\u1ea1p ch\u1ea5t, l\u00e1 c\u00e2y v\u00e0 nh\u1eefng con ki\u1ebfn gi\u00e0 l\u1eabn trong \u0111\u00f3, c\u00f4ng \u0111o\u1ea1n n\u00e0y ph\u1ea3i th\u1eadt nh\u1eb9 nh\u00e0ng, kh\u00e9o l\u00e9o \u0111\u1ec3 nh\u1eefng h\u1ea1t tr\u1ee9ng kh\u00f4ng b\u1ecb v\u1ee1 d\u1eadp. \u0110\u1ed1i v\u1edbi nh\u1eefng con ki\u1ebfn gi\u00e0 c\u1ee9ng c\u1ed5 kh\u00f4ng ch\u1ecbu \u0111i ch\u1ed7 kh\u00e1c th\u00ec ph\u1ea3i d\u00f9ng c\u00e0nh c\u00e2y mua qu\u1ec7t \u0111i qu\u1ec7t l\u1ea1i \u0111\u1ec3 ch\u00fang d\u00ednh v\u00e0o l\u00e1 ho\u1eb7c xua \u0111u\u1ed5i ch\u00fang. Th\u1ebf r\u1ed3i, t\u1eebng h\u1ea1t tr\u1ee9ng c\u0103ng m\u1ecdng, tr\u1eafng mu\u1ed1t nh\u01b0 h\u1ea1t g\u1ea1o \u0111\u01b0\u1ee3c \u0111\u00f4i b\u00e0n tay kh\u00e9o l\u00e9o c\u1ee7a \u0111\u1ed3ng b\u00e0o ch\u1ebf bi\u1ebfn th\u00e0nh nhi\u1ec1u m\u00f3n \u0103n \u0111\u1ed9c \u0111\u00e1o.<\/p>\n<p>H\u00e3y c\u00f9ng Th\u1ef1c Ph\u1ea9m Ti\u1ec7n L\u1ee3i h\u01b0\u1edbng d\u1eabn l\u00e0m m\u00f3n <b><span lang=\"EN-US\">x\u00f4i tr\u1ee9ng ki\u1ebfn m\u1ee1 h\u00e0nh<\/span><\/b> nh\u00e9:<\/p>\n<ol>\n<li><b><span lang=\"EN-US\">Nguy\u00ean li\u1ec7u<\/span><\/b><\/li>\n<\/ol>\n<ul>\n<li><span lang=\"EN-US\">500g tr\u1ee9ng ki\u1ebfn \u0111\u00e3 qua s\u01a1 ch\u1ebf<\/span><\/li>\n<li><span lang=\"EN-US\">1kg g\u1ea1o n\u1ebfp<\/span><\/li>\n<li><span lang=\"EN-US\">10 c\u1ee7 h\u00e0nh kh\u00f4<\/span><\/li>\n<li><span lang=\"EN-US\">\u00bc tr\u00e1i d\u1eeba non<\/span><\/li>\n<li><span lang=\"EN-US\">1 th\u00eca mu\u1ed1i h\u1ea1t, 2-3 mu\u1ed7ng b\u1ed9t canh, d\u1ea7u \u0103n<\/span><\/li>\n<\/ul>\n<ol start=\"2\">\n<li><b><span lang=\"EN-US\">C\u00e1ch ch\u1ebf bi\u1ebfn x\u00f4i tr\u1ee9ng ki\u1ebfn m\u1ee1 h\u00e0nh<\/span><\/b><\/li>\n<\/ol>\n<ul>\n<li><span lang=\"EN-US\">B\u01b0\u1edbc 1: G\u1ea1o n\u1ebfp n\u01b0\u01a1ng nh\u1eb7t s\u1ea1ch s\u1ea1n, x\u1ea3 n\u01b0\u1edbc ng\u00e2m 4-5 ti\u1ebfng sau \u0111\u00f3 vo s\u1ea1ch \u0111\u1ec3 r\u00e1o n\u01b0\u1edbc<\/span><\/li>\n<li><span lang=\"EN-US\">B\u01b0\u1edbc 2: Cho tr\u1ee9ng ki\u1ebfn v\u00e0o b\u00e1t nh\u1ecf th\u00eam 1 mu\u1ed7ng gia v\u1ecb b\u1ed9t canh tr\u1ed9n l\u00ean \u0111\u1ec3 sang 1 b\u00ean cho ng\u1ea5m gia v\u1ecb. G\u1ea1o n\u1ebfp cho 1 mu\u1ed7ng mu\u1ed1i bi\u1ec3n x\u00f3c \u0111\u1ec1u. L\u1ea5y \u00be s\u1ed1 tr\u1ee9ng ki\u1ebfn cho v\u00e0o g\u1ea1o n\u1ebfp tr\u1ed9n \u0111\u1ec1u t\u1ea5t c\u1ea3 l\u00ean v\u00e0 mang \u0111i \u0111\u1ed3<\/span><\/li>\n<li><span lang=\"EN-US\">B\u01b0\u1edbc 3: H\u00e0nh kh\u00f4 b\u00f3c v\u1ecf th\u00e1i nh\u1ecf \u0111em phi v\u00e0ng v\u1edbi d\u1ea7u \u0103n. Khi ch\u00edn v\u1edbt ra b\u00e1t nh\u1ecf \u0111\u1ec3 ri\u00eang, \u0111\u1ed5 \u00be l\u01b0\u1ee3ng d\u1ea7u \u0103n ra b\u00e1t c\u00f2n l\u1ea1i ti\u1ebfp t\u1ee5c cho l\u00ean b\u1ebfp v\u00e0 mang ph\u1ea7n tr\u1ee9ng ki\u1ebfn c\u00f2n l\u1ea1i x\u00e0o kh\u00f4<\/span><\/li>\n<li><span lang=\"EN-US\">B\u01b0\u1edbc 4: Khi g\u1ea1o n\u1ebfp b\u1eaft \u0111\u1ea7u \u0111\u1ebfn giai \u0111o\u1ea1n g\u1ea7n ch\u00edn, ta \u0111\u1ed5 d\u1eeba \u0111\u00e3 n\u1ea1o nh\u1ecf tr\u1ecdn \u0111\u1ec1u l\u00ean, th\u00eam 1 mu\u1ed7ng gia v\u1ecb b\u1ed9t canh. Ti\u1ebfp t\u1ee5c h\u1ea1 l\u1eeda nh\u1ecf \u0111\u1ed3 ti\u1ebfp cho \u0111\u1ebfn khi ch\u00edn h\u1eb3n. \u0110\u1ed5 x\u00f4i ra \u0111\u0129a, r\u1eafc ph\u1ea7n tr\u1ee9ng ki\u1ebfn \u0111\u00e3 x\u00e0o kh\u00f4 l\u00ean tr\u00ean sau \u0111\u00f3 r\u1eafc h\u00e0nh kh\u00f4 v\u00e0 r\u01b0\u1edbi ch\u00fat d\u1ea7u \u0103n phi h\u00e0nh l\u00ean l\u00e0 m\u00f3n x\u00f4i tr\u1ee9ng ki\u1ebfn \u0111\u00e3 ho\u00e0n th\u00e0nh.<\/span><\/li>\n<\/ul>\n<p style=\"text-align: center;\"><a href=\"https:\/\/thucphamtienloi.com\/?attachment_id=3845#main\" rel=\"attachment wp-att-3845\"><img loading=\"lazy\" decoding=\"async\" class=\"aligncenter size-medium wp-image-3845\" src=\"https:\/\/thucphamtienloi.com\/wp-content\/uploads\/2024\/03\/xoi-trung-kien-688x400.jpeg\" alt=\"\" width=\"688\" height=\"400\" srcset=\"https:\/\/thucphamtienloi.com\/wp-content\/uploads\/2024\/03\/xoi-trung-kien-688x400.jpeg 688w, https:\/\/thucphamtienloi.com\/wp-content\/uploads\/2024\/03\/xoi-trung-kien-510x297.jpeg 510w, https:\/\/thucphamtienloi.com\/wp-content\/uploads\/2024\/03\/xoi-trung-kien.jpeg 760w\" sizes=\"auto, (max-width: 688px) 100vw, 688px\" \/><\/a><\/p>\n<p>&nbsp;<\/p>\n<p>Qu\u00fd kh\u00e1ch c\u00f3 nhu c\u1ea7u \u0111\u1eb7t mua vui l\u00f2ng li\u00ean h\u1ec7 :<\/p>\n<p><strong>Hotline\/Zalo:<\/strong>\u00a0<strong>0987.506.349<\/strong><\/p>\n<p><strong>\u0110\u1ecba ch\u1ec9 c\u1eeda h\u00e0ng :\u00a0<\/strong><\/p>\n<p><strong>T\u1ea1i S\u00e0i G\u00f2n:<\/strong> 184 Nguy\u1ec5n Ph\u00fac Chu, P15, Q. T\u00e2n B\u00ecnh , TP HCM (vui l\u00f2ng g\u1ecdi tr\u01b0\u1edbc khi \u0111\u1ebfn)<br \/>\n<strong>T\u1ea1i H\u00e0 N\u1ed9i : <\/strong>Chung c\u01b0 349, V\u0169 T\u00f4ng Phan, Thanh Xu\u00e2n, H\u00e0 N\u1ed9i (vui l\u00f2ng g\u1ecdi tr\u01b0\u1edbc khi \u0111\u1ebfn)<\/p>\n<p><strong>Facebook:\u00a0<a href=\"https:\/\/www.facebook.com\/thucphamtienloiFB\">TH\u1ef0C PH\u1ea8M TI\u1ec6N L\u1ee2I<\/a><\/strong><\/p>\n","protected":false},"excerpt":{"rendered":"<p>Tr\u1ee9ng ki\u1ebfn \u0111\u01b0\u1ee3c \u01b0a chu\u1ed9ng kh\u00f4ng ch\u1ec9 b\u1edfi m\u00f9i v\u1ecb th\u01a1m l\u1eebng b\u00e9o ng\u1eady c\u1ee7a n\u00f3, m\u00e0 c\u00f2n \u0111\u01b0\u1ee3c bi\u1ebft \u0111\u1ebfn trong vi\u1ec7c b\u1ed3i b\u1ed5 cho s\u1ee9c kh\u1ecfe con ng\u01b0\u1eddi b\u1edfi trong tr\u1ee9ng ki\u1ebfn c\u00f3 nh\u1eefng lo\u1ea1i protein t\u1ed1t gi\u00fap ph\u1ee5c h\u1ed3i sinh l\u1ef1c, ch\u1eefa vi\u00eam tai, suy gi\u1ea3m ch\u1ee9c n\u0103ng sinh l\u00fd, gi\u1ea3i \u0111\u1ed9c trong \u0111i\u1ec1u tr\u1ecb r\u1eafn c\u1eafn.<\/p>\n<p>M\u00f3n tr\u1ee9ng ki\u1ebfn th\u01b0\u1eddng \u0111\u01b0\u1ee3c ch\u1ebf bi\u1ebfn th\u00e0nh r\u1ea5t nhi\u1ec1u m\u00f3n \u0103n \u0111\u1ed9c l\u1ea1 kh\u00e1c nhau nh\u01b0ng ch\u1ee7 y\u1ebfu l\u00e0 3 m\u00f3n: tr\u1ee9ng ki\u1ebfn rang l\u00e1 chanh, ch\u1ea3 tr\u1ee9ng ki\u1ebfn l\u00e1 l\u1ed1t, x\u00f4i tr\u1ee9ng ki\u1ebfn m\u1ee1 h\u00e0nh.<\/p>\n","protected":false},"featured_media":3843,"comment_status":"closed","ping_status":"closed","template":"","meta":[],"product_brand":[],"product_cat":[68,70],"product_tag":[],"class_list":{"0":"post-3842","1":"product","2":"type-product","3":"status-publish","4":"has-post-thumbnail","6":"product_cat-dac-san-mien-bac","7":"product_cat-dac-san-mien-nam","9":"first","10":"instock","11":"shipping-taxable","12":"purchasable","13":"product-type-simple"},"yoast_head":"<!-- This site is optimized with the Yoast SEO plugin v27.4 - https:\/\/yoast.com\/product\/yoast-seo-wordpress\/ -->\n<title>Tr\u1ee9ng ki\u1ebfn T\u00e2y B\u1eafc - ch\u00ednh g\u1ed1c gi\u00e1 s\u1ed1c<\/title>\n<meta name=\"description\" content=\"C\u00e1c m\u00f3n \u0103n t\u1eeb Tr\u1ee9ng ki\u1ebfn mang h\u01b0\u01a1ng v\u1ecb ng\u1ecdt b\u00f9i, b\u00e9o ng\u1eady, c\u00f9ng th\u00fa vui khi \u0103n nghe ti\u1ebfp n\u1ed5 l\u00e9p b\u00e9p trong mi\u1ec7ng qu\u1ea3 khi\u1ebfn b\u1ea5t k\u1ef3 ai d\u00f9 m\u1ed9t l\u1ea7n th\u1eed qu\u1ea3 s\u1ebd c\u00f2n nh\u1edb m\u00e3i. C\u00f2n ch\u1ea7n ch\u1eeb g\u00ec n\u1eefa m\u00e0 kh\u00f4ng nhanh tay \u0111\u1eb7t h\u00e0ng m\u00f3n tr\u1ee9ng ki\u1ebfn ch\u00ednh g\u1ed1c T\u00e2y B\u1eafc\" \/>\n<meta name=\"robots\" content=\"index, follow, max-snippet:-1, max-image-preview:large, max-video-preview:-1\" \/>\n<link rel=\"canonical\" href=\"https:\/\/thucphamtienloi.com\/?product=trung-kien-tay-bac\" \/>\n<meta property=\"og:locale\" content=\"vi_VN\" \/>\n<meta property=\"og:type\" content=\"article\" \/>\n<meta property=\"og:title\" content=\"Tr\u1ee9ng ki\u1ebfn T\u00e2y B\u1eafc - ch\u00ednh g\u1ed1c gi\u00e1 s\u1ed1c\" \/>\n<meta property=\"og:description\" content=\"C\u00e1c m\u00f3n \u0103n t\u1eeb Tr\u1ee9ng ki\u1ebfn mang h\u01b0\u01a1ng v\u1ecb ng\u1ecdt b\u00f9i, b\u00e9o ng\u1eady, c\u00f9ng th\u00fa vui khi \u0103n nghe ti\u1ebfp n\u1ed5 l\u00e9p b\u00e9p trong mi\u1ec7ng qu\u1ea3 khi\u1ebfn b\u1ea5t k\u1ef3 ai d\u00f9 m\u1ed9t l\u1ea7n th\u1eed qu\u1ea3 s\u1ebd c\u00f2n nh\u1edb m\u00e3i. C\u00f2n ch\u1ea7n ch\u1eeb g\u00ec n\u1eefa m\u00e0 kh\u00f4ng nhanh tay \u0111\u1eb7t h\u00e0ng m\u00f3n tr\u1ee9ng ki\u1ebfn ch\u00ednh g\u1ed1c T\u00e2y B\u1eafc\" \/>\n<meta property=\"og:url\" content=\"https:\/\/thucphamtienloi.com\/?product=trung-kien-tay-bac\" \/>\n<meta property=\"og:site_name\" content=\"\u1ea8M TH\u1ef0C BA MI\u1ec0N\" \/>\n<meta property=\"article:modified_time\" content=\"2025-10-19T16:14:07+00:00\" \/>\n<meta property=\"og:image\" content=\"https:\/\/thucphamtienloi.com\/wp-content\/uploads\/2024\/03\/trung-kien-1.jpg\" \/>\n\t<meta property=\"og:image:width\" content=\"600\" \/>\n\t<meta property=\"og:image:height\" content=\"400\" \/>\n\t<meta property=\"og:image:type\" content=\"image\/jpeg\" \/>\n<meta name=\"twitter:card\" content=\"summary_large_image\" \/>\n<meta name=\"twitter:label1\" content=\"\u01af\u1edbc t\u00ednh th\u1eddi gian \u0111\u1ecdc\" \/>\n\t<meta name=\"twitter:data1\" content=\"4 ph\u00fat\" \/>\n<script type=\"application\/ld+json\" class=\"yoast-schema-graph\">{\"@context\":\"https:\\\/\\\/schema.org\",\"@graph\":[{\"@type\":[\"WebPage\",\"ItemPage\"],\"@id\":\"https:\\\/\\\/thucphamtienloi.com\\\/?product=trung-kien-tay-bac\",\"url\":\"https:\\\/\\\/thucphamtienloi.com\\\/?product=trung-kien-tay-bac\",\"name\":\"Tr\u1ee9ng ki\u1ebfn T\u00e2y B\u1eafc - ch\u00ednh g\u1ed1c gi\u00e1 s\u1ed1c\",\"isPartOf\":{\"@id\":\"https:\\\/\\\/thucphamtienloi.com\\\/#website\"},\"primaryImageOfPage\":{\"@id\":\"https:\\\/\\\/thucphamtienloi.com\\\/?product=trung-kien-tay-bac#primaryimage\"},\"image\":{\"@id\":\"https:\\\/\\\/thucphamtienloi.com\\\/?product=trung-kien-tay-bac#primaryimage\"},\"thumbnailUrl\":\"https:\\\/\\\/thucphamtienloi.com\\\/wp-content\\\/uploads\\\/2024\\\/03\\\/trung-kien-1.jpg\",\"datePublished\":\"2024-03-19T07:59:14+00:00\",\"dateModified\":\"2025-10-19T16:14:07+00:00\",\"description\":\"C\u00e1c m\u00f3n \u0103n t\u1eeb Tr\u1ee9ng ki\u1ebfn mang h\u01b0\u01a1ng v\u1ecb ng\u1ecdt b\u00f9i, b\u00e9o ng\u1eady, c\u00f9ng th\u00fa vui khi \u0103n nghe ti\u1ebfp n\u1ed5 l\u00e9p b\u00e9p trong mi\u1ec7ng qu\u1ea3 khi\u1ebfn b\u1ea5t k\u1ef3 ai d\u00f9 m\u1ed9t l\u1ea7n th\u1eed qu\u1ea3 s\u1ebd c\u00f2n nh\u1edb m\u00e3i. C\u00f2n ch\u1ea7n ch\u1eeb g\u00ec n\u1eefa m\u00e0 kh\u00f4ng nhanh tay \u0111\u1eb7t h\u00e0ng m\u00f3n tr\u1ee9ng ki\u1ebfn ch\u00ednh g\u1ed1c T\u00e2y B\u1eafc\",\"breadcrumb\":{\"@id\":\"https:\\\/\\\/thucphamtienloi.com\\\/?product=trung-kien-tay-bac#breadcrumb\"},\"inLanguage\":\"vi\",\"potentialAction\":[{\"@type\":\"ReadAction\",\"target\":[\"https:\\\/\\\/thucphamtienloi.com\\\/?product=trung-kien-tay-bac\"]}]},{\"@type\":\"ImageObject\",\"inLanguage\":\"vi\",\"@id\":\"https:\\\/\\\/thucphamtienloi.com\\\/?product=trung-kien-tay-bac#primaryimage\",\"url\":\"https:\\\/\\\/thucphamtienloi.com\\\/wp-content\\\/uploads\\\/2024\\\/03\\\/trung-kien-1.jpg\",\"contentUrl\":\"https:\\\/\\\/thucphamtienloi.com\\\/wp-content\\\/uploads\\\/2024\\\/03\\\/trung-kien-1.jpg\",\"width\":600,\"height\":400},{\"@type\":\"BreadcrumbList\",\"@id\":\"https:\\\/\\\/thucphamtienloi.com\\\/?product=trung-kien-tay-bac#breadcrumb\",\"itemListElement\":[{\"@type\":\"ListItem\",\"position\":1,\"name\":\"Trang ch\u1ee7\",\"item\":\"https:\\\/\\\/thucphamtienloi.com\\\/\"},{\"@type\":\"ListItem\",\"position\":2,\"name\":\"C\u1eeda H\u00e0ng\",\"item\":\"https:\\\/\\\/thucphamtienloi.com\\\/?page_id=3334\"},{\"@type\":\"ListItem\",\"position\":3,\"name\":\"\u0110\u1eb7c S\u1ea3n Mi\u1ec1n B\u1eafc\",\"item\":\"https:\\\/\\\/thucphamtienloi.com\\\/danh-muc-san-pham\\\/dac-san-mien-bac\\\/\"},{\"@type\":\"ListItem\",\"position\":4,\"name\":\"Tr\u1ee9ng ki\u1ebfn T\u00e2y B\u1eafc\"}]},{\"@type\":\"WebSite\",\"@id\":\"https:\\\/\\\/thucphamtienloi.com\\\/#website\",\"url\":\"https:\\\/\\\/thucphamtienloi.com\\\/\",\"name\":\"Th\u1ef1c ph\u1ea9m ti\u1ec7n l\u1ee3i\",\"description\":\"\u1ea8m Th\u1ef1c Qu\u00ea H\u01b0\u01a1ng\",\"publisher\":{\"@id\":\"https:\\\/\\\/thucphamtienloi.com\\\/#organization\"},\"potentialAction\":[{\"@type\":\"SearchAction\",\"target\":{\"@type\":\"EntryPoint\",\"urlTemplate\":\"https:\\\/\\\/thucphamtienloi.com\\\/?s={search_term_string}\"},\"query-input\":{\"@type\":\"PropertyValueSpecification\",\"valueRequired\":true,\"valueName\":\"search_term_string\"}}],\"inLanguage\":\"vi\"},{\"@type\":\"Organization\",\"@id\":\"https:\\\/\\\/thucphamtienloi.com\\\/#organization\",\"name\":\"Th\u1ef1c ph\u1ea9m ti\u1ec7n l\u1ee3i\",\"url\":\"https:\\\/\\\/thucphamtienloi.com\\\/\",\"logo\":{\"@type\":\"ImageObject\",\"inLanguage\":\"vi\",\"@id\":\"https:\\\/\\\/thucphamtienloi.com\\\/#\\\/schema\\\/logo\\\/image\\\/\",\"url\":\"https:\\\/\\\/thucphamtienloi.com\\\/wp-content\\\/uploads\\\/2022\\\/07\\\/THU\u031b\u0323C-PHA\u0302\u0309M-TIE\u0323\u0302N-LO\u031b\u0323I.png\",\"contentUrl\":\"https:\\\/\\\/thucphamtienloi.com\\\/wp-content\\\/uploads\\\/2022\\\/07\\\/THU\u031b\u0323C-PHA\u0302\u0309M-TIE\u0323\u0302N-LO\u031b\u0323I.png\",\"width\":1920,\"height\":1080,\"caption\":\"Th\u1ef1c ph\u1ea9m ti\u1ec7n l\u1ee3i\"},\"image\":{\"@id\":\"https:\\\/\\\/thucphamtienloi.com\\\/#\\\/schema\\\/logo\\\/image\\\/\"}}]}<\/script>\n<!-- \/ Yoast SEO plugin. -->","yoast_head_json":{"title":"Tr\u1ee9ng ki\u1ebfn T\u00e2y B\u1eafc - ch\u00ednh g\u1ed1c gi\u00e1 s\u1ed1c","description":"C\u00e1c m\u00f3n \u0103n t\u1eeb Tr\u1ee9ng ki\u1ebfn mang h\u01b0\u01a1ng v\u1ecb ng\u1ecdt b\u00f9i, b\u00e9o ng\u1eady, c\u00f9ng th\u00fa vui khi \u0103n nghe ti\u1ebfp n\u1ed5 l\u00e9p b\u00e9p trong mi\u1ec7ng qu\u1ea3 khi\u1ebfn b\u1ea5t k\u1ef3 ai d\u00f9 m\u1ed9t l\u1ea7n th\u1eed qu\u1ea3 s\u1ebd c\u00f2n nh\u1edb m\u00e3i. C\u00f2n ch\u1ea7n ch\u1eeb g\u00ec n\u1eefa m\u00e0 kh\u00f4ng nhanh tay \u0111\u1eb7t h\u00e0ng m\u00f3n tr\u1ee9ng ki\u1ebfn ch\u00ednh g\u1ed1c T\u00e2y B\u1eafc","robots":{"index":"index","follow":"follow","max-snippet":"max-snippet:-1","max-image-preview":"max-image-preview:large","max-video-preview":"max-video-preview:-1"},"canonical":"https:\/\/thucphamtienloi.com\/?product=trung-kien-tay-bac","og_locale":"vi_VN","og_type":"article","og_title":"Tr\u1ee9ng ki\u1ebfn T\u00e2y B\u1eafc - ch\u00ednh g\u1ed1c gi\u00e1 s\u1ed1c","og_description":"C\u00e1c m\u00f3n \u0103n t\u1eeb Tr\u1ee9ng ki\u1ebfn mang h\u01b0\u01a1ng v\u1ecb ng\u1ecdt b\u00f9i, b\u00e9o ng\u1eady, c\u00f9ng th\u00fa vui khi \u0103n nghe ti\u1ebfp n\u1ed5 l\u00e9p b\u00e9p trong mi\u1ec7ng qu\u1ea3 khi\u1ebfn b\u1ea5t k\u1ef3 ai d\u00f9 m\u1ed9t l\u1ea7n th\u1eed qu\u1ea3 s\u1ebd c\u00f2n nh\u1edb m\u00e3i. C\u00f2n ch\u1ea7n ch\u1eeb g\u00ec n\u1eefa m\u00e0 kh\u00f4ng nhanh tay \u0111\u1eb7t h\u00e0ng m\u00f3n tr\u1ee9ng ki\u1ebfn ch\u00ednh g\u1ed1c T\u00e2y B\u1eafc","og_url":"https:\/\/thucphamtienloi.com\/?product=trung-kien-tay-bac","og_site_name":"\u1ea8M TH\u1ef0C BA MI\u1ec0N","article_modified_time":"2025-10-19T16:14:07+00:00","og_image":[{"width":600,"height":400,"url":"https:\/\/thucphamtienloi.com\/wp-content\/uploads\/2024\/03\/trung-kien-1.jpg","type":"image\/jpeg"}],"twitter_card":"summary_large_image","twitter_misc":{"\u01af\u1edbc t\u00ednh th\u1eddi gian \u0111\u1ecdc":"4 ph\u00fat"},"schema":{"@context":"https:\/\/schema.org","@graph":[{"@type":["WebPage","ItemPage"],"@id":"https:\/\/thucphamtienloi.com\/?product=trung-kien-tay-bac","url":"https:\/\/thucphamtienloi.com\/?product=trung-kien-tay-bac","name":"Tr\u1ee9ng ki\u1ebfn T\u00e2y B\u1eafc - ch\u00ednh g\u1ed1c gi\u00e1 s\u1ed1c","isPartOf":{"@id":"https:\/\/thucphamtienloi.com\/#website"},"primaryImageOfPage":{"@id":"https:\/\/thucphamtienloi.com\/?product=trung-kien-tay-bac#primaryimage"},"image":{"@id":"https:\/\/thucphamtienloi.com\/?product=trung-kien-tay-bac#primaryimage"},"thumbnailUrl":"https:\/\/thucphamtienloi.com\/wp-content\/uploads\/2024\/03\/trung-kien-1.jpg","datePublished":"2024-03-19T07:59:14+00:00","dateModified":"2025-10-19T16:14:07+00:00","description":"C\u00e1c m\u00f3n \u0103n t\u1eeb Tr\u1ee9ng ki\u1ebfn mang h\u01b0\u01a1ng v\u1ecb ng\u1ecdt b\u00f9i, b\u00e9o ng\u1eady, c\u00f9ng th\u00fa vui khi \u0103n nghe ti\u1ebfp n\u1ed5 l\u00e9p b\u00e9p trong mi\u1ec7ng qu\u1ea3 khi\u1ebfn b\u1ea5t k\u1ef3 ai d\u00f9 m\u1ed9t l\u1ea7n th\u1eed qu\u1ea3 s\u1ebd c\u00f2n nh\u1edb m\u00e3i. C\u00f2n ch\u1ea7n ch\u1eeb g\u00ec n\u1eefa m\u00e0 kh\u00f4ng nhanh tay \u0111\u1eb7t h\u00e0ng m\u00f3n tr\u1ee9ng ki\u1ebfn ch\u00ednh g\u1ed1c T\u00e2y B\u1eafc","breadcrumb":{"@id":"https:\/\/thucphamtienloi.com\/?product=trung-kien-tay-bac#breadcrumb"},"inLanguage":"vi","potentialAction":[{"@type":"ReadAction","target":["https:\/\/thucphamtienloi.com\/?product=trung-kien-tay-bac"]}]},{"@type":"ImageObject","inLanguage":"vi","@id":"https:\/\/thucphamtienloi.com\/?product=trung-kien-tay-bac#primaryimage","url":"https:\/\/thucphamtienloi.com\/wp-content\/uploads\/2024\/03\/trung-kien-1.jpg","contentUrl":"https:\/\/thucphamtienloi.com\/wp-content\/uploads\/2024\/03\/trung-kien-1.jpg","width":600,"height":400},{"@type":"BreadcrumbList","@id":"https:\/\/thucphamtienloi.com\/?product=trung-kien-tay-bac#breadcrumb","itemListElement":[{"@type":"ListItem","position":1,"name":"Trang ch\u1ee7","item":"https:\/\/thucphamtienloi.com\/"},{"@type":"ListItem","position":2,"name":"C\u1eeda H\u00e0ng","item":"https:\/\/thucphamtienloi.com\/?page_id=3334"},{"@type":"ListItem","position":3,"name":"\u0110\u1eb7c S\u1ea3n Mi\u1ec1n B\u1eafc","item":"https:\/\/thucphamtienloi.com\/danh-muc-san-pham\/dac-san-mien-bac\/"},{"@type":"ListItem","position":4,"name":"Tr\u1ee9ng ki\u1ebfn T\u00e2y B\u1eafc"}]},{"@type":"WebSite","@id":"https:\/\/thucphamtienloi.com\/#website","url":"https:\/\/thucphamtienloi.com\/","name":"Th\u1ef1c ph\u1ea9m ti\u1ec7n l\u1ee3i","description":"\u1ea8m Th\u1ef1c Qu\u00ea H\u01b0\u01a1ng","publisher":{"@id":"https:\/\/thucphamtienloi.com\/#organization"},"potentialAction":[{"@type":"SearchAction","target":{"@type":"EntryPoint","urlTemplate":"https:\/\/thucphamtienloi.com\/?s={search_term_string}"},"query-input":{"@type":"PropertyValueSpecification","valueRequired":true,"valueName":"search_term_string"}}],"inLanguage":"vi"},{"@type":"Organization","@id":"https:\/\/thucphamtienloi.com\/#organization","name":"Th\u1ef1c ph\u1ea9m ti\u1ec7n l\u1ee3i","url":"https:\/\/thucphamtienloi.com\/","logo":{"@type":"ImageObject","inLanguage":"vi","@id":"https:\/\/thucphamtienloi.com\/#\/schema\/logo\/image\/","url":"https:\/\/thucphamtienloi.com\/wp-content\/uploads\/2022\/07\/THU\u031b\u0323C-PHA\u0302\u0309M-TIE\u0323\u0302N-LO\u031b\u0323I.png","contentUrl":"https:\/\/thucphamtienloi.com\/wp-content\/uploads\/2022\/07\/THU\u031b\u0323C-PHA\u0302\u0309M-TIE\u0323\u0302N-LO\u031b\u0323I.png","width":1920,"height":1080,"caption":"Th\u1ef1c ph\u1ea9m ti\u1ec7n l\u1ee3i"},"image":{"@id":"https:\/\/thucphamtienloi.com\/#\/schema\/logo\/image\/"}}]}},"_links":{"self":[{"href":"https:\/\/thucphamtienloi.com\/index.php?rest_route=\/wp\/v2\/product\/3842","targetHints":{"allow":["GET"]}}],"collection":[{"href":"https:\/\/thucphamtienloi.com\/index.php?rest_route=\/wp\/v2\/product"}],"about":[{"href":"https:\/\/thucphamtienloi.com\/index.php?rest_route=\/wp\/v2\/types\/product"}],"replies":[{"embeddable":true,"href":"https:\/\/thucphamtienloi.com\/index.php?rest_route=%2Fwp%2Fv2%2Fcomments&post=3842"}],"wp:featuredmedia":[{"embeddable":true,"href":"https:\/\/thucphamtienloi.com\/index.php?rest_route=\/wp\/v2\/media\/3843"}],"wp:attachment":[{"href":"https:\/\/thucphamtienloi.com\/index.php?rest_route=%2Fwp%2Fv2%2Fmedia&parent=3842"}],"wp:term":[{"taxonomy":"product_brand","embeddable":true,"href":"https:\/\/thucphamtienloi.com\/index.php?rest_route=%2Fwp%2Fv2%2Fproduct_brand&post=3842"},{"taxonomy":"product_cat","embeddable":true,"href":"https:\/\/thucphamtienloi.com\/index.php?rest_route=%2Fwp%2Fv2%2Fproduct_cat&post=3842"},{"taxonomy":"product_tag","embeddable":true,"href":"https:\/\/thucphamtienloi.com\/index.php?rest_route=%2Fwp%2Fv2%2Fproduct_tag&post=3842"}],"curies":[{"name":"wp","href":"https:\/\/api.w.org\/{rel}","templated":true}]}}