{"id":3847,"date":"2024-03-19T09:07:25","date_gmt":"2024-03-19T09:07:25","guid":{"rendered":"https:\/\/thucphamtienloi.com\/?post_type=product&#038;p=3847"},"modified":"2025-10-19T16:14:06","modified_gmt":"2025-10-19T16:14:06","slug":"trung-chim-tri","status":"publish","type":"product","link":"https:\/\/thucphamtienloi.com\/?product=trung-chim-tri","title":{"rendered":"Tr\u1ee9ng chim tr\u0129"},"content":{"rendered":"<h1>Tr\u1ee9ng chim tr\u0129 v\u1eeba l\u00e0 th\u1ef1c ph\u1ea9m th\u01a1m ngon, l\u1ea1i c\u00f2n l\u00e0 lo\u1ea1i thu\u1ed1c b\u1ed5 qu\u00fd hi\u1ebfm t\u1eeb thi\u00ean nhi\u00ean. Tr\u1ee9ng chim tr\u0129 r\u1ea5t t\u1ed1t cho m\u1eb9 b\u1ea7u v\u00e0 tr\u1ebb nh\u1ecf, ng\u01b0\u1eddi th\u00e0nh th\u1ecb v\u00ec c\u00f3 t\u00e1c d\u1ee5ng gi\u1ea3i b\u1ee9c x\u1ea1 c\u1ef1c t\u1ed1t.<\/h1>\n<h1>Ngo\u00e0i ra tr\u1ee9ng chim tr\u0129 b\u1ed5 d\u01b0\u1ee1ng \u0111\u1ed1i v\u1edbi ng\u01b0\u1eddi m\u1edbi \u1ed1m d\u1eady mu\u1ed1n t\u0103ng c\u01b0\u1eddng s\u1ee9c kho\u1ebb, n\u00e2ng cao s\u1ee9c \u0111\u1ec1 kh\u00e1ng. Lo\u1ea1i tr\u1ee9ng n\u00e0y chuy\u00ean d\u00f9ng cho c\u00e1c b\u1ec7nh nh\u00e2n ung th\u01b0 \u0111i\u1ec1u tr\u1ecb ho\u00e1 tr\u1ecb, x\u1ea1 tr\u1ecb.<\/h1>\n<p>Qu\u1ea3 tr\u1ee9ng chim tr\u0129 nh\u1ecf nh\u01b0 qu\u1ea3 tr\u1ee9ng g\u00e0 so, l\u00f2ng \u0111\u1ecf nhi\u1ec1u h\u01a1n l\u00f2ng tr\u1eafng, v\u1ecf tr\u1ee9ng c\u00f3 nhi\u1ec1u m\u00e0u nh\u01b0 m\u00e0u x\u00e1m xanh, xanh \u0111\u1eadm, m\u00e0u n\u00e2u \u0111\u1eadm hay c\u00f3 qu\u1ea3 m\u00e0u v\u00e0ng nh\u1ea1t, c\u00f3 qu\u1ea3 ng\u1ea3 m\u00e0u h\u1ed3ng\u2026<\/p>\n<p style=\"text-align: center;\"><a href=\"https:\/\/thucphamtienloi.com\/?attachment_id=3849#main\" rel=\"attachment wp-att-3849\"><img loading=\"lazy\" decoding=\"async\" class=\"aligncenter size-medium wp-image-3849\" src=\"https:\/\/thucphamtienloi.com\/wp-content\/uploads\/2024\/03\/trung-chim-tri-537x400.jpeg\" alt=\"\" width=\"537\" height=\"400\" srcset=\"https:\/\/thucphamtienloi.com\/wp-content\/uploads\/2024\/03\/trung-chim-tri-537x400.jpeg 537w, https:\/\/thucphamtienloi.com\/wp-content\/uploads\/2024\/03\/trung-chim-tri-768x573.jpeg 768w, https:\/\/thucphamtienloi.com\/wp-content\/uploads\/2024\/03\/trung-chim-tri-510x380.jpeg 510w, https:\/\/thucphamtienloi.com\/wp-content\/uploads\/2024\/03\/trung-chim-tri.jpeg 900w\" sizes=\"auto, (max-width: 537px) 100vw, 537px\" \/><\/a><\/p>\n<p class=\"t-j\">C\u00f3 gi\u00e1 b\u00e1n tr\u00ean th\u1ecb tr\u01b0\u1eddng t\u1eeb 12.000 \u2013 18.000 \u0111\u1ed3ng\/qu\u1ea3 v\u00e0 120.000 \u2013 180.000 \u0111\u1ed3ng\/ch\u1ee5c qu\u1ea3, tr\u1ee9ng chim tr\u0129 \u0111ang l\u00e0 lo\u1ea1i tr\u1ee9ng \u0111\u01b0\u1ee3c nhi\u1ec1u b\u00e0 n\u1ed9i tr\u1ee3 \u0111\u1eb7t mua \u0111\u1ec3 t\u1ea9m b\u1ed5 cho c\u1ea3 gia \u0111\u00ecnh.<\/p>\n<p class=\"t-j\">V\u1edbi m\u1ee9c gi\u00e1 b\u00e1n n\u00e0y, tr\u1ee9ng chim tr\u0129 \u0111ang \u0111\u1eaft g\u1ea5p 5-6 l\u1ea7n so v\u1edbi tr\u1ee9ng g\u00e0 ta, v\u1eady v\u00ec l\u00fd do g\u00ec m\u00e0 d\u00f9 \u0111\u1eaft nh\u01b0ng tr\u1ee9ng chim tr\u0129 v\u1eabn \u0111\u01b0\u1ee3c nhi\u1ec1u ng\u01b0\u1eddi mua?<\/p>\n<p>H\u00e3y gh\u00e9 gian h\u00e0ng Th\u1ef1c Ph\u1ea9m Ti\u1ec7n L\u1ee3i \u0111\u1ec3 mua ch\u00ednh g\u1ed1c tr\u1ee9ng chim tr\u0129 v\u1edbi gi\u00e1 t\u1ed1t nh\u1ea5t nh\u00e9<\/p>\n<p>Qu\u00fd kh\u00e1ch c\u00f3 nhu c\u1ea7u \u0111\u1eb7t mua vui l\u00f2ng li\u00ean h\u1ec7 :<\/p>\n<p><strong>Hotline\/Zalo:<\/strong>\u00a0<strong>0987.506.349<\/strong><\/p>\n<p><strong>\u0110\u1ecba ch\u1ec9 c\u1eeda h\u00e0ng :\u00a0<\/strong><\/p>\n<p><strong>T\u1ea1i S\u00e0i G\u00f2n:<\/strong> 184 Nguy\u1ec5n Ph\u00fac Chu, P15, Q. T\u00e2n B\u00ecnh , TP HCM (vui l\u00f2ng g\u1ecdi tr\u01b0\u1edbc khi \u0111\u1ebfn)<br \/>\n<strong>T\u1ea1i H\u00e0 N\u1ed9i : <\/strong>Chung c\u01b0 349, V\u0169 T\u00f4ng Phan, Thanh Xu\u00e2n, H\u00e0 N\u1ed9i (vui l\u00f2ng g\u1ecdi tr\u01b0\u1edbc khi \u0111\u1ebfn)<\/p>\n<p><strong>Facebook:\u00a0<a href=\"https:\/\/www.facebook.com\/thucphamtienloiFB\">TH\u1ef0C PH\u1ea8M TI\u1ec6N L\u1ee2I<\/a><\/strong><\/p>\n","protected":false},"excerpt":{"rendered":"<p>Qu\u1ea3 tr\u1ee9ng chim tr\u0129 nh\u1ecf nh\u01b0 qu\u1ea3 tr\u1ee9ng g\u00e0 so, l\u00f2ng \u0111\u1ecf nhi\u1ec1u h\u01a1n l\u00f2ng tr\u1eafng, v\u1ecf tr\u1ee9ng c\u00f3 nhi\u1ec1u m\u00e0u nh\u01b0 m\u00e0u x\u00e1m xanh, xanh \u0111\u1eadm, m\u00e0u n\u00e2u \u0111\u1eadm hay c\u00f3 qu\u1ea3 m\u00e0u v\u00e0ng nh\u1ea1t, c\u00f3 qu\u1ea3 ng\u1ea3 m\u00e0u h\u1ed3ng\u2026<\/p>\n<p>Tr\u1ee9ng chim tr\u0129 v\u1eeba l\u00e0 th\u1ef1c ph\u1ea9m th\u01a1m ngon, l\u1ea1i c\u00f2n l\u00e0 lo\u1ea1i thu\u1ed1c b\u1ed5 qu\u00fd hi\u1ebfm t\u1eeb thi\u00ean nhi\u00ean. Tr\u1ee9ng chim tr\u0129 r\u1ea5t t\u1ed1t cho m\u1eb9 b\u1ea7u v\u00e0 tr\u1ebb nh\u1ecf, ng\u01b0\u1eddi th\u00e0nh th\u1ecb v\u00ec c\u00f3 t\u00e1c d\u1ee5ng gi\u1ea3i b\u1ee9c x\u1ea1 c\u1ef1c t\u1ed1t.<\/p>\n","protected":false},"featured_media":3848,"comment_status":"closed","ping_status":"closed","template":"","meta":[],"product_brand":[],"product_cat":[68,70],"product_tag":[],"class_list":{"0":"post-3847","1":"product","2":"type-product","3":"status-publish","4":"has-post-thumbnail","6":"product_cat-dac-san-mien-bac","7":"product_cat-dac-san-mien-nam","9":"first","10":"instock","11":"shipping-taxable","12":"purchasable","13":"product-type-simple"},"yoast_head":"<!-- This site is optimized with the Yoast SEO plugin v27.4 - https:\/\/yoast.com\/product\/yoast-seo-wordpress\/ -->\n<title>Tr\u1ee9ng chim tr\u0129 - ch\u00ednh g\u1ed1c gi\u00e1 s\u1ed1c<\/title>\n<meta name=\"description\" content=\"Qu\u1ea3 tr\u1ee9ng chim tr\u0129 nh\u1ecf nh\u01b0 qu\u1ea3 tr\u1ee9ng g\u00e0 so, l\u00f2ng \u0111\u1ecf nhi\u1ec1u h\u01a1n l\u00f2ng tr\u1eafng, v\u1ecf tr\u1ee9ng c\u00f3 nhi\u1ec1u m\u00e0u nh\u01b0 m\u00e0u x\u00e1m xanh, xanh \u0111\u1eadm, m\u00e0u n\u00e2u \u0111\u1eadm hay c\u00f3 qu\u1ea3 m\u00e0u v\u00e0ng nh\u1ea1t, c\u00f3 qu\u1ea3 ng\u1ea3 m\u00e0u h\u1ed3ng\" \/>\n<meta name=\"robots\" content=\"index, follow, max-snippet:-1, max-image-preview:large, max-video-preview:-1\" \/>\n<link rel=\"canonical\" href=\"https:\/\/thucphamtienloi.com\/?product=trung-chim-tri\" \/>\n<meta property=\"og:locale\" content=\"vi_VN\" \/>\n<meta property=\"og:type\" content=\"article\" \/>\n<meta property=\"og:title\" content=\"Tr\u1ee9ng chim tr\u0129 - ch\u00ednh g\u1ed1c gi\u00e1 s\u1ed1c\" \/>\n<meta property=\"og:description\" content=\"Qu\u1ea3 tr\u1ee9ng chim tr\u0129 nh\u1ecf nh\u01b0 qu\u1ea3 tr\u1ee9ng g\u00e0 so, l\u00f2ng \u0111\u1ecf nhi\u1ec1u h\u01a1n l\u00f2ng tr\u1eafng, v\u1ecf tr\u1ee9ng c\u00f3 nhi\u1ec1u m\u00e0u nh\u01b0 m\u00e0u x\u00e1m xanh, xanh \u0111\u1eadm, m\u00e0u n\u00e2u \u0111\u1eadm hay c\u00f3 qu\u1ea3 m\u00e0u v\u00e0ng nh\u1ea1t, c\u00f3 qu\u1ea3 ng\u1ea3 m\u00e0u h\u1ed3ng\" \/>\n<meta property=\"og:url\" content=\"https:\/\/thucphamtienloi.com\/?product=trung-chim-tri\" \/>\n<meta property=\"og:site_name\" content=\"\u1ea8M TH\u1ef0C BA MI\u1ec0N\" \/>\n<meta property=\"article:modified_time\" content=\"2025-10-19T16:14:06+00:00\" \/>\n<meta property=\"og:image\" content=\"https:\/\/thucphamtienloi.com\/wp-content\/uploads\/2024\/03\/trungchimtri.jpg\" \/>\n\t<meta property=\"og:image:width\" content=\"960\" \/>\n\t<meta property=\"og:image:height\" content=\"1280\" \/>\n\t<meta property=\"og:image:type\" content=\"image\/jpeg\" \/>\n<meta name=\"twitter:card\" content=\"summary_large_image\" \/>\n<meta name=\"twitter:label1\" content=\"\u01af\u1edbc t\u00ednh th\u1eddi gian \u0111\u1ecdc\" \/>\n\t<meta name=\"twitter:data1\" content=\"2 ph\u00fat\" \/>\n<script type=\"application\/ld+json\" class=\"yoast-schema-graph\">{\"@context\":\"https:\\\/\\\/schema.org\",\"@graph\":[{\"@type\":[\"WebPage\",\"ItemPage\"],\"@id\":\"https:\\\/\\\/thucphamtienloi.com\\\/?product=trung-chim-tri\",\"url\":\"https:\\\/\\\/thucphamtienloi.com\\\/?product=trung-chim-tri\",\"name\":\"Tr\u1ee9ng chim tr\u0129 - ch\u00ednh g\u1ed1c gi\u00e1 s\u1ed1c\",\"isPartOf\":{\"@id\":\"https:\\\/\\\/thucphamtienloi.com\\\/#website\"},\"primaryImageOfPage\":{\"@id\":\"https:\\\/\\\/thucphamtienloi.com\\\/?product=trung-chim-tri#primaryimage\"},\"image\":{\"@id\":\"https:\\\/\\\/thucphamtienloi.com\\\/?product=trung-chim-tri#primaryimage\"},\"thumbnailUrl\":\"https:\\\/\\\/thucphamtienloi.com\\\/wp-content\\\/uploads\\\/2024\\\/03\\\/trungchimtri.jpg\",\"datePublished\":\"2024-03-19T09:07:25+00:00\",\"dateModified\":\"2025-10-19T16:14:06+00:00\",\"description\":\"Qu\u1ea3 tr\u1ee9ng chim tr\u0129 nh\u1ecf nh\u01b0 qu\u1ea3 tr\u1ee9ng g\u00e0 so, l\u00f2ng \u0111\u1ecf nhi\u1ec1u h\u01a1n l\u00f2ng tr\u1eafng, v\u1ecf tr\u1ee9ng c\u00f3 nhi\u1ec1u m\u00e0u nh\u01b0 m\u00e0u x\u00e1m xanh, xanh \u0111\u1eadm, m\u00e0u n\u00e2u \u0111\u1eadm hay c\u00f3 qu\u1ea3 m\u00e0u v\u00e0ng nh\u1ea1t, c\u00f3 qu\u1ea3 ng\u1ea3 m\u00e0u h\u1ed3ng\",\"breadcrumb\":{\"@id\":\"https:\\\/\\\/thucphamtienloi.com\\\/?product=trung-chim-tri#breadcrumb\"},\"inLanguage\":\"vi\",\"potentialAction\":[{\"@type\":\"ReadAction\",\"target\":[\"https:\\\/\\\/thucphamtienloi.com\\\/?product=trung-chim-tri\"]}]},{\"@type\":\"ImageObject\",\"inLanguage\":\"vi\",\"@id\":\"https:\\\/\\\/thucphamtienloi.com\\\/?product=trung-chim-tri#primaryimage\",\"url\":\"https:\\\/\\\/thucphamtienloi.com\\\/wp-content\\\/uploads\\\/2024\\\/03\\\/trungchimtri.jpg\",\"contentUrl\":\"https:\\\/\\\/thucphamtienloi.com\\\/wp-content\\\/uploads\\\/2024\\\/03\\\/trungchimtri.jpg\",\"width\":960,\"height\":1280},{\"@type\":\"BreadcrumbList\",\"@id\":\"https:\\\/\\\/thucphamtienloi.com\\\/?product=trung-chim-tri#breadcrumb\",\"itemListElement\":[{\"@type\":\"ListItem\",\"position\":1,\"name\":\"Trang ch\u1ee7\",\"item\":\"https:\\\/\\\/thucphamtienloi.com\\\/\"},{\"@type\":\"ListItem\",\"position\":2,\"name\":\"C\u1eeda H\u00e0ng\",\"item\":\"https:\\\/\\\/thucphamtienloi.com\\\/?page_id=3334\"},{\"@type\":\"ListItem\",\"position\":3,\"name\":\"\u0110\u1eb7c S\u1ea3n Mi\u1ec1n B\u1eafc\",\"item\":\"https:\\\/\\\/thucphamtienloi.com\\\/danh-muc-san-pham\\\/dac-san-mien-bac\\\/\"},{\"@type\":\"ListItem\",\"position\":4,\"name\":\"Tr\u1ee9ng chim tr\u0129\"}]},{\"@type\":\"WebSite\",\"@id\":\"https:\\\/\\\/thucphamtienloi.com\\\/#website\",\"url\":\"https:\\\/\\\/thucphamtienloi.com\\\/\",\"name\":\"Th\u1ef1c ph\u1ea9m ti\u1ec7n l\u1ee3i\",\"description\":\"\u1ea8m Th\u1ef1c Qu\u00ea H\u01b0\u01a1ng\",\"publisher\":{\"@id\":\"https:\\\/\\\/thucphamtienloi.com\\\/#organization\"},\"potentialAction\":[{\"@type\":\"SearchAction\",\"target\":{\"@type\":\"EntryPoint\",\"urlTemplate\":\"https:\\\/\\\/thucphamtienloi.com\\\/?s={search_term_string}\"},\"query-input\":{\"@type\":\"PropertyValueSpecification\",\"valueRequired\":true,\"valueName\":\"search_term_string\"}}],\"inLanguage\":\"vi\"},{\"@type\":\"Organization\",\"@id\":\"https:\\\/\\\/thucphamtienloi.com\\\/#organization\",\"name\":\"Th\u1ef1c ph\u1ea9m ti\u1ec7n l\u1ee3i\",\"url\":\"https:\\\/\\\/thucphamtienloi.com\\\/\",\"logo\":{\"@type\":\"ImageObject\",\"inLanguage\":\"vi\",\"@id\":\"https:\\\/\\\/thucphamtienloi.com\\\/#\\\/schema\\\/logo\\\/image\\\/\",\"url\":\"https:\\\/\\\/thucphamtienloi.com\\\/wp-content\\\/uploads\\\/2022\\\/07\\\/THU\u031b\u0323C-PHA\u0302\u0309M-TIE\u0323\u0302N-LO\u031b\u0323I.png\",\"contentUrl\":\"https:\\\/\\\/thucphamtienloi.com\\\/wp-content\\\/uploads\\\/2022\\\/07\\\/THU\u031b\u0323C-PHA\u0302\u0309M-TIE\u0323\u0302N-LO\u031b\u0323I.png\",\"width\":1920,\"height\":1080,\"caption\":\"Th\u1ef1c ph\u1ea9m ti\u1ec7n l\u1ee3i\"},\"image\":{\"@id\":\"https:\\\/\\\/thucphamtienloi.com\\\/#\\\/schema\\\/logo\\\/image\\\/\"}}]}<\/script>\n<!-- \/ Yoast SEO plugin. -->","yoast_head_json":{"title":"Tr\u1ee9ng chim tr\u0129 - ch\u00ednh g\u1ed1c gi\u00e1 s\u1ed1c","description":"Qu\u1ea3 tr\u1ee9ng chim tr\u0129 nh\u1ecf nh\u01b0 qu\u1ea3 tr\u1ee9ng g\u00e0 so, l\u00f2ng \u0111\u1ecf nhi\u1ec1u h\u01a1n l\u00f2ng tr\u1eafng, v\u1ecf tr\u1ee9ng c\u00f3 nhi\u1ec1u m\u00e0u nh\u01b0 m\u00e0u x\u00e1m xanh, xanh \u0111\u1eadm, m\u00e0u n\u00e2u \u0111\u1eadm hay c\u00f3 qu\u1ea3 m\u00e0u v\u00e0ng nh\u1ea1t, c\u00f3 qu\u1ea3 ng\u1ea3 m\u00e0u h\u1ed3ng","robots":{"index":"index","follow":"follow","max-snippet":"max-snippet:-1","max-image-preview":"max-image-preview:large","max-video-preview":"max-video-preview:-1"},"canonical":"https:\/\/thucphamtienloi.com\/?product=trung-chim-tri","og_locale":"vi_VN","og_type":"article","og_title":"Tr\u1ee9ng chim tr\u0129 - ch\u00ednh g\u1ed1c gi\u00e1 s\u1ed1c","og_description":"Qu\u1ea3 tr\u1ee9ng chim tr\u0129 nh\u1ecf nh\u01b0 qu\u1ea3 tr\u1ee9ng g\u00e0 so, l\u00f2ng \u0111\u1ecf nhi\u1ec1u h\u01a1n l\u00f2ng tr\u1eafng, v\u1ecf tr\u1ee9ng c\u00f3 nhi\u1ec1u m\u00e0u nh\u01b0 m\u00e0u x\u00e1m xanh, xanh \u0111\u1eadm, m\u00e0u n\u00e2u \u0111\u1eadm hay c\u00f3 qu\u1ea3 m\u00e0u v\u00e0ng nh\u1ea1t, c\u00f3 qu\u1ea3 ng\u1ea3 m\u00e0u h\u1ed3ng","og_url":"https:\/\/thucphamtienloi.com\/?product=trung-chim-tri","og_site_name":"\u1ea8M TH\u1ef0C BA MI\u1ec0N","article_modified_time":"2025-10-19T16:14:06+00:00","og_image":[{"width":960,"height":1280,"url":"https:\/\/thucphamtienloi.com\/wp-content\/uploads\/2024\/03\/trungchimtri.jpg","type":"image\/jpeg"}],"twitter_card":"summary_large_image","twitter_misc":{"\u01af\u1edbc t\u00ednh th\u1eddi gian \u0111\u1ecdc":"2 ph\u00fat"},"schema":{"@context":"https:\/\/schema.org","@graph":[{"@type":["WebPage","ItemPage"],"@id":"https:\/\/thucphamtienloi.com\/?product=trung-chim-tri","url":"https:\/\/thucphamtienloi.com\/?product=trung-chim-tri","name":"Tr\u1ee9ng chim tr\u0129 - ch\u00ednh g\u1ed1c gi\u00e1 s\u1ed1c","isPartOf":{"@id":"https:\/\/thucphamtienloi.com\/#website"},"primaryImageOfPage":{"@id":"https:\/\/thucphamtienloi.com\/?product=trung-chim-tri#primaryimage"},"image":{"@id":"https:\/\/thucphamtienloi.com\/?product=trung-chim-tri#primaryimage"},"thumbnailUrl":"https:\/\/thucphamtienloi.com\/wp-content\/uploads\/2024\/03\/trungchimtri.jpg","datePublished":"2024-03-19T09:07:25+00:00","dateModified":"2025-10-19T16:14:06+00:00","description":"Qu\u1ea3 tr\u1ee9ng chim tr\u0129 nh\u1ecf nh\u01b0 qu\u1ea3 tr\u1ee9ng g\u00e0 so, l\u00f2ng \u0111\u1ecf nhi\u1ec1u h\u01a1n l\u00f2ng tr\u1eafng, v\u1ecf tr\u1ee9ng c\u00f3 nhi\u1ec1u m\u00e0u nh\u01b0 m\u00e0u x\u00e1m xanh, xanh \u0111\u1eadm, m\u00e0u n\u00e2u \u0111\u1eadm hay c\u00f3 qu\u1ea3 m\u00e0u v\u00e0ng nh\u1ea1t, c\u00f3 qu\u1ea3 ng\u1ea3 m\u00e0u h\u1ed3ng","breadcrumb":{"@id":"https:\/\/thucphamtienloi.com\/?product=trung-chim-tri#breadcrumb"},"inLanguage":"vi","potentialAction":[{"@type":"ReadAction","target":["https:\/\/thucphamtienloi.com\/?product=trung-chim-tri"]}]},{"@type":"ImageObject","inLanguage":"vi","@id":"https:\/\/thucphamtienloi.com\/?product=trung-chim-tri#primaryimage","url":"https:\/\/thucphamtienloi.com\/wp-content\/uploads\/2024\/03\/trungchimtri.jpg","contentUrl":"https:\/\/thucphamtienloi.com\/wp-content\/uploads\/2024\/03\/trungchimtri.jpg","width":960,"height":1280},{"@type":"BreadcrumbList","@id":"https:\/\/thucphamtienloi.com\/?product=trung-chim-tri#breadcrumb","itemListElement":[{"@type":"ListItem","position":1,"name":"Trang ch\u1ee7","item":"https:\/\/thucphamtienloi.com\/"},{"@type":"ListItem","position":2,"name":"C\u1eeda H\u00e0ng","item":"https:\/\/thucphamtienloi.com\/?page_id=3334"},{"@type":"ListItem","position":3,"name":"\u0110\u1eb7c S\u1ea3n Mi\u1ec1n B\u1eafc","item":"https:\/\/thucphamtienloi.com\/danh-muc-san-pham\/dac-san-mien-bac\/"},{"@type":"ListItem","position":4,"name":"Tr\u1ee9ng chim tr\u0129"}]},{"@type":"WebSite","@id":"https:\/\/thucphamtienloi.com\/#website","url":"https:\/\/thucphamtienloi.com\/","name":"Th\u1ef1c ph\u1ea9m ti\u1ec7n l\u1ee3i","description":"\u1ea8m Th\u1ef1c Qu\u00ea H\u01b0\u01a1ng","publisher":{"@id":"https:\/\/thucphamtienloi.com\/#organization"},"potentialAction":[{"@type":"SearchAction","target":{"@type":"EntryPoint","urlTemplate":"https:\/\/thucphamtienloi.com\/?s={search_term_string}"},"query-input":{"@type":"PropertyValueSpecification","valueRequired":true,"valueName":"search_term_string"}}],"inLanguage":"vi"},{"@type":"Organization","@id":"https:\/\/thucphamtienloi.com\/#organization","name":"Th\u1ef1c ph\u1ea9m ti\u1ec7n l\u1ee3i","url":"https:\/\/thucphamtienloi.com\/","logo":{"@type":"ImageObject","inLanguage":"vi","@id":"https:\/\/thucphamtienloi.com\/#\/schema\/logo\/image\/","url":"https:\/\/thucphamtienloi.com\/wp-content\/uploads\/2022\/07\/THU\u031b\u0323C-PHA\u0302\u0309M-TIE\u0323\u0302N-LO\u031b\u0323I.png","contentUrl":"https:\/\/thucphamtienloi.com\/wp-content\/uploads\/2022\/07\/THU\u031b\u0323C-PHA\u0302\u0309M-TIE\u0323\u0302N-LO\u031b\u0323I.png","width":1920,"height":1080,"caption":"Th\u1ef1c ph\u1ea9m ti\u1ec7n l\u1ee3i"},"image":{"@id":"https:\/\/thucphamtienloi.com\/#\/schema\/logo\/image\/"}}]}},"_links":{"self":[{"href":"https:\/\/thucphamtienloi.com\/index.php?rest_route=\/wp\/v2\/product\/3847","targetHints":{"allow":["GET"]}}],"collection":[{"href":"https:\/\/thucphamtienloi.com\/index.php?rest_route=\/wp\/v2\/product"}],"about":[{"href":"https:\/\/thucphamtienloi.com\/index.php?rest_route=\/wp\/v2\/types\/product"}],"replies":[{"embeddable":true,"href":"https:\/\/thucphamtienloi.com\/index.php?rest_route=%2Fwp%2Fv2%2Fcomments&post=3847"}],"wp:featuredmedia":[{"embeddable":true,"href":"https:\/\/thucphamtienloi.com\/index.php?rest_route=\/wp\/v2\/media\/3848"}],"wp:attachment":[{"href":"https:\/\/thucphamtienloi.com\/index.php?rest_route=%2Fwp%2Fv2%2Fmedia&parent=3847"}],"wp:term":[{"taxonomy":"product_brand","embeddable":true,"href":"https:\/\/thucphamtienloi.com\/index.php?rest_route=%2Fwp%2Fv2%2Fproduct_brand&post=3847"},{"taxonomy":"product_cat","embeddable":true,"href":"https:\/\/thucphamtienloi.com\/index.php?rest_route=%2Fwp%2Fv2%2Fproduct_cat&post=3847"},{"taxonomy":"product_tag","embeddable":true,"href":"https:\/\/thucphamtienloi.com\/index.php?rest_route=%2Fwp%2Fv2%2Fproduct_tag&post=3847"}],"curies":[{"name":"wp","href":"https:\/\/api.w.org\/{rel}","templated":true}]}}