{"id":425,"date":"2020-05-26T22:52:40","date_gmt":"2020-05-26T22:52:40","guid":{"rendered":"http:\/\/thucphamtienloi.com\/?post_type=product&#038;p=425"},"modified":"2026-04-15T05:37:39","modified_gmt":"2026-04-15T05:37:39","slug":"chan-ga-dong-tao","status":"publish","type":"product","link":"https:\/\/thucphamtienloi.com\/?product=chan-ga-dong-tao","title":{"rendered":"Ch\u00e2n G\u00e0 \u0110\u00f4ng T\u1ea3o Ch\u00ednh G\u1ed1c &#8211; S\u1ec9 &#038; L\u1ebb to\u00e0n qu\u1ed1c &#8211; t\u1eeb 350k\/kg"},"content":{"rendered":"<p>Ch\u00e2n g\u00e0 \u0111\u00f4ng t\u1ea3o v\u1edbi k\u00edch c\u1ee1 kh\u1ed5ng l\u1ed3, x\u00f9 x\u00ec v\u1eabn \u0111ang l\u00e0 m\u1eb7t h\u00e0ng b\u00e1n ch\u1ea1y nh\u1ea5t t\u1ea1i <a href=\"https:\/\/thucphamtienloi.com\/\" target=\"_blank\" rel=\"noopener noreferrer\"><strong>Th\u1ef1c Ph\u1ea9m Ti\u1ec7n L\u1ee3i<\/strong><\/a>. Ch\u00e2n g\u00e0 \u0111\u01b0\u1ee3c ch\u00fang t\u00f4i gom l\u1ea1i t\u1eeb c\u00e1c nh\u00e0 h\u00e0ng b\u00e1n th\u1ecbt g\u00e0 \u0111\u00f4ng t\u1ea3o. Ch\u00ednh v\u00ec v\u1eady kh\u00f4ng ph\u1ea3i l\u00fac n\u00e0o c\u0169ng s\u1eb5n h\u00e0ng. Qu\u00fd kh\u00e1ch \u0111\u1eb7t mua vui l\u00f2ng \u0111\u1eb7t tr\u01b0\u1edbc \u0111\u1ec3 \u0111\u01b0\u1ee3c ph\u1ee5c v\u1ee5 t\u1ed1t nh\u1ea5t.<\/p>\n<p><strong>Hotline \u0111\u1eb7t h\u00e0ng: <span style=\"color: #ed1c24;\">0987.506.349<\/span><\/strong><\/p>\n<p>Khi nh\u1eafc t\u1edbi c\u00e1c gi\u1ed1ng g\u00e0 qu\u00fd \u1edf Vi\u1ec7t Nam th\u00ec kh\u00f4ng ai kh\u00f4ng bi\u1ebft v\u1ec1 gi\u1ed1ng g\u00e0 \u0111\u01b0\u1ee3c g\u1ecdi v\u1edbi c\u00e1i t\u00ean \u201cg\u00e0 &#8220;ch\u00e2n to&#8221;\u201d xu\u1ea5t x\u1ee9 t\u1eeb l\u00e0ng \u0110\u00f4ng T\u1ea3o, huy\u1ec7n Kho\u00e1i Ch\u00e2u, t\u1ec9nh H\u01b0ng Y\u00ean. T\u1eeb xa x\u01b0a, \u0111\u00e2y \u0111\u01b0\u1ee3c coi l\u00e0 gi\u1ed1ng g\u00e0 thu\u1ea7n ch\u1ee7ng qu\u00fd hi\u1ebfm, h\u00e0ng n\u0103m \u0111\u1ec1u \u0111\u01b0\u1ee3c d\u00f9ng l\u00e0m \u0111\u1ed3 c\u00fang ti\u1ebfn cho vua ch\u00faa. Hi\u1ec7n nay gi\u1ed1ng g\u00e0 n\u00e0y \u0111\u01b0\u1ee3c coi l\u00e0 qu\u00fd hi\u1ebfm v\u00e0 \u0111ang \u0111\u01b0\u1ee3c nh\u00e0 n\u01b0\u1edbc b\u1ea3o t\u1ed3n ngu\u1ed3n gen nh\u1eb1m duy tr\u00ec v\u00e0 ph\u00e1t tri\u1ec3n gi\u1ed1ng g\u00e0 qu\u00fd thu\u1ea7n ch\u1ee7ng \u0111\u1ed9c nh\u1ea5t n\u00e0y.<\/p>\n<p><img loading=\"lazy\" decoding=\"async\" class=\"aligncenter wp-image-883\" src=\"https:\/\/thucphamtienloi.com\/wp-content\/uploads\/2020\/05\/ga-dong-tao.jpg\" alt=\"ga-dong-tao\" width=\"600\" height=\"449\" \/><\/p>\n<p>Theo nh\u1eefng ng\u01b0\u1eddi nu\u00f4i g\u00e0 l\u00e2u n\u0103m th\u00ec gi\u1ed1ng g\u00e0 n\u00e0y \u0111\u1eaft nh\u1ea5t \u1edf \u0111\u00f4i ch\u00e2n. C\u00f3 nh\u1eefng c\u1eb7p ch\u00e2n kh\u1ee7ng \u0111\u00e3 \u0111\u01b0\u1ee3c b\u00e1n t\u1edbi c\u1ea3 ch\u1ee5c tri\u1ec7u \u0111\u1ed3ng. \u0110a ph\u1ea7n ng\u01b0\u1eddi mua ch\u00e2n g\u00e0 v\u1ec1 \u0111\u1ec3 ch\u1ebf bi\u1ebfn m\u1ed9t s\u1ed1 m\u00f3n \u0103n c\u00f3 t\u00e1c d\u1ee5ng ch\u1eefa b\u1ec7nh .<\/p>\n<figure id=\"attachment_884\" aria-describedby=\"caption-attachment-884\" style=\"width: 600px\" class=\"wp-caption aligncenter\"><img loading=\"lazy\" decoding=\"async\" class=\"wp-image-884\" src=\"https:\/\/thucphamtienloi.com\/wp-content\/uploads\/2020\/05\/chan-ga-dong-tao-300x400.jpg\" alt=\"chan-ga-dong-tao-size -to\" width=\"600\" height=\"800\" srcset=\"https:\/\/thucphamtienloi.com\/wp-content\/uploads\/2020\/05\/chan-ga-dong-tao-300x400.jpg 300w, https:\/\/thucphamtienloi.com\/wp-content\/uploads\/2020\/05\/chan-ga-dong-tao-510x680.jpg 510w, https:\/\/thucphamtienloi.com\/wp-content\/uploads\/2020\/05\/chan-ga-dong-tao-600x800.jpg 600w, https:\/\/thucphamtienloi.com\/wp-content\/uploads\/2020\/05\/chan-ga-dong-tao-768x1024.jpg 768w, https:\/\/thucphamtienloi.com\/wp-content\/uploads\/2020\/05\/chan-ga-dong-tao.jpg 960w\" sizes=\"auto, (max-width: 600px) 100vw, 600px\" \/><figcaption id=\"caption-attachment-884\" class=\"wp-caption-text\">C\u1eb7p ch\u00e2n kh\u1ee7ng c\u1ef1c hi\u1ebfm<\/figcaption><\/figure>\n<p>Theo \u0111\u00f4ng y ch\u00e2n ga\u0300 co\u0301 ta\u0301c du\u0323ng ch\u01b0\u0303a: tre\u0309 ch\u00e2\u0323m bi\u00ea\u0301t \u0111i, ch\u00e2\u0323m mo\u0323c r\u0103ng; ng\u01b0\u01a1\u0300i ch\u00e2n tay run, y\u00ea\u0301u sinh ly\u0301, ke\u0301m \u0103n, \u0111i kh\u00f4ng v\u01b0\u0303ng, m\u00ea\u0323t mo\u0309i; phu\u0323 n\u01b0\u0303 ng\u01b0\u0323c le\u0301p, da kh\u00f4. C\u1ea5u t\u1ea1o c\u1ee7a c\u0103\u0309ng ch\u00e2n ga\u0300 g\u1ed3m 1 x\u01b0\u01a1ng c\u0103\u0309ng ch\u00e2n va\u0300 7 &#8211; 10 x\u01b0\u01a1ng t\u0103m b\u00f3 ch\u1eb7t l\u1ea5y x\u01b0\u01a1ng c\u0103\u0309ng ch\u00e2n; phi\u0301a tr\u01b0\u01a1\u0301c x\u01b0\u01a1ng c\u0103\u0309ng ch\u00e2n co\u0301 1 &#8211; 2 x\u01b0\u01a1ng t\u0103m; phi\u0301a sau x\u01b0\u01a1ng c\u0103\u0309ng ch\u00e2n co\u0301 6 &#8211; 8 x\u01b0\u01a1ng t\u0103m.<\/p>\n<h2><strong>M\u1ed9t s\u1ed1 m\u00f3n \u0103n c\u00f3 t\u00e1c d\u1ee5ng ch\u1eefa b\u1ec7nh t\u1eeb ch\u00e2n g\u00e0 \u0111\u00f4ng t\u1ea3o<\/strong><\/h2>\n<h3><strong>Ba\u0300i thu\u00f4\u0301c h\u1ed7 tr\u1ee3 ch\u01b0\u0301ng ch\u00e2n tay run r\u00e2\u0309y \u0111i kh\u00f4ng v\u01b0\u0303ng<\/strong><\/h3>\n<ul>\n<li>Ch\u00e2n G\u00e0 \u0110\u00f4ng t\u1ea3o v\u1ea3y r\u1ed3ng \u0111\u00e3 \u0111\u01b0\u1ee3c h\u1ea7m v\u1edbi l\u1ea1c nh\u00e2n nh\u01b0 tr\u00ean chia l\u00e0m 3 ph\u1ea7n. C\u00e1c vi\u0323 thu\u00f4\u0301c tha\u0323ch x\u01b0\u01a1ng b\u00f4\u0300 8g, ngu\u0303 gia bi\u0300 8g (ca\u0301c vi\u0323 thu\u00f4\u0301c \u0111a\u0303 la\u0300m tha\u0300nh ma\u0309nh vu\u0323n ng\u00e2m trong 300mm1 n\u01b0\u01a1\u0301c no\u0301ng 80oC gi\u01b0\u0303 \u00e2\u0301m trong 4 &#8211; 5 gi\u01a1\u0300, sau \u0111o\u0301 \u0111un s\u00f4i nho\u0309 l\u01b0\u0309a 15 phu\u0301t)<\/li>\n<li>Ga\u0323n l\u00e2\u0301y n\u01b0\u01a1\u0301c, bo\u0309 ba\u0303, sau \u0111o\u0301 cho 1\/3 ch\u00e2n G\u00e0 \u0110\u00f4ng t\u1ea3o \u0111a\u0303 h\u00e2\u0300m va\u0300 collagen va\u0300o s\u0103\u0301c ti\u00ea\u0301p 15 phu\u0301t la\u0300 \u0111\u01b0\u01a1\u0323c).<\/li>\n<li>Chia la\u0300m 2 l\u00e2\u0300n \u0103n trong nga\u0300y. Li\u00ea\u0323u tri\u0300nh 60 nga\u0300y n\u00ea\u0301u chuy\u00ea\u0309n bi\u00ea\u0301n t\u00f4\u0301t thi\u0300 du\u0300ng ti\u00ea\u0301p \u0111\u00ea\u0301n khi kho\u0309i<\/li>\n<\/ul>\n<p><img loading=\"lazy\" decoding=\"async\" class=\"aligncenter wp-image-885\" src=\"https:\/\/thucphamtienloi.com\/wp-content\/uploads\/2020\/05\/chan-ga-ham-thuoc-bac-711x400.jpg\" alt=\"bai-thuoc-tu-chan-ga\" width=\"600\" height=\"338\" srcset=\"https:\/\/thucphamtienloi.com\/wp-content\/uploads\/2020\/05\/chan-ga-ham-thuoc-bac-711x400.jpg 711w, https:\/\/thucphamtienloi.com\/wp-content\/uploads\/2020\/05\/chan-ga-ham-thuoc-bac-510x287.jpg 510w, https:\/\/thucphamtienloi.com\/wp-content\/uploads\/2020\/05\/chan-ga-ham-thuoc-bac-768x432.jpg 768w, https:\/\/thucphamtienloi.com\/wp-content\/uploads\/2020\/05\/chan-ga-ham-thuoc-bac-600x338.jpg 600w, https:\/\/thucphamtienloi.com\/wp-content\/uploads\/2020\/05\/chan-ga-ham-thuoc-bac.jpg 1280w\" sizes=\"auto, (max-width: 600px) 100vw, 600px\" \/><\/p>\n<h3><strong>Ba\u0300i thu\u00f4\u0301c h\u1ed7 tr\u1ee3 ch\u01b0\u0303a ch\u01b0\u0301ng \u0111au l\u01b0ng, \u0111au c\u00f4\u0309, \u0111au quanh kh\u01a1\u0301p vai, thoa\u0301t vi\u0323 \u0111i\u0303a \u0111\u00ea\u0323m, \u0111au th\u00e2\u0300n kinh to\u0323a do thoa\u0301i ho\u0301a c\u00f4\u0323t s\u00f4\u0301ng<\/strong><\/h3>\n<ul>\n<li>1\/3 ch\u00e2n G\u00e0 \u0110\u00f4ng t\u1ea3o v\u1ea3y r\u1ed3ng \u0111\u00e3 \u0111\u01b0\u1ee3c h\u1ea7m v\u1edbi l\u1ea1c nh\u00e2n nh\u01b0 tr\u00ean. S\u0103\u0301c ca\u0301c vi\u0323 thu\u00f4\u0301c \u0111\u00f4\u0303 tro\u0323ng b\u0103\u0301c 10g, ng\u01b0u t\u00e2\u0301t 10g, ta\u0301o ta\u0300u 10g (ng\u00e2m ng\u01b0u t\u00e2\u0301t, \u0111\u00f4\u0303 tro\u0323ng \u0111a\u0303 la\u0300m tha\u0300nh ma\u0309nh vu\u0323n trong 500ml n\u01b0\u01a1\u0301c no\u0301ng 80oC gi\u01b0\u0303 \u00e2\u0301m trong 5 gi\u01a1\u0300, sau \u0111o\u0301 \u0111un s\u00f4i nho\u0309 l\u01b0\u0309a 30 phu\u0301t;<\/li>\n<li>Ga\u0323n l\u00e2\u0301y n\u01b0\u01a1\u0301c, bo\u0309 ba\u0303, cho 1\/3 ch\u00e2n G\u00e0 \u0110\u00f4ng t\u1ea3o\u0111a\u0303 h\u00e2\u0300m va\u0300 collagen cu\u0300ng v\u01a1\u0301i ta\u0301o ta\u0300u \u0111a\u0303 c\u0103\u0301t nho\u0309 va\u0300o s\u0103\u0301c ti\u00ea\u0301p 30 phu\u0301t la\u0300 \u0111\u01b0\u01a1\u0323c) chia la\u0300m 2 l\u00e2\u0300n \u0103n trong nga\u0300y. Li\u00ea\u0323u tri\u0300nh 30 nga\u0300y, n\u00ea\u0301u chuy\u00ea\u0309n bi\u00ea\u0301n t\u00f4\u0301t thi\u0300 du\u0300ng ti\u00ea\u0301p \u0111\u00ea\u0301n khi kho\u0309i.<\/li>\n<\/ul>\n<p>Ngo\u00e0i ra x\u01b0\u01a1ng ch\u00e2n c\u1ee7a g\u00e0 \u0111\u00f4ng t\u1ea3o c\u00f2n ph\u1ed1i h\u1ee3p v\u1edbi nh\u1eefng v\u1ecb thu\u1ed1c b\u1eafc \u0111em n\u1ea5u th\u00e0nh cao, d\u00f9ng r\u1ea5t t\u1ed1t cho nh\u1eefng ch\u1ee9ng b\u1ec7nh h\u01b0 nh\u01b0\u1ee3c c\u01a1 th\u1ec3, k\u00e9m \u0103n, m\u1ec7t m\u1ecfi, \u0111au l\u01b0ng, m\u1ea5t ng\u1ee7, sinh l\u00fd y\u1ebfu, b\u1ea1ch \u0111\u1edbi, b\u0103ng huy\u1ebft, ki\u1ebft l\u1ef5, m\u1ed3 h\u00f4i tr\u1ed9m.<\/p>\n<p>Nh\u1eefng ng\u01b0\u1eddi co\u0301 b\u00ea\u0323nh m\u01a1\u0303 ma\u0301u, gan nhi\u1ec5m m\u1ee1 kh\u00f4ng n\u00ean \u0103n nhi\u1ec1u ch\u00e2n g\u00e0.<\/p>\n<p>Ng\u01b0\u01a1\u0300i \u0111ang bi\u0323 ti\u00eau cha\u0309y kh\u00f4ng du\u0300ng c\u00e1c b\u00e0i thu\u1ed1c ch\u1ebf bi\u1ebfn t\u1eeb ch\u00e2n ga\u0300.<\/p>\n<h2><strong>\u0110\u1ecba ch\u1ec9 mua ch\u00e2n g\u00e0 \u0111\u00f4ng t\u1ea3o \u1edf \u0111\u00e2u S\u00e0i G\u00f2n v\u00e0 Tp HCM?<\/strong><\/h2>\n<p>Lo\u1ea1i ch\u00e2n to kh\u1ed5ng l\u1ed3 n\u00e0y \u0111\u01b0\u1ee3c coi l\u00e0 m\u1eb7t h\u00e0ng hi\u1ebfm t\u1ea1i khu v\u1ef1c S\u00e0i G\u00f2n v\u00e0 Ph\u00eda Nam. \u0110\u1ec3 tr\u00e1nh mua ph\u1ea3i ch\u00e2n g\u00e0 kh\u00f4ng r\u00f5 ngu\u1ed3n g\u1ed1c, qu\u00fd kh\u00e1ch h\u00e3y \u0111\u1ebfn v\u1edbi <a href=\"https:\/\/thucphamtienloi.com\/\" target=\"_blank\" rel=\"noopener noreferrer\"><strong>Th\u1ef1c Ph\u1ea9m Ti\u1ec7n L\u1ee3i<\/strong><\/a> . Ch\u00fang t\u00f4i \u0111\u1ea3m b\u1ea3o 100% ch\u00e2n g\u00e0 cung c\u1ea5p \u0111\u1ec1u l\u00e0 ch\u00e2n g\u00e0 \u0111\u00f4ng t\u1ea3o.<\/p>\n<p>Li\u00ean h\u1ec7 xem ch\u00e2n g\u00e0 tr\u01b0\u1edbc<\/p>\n<p><strong>Hotline:<\/strong>\u00a0<strong class=\"uppercase\">0987.506.349<\/strong><\/p>\n<p><strong>\u0110\u1ecba Ch\u1ec9 :<\/strong>\u00a0184\/17 Nguy\u1ec5n Ph\u00fac Chu, P15, Q. T\u00e2n B\u00ecnh , TP HCM (<strong>vui l\u00f2ng g\u1ecdi tr\u01b0\u1edbc khi \u0111\u1ebfn<\/strong>)<br \/>\n<strong>Facebook: <a href=\"https:\/\/www.facebook.com\/thucphamtienloiFB\">TH\u1ef0C PH\u1ea8M TI\u1ec6N L\u1ee2I<\/a><\/strong><\/p>\n","protected":false},"excerpt":{"rendered":"<p>\u00a0Ch\u00e2n g\u00e0 \u0111\u00f4ng t\u1ea3o v\u1edbi k\u00edch c\u1ee1 kh\u1ed5ng l\u1ed3, x\u00f9 x\u00ec v\u1eabn \u0111ang l\u00e0 m\u1eb7t h\u00e0ng b\u00e1n ch\u1ea1y nh\u1ea5t t\u1ea1i <a href=\"https:\/\/thucphamtienloi.com\/\" target=\"_blank\" rel=\"noopener noreferrer\"><strong>Th\u1ef1c Ph\u1ea9m Ti\u1ec7n L\u1ee3i<\/strong><\/a>. Ch\u00e2n g\u00e0 \u0111\u01b0\u1ee3c ch\u00fang t\u00f4i gom l\u1ea1i t\u1eeb c\u00e1c nh\u00e0 h\u00e0ng b\u00e1n th\u1ecbt g\u00e0 \u0111\u00f4ng t\u1ea3o. Ch\u00ednh v\u00ec v\u1eady kh\u00f4ng ph\u1ea3i l\u00fac n\u00e0o c\u0169ng s\u1eb5n h\u00e0ng. Qu\u00fd kh\u00e1ch \u0111\u1eb7t mua vui l\u00f2ng \u0111\u1eb7t tr\u01b0\u1edbc \u0111\u1ec3 \u0111\u01b0\u1ee3c ph\u1ee5c v\u1ee5 t\u1ed1t nh\u1ea5t.<\/p>\n","protected":false},"featured_media":2286,"comment_status":"closed","ping_status":"closed","template":"","meta":[],"product_brand":[],"product_cat":[68],"product_tag":[1033,254,255,256,257,258],"class_list":{"0":"post-425","1":"product","2":"type-product","3":"status-publish","4":"has-post-thumbnail","6":"product_cat-dac-san-mien-bac","7":"product_tag-chan-ga-dong-tao-chinh-goc","8":"product_tag-chan-ga-dong-tao","9":"product_tag-chan-ga-dong-tao-tai-sai-gon","10":"product_tag-chan-ga-dong-tao-tai-tp-hcm","11":"product_tag-chan-ga-dong-tao-go-vap","12":"product_tag-chan-ga-dong-tao-tan-binh","14":"first","15":"instock","16":"featured","17":"shipping-taxable","18":"purchasable","19":"product-type-simple"},"yoast_head":"<!-- This site is optimized with the Yoast SEO plugin v27.4 - https:\/\/yoast.com\/product\/yoast-seo-wordpress\/ -->\n<title>Ch\u00e2n G\u00e0 \u0110\u00f4ng T\u1ea3o Ch\u00ednh G\u1ed1c - S\u1ec9 &amp; L\u1ebb to\u00e0n qu\u1ed1c - t\u1eeb 350k\/kg<\/title>\n<meta name=\"description\" content=\"\u0110\u1ec3 tr\u00e1nh mua ph\u1ea3i ch\u00e2n g\u00e0 kh\u00f4ng r\u00f5 ngu\u1ed3n g\u1ed1c, qu\u00fd kh\u00e1ch h\u00e3y \u0111\u1ebfn v\u1edbi Th\u1ef1c Ph\u1ea9m Ti\u1ec7n L\u1ee3i \u0111\u1ec3 mua \u0111\u01b0\u1ee3c 100% ch\u00e2n g\u00e0 \u0111\u00f4ng t\u1ea3o x\u1ecbn\" \/>\n<meta name=\"robots\" content=\"index, follow, max-snippet:-1, max-image-preview:large, max-video-preview:-1\" \/>\n<link rel=\"canonical\" href=\"https:\/\/thucphamtienloi.com\/?product=chan-ga-dong-tao\" \/>\n<meta property=\"og:locale\" content=\"vi_VN\" \/>\n<meta property=\"og:type\" content=\"article\" \/>\n<meta property=\"og:title\" content=\"Ch\u00e2n G\u00e0 \u0110\u00f4ng T\u1ea3o Ch\u00ednh G\u1ed1c - S\u1ec9 &amp; L\u1ebb to\u00e0n qu\u1ed1c - t\u1eeb 350k\/kg\" \/>\n<meta property=\"og:description\" content=\"\u0110\u1ec3 tr\u00e1nh mua ph\u1ea3i ch\u00e2n g\u00e0 kh\u00f4ng r\u00f5 ngu\u1ed3n g\u1ed1c, qu\u00fd kh\u00e1ch h\u00e3y \u0111\u1ebfn v\u1edbi Th\u1ef1c Ph\u1ea9m Ti\u1ec7n L\u1ee3i \u0111\u1ec3 mua \u0111\u01b0\u1ee3c 100% ch\u00e2n g\u00e0 \u0111\u00f4ng t\u1ea3o x\u1ecbn\" \/>\n<meta property=\"og:url\" content=\"https:\/\/thucphamtienloi.com\/?product=chan-ga-dong-tao\" \/>\n<meta property=\"og:site_name\" content=\"\u1ea8M TH\u1ef0C BA MI\u1ec0N\" \/>\n<meta property=\"article:modified_time\" content=\"2026-04-15T05:37:39+00:00\" \/>\n<meta property=\"og:image\" content=\"https:\/\/thucphamtienloi.com\/wp-content\/uploads\/2022\/03\/chan-ga-dong-tao-nau-gi-ngon.jpg\" \/>\n\t<meta property=\"og:image:width\" content=\"525\" \/>\n\t<meta property=\"og:image:height\" content=\"525\" \/>\n\t<meta property=\"og:image:type\" content=\"image\/jpeg\" \/>\n<meta name=\"twitter:card\" content=\"summary_large_image\" \/>\n<meta name=\"twitter:label1\" content=\"\u01af\u1edbc t\u00ednh th\u1eddi gian \u0111\u1ecdc\" \/>\n\t<meta name=\"twitter:data1\" content=\"5 ph\u00fat\" \/>\n<script type=\"application\/ld+json\" class=\"yoast-schema-graph\">{\"@context\":\"https:\\\/\\\/schema.org\",\"@graph\":[{\"@type\":[\"WebPage\",\"ItemPage\"],\"@id\":\"https:\\\/\\\/thucphamtienloi.com\\\/?product=chan-ga-dong-tao\",\"url\":\"https:\\\/\\\/thucphamtienloi.com\\\/?product=chan-ga-dong-tao\",\"name\":\"Ch\u00e2n G\u00e0 \u0110\u00f4ng T\u1ea3o Ch\u00ednh G\u1ed1c - S\u1ec9 & L\u1ebb to\u00e0n qu\u1ed1c - t\u1eeb 350k\\\/kg\",\"isPartOf\":{\"@id\":\"https:\\\/\\\/thucphamtienloi.com\\\/#website\"},\"primaryImageOfPage\":{\"@id\":\"https:\\\/\\\/thucphamtienloi.com\\\/?product=chan-ga-dong-tao#primaryimage\"},\"image\":{\"@id\":\"https:\\\/\\\/thucphamtienloi.com\\\/?product=chan-ga-dong-tao#primaryimage\"},\"thumbnailUrl\":\"https:\\\/\\\/thucphamtienloi.com\\\/wp-content\\\/uploads\\\/2022\\\/03\\\/chan-ga-dong-tao-nau-gi-ngon.jpg\",\"datePublished\":\"2020-05-26T22:52:40+00:00\",\"dateModified\":\"2026-04-15T05:37:39+00:00\",\"description\":\"\u0110\u1ec3 tr\u00e1nh mua ph\u1ea3i ch\u00e2n g\u00e0 kh\u00f4ng r\u00f5 ngu\u1ed3n g\u1ed1c, qu\u00fd kh\u00e1ch h\u00e3y \u0111\u1ebfn v\u1edbi Th\u1ef1c Ph\u1ea9m Ti\u1ec7n L\u1ee3i \u0111\u1ec3 mua \u0111\u01b0\u1ee3c 100% ch\u00e2n g\u00e0 \u0111\u00f4ng t\u1ea3o x\u1ecbn\",\"breadcrumb\":{\"@id\":\"https:\\\/\\\/thucphamtienloi.com\\\/?product=chan-ga-dong-tao#breadcrumb\"},\"inLanguage\":\"vi\",\"potentialAction\":[{\"@type\":\"ReadAction\",\"target\":[\"https:\\\/\\\/thucphamtienloi.com\\\/?product=chan-ga-dong-tao\"]}]},{\"@type\":\"ImageObject\",\"inLanguage\":\"vi\",\"@id\":\"https:\\\/\\\/thucphamtienloi.com\\\/?product=chan-ga-dong-tao#primaryimage\",\"url\":\"https:\\\/\\\/thucphamtienloi.com\\\/wp-content\\\/uploads\\\/2022\\\/03\\\/chan-ga-dong-tao-nau-gi-ngon.jpg\",\"contentUrl\":\"https:\\\/\\\/thucphamtienloi.com\\\/wp-content\\\/uploads\\\/2022\\\/03\\\/chan-ga-dong-tao-nau-gi-ngon.jpg\",\"width\":525,\"height\":525,\"caption\":\"Ch\u00e2n g\u00e0 \u0110\u00f4ng T\u1ea3o\"},{\"@type\":\"BreadcrumbList\",\"@id\":\"https:\\\/\\\/thucphamtienloi.com\\\/?product=chan-ga-dong-tao#breadcrumb\",\"itemListElement\":[{\"@type\":\"ListItem\",\"position\":1,\"name\":\"Trang ch\u1ee7\",\"item\":\"https:\\\/\\\/thucphamtienloi.com\\\/\"},{\"@type\":\"ListItem\",\"position\":2,\"name\":\"C\u1eeda H\u00e0ng\",\"item\":\"https:\\\/\\\/thucphamtienloi.com\\\/?page_id=3334\"},{\"@type\":\"ListItem\",\"position\":3,\"name\":\"\u0110\u1eb7c S\u1ea3n Mi\u1ec1n B\u1eafc\",\"item\":\"https:\\\/\\\/thucphamtienloi.com\\\/danh-muc-san-pham\\\/dac-san-mien-bac\\\/\"},{\"@type\":\"ListItem\",\"position\":4,\"name\":\"Ch\u00e2n G\u00e0 \u0110\u00f4ng T\u1ea3o Ch\u00ednh G\u1ed1c &#8211; S\u1ec9 &#038; L\u1ebb to\u00e0n qu\u1ed1c &#8211; t\u1eeb 350k\\\/kg\"}]},{\"@type\":\"WebSite\",\"@id\":\"https:\\\/\\\/thucphamtienloi.com\\\/#website\",\"url\":\"https:\\\/\\\/thucphamtienloi.com\\\/\",\"name\":\"Th\u1ef1c ph\u1ea9m ti\u1ec7n l\u1ee3i\",\"description\":\"\u1ea8m Th\u1ef1c Qu\u00ea H\u01b0\u01a1ng\",\"publisher\":{\"@id\":\"https:\\\/\\\/thucphamtienloi.com\\\/#organization\"},\"potentialAction\":[{\"@type\":\"SearchAction\",\"target\":{\"@type\":\"EntryPoint\",\"urlTemplate\":\"https:\\\/\\\/thucphamtienloi.com\\\/?s={search_term_string}\"},\"query-input\":{\"@type\":\"PropertyValueSpecification\",\"valueRequired\":true,\"valueName\":\"search_term_string\"}}],\"inLanguage\":\"vi\"},{\"@type\":\"Organization\",\"@id\":\"https:\\\/\\\/thucphamtienloi.com\\\/#organization\",\"name\":\"Th\u1ef1c ph\u1ea9m ti\u1ec7n l\u1ee3i\",\"url\":\"https:\\\/\\\/thucphamtienloi.com\\\/\",\"logo\":{\"@type\":\"ImageObject\",\"inLanguage\":\"vi\",\"@id\":\"https:\\\/\\\/thucphamtienloi.com\\\/#\\\/schema\\\/logo\\\/image\\\/\",\"url\":\"https:\\\/\\\/thucphamtienloi.com\\\/wp-content\\\/uploads\\\/2022\\\/07\\\/THU\u031b\u0323C-PHA\u0302\u0309M-TIE\u0323\u0302N-LO\u031b\u0323I.png\",\"contentUrl\":\"https:\\\/\\\/thucphamtienloi.com\\\/wp-content\\\/uploads\\\/2022\\\/07\\\/THU\u031b\u0323C-PHA\u0302\u0309M-TIE\u0323\u0302N-LO\u031b\u0323I.png\",\"width\":1920,\"height\":1080,\"caption\":\"Th\u1ef1c ph\u1ea9m ti\u1ec7n l\u1ee3i\"},\"image\":{\"@id\":\"https:\\\/\\\/thucphamtienloi.com\\\/#\\\/schema\\\/logo\\\/image\\\/\"}}]}<\/script>\n<!-- \/ Yoast SEO plugin. -->","yoast_head_json":{"title":"Ch\u00e2n G\u00e0 \u0110\u00f4ng T\u1ea3o Ch\u00ednh G\u1ed1c - S\u1ec9 & L\u1ebb to\u00e0n qu\u1ed1c - t\u1eeb 350k\/kg","description":"\u0110\u1ec3 tr\u00e1nh mua ph\u1ea3i ch\u00e2n g\u00e0 kh\u00f4ng r\u00f5 ngu\u1ed3n g\u1ed1c, qu\u00fd kh\u00e1ch h\u00e3y \u0111\u1ebfn v\u1edbi Th\u1ef1c Ph\u1ea9m Ti\u1ec7n L\u1ee3i \u0111\u1ec3 mua \u0111\u01b0\u1ee3c 100% ch\u00e2n g\u00e0 \u0111\u00f4ng t\u1ea3o x\u1ecbn","robots":{"index":"index","follow":"follow","max-snippet":"max-snippet:-1","max-image-preview":"max-image-preview:large","max-video-preview":"max-video-preview:-1"},"canonical":"https:\/\/thucphamtienloi.com\/?product=chan-ga-dong-tao","og_locale":"vi_VN","og_type":"article","og_title":"Ch\u00e2n G\u00e0 \u0110\u00f4ng T\u1ea3o Ch\u00ednh G\u1ed1c - S\u1ec9 & L\u1ebb to\u00e0n qu\u1ed1c - t\u1eeb 350k\/kg","og_description":"\u0110\u1ec3 tr\u00e1nh mua ph\u1ea3i ch\u00e2n g\u00e0 kh\u00f4ng r\u00f5 ngu\u1ed3n g\u1ed1c, qu\u00fd kh\u00e1ch h\u00e3y \u0111\u1ebfn v\u1edbi Th\u1ef1c Ph\u1ea9m Ti\u1ec7n L\u1ee3i \u0111\u1ec3 mua \u0111\u01b0\u1ee3c 100% ch\u00e2n g\u00e0 \u0111\u00f4ng t\u1ea3o x\u1ecbn","og_url":"https:\/\/thucphamtienloi.com\/?product=chan-ga-dong-tao","og_site_name":"\u1ea8M TH\u1ef0C BA MI\u1ec0N","article_modified_time":"2026-04-15T05:37:39+00:00","og_image":[{"width":525,"height":525,"url":"https:\/\/thucphamtienloi.com\/wp-content\/uploads\/2022\/03\/chan-ga-dong-tao-nau-gi-ngon.jpg","type":"image\/jpeg"}],"twitter_card":"summary_large_image","twitter_misc":{"\u01af\u1edbc t\u00ednh th\u1eddi gian \u0111\u1ecdc":"5 ph\u00fat"},"schema":{"@context":"https:\/\/schema.org","@graph":[{"@type":["WebPage","ItemPage"],"@id":"https:\/\/thucphamtienloi.com\/?product=chan-ga-dong-tao","url":"https:\/\/thucphamtienloi.com\/?product=chan-ga-dong-tao","name":"Ch\u00e2n G\u00e0 \u0110\u00f4ng T\u1ea3o Ch\u00ednh G\u1ed1c - S\u1ec9 & L\u1ebb to\u00e0n qu\u1ed1c - t\u1eeb 350k\/kg","isPartOf":{"@id":"https:\/\/thucphamtienloi.com\/#website"},"primaryImageOfPage":{"@id":"https:\/\/thucphamtienloi.com\/?product=chan-ga-dong-tao#primaryimage"},"image":{"@id":"https:\/\/thucphamtienloi.com\/?product=chan-ga-dong-tao#primaryimage"},"thumbnailUrl":"https:\/\/thucphamtienloi.com\/wp-content\/uploads\/2022\/03\/chan-ga-dong-tao-nau-gi-ngon.jpg","datePublished":"2020-05-26T22:52:40+00:00","dateModified":"2026-04-15T05:37:39+00:00","description":"\u0110\u1ec3 tr\u00e1nh mua ph\u1ea3i ch\u00e2n g\u00e0 kh\u00f4ng r\u00f5 ngu\u1ed3n g\u1ed1c, qu\u00fd kh\u00e1ch h\u00e3y \u0111\u1ebfn v\u1edbi Th\u1ef1c Ph\u1ea9m Ti\u1ec7n L\u1ee3i \u0111\u1ec3 mua \u0111\u01b0\u1ee3c 100% ch\u00e2n g\u00e0 \u0111\u00f4ng t\u1ea3o x\u1ecbn","breadcrumb":{"@id":"https:\/\/thucphamtienloi.com\/?product=chan-ga-dong-tao#breadcrumb"},"inLanguage":"vi","potentialAction":[{"@type":"ReadAction","target":["https:\/\/thucphamtienloi.com\/?product=chan-ga-dong-tao"]}]},{"@type":"ImageObject","inLanguage":"vi","@id":"https:\/\/thucphamtienloi.com\/?product=chan-ga-dong-tao#primaryimage","url":"https:\/\/thucphamtienloi.com\/wp-content\/uploads\/2022\/03\/chan-ga-dong-tao-nau-gi-ngon.jpg","contentUrl":"https:\/\/thucphamtienloi.com\/wp-content\/uploads\/2022\/03\/chan-ga-dong-tao-nau-gi-ngon.jpg","width":525,"height":525,"caption":"Ch\u00e2n g\u00e0 \u0110\u00f4ng T\u1ea3o"},{"@type":"BreadcrumbList","@id":"https:\/\/thucphamtienloi.com\/?product=chan-ga-dong-tao#breadcrumb","itemListElement":[{"@type":"ListItem","position":1,"name":"Trang ch\u1ee7","item":"https:\/\/thucphamtienloi.com\/"},{"@type":"ListItem","position":2,"name":"C\u1eeda H\u00e0ng","item":"https:\/\/thucphamtienloi.com\/?page_id=3334"},{"@type":"ListItem","position":3,"name":"\u0110\u1eb7c S\u1ea3n Mi\u1ec1n B\u1eafc","item":"https:\/\/thucphamtienloi.com\/danh-muc-san-pham\/dac-san-mien-bac\/"},{"@type":"ListItem","position":4,"name":"Ch\u00e2n G\u00e0 \u0110\u00f4ng T\u1ea3o Ch\u00ednh G\u1ed1c &#8211; S\u1ec9 &#038; L\u1ebb to\u00e0n qu\u1ed1c &#8211; t\u1eeb 350k\/kg"}]},{"@type":"WebSite","@id":"https:\/\/thucphamtienloi.com\/#website","url":"https:\/\/thucphamtienloi.com\/","name":"Th\u1ef1c ph\u1ea9m ti\u1ec7n l\u1ee3i","description":"\u1ea8m Th\u1ef1c Qu\u00ea H\u01b0\u01a1ng","publisher":{"@id":"https:\/\/thucphamtienloi.com\/#organization"},"potentialAction":[{"@type":"SearchAction","target":{"@type":"EntryPoint","urlTemplate":"https:\/\/thucphamtienloi.com\/?s={search_term_string}"},"query-input":{"@type":"PropertyValueSpecification","valueRequired":true,"valueName":"search_term_string"}}],"inLanguage":"vi"},{"@type":"Organization","@id":"https:\/\/thucphamtienloi.com\/#organization","name":"Th\u1ef1c ph\u1ea9m ti\u1ec7n l\u1ee3i","url":"https:\/\/thucphamtienloi.com\/","logo":{"@type":"ImageObject","inLanguage":"vi","@id":"https:\/\/thucphamtienloi.com\/#\/schema\/logo\/image\/","url":"https:\/\/thucphamtienloi.com\/wp-content\/uploads\/2022\/07\/THU\u031b\u0323C-PHA\u0302\u0309M-TIE\u0323\u0302N-LO\u031b\u0323I.png","contentUrl":"https:\/\/thucphamtienloi.com\/wp-content\/uploads\/2022\/07\/THU\u031b\u0323C-PHA\u0302\u0309M-TIE\u0323\u0302N-LO\u031b\u0323I.png","width":1920,"height":1080,"caption":"Th\u1ef1c ph\u1ea9m ti\u1ec7n l\u1ee3i"},"image":{"@id":"https:\/\/thucphamtienloi.com\/#\/schema\/logo\/image\/"}}]}},"_links":{"self":[{"href":"https:\/\/thucphamtienloi.com\/index.php?rest_route=\/wp\/v2\/product\/425","targetHints":{"allow":["GET"]}}],"collection":[{"href":"https:\/\/thucphamtienloi.com\/index.php?rest_route=\/wp\/v2\/product"}],"about":[{"href":"https:\/\/thucphamtienloi.com\/index.php?rest_route=\/wp\/v2\/types\/product"}],"replies":[{"embeddable":true,"href":"https:\/\/thucphamtienloi.com\/index.php?rest_route=%2Fwp%2Fv2%2Fcomments&post=425"}],"wp:featuredmedia":[{"embeddable":true,"href":"https:\/\/thucphamtienloi.com\/index.php?rest_route=\/wp\/v2\/media\/2286"}],"wp:attachment":[{"href":"https:\/\/thucphamtienloi.com\/index.php?rest_route=%2Fwp%2Fv2%2Fmedia&parent=425"}],"wp:term":[{"taxonomy":"product_brand","embeddable":true,"href":"https:\/\/thucphamtienloi.com\/index.php?rest_route=%2Fwp%2Fv2%2Fproduct_brand&post=425"},{"taxonomy":"product_cat","embeddable":true,"href":"https:\/\/thucphamtienloi.com\/index.php?rest_route=%2Fwp%2Fv2%2Fproduct_cat&post=425"},{"taxonomy":"product_tag","embeddable":true,"href":"https:\/\/thucphamtienloi.com\/index.php?rest_route=%2Fwp%2Fv2%2Fproduct_tag&post=425"}],"curies":[{"name":"wp","href":"https:\/\/api.w.org\/{rel}","templated":true}]}}