{"id":427,"date":"2020-05-26T22:53:47","date_gmt":"2020-05-26T22:53:47","guid":{"rendered":"http:\/\/thucphamtienloi.com\/?post_type=product&#038;p=427"},"modified":"2025-10-19T16:16:37","modified_gmt":"2025-10-19T16:16:37","slug":"khau-nhuc","status":"publish","type":"product","link":"https:\/\/thucphamtienloi.com\/?product=khau-nhuc","title":{"rendered":"Kh\u00e2u Nh\u1ee5c L\u1ea1ng S\u01a1n \u0110\u1eb7c S\u1ea3n T\u00e2y B\u1eafc"},"content":{"rendered":"<p><strong>Kh\u00e2u nh\u1ee5c<\/strong> m\u1ed9t m\u00f3n \u0103n c\u00f3 ngu\u1ed3n g\u1ed1c t\u1eeb Trung Qu\u1ed1c du nh\u1eadp v\u00e0o Vi\u1ec7t Nam. Qua h\u00e0ng n\u0103m m\u00f3n \u0103n \u0111\u00e3 tr\u1edf th\u00e0nh m\u1ed9t \u0111\u1eb7c s\u1ea3n c\u1ee7a \u0111\u1ed3ng b\u00e0o d\u00e2n t\u1ed9c T\u00e0y \u1edf L\u1ea1ng S\u01a1n. S\u1ea3n ph\u1ea9m lu\u00f4n c\u00f3 s\u1eb5n h\u00e0ng t\u1ea1i <strong><a href=\"https:\/\/thucphamtienloi.com\/\" target=\"_blank\" rel=\"noopener noreferrer\">Th\u1ef1c Ph\u1ea9m Ti\u1ec7n L\u1ee3i<\/a><\/strong>. <strong>Hotline :<\/strong> <strong class=\"uppercase\">0987.506.349\u00a0<\/strong>s\u1eb5n s\u00e0ng ph\u1ee5c v\u1ee5 qu\u00fd kh\u00e1ch 24\/24.<\/p>\n<p>N\u1ebfu nh\u01b0 b\u1ea1n c\u00f3 t\u00ecm hi\u1ec3u v\u1ec1 \u1ea9m th\u1ef1c Vi\u1ec7t th\u00ec Kh\u00e2u Nh\u1ee5c c\u00f3 ngu\u1ed3n g\u1ed1c t\u1eeb ph\u01b0\u01a1ng B\u1eafc. M\u00f3n \u0103n n\u00e0y \u0111\u01b0\u1ee3c \u0111\u1ed3ng b\u00e0o d\u00e2n t\u1ed9c T\u00e0y ch\u1ebf bi\u1ebfn theo kh\u1ea9u v\u1ecb ri\u00eang v\u00e0 d\u1ea7n tr\u1edf th\u00e0nh \u0111\u1eb7c s\u1ea3n n\u1ed5i ti\u1ebfng bao \u0111\u1eddi nay.<\/p>\n<h2><strong>N\u1ea5u m\u00f3n Kh\u00e2u Nh\u1ee5c nh\u01b0 th\u1ebf n\u00e0o?<\/strong><\/h2>\n<p>\u0110\u1ec3 cho ra \u0111\u1eddi m\u00f3n kh\u00e2u nh\u1ee5c chu\u1ea9n v\u1ecb ho\u00e0n h\u1ea3o: Th\u1ecbt heo, khoai m\u00f4n m\u1ec1m nh\u1eeb nh\u01b0ng kh\u00f4ng n\u00e1t . Ph\u1ea7n b\u00ec ph\u1ed3ng l\u00ean m\u00e0u n\u00e2u \u0111\u1ecf h\u01a1i ng\u00f2n ng\u1ecdt th\u01a1m v\u1ecb m\u1eadt ong. Ph\u1ea7n m\u1ee1 ng\u1eady nh\u01b0ng kh\u00f4ng h\u1ec1 t\u1ea1o c\u1ea3m gi\u00e1c ng\u1ea5y, tan ch\u1ea3y trong \u0111\u1ea7u l\u01b0\u1ee1i.<\/p>\n<p>Th\u00ec t\u1eeb kh\u00e2u ch\u1ecdn nguy\u00ean li\u1ec7u, c\u00e1c b\u1ea1n n\u00ean l\u1ef1a con heo ch\u1ec9 t\u1eeb 60-70kg, \u0111\u1eebng b\u00e9 m\u00e0 c\u0169ng \u0111\u1eebng to qu\u00e1, kh\u00f4ng th\u00ec \u0111\u1ed9 n\u1ea1c, \u0111\u1ed9 m\u1ee1 c\u1ee7a n\u00f3 s\u1ebd kh\u00f4ng v\u1eeba t\u1ea7m. Ch\u1ecdn ph\u1ea7n th\u1ecbt ba ch\u1ec9 ngon nh\u1ea5t c\u1ee7a con l\u1ee3n \u2013 \u0111\u00e2y l\u00e0 nguy\u00ean li\u1ec7u ch\u00ednh cho m\u00f3n kh\u00e2u nh\u1ee5c.<\/p>\n<h3><strong>C\u00e1ch ch\u1ebf bi\u1ebfn c\u1ee7a \u0111\u1ed3ng b\u00e0o d\u00e2n t\u1ed9c T\u00e0y<\/strong><\/h3>\n<h4><strong>B\u01b0\u1edbc 1: S\u01a1 ch\u1ebf th\u1ecbt l\u1ee3n<\/strong><\/h4>\n<p>&#8211; Th\u1ecbt ba ch\u1ec9 b\u1ea1n n\u00ean t\u1ec9 m\u1ec9 c\u1ea1o s\u1ea1ch l\u00f4ng, r\u1eeda s\u1ea1ch b\u1eb1ng n\u01b0\u1edbc mu\u1ed1i sau \u0111\u00f3 \u0111\u1ec3 r\u00e1o kh\u00f4 n\u01b0\u1edbc.<\/p>\n<p>&#8211; C\u1eaft th\u1ecbt th\u00e0nh mi\u1ebfng to kho\u1ea3ng 0.5 kg.<\/p>\n<figure id=\"attachment_906\" aria-describedby=\"caption-attachment-906\" style=\"width: 600px\" class=\"wp-caption aligncenter\"><img loading=\"lazy\" decoding=\"async\" class=\"wp-image-906\" src=\"https:\/\/thucphamtienloi.com\/wp-content\/uploads\/2020\/05\/khau-nhuc-lang-son-2-600x400.gif\" alt=\"khau-nhuc-lang-son\" width=\"600\" height=\"400\" srcset=\"https:\/\/thucphamtienloi.com\/wp-content\/uploads\/2020\/05\/khau-nhuc-lang-son-2-600x400.gif 600w, https:\/\/thucphamtienloi.com\/wp-content\/uploads\/2020\/05\/khau-nhuc-lang-son-2-510x340.gif 510w\" sizes=\"auto, (max-width: 600px) 100vw, 600px\" \/><figcaption id=\"caption-attachment-906\" class=\"wp-caption-text\">L\u1ef1a ch\u1ecdn mi\u1ebfng th\u1ecbt ba ch\u1ec9 ngon cho m\u00f3n Kh\u00e2u nh\u1ee5c th\u00eam ho\u00e0n h\u1ea3o<\/figcaption><\/figure>\n<h4><strong>B\u01b0\u1edbc 2: Ch\u1ebf bi\u1ebfn v\u00e0 t\u1ea9m \u01b0\u1edbp gia v\u1ecb cho th\u1ecbt l\u1ee3n.<\/strong><\/h4>\n<p>&#8211; Cho th\u1ecbt v\u1eeba c\u1eaft v\u00e0o n\u1ed3i lu\u1ed9c s\u01a1 qua cho v\u1eeba ch\u00edn t\u1edbi.<\/p>\n<p>&#8211; Th\u1ecbt sau khi \u0111\u01b0\u1ee3c lu\u1ed9c, ch\u00fang ta li\u1ec1n t\u1ea9m gia v\u1ecb \u0111\u1ec1u l\u00ean g\u1ed3m gi\u1ea5m, x\u00ec d\u1ea7u l\u00ean \u0111\u1ec3 th\u1ecbt c\u00f3 m\u00e0u b\u00f3ng m\u01b0\u1ee3t b\u1eaft m\u1eaft, r\u1ed3i l\u1ea5y 1 chi\u1ebfc t\u0103m tre to v\u1eeba t\u1ea7m ch\u1ecdc s\u00e2u l\u00ean b\u00ec \u0111\u1ec3 b\u00ec c\u00f3 kh\u1ea3 n\u0103ng h\u1ea5p th\u1ee5 n\u01b0\u1edbc cho m\u1ec1m.Ph\u1ea3i ch\u00e2m th\u1eadt k\u1ef9, v\u00ec c\u00e0ng k\u1ef9 mi\u1ebfng th\u1ecbt khi n\u1ea5u s\u1ebd c\u00e0ng ngon h\u01a1n.<\/p>\n<p><strong>B\u01b0\u1edbc 3: Quay th\u1ecbt<\/strong><\/p>\n<p>&#8211; Th\u1ecbt v\u1eeba t\u1ea9m \u01b0\u1edbp \u0111em \u0111i quay, v\u1eeba quay \u0111\u1ec1u tay v\u1eeba qu\u1ebft m\u1eadt ong r\u1eebng cho v\u00e0ng b\u00ec, n\u1ebfu kh\u00f4ng c\u00f3 ch\u1ed7 quay b\u1ea1n c\u00f3 th\u1ec3 cho v\u00e0o ch\u1ea3o m\u1ee1 chi\u00ean cho v\u00e0ng r\u1ed3i v\u1edbt ra \u0111\u1ec3 ngu\u1ed9i, nh\u01b0ng n\u00f3 s\u1ebd kh\u00f4ng \u0111\u01b0\u1ee3c ngon nh\u01b0 ta quay.<\/p>\n<h4><strong>B\u01b0\u1edbc 4: Ch\u1ebf bi\u1ebfn khoai m\u00f4n<\/strong><\/h4>\n<p>&#8211; G\u1ecdt s\u1ea1ch v\u1ecf c\u1ee7 khoai m\u00f4n, th\u00e1i mi\u1ebfng b\u1eb1ng ng\u00f3n tay r\u1ed3i cho v\u00e0o ch\u1ea3o m\u1ee1 chi\u00ean th\u1eadt gi\u00f2n, v\u1edbt ra \u0111\u1ec3 ngu\u1ed9i.<\/p>\n<h4><strong>B\u01b0\u1edbc 5: Ch\u1ebf bi\u1ebfn rau mu\u1ed1i m\u1eb7n<\/strong><\/h4>\n<figure id=\"attachment_907\" aria-describedby=\"caption-attachment-907\" style=\"width: 600px\" class=\"wp-caption aligncenter\"><img loading=\"lazy\" decoding=\"async\" class=\"wp-image-907\" src=\"https:\/\/thucphamtienloi.com\/wp-content\/uploads\/2020\/05\/khau-nhuc-lang-son-3-600x400.gif\" alt=\"rau-muoi-man\" width=\"600\" height=\"400\" srcset=\"https:\/\/thucphamtienloi.com\/wp-content\/uploads\/2020\/05\/khau-nhuc-lang-son-3-600x400.gif 600w, https:\/\/thucphamtienloi.com\/wp-content\/uploads\/2020\/05\/khau-nhuc-lang-son-3-510x340.gif 510w\" sizes=\"auto, (max-width: 600px) 100vw, 600px\" \/><figcaption id=\"caption-attachment-907\" class=\"wp-caption-text\">Rau mu\u1ed1i m\u1eb7n hay c\u00f2n g\u1ecdi l\u00e0 T\u00e0u soi<\/figcaption><\/figure>\n<p>&#8211; Rau mu\u1ed1i r\u1ea5t m\u1eb7n n\u00ean khi r\u1eeda ph\u1ea3i ng\u00e2m t\u1ea7m 30 ph\u00fat \u0111\u1ec3 gi\u1ea3m b\u1edbt v\u1ecb m\u1eb7n c\u1ee7a rau, r\u1eeda k\u1ef9 cho h\u1ebft san h\u00f4. B\u0103m nh\u1ecf tr\u1ed9n \u0111\u1ec1u v\u1edbi t\u01b0\u01a1ng \u0111en, x\u00ec d\u1ea7u c\u00f9ng h\u00fang l\u00ecu. Nh\u1edb gi\u00e3 nh\u1ecf t\u1ecfi r\u1ed3i x\u1ebfp xu\u1ed1ng d\u01b0\u1edbi \u0111\u0129a. Sau \u0111\u00f3 l\u00e0 khoai m\u00f4n chi\u00ean gi\u00f2n.<\/p>\n<h4><strong>B\u01b0\u1edbc 6: Ho\u00e0n th\u00e0nh c\u00e1ch l\u00e0m m\u00f3n kh\u00e2u nh\u1ee5c L\u1ea1ng S\u01a1n<\/strong><\/h4>\n<p>&#8211; Th\u1ecbt th\u00e1i t\u1eebng mi\u1ebfng c\u00f3 \u0111\u1ed9 d\u00e0y kho\u1ea3ng 1,5cm (\u0111\u1ec3 m\u1ed7i b\u00e1t kho\u1ea3ng 8 mi\u1ebfng), r\u1ed3i x\u1ebfp th\u00e0nh h\u00ecnh tr\u00f2n l\u00ean \u0111\u0129a khoai. \u00dap b\u00e1t \u00f4 t\u00f4 to v\u00e0o v\u00e0 l\u1eadt l\u1ea1i, \u0111\u1ec3 nguy\u00ean \u0111\u0129a. Sau \u0111\u00f3 x\u1ebfp t\u1eebng b\u00e1t th\u1ecbt v\u00e0o n\u1ed3i, h\u1ea5p c\u00e1ch th\u1ee7y \u0111un b\u1eb1ng b\u1ebfp c\u1ee7i \u0111\u1ed9 3-4 gi\u1edd cho th\u1ecbt ch\u00edn k\u1ef9 v\u00e0 m\u1ec1m nh\u1eeb th\u00ec l\u00e0 m\u00f3n \u0103n \u0111\u00e3 ho\u00e0n th\u00e0nh.<\/p>\n<figure id=\"attachment_908\" aria-describedby=\"caption-attachment-908\" style=\"width: 603px\" class=\"wp-caption aligncenter\"><img loading=\"lazy\" decoding=\"async\" class=\"wp-image-908\" src=\"https:\/\/thucphamtienloi.com\/wp-content\/uploads\/2020\/05\/khau-nhuc-lang-son-4-603x400.gif\" alt=\"khau-nhuc-tay-bac\" width=\"603\" height=\"400\" srcset=\"https:\/\/thucphamtienloi.com\/wp-content\/uploads\/2020\/05\/khau-nhuc-lang-son-4-603x400.gif 603w, https:\/\/thucphamtienloi.com\/wp-content\/uploads\/2020\/05\/khau-nhuc-lang-son-4-510x338.gif 510w, https:\/\/thucphamtienloi.com\/wp-content\/uploads\/2020\/05\/khau-nhuc-lang-son-4-600x398.gif 600w\" sizes=\"auto, (max-width: 603px) 100vw, 603px\" \/><figcaption id=\"caption-attachment-908\" class=\"wp-caption-text\">Ho\u00e0n th\u00e0nh kh\u00e2u nh\u1ee5c<\/figcaption><\/figure>\n<h2><strong>\u0110\u1ecba ch\u1ec9 mua Kh\u00e2u Nh\u1ee5c L\u1ea1ng S\u01a1n t\u1ea1i S\u00e0i G\u00f2n v\u00e0 Tp HCM ?<\/strong><\/h2>\n<p>N\u1ebfu nh\u01b0 b\u1ea1n mu\u1ed1n th\u01b0\u1edfng th\u1ee9c m\u00f3n \u0103n \u0111\u1eb7c s\u1ea3n n\u00e0y. H\u00e3y \u0111\u1ec3 Th\u1ef1c Ph\u1ea9m Ti\u1ec7n L\u1ee3i ph\u1ee5c v\u1ee5 b\u1ea1n. Ch\u1ec9 c\u1ea7n g\u1ecdi \u0111\u1ebfn <strong>Hotline<\/strong> : <strong class=\"uppercase\">\u00a00987.506.349\u00a0<\/strong> b\u1ea1n s\u1ebd c\u00f3 m\u1ed9t ph\u1ea7n kh\u00e2u nh\u1ee5c ch\u00ednh g\u1ed1c L\u1ea1ng S\u01a1n.<\/p>\n<p><strong>\u0110\u1ecba ch\u1ec9 c\u1eeda h\u00e0ng:\u00a0<\/strong><\/p>\n<p><strong>T\u1ea1i S\u00e0i G\u00f2n:<\/strong>\u00a0184\/17 Nguy\u1ec5n Ph\u00fac Chu, P15, Q. T\u00e2n B\u00ecnh , TP HCM (vui l\u00f2ng g\u1ecdi tr\u01b0\u1edbc khi \u0111\u1ebfn)<br \/>\n<strong>T\u1ea1i H\u00e0 N\u1ed9i: <\/strong>Chung c\u01b0 349, V\u0169 T\u00f4ng Phan, Thanh Xu\u00e2n, H\u00e0 N\u1ed9i (vui l\u00f2ng g\u1ecdi tr\u01b0\u1edbc khi \u0111\u1ebfn)<\/p>\n<p><strong>Facebook:\u00a0<a href=\"https:\/\/www.facebook.com\/thucphamtienloiFB\">TH\u1ef0C PH\u1ea8M TI\u1ec6N L\u1ee2I<\/a><\/strong><\/p>\n<p>&nbsp;<\/p>\n","protected":false},"excerpt":{"rendered":"<p><strong>Kh\u00e2u nh\u1ee5c<\/strong> m\u1ed9t m\u00f3n \u0103n c\u00f3 ngu\u1ed3n g\u1ed1c t\u1eeb Trung Qu\u1ed1c du nh\u1eadp v\u00e0o Vi\u1ec7t Nam. Qua h\u00e0ng n\u0103m m\u00f3n \u0103n \u0111\u00e3 tr\u1edf th\u00e0nh m\u1ed9t \u0111\u1eb7c s\u1ea3n c\u1ee7a \u0111\u1ed3ng b\u00e0o d\u00e2n t\u1ed9c T\u00e0y \u1edf L\u1ea1ng S\u01a1n. S\u1ea3n ph\u1ea9m lu\u00f4n c\u00f3 s\u1eb5n h\u00e0ng t\u1ea1i <strong><a href=\"https:\/\/thucphamtienloi.com\/\" target=\"_blank\" rel=\"noopener noreferrer\">Th\u1ef1c Ph\u1ea9m Ti\u1ec7n L\u1ee3i<\/a><\/strong>. <strong>Hotline:<\/strong> <strong class=\"uppercase\">0987.506.349\u00a0<\/strong>s\u1eb5n s\u00e0ng ph\u1ee5c v\u1ee5 qu\u00fd kh\u00e1ch 24\/24.<\/p>\n","protected":false},"featured_media":424,"comment_status":"closed","ping_status":"closed","template":"","meta":[],"product_brand":[],"product_cat":[1025,68],"product_tag":[265,266,267,268,269,270],"class_list":{"0":"post-427","1":"product","2":"type-product","3":"status-publish","4":"has-post-thumbnail","6":"product_cat-mon-an-nau-chin","7":"product_cat-dac-san-mien-bac","8":"product_tag-khau-nhuc-lang-son","9":"product_tag-khau-nhuc-tay-bac","10":"product_tag-khau-nhuc-tai-sai-gon","11":"product_tag-khau-nhuc-tai-tp-hcm","12":"product_tag-khau-nhuc-tai-go-vap","13":"product_tag-khau-nhuc-tai-tan-binh","15":"first","16":"instock","17":"shipping-taxable","18":"purchasable","19":"product-type-simple"},"yoast_head":"<!-- This site is optimized with the Yoast SEO plugin v27.4 - https:\/\/yoast.com\/product\/yoast-seo-wordpress\/ -->\n<title>Kh\u00e2u Nh\u1ee5c L\u1ea1ng S\u01a1n \u0110\u1eb7c S\u1ea3n T\u00e2y B\u1eafc - 175k<\/title>\n<meta name=\"description\" content=\"N\u1ebfu nh\u01b0 b\u1ea1n mu\u1ed1n th\u01b0\u1edfng th\u1ee9c m\u00f3n \u0103n \u0111\u1eb7c s\u1ea3n Kh\u00e2u Nh\u1ee5c L\u1ea1ng S\u01a1n. H\u00e3y \u0111\u1ec3 Th\u1ef1c Ph\u1ea9m Ti\u1ec7n L\u1ee3i ph\u1ee5c v\u1ee5 b\u1ea1n. Ch\u1ec9 c\u1ea7n g\u1ecdi \u0111\u1ebfn Hotline : \u00a00987.506.349\" \/>\n<meta name=\"robots\" content=\"index, follow, max-snippet:-1, max-image-preview:large, max-video-preview:-1\" \/>\n<link rel=\"canonical\" href=\"https:\/\/thucphamtienloi.com\/?product=khau-nhuc\" \/>\n<meta property=\"og:locale\" content=\"vi_VN\" \/>\n<meta property=\"og:type\" content=\"article\" \/>\n<meta property=\"og:title\" content=\"Kh\u00e2u Nh\u1ee5c L\u1ea1ng S\u01a1n \u0110\u1eb7c S\u1ea3n T\u00e2y B\u1eafc - 175k\" \/>\n<meta property=\"og:description\" content=\"N\u1ebfu nh\u01b0 b\u1ea1n mu\u1ed1n th\u01b0\u1edfng th\u1ee9c m\u00f3n \u0103n \u0111\u1eb7c s\u1ea3n Kh\u00e2u Nh\u1ee5c L\u1ea1ng S\u01a1n. H\u00e3y \u0111\u1ec3 Th\u1ef1c Ph\u1ea9m Ti\u1ec7n L\u1ee3i ph\u1ee5c v\u1ee5 b\u1ea1n. Ch\u1ec9 c\u1ea7n g\u1ecdi \u0111\u1ebfn Hotline : \u00a00987.506.349\" \/>\n<meta property=\"og:url\" content=\"https:\/\/thucphamtienloi.com\/?product=khau-nhuc\" \/>\n<meta property=\"og:site_name\" content=\"\u1ea8M TH\u1ef0C BA MI\u1ec0N\" \/>\n<meta property=\"article:modified_time\" content=\"2025-10-19T16:16:37+00:00\" \/>\n<meta property=\"og:image\" content=\"https:\/\/thucphamtienloi.com\/wp-content\/uploads\/2020\/05\/khau-nhuc-tay-bac.png\" \/>\n\t<meta property=\"og:image:width\" content=\"300\" \/>\n\t<meta property=\"og:image:height\" content=\"300\" \/>\n\t<meta property=\"og:image:type\" content=\"image\/png\" \/>\n<meta name=\"twitter:card\" content=\"summary_large_image\" \/>\n<meta name=\"twitter:label1\" content=\"\u01af\u1edbc t\u00ednh th\u1eddi gian \u0111\u1ecdc\" \/>\n\t<meta name=\"twitter:data1\" content=\"5 ph\u00fat\" \/>\n<script type=\"application\/ld+json\" class=\"yoast-schema-graph\">{\"@context\":\"https:\\\/\\\/schema.org\",\"@graph\":[{\"@type\":[\"WebPage\",\"ItemPage\"],\"@id\":\"https:\\\/\\\/thucphamtienloi.com\\\/?product=khau-nhuc\",\"url\":\"https:\\\/\\\/thucphamtienloi.com\\\/?product=khau-nhuc\",\"name\":\"Kh\u00e2u Nh\u1ee5c L\u1ea1ng S\u01a1n \u0110\u1eb7c S\u1ea3n T\u00e2y B\u1eafc - 175k\",\"isPartOf\":{\"@id\":\"https:\\\/\\\/thucphamtienloi.com\\\/#website\"},\"primaryImageOfPage\":{\"@id\":\"https:\\\/\\\/thucphamtienloi.com\\\/?product=khau-nhuc#primaryimage\"},\"image\":{\"@id\":\"https:\\\/\\\/thucphamtienloi.com\\\/?product=khau-nhuc#primaryimage\"},\"thumbnailUrl\":\"https:\\\/\\\/thucphamtienloi.com\\\/wp-content\\\/uploads\\\/2020\\\/05\\\/khau-nhuc-tay-bac.png\",\"datePublished\":\"2020-05-26T22:53:47+00:00\",\"dateModified\":\"2025-10-19T16:16:37+00:00\",\"description\":\"N\u1ebfu nh\u01b0 b\u1ea1n mu\u1ed1n th\u01b0\u1edfng th\u1ee9c m\u00f3n \u0103n \u0111\u1eb7c s\u1ea3n Kh\u00e2u Nh\u1ee5c L\u1ea1ng S\u01a1n. H\u00e3y \u0111\u1ec3 Th\u1ef1c Ph\u1ea9m Ti\u1ec7n L\u1ee3i ph\u1ee5c v\u1ee5 b\u1ea1n. Ch\u1ec9 c\u1ea7n g\u1ecdi \u0111\u1ebfn Hotline : \u00a00987.506.349\",\"breadcrumb\":{\"@id\":\"https:\\\/\\\/thucphamtienloi.com\\\/?product=khau-nhuc#breadcrumb\"},\"inLanguage\":\"vi\",\"potentialAction\":[{\"@type\":\"ReadAction\",\"target\":[\"https:\\\/\\\/thucphamtienloi.com\\\/?product=khau-nhuc\"]}]},{\"@type\":\"ImageObject\",\"inLanguage\":\"vi\",\"@id\":\"https:\\\/\\\/thucphamtienloi.com\\\/?product=khau-nhuc#primaryimage\",\"url\":\"https:\\\/\\\/thucphamtienloi.com\\\/wp-content\\\/uploads\\\/2020\\\/05\\\/khau-nhuc-tay-bac.png\",\"contentUrl\":\"https:\\\/\\\/thucphamtienloi.com\\\/wp-content\\\/uploads\\\/2020\\\/05\\\/khau-nhuc-tay-bac.png\",\"width\":300,\"height\":300,\"caption\":\"kh\u00e2u nh\u1ee5c T\u00e2y B\u1eafc\"},{\"@type\":\"BreadcrumbList\",\"@id\":\"https:\\\/\\\/thucphamtienloi.com\\\/?product=khau-nhuc#breadcrumb\",\"itemListElement\":[{\"@type\":\"ListItem\",\"position\":1,\"name\":\"Trang ch\u1ee7\",\"item\":\"https:\\\/\\\/thucphamtienloi.com\\\/\"},{\"@type\":\"ListItem\",\"position\":2,\"name\":\"C\u1eeda H\u00e0ng\",\"item\":\"https:\\\/\\\/thucphamtienloi.com\\\/?page_id=3334\"},{\"@type\":\"ListItem\",\"position\":3,\"name\":\"M\u00f3n \u0102n N\u1ea5u Ch\u00edn\",\"item\":\"https:\\\/\\\/thucphamtienloi.com\\\/?product_cat=mon-an-nau-chin\"},{\"@type\":\"ListItem\",\"position\":4,\"name\":\"Kh\u00e2u Nh\u1ee5c L\u1ea1ng S\u01a1n \u0110\u1eb7c S\u1ea3n T\u00e2y B\u1eafc\"}]},{\"@type\":\"WebSite\",\"@id\":\"https:\\\/\\\/thucphamtienloi.com\\\/#website\",\"url\":\"https:\\\/\\\/thucphamtienloi.com\\\/\",\"name\":\"Th\u1ef1c ph\u1ea9m ti\u1ec7n l\u1ee3i\",\"description\":\"\u1ea8m Th\u1ef1c Qu\u00ea H\u01b0\u01a1ng\",\"publisher\":{\"@id\":\"https:\\\/\\\/thucphamtienloi.com\\\/#organization\"},\"potentialAction\":[{\"@type\":\"SearchAction\",\"target\":{\"@type\":\"EntryPoint\",\"urlTemplate\":\"https:\\\/\\\/thucphamtienloi.com\\\/?s={search_term_string}\"},\"query-input\":{\"@type\":\"PropertyValueSpecification\",\"valueRequired\":true,\"valueName\":\"search_term_string\"}}],\"inLanguage\":\"vi\"},{\"@type\":\"Organization\",\"@id\":\"https:\\\/\\\/thucphamtienloi.com\\\/#organization\",\"name\":\"Th\u1ef1c ph\u1ea9m ti\u1ec7n l\u1ee3i\",\"url\":\"https:\\\/\\\/thucphamtienloi.com\\\/\",\"logo\":{\"@type\":\"ImageObject\",\"inLanguage\":\"vi\",\"@id\":\"https:\\\/\\\/thucphamtienloi.com\\\/#\\\/schema\\\/logo\\\/image\\\/\",\"url\":\"https:\\\/\\\/thucphamtienloi.com\\\/wp-content\\\/uploads\\\/2022\\\/07\\\/THU\u031b\u0323C-PHA\u0302\u0309M-TIE\u0323\u0302N-LO\u031b\u0323I.png\",\"contentUrl\":\"https:\\\/\\\/thucphamtienloi.com\\\/wp-content\\\/uploads\\\/2022\\\/07\\\/THU\u031b\u0323C-PHA\u0302\u0309M-TIE\u0323\u0302N-LO\u031b\u0323I.png\",\"width\":1920,\"height\":1080,\"caption\":\"Th\u1ef1c ph\u1ea9m ti\u1ec7n l\u1ee3i\"},\"image\":{\"@id\":\"https:\\\/\\\/thucphamtienloi.com\\\/#\\\/schema\\\/logo\\\/image\\\/\"}}]}<\/script>\n<!-- \/ Yoast SEO plugin. -->","yoast_head_json":{"title":"Kh\u00e2u Nh\u1ee5c L\u1ea1ng S\u01a1n \u0110\u1eb7c S\u1ea3n T\u00e2y B\u1eafc - 175k","description":"N\u1ebfu nh\u01b0 b\u1ea1n mu\u1ed1n th\u01b0\u1edfng th\u1ee9c m\u00f3n \u0103n \u0111\u1eb7c s\u1ea3n Kh\u00e2u Nh\u1ee5c L\u1ea1ng S\u01a1n. H\u00e3y \u0111\u1ec3 Th\u1ef1c Ph\u1ea9m Ti\u1ec7n L\u1ee3i ph\u1ee5c v\u1ee5 b\u1ea1n. Ch\u1ec9 c\u1ea7n g\u1ecdi \u0111\u1ebfn Hotline : \u00a00987.506.349","robots":{"index":"index","follow":"follow","max-snippet":"max-snippet:-1","max-image-preview":"max-image-preview:large","max-video-preview":"max-video-preview:-1"},"canonical":"https:\/\/thucphamtienloi.com\/?product=khau-nhuc","og_locale":"vi_VN","og_type":"article","og_title":"Kh\u00e2u Nh\u1ee5c L\u1ea1ng S\u01a1n \u0110\u1eb7c S\u1ea3n T\u00e2y B\u1eafc - 175k","og_description":"N\u1ebfu nh\u01b0 b\u1ea1n mu\u1ed1n th\u01b0\u1edfng th\u1ee9c m\u00f3n \u0103n \u0111\u1eb7c s\u1ea3n Kh\u00e2u Nh\u1ee5c L\u1ea1ng S\u01a1n. H\u00e3y \u0111\u1ec3 Th\u1ef1c Ph\u1ea9m Ti\u1ec7n L\u1ee3i ph\u1ee5c v\u1ee5 b\u1ea1n. Ch\u1ec9 c\u1ea7n g\u1ecdi \u0111\u1ebfn Hotline : \u00a00987.506.349","og_url":"https:\/\/thucphamtienloi.com\/?product=khau-nhuc","og_site_name":"\u1ea8M TH\u1ef0C BA MI\u1ec0N","article_modified_time":"2025-10-19T16:16:37+00:00","og_image":[{"width":300,"height":300,"url":"https:\/\/thucphamtienloi.com\/wp-content\/uploads\/2020\/05\/khau-nhuc-tay-bac.png","type":"image\/png"}],"twitter_card":"summary_large_image","twitter_misc":{"\u01af\u1edbc t\u00ednh th\u1eddi gian \u0111\u1ecdc":"5 ph\u00fat"},"schema":{"@context":"https:\/\/schema.org","@graph":[{"@type":["WebPage","ItemPage"],"@id":"https:\/\/thucphamtienloi.com\/?product=khau-nhuc","url":"https:\/\/thucphamtienloi.com\/?product=khau-nhuc","name":"Kh\u00e2u Nh\u1ee5c L\u1ea1ng S\u01a1n \u0110\u1eb7c S\u1ea3n T\u00e2y B\u1eafc - 175k","isPartOf":{"@id":"https:\/\/thucphamtienloi.com\/#website"},"primaryImageOfPage":{"@id":"https:\/\/thucphamtienloi.com\/?product=khau-nhuc#primaryimage"},"image":{"@id":"https:\/\/thucphamtienloi.com\/?product=khau-nhuc#primaryimage"},"thumbnailUrl":"https:\/\/thucphamtienloi.com\/wp-content\/uploads\/2020\/05\/khau-nhuc-tay-bac.png","datePublished":"2020-05-26T22:53:47+00:00","dateModified":"2025-10-19T16:16:37+00:00","description":"N\u1ebfu nh\u01b0 b\u1ea1n mu\u1ed1n th\u01b0\u1edfng th\u1ee9c m\u00f3n \u0103n \u0111\u1eb7c s\u1ea3n Kh\u00e2u Nh\u1ee5c L\u1ea1ng S\u01a1n. H\u00e3y \u0111\u1ec3 Th\u1ef1c Ph\u1ea9m Ti\u1ec7n L\u1ee3i ph\u1ee5c v\u1ee5 b\u1ea1n. Ch\u1ec9 c\u1ea7n g\u1ecdi \u0111\u1ebfn Hotline : \u00a00987.506.349","breadcrumb":{"@id":"https:\/\/thucphamtienloi.com\/?product=khau-nhuc#breadcrumb"},"inLanguage":"vi","potentialAction":[{"@type":"ReadAction","target":["https:\/\/thucphamtienloi.com\/?product=khau-nhuc"]}]},{"@type":"ImageObject","inLanguage":"vi","@id":"https:\/\/thucphamtienloi.com\/?product=khau-nhuc#primaryimage","url":"https:\/\/thucphamtienloi.com\/wp-content\/uploads\/2020\/05\/khau-nhuc-tay-bac.png","contentUrl":"https:\/\/thucphamtienloi.com\/wp-content\/uploads\/2020\/05\/khau-nhuc-tay-bac.png","width":300,"height":300,"caption":"kh\u00e2u nh\u1ee5c T\u00e2y B\u1eafc"},{"@type":"BreadcrumbList","@id":"https:\/\/thucphamtienloi.com\/?product=khau-nhuc#breadcrumb","itemListElement":[{"@type":"ListItem","position":1,"name":"Trang ch\u1ee7","item":"https:\/\/thucphamtienloi.com\/"},{"@type":"ListItem","position":2,"name":"C\u1eeda H\u00e0ng","item":"https:\/\/thucphamtienloi.com\/?page_id=3334"},{"@type":"ListItem","position":3,"name":"M\u00f3n \u0102n N\u1ea5u Ch\u00edn","item":"https:\/\/thucphamtienloi.com\/?product_cat=mon-an-nau-chin"},{"@type":"ListItem","position":4,"name":"Kh\u00e2u Nh\u1ee5c L\u1ea1ng S\u01a1n \u0110\u1eb7c S\u1ea3n T\u00e2y B\u1eafc"}]},{"@type":"WebSite","@id":"https:\/\/thucphamtienloi.com\/#website","url":"https:\/\/thucphamtienloi.com\/","name":"Th\u1ef1c ph\u1ea9m ti\u1ec7n l\u1ee3i","description":"\u1ea8m Th\u1ef1c Qu\u00ea H\u01b0\u01a1ng","publisher":{"@id":"https:\/\/thucphamtienloi.com\/#organization"},"potentialAction":[{"@type":"SearchAction","target":{"@type":"EntryPoint","urlTemplate":"https:\/\/thucphamtienloi.com\/?s={search_term_string}"},"query-input":{"@type":"PropertyValueSpecification","valueRequired":true,"valueName":"search_term_string"}}],"inLanguage":"vi"},{"@type":"Organization","@id":"https:\/\/thucphamtienloi.com\/#organization","name":"Th\u1ef1c ph\u1ea9m ti\u1ec7n l\u1ee3i","url":"https:\/\/thucphamtienloi.com\/","logo":{"@type":"ImageObject","inLanguage":"vi","@id":"https:\/\/thucphamtienloi.com\/#\/schema\/logo\/image\/","url":"https:\/\/thucphamtienloi.com\/wp-content\/uploads\/2022\/07\/THU\u031b\u0323C-PHA\u0302\u0309M-TIE\u0323\u0302N-LO\u031b\u0323I.png","contentUrl":"https:\/\/thucphamtienloi.com\/wp-content\/uploads\/2022\/07\/THU\u031b\u0323C-PHA\u0302\u0309M-TIE\u0323\u0302N-LO\u031b\u0323I.png","width":1920,"height":1080,"caption":"Th\u1ef1c ph\u1ea9m ti\u1ec7n l\u1ee3i"},"image":{"@id":"https:\/\/thucphamtienloi.com\/#\/schema\/logo\/image\/"}}]}},"_links":{"self":[{"href":"https:\/\/thucphamtienloi.com\/index.php?rest_route=\/wp\/v2\/product\/427","targetHints":{"allow":["GET"]}}],"collection":[{"href":"https:\/\/thucphamtienloi.com\/index.php?rest_route=\/wp\/v2\/product"}],"about":[{"href":"https:\/\/thucphamtienloi.com\/index.php?rest_route=\/wp\/v2\/types\/product"}],"replies":[{"embeddable":true,"href":"https:\/\/thucphamtienloi.com\/index.php?rest_route=%2Fwp%2Fv2%2Fcomments&post=427"}],"wp:featuredmedia":[{"embeddable":true,"href":"https:\/\/thucphamtienloi.com\/index.php?rest_route=\/wp\/v2\/media\/424"}],"wp:attachment":[{"href":"https:\/\/thucphamtienloi.com\/index.php?rest_route=%2Fwp%2Fv2%2Fmedia&parent=427"}],"wp:term":[{"taxonomy":"product_brand","embeddable":true,"href":"https:\/\/thucphamtienloi.com\/index.php?rest_route=%2Fwp%2Fv2%2Fproduct_brand&post=427"},{"taxonomy":"product_cat","embeddable":true,"href":"https:\/\/thucphamtienloi.com\/index.php?rest_route=%2Fwp%2Fv2%2Fproduct_cat&post=427"},{"taxonomy":"product_tag","embeddable":true,"href":"https:\/\/thucphamtienloi.com\/index.php?rest_route=%2Fwp%2Fv2%2Fproduct_tag&post=427"}],"curies":[{"name":"wp","href":"https:\/\/api.w.org\/{rel}","templated":true}]}}