{"id":435,"date":"2020-05-26T23:05:34","date_gmt":"2020-05-26T23:05:34","guid":{"rendered":"http:\/\/thucphamtienloi.com\/?post_type=product&#038;p=435"},"modified":"2026-04-15T05:36:59","modified_gmt":"2026-04-15T05:36:59","slug":"ngong-lam-sach","status":"publish","type":"product","link":"https:\/\/thucphamtienloi.com\/?product=ngong-lam-sach","title":{"rendered":"Ng\u1ed7ng L\u00e0m S\u1ea1ch Nguy\u00ean Con"},"content":{"rendered":"<p>\u00a0Qu\u00fd kh\u00e1ch c\u00f3 nhu c\u1ea7u mua <a href=\"https:\/\/thucphamtienloi.com\/\" target=\"_blank\" rel=\"noopener noreferrer\"><strong>Ng\u1ed7ng th\u1ecbt l\u00e0m s\u1ea1ch<\/strong> <\/a>vui l\u00f2ng li\u00ean h\u1ec7 v\u1edbi ch\u00fang t\u00f4i qua s\u1ed1 hotline: <strong class=\"uppercase\">0987.506.349 <\/strong><strong>.<\/strong>Ch\u00fang t\u00f4i b\u00e1n ng\u1ed7ng s\u1ed1ng ( ng\u1ed7ng \u0111\u1ee9ng ). Qu\u00fd kh\u00e1ch c\u00f3 th\u1ec3 \u0111\u1eb7t l\u00e0m s\u1ea1ch r\u1ed3i ship \u0111\u1ebfn t\u1eadn nh\u00e0. \u0110\u1ed1i v\u1edbi kh\u00e1ch \u1edf c\u00e1c t\u1ec9nh xa S\u00e0i G\u00f2n ch\u00fang t\u00f4i s\u1ebd \u0111\u00f3ng g\u00f3i th\u00f9ng x\u1ed1p \u0111\u00e1 g\u1eedi xe \u0111\u00f2 \u0111\u1ebfn qu\u00fd kh\u00e1ch.<\/p>\n<h2><strong>GI\u1edaI THI\u1ec6U V\u1ec0 S\u1ea2N PH\u1ea8M NG\u1ed6NG L\u00c0M S\u1ea0CH<\/strong><\/h2>\n<p>Ng\u1ed7ng l\u00e0 m\u1ed9t m\u1eb7t h\u00e0ng c\u00f3 th\u1ec3 n\u00f3i l\u00e0 hi\u1ebfm \u1edf c\u00e1c t\u1ec9nh khu v\u1ef1c ph\u00eda Nam \u0111\u1eb7c bi\u1ec7t l\u00e0 S\u00e0i G\u00f2n. Do \u0111\u1eb7c th\u00f9 d\u00e2n c\u01b0 n\u00ean ng\u1ed7ng \u1edf \u0111\u00e2y kh\u00f4ng \u0111\u01b0\u1ee3c nu\u00f4i ch\u0103n th\u1ea3 theo \u0111\u00e0n m\u00e0 ch\u1ec9 nu\u00f4i l\u1ebb t\u1ebb v\u00e0i con trong h\u1ed9 d\u00e2n. \u0110\u1ec3 c\u00f3 \u0111\u01b0\u1ee3c m\u1eb7t h\u00e0ng Ng\u1ed7ng cung c\u1ea5p ra th\u1ecb tr\u01b0\u1eddng ch\u00fang t\u00f4i \u0111\u00e3 ph\u1ea3i \u0111\u1ebfn t\u1eeb nh\u00e0 ng\u01b0\u1eddi d\u00e2n h\u1ecfi mua t\u1eebng con ng\u1ed7ng. V\u00ec v\u1eady qu\u00fd kh\u00e1ch c\u00f3 th\u1ec3 ho\u00e0n to\u00e0n y\u00ean t\u00e2m v\u1ec1 ch\u1ea5t l\u01b0\u1ee3ng s\u1ea3n ph\u1ea9m v\u00ec ng\u1ed7ng \u0111\u01b0\u1ee3c nu\u00f4i t\u1ef1 nhi\u00ean.<\/p>\n<p><img loading=\"lazy\" decoding=\"async\" class=\"aligncenter wp-image-1313\" src=\"https:\/\/thucphamtienloi.com\/wp-content\/uploads\/2020\/05\/ngong-trang-thit-1-600x394-1.jpg\" alt=\"gioi-thieu-ngong\" width=\"800\" height=\"525\" srcset=\"https:\/\/thucphamtienloi.com\/wp-content\/uploads\/2020\/05\/ngong-trang-thit-1-600x394-1.jpg 600w, https:\/\/thucphamtienloi.com\/wp-content\/uploads\/2020\/05\/ngong-trang-thit-1-600x394-1-510x335.jpg 510w\" sizes=\"auto, (max-width: 800px) 100vw, 800px\" \/><\/p>\n<p>Do ngu\u1ed3n h\u00e0ng ng\u1ed7ng kh\u00f4ng c\u00f3 s\u1eb5n n\u00ean n\u1ebfu qu\u00fd kh\u00e1ch c\u00f3 nhu c\u1ea7u \u0111\u1eb7t mua ng\u1ed7ng th\u00ec vui l\u00f2ng li\u00ean h\u1ec7 \u0111\u1eb7t tr\u01b0\u1edbc kho\u1ea3ng 1 ng\u00e0y \u0111\u1ec3 ch\u00fang t\u00f4i v\u00e0o nh\u00e0 d\u00e2n t\u00ecm v\u00e0 h\u1ecfi mua ng\u1ed7ng theo \u0111\u00fang tr\u1ecdng l\u01b0\u1ee3ng qu\u00fd kh\u00e1ch y\u00eau c\u1ea7u. Ng\u1ed7ng t\u1ea1i khu v\u1ef1c S\u00e0i G\u00f2n v\u00e0 c\u00e1c t\u1ec9nh ph\u00eda Nam \u0111\u00e3 s\u1ed1 l\u00e0 ng\u1ed7ng tr\u1eafng tr\u1ecdng l\u01b0\u1ee3ng t\u1eeb 4 \u2013 6kg. Kh\u00f4ng \u0111\u01b0\u1ee3c to nh\u01b0\u00a0 lo\u1ea1i ng\u1ed7ng s\u01b0 t\u1eed l\u00f4ng \u0111en th\u01b0\u1eddng \u0111\u01b0\u1ee3c nu\u00f4i \u1edf c\u00e1c t\u1ec9nh ph\u00eda B\u1eafc.<\/p>\n<h3><strong>Qu\u00fd kh\u00e1ch l\u01b0u \u00fd<\/strong>\u00a0<\/h3>\n<p><img loading=\"lazy\" decoding=\"async\" class=\"aligncenter wp-image-1314\" src=\"https:\/\/thucphamtienloi.com\/wp-content\/uploads\/2020\/05\/thit-ngong-600x411-1-584x400.jpg\" alt=\"thit-ngong-lam-sach\" width=\"800\" height=\"548\" srcset=\"https:\/\/thucphamtienloi.com\/wp-content\/uploads\/2020\/05\/thit-ngong-600x411-1-584x400.jpg 584w, https:\/\/thucphamtienloi.com\/wp-content\/uploads\/2020\/05\/thit-ngong-600x411-1-510x349.jpg 510w, https:\/\/thucphamtienloi.com\/wp-content\/uploads\/2020\/05\/thit-ngong-600x411-1.jpg 600w\" sizes=\"auto, (max-width: 800px) 100vw, 800px\" \/><\/p>\n<p>Tr\u1ecdng l\u01b0\u1ee3ng ng\u1ed7ng l\u00e0 ng\u1ed7ng h\u01a1i t\u1ee9c l\u00e0 ng\u1ed7ng v\u1eabn c\u00f2n s\u1ed1ng s\u1ebd giao cho qu\u00fd kh\u00e1ch, n\u1ebfu qu\u00fd kh\u00e1ch y\u00eau c\u1ea7u l\u00e0m s\u1ea1ch th\u00ec khi giao \u0111\u1ebfn qu\u00fd kh\u00e1ch tr\u1ecdng l\u01b0\u1ee3ng ng\u1ed7ng ch\u1ec9 c\u00f2n kho\u1ea3ng 80% tr\u1ecdng l\u01b0\u1ee3ng h\u01a1i do \u0111\u00e3 l\u00e0m s\u1ea1ch.Qu\u00fd kh\u00e1ch vui l\u00f2ng thanh to\u00e1n \u0111\u00fang v\u1edbi kh\u1ed1i l\u01b0\u1ee3ng ng\u1ed7ng h\u01a1i l\u00fac ch\u01b0a l\u00e0m s\u1ea1ch.<\/p>\n<h2><strong>\u0110\u1ecba ch\u1ec9 mua Ng\u1ed7ng\u00a0 t\u1ea1i Tp HCM v\u00e0 H\u00e0 N\u1ed9i<\/strong><\/h2>\n<p>N\u1ebfu b\u1ea1n c\u00f3 nhu c\u1ea7u mua Ng\u1ed7ng th\u00ec b\u1ea1n h\u00e3y li\u00ean h\u1ec7 v\u1edbi Hotline : <strong class=\"uppercase\">0987.506.349\u00a0<\/strong>\u0111\u1ec3 \u0111\u01b0\u1ee3c t\u01b0 v\u1ea5n v\u00e0 \u0111\u1eb7t h\u00e0ng. Ho\u1eb7c b\u1ea1n c\u00f3 th\u1ec3 \u0111\u1ebfn tr\u1ef1c ti\u1ebfp c\u1eeda h\u00e0ng t\u1ea1i \u0111\u1ecba ch\u1ec9 sau :<\/p>\n<p><strong>T\u1ea1i S\u00e0i G\u00f2n:<\/strong>\u00a0184\/17 Nguy\u1ec5n Ph\u00fac Chu, P15, Q. T\u00e2n B\u00ecnh , TP HCM (vui l\u00f2ng g\u1ecdi tr\u01b0\u1edbc khi \u0111\u1ebfn)<\/p>\n<p><strong>T\u1ea1i H\u00e0 N\u1ed9i\u00a0 :\u00a0\u00a0<\/strong>PH\u00f2ng 2817,Chung c\u01b0 349,V\u0169 T\u00f4ng Phan,Thanh Xu\u00e2n, H\u00e0 N\u1ed9i (vui l\u00f2ng g\u1ecdi tr\u01b0\u1edbc khi \u0111\u1ebfn)<strong><br \/>\n<\/strong><br \/>\n<strong>Facebook:\u00a0<a href=\"https:\/\/www.facebook.com\/cuahang3mien\/\">https:\/\/www.facebook.com\/cuahang3mien<\/a><\/strong><\/p>\n","protected":false},"excerpt":{"rendered":"<p>\u00a0Qu\u00fd kh\u00e1ch c\u00f3 nhu c\u1ea7u mua Ng\u1ed7ng th\u1ecbt l\u00e0m s\u1ea1ch vui l\u00f2ng li\u00ean h\u1ec7 v\u1edbi ch\u00fang t\u00f4i qua s\u1ed1 hotline: 0987.506.349 .Ch\u00fang t\u00f4i b\u00e1n ng\u1ed7ng s\u1ed1ng ( ng\u1ed7ng \u0111\u1ee9ng ). Qu\u00fd kh\u00e1ch c\u00f3 th\u1ec3 \u0111\u1eb7t l\u00e0m s\u1ea1ch r\u1ed3i ship \u0111\u1ebfn t\u1eadn nh\u00e0. \u0110\u1ed1i v\u1edbi kh\u00e1ch \u1edf c\u00e1c t\u1ec9nh xa S\u00e0i G\u00f2n ch\u00fang t\u00f4i s\u1ebd \u0111\u00f3ng [&#8230;]\n","protected":false},"featured_media":434,"comment_status":"closed","ping_status":"closed","template":"","meta":[],"product_brand":[],"product_cat":[70,71],"product_tag":[556,557,558,559,560,561],"class_list":{"0":"post-435","1":"product","2":"type-product","3":"status-publish","4":"has-post-thumbnail","6":"product_cat-dac-san-mien-nam","7":"product_cat-thuc-pham-tuoi-song","8":"product_tag-ngong-lam-sach","9":"product_tag-ngong-nguyen-con","10":"product_tag-ngong-su-tu","11":"product_tag-cua-hang-ban-ngong-tai-sai-gon","12":"product_tag-cua-hang-ban-ngong-tai-go-vap","13":"product_tag-ngong-tan-binh","15":"first","16":"instock","17":"featured","18":"shipping-taxable","19":"purchasable","20":"product-type-simple"},"yoast_head":"<!-- This site is optimized with the Yoast SEO plugin v27.4 - https:\/\/yoast.com\/product\/yoast-seo-wordpress\/ -->\n<title>Ng\u1ed7ng L\u00e0m S\u1ea1ch Nguy\u00ean Con - \u1ea8M TH\u1ef0C BA MI\u1ec0N<\/title>\n<meta name=\"description\" content=\"Ch\u00fang t\u00f4i b\u00e1n ng\u1ed7ng s\u1ed1ng ( ng\u1ed7ng \u0111\u1ee9ng ). Qu\u00fd kh\u00e1ch c\u00f3 th\u1ec3 \u0111\u1eb7t ng\u1ed7ng l\u00e0m s\u1ea1ch r\u1ed3i ship t\u1eadn nh\u00e0. Li\u00ean h\u1ec7 qua s\u1ed1 hotline: 0987.506.349\" \/>\n<meta name=\"robots\" content=\"index, follow, max-snippet:-1, max-image-preview:large, max-video-preview:-1\" \/>\n<link rel=\"canonical\" href=\"https:\/\/thucphamtienloi.com\/?product=ngong-lam-sach\" \/>\n<meta property=\"og:locale\" content=\"vi_VN\" \/>\n<meta property=\"og:type\" content=\"article\" \/>\n<meta property=\"og:title\" content=\"Ng\u1ed7ng L\u00e0m S\u1ea1ch Nguy\u00ean Con - \u1ea8M TH\u1ef0C BA MI\u1ec0N\" \/>\n<meta property=\"og:description\" content=\"Ch\u00fang t\u00f4i b\u00e1n ng\u1ed7ng s\u1ed1ng ( ng\u1ed7ng \u0111\u1ee9ng ). Qu\u00fd kh\u00e1ch c\u00f3 th\u1ec3 \u0111\u1eb7t ng\u1ed7ng l\u00e0m s\u1ea1ch r\u1ed3i ship t\u1eadn nh\u00e0. Li\u00ean h\u1ec7 qua s\u1ed1 hotline: 0987.506.349\" \/>\n<meta property=\"og:url\" content=\"https:\/\/thucphamtienloi.com\/?product=ngong-lam-sach\" \/>\n<meta property=\"og:site_name\" content=\"\u1ea8M TH\u1ef0C BA MI\u1ec0N\" \/>\n<meta property=\"article:modified_time\" content=\"2026-04-15T05:36:59+00:00\" \/>\n<meta property=\"og:image\" content=\"https:\/\/thucphamtienloi.com\/wp-content\/uploads\/2020\/05\/ngong.png\" \/>\n\t<meta property=\"og:image:width\" content=\"300\" \/>\n\t<meta property=\"og:image:height\" content=\"300\" \/>\n\t<meta property=\"og:image:type\" content=\"image\/png\" \/>\n<meta name=\"twitter:card\" content=\"summary_large_image\" \/>\n<meta name=\"twitter:label1\" content=\"\u01af\u1edbc t\u00ednh th\u1eddi gian \u0111\u1ecdc\" \/>\n\t<meta name=\"twitter:data1\" content=\"3 ph\u00fat\" \/>\n<script type=\"application\/ld+json\" class=\"yoast-schema-graph\">{\"@context\":\"https:\\\/\\\/schema.org\",\"@graph\":[{\"@type\":[\"WebPage\",\"ItemPage\"],\"@id\":\"https:\\\/\\\/thucphamtienloi.com\\\/?product=ngong-lam-sach\",\"url\":\"https:\\\/\\\/thucphamtienloi.com\\\/?product=ngong-lam-sach\",\"name\":\"Ng\u1ed7ng L\u00e0m S\u1ea1ch Nguy\u00ean Con - \u1ea8M TH\u1ef0C BA MI\u1ec0N\",\"isPartOf\":{\"@id\":\"https:\\\/\\\/thucphamtienloi.com\\\/#website\"},\"primaryImageOfPage\":{\"@id\":\"https:\\\/\\\/thucphamtienloi.com\\\/?product=ngong-lam-sach#primaryimage\"},\"image\":{\"@id\":\"https:\\\/\\\/thucphamtienloi.com\\\/?product=ngong-lam-sach#primaryimage\"},\"thumbnailUrl\":\"https:\\\/\\\/thucphamtienloi.com\\\/wp-content\\\/uploads\\\/2020\\\/05\\\/ngong.png\",\"datePublished\":\"2020-05-26T23:05:34+00:00\",\"dateModified\":\"2026-04-15T05:36:59+00:00\",\"description\":\"Ch\u00fang t\u00f4i b\u00e1n ng\u1ed7ng s\u1ed1ng ( ng\u1ed7ng \u0111\u1ee9ng ). Qu\u00fd kh\u00e1ch c\u00f3 th\u1ec3 \u0111\u1eb7t ng\u1ed7ng l\u00e0m s\u1ea1ch r\u1ed3i ship t\u1eadn nh\u00e0. Li\u00ean h\u1ec7 qua s\u1ed1 hotline: 0987.506.349\",\"breadcrumb\":{\"@id\":\"https:\\\/\\\/thucphamtienloi.com\\\/?product=ngong-lam-sach#breadcrumb\"},\"inLanguage\":\"vi\",\"potentialAction\":[{\"@type\":\"ReadAction\",\"target\":[\"https:\\\/\\\/thucphamtienloi.com\\\/?product=ngong-lam-sach\"]}]},{\"@type\":\"ImageObject\",\"inLanguage\":\"vi\",\"@id\":\"https:\\\/\\\/thucphamtienloi.com\\\/?product=ngong-lam-sach#primaryimage\",\"url\":\"https:\\\/\\\/thucphamtienloi.com\\\/wp-content\\\/uploads\\\/2020\\\/05\\\/ngong.png\",\"contentUrl\":\"https:\\\/\\\/thucphamtienloi.com\\\/wp-content\\\/uploads\\\/2020\\\/05\\\/ngong.png\",\"width\":300,\"height\":300,\"caption\":\"ng\u1ed7ng\"},{\"@type\":\"BreadcrumbList\",\"@id\":\"https:\\\/\\\/thucphamtienloi.com\\\/?product=ngong-lam-sach#breadcrumb\",\"itemListElement\":[{\"@type\":\"ListItem\",\"position\":1,\"name\":\"Trang ch\u1ee7\",\"item\":\"https:\\\/\\\/thucphamtienloi.com\\\/\"},{\"@type\":\"ListItem\",\"position\":2,\"name\":\"C\u1eeda H\u00e0ng\",\"item\":\"https:\\\/\\\/thucphamtienloi.com\\\/?page_id=3334\"},{\"@type\":\"ListItem\",\"position\":3,\"name\":\"\u0110\u1eb7c S\u1ea3n Mi\u1ec1n Nam\",\"item\":\"https:\\\/\\\/thucphamtienloi.com\\\/danh-muc-san-pham\\\/dac-san-mien-nam\\\/\"},{\"@type\":\"ListItem\",\"position\":4,\"name\":\"Ng\u1ed7ng L\u00e0m S\u1ea1ch Nguy\u00ean Con\"}]},{\"@type\":\"WebSite\",\"@id\":\"https:\\\/\\\/thucphamtienloi.com\\\/#website\",\"url\":\"https:\\\/\\\/thucphamtienloi.com\\\/\",\"name\":\"Th\u1ef1c ph\u1ea9m ti\u1ec7n l\u1ee3i\",\"description\":\"\u1ea8m Th\u1ef1c Qu\u00ea H\u01b0\u01a1ng\",\"publisher\":{\"@id\":\"https:\\\/\\\/thucphamtienloi.com\\\/#organization\"},\"potentialAction\":[{\"@type\":\"SearchAction\",\"target\":{\"@type\":\"EntryPoint\",\"urlTemplate\":\"https:\\\/\\\/thucphamtienloi.com\\\/?s={search_term_string}\"},\"query-input\":{\"@type\":\"PropertyValueSpecification\",\"valueRequired\":true,\"valueName\":\"search_term_string\"}}],\"inLanguage\":\"vi\"},{\"@type\":\"Organization\",\"@id\":\"https:\\\/\\\/thucphamtienloi.com\\\/#organization\",\"name\":\"Th\u1ef1c ph\u1ea9m ti\u1ec7n l\u1ee3i\",\"url\":\"https:\\\/\\\/thucphamtienloi.com\\\/\",\"logo\":{\"@type\":\"ImageObject\",\"inLanguage\":\"vi\",\"@id\":\"https:\\\/\\\/thucphamtienloi.com\\\/#\\\/schema\\\/logo\\\/image\\\/\",\"url\":\"https:\\\/\\\/thucphamtienloi.com\\\/wp-content\\\/uploads\\\/2022\\\/07\\\/THU\u031b\u0323C-PHA\u0302\u0309M-TIE\u0323\u0302N-LO\u031b\u0323I.png\",\"contentUrl\":\"https:\\\/\\\/thucphamtienloi.com\\\/wp-content\\\/uploads\\\/2022\\\/07\\\/THU\u031b\u0323C-PHA\u0302\u0309M-TIE\u0323\u0302N-LO\u031b\u0323I.png\",\"width\":1920,\"height\":1080,\"caption\":\"Th\u1ef1c ph\u1ea9m ti\u1ec7n l\u1ee3i\"},\"image\":{\"@id\":\"https:\\\/\\\/thucphamtienloi.com\\\/#\\\/schema\\\/logo\\\/image\\\/\"}}]}<\/script>\n<!-- \/ Yoast SEO plugin. -->","yoast_head_json":{"title":"Ng\u1ed7ng L\u00e0m S\u1ea1ch Nguy\u00ean Con - \u1ea8M TH\u1ef0C BA MI\u1ec0N","description":"Ch\u00fang t\u00f4i b\u00e1n ng\u1ed7ng s\u1ed1ng ( ng\u1ed7ng \u0111\u1ee9ng ). Qu\u00fd kh\u00e1ch c\u00f3 th\u1ec3 \u0111\u1eb7t ng\u1ed7ng l\u00e0m s\u1ea1ch r\u1ed3i ship t\u1eadn nh\u00e0. Li\u00ean h\u1ec7 qua s\u1ed1 hotline: 0987.506.349","robots":{"index":"index","follow":"follow","max-snippet":"max-snippet:-1","max-image-preview":"max-image-preview:large","max-video-preview":"max-video-preview:-1"},"canonical":"https:\/\/thucphamtienloi.com\/?product=ngong-lam-sach","og_locale":"vi_VN","og_type":"article","og_title":"Ng\u1ed7ng L\u00e0m S\u1ea1ch Nguy\u00ean Con - \u1ea8M TH\u1ef0C BA MI\u1ec0N","og_description":"Ch\u00fang t\u00f4i b\u00e1n ng\u1ed7ng s\u1ed1ng ( ng\u1ed7ng \u0111\u1ee9ng ). Qu\u00fd kh\u00e1ch c\u00f3 th\u1ec3 \u0111\u1eb7t ng\u1ed7ng l\u00e0m s\u1ea1ch r\u1ed3i ship t\u1eadn nh\u00e0. Li\u00ean h\u1ec7 qua s\u1ed1 hotline: 0987.506.349","og_url":"https:\/\/thucphamtienloi.com\/?product=ngong-lam-sach","og_site_name":"\u1ea8M TH\u1ef0C BA MI\u1ec0N","article_modified_time":"2026-04-15T05:36:59+00:00","og_image":[{"width":300,"height":300,"url":"https:\/\/thucphamtienloi.com\/wp-content\/uploads\/2020\/05\/ngong.png","type":"image\/png"}],"twitter_card":"summary_large_image","twitter_misc":{"\u01af\u1edbc t\u00ednh th\u1eddi gian \u0111\u1ecdc":"3 ph\u00fat"},"schema":{"@context":"https:\/\/schema.org","@graph":[{"@type":["WebPage","ItemPage"],"@id":"https:\/\/thucphamtienloi.com\/?product=ngong-lam-sach","url":"https:\/\/thucphamtienloi.com\/?product=ngong-lam-sach","name":"Ng\u1ed7ng L\u00e0m S\u1ea1ch Nguy\u00ean Con - \u1ea8M TH\u1ef0C BA MI\u1ec0N","isPartOf":{"@id":"https:\/\/thucphamtienloi.com\/#website"},"primaryImageOfPage":{"@id":"https:\/\/thucphamtienloi.com\/?product=ngong-lam-sach#primaryimage"},"image":{"@id":"https:\/\/thucphamtienloi.com\/?product=ngong-lam-sach#primaryimage"},"thumbnailUrl":"https:\/\/thucphamtienloi.com\/wp-content\/uploads\/2020\/05\/ngong.png","datePublished":"2020-05-26T23:05:34+00:00","dateModified":"2026-04-15T05:36:59+00:00","description":"Ch\u00fang t\u00f4i b\u00e1n ng\u1ed7ng s\u1ed1ng ( ng\u1ed7ng \u0111\u1ee9ng ). Qu\u00fd kh\u00e1ch c\u00f3 th\u1ec3 \u0111\u1eb7t ng\u1ed7ng l\u00e0m s\u1ea1ch r\u1ed3i ship t\u1eadn nh\u00e0. Li\u00ean h\u1ec7 qua s\u1ed1 hotline: 0987.506.349","breadcrumb":{"@id":"https:\/\/thucphamtienloi.com\/?product=ngong-lam-sach#breadcrumb"},"inLanguage":"vi","potentialAction":[{"@type":"ReadAction","target":["https:\/\/thucphamtienloi.com\/?product=ngong-lam-sach"]}]},{"@type":"ImageObject","inLanguage":"vi","@id":"https:\/\/thucphamtienloi.com\/?product=ngong-lam-sach#primaryimage","url":"https:\/\/thucphamtienloi.com\/wp-content\/uploads\/2020\/05\/ngong.png","contentUrl":"https:\/\/thucphamtienloi.com\/wp-content\/uploads\/2020\/05\/ngong.png","width":300,"height":300,"caption":"ng\u1ed7ng"},{"@type":"BreadcrumbList","@id":"https:\/\/thucphamtienloi.com\/?product=ngong-lam-sach#breadcrumb","itemListElement":[{"@type":"ListItem","position":1,"name":"Trang ch\u1ee7","item":"https:\/\/thucphamtienloi.com\/"},{"@type":"ListItem","position":2,"name":"C\u1eeda H\u00e0ng","item":"https:\/\/thucphamtienloi.com\/?page_id=3334"},{"@type":"ListItem","position":3,"name":"\u0110\u1eb7c S\u1ea3n Mi\u1ec1n Nam","item":"https:\/\/thucphamtienloi.com\/danh-muc-san-pham\/dac-san-mien-nam\/"},{"@type":"ListItem","position":4,"name":"Ng\u1ed7ng L\u00e0m S\u1ea1ch Nguy\u00ean Con"}]},{"@type":"WebSite","@id":"https:\/\/thucphamtienloi.com\/#website","url":"https:\/\/thucphamtienloi.com\/","name":"Th\u1ef1c ph\u1ea9m ti\u1ec7n l\u1ee3i","description":"\u1ea8m Th\u1ef1c Qu\u00ea H\u01b0\u01a1ng","publisher":{"@id":"https:\/\/thucphamtienloi.com\/#organization"},"potentialAction":[{"@type":"SearchAction","target":{"@type":"EntryPoint","urlTemplate":"https:\/\/thucphamtienloi.com\/?s={search_term_string}"},"query-input":{"@type":"PropertyValueSpecification","valueRequired":true,"valueName":"search_term_string"}}],"inLanguage":"vi"},{"@type":"Organization","@id":"https:\/\/thucphamtienloi.com\/#organization","name":"Th\u1ef1c ph\u1ea9m ti\u1ec7n l\u1ee3i","url":"https:\/\/thucphamtienloi.com\/","logo":{"@type":"ImageObject","inLanguage":"vi","@id":"https:\/\/thucphamtienloi.com\/#\/schema\/logo\/image\/","url":"https:\/\/thucphamtienloi.com\/wp-content\/uploads\/2022\/07\/THU\u031b\u0323C-PHA\u0302\u0309M-TIE\u0323\u0302N-LO\u031b\u0323I.png","contentUrl":"https:\/\/thucphamtienloi.com\/wp-content\/uploads\/2022\/07\/THU\u031b\u0323C-PHA\u0302\u0309M-TIE\u0323\u0302N-LO\u031b\u0323I.png","width":1920,"height":1080,"caption":"Th\u1ef1c ph\u1ea9m ti\u1ec7n l\u1ee3i"},"image":{"@id":"https:\/\/thucphamtienloi.com\/#\/schema\/logo\/image\/"}}]}},"_links":{"self":[{"href":"https:\/\/thucphamtienloi.com\/index.php?rest_route=\/wp\/v2\/product\/435","targetHints":{"allow":["GET"]}}],"collection":[{"href":"https:\/\/thucphamtienloi.com\/index.php?rest_route=\/wp\/v2\/product"}],"about":[{"href":"https:\/\/thucphamtienloi.com\/index.php?rest_route=\/wp\/v2\/types\/product"}],"replies":[{"embeddable":true,"href":"https:\/\/thucphamtienloi.com\/index.php?rest_route=%2Fwp%2Fv2%2Fcomments&post=435"}],"wp:featuredmedia":[{"embeddable":true,"href":"https:\/\/thucphamtienloi.com\/index.php?rest_route=\/wp\/v2\/media\/434"}],"wp:attachment":[{"href":"https:\/\/thucphamtienloi.com\/index.php?rest_route=%2Fwp%2Fv2%2Fmedia&parent=435"}],"wp:term":[{"taxonomy":"product_brand","embeddable":true,"href":"https:\/\/thucphamtienloi.com\/index.php?rest_route=%2Fwp%2Fv2%2Fproduct_brand&post=435"},{"taxonomy":"product_cat","embeddable":true,"href":"https:\/\/thucphamtienloi.com\/index.php?rest_route=%2Fwp%2Fv2%2Fproduct_cat&post=435"},{"taxonomy":"product_tag","embeddable":true,"href":"https:\/\/thucphamtienloi.com\/index.php?rest_route=%2Fwp%2Fv2%2Fproduct_tag&post=435"}],"curies":[{"name":"wp","href":"https:\/\/api.w.org\/{rel}","templated":true}]}}