{"id":445,"date":"2020-05-27T06:45:34","date_gmt":"2020-05-27T06:45:34","guid":{"rendered":"http:\/\/thucphamtienloi.com\/?post_type=product&#038;p=445"},"modified":"2026-04-15T05:36:49","modified_gmt":"2026-04-15T05:36:49","slug":"bo-cau","status":"publish","type":"product","link":"https:\/\/thucphamtienloi.com\/?product=bo-cau","title":{"rendered":"B\u1ed3 C\u00e2u L\u00e0m S\u1ea1ch Ship T\u1eadn Nh\u00e0"},"content":{"rendered":"<p><span style=\"font-size: 140%;\"><strong>\u00a0B\u1ed3 c\u00e2u<\/strong> \u0111\u01b0\u1ee3c ch\u1ebf bi\u1ebfn th\u00e0nh nhi\u1ec1u m\u00f3n \u0103n ngon v\u00e0 d\u00f9ng \u0111\u1ec3 b\u1ed3i b\u1ed5 s\u1ee9c kho\u1ebb cho ph\u1ee5 n\u1eef mang thai v\u00e0 ng\u01b0\u1eddi m\u1edbi \u1ed1m d\u1eady. S\u1ea3n ph\u1ea9m t\u1ea1i Th\u1ef1c Ph\u1ea9m Ti\u1ec7n L\u1ee3i \u0111\u00e3 \u0111\u01b0\u1ee3c l\u00e0m s\u1ea1ch s\u1eb5n . Qu\u00fd kh\u00e1ch nh\u1eadn h\u00e0ng r\u1eeda l\u1ea1i l\u00e0 c\u00f3 th\u1ec3 ch\u1ebf bi\u1ebfn \u0111\u01b0\u1ee3c lu\u00f4n. R\u1ea5t ti\u1ec7n l\u1ee3i v\u00e0 nhanh ch\u00f3ng. <strong>Hotline :<\/strong> <strong class=\"uppercase\">0987.506.349.<\/strong><\/span><\/p>\n<h2><strong><span style=\"font-size: 140%;\">Quy tr\u00ecnh mua h\u00e0ng v\u00e0 ship h\u00e0ng<\/span><\/strong><\/h2>\n<p><span style=\"font-size: 140%;\">S\u1ea3n ph\u1ea9m\u00a0 t\u1ea1i <a href=\"https:\/\/thucphamtienloi.com\/\" target=\"_blank\" rel=\"noopener noreferrer\"><strong>Th\u1ef1c Ph\u1ea9m Ti\u1ec7n L\u1ee3i<\/strong><\/a> l\u00e0 chim c\u00e2u\u00a0 s\u1ed1ng 100%. Khi qu\u00fd kh\u00e1ch c\u00f3 nhu c\u1ea7u \u0111\u1eb7t h\u00e0ng th\u00ec c\u1eeda h\u00e0ng m\u1edbi b\u1eaft \u0111\u1ea7u gi\u1ebft m\u1ed5, l\u00e0m s\u1ea1ch. Khi giao h\u00e0ng \u0111\u1ebfn qu\u00fd kh\u00e1ch th\u1ecbt chim c\u00e2u v\u1eabn c\u00f2n t\u01b0\u01a1i ngon . ( <strong>c\u1eeda h\u00e0ng mi\u1ec5n ph\u00ed c\u00f4ng l\u00e0m s\u1ea1ch<\/strong>\u00a0)<\/span><\/p>\n<figure id=\"attachment_757\" aria-describedby=\"caption-attachment-757\" style=\"width: 600px\" class=\"wp-caption aligncenter\"><img loading=\"lazy\" decoding=\"async\" class=\"wp-image-757\" src=\"https:\/\/thucphamtienloi.com\/wp-content\/uploads\/2020\/05\/bo-cau-min-533x400.jpg\" alt=\"bo-cau\" width=\"600\" height=\"450\" srcset=\"https:\/\/thucphamtienloi.com\/wp-content\/uploads\/2020\/05\/bo-cau-min-533x400.jpg 533w, https:\/\/thucphamtienloi.com\/wp-content\/uploads\/2020\/05\/bo-cau-min-510x383.jpg 510w, https:\/\/thucphamtienloi.com\/wp-content\/uploads\/2020\/05\/bo-cau-min-1067x800.jpg 1067w, https:\/\/thucphamtienloi.com\/wp-content\/uploads\/2020\/05\/bo-cau-min-768x576.jpg 768w, https:\/\/thucphamtienloi.com\/wp-content\/uploads\/2020\/05\/bo-cau-min-1536x1152.jpg 1536w, https:\/\/thucphamtienloi.com\/wp-content\/uploads\/2020\/05\/bo-cau-min-600x450.jpg 600w, https:\/\/thucphamtienloi.com\/wp-content\/uploads\/2020\/05\/bo-cau-min.jpg 1600w\" sizes=\"auto, (max-width: 600px) 100vw, 600px\" \/><figcaption id=\"caption-attachment-757\" class=\"wp-caption-text\">Chim c\u00e2u \u0111\u01b0\u1ee3c nu\u00f4i t\u1ea1i trang tr\u1ea1i<\/figcaption><\/figure>\n<p><span style=\"font-size: 140%;\">B\u1ed3 c\u00e2u sau khi l\u00e0m s\u1ea1ch s\u1ebd c\u00f3 tr\u1ecdng l\u01b0\u1ee3ng kho\u1ea3ng 200gr &#8211; 300gr\/con. V\u1edbi tr\u1ecdng l\u01b0\u1ee3ng n\u00e0y th\u00ec r\u1ea5t ph\u00f9 h\u1ee3p m\u1ed9t ng\u01b0\u1eddi l\u1edbn \u0103n ho\u1eb7c 2 tr\u1ebb em chia \u0111\u00f4i . N\u1ebfu s\u1ed1 ng\u01b0\u1eddi \u0103n nhi\u1ec1u h\u01a1n, b\u1ea1n c\u00f3 th\u1ec3 \u0111\u1eb7t th\u00eam s\u1ed1 l\u01b0\u1ee3ng chim \u0111\u1ec3 ph\u00f9 h\u1ee3p v\u1edbi b\u1eefa \u0103n.\u00a0<\/span><\/p>\n<p><span style=\"font-size: 140%; color: #ed1c24;\"><strong>L\u01b0u \u00fd :<\/strong><\/span><\/p>\n<p><span style=\"font-size: 140%;\">+ Do l\u00e0 h\u00e0ng t\u01b0\u01a1i s\u1ed1ng n\u00ean Qu\u00fd kh\u00e1ch vui l\u00f2ng \u0111\u1eb7t tr\u01b0\u1edbc 2 ti\u1ebfng.<\/span><\/p>\n<p><span style=\"font-size: 140%;\">+ Qu\u00fd Kh\u00e1ch\u00a0<strong>Vui L\u00f2ng Kh\u00f4ng Hu\u1ef7 \u0110\u01a1n Sau Khi \u0110\u00e3 \u0110\u1eb7t H\u00e0ng<\/strong><\/span><\/p>\n<p><span style=\"font-size: 140%;\">+ Qu\u00fd kh\u00e1ch c\u00f3 th\u1ec3 y\u00eau c\u1ea7u thui qua chim c\u00e2u.<\/span><\/p>\n<h2><span style=\"font-size: 140%;\"><strong>B\u1ed3 C\u00e2u ch\u1ebf bi\u1ebfn nh\u01b0 th\u1ebf n\u00e0o\u00a0<\/strong><\/span><\/h2>\n<p><span style=\"font-size: 140%;\"><strong>Chim C\u00e2u<\/strong> c\u00f3 th\u1ec3 ch\u1ebf bi\u1ebfn th\u00e0nh nhi\u1ec1u m\u00f3n \u0103n ngon nh\u01b0 : H\u1ea7m ch\u00e1o, Quay m\u1eadt ong, H\u1ea7m n\u01b0\u1edbc d\u1eeba, x\u00e0o l\u0103n, t\u1ea7n sen n\u1ea5m, chi\u00ean b\u01a1.\u00a0<\/span><\/p>\n<figure id=\"attachment_758\" aria-describedby=\"caption-attachment-758\" style=\"width: 600px\" class=\"wp-caption aligncenter\"><img loading=\"lazy\" decoding=\"async\" class=\"wp-image-758\" src=\"https:\/\/thucphamtienloi.com\/wp-content\/uploads\/2020\/05\/chao-bo-cau-min-552x400.jpg\" alt=\"bo-cau-nau-chao\" width=\"600\" height=\"435\" srcset=\"https:\/\/thucphamtienloi.com\/wp-content\/uploads\/2020\/05\/chao-bo-cau-min-552x400.jpg 552w, https:\/\/thucphamtienloi.com\/wp-content\/uploads\/2020\/05\/chao-bo-cau-min-510x369.jpg 510w, https:\/\/thucphamtienloi.com\/wp-content\/uploads\/2020\/05\/chao-bo-cau-min-1104x800.jpg 1104w, https:\/\/thucphamtienloi.com\/wp-content\/uploads\/2020\/05\/chao-bo-cau-min-768x556.jpg 768w, https:\/\/thucphamtienloi.com\/wp-content\/uploads\/2020\/05\/chao-bo-cau-min-1536x1113.jpg 1536w, https:\/\/thucphamtienloi.com\/wp-content\/uploads\/2020\/05\/chao-bo-cau-min-2048x1484.jpg 2048w, https:\/\/thucphamtienloi.com\/wp-content\/uploads\/2020\/05\/chao-bo-cau-min-600x435.jpg 600w\" sizes=\"auto, (max-width: 600px) 100vw, 600px\" \/><figcaption id=\"caption-attachment-758\" class=\"wp-caption-text\">Chim c\u00e2u n\u1ea5u ch\u00e1o<\/figcaption><\/figure>\n<p><span style=\"font-size: 140%;\">Qu\u00fd kh\u00e1ch \u0111\u1eb7t s\u1ed1 l\u01b0\u1ee3ng nhi\u1ec1u \u0111\u1ec3 ph\u1ee5c v\u1ee5 nh\u00e0 h\u00e0ng ho\u1eb7c l\u00e0m ti\u1ec7c \u0111\u00e3i kh\u00e1ch vui l\u00f2ng li\u00ean h\u1ec7 s\u1edbm v\u1edbi ch\u00fang t\u00f4i :\u00a0<\/span><\/p>\n<p><span style=\"font-size: 140%;\">M\u1ecdi th\u00f4ng tin chi ti\u1ebft v\u1ec1 s\u1ea3n ph\u1ea9m V\u1ecbt Tr\u1eddi vui l\u00f2ng li\u00ean h\u1ec7 :\u00a0<\/span><\/p>\n<p><span style=\"font-size: 140%;\"><strong>Hotline\/Zalo:<\/strong>\u00a0<strong class=\"uppercase\">0987.506.349<\/strong><\/span><\/p>\n<p><span style=\"font-size: 140%;\"><strong>\u0110\u1ecba ch\u1ec9 c\u1eeda h\u00e0ng :\u00a0<\/strong><\/span><\/p>\n<p><span style=\"font-size: 140%;\"><strong>T\u1ea1i S\u00e0i G\u00f2n:<\/strong>\u00a0184\/17 Nguy\u1ec5n Ph\u00fac Chu, P15, Q. T\u00e2n B\u00ecnh , TP HCM (vui l\u00f2ng g\u1ecdi tr\u01b0\u1edbc khi \u0111\u1ebfn)<\/span><\/p>\n<p><span style=\"font-size: 140%;\"><strong>T\u1ea1i H\u00e0 N\u1ed9i\u00a0 :\u00a0\u00a0<\/strong>PH\u00f2ng 2817,Chung c\u01b0 349,V\u0169 T\u00f4ng Phan,Thanh Xu\u00e2n, H\u00e0 N\u1ed9i (vui l\u00f2ng g\u1ecdi tr\u01b0\u1edbc khi \u0111\u1ebfn)<strong><br \/>\n<\/strong><\/span><br \/>\n<span style=\"font-size: 140%;\"><strong>Facebook:\u00a0<a href=\"https:\/\/www.facebook.com\/cuahang3mien\/\">https:\/\/www.facebook.com\/cuahang3mien<\/a><\/strong><\/span><\/p>\n","protected":false},"excerpt":{"rendered":"<p>\u00a0B\u1ed3 c\u00e2u \u0111\u01b0\u1ee3c ch\u1ebf bi\u1ebfn th\u00e0nh nhi\u1ec1u m\u00f3n \u0103n ngon v\u00e0 d\u00f9ng \u0111\u1ec3 b\u1ed3i b\u1ed5 s\u1ee9c kho\u1ebb cho ph\u1ee5 n\u1eef mang thai v\u00e0 ng\u01b0\u1eddi m\u1edbi \u1ed1m d\u1eady. S\u1ea3n ph\u1ea9m t\u1ea1i Th\u1ef1c Ph\u1ea9m Ti\u1ec7n L\u1ee3i \u0111\u00e3 \u0111\u01b0\u1ee3c l\u00e0m s\u1ea1ch s\u1eb5n . Qu\u00fd kh\u00e1ch nh\u1eadn h\u00e0ng r\u1eeda l\u1ea1i l\u00e0 c\u00f3 th\u1ec3 ch\u1ebf bi\u1ebfn \u0111\u01b0\u1ee3c lu\u00f4n. R\u1ea5t ti\u1ec7n [&#8230;]\n","protected":false},"featured_media":446,"comment_status":"closed","ping_status":"closed","template":"","meta":[],"product_brand":[],"product_cat":[71],"product_tag":[199,1032,194,195,196,197,198],"class_list":{"0":"post-445","1":"product","2":"type-product","3":"status-publish","4":"has-post-thumbnail","6":"product_cat-thuc-pham-tuoi-song","7":"product_tag-chim-cau-tai-tan-binh","8":"product_tag-bo-cau-tphcm","9":"product_tag-bo-cau-lam-sach","10":"product_tag-chim-cau-lam-sach","11":"product_tag-chim-cau-tai-sai-gon","12":"product_tag-bo-cau-tai-sai-gon","13":"product_tag-chim-cau-tai-go-vap","15":"first","16":"instock","17":"featured","18":"shipping-taxable","19":"purchasable","20":"product-type-simple"},"yoast_head":"<!-- This site is optimized with the Yoast SEO plugin v27.4 - https:\/\/yoast.com\/product\/yoast-seo-wordpress\/ -->\n<title>B\u1ed3 C\u00e2u L\u00e0m S\u1ea1ch Ship T\u1eadn Nh\u00e0 - \u1ea8M TH\u1ef0C BA MI\u1ec0N<\/title>\n<meta name=\"description\" content=\"B\u1ed3 c\u00e2u t\u1ea1i c\u1eeda h\u00e0ng \u0111\u00e3 \u0111\u01b0\u1ee3c l\u00e0m s\u1ea1ch s\u1eb5n . Qu\u00fd kh\u00e1ch nh\u1eadn h\u00e0ng r\u1eeda l\u1ea1i l\u00e0 c\u00f3 th\u1ec3 ch\u1ebf bi\u1ebfn \u0111\u01b0\u1ee3c lu\u00f4n. R\u1ea5t ti\u1ec7n l\u1ee3i v\u00e0 nhanh ch\u00f3ng.\" \/>\n<meta name=\"robots\" content=\"index, follow, max-snippet:-1, max-image-preview:large, max-video-preview:-1\" \/>\n<link rel=\"canonical\" href=\"https:\/\/thucphamtienloi.com\/?product=bo-cau\" \/>\n<meta property=\"og:locale\" content=\"vi_VN\" \/>\n<meta property=\"og:type\" content=\"article\" \/>\n<meta property=\"og:title\" content=\"B\u1ed3 C\u00e2u L\u00e0m S\u1ea1ch Ship T\u1eadn Nh\u00e0 - \u1ea8M TH\u1ef0C BA MI\u1ec0N\" \/>\n<meta property=\"og:description\" content=\"B\u1ed3 c\u00e2u t\u1ea1i c\u1eeda h\u00e0ng \u0111\u00e3 \u0111\u01b0\u1ee3c l\u00e0m s\u1ea1ch s\u1eb5n . Qu\u00fd kh\u00e1ch nh\u1eadn h\u00e0ng r\u1eeda l\u1ea1i l\u00e0 c\u00f3 th\u1ec3 ch\u1ebf bi\u1ebfn \u0111\u01b0\u1ee3c lu\u00f4n. R\u1ea5t ti\u1ec7n l\u1ee3i v\u00e0 nhanh ch\u00f3ng.\" \/>\n<meta property=\"og:url\" content=\"https:\/\/thucphamtienloi.com\/?product=bo-cau\" \/>\n<meta property=\"og:site_name\" content=\"\u1ea8M TH\u1ef0C BA MI\u1ec0N\" \/>\n<meta property=\"article:modified_time\" content=\"2026-04-15T05:36:49+00:00\" \/>\n<meta property=\"og:image\" content=\"https:\/\/thucphamtienloi.com\/wp-content\/uploads\/2020\/05\/bocau.png\" \/>\n\t<meta property=\"og:image:width\" content=\"300\" \/>\n\t<meta property=\"og:image:height\" content=\"300\" \/>\n\t<meta property=\"og:image:type\" content=\"image\/png\" \/>\n<meta name=\"twitter:card\" content=\"summary_large_image\" \/>\n<meta name=\"twitter:label1\" content=\"\u01af\u1edbc t\u00ednh th\u1eddi gian \u0111\u1ecdc\" \/>\n\t<meta name=\"twitter:data1\" content=\"3 ph\u00fat\" \/>\n<script type=\"application\/ld+json\" class=\"yoast-schema-graph\">{\"@context\":\"https:\\\/\\\/schema.org\",\"@graph\":[{\"@type\":[\"WebPage\",\"ItemPage\"],\"@id\":\"https:\\\/\\\/thucphamtienloi.com\\\/?product=bo-cau\",\"url\":\"https:\\\/\\\/thucphamtienloi.com\\\/?product=bo-cau\",\"name\":\"B\u1ed3 C\u00e2u L\u00e0m S\u1ea1ch Ship T\u1eadn Nh\u00e0 - \u1ea8M TH\u1ef0C BA MI\u1ec0N\",\"isPartOf\":{\"@id\":\"https:\\\/\\\/thucphamtienloi.com\\\/#website\"},\"primaryImageOfPage\":{\"@id\":\"https:\\\/\\\/thucphamtienloi.com\\\/?product=bo-cau#primaryimage\"},\"image\":{\"@id\":\"https:\\\/\\\/thucphamtienloi.com\\\/?product=bo-cau#primaryimage\"},\"thumbnailUrl\":\"https:\\\/\\\/thucphamtienloi.com\\\/wp-content\\\/uploads\\\/2020\\\/05\\\/bocau.png\",\"datePublished\":\"2020-05-27T06:45:34+00:00\",\"dateModified\":\"2026-04-15T05:36:49+00:00\",\"description\":\"B\u1ed3 c\u00e2u t\u1ea1i c\u1eeda h\u00e0ng \u0111\u00e3 \u0111\u01b0\u1ee3c l\u00e0m s\u1ea1ch s\u1eb5n . Qu\u00fd kh\u00e1ch nh\u1eadn h\u00e0ng r\u1eeda l\u1ea1i l\u00e0 c\u00f3 th\u1ec3 ch\u1ebf bi\u1ebfn \u0111\u01b0\u1ee3c lu\u00f4n. R\u1ea5t ti\u1ec7n l\u1ee3i v\u00e0 nhanh ch\u00f3ng.\",\"breadcrumb\":{\"@id\":\"https:\\\/\\\/thucphamtienloi.com\\\/?product=bo-cau#breadcrumb\"},\"inLanguage\":\"vi\",\"potentialAction\":[{\"@type\":\"ReadAction\",\"target\":[\"https:\\\/\\\/thucphamtienloi.com\\\/?product=bo-cau\"]}]},{\"@type\":\"ImageObject\",\"inLanguage\":\"vi\",\"@id\":\"https:\\\/\\\/thucphamtienloi.com\\\/?product=bo-cau#primaryimage\",\"url\":\"https:\\\/\\\/thucphamtienloi.com\\\/wp-content\\\/uploads\\\/2020\\\/05\\\/bocau.png\",\"contentUrl\":\"https:\\\/\\\/thucphamtienloi.com\\\/wp-content\\\/uploads\\\/2020\\\/05\\\/bocau.png\",\"width\":300,\"height\":300,\"caption\":\"b\u1ed3 c\u00e2u\"},{\"@type\":\"BreadcrumbList\",\"@id\":\"https:\\\/\\\/thucphamtienloi.com\\\/?product=bo-cau#breadcrumb\",\"itemListElement\":[{\"@type\":\"ListItem\",\"position\":1,\"name\":\"Trang ch\u1ee7\",\"item\":\"https:\\\/\\\/thucphamtienloi.com\\\/\"},{\"@type\":\"ListItem\",\"position\":2,\"name\":\"C\u1eeda H\u00e0ng\",\"item\":\"https:\\\/\\\/thucphamtienloi.com\\\/?page_id=3334\"},{\"@type\":\"ListItem\",\"position\":3,\"name\":\"Th\u1ef1c Ph\u1ea9m T\u01b0\u01a1i S\u1ed1ng\",\"item\":\"https:\\\/\\\/thucphamtienloi.com\\\/danh-muc-san-pham\\\/thuc-pham-tuoi-song\\\/\"},{\"@type\":\"ListItem\",\"position\":4,\"name\":\"B\u1ed3 C\u00e2u L\u00e0m S\u1ea1ch Ship T\u1eadn Nh\u00e0\"}]},{\"@type\":\"WebSite\",\"@id\":\"https:\\\/\\\/thucphamtienloi.com\\\/#website\",\"url\":\"https:\\\/\\\/thucphamtienloi.com\\\/\",\"name\":\"Th\u1ef1c ph\u1ea9m ti\u1ec7n l\u1ee3i\",\"description\":\"\u1ea8m Th\u1ef1c Qu\u00ea H\u01b0\u01a1ng\",\"publisher\":{\"@id\":\"https:\\\/\\\/thucphamtienloi.com\\\/#organization\"},\"potentialAction\":[{\"@type\":\"SearchAction\",\"target\":{\"@type\":\"EntryPoint\",\"urlTemplate\":\"https:\\\/\\\/thucphamtienloi.com\\\/?s={search_term_string}\"},\"query-input\":{\"@type\":\"PropertyValueSpecification\",\"valueRequired\":true,\"valueName\":\"search_term_string\"}}],\"inLanguage\":\"vi\"},{\"@type\":\"Organization\",\"@id\":\"https:\\\/\\\/thucphamtienloi.com\\\/#organization\",\"name\":\"Th\u1ef1c ph\u1ea9m ti\u1ec7n l\u1ee3i\",\"url\":\"https:\\\/\\\/thucphamtienloi.com\\\/\",\"logo\":{\"@type\":\"ImageObject\",\"inLanguage\":\"vi\",\"@id\":\"https:\\\/\\\/thucphamtienloi.com\\\/#\\\/schema\\\/logo\\\/image\\\/\",\"url\":\"https:\\\/\\\/thucphamtienloi.com\\\/wp-content\\\/uploads\\\/2022\\\/07\\\/THU\u031b\u0323C-PHA\u0302\u0309M-TIE\u0323\u0302N-LO\u031b\u0323I.png\",\"contentUrl\":\"https:\\\/\\\/thucphamtienloi.com\\\/wp-content\\\/uploads\\\/2022\\\/07\\\/THU\u031b\u0323C-PHA\u0302\u0309M-TIE\u0323\u0302N-LO\u031b\u0323I.png\",\"width\":1920,\"height\":1080,\"caption\":\"Th\u1ef1c ph\u1ea9m ti\u1ec7n l\u1ee3i\"},\"image\":{\"@id\":\"https:\\\/\\\/thucphamtienloi.com\\\/#\\\/schema\\\/logo\\\/image\\\/\"}}]}<\/script>\n<!-- \/ Yoast SEO plugin. -->","yoast_head_json":{"title":"B\u1ed3 C\u00e2u L\u00e0m S\u1ea1ch Ship T\u1eadn Nh\u00e0 - \u1ea8M TH\u1ef0C BA MI\u1ec0N","description":"B\u1ed3 c\u00e2u t\u1ea1i c\u1eeda h\u00e0ng \u0111\u00e3 \u0111\u01b0\u1ee3c l\u00e0m s\u1ea1ch s\u1eb5n . Qu\u00fd kh\u00e1ch nh\u1eadn h\u00e0ng r\u1eeda l\u1ea1i l\u00e0 c\u00f3 th\u1ec3 ch\u1ebf bi\u1ebfn \u0111\u01b0\u1ee3c lu\u00f4n. R\u1ea5t ti\u1ec7n l\u1ee3i v\u00e0 nhanh ch\u00f3ng.","robots":{"index":"index","follow":"follow","max-snippet":"max-snippet:-1","max-image-preview":"max-image-preview:large","max-video-preview":"max-video-preview:-1"},"canonical":"https:\/\/thucphamtienloi.com\/?product=bo-cau","og_locale":"vi_VN","og_type":"article","og_title":"B\u1ed3 C\u00e2u L\u00e0m S\u1ea1ch Ship T\u1eadn Nh\u00e0 - \u1ea8M TH\u1ef0C BA MI\u1ec0N","og_description":"B\u1ed3 c\u00e2u t\u1ea1i c\u1eeda h\u00e0ng \u0111\u00e3 \u0111\u01b0\u1ee3c l\u00e0m s\u1ea1ch s\u1eb5n . Qu\u00fd kh\u00e1ch nh\u1eadn h\u00e0ng r\u1eeda l\u1ea1i l\u00e0 c\u00f3 th\u1ec3 ch\u1ebf bi\u1ebfn \u0111\u01b0\u1ee3c lu\u00f4n. R\u1ea5t ti\u1ec7n l\u1ee3i v\u00e0 nhanh ch\u00f3ng.","og_url":"https:\/\/thucphamtienloi.com\/?product=bo-cau","og_site_name":"\u1ea8M TH\u1ef0C BA MI\u1ec0N","article_modified_time":"2026-04-15T05:36:49+00:00","og_image":[{"width":300,"height":300,"url":"https:\/\/thucphamtienloi.com\/wp-content\/uploads\/2020\/05\/bocau.png","type":"image\/png"}],"twitter_card":"summary_large_image","twitter_misc":{"\u01af\u1edbc t\u00ednh th\u1eddi gian \u0111\u1ecdc":"3 ph\u00fat"},"schema":{"@context":"https:\/\/schema.org","@graph":[{"@type":["WebPage","ItemPage"],"@id":"https:\/\/thucphamtienloi.com\/?product=bo-cau","url":"https:\/\/thucphamtienloi.com\/?product=bo-cau","name":"B\u1ed3 C\u00e2u L\u00e0m S\u1ea1ch Ship T\u1eadn Nh\u00e0 - \u1ea8M TH\u1ef0C BA MI\u1ec0N","isPartOf":{"@id":"https:\/\/thucphamtienloi.com\/#website"},"primaryImageOfPage":{"@id":"https:\/\/thucphamtienloi.com\/?product=bo-cau#primaryimage"},"image":{"@id":"https:\/\/thucphamtienloi.com\/?product=bo-cau#primaryimage"},"thumbnailUrl":"https:\/\/thucphamtienloi.com\/wp-content\/uploads\/2020\/05\/bocau.png","datePublished":"2020-05-27T06:45:34+00:00","dateModified":"2026-04-15T05:36:49+00:00","description":"B\u1ed3 c\u00e2u t\u1ea1i c\u1eeda h\u00e0ng \u0111\u00e3 \u0111\u01b0\u1ee3c l\u00e0m s\u1ea1ch s\u1eb5n . Qu\u00fd kh\u00e1ch nh\u1eadn h\u00e0ng r\u1eeda l\u1ea1i l\u00e0 c\u00f3 th\u1ec3 ch\u1ebf bi\u1ebfn \u0111\u01b0\u1ee3c lu\u00f4n. R\u1ea5t ti\u1ec7n l\u1ee3i v\u00e0 nhanh ch\u00f3ng.","breadcrumb":{"@id":"https:\/\/thucphamtienloi.com\/?product=bo-cau#breadcrumb"},"inLanguage":"vi","potentialAction":[{"@type":"ReadAction","target":["https:\/\/thucphamtienloi.com\/?product=bo-cau"]}]},{"@type":"ImageObject","inLanguage":"vi","@id":"https:\/\/thucphamtienloi.com\/?product=bo-cau#primaryimage","url":"https:\/\/thucphamtienloi.com\/wp-content\/uploads\/2020\/05\/bocau.png","contentUrl":"https:\/\/thucphamtienloi.com\/wp-content\/uploads\/2020\/05\/bocau.png","width":300,"height":300,"caption":"b\u1ed3 c\u00e2u"},{"@type":"BreadcrumbList","@id":"https:\/\/thucphamtienloi.com\/?product=bo-cau#breadcrumb","itemListElement":[{"@type":"ListItem","position":1,"name":"Trang ch\u1ee7","item":"https:\/\/thucphamtienloi.com\/"},{"@type":"ListItem","position":2,"name":"C\u1eeda H\u00e0ng","item":"https:\/\/thucphamtienloi.com\/?page_id=3334"},{"@type":"ListItem","position":3,"name":"Th\u1ef1c Ph\u1ea9m T\u01b0\u01a1i S\u1ed1ng","item":"https:\/\/thucphamtienloi.com\/danh-muc-san-pham\/thuc-pham-tuoi-song\/"},{"@type":"ListItem","position":4,"name":"B\u1ed3 C\u00e2u L\u00e0m S\u1ea1ch Ship T\u1eadn Nh\u00e0"}]},{"@type":"WebSite","@id":"https:\/\/thucphamtienloi.com\/#website","url":"https:\/\/thucphamtienloi.com\/","name":"Th\u1ef1c ph\u1ea9m ti\u1ec7n l\u1ee3i","description":"\u1ea8m Th\u1ef1c Qu\u00ea H\u01b0\u01a1ng","publisher":{"@id":"https:\/\/thucphamtienloi.com\/#organization"},"potentialAction":[{"@type":"SearchAction","target":{"@type":"EntryPoint","urlTemplate":"https:\/\/thucphamtienloi.com\/?s={search_term_string}"},"query-input":{"@type":"PropertyValueSpecification","valueRequired":true,"valueName":"search_term_string"}}],"inLanguage":"vi"},{"@type":"Organization","@id":"https:\/\/thucphamtienloi.com\/#organization","name":"Th\u1ef1c ph\u1ea9m ti\u1ec7n l\u1ee3i","url":"https:\/\/thucphamtienloi.com\/","logo":{"@type":"ImageObject","inLanguage":"vi","@id":"https:\/\/thucphamtienloi.com\/#\/schema\/logo\/image\/","url":"https:\/\/thucphamtienloi.com\/wp-content\/uploads\/2022\/07\/THU\u031b\u0323C-PHA\u0302\u0309M-TIE\u0323\u0302N-LO\u031b\u0323I.png","contentUrl":"https:\/\/thucphamtienloi.com\/wp-content\/uploads\/2022\/07\/THU\u031b\u0323C-PHA\u0302\u0309M-TIE\u0323\u0302N-LO\u031b\u0323I.png","width":1920,"height":1080,"caption":"Th\u1ef1c ph\u1ea9m ti\u1ec7n l\u1ee3i"},"image":{"@id":"https:\/\/thucphamtienloi.com\/#\/schema\/logo\/image\/"}}]}},"_links":{"self":[{"href":"https:\/\/thucphamtienloi.com\/index.php?rest_route=\/wp\/v2\/product\/445","targetHints":{"allow":["GET"]}}],"collection":[{"href":"https:\/\/thucphamtienloi.com\/index.php?rest_route=\/wp\/v2\/product"}],"about":[{"href":"https:\/\/thucphamtienloi.com\/index.php?rest_route=\/wp\/v2\/types\/product"}],"replies":[{"embeddable":true,"href":"https:\/\/thucphamtienloi.com\/index.php?rest_route=%2Fwp%2Fv2%2Fcomments&post=445"}],"wp:featuredmedia":[{"embeddable":true,"href":"https:\/\/thucphamtienloi.com\/index.php?rest_route=\/wp\/v2\/media\/446"}],"wp:attachment":[{"href":"https:\/\/thucphamtienloi.com\/index.php?rest_route=%2Fwp%2Fv2%2Fmedia&parent=445"}],"wp:term":[{"taxonomy":"product_brand","embeddable":true,"href":"https:\/\/thucphamtienloi.com\/index.php?rest_route=%2Fwp%2Fv2%2Fproduct_brand&post=445"},{"taxonomy":"product_cat","embeddable":true,"href":"https:\/\/thucphamtienloi.com\/index.php?rest_route=%2Fwp%2Fv2%2Fproduct_cat&post=445"},{"taxonomy":"product_tag","embeddable":true,"href":"https:\/\/thucphamtienloi.com\/index.php?rest_route=%2Fwp%2Fv2%2Fproduct_tag&post=445"}],"curies":[{"name":"wp","href":"https:\/\/api.w.org\/{rel}","templated":true}]}}