{"id":449,"date":"2020-05-27T06:46:06","date_gmt":"2020-05-27T06:46:06","guid":{"rendered":"http:\/\/thucphamtienloi.com\/?post_type=product&#038;p=449"},"modified":"2026-04-15T05:36:32","modified_gmt":"2026-04-15T05:36:32","slug":"vit-troi","status":"publish","type":"product","link":"https:\/\/thucphamtienloi.com\/?product=vit-troi","title":{"rendered":"V\u1ecbt Tr\u1eddi L\u00e0m S\u1ea1ch Ship T\u1eadn Nh\u00e0"},"content":{"rendered":"<p><span style=\"font-size: 140%;\"><strong>V\u1ecbt tr\u1eddi<\/strong> \u0111ang n\u1ed5i l\u00ean nh\u01b0 m\u1ed9t lo\u1ea1i \u0111\u1eb7c s\u1ea3n m\u1edbi v\u00e0 \u0111\u01b0\u1ee3c nhi\u1ec1u \u0111\u1ea1i gia s\u0103n l\u00f9ng. Gi\u1ed1ng v\u1ecbt n\u00e0y c\u00f3 \u01b0u \u0111i\u1ec3m x\u01b0\u01a1ng nh\u1ecf, th\u1ecbt ch\u1eafc, ng\u1ecdt v\u00e0 kh\u00f4ng dai. N\u1ebfu b\u1ea1n ch\u01b0a th\u01b0\u1edfng th\u1ee9c lo\u1ea1i \u0111\u1eb7c s\u1ea3n n\u00e0y h\u00e3y li\u00ean h\u1ec7 v\u1edbi ch\u00fang t\u00f4i \u0111\u1ec3 \u0111\u1eb7t h\u00e0ng nhanh nh\u1ea5t . <strong>Hotline :<\/strong> <strong class=\"uppercase\">0987.506.349.<\/strong><\/span><\/p>\n<p><span style=\"font-size: 140%;\">V\u1ecbt tr\u1eddi t\u1eeb x\u01b0a \u0111\u01b0\u1ee3c bi\u1ebft \u0111\u1ebfn nh\u01b0 m\u1ed9t lo\u1ea1i chim t\u1ef1 nhi\u00ean, hoang d\u00e3. Nh\u1eefng ng\u01b0\u1eddi th\u1ee3 b\u1eaby chim \u0111\u00e1nh b\u1eaft \u0111\u01b0\u1ee3c \u0111em ra ch\u1ee3 b\u00e1n ch\u1ee9 c\u00f3 nh\u00e0 n\u00e0o nu\u00f4i. Trong nh\u1eefng n\u0103m g\u1ea7n \u0111\u00e2y gi\u1ed1ng v\u1ecbt n\u00e0y \u0111\u01b0\u1ee3c thu\u1ea7n ho\u00e1, nu\u00f4i t\u1ea1i m\u1ed9t s\u1ed1 trang tr\u1ea1i . M\u1eb7c d\u00f9 trong m\u00f4i tr\u01b0\u1eddng nu\u00f4i d\u01b0\u1ee1ng nh\u01b0ng V\u1ecbt tr\u1eddi v\u1eabn kh\u00f4ng m\u1ea5t \u0111i nh\u1eefng \u0111\u1eb7c t\u00ednh t\u1ef1 nhi\u00ean nh\u01b0 : th\u1ecbt th\u01a1m, ngon, ng\u1ecdt, dai h\u01a1n h\u1eb3n so v\u1edbi v\u1ecbt nh\u00e0.<\/span><\/p>\n<h2><strong><span style=\"font-size: 140%;\">Quy tr\u00ecnh mua h\u00e0ng v\u00e0 ship h\u00e0ng\u00a0<\/span><\/strong><\/h2>\n<p><span style=\"font-size: 140%;\">V\u1ecbt t\u1ea1i <a href=\"https:\/\/thucphamtienloi.com\/\" target=\"_blank\" rel=\"noopener noreferrer\"><strong>Th\u1ef1c Ph\u1ea9m Ti\u1ec7n L\u1ee3i<\/strong><\/a> l\u00e0 v\u1ecbt s\u1ed1ng 100%. Khi qu\u00fd kh\u00e1ch c\u00f3 nhu c\u1ea7u \u0111\u1eb7t h\u00e0ng th\u00ec c\u1eeda h\u00e0ng m\u1edbi b\u1eaft \u0111\u1ea7u gi\u1ebft m\u1ed5, l\u00e0m s\u1ea1ch v\u1ecbt. Khi giao h\u00e0ng \u0111\u1ebfn qu\u00fd kh\u00e1ch th\u1ecbt v\u1ecb v\u1eabn c\u00f2n t\u01b0\u01a1i ngon . ( <strong>c\u1eeda h\u00e0ng mi\u1ec5n ph\u00ed c\u00f4ng l\u00e0m s\u1ea1ch<\/strong> )<\/span><\/p>\n<figure id=\"attachment_754\" aria-describedby=\"caption-attachment-754\" style=\"width: 600px\" class=\"wp-caption aligncenter\"><img loading=\"lazy\" decoding=\"async\" class=\"wp-image-754\" src=\"https:\/\/thucphamtienloi.com\/wp-content\/uploads\/2020\/05\/vit-troi-lam-sach-min-300x400.jpg\" alt=\"vit-troi-lam-sach\" width=\"600\" height=\"800\" srcset=\"https:\/\/thucphamtienloi.com\/wp-content\/uploads\/2020\/05\/vit-troi-lam-sach-min-300x400.jpg 300w, https:\/\/thucphamtienloi.com\/wp-content\/uploads\/2020\/05\/vit-troi-lam-sach-min-510x680.jpg 510w, https:\/\/thucphamtienloi.com\/wp-content\/uploads\/2020\/05\/vit-troi-lam-sach-min-600x800.jpg 600w, https:\/\/thucphamtienloi.com\/wp-content\/uploads\/2020\/05\/vit-troi-lam-sach-min-768x1024.jpg 768w, https:\/\/thucphamtienloi.com\/wp-content\/uploads\/2020\/05\/vit-troi-lam-sach-min-1152x1536.jpg 1152w, https:\/\/thucphamtienloi.com\/wp-content\/uploads\/2020\/05\/vit-troi-lam-sach-min.jpg 1536w\" sizes=\"auto, (max-width: 600px) 100vw, 600px\" \/><figcaption id=\"caption-attachment-754\" class=\"wp-caption-text\">Kh\u00e1ch h\u00e0ng \u0111\u1eb7t 100 con v\u1ecbt tr\u1eddi v\u1ec1 l\u00e0m ti\u1ec7c \u0111\u00e3i kh\u00e1ch<\/figcaption><\/figure>\n<p><span style=\"font-size: 140%;\">V\u1ecbt sau khi l\u00e0m s\u1ea1ch s\u1ebd c\u00f3 tr\u1ecdng l\u01b0\u1ee3ng kho\u1ea3ng 1kg.con. V\u1edbi tr\u1ecdng l\u01b0\u1ee3ng n\u00e0y th\u00ec r\u1ea5t ph\u00f9 h\u1ee3p v\u1edbi gia \u0111\u00ecnh c\u00f3 2 ng\u01b0\u1eddi l\u1edbn v\u00e0 2 tr\u1ebb nh\u1ecf . N\u1ebfu s\u1ed1 ng\u01b0\u1eddi \u0103n nhi\u1ec1u h\u01a1n, b\u1ea1n c\u00f3 th\u1ec3 \u0111\u1eb7t th\u00eam s\u1ed1 l\u01b0\u1ee3ng v\u1ecbt \u0111\u1ec3 ph\u00f9 h\u1ee3p v\u1edbi b\u1eefa \u0103n.\u00a0<\/span><\/p>\n<p><span style=\"color: #ff0000;\"><strong><span style=\"font-size: 140%;\">L\u01b0u \u00fd :<\/span><\/strong><\/span><\/p>\n<p><span style=\"font-size: 140%;\">+ Do l\u00e0 h\u00e0ng t\u01b0\u01a1i s\u1ed1ng n\u00ean Qu\u00fd kh\u00e1ch vui l\u00f2ng \u0111\u1eb7t tr\u01b0\u1edbc 2 ti\u1ebfng.<\/span><\/p>\n<p><span style=\"font-size: 140%;\">+ Qu\u00fd Kh\u00e1ch <strong>Vui L\u00f2ng Kh\u00f4ng Hu\u1ef7 \u0110\u01a1n Sau Khi \u0110\u00e3 \u0110\u1eb7t H\u00e0ng<\/strong><\/span><\/p>\n<p><span style=\"font-size: 140%;\">+ Qu\u00fd kh\u00e1ch c\u00f3 th\u1ec3 y\u00eau c\u1ea7u l\u1ea5y ti\u1ebft canh v\u00e0 l\u00f2ng m\u1ec1 k\u00e8m theo<\/span><\/p>\n<h2><strong><span style=\"font-size: 140%;\">V\u1ecbt tr\u1eddi ch\u1ebf bi\u1ebfn nh\u01b0 th\u1ebf n\u00e0o\u00a0<\/span><\/strong><\/h2>\n<p><span style=\"font-size: 140%;\">Gi\u1ed1ng v\u1ecbt c\u00f3 ngu\u1ed3n g\u1ed1c t\u1eeb t\u1ef1 nhi\u00ean n\u00e0y c\u00f3 th\u1ec3 ch\u1ebf bi\u1ebfn th\u00e0nh nhi\u1ec1u m\u00f3n \u0103n ngon nh\u01b0 : N\u1ea5u gi\u1ea3 c\u1ea7y, om s\u1ea5u, n\u01b0\u1edbng hay \u0111\u01a1n gi\u1ea3n l\u00e0 V\u1ecbt tr\u1eddi lu\u1ed9c. N\u1ebfu qu\u00fd kh\u00e1ch c\u00f3 nhu c\u1ea7u ch\u1ebf bi\u1ebfn ho\u1eb7c t\u1ea9m \u01b0\u1edbp gia v\u1ecb s\u1eb5n. C\u1eeda h\u00e0ng ch\u00fang t\u00f4i s\u1ebd h\u1ed7 tr\u1ee3 qu\u00fd kh\u00e1ch v\u1edbi chi ph\u00ed \u01b0u \u0111\u00e3i \u0111\u1eb7c bi\u1ec7t.<\/span><\/p>\n<figure id=\"attachment_755\" aria-describedby=\"caption-attachment-755\" style=\"width: 600px\" class=\"wp-caption aligncenter\"><img loading=\"lazy\" decoding=\"async\" class=\"wp-image-755\" src=\"https:\/\/thucphamtienloi.com\/wp-content\/uploads\/2020\/05\/vit-troi-tam-uop-san-300x400.jpg\" alt=\"vit-troi-hap-la-dong\" width=\"600\" height=\"800\" srcset=\"https:\/\/thucphamtienloi.com\/wp-content\/uploads\/2020\/05\/vit-troi-tam-uop-san-300x400.jpg 300w, https:\/\/thucphamtienloi.com\/wp-content\/uploads\/2020\/05\/vit-troi-tam-uop-san-510x680.jpg 510w, https:\/\/thucphamtienloi.com\/wp-content\/uploads\/2020\/05\/vit-troi-tam-uop-san-600x800.jpg 600w, https:\/\/thucphamtienloi.com\/wp-content\/uploads\/2020\/05\/vit-troi-tam-uop-san.jpg 720w\" sizes=\"auto, (max-width: 600px) 100vw, 600px\" \/><figcaption id=\"caption-attachment-755\" class=\"wp-caption-text\">V\u1ecbt tr\u1eddi h\u1ea5p l\u00e1 dong<\/figcaption><\/figure>\n<p><span style=\"font-size: 140%;\">M\u1ecdi th\u00f4ng tin chi ti\u1ebft v\u1ec1 s\u1ea3n ph\u1ea9m V\u1ecbt Tr\u1eddi vui l\u00f2ng li\u00ean h\u1ec7 :\u00a0<\/span><\/p>\n<p><strong>Hotline\/Zalo:<\/strong>\u00a0<strong>0987.506.349<\/strong><\/p>\n<p><strong>\u0110\u1ecba ch\u1ec9 c\u1eeda h\u00e0ng :\u00a0<\/strong><\/p>\n<p><strong>T\u1ea1i S\u00e0i G\u00f2n:<\/strong>\u00a0184\/17 Nguy\u1ec5n Ph\u00fac Chu, P15, Q. T\u00e2n B\u00ecnh , TP HCM (vui l\u00f2ng g\u1ecdi tr\u01b0\u1edbc khi \u0111\u1ebfn)<br \/>\n<strong>T\u1ea1i H\u00e0 N\u1ed9i : <\/strong>Chung c\u01b0 349, V\u0169 T\u00f4ng Phan, Thanh Xu\u00e2n, H\u00e0 N\u1ed9i (vui l\u00f2ng g\u1ecdi tr\u01b0\u1edbc khi \u0111\u1ebfn)<\/p>\n<p><strong>Facebook:\u00a0<a href=\"https:\/\/www.facebook.com\/thucphamtienloiFB\">TH\u1ef0C PH\u1ea8M TI\u1ec6N L\u1ee2I<\/a><\/strong><\/p>\n","protected":false},"excerpt":{"rendered":"<p><span style=\"font-size: 140%;\"><strong>V\u1ecbt tr\u1eddi<\/strong> \u0111ang n\u1ed5i l\u00ean nh\u01b0 m\u1ed9t lo\u1ea1i \u0111\u1eb7c s\u1ea3n m\u1edbi v\u00e0 \u0111\u01b0\u1ee3c nhi\u1ec1u \u0111\u1ea1i gia s\u0103n l\u00f9ng. Gi\u1ed1ng v\u1ecbt n\u00e0y c\u00f3 \u01b0u \u0111i\u1ec3m x\u01b0\u01a1ng nh\u1ecf, th\u1ecbt ch\u1eafc, ng\u1ecdt v\u00e0 kh\u00f4ng dai. N\u1ebfu b\u1ea1n ch\u01b0a th\u01b0\u1edfng th\u1ee9c lo\u1ea1i \u0111\u1eb7c s\u1ea3n n\u00e0y h\u00e3y li\u00ean h\u1ec7 v\u1edbi ch\u00fang t\u00f4i \u0111\u1ec3 \u0111\u1eb7t h\u00e0ng nhanh nh\u1ea5t . <strong>Hotline :<\/strong> <strong class=\"uppercase\">0987.506.349.<\/strong><\/span><\/p>\n","protected":false},"featured_media":448,"comment_status":"closed","ping_status":"closed","template":"","meta":[],"product_brand":[],"product_cat":[68,71],"product_tag":[552,553,554,555],"class_list":{"0":"post-449","1":"product","2":"type-product","3":"status-publish","4":"has-post-thumbnail","6":"product_cat-dac-san-mien-bac","7":"product_cat-thuc-pham-tuoi-song","8":"product_tag-vit-troi","9":"product_tag-vit-troi-lam-sach","10":"product_tag-cua-hang-ban-vit-troi-tai-sai-gon","11":"product_tag-cua-hang-ban-vit-troi-tai-tp-hcm","13":"first","14":"instock","15":"featured","16":"shipping-taxable","17":"purchasable","18":"product-type-simple"},"yoast_head":"<!-- This site is optimized with the Yoast SEO plugin v27.4 - https:\/\/yoast.com\/product\/yoast-seo-wordpress\/ -->\n<title>V\u1ecbt Tr\u1eddi L\u00e0m S\u1ea1ch Ship T\u1eadn Nh\u00e0 - S\u1ec9 &amp; l\u1ebb to\u00e0n qu\u1ed1c<\/title>\n<meta name=\"description\" content=\"v\u1ecbt tr\u1eddi c\u00f3 \u01b0u \u0111i\u1ec3m x\u01b0\u01a1ng nh\u1ecf, th\u1ecbt ch\u1eafc, ng\u1ecdt v\u00e0 kh\u00f4ng dai. h\u00e3y li\u00ean h\u1ec7 v\u1edbi ch\u00fang t\u00f4i \u0111\u1ec3 \u0111\u1eb7t h\u00e0ng nhanh nh\u1ea5t . Hotline\/Zalo : 0987.506.349\" \/>\n<meta name=\"robots\" content=\"index, follow, max-snippet:-1, max-image-preview:large, max-video-preview:-1\" \/>\n<link rel=\"canonical\" href=\"https:\/\/thucphamtienloi.com\/?product=vit-troi\" \/>\n<meta property=\"og:locale\" content=\"vi_VN\" \/>\n<meta property=\"og:type\" content=\"article\" \/>\n<meta property=\"og:title\" content=\"V\u1ecbt Tr\u1eddi L\u00e0m S\u1ea1ch Ship T\u1eadn Nh\u00e0 - S\u1ec9 &amp; l\u1ebb to\u00e0n qu\u1ed1c\" \/>\n<meta property=\"og:description\" content=\"v\u1ecbt tr\u1eddi c\u00f3 \u01b0u \u0111i\u1ec3m x\u01b0\u01a1ng nh\u1ecf, th\u1ecbt ch\u1eafc, ng\u1ecdt v\u00e0 kh\u00f4ng dai. h\u00e3y li\u00ean h\u1ec7 v\u1edbi ch\u00fang t\u00f4i \u0111\u1ec3 \u0111\u1eb7t h\u00e0ng nhanh nh\u1ea5t . Hotline\/Zalo : 0987.506.349\" \/>\n<meta property=\"og:url\" content=\"https:\/\/thucphamtienloi.com\/?product=vit-troi\" \/>\n<meta property=\"og:site_name\" content=\"\u1ea8M TH\u1ef0C BA MI\u1ec0N\" \/>\n<meta property=\"article:modified_time\" content=\"2026-04-15T05:36:32+00:00\" \/>\n<meta property=\"og:image\" content=\"https:\/\/thucphamtienloi.com\/wp-content\/uploads\/2020\/05\/vittroi.png\" \/>\n\t<meta property=\"og:image:width\" content=\"300\" \/>\n\t<meta property=\"og:image:height\" content=\"300\" \/>\n\t<meta property=\"og:image:type\" content=\"image\/png\" \/>\n<meta name=\"twitter:card\" content=\"summary_large_image\" \/>\n<meta name=\"twitter:label1\" content=\"\u01af\u1edbc t\u00ednh th\u1eddi gian \u0111\u1ecdc\" \/>\n\t<meta name=\"twitter:data1\" content=\"3 ph\u00fat\" \/>\n<script type=\"application\/ld+json\" class=\"yoast-schema-graph\">{\"@context\":\"https:\\\/\\\/schema.org\",\"@graph\":[{\"@type\":[\"WebPage\",\"ItemPage\"],\"@id\":\"https:\\\/\\\/thucphamtienloi.com\\\/?product=vit-troi\",\"url\":\"https:\\\/\\\/thucphamtienloi.com\\\/?product=vit-troi\",\"name\":\"V\u1ecbt Tr\u1eddi L\u00e0m S\u1ea1ch Ship T\u1eadn Nh\u00e0 - S\u1ec9 & l\u1ebb to\u00e0n qu\u1ed1c\",\"isPartOf\":{\"@id\":\"https:\\\/\\\/thucphamtienloi.com\\\/#website\"},\"primaryImageOfPage\":{\"@id\":\"https:\\\/\\\/thucphamtienloi.com\\\/?product=vit-troi#primaryimage\"},\"image\":{\"@id\":\"https:\\\/\\\/thucphamtienloi.com\\\/?product=vit-troi#primaryimage\"},\"thumbnailUrl\":\"https:\\\/\\\/thucphamtienloi.com\\\/wp-content\\\/uploads\\\/2020\\\/05\\\/vittroi.png\",\"datePublished\":\"2020-05-27T06:46:06+00:00\",\"dateModified\":\"2026-04-15T05:36:32+00:00\",\"description\":\"v\u1ecbt tr\u1eddi c\u00f3 \u01b0u \u0111i\u1ec3m x\u01b0\u01a1ng nh\u1ecf, th\u1ecbt ch\u1eafc, ng\u1ecdt v\u00e0 kh\u00f4ng dai. h\u00e3y li\u00ean h\u1ec7 v\u1edbi ch\u00fang t\u00f4i \u0111\u1ec3 \u0111\u1eb7t h\u00e0ng nhanh nh\u1ea5t . Hotline\\\/Zalo : 0987.506.349\",\"breadcrumb\":{\"@id\":\"https:\\\/\\\/thucphamtienloi.com\\\/?product=vit-troi#breadcrumb\"},\"inLanguage\":\"vi\",\"potentialAction\":[{\"@type\":\"ReadAction\",\"target\":[\"https:\\\/\\\/thucphamtienloi.com\\\/?product=vit-troi\"]}]},{\"@type\":\"ImageObject\",\"inLanguage\":\"vi\",\"@id\":\"https:\\\/\\\/thucphamtienloi.com\\\/?product=vit-troi#primaryimage\",\"url\":\"https:\\\/\\\/thucphamtienloi.com\\\/wp-content\\\/uploads\\\/2020\\\/05\\\/vittroi.png\",\"contentUrl\":\"https:\\\/\\\/thucphamtienloi.com\\\/wp-content\\\/uploads\\\/2020\\\/05\\\/vittroi.png\",\"width\":300,\"height\":300,\"caption\":\"v\u1ecbt tr\u1eddi\"},{\"@type\":\"BreadcrumbList\",\"@id\":\"https:\\\/\\\/thucphamtienloi.com\\\/?product=vit-troi#breadcrumb\",\"itemListElement\":[{\"@type\":\"ListItem\",\"position\":1,\"name\":\"Trang ch\u1ee7\",\"item\":\"https:\\\/\\\/thucphamtienloi.com\\\/\"},{\"@type\":\"ListItem\",\"position\":2,\"name\":\"C\u1eeda H\u00e0ng\",\"item\":\"https:\\\/\\\/thucphamtienloi.com\\\/?page_id=3334\"},{\"@type\":\"ListItem\",\"position\":3,\"name\":\"\u0110\u1eb7c S\u1ea3n Mi\u1ec1n B\u1eafc\",\"item\":\"https:\\\/\\\/thucphamtienloi.com\\\/danh-muc-san-pham\\\/dac-san-mien-bac\\\/\"},{\"@type\":\"ListItem\",\"position\":4,\"name\":\"V\u1ecbt Tr\u1eddi L\u00e0m S\u1ea1ch Ship T\u1eadn Nh\u00e0\"}]},{\"@type\":\"WebSite\",\"@id\":\"https:\\\/\\\/thucphamtienloi.com\\\/#website\",\"url\":\"https:\\\/\\\/thucphamtienloi.com\\\/\",\"name\":\"Th\u1ef1c ph\u1ea9m ti\u1ec7n l\u1ee3i\",\"description\":\"\u1ea8m Th\u1ef1c Qu\u00ea H\u01b0\u01a1ng\",\"publisher\":{\"@id\":\"https:\\\/\\\/thucphamtienloi.com\\\/#organization\"},\"potentialAction\":[{\"@type\":\"SearchAction\",\"target\":{\"@type\":\"EntryPoint\",\"urlTemplate\":\"https:\\\/\\\/thucphamtienloi.com\\\/?s={search_term_string}\"},\"query-input\":{\"@type\":\"PropertyValueSpecification\",\"valueRequired\":true,\"valueName\":\"search_term_string\"}}],\"inLanguage\":\"vi\"},{\"@type\":\"Organization\",\"@id\":\"https:\\\/\\\/thucphamtienloi.com\\\/#organization\",\"name\":\"Th\u1ef1c ph\u1ea9m ti\u1ec7n l\u1ee3i\",\"url\":\"https:\\\/\\\/thucphamtienloi.com\\\/\",\"logo\":{\"@type\":\"ImageObject\",\"inLanguage\":\"vi\",\"@id\":\"https:\\\/\\\/thucphamtienloi.com\\\/#\\\/schema\\\/logo\\\/image\\\/\",\"url\":\"https:\\\/\\\/thucphamtienloi.com\\\/wp-content\\\/uploads\\\/2022\\\/07\\\/THU\u031b\u0323C-PHA\u0302\u0309M-TIE\u0323\u0302N-LO\u031b\u0323I.png\",\"contentUrl\":\"https:\\\/\\\/thucphamtienloi.com\\\/wp-content\\\/uploads\\\/2022\\\/07\\\/THU\u031b\u0323C-PHA\u0302\u0309M-TIE\u0323\u0302N-LO\u031b\u0323I.png\",\"width\":1920,\"height\":1080,\"caption\":\"Th\u1ef1c ph\u1ea9m ti\u1ec7n l\u1ee3i\"},\"image\":{\"@id\":\"https:\\\/\\\/thucphamtienloi.com\\\/#\\\/schema\\\/logo\\\/image\\\/\"}}]}<\/script>\n<!-- \/ Yoast SEO plugin. -->","yoast_head_json":{"title":"V\u1ecbt Tr\u1eddi L\u00e0m S\u1ea1ch Ship T\u1eadn Nh\u00e0 - S\u1ec9 & l\u1ebb to\u00e0n qu\u1ed1c","description":"v\u1ecbt tr\u1eddi c\u00f3 \u01b0u \u0111i\u1ec3m x\u01b0\u01a1ng nh\u1ecf, th\u1ecbt ch\u1eafc, ng\u1ecdt v\u00e0 kh\u00f4ng dai. h\u00e3y li\u00ean h\u1ec7 v\u1edbi ch\u00fang t\u00f4i \u0111\u1ec3 \u0111\u1eb7t h\u00e0ng nhanh nh\u1ea5t . Hotline\/Zalo : 0987.506.349","robots":{"index":"index","follow":"follow","max-snippet":"max-snippet:-1","max-image-preview":"max-image-preview:large","max-video-preview":"max-video-preview:-1"},"canonical":"https:\/\/thucphamtienloi.com\/?product=vit-troi","og_locale":"vi_VN","og_type":"article","og_title":"V\u1ecbt Tr\u1eddi L\u00e0m S\u1ea1ch Ship T\u1eadn Nh\u00e0 - S\u1ec9 & l\u1ebb to\u00e0n qu\u1ed1c","og_description":"v\u1ecbt tr\u1eddi c\u00f3 \u01b0u \u0111i\u1ec3m x\u01b0\u01a1ng nh\u1ecf, th\u1ecbt ch\u1eafc, ng\u1ecdt v\u00e0 kh\u00f4ng dai. h\u00e3y li\u00ean h\u1ec7 v\u1edbi ch\u00fang t\u00f4i \u0111\u1ec3 \u0111\u1eb7t h\u00e0ng nhanh nh\u1ea5t . Hotline\/Zalo : 0987.506.349","og_url":"https:\/\/thucphamtienloi.com\/?product=vit-troi","og_site_name":"\u1ea8M TH\u1ef0C BA MI\u1ec0N","article_modified_time":"2026-04-15T05:36:32+00:00","og_image":[{"width":300,"height":300,"url":"https:\/\/thucphamtienloi.com\/wp-content\/uploads\/2020\/05\/vittroi.png","type":"image\/png"}],"twitter_card":"summary_large_image","twitter_misc":{"\u01af\u1edbc t\u00ednh th\u1eddi gian \u0111\u1ecdc":"3 ph\u00fat"},"schema":{"@context":"https:\/\/schema.org","@graph":[{"@type":["WebPage","ItemPage"],"@id":"https:\/\/thucphamtienloi.com\/?product=vit-troi","url":"https:\/\/thucphamtienloi.com\/?product=vit-troi","name":"V\u1ecbt Tr\u1eddi L\u00e0m S\u1ea1ch Ship T\u1eadn Nh\u00e0 - S\u1ec9 & l\u1ebb to\u00e0n qu\u1ed1c","isPartOf":{"@id":"https:\/\/thucphamtienloi.com\/#website"},"primaryImageOfPage":{"@id":"https:\/\/thucphamtienloi.com\/?product=vit-troi#primaryimage"},"image":{"@id":"https:\/\/thucphamtienloi.com\/?product=vit-troi#primaryimage"},"thumbnailUrl":"https:\/\/thucphamtienloi.com\/wp-content\/uploads\/2020\/05\/vittroi.png","datePublished":"2020-05-27T06:46:06+00:00","dateModified":"2026-04-15T05:36:32+00:00","description":"v\u1ecbt tr\u1eddi c\u00f3 \u01b0u \u0111i\u1ec3m x\u01b0\u01a1ng nh\u1ecf, th\u1ecbt ch\u1eafc, ng\u1ecdt v\u00e0 kh\u00f4ng dai. h\u00e3y li\u00ean h\u1ec7 v\u1edbi ch\u00fang t\u00f4i \u0111\u1ec3 \u0111\u1eb7t h\u00e0ng nhanh nh\u1ea5t . Hotline\/Zalo : 0987.506.349","breadcrumb":{"@id":"https:\/\/thucphamtienloi.com\/?product=vit-troi#breadcrumb"},"inLanguage":"vi","potentialAction":[{"@type":"ReadAction","target":["https:\/\/thucphamtienloi.com\/?product=vit-troi"]}]},{"@type":"ImageObject","inLanguage":"vi","@id":"https:\/\/thucphamtienloi.com\/?product=vit-troi#primaryimage","url":"https:\/\/thucphamtienloi.com\/wp-content\/uploads\/2020\/05\/vittroi.png","contentUrl":"https:\/\/thucphamtienloi.com\/wp-content\/uploads\/2020\/05\/vittroi.png","width":300,"height":300,"caption":"v\u1ecbt tr\u1eddi"},{"@type":"BreadcrumbList","@id":"https:\/\/thucphamtienloi.com\/?product=vit-troi#breadcrumb","itemListElement":[{"@type":"ListItem","position":1,"name":"Trang ch\u1ee7","item":"https:\/\/thucphamtienloi.com\/"},{"@type":"ListItem","position":2,"name":"C\u1eeda H\u00e0ng","item":"https:\/\/thucphamtienloi.com\/?page_id=3334"},{"@type":"ListItem","position":3,"name":"\u0110\u1eb7c S\u1ea3n Mi\u1ec1n B\u1eafc","item":"https:\/\/thucphamtienloi.com\/danh-muc-san-pham\/dac-san-mien-bac\/"},{"@type":"ListItem","position":4,"name":"V\u1ecbt Tr\u1eddi L\u00e0m S\u1ea1ch Ship T\u1eadn Nh\u00e0"}]},{"@type":"WebSite","@id":"https:\/\/thucphamtienloi.com\/#website","url":"https:\/\/thucphamtienloi.com\/","name":"Th\u1ef1c ph\u1ea9m ti\u1ec7n l\u1ee3i","description":"\u1ea8m Th\u1ef1c Qu\u00ea H\u01b0\u01a1ng","publisher":{"@id":"https:\/\/thucphamtienloi.com\/#organization"},"potentialAction":[{"@type":"SearchAction","target":{"@type":"EntryPoint","urlTemplate":"https:\/\/thucphamtienloi.com\/?s={search_term_string}"},"query-input":{"@type":"PropertyValueSpecification","valueRequired":true,"valueName":"search_term_string"}}],"inLanguage":"vi"},{"@type":"Organization","@id":"https:\/\/thucphamtienloi.com\/#organization","name":"Th\u1ef1c ph\u1ea9m ti\u1ec7n l\u1ee3i","url":"https:\/\/thucphamtienloi.com\/","logo":{"@type":"ImageObject","inLanguage":"vi","@id":"https:\/\/thucphamtienloi.com\/#\/schema\/logo\/image\/","url":"https:\/\/thucphamtienloi.com\/wp-content\/uploads\/2022\/07\/THU\u031b\u0323C-PHA\u0302\u0309M-TIE\u0323\u0302N-LO\u031b\u0323I.png","contentUrl":"https:\/\/thucphamtienloi.com\/wp-content\/uploads\/2022\/07\/THU\u031b\u0323C-PHA\u0302\u0309M-TIE\u0323\u0302N-LO\u031b\u0323I.png","width":1920,"height":1080,"caption":"Th\u1ef1c ph\u1ea9m ti\u1ec7n l\u1ee3i"},"image":{"@id":"https:\/\/thucphamtienloi.com\/#\/schema\/logo\/image\/"}}]}},"_links":{"self":[{"href":"https:\/\/thucphamtienloi.com\/index.php?rest_route=\/wp\/v2\/product\/449","targetHints":{"allow":["GET"]}}],"collection":[{"href":"https:\/\/thucphamtienloi.com\/index.php?rest_route=\/wp\/v2\/product"}],"about":[{"href":"https:\/\/thucphamtienloi.com\/index.php?rest_route=\/wp\/v2\/types\/product"}],"replies":[{"embeddable":true,"href":"https:\/\/thucphamtienloi.com\/index.php?rest_route=%2Fwp%2Fv2%2Fcomments&post=449"}],"wp:featuredmedia":[{"embeddable":true,"href":"https:\/\/thucphamtienloi.com\/index.php?rest_route=\/wp\/v2\/media\/448"}],"wp:attachment":[{"href":"https:\/\/thucphamtienloi.com\/index.php?rest_route=%2Fwp%2Fv2%2Fmedia&parent=449"}],"wp:term":[{"taxonomy":"product_brand","embeddable":true,"href":"https:\/\/thucphamtienloi.com\/index.php?rest_route=%2Fwp%2Fv2%2Fproduct_brand&post=449"},{"taxonomy":"product_cat","embeddable":true,"href":"https:\/\/thucphamtienloi.com\/index.php?rest_route=%2Fwp%2Fv2%2Fproduct_cat&post=449"},{"taxonomy":"product_tag","embeddable":true,"href":"https:\/\/thucphamtienloi.com\/index.php?rest_route=%2Fwp%2Fv2%2Fproduct_tag&post=449"}],"curies":[{"name":"wp","href":"https:\/\/api.w.org\/{rel}","templated":true}]}}