{"id":450,"date":"2020-05-27T06:46:38","date_gmt":"2020-05-27T06:46:38","guid":{"rendered":"http:\/\/thucphamtienloi.com\/?post_type=product&#038;p=450"},"modified":"2026-04-15T05:36:12","modified_gmt":"2026-04-15T05:36:12","slug":"heo-moi","status":"publish","type":"product","link":"https:\/\/thucphamtienloi.com\/?product=heo-moi","title":{"rendered":"Heo M\u1ecdi T\u01b0\u01a1i S\u1ed1ng Nguy\u00ean Con"},"content":{"rendered":"<p><span style=\"font-size: 100%;\"><strong>Heo m\u1ecdi<\/strong> hay c\u00f2n \u0111\u01b0\u1ee3c g\u1ecdi v\u1edbi nhi\u1ec1u c\u00e1i t\u00ean kh\u00e1c nh\u01b0 : <strong>Heo \u0111en, l\u1ee3n \u0111en<\/strong> &#8230;.. \u0110\u00e2y l\u00e0 gi\u1ed1ng l\u1ee3n \u0111\u01b0\u1ee3c lai t\u1ea1o gi\u1eefa heo r\u1eebng v\u00e0 heo nh\u00e0. <strong><a href=\"https:\/\/thucphamtienloi.com\/\" target=\"_blank\" rel=\"noopener noreferrer\">Th\u1ef1c Ph\u1ea9m Ti\u1ec7n L\u1ee3i<\/a><\/strong> l\u00e0 m\u1ed9t trong s\u1ed1 \u00edt c\u1eeda h\u00e0ng cung c\u1ea5p <strong>heo m\u1ecdi t\u01b0\u01a1i s\u1ed1ng t\u1ea1i Tp HCM. <\/strong><span style=\"color: #ed1c24;\">Qu\u00fd kh\u00e1ch \u0111\u1eb7t mua s\u1ea3n ph\u1ea9m vui l\u00f2ng li\u00ean h\u1ec7<strong>: <strong class=\"uppercase\">0987.506.349<\/strong><\/strong><\/span><\/span><\/p>\n<p><strong>L\u01b0u \u00fd :<\/strong><\/p>\n<p>+ Do l\u00e0 h\u00e0ng t\u01b0\u01a1i s\u1ed1ng n\u00ean Qu\u00fd kh\u00e1ch vui l\u00f2ng \u0111\u1eb7t tr\u01b0\u1edbc 1 ng\u00e0y.<\/p>\n<p>+ Qu\u00fd Kh\u00e1ch\u00a0<strong>Vui L\u00f2ng Kh\u00f4ng Hu\u1ef7 \u0110\u01a1n Sau Khi \u0110\u00e3 \u0110\u1eb7t H\u00e0ng<\/strong><\/p>\n<h2><strong>\u0110\u1eb7c \u0111i\u1ec3m c\u1ee7a heo m\u1ecdi<\/strong><\/h2>\n<figure id=\"attachment_774\" aria-describedby=\"caption-attachment-774\" style=\"width: 600px\" class=\"wp-caption aligncenter\"><img loading=\"lazy\" decoding=\"async\" class=\"wp-image-774\" src=\"https:\/\/thucphamtienloi.com\/wp-content\/uploads\/2020\/05\/heo_moi_nguyen_con-577x400.jpg\" alt=\"heo-moi\" width=\"600\" height=\"416\" srcset=\"https:\/\/thucphamtienloi.com\/wp-content\/uploads\/2020\/05\/heo_moi_nguyen_con-577x400.jpg 577w, https:\/\/thucphamtienloi.com\/wp-content\/uploads\/2020\/05\/heo_moi_nguyen_con-510x354.jpg 510w, https:\/\/thucphamtienloi.com\/wp-content\/uploads\/2020\/05\/heo_moi_nguyen_con-600x416.jpg 600w, https:\/\/thucphamtienloi.com\/wp-content\/uploads\/2020\/05\/heo_moi_nguyen_con.jpg 750w\" sizes=\"auto, (max-width: 600px) 100vw, 600px\" \/><figcaption id=\"caption-attachment-774\" class=\"wp-caption-text\">Gi\u1ed1ng heo nu\u00f4i r\u1ea5t ch\u1eadm l\u1edbn<\/figcaption><\/figure>\n<p>Heo m\u1ecdi c\u00f3 h\u00ecnh d\u00e1ng nh\u1ecf con, nu\u00f4i ch\u1eadm l\u1edbn. Tuy nhi\u00ean ch\u00fang c\u00f3 ch\u1ea5t l\u01b0\u1ee3ng th\u1ecbt r\u1ea5t ngon v\u00e0 s\u0103n ch\u1eafc.Heo \u0111en \u0111\u01b0\u1ee3c nu\u00f4i th\u1ea3, th\u01b0\u1eddng ch\u1ec9 n\u1eb7ng tr\u00ean d\u01b0\u1edbi 10 kg, l\u01b0ng cong, th\u1ecbt r\u1ea5t s\u0103n ch\u1eafc.\u00a0<\/p>\n<p>Heo \u0111en da d\u00e0y, \u0111en, nhi\u1ec1u n\u1ea1c, l\u1edbp m\u1ee1 m\u1ecfng c\u0169ng g\u1ea7n gi\u1ed1ng v\u1edbi \u0111\u1eb7c tr\u01b0ng c\u1ee7a l\u1ee3n si\u00eau n\u1ea1c hi\u1ec7n nay.<\/p>\n<p>Th\u1ecbt l\u1ee3n m\u00e1n nu\u00f4i t\u1ef1 nhi\u00ean, kh\u00f4ng c\u00e1m t\u0103ng tr\u1ecdng,mi\u1ebfng th\u1ecbt m\u00e0u \u0111\u1ecf t\u01b0\u01a1i, b\u00ec d\u00e0y m\u00e0u hanh v\u00e0ng, nhi\u1ec1u n\u1ea1c \u00edt m\u1ee1, kh\u00e1c h\u1eb3n v\u1edbi th\u1ecbt l\u1ee3n nh\u00e0.<\/p>\n<p>Th\u1ecbt l\u1ee3n \u0111en c\u00f3 gi\u00e1 \u0111\u1eaft g\u1ea5p \u0111\u00f4i, g\u1ea5p ba th\u1ecbt l\u1ee3n nh\u00e0.<\/p>\n<h2><strong>Heo m\u1ecdi l\u00e0m m\u00f3n g\u00ec ngon?<\/strong><\/h2>\n<p><strong>Th\u1ecbt heo m\u1ecdi n\u1ea5u m\u00f3n g\u00ec<\/strong> c\u0169ng ngon. V\u1edbi \u0111\u1eb7c t\u00ednh da gi\u00f2n, th\u1ecbt dai, ng\u1ecdt v\u00e0 kh\u00f4ng ng\u00e1n do \u0111\u00f3 l\u00e0m \u0111\u01b0\u1ee3c r\u1ea5t nhi\u1ec1u m\u00f3n h\u1ea5p d\u1eabn nh\u01b0: n\u01b0\u1edbng, x\u00e0o l\u0103n, h\u1ea5p, chi\u00ean, t\u00e1i gi\u1ea5m&#8230;.<\/p>\n<h3><strong>Th\u1ecbt heo x\u00e0o s\u1ea3 \u1edbt<\/strong><\/h3>\n<figure id=\"attachment_772\" aria-describedby=\"caption-attachment-772\" style=\"width: 601px\" class=\"wp-caption aligncenter\"><img loading=\"lazy\" decoding=\"async\" class=\"wp-image-772\" src=\"https:\/\/thucphamtienloi.com\/wp-content\/uploads\/2020\/05\/heo-moi-xao-xa-ot-min-600x400.jpg\" alt=\"heo-moi-xa-ot\" width=\"601\" height=\"401\" srcset=\"https:\/\/thucphamtienloi.com\/wp-content\/uploads\/2020\/05\/heo-moi-xao-xa-ot-min-600x400.jpg 600w, https:\/\/thucphamtienloi.com\/wp-content\/uploads\/2020\/05\/heo-moi-xao-xa-ot-min-510x340.jpg 510w, https:\/\/thucphamtienloi.com\/wp-content\/uploads\/2020\/05\/heo-moi-xao-xa-ot-min.jpg 640w\" sizes=\"auto, (max-width: 601px) 100vw, 601px\" \/><figcaption id=\"caption-attachment-772\" class=\"wp-caption-text\">Th\u1ecbt heo x\u00e0o x\u1ea3 \u1edbt<\/figcaption><\/figure>\n<p><strong>Th\u1ecbt heo m\u1ecdi\u00a0 x\u00e0o s\u1ea3 \u1edbt<\/strong> l\u00e0 m\u1ed9t trong nh\u1eefng m\u00f3n \u0103n r\u1ea5t \u0111\u01b0\u1ee3c \u01b0a chu\u1ed9ng t\u1ea1i c\u00e1c b\u00e0n nh\u1eadu. Th\u1ecbt heo dai dai, th\u01a1m ng\u1ecdt qu\u1ec7n c\u00f9ng m\u00f9i th\u01a1m n\u1ed3ng \u0111\u1eb7c tr\u01b0ng c\u1ee7a s\u1ea3 v\u00e0 ch\u00fat cay cay c\u1ee7a \u1edbt v\u00e0 rau m\u00f9i t\u1ea1o n\u00ean m\u1ed9t h\u01b0\u01a1ng v\u1ecb \u0111\u1eb7c th\u00f9. C\u00e1ch l\u00e0m c\u0169ng v\u00f4 c\u00f9ng \u0111\u01a1n gi\u1ea3n.<\/p>\n<ul>\n<li>Th\u1ecbt heo l\u00e0m s\u1ea1ch, th\u00e1i mi\u1ebfng m\u1ecfng v\u1eeba \u0103n. B\u1ea1n nh\u1edb \u0111\u1ec3 c\u1ea3 ph\u1ea7n da, v\u00ec th\u1ecbt heo r\u1eebng n\u00ean b\u00ec s\u1ebd gi\u00f2n r\u1ea5t l\u00e0 ngon.<\/li>\n<li>\u1edat s\u1eebng th\u00e1i mi\u1ebfng qu\u00e2n c\u1edd. S\u1ea3 th\u00e1i th\u00e0nh l\u00e1t, h\u00e0nh b\u0103m nh\u1ecf.<\/li>\n<li>Cho th\u1ecbt heo v\u00e0o m\u1ed9t c\u00e1i thau. Cho s\u1ea3, h\u00e0nh t\u00edm b\u0103m c\u00f9ng 1 th\u00eca b\u1ed9t n\u00eam, 1 th\u00eca ti\u00eau, 1 th\u00eca \u0111\u01b0\u1eddng, 1 th\u00eca b\u1ed9t ng\u1ecdt, 1 th\u00eca d\u1ea7u h\u00e0o, 1\/2 mu\u1ed7ng b\u1ed9t ngh\u1ec7 v\u00e0o \u01b0\u1edbp ch\u1eebng 20 ph\u00fat cho th\u1ecbt ng\u1ea5m gia v\u1ecb.<\/li>\n<li>Cho d\u1ea7u v\u00e0o ch\u1ea3o phi th\u01a1m ph\u1ea7n h\u00e0nh v\u00e0 t\u1ecfi c\u00f2n l\u1ea1i. \u0110\u1ed5 th\u1ecbt \u0111\u00e3 \u01b0\u1edbp v\u00e0o x\u00e0o \u0111\u1ebfn khit th\u1ecbt x\u00e9m v\u00e0ng. Cho ti\u1ebfp \u1edbt v\u00e0o \u0111\u1ea3o nhanh tay. B\u1ea1n ch\u00fa \u00fd \u0111\u1ec3 l\u1eeda to th\u1ecbt s\u1ebd ngon h\u01a1n. Cu\u1ed1i c\u00f9ng cho 1 th\u00eca sa t\u1ebf v\u00e0o \u0111\u1ea3o \u0111\u1ec1u l\u00e0 \u0111\u00e3 ho\u00e0n th\u00e0nh m\u00f3n th\u1ecbt heo r\u1eebng x\u00e0o s\u1ea3 \u1edbt nh\u00e9. B\u00e0y ra \u0111\u0129a v\u00e0 th\u01b0\u1edfng th\u1ee9c th\u00f4i n\u00e0o!<\/li>\n<\/ul>\n<h3><strong>Th\u1ecbt heo h\u1ea5p x\u1ea3<\/strong><\/h3>\n<figure id=\"attachment_770\" aria-describedby=\"caption-attachment-770\" style=\"width: 600px\" class=\"wp-caption aligncenter\"><img loading=\"lazy\" decoding=\"async\" class=\"wp-image-770\" src=\"https:\/\/thucphamtienloi.com\/wp-content\/uploads\/2020\/05\/heo-moi-hap-gung-min.jpg\" alt=\"heo-moi-hap-xa\" width=\"600\" height=\"400\" srcset=\"https:\/\/thucphamtienloi.com\/wp-content\/uploads\/2020\/05\/heo-moi-hap-gung-min.jpg 560w, https:\/\/thucphamtienloi.com\/wp-content\/uploads\/2020\/05\/heo-moi-hap-gung-min-510x340.jpg 510w\" sizes=\"auto, (max-width: 600px) 100vw, 600px\" \/><figcaption id=\"caption-attachment-770\" class=\"wp-caption-text\">Th\u1ecbt heo h\u1ea5p x\u1ea3<\/figcaption><\/figure>\n<ul>\n<li>Th\u1ecbt l\u1ee3n ch\u1ecdn\u00a0<strong>th\u1ecbt heo m\u1ecdi t\u01b0\u01a1i<\/strong> , c\u1eaft th\u00e0nh t\u1eebng mi\u1ebfng d\u00e0y.<\/li>\n<li>G\u1eebng th\u00e1i th\u00e0nh s\u1ee3i, s\u1ea3 th\u00e1i l\u00e1t. H\u00e0nh l\u00e1 c\u1eaft kh\u00fac<\/li>\n<li>\u0110em \u01b0\u1edbp th\u1ecbt l\u1ee3n c\u00f9ng v\u1edbi ch\u00fat b\u1ed9t n\u00eam, m\u00ec ch\u00ednh, d\u1ea7u h\u00e0o, n\u01b0\u1edbc m\u1eafm, ti\u00eau kho\u1ea3ng 20 ph\u00fat cho ng\u1ea5m.<\/li>\n<li>X\u1ebfp m\u1ed9t l\u1edbp g\u1eebng v\u00e0 s\u1ea3 l\u00ean v\u1ec9 h\u1ea5p. Cho ti\u1ebfp th\u1ecbt l\u1ee3n v\u00e0o. Ph\u1ea7n g\u1eebng v\u00e0 s\u1ea3 c\u00f2n l\u1ea1i cho l\u00ean tr\u00ean. Cu\u1ed1i c\u00f9ng l\u00e0 ph\u1ea7n h\u00e0nh l\u00e1 c\u1eaft kh\u00fac.<\/li>\n<li>\u0110em h\u1ea5p th\u1ecbt t\u1ea7m 30-40 ph\u00fat l\u00e0 th\u1ecbt ch\u00edn.<\/li>\n<li>B\u00e0y th\u1ecbt ra \u0111\u0129a, \u0103n n\u00f3ng ch\u1ea5m c\u00f9ng n\u01b0\u1edbc t\u01b0\u01a1ng ho\u1eb7c n\u01b0\u1edbc m\u1eafm chua cay.<\/li>\n<\/ul>\n<h3><strong>Th\u1ecbt heo n\u01b0\u1edbng ng\u0169 v\u1ecb<\/strong><\/h3>\n<figure id=\"attachment_771\" aria-describedby=\"caption-attachment-771\" style=\"width: 600px\" class=\"wp-caption aligncenter\"><img loading=\"lazy\" decoding=\"async\" class=\"wp-image-771\" src=\"https:\/\/thucphamtienloi.com\/wp-content\/uploads\/2020\/05\/heo-moi-nuong-min-533x400.jpg\" alt=\"heo-moi-nuong\" width=\"600\" height=\"450\" srcset=\"https:\/\/thucphamtienloi.com\/wp-content\/uploads\/2020\/05\/heo-moi-nuong-min-533x400.jpg 533w, https:\/\/thucphamtienloi.com\/wp-content\/uploads\/2020\/05\/heo-moi-nuong-min-510x383.jpg 510w, https:\/\/thucphamtienloi.com\/wp-content\/uploads\/2020\/05\/heo-moi-nuong-min-768x576.jpg 768w, https:\/\/thucphamtienloi.com\/wp-content\/uploads\/2020\/05\/heo-moi-nuong-min-600x450.jpg 600w, https:\/\/thucphamtienloi.com\/wp-content\/uploads\/2020\/05\/heo-moi-nuong-min.jpg 1024w\" sizes=\"auto, (max-width: 600px) 100vw, 600px\" \/><figcaption id=\"caption-attachment-771\" class=\"wp-caption-text\">Th\u1ecbt heo n\u01b0\u1edbng ng\u0169 v\u1ecb<\/figcaption><\/figure>\n<p>Th\u1ecbt l\u1ee3n th\u00e1i mi\u1ebfng nh\u1ecf v\u1eeba \u0103n. H\u00e0nh t\u1ecfi, s\u1ea3 b\u0103m nh\u1ecf<\/p>\n<p>\u01af\u1edbp th\u1ecbt v\u1edbi h\u00e0nh, t\u1ecfi, s\u1ea3, 2 th\u00eca m\u1eadt ong, r\u01b0\u1ee3u vang, b\u1ed9t n\u00eam, ti\u00eau, m\u1eafm, m\u00ec ch\u00ednh, v\u1eebng tr\u1eafng kho\u1ea3ng 30 ph\u00fat.<\/p>\n<p>X\u1ebfp th\u1ecbt v\u00e0o v\u1ec9 n\u01b0\u1edbng. Ngon nh\u1ea5t l\u00e0 b\u1ea1n n\u01b0\u1edbng th\u1ecbt b\u1eb1ng than hoa. L\u01b0u \u00fd r\u1eb1ng qu\u1ea1t cho than ch\u00e1y \u0111\u1ec1u tay, l\u1eadt v\u1ec9 th\u01b0\u1eddng xuy\u00ean \u0111\u1ec3 th\u1ecbt kh\u00f4ng b\u1ecb ch\u00e1y. M\u00e1ch nh\u1ecf b\u1ea1n th\u1ec9nh tho\u1ea3ng qu\u1ec7t m\u1ed9t \u00edt n\u01b0\u1edbc \u01b0\u1edbp th\u1ecbt l\u00ean tr\u00ean th\u00ec th\u1ecbt s\u1ebd m\u1ec1m, ng\u1ecdt h\u01a1n r\u1ea5t nhi\u1ec1u m\u00e0 kh\u00f4ng b\u1ecb ch\u00e1y. N\u01b0\u1edbng \u0111\u1ebfn khi th\u1ecbt ch\u00edn v\u00e0ng c\u1ea3 2 m\u1eb7t l\u00e0 \u0111\u01b0\u1ee3c.\u00a0\u00a0\u00a0<\/p>\n<h2><strong>\u0110\u1ecba ch\u1ec9 mua heo m\u1ecdi \u1edf \u0111\u00e2u H\u00e0 N\u1ed9i v\u00e0 Tp HCM ?<\/strong><\/h2>\n<p>Th\u1ef1c ph\u1ea9m ti\u1ec7n l\u1ee3i l\u00e0 \u0111\u1ecba ch\u1ec9 cung c\u1ea5p heo m\u1ecdi uy t\u00edn t\u1ea1i Tp HCM. Qu\u00fd kh\u00e1ch c\u00f3 th\u1ec3 \u0111\u1eb7t mua heo s\u1ed1ng ( heo \u0111\u1ee9ng ) ho\u1eb7c heo \u0111\u00e3 gi\u1ebft m\u1ed5 l\u00e0m s\u1ea1ch.<\/p>\n<p>M\u1ecdi th\u00f4ng tin chi ti\u1ebft vui l\u00f2ng li\u00ean h\u1ec7 :\u00a0<\/p>\n<p><strong>Hotline\/Zalo:<\/strong>\u00a0<strong>0987.506.349<\/strong><\/p>\n<p><strong>\u0110\u1ecba ch\u1ec9 c\u1eeda h\u00e0ng :\u00a0<\/strong><\/p>\n<p><strong>T\u1ea1i S\u00e0i G\u00f2n:<\/strong>\u00a0184\/17 Nguy\u1ec5n Ph\u00fac Chu, P15, Q. T\u00e2n B\u00ecnh , TP HCM (vui l\u00f2ng g\u1ecdi tr\u01b0\u1edbc khi \u0111\u1ebfn)<br \/>\n<strong>T\u1ea1i H\u00e0 N\u1ed9i : <\/strong>Chung c\u01b0 349, V\u0169 T\u00f4ng Phan, Thanh Xu\u00e2n, H\u00e0 N\u1ed9i (vui l\u00f2ng g\u1ecdi tr\u01b0\u1edbc khi \u0111\u1ebfn)<\/p>\n<p><strong>Facebook:\u00a0<a href=\"https:\/\/www.facebook.com\/thucphamtienloiFB\">TH\u1ef0C PH\u1ea8M TI\u1ec6N L\u1ee2I<\/a><\/strong><\/p>\n","protected":false},"excerpt":{"rendered":"<p><span style=\"font-size: 100%;\"><strong>Heo m\u1ecdi<\/strong> hay c\u00f2n \u0111\u01b0\u1ee3c g\u1ecdi v\u1edbi nhi\u1ec1u c\u00e1i t\u00ean kh\u00e1c nh\u01b0 : <strong>Heo \u0111en, l\u1ee3n \u0111en<\/strong> &#8230;.. \u0110\u00e2y l\u00e0 gi\u1ed1ng l\u1ee3n \u0111\u01b0\u1ee3c lai t\u1ea1o gi\u1eefa heo r\u1eebng v\u00e0 heo nh\u00e0. <strong><a href=\"https:\/\/thucphamtienloi.com\/\" target=\"_blank\" rel=\"noopener noreferrer\">Th\u1ef1c Ph\u1ea9m Ti\u1ec7n L\u1ee3i<\/a><\/strong> l\u00e0 m\u1ed9t trong s\u1ed1 \u00edt c\u1eeda h\u00e0ng cung c\u1ea5p <strong>heo m\u1ecdi t\u01b0\u01a1i s\u1ed1ng t\u1ea1i Tp HCM. <\/strong><span style=\"color: #ed1c24;\">Qu\u00fd kh\u00e1ch \u0111\u1eb7t mua s\u1ea3n ph\u1ea9m vui l\u00f2ng li\u00ean h\u1ec7<strong>: <strong class=\"uppercase\">0987.506.349<\/strong><\/strong><\/span><\/span><\/p>\n","protected":false},"featured_media":774,"comment_status":"closed","ping_status":"closed","template":"","meta":[],"product_brand":[],"product_cat":[71],"product_tag":[594,595,546,1031,547,548,549,550,551,591,592,593],"class_list":{"0":"post-450","1":"product","2":"type-product","3":"status-publish","4":"has-post-thumbnail","6":"product_cat-thuc-pham-tuoi-song","7":"product_tag-lon-den","8":"product_tag-lon-man","9":"product_tag-heo-moi","10":"product_tag-heo-moi-tphcm","11":"product_tag-heo-man","12":"product_tag-heo-ban","13":"product_tag-heo-den","14":"product_tag-cua-hang-ban-heo-moi-tai-sai-gon","15":"product_tag-cua-hang-ban-heo-den-tai-sai-gon","16":"product_tag-heo-moi-song","17":"product_tag-cua-hang-ban-lon-rung-tai-ha-noi","18":"product_tag-lon-rung","20":"first","21":"instock","22":"featured","23":"shipping-taxable","24":"purchasable","25":"product-type-simple"},"yoast_head":"<!-- This site is optimized with the Yoast SEO plugin v27.4 - https:\/\/yoast.com\/product\/yoast-seo-wordpress\/ -->\n<title>Heo M\u1ecdi T\u01b0\u01a1i S\u1ed1ng Nguy\u00ean Con - 190k\/kg<\/title>\n<meta name=\"description\" content=\"Th\u1ef1c ph\u1ea9m ti\u1ec7n l\u1ee3i l\u00e0 \u0111\u1ecba ch\u1ec9 cung c\u1ea5p heo m\u1ecdi uy t\u00edn t\u1ea1i Tp HCM. Qu\u00fd kh\u00e1ch c\u00f3 th\u1ec3 \u0111\u1eb7t mua heo s\u1ed1ng ( heo \u0111\u1ee9ng ) ho\u1eb7c heo \u0111\u00e3 l\u00e0m s\u1ea1ch.\" \/>\n<meta name=\"robots\" content=\"index, follow, max-snippet:-1, max-image-preview:large, max-video-preview:-1\" \/>\n<link rel=\"canonical\" href=\"https:\/\/thucphamtienloi.com\/?product=heo-moi\" \/>\n<meta property=\"og:locale\" content=\"vi_VN\" \/>\n<meta property=\"og:type\" content=\"article\" \/>\n<meta property=\"og:title\" content=\"Heo M\u1ecdi T\u01b0\u01a1i S\u1ed1ng Nguy\u00ean Con - 190k\/kg\" \/>\n<meta property=\"og:description\" content=\"Th\u1ef1c ph\u1ea9m ti\u1ec7n l\u1ee3i l\u00e0 \u0111\u1ecba ch\u1ec9 cung c\u1ea5p heo m\u1ecdi uy t\u00edn t\u1ea1i Tp HCM. Qu\u00fd kh\u00e1ch c\u00f3 th\u1ec3 \u0111\u1eb7t mua heo s\u1ed1ng ( heo \u0111\u1ee9ng ) ho\u1eb7c heo \u0111\u00e3 l\u00e0m s\u1ea1ch.\" \/>\n<meta property=\"og:url\" content=\"https:\/\/thucphamtienloi.com\/?product=heo-moi\" \/>\n<meta property=\"og:site_name\" content=\"\u1ea8M TH\u1ef0C BA MI\u1ec0N\" \/>\n<meta property=\"article:modified_time\" content=\"2026-04-15T05:36:12+00:00\" \/>\n<meta property=\"og:image\" content=\"https:\/\/thucphamtienloi.com\/wp-content\/uploads\/2020\/05\/heo_moi_nguyen_con.jpg\" \/>\n\t<meta property=\"og:image:width\" content=\"750\" \/>\n\t<meta property=\"og:image:height\" content=\"520\" \/>\n\t<meta property=\"og:image:type\" content=\"image\/jpeg\" \/>\n<meta name=\"twitter:card\" content=\"summary_large_image\" \/>\n<meta name=\"twitter:label1\" content=\"\u01af\u1edbc t\u00ednh th\u1eddi gian \u0111\u1ecdc\" \/>\n\t<meta name=\"twitter:data1\" content=\"6 ph\u00fat\" \/>\n<script type=\"application\/ld+json\" class=\"yoast-schema-graph\">{\"@context\":\"https:\\\/\\\/schema.org\",\"@graph\":[{\"@type\":[\"WebPage\",\"ItemPage\"],\"@id\":\"https:\\\/\\\/thucphamtienloi.com\\\/?product=heo-moi\",\"url\":\"https:\\\/\\\/thucphamtienloi.com\\\/?product=heo-moi\",\"name\":\"Heo M\u1ecdi T\u01b0\u01a1i S\u1ed1ng Nguy\u00ean Con - 190k\\\/kg\",\"isPartOf\":{\"@id\":\"https:\\\/\\\/thucphamtienloi.com\\\/#website\"},\"primaryImageOfPage\":{\"@id\":\"https:\\\/\\\/thucphamtienloi.com\\\/?product=heo-moi#primaryimage\"},\"image\":{\"@id\":\"https:\\\/\\\/thucphamtienloi.com\\\/?product=heo-moi#primaryimage\"},\"thumbnailUrl\":\"https:\\\/\\\/thucphamtienloi.com\\\/wp-content\\\/uploads\\\/2020\\\/05\\\/heo_moi_nguyen_con.jpg\",\"datePublished\":\"2020-05-27T06:46:38+00:00\",\"dateModified\":\"2026-04-15T05:36:12+00:00\",\"description\":\"Th\u1ef1c ph\u1ea9m ti\u1ec7n l\u1ee3i l\u00e0 \u0111\u1ecba ch\u1ec9 cung c\u1ea5p heo m\u1ecdi uy t\u00edn t\u1ea1i Tp HCM. Qu\u00fd kh\u00e1ch c\u00f3 th\u1ec3 \u0111\u1eb7t mua heo s\u1ed1ng ( heo \u0111\u1ee9ng ) ho\u1eb7c heo \u0111\u00e3 l\u00e0m s\u1ea1ch.\",\"breadcrumb\":{\"@id\":\"https:\\\/\\\/thucphamtienloi.com\\\/?product=heo-moi#breadcrumb\"},\"inLanguage\":\"vi\",\"potentialAction\":[{\"@type\":\"ReadAction\",\"target\":[\"https:\\\/\\\/thucphamtienloi.com\\\/?product=heo-moi\"]}]},{\"@type\":\"ImageObject\",\"inLanguage\":\"vi\",\"@id\":\"https:\\\/\\\/thucphamtienloi.com\\\/?product=heo-moi#primaryimage\",\"url\":\"https:\\\/\\\/thucphamtienloi.com\\\/wp-content\\\/uploads\\\/2020\\\/05\\\/heo_moi_nguyen_con.jpg\",\"contentUrl\":\"https:\\\/\\\/thucphamtienloi.com\\\/wp-content\\\/uploads\\\/2020\\\/05\\\/heo_moi_nguyen_con.jpg\",\"width\":750,\"height\":520,\"caption\":\"Heo m\u1ecdi t\u01b0\u01a1i s\u1ed1ng nguy\u00ean con\"},{\"@type\":\"BreadcrumbList\",\"@id\":\"https:\\\/\\\/thucphamtienloi.com\\\/?product=heo-moi#breadcrumb\",\"itemListElement\":[{\"@type\":\"ListItem\",\"position\":1,\"name\":\"Trang ch\u1ee7\",\"item\":\"https:\\\/\\\/thucphamtienloi.com\\\/\"},{\"@type\":\"ListItem\",\"position\":2,\"name\":\"C\u1eeda H\u00e0ng\",\"item\":\"https:\\\/\\\/thucphamtienloi.com\\\/?page_id=3334\"},{\"@type\":\"ListItem\",\"position\":3,\"name\":\"Th\u1ef1c Ph\u1ea9m T\u01b0\u01a1i S\u1ed1ng\",\"item\":\"https:\\\/\\\/thucphamtienloi.com\\\/danh-muc-san-pham\\\/thuc-pham-tuoi-song\\\/\"},{\"@type\":\"ListItem\",\"position\":4,\"name\":\"Heo M\u1ecdi T\u01b0\u01a1i S\u1ed1ng Nguy\u00ean Con\"}]},{\"@type\":\"WebSite\",\"@id\":\"https:\\\/\\\/thucphamtienloi.com\\\/#website\",\"url\":\"https:\\\/\\\/thucphamtienloi.com\\\/\",\"name\":\"Th\u1ef1c ph\u1ea9m ti\u1ec7n l\u1ee3i\",\"description\":\"\u1ea8m Th\u1ef1c Qu\u00ea H\u01b0\u01a1ng\",\"publisher\":{\"@id\":\"https:\\\/\\\/thucphamtienloi.com\\\/#organization\"},\"potentialAction\":[{\"@type\":\"SearchAction\",\"target\":{\"@type\":\"EntryPoint\",\"urlTemplate\":\"https:\\\/\\\/thucphamtienloi.com\\\/?s={search_term_string}\"},\"query-input\":{\"@type\":\"PropertyValueSpecification\",\"valueRequired\":true,\"valueName\":\"search_term_string\"}}],\"inLanguage\":\"vi\"},{\"@type\":\"Organization\",\"@id\":\"https:\\\/\\\/thucphamtienloi.com\\\/#organization\",\"name\":\"Th\u1ef1c ph\u1ea9m ti\u1ec7n l\u1ee3i\",\"url\":\"https:\\\/\\\/thucphamtienloi.com\\\/\",\"logo\":{\"@type\":\"ImageObject\",\"inLanguage\":\"vi\",\"@id\":\"https:\\\/\\\/thucphamtienloi.com\\\/#\\\/schema\\\/logo\\\/image\\\/\",\"url\":\"https:\\\/\\\/thucphamtienloi.com\\\/wp-content\\\/uploads\\\/2022\\\/07\\\/THU\u031b\u0323C-PHA\u0302\u0309M-TIE\u0323\u0302N-LO\u031b\u0323I.png\",\"contentUrl\":\"https:\\\/\\\/thucphamtienloi.com\\\/wp-content\\\/uploads\\\/2022\\\/07\\\/THU\u031b\u0323C-PHA\u0302\u0309M-TIE\u0323\u0302N-LO\u031b\u0323I.png\",\"width\":1920,\"height\":1080,\"caption\":\"Th\u1ef1c ph\u1ea9m ti\u1ec7n l\u1ee3i\"},\"image\":{\"@id\":\"https:\\\/\\\/thucphamtienloi.com\\\/#\\\/schema\\\/logo\\\/image\\\/\"}}]}<\/script>\n<!-- \/ Yoast SEO plugin. -->","yoast_head_json":{"title":"Heo M\u1ecdi T\u01b0\u01a1i S\u1ed1ng Nguy\u00ean Con - 190k\/kg","description":"Th\u1ef1c ph\u1ea9m ti\u1ec7n l\u1ee3i l\u00e0 \u0111\u1ecba ch\u1ec9 cung c\u1ea5p heo m\u1ecdi uy t\u00edn t\u1ea1i Tp HCM. Qu\u00fd kh\u00e1ch c\u00f3 th\u1ec3 \u0111\u1eb7t mua heo s\u1ed1ng ( heo \u0111\u1ee9ng ) ho\u1eb7c heo \u0111\u00e3 l\u00e0m s\u1ea1ch.","robots":{"index":"index","follow":"follow","max-snippet":"max-snippet:-1","max-image-preview":"max-image-preview:large","max-video-preview":"max-video-preview:-1"},"canonical":"https:\/\/thucphamtienloi.com\/?product=heo-moi","og_locale":"vi_VN","og_type":"article","og_title":"Heo M\u1ecdi T\u01b0\u01a1i S\u1ed1ng Nguy\u00ean Con - 190k\/kg","og_description":"Th\u1ef1c ph\u1ea9m ti\u1ec7n l\u1ee3i l\u00e0 \u0111\u1ecba ch\u1ec9 cung c\u1ea5p heo m\u1ecdi uy t\u00edn t\u1ea1i Tp HCM. Qu\u00fd kh\u00e1ch c\u00f3 th\u1ec3 \u0111\u1eb7t mua heo s\u1ed1ng ( heo \u0111\u1ee9ng ) ho\u1eb7c heo \u0111\u00e3 l\u00e0m s\u1ea1ch.","og_url":"https:\/\/thucphamtienloi.com\/?product=heo-moi","og_site_name":"\u1ea8M TH\u1ef0C BA MI\u1ec0N","article_modified_time":"2026-04-15T05:36:12+00:00","og_image":[{"width":750,"height":520,"url":"https:\/\/thucphamtienloi.com\/wp-content\/uploads\/2020\/05\/heo_moi_nguyen_con.jpg","type":"image\/jpeg"}],"twitter_card":"summary_large_image","twitter_misc":{"\u01af\u1edbc t\u00ednh th\u1eddi gian \u0111\u1ecdc":"6 ph\u00fat"},"schema":{"@context":"https:\/\/schema.org","@graph":[{"@type":["WebPage","ItemPage"],"@id":"https:\/\/thucphamtienloi.com\/?product=heo-moi","url":"https:\/\/thucphamtienloi.com\/?product=heo-moi","name":"Heo M\u1ecdi T\u01b0\u01a1i S\u1ed1ng Nguy\u00ean Con - 190k\/kg","isPartOf":{"@id":"https:\/\/thucphamtienloi.com\/#website"},"primaryImageOfPage":{"@id":"https:\/\/thucphamtienloi.com\/?product=heo-moi#primaryimage"},"image":{"@id":"https:\/\/thucphamtienloi.com\/?product=heo-moi#primaryimage"},"thumbnailUrl":"https:\/\/thucphamtienloi.com\/wp-content\/uploads\/2020\/05\/heo_moi_nguyen_con.jpg","datePublished":"2020-05-27T06:46:38+00:00","dateModified":"2026-04-15T05:36:12+00:00","description":"Th\u1ef1c ph\u1ea9m ti\u1ec7n l\u1ee3i l\u00e0 \u0111\u1ecba ch\u1ec9 cung c\u1ea5p heo m\u1ecdi uy t\u00edn t\u1ea1i Tp HCM. Qu\u00fd kh\u00e1ch c\u00f3 th\u1ec3 \u0111\u1eb7t mua heo s\u1ed1ng ( heo \u0111\u1ee9ng ) ho\u1eb7c heo \u0111\u00e3 l\u00e0m s\u1ea1ch.","breadcrumb":{"@id":"https:\/\/thucphamtienloi.com\/?product=heo-moi#breadcrumb"},"inLanguage":"vi","potentialAction":[{"@type":"ReadAction","target":["https:\/\/thucphamtienloi.com\/?product=heo-moi"]}]},{"@type":"ImageObject","inLanguage":"vi","@id":"https:\/\/thucphamtienloi.com\/?product=heo-moi#primaryimage","url":"https:\/\/thucphamtienloi.com\/wp-content\/uploads\/2020\/05\/heo_moi_nguyen_con.jpg","contentUrl":"https:\/\/thucphamtienloi.com\/wp-content\/uploads\/2020\/05\/heo_moi_nguyen_con.jpg","width":750,"height":520,"caption":"Heo m\u1ecdi t\u01b0\u01a1i s\u1ed1ng nguy\u00ean con"},{"@type":"BreadcrumbList","@id":"https:\/\/thucphamtienloi.com\/?product=heo-moi#breadcrumb","itemListElement":[{"@type":"ListItem","position":1,"name":"Trang ch\u1ee7","item":"https:\/\/thucphamtienloi.com\/"},{"@type":"ListItem","position":2,"name":"C\u1eeda H\u00e0ng","item":"https:\/\/thucphamtienloi.com\/?page_id=3334"},{"@type":"ListItem","position":3,"name":"Th\u1ef1c Ph\u1ea9m T\u01b0\u01a1i S\u1ed1ng","item":"https:\/\/thucphamtienloi.com\/danh-muc-san-pham\/thuc-pham-tuoi-song\/"},{"@type":"ListItem","position":4,"name":"Heo M\u1ecdi T\u01b0\u01a1i S\u1ed1ng Nguy\u00ean Con"}]},{"@type":"WebSite","@id":"https:\/\/thucphamtienloi.com\/#website","url":"https:\/\/thucphamtienloi.com\/","name":"Th\u1ef1c ph\u1ea9m ti\u1ec7n l\u1ee3i","description":"\u1ea8m Th\u1ef1c Qu\u00ea H\u01b0\u01a1ng","publisher":{"@id":"https:\/\/thucphamtienloi.com\/#organization"},"potentialAction":[{"@type":"SearchAction","target":{"@type":"EntryPoint","urlTemplate":"https:\/\/thucphamtienloi.com\/?s={search_term_string}"},"query-input":{"@type":"PropertyValueSpecification","valueRequired":true,"valueName":"search_term_string"}}],"inLanguage":"vi"},{"@type":"Organization","@id":"https:\/\/thucphamtienloi.com\/#organization","name":"Th\u1ef1c ph\u1ea9m ti\u1ec7n l\u1ee3i","url":"https:\/\/thucphamtienloi.com\/","logo":{"@type":"ImageObject","inLanguage":"vi","@id":"https:\/\/thucphamtienloi.com\/#\/schema\/logo\/image\/","url":"https:\/\/thucphamtienloi.com\/wp-content\/uploads\/2022\/07\/THU\u031b\u0323C-PHA\u0302\u0309M-TIE\u0323\u0302N-LO\u031b\u0323I.png","contentUrl":"https:\/\/thucphamtienloi.com\/wp-content\/uploads\/2022\/07\/THU\u031b\u0323C-PHA\u0302\u0309M-TIE\u0323\u0302N-LO\u031b\u0323I.png","width":1920,"height":1080,"caption":"Th\u1ef1c ph\u1ea9m ti\u1ec7n l\u1ee3i"},"image":{"@id":"https:\/\/thucphamtienloi.com\/#\/schema\/logo\/image\/"}}]}},"_links":{"self":[{"href":"https:\/\/thucphamtienloi.com\/index.php?rest_route=\/wp\/v2\/product\/450","targetHints":{"allow":["GET"]}}],"collection":[{"href":"https:\/\/thucphamtienloi.com\/index.php?rest_route=\/wp\/v2\/product"}],"about":[{"href":"https:\/\/thucphamtienloi.com\/index.php?rest_route=\/wp\/v2\/types\/product"}],"replies":[{"embeddable":true,"href":"https:\/\/thucphamtienloi.com\/index.php?rest_route=%2Fwp%2Fv2%2Fcomments&post=450"}],"wp:featuredmedia":[{"embeddable":true,"href":"https:\/\/thucphamtienloi.com\/index.php?rest_route=\/wp\/v2\/media\/774"}],"wp:attachment":[{"href":"https:\/\/thucphamtienloi.com\/index.php?rest_route=%2Fwp%2Fv2%2Fmedia&parent=450"}],"wp:term":[{"taxonomy":"product_brand","embeddable":true,"href":"https:\/\/thucphamtienloi.com\/index.php?rest_route=%2Fwp%2Fv2%2Fproduct_brand&post=450"},{"taxonomy":"product_cat","embeddable":true,"href":"https:\/\/thucphamtienloi.com\/index.php?rest_route=%2Fwp%2Fv2%2Fproduct_cat&post=450"},{"taxonomy":"product_tag","embeddable":true,"href":"https:\/\/thucphamtienloi.com\/index.php?rest_route=%2Fwp%2Fv2%2Fproduct_tag&post=450"}],"curies":[{"name":"wp","href":"https:\/\/api.w.org\/{rel}","templated":true}]}}