{"id":457,"date":"2020-05-27T07:01:32","date_gmt":"2020-05-27T07:01:32","guid":{"rendered":"http:\/\/thucphamtienloi.com\/?post_type=product&#038;p=457"},"modified":"2025-10-19T16:16:08","modified_gmt":"2025-10-19T16:16:08","slug":"la-che-xanh","status":"publish","type":"product","link":"https:\/\/thucphamtienloi.com\/?product=la-che-xanh","title":{"rendered":"L\u00e1 Tr\u00e0 Xanh T\u01b0\u01a1i S\u1ea1ch"},"content":{"rendered":"<p><strong>\u00a0L\u00e1 Tr\u00e0 Xanh T\u01b0\u01a1i<\/strong> t\u1eeb l\u00e2u \u0111\u00e3 \u0111\u01b0\u1ee3c d\u00f9ng nh\u01b0 lo\u1ea1i th\u1ee9c u\u1ed1ng gi\u00fap thanh nhi\u1ec7t c\u01a1 th\u1ec3. Ng\u00e0y nay c\u00e1c nh\u00e0 khoa h\u1ecdc \u0111\u00e3 ch\u1ec9 ra r\u1eb1ng u\u1ed1ng n\u01b0\u1edbc l\u00e0 tr\u00e0 xanh th\u01b0\u1eddng xuy\u00ean c\u00f3 th\u1ec3 ng\u0103n ng\u1eeba \u0111\u01b0\u1ee3c m\u1ed9t s\u1ed1 b\u1ec7nh nguy hi\u1ec3m. \u0110\u1ed3ng th\u1eddi n\u01b0\u1edbc l\u00e1\u00a0 tr\u00e0 xanh c\u0169ng gi\u00fap cho c\u01a1 th\u1ec3 t\u0103ng s\u1ee9c \u0111\u1ec1 kh\u00e1ng v\u00e0 \u0111\u1eb9p da.<\/p>\n<p><strong><span style=\"color: #0000ff;\">Xem th\u00eam : <a style=\"color: #0000ff;\" href=\"https:\/\/thucphamtienloi.com\/san-pham\/rau-bo-khai\/\" target=\"_blank\" rel=\"noopener noreferrer\">Rau B\u00f2 Khai &#8211; \u0102n Rau Ch\u1eefa B\u1ec7nh<\/a><\/span><\/strong><\/p>\n<p>C\u00e2y tr\u00e0 xanh \u0111\u01b0\u1ee3c tr\u1ed3ng nhi\u1ec1u t\u1ea1i c\u00e1c t\u1ec9nh ph\u00eda b\u1eafc \u0111\u1eb7c bi\u1ec7t l\u00e0 Th\u00e1i Nguy\u00ean. B\u1ea1n s\u1ebd u\u1ed1ng tr\u00e0 xanh h\u00e0ng ng\u00e0y khi bi\u1ebft \u0111\u01b0\u1ee3c nh\u1eefng t\u00e1c d\u1ee5ng tuy\u1ec7t v\u1eddi sau \u0111\u00e2y :<\/p>\n<h2><strong>Gi\u1ea3m nguy c\u01a1 m\u1eafc m\u1ed9t s\u1ed1 b\u1ec7nh nguy hi\u1ec3m\u00a0<\/strong><\/h2>\n<ul>\n<li>Gi\u1ea3m nguy c\u01a1 m\u1eafc ung th\u01b0: Ch\u00e8 xanh ch\u1ee9a ch\u1ea5t ch\u1ed1ng oxy h\u00f3a, gi\u00fap b\u1ea3o v\u1ec7 c\u01a1 th\u1ec3 b\u1ea1n kh\u1ecfi c\u00e1c t\u00e1c nh\u00e2n g\u00e2y ung th\u01b0.<\/li>\n<li>Ng\u0103n ng\u1eeba b\u1ec7nh tim m\u1ea1ch: U\u1ed1ng ch\u00e8 xanh gi\u00fap gi\u1ea3m l\u01b0\u1ee3ng cholesterol v\u00e0 do \u0111\u00f3, gi\u1ea3m nguy c\u01a1 m\u1eafc b\u1ec7nh tim m\u1ea1ch v\u00e0 \u0111\u1ed9t qu\u1ef5<\/li>\n<\/ul>\n<p><strong><img loading=\"lazy\" decoding=\"async\" class=\"aligncenter wp-image-1297\" src=\"https:\/\/thucphamtienloi.com\/wp-content\/uploads\/2020\/05\/la_che_giup_giam_can-min-600x400.jpg\" alt=\"la-che-xanh-giam-benh-nguy-hiem\" width=\"800\" height=\"533\" srcset=\"https:\/\/thucphamtienloi.com\/wp-content\/uploads\/2020\/05\/la_che_giup_giam_can-min-600x400.jpg 600w, https:\/\/thucphamtienloi.com\/wp-content\/uploads\/2020\/05\/la_che_giup_giam_can-min-510x340.jpg 510w, https:\/\/thucphamtienloi.com\/wp-content\/uploads\/2020\/05\/la_che_giup_giam_can-min-1200x800.jpg 1200w, https:\/\/thucphamtienloi.com\/wp-content\/uploads\/2020\/05\/la_che_giup_giam_can-min-768x512.jpg 768w, https:\/\/thucphamtienloi.com\/wp-content\/uploads\/2020\/05\/la_che_giup_giam_can-min-1536x1024.jpg 1536w, https:\/\/thucphamtienloi.com\/wp-content\/uploads\/2020\/05\/la_che_giup_giam_can-min-2048x1366.jpg 2048w\" sizes=\"auto, (max-width: 800px) 100vw, 800px\" \/><\/strong><\/p>\n<ul>\n<li>\u00a0L\u00e0m ch\u1eadm qu\u00e1 tr\u00ecnh l\u00e3o ho\u00e1: Trong ch\u00e8 xanh c\u00f3 ch\u1ee9a polyphenols, m\u1ed9t ch\u1ea5t ch\u1ed1ng oxy h\u00f3a ch\u1ed1ng l\u1ea1i c\u00e1c g\u1ed1c t\u1ef1 do, gi\u00fap l\u00e0m ch\u1eadm qu\u00e1 tr\u00ecnh l\u00e3o h\u00f3a.<\/li>\n<li>Gi\u00fap gi\u1ea3m c\u00e2n: Ch\u00e8 xanh c\u00f3 th\u1ec3 gi\u00fap \u0111\u1ed1t ch\u00e1y m\u1ee1 v\u00e0 t\u0103ng c\u01b0\u1eddng kh\u1ea3 n\u0103ng trao \u0111\u1ed5i ch\u1ea5t m\u1ed9t c\u00e1ch t\u1ef1 nhi\u00ean, \u0111\u1ed1t ch\u00e1y g\u1ea7n 70 calo m\u1ed7i ng\u00e0y.<\/li>\n<li>Gi\u00fap gan kho\u1ebb m\u1ea1nh: Ch\u00e8 xanh gi\u00e0u cachein \u2013 c\u0169ng l\u00e0 m\u1ed9t lo\u1ea1i ch\u1ea5t ch\u1ed1ng oxy h\u00f3a th\u1ef1c v\u1eadt c\u00f3 th\u1ec3 c\u1ea3i thi\u1ec7n ch\u1ee9c n\u0103ng gan v\u00e0 l\u00e0m gi\u1ea3m l\u01b0\u1ee3ng ch\u1ea5t b\u00e9o trong gan.<\/li>\n<li>\u00a0T\u0103ng c\u01b0\u1eddng h\u1ec7 mi\u1ec5n d\u1ecbch: L\u00e1 ch\u00e8 xanh c\u00f3 ch\u1ee9a ch\u1ea5t polyphenol v\u00e0 flavonoid, gi\u00fap t\u0103ng c\u01b0\u1eddng h\u1ec7 th\u1ed1ng mi\u1ec5n d\u1ecbch c\u1ee7a b\u1ea1n, gi\u00fap c\u01a1 th\u1ec3 kh\u1ecfe m\u1ea1nh v\u00e0 m\u1ea1nh m\u1ebd h\u01a1n, v\u00e0 c\u00f3 kh\u1ea3 n\u0103ng chi\u1ebfn \u0111\u1ea5u ch\u1ed1ng l\u1ea1i ch\u1ee9ng nhi\u1ec5m tr\u00f9ng.<\/li>\n<\/ul>\n<h3><strong>M\u1ed9t s\u1ed1 t\u00e1c d\u1ee5ng kh\u00e1c<\/strong><\/h3>\n<ul>\n<li>Ngo\u00e0i ra l\u00e1 ch\u00e8 xanh ng\u0103n ch\u1eb7n s\u00e2u r\u0103ng ch\u1eafc h\u1eb3n b\u1ea1n \u0111\u00e3 bi\u1ebft, ch\u00e8 xanh l\u00e0 th\u00e0nh ph\u1ea7n \u0111\u01b0\u1ee3c s\u1eed d\u1ee5ng ph\u1ed5 bi\u1ebfn trong nhi\u1ec1u lo\u1ea1i kem \u0111\u00e1nh r\u0103ng, c\u00f3 t\u00e1c d\u1ee5ng ng\u0103n ch\u1eb7n s\u1ef1 ph\u00e1t tri\u1ec3n c\u1ee7a vi khu\u1ea9n d\u1eabn \u0111\u1ebfn ch\u1ee9ng h\u00f4i mi\u1ec7ng.<\/li>\n<li>Ng\u0103n ng\u1eeba b\u1ec7nh c\u1ea3m c\u00fam ch\u00e8 xanh c\u00f9ng v\u1edbi vitamin C gi\u00fap c\u01a1 th\u1ec3 b\u1ea1n t\u0103ng s\u1ee9c \u0111\u1ec1 kh\u00e1ng v\u1edbi b\u1ec7nh c\u00fam v\u00e0 c\u1ea3m l\u1ea1nh. V\u00e0 c\u0169ng v\u1edbi ch\u1ea5t ch\u1ed1ng oxy h\u00f3a catechin c\u00f3 trong tr\u00e0 xanh c\u00f3 th\u1ec3 gi\u00fap \u0111i\u1ec1u tr\u1ecb ch\u1ee9ng b\u1ec7nh n\u00e0y.<\/li>\n<\/ul>\n<p><strong><img loading=\"lazy\" decoding=\"async\" class=\"aligncenter wp-image-1298\" src=\"https:\/\/thucphamtienloi.com\/wp-content\/uploads\/2020\/05\/la_che_xanh_rua_mat1-min-613x400.jpg\" alt=\"la-che-xanh-tuoi-da\" width=\"800\" height=\"522\" srcset=\"https:\/\/thucphamtienloi.com\/wp-content\/uploads\/2020\/05\/la_che_xanh_rua_mat1-min-613x400.jpg 613w, https:\/\/thucphamtienloi.com\/wp-content\/uploads\/2020\/05\/la_che_xanh_rua_mat1-min-510x333.jpg 510w, https:\/\/thucphamtienloi.com\/wp-content\/uploads\/2020\/05\/la_che_xanh_rua_mat1-min-1226x800.jpg 1226w, https:\/\/thucphamtienloi.com\/wp-content\/uploads\/2020\/05\/la_che_xanh_rua_mat1-min-768x501.jpg 768w, https:\/\/thucphamtienloi.com\/wp-content\/uploads\/2020\/05\/la_che_xanh_rua_mat1-min-600x392.jpg 600w, https:\/\/thucphamtienloi.com\/wp-content\/uploads\/2020\/05\/la_che_xanh_rua_mat1-min.jpg 1532w\" sizes=\"auto, (max-width: 800px) 100vw, 800px\" \/><\/strong><\/p>\n<ul>\n<li>N\u01b0\u1edbc ch\u00e8 xanh c\u00f3 kh\u1ea3 n\u0103ng kh\u00e1ng khu\u1ea9n, lo\u1ea1i b\u1ecf b\u00e3 nh\u1eddn v\u00e0 c\u00e1c ch\u1ea5t b\u1ee5i b\u1ea9n b\u00e1m v\u00e0o da l\u00e0m b\u00ed l\u1ed7 ch\u00e2n l\u00f4ng- nguy\u00ean nh\u00e2n g\u00e2y n\u00ean c\u00e1c lo\u1ea1i m\u1ee5n tr\u1ee9ng c\u00e1.\u00a0 V\u00ec v\u1eady, n\u1ebfu s\u1eed d\u1ee5ng n\u01b0\u1edbc tr\u00e0 xanh \u0111\u1ec3 r\u1eeda m\u1eb7t \u0111\u1ec1u \u0111\u1eb7n s\u1ebd gi\u00fap b\u1ea1n c\u00f3 \u0111\u01b0\u1ee3c l\u00e0n da tr\u1eafng s\u00e1ng v\u00e0 gi\u1ea3m m\u1ee5n tr\u1ee9ng c\u00e1 c\u1ef1c k\u00ec hi\u1ec7u qu\u1ea3. Tuy nhi\u00ean, c\u0169ng do t\u00ednh ch\u1ea5t t\u1ea9y kh\u00e1 m\u1ea1nh n\u00ean b\u1ea1n c\u0169ng ch\u1ec9 n\u00ean r\u1eeda 1-2 l\u1ea7n\/tu\u1ea7n n\u1ebfu kh\u00f4ng mu\u1ed1n da b\u1ecb kh\u00f4 nh\u00e9!<\/li>\n<\/ul>\n<h2><strong>H\u00e3y mua l\u00e1 tr\u00e0 xanh v\u00e0 s\u1eed d\u1ee5ng h\u00e0ng ng\u00e0y<\/strong><\/h2>\n<p>C\u00f2n ch\u1ea7n ch\u1eeb g\u00ec m\u00e0 kh\u00f4ng nhanh tay \u0111\u1eb7t mua, c\u00e1c t\u00ecnh y\u00eau h\u00e3y y\u00ean t\u00e2m khi l\u1ef1a ch\u1ecdn s\u1ea3n ph\u1ea9m b\u00ean m\u00ecnh nh\u00e9 \u0111\u1ea3m b\u1ea3o \u0111\u1ed9 t\u01b0\u01a1i khi \u0111\u1ebfn tay c\u00e1c b\u1ea1n .<\/p>\n<p>Hotline :\u00a0<strong class=\"uppercase\">0987.506.349\u00a0<\/strong>\u0111\u1ec3 \u0111\u01b0\u1ee3c t\u01b0 v\u1ea5n v\u00e0 \u0111\u1eb7t h\u00e0ng. Ho\u1eb7c b\u1ea1n c\u00f3 th\u1ec3 \u0111\u1ebfn tr\u1ef1c ti\u1ebfp c\u1eeda h\u00e0ng t\u1ea1i \u0111\u1ecba ch\u1ec9 sau :<\/p>\n<p><strong>T\u1ea1i S\u00e0i G\u00f2n:<\/strong>\u00a0184\/17 Nguy\u1ec5n Ph\u00fac Chu, P15, Q. T\u00e2n B\u00ecnh , TP HCM (vui l\u00f2ng g\u1ecdi tr\u01b0\u1edbc khi \u0111\u1ebfn)<\/p>\n<p><strong>T\u1ea1i H\u00e0 N\u1ed9i\u00a0 :\u00a0\u00a0<\/strong>PH\u00f2ng 2817,Chung c\u01b0 349,V\u0169 T\u00f4ng Phan,Thanh Xu\u00e2n, H\u00e0 N\u1ed9i (vui l\u00f2ng g\u1ecdi tr\u01b0\u1edbc khi \u0111\u1ebfn)<strong><br \/>\n<\/strong><br \/>\n<strong>Facebook:\u00a0<a href=\"https:\/\/www.facebook.com\/cuahang3mien\/\">https:\/\/www.facebook.com\/cuahang3mien<\/a><\/strong><\/p>\n","protected":false},"excerpt":{"rendered":"<p><strong>L\u00e0 Tr\u00e0 Xanh T\u01b0\u01a1i<\/strong> t\u1eeb l\u00e2u \u0111\u00e3 \u0111\u01b0\u1ee3c d\u00f9ng nh\u01b0 lo\u1ea1i th\u1ee9c u\u1ed1ng gi\u00fap thanh nhi\u1ec7t c\u01a1 th\u1ec3. Ng\u00e0y nay c\u00e1c nh\u00e0 khoa h\u1ecdc \u0111\u00e3 ch\u1ec9 ra r\u1eb1ng u\u1ed1ng n\u01b0\u1edbc l\u00e0 tr\u00e0 xanh th\u01b0\u1eddng xuy\u00ean c\u00f3 th\u1ec3 ng\u0103n ng\u1eeba \u0111\u01b0\u1ee3c m\u1ed9t s\u1ed1 b\u1ec7nh nguy hi\u1ec3m. \u0110\u1ed3ng th\u1eddi n\u01b0\u1edbc l\u00e1\u00a0 tr\u00e0 xanh c\u0169ng gi\u00fap cho c\u01a1 th\u1ec3 t\u0103ng s\u1ee9c \u0111\u1ec1 kh\u00e1ng v\u00e0 \u0111\u1eb9p da.<\/p>\n","protected":false},"featured_media":454,"comment_status":"closed","ping_status":"closed","template":"","meta":[],"product_brand":[],"product_cat":[70],"product_tag":[534,535,530,531,532,533],"class_list":{"0":"post-457","1":"product","2":"type-product","3":"status-publish","4":"has-post-thumbnail","6":"product_cat-dac-san-mien-nam","7":"product_tag-ban-la-che-xanh-tai-sai-gon","8":"product_tag-mua-la-che-xanh-tai-sai-gon","9":"product_tag-la-tra-xanh","10":"product_tag-la-che-xanh","11":"product_tag-che-xanh-thai-nguyen","12":"product_tag-cua-hang-ban-la-che-xanh-tai-ha-noi","14":"first","15":"instock","16":"shipping-taxable","17":"purchasable","18":"product-type-simple"},"yoast_head":"<!-- This site is optimized with the Yoast SEO plugin v27.4 - https:\/\/yoast.com\/product\/yoast-seo-wordpress\/ -->\n<title>L\u00e1 Tr\u00e0 Xanh T\u01b0\u01a1i S\u1ea1ch -60k\/kg<\/title>\n<meta name=\"description\" content=\"L\u00e1 Tr\u00e0 Xanh T\u01b0\u01a1i t\u1eeb l\u00e2u \u0111\u00e3 \u0111\u01b0\u1ee3c d\u00f9ng nh\u01b0 lo\u1ea1i th\u1ee9c u\u1ed1ng gi\u00fap thanh nhi\u1ec7t c\u01a1 th\u1ec3. \u0110\u1ed3ng th\u1eddi gi\u00fap cho c\u01a1 th\u1ec3 t\u0103ng s\u1ee9c \u0111\u1ec1 kh\u00e1ng v\u00e0 \u0111\u1eb9p da.\" \/>\n<meta name=\"robots\" content=\"index, follow, max-snippet:-1, max-image-preview:large, max-video-preview:-1\" \/>\n<link rel=\"canonical\" href=\"https:\/\/thucphamtienloi.com\/?product=la-che-xanh\" \/>\n<meta property=\"og:locale\" content=\"vi_VN\" \/>\n<meta property=\"og:type\" content=\"article\" \/>\n<meta property=\"og:title\" content=\"L\u00e1 Tr\u00e0 Xanh T\u01b0\u01a1i S\u1ea1ch -60k\/kg\" \/>\n<meta property=\"og:description\" content=\"L\u00e1 Tr\u00e0 Xanh T\u01b0\u01a1i t\u1eeb l\u00e2u \u0111\u00e3 \u0111\u01b0\u1ee3c d\u00f9ng nh\u01b0 lo\u1ea1i th\u1ee9c u\u1ed1ng gi\u00fap thanh nhi\u1ec7t c\u01a1 th\u1ec3. \u0110\u1ed3ng th\u1eddi gi\u00fap cho c\u01a1 th\u1ec3 t\u0103ng s\u1ee9c \u0111\u1ec1 kh\u00e1ng v\u00e0 \u0111\u1eb9p da.\" \/>\n<meta property=\"og:url\" content=\"https:\/\/thucphamtienloi.com\/?product=la-che-xanh\" \/>\n<meta property=\"og:site_name\" content=\"\u1ea8M TH\u1ef0C BA MI\u1ec0N\" \/>\n<meta property=\"article:modified_time\" content=\"2025-10-19T16:16:08+00:00\" \/>\n<meta property=\"og:image\" content=\"https:\/\/thucphamtienloi.com\/wp-content\/uploads\/2020\/05\/la-che-xanh.jpg\" \/>\n\t<meta property=\"og:image:width\" content=\"1500\" \/>\n\t<meta property=\"og:image:height\" content=\"1000\" \/>\n\t<meta property=\"og:image:type\" content=\"image\/jpeg\" \/>\n<meta name=\"twitter:card\" content=\"summary_large_image\" \/>\n<meta name=\"twitter:label1\" content=\"\u01af\u1edbc t\u00ednh th\u1eddi gian \u0111\u1ecdc\" \/>\n\t<meta name=\"twitter:data1\" content=\"4 ph\u00fat\" \/>\n<script type=\"application\/ld+json\" class=\"yoast-schema-graph\">{\"@context\":\"https:\\\/\\\/schema.org\",\"@graph\":[{\"@type\":[\"WebPage\",\"ItemPage\"],\"@id\":\"https:\\\/\\\/thucphamtienloi.com\\\/?product=la-che-xanh\",\"url\":\"https:\\\/\\\/thucphamtienloi.com\\\/?product=la-che-xanh\",\"name\":\"L\u00e1 Tr\u00e0 Xanh T\u01b0\u01a1i S\u1ea1ch -60k\\\/kg\",\"isPartOf\":{\"@id\":\"https:\\\/\\\/thucphamtienloi.com\\\/#website\"},\"primaryImageOfPage\":{\"@id\":\"https:\\\/\\\/thucphamtienloi.com\\\/?product=la-che-xanh#primaryimage\"},\"image\":{\"@id\":\"https:\\\/\\\/thucphamtienloi.com\\\/?product=la-che-xanh#primaryimage\"},\"thumbnailUrl\":\"https:\\\/\\\/thucphamtienloi.com\\\/wp-content\\\/uploads\\\/2020\\\/05\\\/la-che-xanh.jpg\",\"datePublished\":\"2020-05-27T07:01:32+00:00\",\"dateModified\":\"2025-10-19T16:16:08+00:00\",\"description\":\"L\u00e1 Tr\u00e0 Xanh T\u01b0\u01a1i t\u1eeb l\u00e2u \u0111\u00e3 \u0111\u01b0\u1ee3c d\u00f9ng nh\u01b0 lo\u1ea1i th\u1ee9c u\u1ed1ng gi\u00fap thanh nhi\u1ec7t c\u01a1 th\u1ec3. \u0110\u1ed3ng th\u1eddi gi\u00fap cho c\u01a1 th\u1ec3 t\u0103ng s\u1ee9c \u0111\u1ec1 kh\u00e1ng v\u00e0 \u0111\u1eb9p da.\",\"breadcrumb\":{\"@id\":\"https:\\\/\\\/thucphamtienloi.com\\\/?product=la-che-xanh#breadcrumb\"},\"inLanguage\":\"vi\",\"potentialAction\":[{\"@type\":\"ReadAction\",\"target\":[\"https:\\\/\\\/thucphamtienloi.com\\\/?product=la-che-xanh\"]}]},{\"@type\":\"ImageObject\",\"inLanguage\":\"vi\",\"@id\":\"https:\\\/\\\/thucphamtienloi.com\\\/?product=la-che-xanh#primaryimage\",\"url\":\"https:\\\/\\\/thucphamtienloi.com\\\/wp-content\\\/uploads\\\/2020\\\/05\\\/la-che-xanh.jpg\",\"contentUrl\":\"https:\\\/\\\/thucphamtienloi.com\\\/wp-content\\\/uploads\\\/2020\\\/05\\\/la-che-xanh.jpg\",\"width\":1500,\"height\":1000,\"caption\":\"l\u00e1 ch\u00e8 xanh\"},{\"@type\":\"BreadcrumbList\",\"@id\":\"https:\\\/\\\/thucphamtienloi.com\\\/?product=la-che-xanh#breadcrumb\",\"itemListElement\":[{\"@type\":\"ListItem\",\"position\":1,\"name\":\"Trang ch\u1ee7\",\"item\":\"https:\\\/\\\/thucphamtienloi.com\\\/\"},{\"@type\":\"ListItem\",\"position\":2,\"name\":\"C\u1eeda H\u00e0ng\",\"item\":\"https:\\\/\\\/thucphamtienloi.com\\\/?page_id=3334\"},{\"@type\":\"ListItem\",\"position\":3,\"name\":\"S\u1ea3n ph\u1ea9m kh\u00e1c\",\"item\":\"https:\\\/\\\/thucphamtienloi.com\\\/danh-muc-san-pham\\\/san-pham-khac\\\/\"},{\"@type\":\"ListItem\",\"position\":4,\"name\":\"L\u00e1 Tr\u00e0 Xanh T\u01b0\u01a1i S\u1ea1ch\"}]},{\"@type\":\"WebSite\",\"@id\":\"https:\\\/\\\/thucphamtienloi.com\\\/#website\",\"url\":\"https:\\\/\\\/thucphamtienloi.com\\\/\",\"name\":\"Th\u1ef1c ph\u1ea9m ti\u1ec7n l\u1ee3i\",\"description\":\"\u1ea8m Th\u1ef1c Qu\u00ea H\u01b0\u01a1ng\",\"publisher\":{\"@id\":\"https:\\\/\\\/thucphamtienloi.com\\\/#organization\"},\"potentialAction\":[{\"@type\":\"SearchAction\",\"target\":{\"@type\":\"EntryPoint\",\"urlTemplate\":\"https:\\\/\\\/thucphamtienloi.com\\\/?s={search_term_string}\"},\"query-input\":{\"@type\":\"PropertyValueSpecification\",\"valueRequired\":true,\"valueName\":\"search_term_string\"}}],\"inLanguage\":\"vi\"},{\"@type\":\"Organization\",\"@id\":\"https:\\\/\\\/thucphamtienloi.com\\\/#organization\",\"name\":\"Th\u1ef1c ph\u1ea9m ti\u1ec7n l\u1ee3i\",\"url\":\"https:\\\/\\\/thucphamtienloi.com\\\/\",\"logo\":{\"@type\":\"ImageObject\",\"inLanguage\":\"vi\",\"@id\":\"https:\\\/\\\/thucphamtienloi.com\\\/#\\\/schema\\\/logo\\\/image\\\/\",\"url\":\"https:\\\/\\\/thucphamtienloi.com\\\/wp-content\\\/uploads\\\/2022\\\/07\\\/THU\u031b\u0323C-PHA\u0302\u0309M-TIE\u0323\u0302N-LO\u031b\u0323I.png\",\"contentUrl\":\"https:\\\/\\\/thucphamtienloi.com\\\/wp-content\\\/uploads\\\/2022\\\/07\\\/THU\u031b\u0323C-PHA\u0302\u0309M-TIE\u0323\u0302N-LO\u031b\u0323I.png\",\"width\":1920,\"height\":1080,\"caption\":\"Th\u1ef1c ph\u1ea9m ti\u1ec7n l\u1ee3i\"},\"image\":{\"@id\":\"https:\\\/\\\/thucphamtienloi.com\\\/#\\\/schema\\\/logo\\\/image\\\/\"}}]}<\/script>\n<!-- \/ Yoast SEO plugin. -->","yoast_head_json":{"title":"L\u00e1 Tr\u00e0 Xanh T\u01b0\u01a1i S\u1ea1ch -60k\/kg","description":"L\u00e1 Tr\u00e0 Xanh T\u01b0\u01a1i t\u1eeb l\u00e2u \u0111\u00e3 \u0111\u01b0\u1ee3c d\u00f9ng nh\u01b0 lo\u1ea1i th\u1ee9c u\u1ed1ng gi\u00fap thanh nhi\u1ec7t c\u01a1 th\u1ec3. \u0110\u1ed3ng th\u1eddi gi\u00fap cho c\u01a1 th\u1ec3 t\u0103ng s\u1ee9c \u0111\u1ec1 kh\u00e1ng v\u00e0 \u0111\u1eb9p da.","robots":{"index":"index","follow":"follow","max-snippet":"max-snippet:-1","max-image-preview":"max-image-preview:large","max-video-preview":"max-video-preview:-1"},"canonical":"https:\/\/thucphamtienloi.com\/?product=la-che-xanh","og_locale":"vi_VN","og_type":"article","og_title":"L\u00e1 Tr\u00e0 Xanh T\u01b0\u01a1i S\u1ea1ch -60k\/kg","og_description":"L\u00e1 Tr\u00e0 Xanh T\u01b0\u01a1i t\u1eeb l\u00e2u \u0111\u00e3 \u0111\u01b0\u1ee3c d\u00f9ng nh\u01b0 lo\u1ea1i th\u1ee9c u\u1ed1ng gi\u00fap thanh nhi\u1ec7t c\u01a1 th\u1ec3. \u0110\u1ed3ng th\u1eddi gi\u00fap cho c\u01a1 th\u1ec3 t\u0103ng s\u1ee9c \u0111\u1ec1 kh\u00e1ng v\u00e0 \u0111\u1eb9p da.","og_url":"https:\/\/thucphamtienloi.com\/?product=la-che-xanh","og_site_name":"\u1ea8M TH\u1ef0C BA MI\u1ec0N","article_modified_time":"2025-10-19T16:16:08+00:00","og_image":[{"width":1500,"height":1000,"url":"https:\/\/thucphamtienloi.com\/wp-content\/uploads\/2020\/05\/la-che-xanh.jpg","type":"image\/jpeg"}],"twitter_card":"summary_large_image","twitter_misc":{"\u01af\u1edbc t\u00ednh th\u1eddi gian \u0111\u1ecdc":"4 ph\u00fat"},"schema":{"@context":"https:\/\/schema.org","@graph":[{"@type":["WebPage","ItemPage"],"@id":"https:\/\/thucphamtienloi.com\/?product=la-che-xanh","url":"https:\/\/thucphamtienloi.com\/?product=la-che-xanh","name":"L\u00e1 Tr\u00e0 Xanh T\u01b0\u01a1i S\u1ea1ch -60k\/kg","isPartOf":{"@id":"https:\/\/thucphamtienloi.com\/#website"},"primaryImageOfPage":{"@id":"https:\/\/thucphamtienloi.com\/?product=la-che-xanh#primaryimage"},"image":{"@id":"https:\/\/thucphamtienloi.com\/?product=la-che-xanh#primaryimage"},"thumbnailUrl":"https:\/\/thucphamtienloi.com\/wp-content\/uploads\/2020\/05\/la-che-xanh.jpg","datePublished":"2020-05-27T07:01:32+00:00","dateModified":"2025-10-19T16:16:08+00:00","description":"L\u00e1 Tr\u00e0 Xanh T\u01b0\u01a1i t\u1eeb l\u00e2u \u0111\u00e3 \u0111\u01b0\u1ee3c d\u00f9ng nh\u01b0 lo\u1ea1i th\u1ee9c u\u1ed1ng gi\u00fap thanh nhi\u1ec7t c\u01a1 th\u1ec3. \u0110\u1ed3ng th\u1eddi gi\u00fap cho c\u01a1 th\u1ec3 t\u0103ng s\u1ee9c \u0111\u1ec1 kh\u00e1ng v\u00e0 \u0111\u1eb9p da.","breadcrumb":{"@id":"https:\/\/thucphamtienloi.com\/?product=la-che-xanh#breadcrumb"},"inLanguage":"vi","potentialAction":[{"@type":"ReadAction","target":["https:\/\/thucphamtienloi.com\/?product=la-che-xanh"]}]},{"@type":"ImageObject","inLanguage":"vi","@id":"https:\/\/thucphamtienloi.com\/?product=la-che-xanh#primaryimage","url":"https:\/\/thucphamtienloi.com\/wp-content\/uploads\/2020\/05\/la-che-xanh.jpg","contentUrl":"https:\/\/thucphamtienloi.com\/wp-content\/uploads\/2020\/05\/la-che-xanh.jpg","width":1500,"height":1000,"caption":"l\u00e1 ch\u00e8 xanh"},{"@type":"BreadcrumbList","@id":"https:\/\/thucphamtienloi.com\/?product=la-che-xanh#breadcrumb","itemListElement":[{"@type":"ListItem","position":1,"name":"Trang ch\u1ee7","item":"https:\/\/thucphamtienloi.com\/"},{"@type":"ListItem","position":2,"name":"C\u1eeda H\u00e0ng","item":"https:\/\/thucphamtienloi.com\/?page_id=3334"},{"@type":"ListItem","position":3,"name":"S\u1ea3n ph\u1ea9m kh\u00e1c","item":"https:\/\/thucphamtienloi.com\/danh-muc-san-pham\/san-pham-khac\/"},{"@type":"ListItem","position":4,"name":"L\u00e1 Tr\u00e0 Xanh T\u01b0\u01a1i S\u1ea1ch"}]},{"@type":"WebSite","@id":"https:\/\/thucphamtienloi.com\/#website","url":"https:\/\/thucphamtienloi.com\/","name":"Th\u1ef1c ph\u1ea9m ti\u1ec7n l\u1ee3i","description":"\u1ea8m Th\u1ef1c Qu\u00ea H\u01b0\u01a1ng","publisher":{"@id":"https:\/\/thucphamtienloi.com\/#organization"},"potentialAction":[{"@type":"SearchAction","target":{"@type":"EntryPoint","urlTemplate":"https:\/\/thucphamtienloi.com\/?s={search_term_string}"},"query-input":{"@type":"PropertyValueSpecification","valueRequired":true,"valueName":"search_term_string"}}],"inLanguage":"vi"},{"@type":"Organization","@id":"https:\/\/thucphamtienloi.com\/#organization","name":"Th\u1ef1c ph\u1ea9m ti\u1ec7n l\u1ee3i","url":"https:\/\/thucphamtienloi.com\/","logo":{"@type":"ImageObject","inLanguage":"vi","@id":"https:\/\/thucphamtienloi.com\/#\/schema\/logo\/image\/","url":"https:\/\/thucphamtienloi.com\/wp-content\/uploads\/2022\/07\/THU\u031b\u0323C-PHA\u0302\u0309M-TIE\u0323\u0302N-LO\u031b\u0323I.png","contentUrl":"https:\/\/thucphamtienloi.com\/wp-content\/uploads\/2022\/07\/THU\u031b\u0323C-PHA\u0302\u0309M-TIE\u0323\u0302N-LO\u031b\u0323I.png","width":1920,"height":1080,"caption":"Th\u1ef1c ph\u1ea9m ti\u1ec7n l\u1ee3i"},"image":{"@id":"https:\/\/thucphamtienloi.com\/#\/schema\/logo\/image\/"}}]}},"_links":{"self":[{"href":"https:\/\/thucphamtienloi.com\/index.php?rest_route=\/wp\/v2\/product\/457","targetHints":{"allow":["GET"]}}],"collection":[{"href":"https:\/\/thucphamtienloi.com\/index.php?rest_route=\/wp\/v2\/product"}],"about":[{"href":"https:\/\/thucphamtienloi.com\/index.php?rest_route=\/wp\/v2\/types\/product"}],"replies":[{"embeddable":true,"href":"https:\/\/thucphamtienloi.com\/index.php?rest_route=%2Fwp%2Fv2%2Fcomments&post=457"}],"wp:featuredmedia":[{"embeddable":true,"href":"https:\/\/thucphamtienloi.com\/index.php?rest_route=\/wp\/v2\/media\/454"}],"wp:attachment":[{"href":"https:\/\/thucphamtienloi.com\/index.php?rest_route=%2Fwp%2Fv2%2Fmedia&parent=457"}],"wp:term":[{"taxonomy":"product_brand","embeddable":true,"href":"https:\/\/thucphamtienloi.com\/index.php?rest_route=%2Fwp%2Fv2%2Fproduct_brand&post=457"},{"taxonomy":"product_cat","embeddable":true,"href":"https:\/\/thucphamtienloi.com\/index.php?rest_route=%2Fwp%2Fv2%2Fproduct_cat&post=457"},{"taxonomy":"product_tag","embeddable":true,"href":"https:\/\/thucphamtienloi.com\/index.php?rest_route=%2Fwp%2Fv2%2Fproduct_tag&post=457"}],"curies":[{"name":"wp","href":"https:\/\/api.w.org\/{rel}","templated":true}]}}