{"id":459,"date":"2020-05-27T07:02:38","date_gmt":"2020-05-27T07:02:38","guid":{"rendered":"http:\/\/thucphamtienloi.com\/?post_type=product&#038;p=459"},"modified":"2026-04-15T05:35:56","modified_gmt":"2026-04-15T05:35:56","slug":"ca-tram-den","status":"publish","type":"product","link":"https:\/\/thucphamtienloi.com\/?product=ca-tram-den","title":{"rendered":"C\u00e1 Tr\u1eafm \u0110en T\u01b0\u01a1i Nguy\u00ean Con"},"content":{"rendered":"<p><strong>\u00a0C\u00e1 Tr\u1eafm \u0110en T\u01b0\u01a1i Nguy\u00ean Con<\/strong> c\u00f3 th\u1ec3 n\u00f3i l\u00e0 h\u00e0ng hi\u1ebfm t\u1ea1i khu v\u1ef1c ph\u00eda Nam. T\u1ea1i S\u00e0i G\u00f2n c\u1eeda h\u00e0ng <a href=\"https:\/\/thucphamtienloi.com\/\" target=\"_blank\" rel=\"noopener noreferrer\"><strong>Th\u1ef1c Ph\u1ea9m Ti\u1ec7n L\u1ee3i<\/strong> <\/a>l\u00e0 m\u1ed9t trong s\u1ed1 \u00edt c\u01a1 s\u1edf cung c\u1ea5p lo\u1ea1i c\u00e1 n\u00e0y v\u1edbi \u0111\u1ee7 c\u00e1c k\u00edch c\u1ee1. \u0110\u1ec3 \u0111\u1eb7t h\u00e0ng qu\u00fd kh\u00e1ch vui l\u00f2ng li\u00ean h\u1ec7 Hotline : <strong class=\"uppercase\">0987.506.349.<\/strong><\/p>\n<h2><strong>Gi\u1edbi thi\u1ec7u v\u1ec1 c\u00e1 tr\u1eafm \u0111en<\/strong><\/h2>\n<p style=\"font-weight: 400;\">C\u00e1 Tr\u1eafm \u0110en c\u00f2n c\u00f3 t\u00ean l\u00e0 &#8220;Thanh ng\u01b0&#8221; l\u00e0 lo\u1ea1i c\u00e1 s\u1ea1ch c\u00f3 \u01b0u \u0111i\u1ec3m th\u1edb th\u1ecbt d\u00e0y, kh\u00f4ng c\u00f3 m\u1ee1, \u00edt x\u01b0\u01a1ng d\u0103m, v\u1ecb th\u1ecbt \u0111\u1eadm ng\u1ecdt. T\u1eeb xa x\u01b0a \u0111\u00e2y \u0111\u00e3 \u0111\u01b0\u1ee3c coi lo\u00e0i c\u00e1 n\u01b0\u1edbc ng\u1ecdt ch\u1ea5t l\u01b0\u1ee3ng cao nh\u1ea5t v\u00e0 ngon nh\u1ea5t.<\/p>\n<p><strong><img loading=\"lazy\" decoding=\"async\" class=\"aligncenter wp-image-1295\" src=\"https:\/\/thucphamtienloi.com\/wp-content\/uploads\/2020\/05\/ca_tram_den_4-min-711x400.jpg\" alt=\"ca-tram-den\" width=\"800\" height=\"450\" srcset=\"https:\/\/thucphamtienloi.com\/wp-content\/uploads\/2020\/05\/ca_tram_den_4-min-711x400.jpg 711w, https:\/\/thucphamtienloi.com\/wp-content\/uploads\/2020\/05\/ca_tram_den_4-min-510x287.jpg 510w, https:\/\/thucphamtienloi.com\/wp-content\/uploads\/2020\/05\/ca_tram_den_4-min-768x432.jpg 768w, https:\/\/thucphamtienloi.com\/wp-content\/uploads\/2020\/05\/ca_tram_den_4-min-600x337.jpg 600w, https:\/\/thucphamtienloi.com\/wp-content\/uploads\/2020\/05\/ca_tram_den_4-min.jpg 1334w\" sizes=\"auto, (max-width: 800px) 100vw, 800px\" \/><\/strong><\/p>\n<p style=\"font-weight: 400;\">Tr\u1eafm \u0110en l\u00e0 lo\u1ea1i c\u00e1 \u0111\u1eb7c s\u1ea3n c\u1ee7a v\u00f9ng n\u01b0\u1edbc ph\u00eda B\u1eafc. \u0110\u1eb7c bi\u1ec7t tr\u1eafm \u0111en t\u1ea1i c\u1eeda h\u00e0ng c\u00f3 ngu\u1ed3n g\u1ed1c t\u1ea1i <a href=\"https:\/\/www.cakhotranluan.com\/tim-hieu-lang-vu-dai\/\" target=\"_blank\" rel=\"noopener noreferrer\"><strong>L\u00e0ng V\u0169 \u0110\u1ea1i &#8211; H\u00e0 Nam<\/strong><\/a>. V\u00ec v\u1eady c\u00e1 lu\u00f4n \u0111\u1ea3m b\u1ea3o ch\u1ea5t l\u01b0\u1ee3ng dinh d\u01b0\u1ee1ng v\u00e0 \u0111\u1ed9 ngon ng\u1ecdt .<\/p>\n<p><span style=\"color: #ed1c24;\"><strong>Xem th\u00eam<\/strong><\/span> : <strong><span style=\"color: #0000ff;\"><a style=\"color: #0000ff;\" href=\"https:\/\/thucphamtienloi.com\/san-pham\/ca-kho-lang-vu-dai\/\" target=\"_blank\" rel=\"noopener noreferrer\">\u0110\u1eb7c S\u1ea3n C\u00e1 Tr\u1eafm \u0110en Kho &#8211; L\u00e0ng V\u0169 \u0110\u1ea1i\u00a0<\/a><\/span><\/strong><\/p>\n<h2><strong>\u0102n c\u00e1 tr\u1eafm \u0111en c\u00f3 l\u1ee3i \u00edch g\u00ec?<\/strong><\/h2>\n<ul>\n<li style=\"font-weight: 400;\">Theo \u0110\u00f4ng y: Tr\u1eafm \u0110en b\u1ed5 t\u1ef3 v\u1ecb, kh\u00ed huy\u1ebft, th\u00edch h\u1ee3p v\u1edbi c\u00e1c ch\u1ee9ng t\u00ec v\u1ecb h\u01b0 h\u00e0n, g\u1ea7y y\u1ebfu m\u1ec7t m\u1ecfi, ch\u00e1n \u0103n, \u0111u\u1ed1i s\u1ee9c. Trong t\u1ea5t c\u1ea3 lo\u00e0i c\u00e1 n\u01b0\u1edbc ng\u1ecdt th\u00ec\u00a0 tr\u1eafm \u0111en \u0111\u01b0\u1ee3c coi l\u00e0 l\u00e0 &#8220;th\u01b0\u1ee3ng ph\u1ea9m&#8221; c\u1ee7a c\u00e1c lo\u00e0i c\u00e1 n\u01b0\u1edbc ng\u1ecdt v\u00e0 l\u00e0 ph\u01b0\u01a1ng thu\u1ed1c qu\u00fd c\u1ee7a gia \u0111\u00ecnh.<\/li>\n<\/ul>\n<p><strong><img loading=\"lazy\" decoding=\"async\" class=\"aligncenter wp-image-1294\" src=\"https:\/\/thucphamtienloi.com\/wp-content\/uploads\/2020\/05\/ca-tram-den-min-592x400.jpg\" alt=\"tram-den-lam-sach\" width=\"800\" height=\"541\" srcset=\"https:\/\/thucphamtienloi.com\/wp-content\/uploads\/2020\/05\/ca-tram-den-min-592x400.jpg 592w, https:\/\/thucphamtienloi.com\/wp-content\/uploads\/2020\/05\/ca-tram-den-min-510x345.jpg 510w, https:\/\/thucphamtienloi.com\/wp-content\/uploads\/2020\/05\/ca-tram-den-min-768x519.jpg 768w, https:\/\/thucphamtienloi.com\/wp-content\/uploads\/2020\/05\/ca-tram-den-min-600x406.jpg 600w, https:\/\/thucphamtienloi.com\/wp-content\/uploads\/2020\/05\/ca-tram-den-min.jpg 1130w\" sizes=\"auto, (max-width: 800px) 100vw, 800px\" \/><\/strong><\/p>\n<ul>\n<li style=\"font-weight: 400;\">\u0102n c\u00e1 th\u01b0\u1eddng xuy\u00ean gi\u00fap t\u0103ng c\u01b0\u1eddng mi\u1ec5n d\u1ecbch, ch\u1ed1ng oxi h\u00f3a, t\u1ed1t cho tim m\u1ea1ch, ph\u00f2ng c\u00fam, thanh nhi\u1ec7t gi\u1ea3i \u0111\u1ed9c, b\u1ed3i d\u01b0\u1eddng cho ph\u1ee5 n\u1eef sau sinh ch\u1ed1ng \u00fd huy\u1ebft, quai b\u1ecb, nh\u1ecdt \u0111\u1ed9c, \u0111au d\u1ea1 d\u00e0y, kinh nguy\u1ec7t kh\u00f4ng \u0111\u1ec1u&#8230; \u0110\u1eb7c bi\u1ec7t, m\u1eadt Tr\u1eafm \u0110en c\u00f2n l\u00e0 m\u1ed9t v\u1ecb thu\u1ed1c th\u1ea7n d\u01b0\u1ee3c \u0111\u01b0\u1ee3c ghi ch\u00e9p trong &#8220;Nam d\u01b0\u1ee3c th\u1ea7n hi\u1ec7u&#8221; c\u1ee7a Tu\u1ec7 T\u0129nh tr\u1ecb t\u1eafc h\u1ecdng, m\u1eaft m\u1edd&#8230;<\/li>\n<li style=\"font-weight: 400;\">Th\u00eam n\u1eefa,\u00a0 Tr\u1eafm \u0110en c\u00f2n gi\u00fap \u0111\u1ea5ng m\u00e0y r\u00e2u tr\u1ecb th\u1eadn y\u1ebfu, suy gi\u1ea3m t\u00ecnh d\u1ee5c, m\u1ea5t ng\u1ee7, v\u00e1ng \u0111\u1ea7u, \u0103n kh\u00f4ng ngon mi\u1ec7ng.<\/li>\n<\/ul>\n<h2><strong>\u0110\u1ecba ch\u1ec9 mua t\u1ea1i Tp HCM v\u00e0 H\u00e0 N\u1ed9i<\/strong><\/h2>\n<p>N\u1ebfu b\u1ea1n c\u00f3 nhu c\u1ea7u mua Tr\u1eafm \u0110en nguy\u00ean con ho\u1eb7c c\u1eaft kh\u00fac th\u00ec b\u1ea1n h\u00e3y li\u00ean h\u1ec7 v\u1edbi Hotline: <strong class=\"uppercase\">0987.506.349\u00a0<\/strong>\u0111\u1ec3 \u0111\u01b0\u1ee3c t\u01b0 v\u1ea5n v\u00e0 \u0111\u1eb7t h\u00e0ng. Ho\u1eb7c b\u1ea1n c\u00f3 th\u1ec3 \u0111\u1ebfn tr\u1ef1c ti\u1ebfp c\u1eeda h\u00e0ng t\u1ea1i \u0111\u1ecba ch\u1ec9 sau:<\/p>\n<p><strong>\u0110\u1ecba ch\u1ec9 c\u1eeda h\u00e0ng:\u00a0<\/strong><\/p>\n<p><strong>T\u1ea1i S\u00e0i G\u00f2n:<\/strong>\u00a0184\/17 Nguy\u1ec5n Ph\u00fac Chu, P15, Q. T\u00e2n B\u00ecnh , TP HCM (vui l\u00f2ng g\u1ecdi tr\u01b0\u1edbc khi \u0111\u1ebfn)<br \/>\n<strong>T\u1ea1i H\u00e0 N\u1ed9i: <\/strong>Chung c\u01b0 349, V\u0169 T\u00f4ng Phan, Thanh Xu\u00e2n, H\u00e0 N\u1ed9i (vui l\u00f2ng g\u1ecdi tr\u01b0\u1edbc khi \u0111\u1ebfn)<\/p>\n<p><strong>Facebook:\u00a0<a href=\"https:\/\/www.facebook.com\/thucphamtienloiFB\">TH\u1ef0C PH\u1ea8M TI\u1ec6N L\u1ee2I<\/a><\/strong><\/p>\n","protected":false},"excerpt":{"rendered":"<p><strong>C\u00e1 Tr\u1eafm \u0110en T\u01b0\u01a1i Nguy\u00ean Con<\/strong> c\u00f3 th\u1ec3 n\u00f3i l\u00e0 h\u00e0ng hi\u1ebfm t\u1ea1i khu v\u1ef1c ph\u00eda Nam. T\u1ea1i S\u00e0i G\u00f2n c\u1eeda h\u00e0ng <a href=\"https:\/\/thucphamtienloi.com\/\" target=\"_blank\" rel=\"noopener noreferrer\"><strong>Th\u1ef1c Ph\u1ea9m Ti\u1ec7n L\u1ee3i<\/strong> <\/a>l\u00e0 m\u1ed9t trong s\u1ed1 \u00edt c\u01a1 s\u1edf cung c\u1ea5p lo\u1ea1i c\u00e1 n\u00e0y v\u1edbi \u0111\u1ee7 c\u00e1c k\u00edch c\u1ee1. \u0110\u1ec3 \u0111\u1eb7t h\u00e0ng qu\u00fd kh\u00e1ch vui l\u00f2ng li\u00ean h\u1ec7 Hotline: <strong class=\"uppercase\">0987.506.349.<\/strong><\/p>\n","protected":false},"featured_media":2336,"comment_status":"closed","ping_status":"closed","template":"","meta":[],"product_brand":[],"product_cat":[68,71],"product_tag":[1030,526,527,528,529],"class_list":{"0":"post-459","1":"product","2":"type-product","3":"status-publish","4":"has-post-thumbnail","6":"product_cat-dac-san-mien-bac","7":"product_cat-thuc-pham-tuoi-song","8":"product_tag-ca-tram-den-tphcm","9":"product_tag-ca-tram-den-nguyen-con","10":"product_tag-ca-tram-den-cat-khuc","11":"product_tag-ca-tram-den-tai-sai-gon","12":"product_tag-ca-tram-den-tai-ha-noi","14":"first","15":"instock","16":"featured","17":"shipping-taxable","18":"purchasable","19":"product-type-simple"},"yoast_head":"<!-- This site is optimized with the Yoast SEO plugin v27.4 - https:\/\/yoast.com\/product\/yoast-seo-wordpress\/ -->\n<title>C\u00e1 Tr\u1eafm \u0110en T\u01b0\u01a1i Nguy\u00ean Con - 250k<\/title>\n<meta name=\"description\" content=\"T\u1ea1i S\u00e0i G\u00f2n c\u1eeda h\u00e0ng Th\u1ef1c Ph\u1ea9m Ti\u1ec7n L\u1ee3i l\u00e0 m\u1ed9t trong s\u1ed1 \u00edt c\u01a1 s\u1edf cung c\u1ea5p c\u00e1 tr\u1eafm \u0111en nguy\u00ean con \u0111\u1ee7 c\u00e1c k\u00edch c\u1ee1. Hotline: 0987.506.349.\" \/>\n<meta name=\"robots\" content=\"index, follow, max-snippet:-1, max-image-preview:large, max-video-preview:-1\" \/>\n<link rel=\"canonical\" href=\"https:\/\/thucphamtienloi.com\/?product=ca-tram-den\" \/>\n<meta property=\"og:locale\" content=\"vi_VN\" \/>\n<meta property=\"og:type\" content=\"article\" \/>\n<meta property=\"og:title\" content=\"C\u00e1 Tr\u1eafm \u0110en T\u01b0\u01a1i Nguy\u00ean Con - 250k\" \/>\n<meta property=\"og:description\" content=\"T\u1ea1i S\u00e0i G\u00f2n c\u1eeda h\u00e0ng Th\u1ef1c Ph\u1ea9m Ti\u1ec7n L\u1ee3i l\u00e0 m\u1ed9t trong s\u1ed1 \u00edt c\u01a1 s\u1edf cung c\u1ea5p c\u00e1 tr\u1eafm \u0111en nguy\u00ean con \u0111\u1ee7 c\u00e1c k\u00edch c\u1ee1. Hotline: 0987.506.349.\" \/>\n<meta property=\"og:url\" content=\"https:\/\/thucphamtienloi.com\/?product=ca-tram-den\" \/>\n<meta property=\"og:site_name\" content=\"\u1ea8M TH\u1ef0C BA MI\u1ec0N\" \/>\n<meta property=\"article:modified_time\" content=\"2026-04-15T05:35:56+00:00\" \/>\n<meta property=\"og:image\" content=\"https:\/\/thucphamtienloi.com\/wp-content\/uploads\/2022\/03\/ca-tram-den.jpg\" \/>\n\t<meta property=\"og:image:width\" content=\"640\" \/>\n\t<meta property=\"og:image:height\" content=\"480\" \/>\n\t<meta property=\"og:image:type\" content=\"image\/jpeg\" \/>\n<meta name=\"twitter:card\" content=\"summary_large_image\" \/>\n<meta name=\"twitter:label1\" content=\"\u01af\u1edbc t\u00ednh th\u1eddi gian \u0111\u1ecdc\" \/>\n\t<meta name=\"twitter:data1\" content=\"3 ph\u00fat\" \/>\n<script type=\"application\/ld+json\" class=\"yoast-schema-graph\">{\"@context\":\"https:\\\/\\\/schema.org\",\"@graph\":[{\"@type\":[\"WebPage\",\"ItemPage\"],\"@id\":\"https:\\\/\\\/thucphamtienloi.com\\\/?product=ca-tram-den\",\"url\":\"https:\\\/\\\/thucphamtienloi.com\\\/?product=ca-tram-den\",\"name\":\"C\u00e1 Tr\u1eafm \u0110en T\u01b0\u01a1i Nguy\u00ean Con - 250k\",\"isPartOf\":{\"@id\":\"https:\\\/\\\/thucphamtienloi.com\\\/#website\"},\"primaryImageOfPage\":{\"@id\":\"https:\\\/\\\/thucphamtienloi.com\\\/?product=ca-tram-den#primaryimage\"},\"image\":{\"@id\":\"https:\\\/\\\/thucphamtienloi.com\\\/?product=ca-tram-den#primaryimage\"},\"thumbnailUrl\":\"https:\\\/\\\/thucphamtienloi.com\\\/wp-content\\\/uploads\\\/2022\\\/03\\\/ca-tram-den.jpg\",\"datePublished\":\"2020-05-27T07:02:38+00:00\",\"dateModified\":\"2026-04-15T05:35:56+00:00\",\"description\":\"T\u1ea1i S\u00e0i G\u00f2n c\u1eeda h\u00e0ng Th\u1ef1c Ph\u1ea9m Ti\u1ec7n L\u1ee3i l\u00e0 m\u1ed9t trong s\u1ed1 \u00edt c\u01a1 s\u1edf cung c\u1ea5p c\u00e1 tr\u1eafm \u0111en nguy\u00ean con \u0111\u1ee7 c\u00e1c k\u00edch c\u1ee1. Hotline: 0987.506.349.\",\"breadcrumb\":{\"@id\":\"https:\\\/\\\/thucphamtienloi.com\\\/?product=ca-tram-den#breadcrumb\"},\"inLanguage\":\"vi\",\"potentialAction\":[{\"@type\":\"ReadAction\",\"target\":[\"https:\\\/\\\/thucphamtienloi.com\\\/?product=ca-tram-den\"]}]},{\"@type\":\"ImageObject\",\"inLanguage\":\"vi\",\"@id\":\"https:\\\/\\\/thucphamtienloi.com\\\/?product=ca-tram-den#primaryimage\",\"url\":\"https:\\\/\\\/thucphamtienloi.com\\\/wp-content\\\/uploads\\\/2022\\\/03\\\/ca-tram-den.jpg\",\"contentUrl\":\"https:\\\/\\\/thucphamtienloi.com\\\/wp-content\\\/uploads\\\/2022\\\/03\\\/ca-tram-den.jpg\",\"width\":640,\"height\":480,\"caption\":\"C\u00e1 tr\u1eafm \u0111en\"},{\"@type\":\"BreadcrumbList\",\"@id\":\"https:\\\/\\\/thucphamtienloi.com\\\/?product=ca-tram-den#breadcrumb\",\"itemListElement\":[{\"@type\":\"ListItem\",\"position\":1,\"name\":\"Trang ch\u1ee7\",\"item\":\"https:\\\/\\\/thucphamtienloi.com\\\/\"},{\"@type\":\"ListItem\",\"position\":2,\"name\":\"C\u1eeda H\u00e0ng\",\"item\":\"https:\\\/\\\/thucphamtienloi.com\\\/?page_id=3334\"},{\"@type\":\"ListItem\",\"position\":3,\"name\":\"\u0110\u1eb7c S\u1ea3n Mi\u1ec1n B\u1eafc\",\"item\":\"https:\\\/\\\/thucphamtienloi.com\\\/danh-muc-san-pham\\\/dac-san-mien-bac\\\/\"},{\"@type\":\"ListItem\",\"position\":4,\"name\":\"C\u00e1 Tr\u1eafm \u0110en T\u01b0\u01a1i Nguy\u00ean Con\"}]},{\"@type\":\"WebSite\",\"@id\":\"https:\\\/\\\/thucphamtienloi.com\\\/#website\",\"url\":\"https:\\\/\\\/thucphamtienloi.com\\\/\",\"name\":\"Th\u1ef1c ph\u1ea9m ti\u1ec7n l\u1ee3i\",\"description\":\"\u1ea8m Th\u1ef1c Qu\u00ea H\u01b0\u01a1ng\",\"publisher\":{\"@id\":\"https:\\\/\\\/thucphamtienloi.com\\\/#organization\"},\"potentialAction\":[{\"@type\":\"SearchAction\",\"target\":{\"@type\":\"EntryPoint\",\"urlTemplate\":\"https:\\\/\\\/thucphamtienloi.com\\\/?s={search_term_string}\"},\"query-input\":{\"@type\":\"PropertyValueSpecification\",\"valueRequired\":true,\"valueName\":\"search_term_string\"}}],\"inLanguage\":\"vi\"},{\"@type\":\"Organization\",\"@id\":\"https:\\\/\\\/thucphamtienloi.com\\\/#organization\",\"name\":\"Th\u1ef1c ph\u1ea9m ti\u1ec7n l\u1ee3i\",\"url\":\"https:\\\/\\\/thucphamtienloi.com\\\/\",\"logo\":{\"@type\":\"ImageObject\",\"inLanguage\":\"vi\",\"@id\":\"https:\\\/\\\/thucphamtienloi.com\\\/#\\\/schema\\\/logo\\\/image\\\/\",\"url\":\"https:\\\/\\\/thucphamtienloi.com\\\/wp-content\\\/uploads\\\/2022\\\/07\\\/THU\u031b\u0323C-PHA\u0302\u0309M-TIE\u0323\u0302N-LO\u031b\u0323I.png\",\"contentUrl\":\"https:\\\/\\\/thucphamtienloi.com\\\/wp-content\\\/uploads\\\/2022\\\/07\\\/THU\u031b\u0323C-PHA\u0302\u0309M-TIE\u0323\u0302N-LO\u031b\u0323I.png\",\"width\":1920,\"height\":1080,\"caption\":\"Th\u1ef1c ph\u1ea9m ti\u1ec7n l\u1ee3i\"},\"image\":{\"@id\":\"https:\\\/\\\/thucphamtienloi.com\\\/#\\\/schema\\\/logo\\\/image\\\/\"}}]}<\/script>\n<!-- \/ Yoast SEO plugin. -->","yoast_head_json":{"title":"C\u00e1 Tr\u1eafm \u0110en T\u01b0\u01a1i Nguy\u00ean Con - 250k","description":"T\u1ea1i S\u00e0i G\u00f2n c\u1eeda h\u00e0ng Th\u1ef1c Ph\u1ea9m Ti\u1ec7n L\u1ee3i l\u00e0 m\u1ed9t trong s\u1ed1 \u00edt c\u01a1 s\u1edf cung c\u1ea5p c\u00e1 tr\u1eafm \u0111en nguy\u00ean con \u0111\u1ee7 c\u00e1c k\u00edch c\u1ee1. Hotline: 0987.506.349.","robots":{"index":"index","follow":"follow","max-snippet":"max-snippet:-1","max-image-preview":"max-image-preview:large","max-video-preview":"max-video-preview:-1"},"canonical":"https:\/\/thucphamtienloi.com\/?product=ca-tram-den","og_locale":"vi_VN","og_type":"article","og_title":"C\u00e1 Tr\u1eafm \u0110en T\u01b0\u01a1i Nguy\u00ean Con - 250k","og_description":"T\u1ea1i S\u00e0i G\u00f2n c\u1eeda h\u00e0ng Th\u1ef1c Ph\u1ea9m Ti\u1ec7n L\u1ee3i l\u00e0 m\u1ed9t trong s\u1ed1 \u00edt c\u01a1 s\u1edf cung c\u1ea5p c\u00e1 tr\u1eafm \u0111en nguy\u00ean con \u0111\u1ee7 c\u00e1c k\u00edch c\u1ee1. Hotline: 0987.506.349.","og_url":"https:\/\/thucphamtienloi.com\/?product=ca-tram-den","og_site_name":"\u1ea8M TH\u1ef0C BA MI\u1ec0N","article_modified_time":"2026-04-15T05:35:56+00:00","og_image":[{"width":640,"height":480,"url":"https:\/\/thucphamtienloi.com\/wp-content\/uploads\/2022\/03\/ca-tram-den.jpg","type":"image\/jpeg"}],"twitter_card":"summary_large_image","twitter_misc":{"\u01af\u1edbc t\u00ednh th\u1eddi gian \u0111\u1ecdc":"3 ph\u00fat"},"schema":{"@context":"https:\/\/schema.org","@graph":[{"@type":["WebPage","ItemPage"],"@id":"https:\/\/thucphamtienloi.com\/?product=ca-tram-den","url":"https:\/\/thucphamtienloi.com\/?product=ca-tram-den","name":"C\u00e1 Tr\u1eafm \u0110en T\u01b0\u01a1i Nguy\u00ean Con - 250k","isPartOf":{"@id":"https:\/\/thucphamtienloi.com\/#website"},"primaryImageOfPage":{"@id":"https:\/\/thucphamtienloi.com\/?product=ca-tram-den#primaryimage"},"image":{"@id":"https:\/\/thucphamtienloi.com\/?product=ca-tram-den#primaryimage"},"thumbnailUrl":"https:\/\/thucphamtienloi.com\/wp-content\/uploads\/2022\/03\/ca-tram-den.jpg","datePublished":"2020-05-27T07:02:38+00:00","dateModified":"2026-04-15T05:35:56+00:00","description":"T\u1ea1i S\u00e0i G\u00f2n c\u1eeda h\u00e0ng Th\u1ef1c Ph\u1ea9m Ti\u1ec7n L\u1ee3i l\u00e0 m\u1ed9t trong s\u1ed1 \u00edt c\u01a1 s\u1edf cung c\u1ea5p c\u00e1 tr\u1eafm \u0111en nguy\u00ean con \u0111\u1ee7 c\u00e1c k\u00edch c\u1ee1. Hotline: 0987.506.349.","breadcrumb":{"@id":"https:\/\/thucphamtienloi.com\/?product=ca-tram-den#breadcrumb"},"inLanguage":"vi","potentialAction":[{"@type":"ReadAction","target":["https:\/\/thucphamtienloi.com\/?product=ca-tram-den"]}]},{"@type":"ImageObject","inLanguage":"vi","@id":"https:\/\/thucphamtienloi.com\/?product=ca-tram-den#primaryimage","url":"https:\/\/thucphamtienloi.com\/wp-content\/uploads\/2022\/03\/ca-tram-den.jpg","contentUrl":"https:\/\/thucphamtienloi.com\/wp-content\/uploads\/2022\/03\/ca-tram-den.jpg","width":640,"height":480,"caption":"C\u00e1 tr\u1eafm \u0111en"},{"@type":"BreadcrumbList","@id":"https:\/\/thucphamtienloi.com\/?product=ca-tram-den#breadcrumb","itemListElement":[{"@type":"ListItem","position":1,"name":"Trang ch\u1ee7","item":"https:\/\/thucphamtienloi.com\/"},{"@type":"ListItem","position":2,"name":"C\u1eeda H\u00e0ng","item":"https:\/\/thucphamtienloi.com\/?page_id=3334"},{"@type":"ListItem","position":3,"name":"\u0110\u1eb7c S\u1ea3n Mi\u1ec1n B\u1eafc","item":"https:\/\/thucphamtienloi.com\/danh-muc-san-pham\/dac-san-mien-bac\/"},{"@type":"ListItem","position":4,"name":"C\u00e1 Tr\u1eafm \u0110en T\u01b0\u01a1i Nguy\u00ean Con"}]},{"@type":"WebSite","@id":"https:\/\/thucphamtienloi.com\/#website","url":"https:\/\/thucphamtienloi.com\/","name":"Th\u1ef1c ph\u1ea9m ti\u1ec7n l\u1ee3i","description":"\u1ea8m Th\u1ef1c Qu\u00ea H\u01b0\u01a1ng","publisher":{"@id":"https:\/\/thucphamtienloi.com\/#organization"},"potentialAction":[{"@type":"SearchAction","target":{"@type":"EntryPoint","urlTemplate":"https:\/\/thucphamtienloi.com\/?s={search_term_string}"},"query-input":{"@type":"PropertyValueSpecification","valueRequired":true,"valueName":"search_term_string"}}],"inLanguage":"vi"},{"@type":"Organization","@id":"https:\/\/thucphamtienloi.com\/#organization","name":"Th\u1ef1c ph\u1ea9m ti\u1ec7n l\u1ee3i","url":"https:\/\/thucphamtienloi.com\/","logo":{"@type":"ImageObject","inLanguage":"vi","@id":"https:\/\/thucphamtienloi.com\/#\/schema\/logo\/image\/","url":"https:\/\/thucphamtienloi.com\/wp-content\/uploads\/2022\/07\/THU\u031b\u0323C-PHA\u0302\u0309M-TIE\u0323\u0302N-LO\u031b\u0323I.png","contentUrl":"https:\/\/thucphamtienloi.com\/wp-content\/uploads\/2022\/07\/THU\u031b\u0323C-PHA\u0302\u0309M-TIE\u0323\u0302N-LO\u031b\u0323I.png","width":1920,"height":1080,"caption":"Th\u1ef1c ph\u1ea9m ti\u1ec7n l\u1ee3i"},"image":{"@id":"https:\/\/thucphamtienloi.com\/#\/schema\/logo\/image\/"}}]}},"_links":{"self":[{"href":"https:\/\/thucphamtienloi.com\/index.php?rest_route=\/wp\/v2\/product\/459","targetHints":{"allow":["GET"]}}],"collection":[{"href":"https:\/\/thucphamtienloi.com\/index.php?rest_route=\/wp\/v2\/product"}],"about":[{"href":"https:\/\/thucphamtienloi.com\/index.php?rest_route=\/wp\/v2\/types\/product"}],"replies":[{"embeddable":true,"href":"https:\/\/thucphamtienloi.com\/index.php?rest_route=%2Fwp%2Fv2%2Fcomments&post=459"}],"wp:featuredmedia":[{"embeddable":true,"href":"https:\/\/thucphamtienloi.com\/index.php?rest_route=\/wp\/v2\/media\/2336"}],"wp:attachment":[{"href":"https:\/\/thucphamtienloi.com\/index.php?rest_route=%2Fwp%2Fv2%2Fmedia&parent=459"}],"wp:term":[{"taxonomy":"product_brand","embeddable":true,"href":"https:\/\/thucphamtienloi.com\/index.php?rest_route=%2Fwp%2Fv2%2Fproduct_brand&post=459"},{"taxonomy":"product_cat","embeddable":true,"href":"https:\/\/thucphamtienloi.com\/index.php?rest_route=%2Fwp%2Fv2%2Fproduct_cat&post=459"},{"taxonomy":"product_tag","embeddable":true,"href":"https:\/\/thucphamtienloi.com\/index.php?rest_route=%2Fwp%2Fv2%2Fproduct_tag&post=459"}],"curies":[{"name":"wp","href":"https:\/\/api.w.org\/{rel}","templated":true}]}}