{"id":498,"date":"2020-05-29T06:12:15","date_gmt":"2020-05-29T06:12:15","guid":{"rendered":"http:\/\/thucphamtienloi.com\/?post_type=product&#038;p=498"},"modified":"2025-10-19T16:16:05","modified_gmt":"2025-10-19T16:16:05","slug":"thit-lon-gac-bep","status":"publish","type":"product","link":"https:\/\/thucphamtienloi.com\/?product=thit-lon-gac-bep","title":{"rendered":"Th\u1ecbt L\u1ee3n G\u00e1c B\u1ebfp T\u00e2y B\u1eafc"},"content":{"rendered":"<p style=\"text-align: justify;\"><strong>\u00a0Th\u1ecbt L\u1ee3n G\u00e1c B\u1ebfp T\u00e2y B\u1eafc<\/strong> n\u1ed5i ti\u1ebfng t\u1eeb bao \u0111\u1eddi nay. Kh\u00f4ng c\u1ea7n d\u00f9ng \u0111\u1ebfn may m\u00f3c hi\u1ec7n \u0111\u1ea1i. Ch\u1ec9 c\u1ea7n nh\u1eefng c\u00f4ng c\u1ee5 th\u00f4 s\u01a1, \u0111\u1ed3ng b\u00e0o n\u01a1i \u0111\u00e2y \u0111\u00e3 t\u1ea1o ra nh\u1eefng mi\u1ebfng th\u1ecbt l\u1ee3n g\u00e1c b\u1ebfp th\u01a1m ngon \u0111\u1eb7c bi\u1ec7t. H\u00e3y g\u1ecdi ngay Hotline <strong class=\"uppercase\">0987.506.349 <\/strong>\u0111\u1ec3 \u0111\u1eb7t h\u00e0ng v\u00e0 th\u01b0\u1edfng th\u1ee9c \u0111\u1eb7c s\u1ea3n c\u00f3 m\u1ed9t kh\u00f4ng hai n\u00e0y nh\u00e9!<\/p>\n<p>\u0110\u1ed1i v\u1edbi ng\u01b0\u1eddi mi\u1ec1n xu\u00f4i, th\u1ecbt l\u1ee3n g\u00e1c b\u1ebfp t\u1eeb l\u00e2u c\u0169ng \u0111\u00e3 tr\u1edf th\u00e0nh m\u00f3n \u0103n y\u00eau th\u00edch c\u1ee7a nhi\u1ec1u gia \u0111\u00ecnh. Th\u1ecbt l\u1ee3n kh\u00f4 c\u00f3 th\u1ec3 d\u00f9ng l\u00e0m nguy\u00ean li\u1ec7u ch\u1ebf bi\u1ebfn nhi\u1ec1u m\u00f3n \u0103n kh\u00e1c nhau nh\u01b0 x\u00e0o g\u1eebng, x\u00e0o rau c\u1ea3i \u0111\u1eafng v\u00e0 \u0111\u1eb7c bi\u1ec7t nh\u1ea5t l\u00e0 x\u00e0o v\u1edbi l\u00e1 chanh. H\u01b0\u01a1ng v\u1ecb th\u01a1m ngon c\u00f3 \u0111\u1ed9 gi\u00f2n \u0111\u1eb7c tr\u01b0ng c\u1ee7a b\u00ec l\u1ee3n, v\u1ecb ng\u1ecdt \u0111\u1eadm c\u1ee7a th\u1ecbt n\u1ea1c v\u00e0 v\u1ecb \u0111\u1eadm \u0111\u00e0 c\u1ee7a gia v\u1ecb khi\u1ebfn ai c\u0169ng mu\u1ed1n th\u01b0\u1edfng th\u1ee9c.<\/p>\n<p><strong><img loading=\"lazy\" decoding=\"async\" class=\"aligncenter wp-image-1267\" src=\"https:\/\/thucphamtienloi.com\/wp-content\/uploads\/2020\/05\/thit-lon-gac-bep-tay-bac-min-521x400.jpeg\" alt=\"thit-lon-gac-bep\" width=\"800\" height=\"614\" srcset=\"https:\/\/thucphamtienloi.com\/wp-content\/uploads\/2020\/05\/thit-lon-gac-bep-tay-bac-min-521x400.jpeg 521w, https:\/\/thucphamtienloi.com\/wp-content\/uploads\/2020\/05\/thit-lon-gac-bep-tay-bac-min-510x391.jpeg 510w, https:\/\/thucphamtienloi.com\/wp-content\/uploads\/2020\/05\/thit-lon-gac-bep-tay-bac-min-1043x800.jpeg 1043w, https:\/\/thucphamtienloi.com\/wp-content\/uploads\/2020\/05\/thit-lon-gac-bep-tay-bac-min-768x589.jpeg 768w, https:\/\/thucphamtienloi.com\/wp-content\/uploads\/2020\/05\/thit-lon-gac-bep-tay-bac-min-600x460.jpeg 600w, https:\/\/thucphamtienloi.com\/wp-content\/uploads\/2020\/05\/thit-lon-gac-bep-tay-bac-min.jpeg 1500w\" sizes=\"auto, (max-width: 800px) 100vw, 800px\" \/><\/strong><\/p>\n<p>Xem th\u00eam :<\/p>\n<ul>\n<li><a href=\"https:\/\/thucphamtienloi.com\/san-pham\/hat-doi-rung\/\" target=\"_blank\" rel=\"noopener noreferrer\"><span style=\"color: #0000ff;\"><strong>H\u1ea1t d\u1ed5i r\u1eebng &#8211; V\u00e0ng \u0111en r\u1eebng n\u00fai T\u00e2y B\u1eafc<\/strong><\/span><\/a><\/li>\n<li><span style=\"color: #0000ff;\"><strong><a style=\"color: #0000ff;\" href=\"https:\/\/thucphamtienloi.com\/san-pham\/hat-mac-khen\/\" target=\"_blank\" rel=\"noopener noreferrer\">H\u1ea1t m\u1eafc kh\u00e9n &#8211; Linh h\u1ed3n \u1ea9m th\u1ef1c T\u00e2y B\u1eafc<\/a><\/strong><\/span><\/li>\n<\/ul>\n<h2><strong>Th\u1ecbt L\u1ee3n G\u00e1c B\u1ebfp T\u00e2y B\u1eafc<\/strong><\/h2>\n<p>Th\u1ecbt l\u1ee3n kh\u00f4 v\u00f9ng T\u00e2y B\u1eafc c\u00f3 ch\u00fat cay cay c\u1ee7a g\u1eebng, c\u1ee7a \u1edbt, th\u01a1m th\u01a1m c\u1ee7a t\u1ecfi v\u00e0 m\u1eafc kh\u00e9n v\u00e0 \u0111\u1eb7c tr\u01b0ng nh\u1ea5t l\u00e0 nh\u1eefng lo\u1ea1i l\u00e1 r\u1eebng \u0111\u01b0\u1ee3c \u0111\u1ed3ng b\u00e0o cho v\u00e0o \u0111\u1ec3 t\u1ea9m \u01b0\u1edbp tr\u01b0\u1edbc khi s\u1ea5y th\u1ecbt.<\/p>\n<p>Nh\u1eefng ch\u00fa l\u1ee3n \u0111\u01b0\u1ee3c ch\u1ecdn \u0111\u1ec3 l\u1ea5y th\u1ecbt l\u00e0 nh\u1eefng ch\u00fa l\u1ee3n ngon nh\u1ea5t, \u0111\u01b0\u1ee3c th\u1ea3 trong r\u1eebng, th\u01a1m m\u1ec1m v\u00e0 ch\u1eafc th\u1ecbt. Sau khi th\u1ecbt l\u1ee3n, ng\u01b0\u1eddi ta ch\u1ecdn l\u1ea5y ph\u1ea7n th\u1ecbt \u1edf m\u00f4ng, th\u0103n v\u00e0 \u0111\u00f9i l\u1ee3n, \u0111em r\u1eeda s\u1ea1ch, \u0111\u1ec3 r\u00e1o n\u01b0\u1edbc. Th\u1ecbt l\u1ee3n khi s\u1ea5y kh\u00f4 th\u01b0\u1eddng hao h\u01a1n so v\u1edbi th\u1ecbt tr\u00e2u v\u00e0 th\u1ecbt b\u00f2, n\u00ean khi th\u00e1i mi\u1ebfng th\u1ecbt l\u1ee3n c\u0169ng th\u01b0\u1eddng to h\u01a1n mi\u1ebfng th\u1ecbt tr\u00e2u, b\u00f2 \u0111\u1ec3 l\u00e0m kh\u00f4 hay con \u00a0g\u1ecdi l\u00e0\u00a0<strong>th\u1ecbt g\u00e1c b\u1ebfp T\u00e2y B\u1eafc<\/strong>.<\/p>\n<p><strong><img loading=\"lazy\" decoding=\"async\" class=\"aligncenter wp-image-1268\" src=\"https:\/\/thucphamtienloi.com\/wp-content\/uploads\/2020\/05\/thit_lon_gac_bep-min.jpg\" alt=\"thit-gac-bep\" width=\"800\" height=\"600\" \/><\/strong><\/p>\n<p>Th\u00f4ng th\u01b0\u1eddng, ng\u01b0\u1eddi ta s\u1ebd th\u00e1i th\u1ecbt l\u1ee3n th\u00e0nh t\u1eebng mi\u1ebfng vu\u00f4ng v\u1eafn d\u00e0i kho\u1ea3ng 20-25cm, r\u1ed9ng 9-10cm, d\u00e0y 4-5cm r\u1ed3i t\u1ea9m \u01b0\u1edbp gia v\u1ecb.<\/p>\n<h2><strong>\u0110\u1ecba ch\u1ec9 mua Th\u1ecbt L\u1ee3n G\u00e1c B\u1ebfp t\u1ea1i Tp HCM v\u00e0 H\u00e0 N\u1ed9i<\/strong><\/h2>\n<p>N\u1ebfu b\u1ea1n c\u00f3 nhu c\u1ea7u mua Th\u1ecbt G\u00e1c B\u1ebfp th\u00ec b\u1ea1n h\u00e3y li\u00ean h\u1ec7 v\u1edbi Hotline : <strong class=\"uppercase\">0987.506.349\u00a0<\/strong>\u0111\u1ec3 \u0111\u01b0\u1ee3c t\u01b0 v\u1ea5n v\u00e0 \u0111\u1eb7t h\u00e0ng. Ho\u1eb7c b\u1ea1n c\u00f3 th\u1ec3 \u0111\u1ebfn tr\u1ef1c ti\u1ebfp c\u1eeda h\u00e0ng t\u1ea1i \u0111\u1ecba ch\u1ec9 sau :<\/p>\n<p><strong>\u0110\u1ecba ch\u1ec9 c\u1eeda h\u00e0ng:\u00a0<\/strong><\/p>\n<p><strong>T\u1ea1i S\u00e0i G\u00f2n:<\/strong>\u00a0184\/17 Nguy\u1ec5n Ph\u00fac Chu, P15, Q. T\u00e2n B\u00ecnh , TP HCM (vui l\u00f2ng g\u1ecdi tr\u01b0\u1edbc khi \u0111\u1ebfn)<br \/>\n<strong>T\u1ea1i H\u00e0 N\u1ed9i: <\/strong>Chung c\u01b0 349, V\u0169 T\u00f4ng Phan, Thanh Xu\u00e2n, H\u00e0 N\u1ed9i (vui l\u00f2ng g\u1ecdi tr\u01b0\u1edbc khi \u0111\u1ebfn)<\/p>\n<p><strong>Facebook:\u00a0<a href=\"https:\/\/www.facebook.com\/thucphamtienloiFB\">TH\u1ef0C PH\u1ea8M TI\u1ec6N L\u1ee2I<\/a><\/strong><\/p>\n","protected":false},"excerpt":{"rendered":"<p><strong>\u00a0Th\u1ecbt L\u1ee3n G\u00e1c B\u1ebfp T\u00e2y B\u1eafc<\/strong> n\u1ed5i ti\u1ebfng t\u1eeb bao \u0111\u1eddi nay. Kh\u00f4ng c\u1ea7n d\u00f9ng \u0111\u1ebfn may m\u00f3c hi\u1ec7n \u0111\u1ea1i. Ch\u1ec9 c\u1ea7n nh\u1eefng c\u00f4ng c\u1ee5 th\u00f4 s\u01a1, \u0111\u1ed3ng b\u00e0o n\u01a1i \u0111\u00e2y \u0111\u00e3 t\u1ea1o ra nh\u1eefng mi\u1ebfng th\u1ecbt l\u1ee3n g\u00e1c b\u1ebfp th\u01a1m ngon \u0111\u1eb7c bi\u1ec7t. H\u00e3y g\u1ecdi ngay Hotline <strong class=\"uppercase\">0987.506.349 <\/strong>\u0111\u1ec3 \u0111\u1eb7t h\u00e0ng v\u00e0 th\u01b0\u1edfng th\u1ee9c \u0111\u1eb7c s\u1ea3n c\u00f3 m\u1ed9t kh\u00f4ng hai n\u00e0y nh\u00e9!<\/p>\n","protected":false},"featured_media":496,"comment_status":"closed","ping_status":"closed","template":"","meta":[],"product_brand":[],"product_cat":[68],"product_tag":[497,498,499,500,501,502],"class_list":{"0":"post-498","1":"product","2":"type-product","3":"status-publish","4":"has-post-thumbnail","6":"product_cat-dac-san-mien-bac","7":"product_tag-thit-lon-gac-bep","8":"product_tag-thit-gac-bep","9":"product_tag-thit-hun-khoi","10":"product_tag-thit-kho-tay-bac","11":"product_tag-cua-hang-ban-thit-gac-bep-tai-ha-noi","12":"product_tag-cua-hang-ban-thit-gac-bep-tai-sai-gon","14":"first","15":"instock","16":"shipping-taxable","17":"purchasable","18":"product-type-simple"},"yoast_head":"<!-- This site is optimized with the Yoast SEO plugin v27.4 - https:\/\/yoast.com\/product\/yoast-seo-wordpress\/ -->\n<title>Th\u1ecbt L\u1ee3n G\u00e1c B\u1ebfp T\u00e2y B\u1eafc - 275k<\/title>\n<meta name=\"description\" content=\"Kh\u00f4ng c\u1ea7n d\u00f9ng \u0111\u1ebfn may m\u00f3c hi\u1ec7n \u0111\u1ea1i. Ch\u1ec9 c\u1ea7n nh\u1eefng c\u00f4ng c\u1ee5 th\u00f4 s\u01a1, \u0111\u1ed3ng b\u00e0o n\u01a1i \u0111\u00e2y \u0111\u00e3 t\u1ea1o ra nh\u1eefng mi\u1ebfng th\u1ecbt l\u1ee3n g\u00e1c b\u1ebfp th\u01a1m ngon \u0111\u1eb7c bi\u1ec7t\" \/>\n<meta name=\"robots\" content=\"index, follow, max-snippet:-1, max-image-preview:large, max-video-preview:-1\" \/>\n<link rel=\"canonical\" href=\"https:\/\/thucphamtienloi.com\/?product=thit-lon-gac-bep\" \/>\n<meta property=\"og:locale\" content=\"vi_VN\" \/>\n<meta property=\"og:type\" content=\"article\" \/>\n<meta property=\"og:title\" content=\"Th\u1ecbt L\u1ee3n G\u00e1c B\u1ebfp T\u00e2y B\u1eafc - 275k\" \/>\n<meta property=\"og:description\" content=\"Kh\u00f4ng c\u1ea7n d\u00f9ng \u0111\u1ebfn may m\u00f3c hi\u1ec7n \u0111\u1ea1i. Ch\u1ec9 c\u1ea7n nh\u1eefng c\u00f4ng c\u1ee5 th\u00f4 s\u01a1, \u0111\u1ed3ng b\u00e0o n\u01a1i \u0111\u00e2y \u0111\u00e3 t\u1ea1o ra nh\u1eefng mi\u1ebfng th\u1ecbt l\u1ee3n g\u00e1c b\u1ebfp th\u01a1m ngon \u0111\u1eb7c bi\u1ec7t\" \/>\n<meta property=\"og:url\" content=\"https:\/\/thucphamtienloi.com\/?product=thit-lon-gac-bep\" \/>\n<meta property=\"og:site_name\" content=\"\u1ea8M TH\u1ef0C BA MI\u1ec0N\" \/>\n<meta property=\"article:modified_time\" content=\"2025-10-19T16:16:05+00:00\" \/>\n<meta property=\"og:image\" content=\"https:\/\/thucphamtienloi.com\/wp-content\/uploads\/2020\/05\/thit-heo-gac-bep.png\" \/>\n\t<meta property=\"og:image:width\" content=\"300\" \/>\n\t<meta property=\"og:image:height\" content=\"300\" \/>\n\t<meta property=\"og:image:type\" content=\"image\/png\" \/>\n<meta name=\"twitter:card\" content=\"summary_large_image\" \/>\n<meta name=\"twitter:label1\" content=\"\u01af\u1edbc t\u00ednh th\u1eddi gian \u0111\u1ecdc\" \/>\n\t<meta name=\"twitter:data1\" content=\"3 ph\u00fat\" \/>\n<script type=\"application\/ld+json\" class=\"yoast-schema-graph\">{\"@context\":\"https:\\\/\\\/schema.org\",\"@graph\":[{\"@type\":[\"WebPage\",\"ItemPage\"],\"@id\":\"https:\\\/\\\/thucphamtienloi.com\\\/?product=thit-lon-gac-bep\",\"url\":\"https:\\\/\\\/thucphamtienloi.com\\\/?product=thit-lon-gac-bep\",\"name\":\"Th\u1ecbt L\u1ee3n G\u00e1c B\u1ebfp T\u00e2y B\u1eafc - 275k\",\"isPartOf\":{\"@id\":\"https:\\\/\\\/thucphamtienloi.com\\\/#website\"},\"primaryImageOfPage\":{\"@id\":\"https:\\\/\\\/thucphamtienloi.com\\\/?product=thit-lon-gac-bep#primaryimage\"},\"image\":{\"@id\":\"https:\\\/\\\/thucphamtienloi.com\\\/?product=thit-lon-gac-bep#primaryimage\"},\"thumbnailUrl\":\"https:\\\/\\\/thucphamtienloi.com\\\/wp-content\\\/uploads\\\/2020\\\/05\\\/thit-heo-gac-bep.png\",\"datePublished\":\"2020-05-29T06:12:15+00:00\",\"dateModified\":\"2025-10-19T16:16:05+00:00\",\"description\":\"Kh\u00f4ng c\u1ea7n d\u00f9ng \u0111\u1ebfn may m\u00f3c hi\u1ec7n \u0111\u1ea1i. Ch\u1ec9 c\u1ea7n nh\u1eefng c\u00f4ng c\u1ee5 th\u00f4 s\u01a1, \u0111\u1ed3ng b\u00e0o n\u01a1i \u0111\u00e2y \u0111\u00e3 t\u1ea1o ra nh\u1eefng mi\u1ebfng th\u1ecbt l\u1ee3n g\u00e1c b\u1ebfp th\u01a1m ngon \u0111\u1eb7c bi\u1ec7t\",\"breadcrumb\":{\"@id\":\"https:\\\/\\\/thucphamtienloi.com\\\/?product=thit-lon-gac-bep#breadcrumb\"},\"inLanguage\":\"vi\",\"potentialAction\":[{\"@type\":\"ReadAction\",\"target\":[\"https:\\\/\\\/thucphamtienloi.com\\\/?product=thit-lon-gac-bep\"]}]},{\"@type\":\"ImageObject\",\"inLanguage\":\"vi\",\"@id\":\"https:\\\/\\\/thucphamtienloi.com\\\/?product=thit-lon-gac-bep#primaryimage\",\"url\":\"https:\\\/\\\/thucphamtienloi.com\\\/wp-content\\\/uploads\\\/2020\\\/05\\\/thit-heo-gac-bep.png\",\"contentUrl\":\"https:\\\/\\\/thucphamtienloi.com\\\/wp-content\\\/uploads\\\/2020\\\/05\\\/thit-heo-gac-bep.png\",\"width\":300,\"height\":300,\"caption\":\"th\u1ecbt heo g\u00e1c b\u1ebfp\"},{\"@type\":\"BreadcrumbList\",\"@id\":\"https:\\\/\\\/thucphamtienloi.com\\\/?product=thit-lon-gac-bep#breadcrumb\",\"itemListElement\":[{\"@type\":\"ListItem\",\"position\":1,\"name\":\"Trang ch\u1ee7\",\"item\":\"https:\\\/\\\/thucphamtienloi.com\\\/\"},{\"@type\":\"ListItem\",\"position\":2,\"name\":\"C\u1eeda H\u00e0ng\",\"item\":\"https:\\\/\\\/thucphamtienloi.com\\\/?page_id=3334\"},{\"@type\":\"ListItem\",\"position\":3,\"name\":\"\u0110\u1eb7c S\u1ea3n Mi\u1ec1n B\u1eafc\",\"item\":\"https:\\\/\\\/thucphamtienloi.com\\\/danh-muc-san-pham\\\/dac-san-mien-bac\\\/\"},{\"@type\":\"ListItem\",\"position\":4,\"name\":\"Th\u1ecbt L\u1ee3n G\u00e1c B\u1ebfp T\u00e2y B\u1eafc\"}]},{\"@type\":\"WebSite\",\"@id\":\"https:\\\/\\\/thucphamtienloi.com\\\/#website\",\"url\":\"https:\\\/\\\/thucphamtienloi.com\\\/\",\"name\":\"Th\u1ef1c ph\u1ea9m ti\u1ec7n l\u1ee3i\",\"description\":\"\u1ea8m Th\u1ef1c Qu\u00ea H\u01b0\u01a1ng\",\"publisher\":{\"@id\":\"https:\\\/\\\/thucphamtienloi.com\\\/#organization\"},\"potentialAction\":[{\"@type\":\"SearchAction\",\"target\":{\"@type\":\"EntryPoint\",\"urlTemplate\":\"https:\\\/\\\/thucphamtienloi.com\\\/?s={search_term_string}\"},\"query-input\":{\"@type\":\"PropertyValueSpecification\",\"valueRequired\":true,\"valueName\":\"search_term_string\"}}],\"inLanguage\":\"vi\"},{\"@type\":\"Organization\",\"@id\":\"https:\\\/\\\/thucphamtienloi.com\\\/#organization\",\"name\":\"Th\u1ef1c ph\u1ea9m ti\u1ec7n l\u1ee3i\",\"url\":\"https:\\\/\\\/thucphamtienloi.com\\\/\",\"logo\":{\"@type\":\"ImageObject\",\"inLanguage\":\"vi\",\"@id\":\"https:\\\/\\\/thucphamtienloi.com\\\/#\\\/schema\\\/logo\\\/image\\\/\",\"url\":\"https:\\\/\\\/thucphamtienloi.com\\\/wp-content\\\/uploads\\\/2022\\\/07\\\/THU\u031b\u0323C-PHA\u0302\u0309M-TIE\u0323\u0302N-LO\u031b\u0323I.png\",\"contentUrl\":\"https:\\\/\\\/thucphamtienloi.com\\\/wp-content\\\/uploads\\\/2022\\\/07\\\/THU\u031b\u0323C-PHA\u0302\u0309M-TIE\u0323\u0302N-LO\u031b\u0323I.png\",\"width\":1920,\"height\":1080,\"caption\":\"Th\u1ef1c ph\u1ea9m ti\u1ec7n l\u1ee3i\"},\"image\":{\"@id\":\"https:\\\/\\\/thucphamtienloi.com\\\/#\\\/schema\\\/logo\\\/image\\\/\"}}]}<\/script>\n<!-- \/ Yoast SEO plugin. -->","yoast_head_json":{"title":"Th\u1ecbt L\u1ee3n G\u00e1c B\u1ebfp T\u00e2y B\u1eafc - 275k","description":"Kh\u00f4ng c\u1ea7n d\u00f9ng \u0111\u1ebfn may m\u00f3c hi\u1ec7n \u0111\u1ea1i. Ch\u1ec9 c\u1ea7n nh\u1eefng c\u00f4ng c\u1ee5 th\u00f4 s\u01a1, \u0111\u1ed3ng b\u00e0o n\u01a1i \u0111\u00e2y \u0111\u00e3 t\u1ea1o ra nh\u1eefng mi\u1ebfng th\u1ecbt l\u1ee3n g\u00e1c b\u1ebfp th\u01a1m ngon \u0111\u1eb7c bi\u1ec7t","robots":{"index":"index","follow":"follow","max-snippet":"max-snippet:-1","max-image-preview":"max-image-preview:large","max-video-preview":"max-video-preview:-1"},"canonical":"https:\/\/thucphamtienloi.com\/?product=thit-lon-gac-bep","og_locale":"vi_VN","og_type":"article","og_title":"Th\u1ecbt L\u1ee3n G\u00e1c B\u1ebfp T\u00e2y B\u1eafc - 275k","og_description":"Kh\u00f4ng c\u1ea7n d\u00f9ng \u0111\u1ebfn may m\u00f3c hi\u1ec7n \u0111\u1ea1i. Ch\u1ec9 c\u1ea7n nh\u1eefng c\u00f4ng c\u1ee5 th\u00f4 s\u01a1, \u0111\u1ed3ng b\u00e0o n\u01a1i \u0111\u00e2y \u0111\u00e3 t\u1ea1o ra nh\u1eefng mi\u1ebfng th\u1ecbt l\u1ee3n g\u00e1c b\u1ebfp th\u01a1m ngon \u0111\u1eb7c bi\u1ec7t","og_url":"https:\/\/thucphamtienloi.com\/?product=thit-lon-gac-bep","og_site_name":"\u1ea8M TH\u1ef0C BA MI\u1ec0N","article_modified_time":"2025-10-19T16:16:05+00:00","og_image":[{"width":300,"height":300,"url":"https:\/\/thucphamtienloi.com\/wp-content\/uploads\/2020\/05\/thit-heo-gac-bep.png","type":"image\/png"}],"twitter_card":"summary_large_image","twitter_misc":{"\u01af\u1edbc t\u00ednh th\u1eddi gian \u0111\u1ecdc":"3 ph\u00fat"},"schema":{"@context":"https:\/\/schema.org","@graph":[{"@type":["WebPage","ItemPage"],"@id":"https:\/\/thucphamtienloi.com\/?product=thit-lon-gac-bep","url":"https:\/\/thucphamtienloi.com\/?product=thit-lon-gac-bep","name":"Th\u1ecbt L\u1ee3n G\u00e1c B\u1ebfp T\u00e2y B\u1eafc - 275k","isPartOf":{"@id":"https:\/\/thucphamtienloi.com\/#website"},"primaryImageOfPage":{"@id":"https:\/\/thucphamtienloi.com\/?product=thit-lon-gac-bep#primaryimage"},"image":{"@id":"https:\/\/thucphamtienloi.com\/?product=thit-lon-gac-bep#primaryimage"},"thumbnailUrl":"https:\/\/thucphamtienloi.com\/wp-content\/uploads\/2020\/05\/thit-heo-gac-bep.png","datePublished":"2020-05-29T06:12:15+00:00","dateModified":"2025-10-19T16:16:05+00:00","description":"Kh\u00f4ng c\u1ea7n d\u00f9ng \u0111\u1ebfn may m\u00f3c hi\u1ec7n \u0111\u1ea1i. Ch\u1ec9 c\u1ea7n nh\u1eefng c\u00f4ng c\u1ee5 th\u00f4 s\u01a1, \u0111\u1ed3ng b\u00e0o n\u01a1i \u0111\u00e2y \u0111\u00e3 t\u1ea1o ra nh\u1eefng mi\u1ebfng th\u1ecbt l\u1ee3n g\u00e1c b\u1ebfp th\u01a1m ngon \u0111\u1eb7c bi\u1ec7t","breadcrumb":{"@id":"https:\/\/thucphamtienloi.com\/?product=thit-lon-gac-bep#breadcrumb"},"inLanguage":"vi","potentialAction":[{"@type":"ReadAction","target":["https:\/\/thucphamtienloi.com\/?product=thit-lon-gac-bep"]}]},{"@type":"ImageObject","inLanguage":"vi","@id":"https:\/\/thucphamtienloi.com\/?product=thit-lon-gac-bep#primaryimage","url":"https:\/\/thucphamtienloi.com\/wp-content\/uploads\/2020\/05\/thit-heo-gac-bep.png","contentUrl":"https:\/\/thucphamtienloi.com\/wp-content\/uploads\/2020\/05\/thit-heo-gac-bep.png","width":300,"height":300,"caption":"th\u1ecbt heo g\u00e1c b\u1ebfp"},{"@type":"BreadcrumbList","@id":"https:\/\/thucphamtienloi.com\/?product=thit-lon-gac-bep#breadcrumb","itemListElement":[{"@type":"ListItem","position":1,"name":"Trang ch\u1ee7","item":"https:\/\/thucphamtienloi.com\/"},{"@type":"ListItem","position":2,"name":"C\u1eeda H\u00e0ng","item":"https:\/\/thucphamtienloi.com\/?page_id=3334"},{"@type":"ListItem","position":3,"name":"\u0110\u1eb7c S\u1ea3n Mi\u1ec1n B\u1eafc","item":"https:\/\/thucphamtienloi.com\/danh-muc-san-pham\/dac-san-mien-bac\/"},{"@type":"ListItem","position":4,"name":"Th\u1ecbt L\u1ee3n G\u00e1c B\u1ebfp T\u00e2y B\u1eafc"}]},{"@type":"WebSite","@id":"https:\/\/thucphamtienloi.com\/#website","url":"https:\/\/thucphamtienloi.com\/","name":"Th\u1ef1c ph\u1ea9m ti\u1ec7n l\u1ee3i","description":"\u1ea8m Th\u1ef1c Qu\u00ea H\u01b0\u01a1ng","publisher":{"@id":"https:\/\/thucphamtienloi.com\/#organization"},"potentialAction":[{"@type":"SearchAction","target":{"@type":"EntryPoint","urlTemplate":"https:\/\/thucphamtienloi.com\/?s={search_term_string}"},"query-input":{"@type":"PropertyValueSpecification","valueRequired":true,"valueName":"search_term_string"}}],"inLanguage":"vi"},{"@type":"Organization","@id":"https:\/\/thucphamtienloi.com\/#organization","name":"Th\u1ef1c ph\u1ea9m ti\u1ec7n l\u1ee3i","url":"https:\/\/thucphamtienloi.com\/","logo":{"@type":"ImageObject","inLanguage":"vi","@id":"https:\/\/thucphamtienloi.com\/#\/schema\/logo\/image\/","url":"https:\/\/thucphamtienloi.com\/wp-content\/uploads\/2022\/07\/THU\u031b\u0323C-PHA\u0302\u0309M-TIE\u0323\u0302N-LO\u031b\u0323I.png","contentUrl":"https:\/\/thucphamtienloi.com\/wp-content\/uploads\/2022\/07\/THU\u031b\u0323C-PHA\u0302\u0309M-TIE\u0323\u0302N-LO\u031b\u0323I.png","width":1920,"height":1080,"caption":"Th\u1ef1c ph\u1ea9m ti\u1ec7n l\u1ee3i"},"image":{"@id":"https:\/\/thucphamtienloi.com\/#\/schema\/logo\/image\/"}}]}},"_links":{"self":[{"href":"https:\/\/thucphamtienloi.com\/index.php?rest_route=\/wp\/v2\/product\/498","targetHints":{"allow":["GET"]}}],"collection":[{"href":"https:\/\/thucphamtienloi.com\/index.php?rest_route=\/wp\/v2\/product"}],"about":[{"href":"https:\/\/thucphamtienloi.com\/index.php?rest_route=\/wp\/v2\/types\/product"}],"replies":[{"embeddable":true,"href":"https:\/\/thucphamtienloi.com\/index.php?rest_route=%2Fwp%2Fv2%2Fcomments&post=498"}],"wp:featuredmedia":[{"embeddable":true,"href":"https:\/\/thucphamtienloi.com\/index.php?rest_route=\/wp\/v2\/media\/496"}],"wp:attachment":[{"href":"https:\/\/thucphamtienloi.com\/index.php?rest_route=%2Fwp%2Fv2%2Fmedia&parent=498"}],"wp:term":[{"taxonomy":"product_brand","embeddable":true,"href":"https:\/\/thucphamtienloi.com\/index.php?rest_route=%2Fwp%2Fv2%2Fproduct_brand&post=498"},{"taxonomy":"product_cat","embeddable":true,"href":"https:\/\/thucphamtienloi.com\/index.php?rest_route=%2Fwp%2Fv2%2Fproduct_cat&post=498"},{"taxonomy":"product_tag","embeddable":true,"href":"https:\/\/thucphamtienloi.com\/index.php?rest_route=%2Fwp%2Fv2%2Fproduct_tag&post=498"}],"curies":[{"name":"wp","href":"https:\/\/api.w.org\/{rel}","templated":true}]}}