{"id":506,"date":"2020-05-29T06:21:19","date_gmt":"2020-05-29T06:21:19","guid":{"rendered":"http:\/\/thucphamtienloi.com\/?post_type=product&#038;p=506"},"modified":"2026-04-15T05:35:27","modified_gmt":"2026-04-15T05:35:27","slug":"ran-ho-hanh-lam-sach","status":"publish","type":"product","link":"https:\/\/thucphamtienloi.com\/?product=ran-ho-hanh-lam-sach","title":{"rendered":"R\u1eafn H\u1ed5 H\u00e0nh L\u00e0m S\u1ea1ch"},"content":{"rendered":"<p>R\u1eafn h\u1ed5 h\u00e0nh l\u00e0 m\u1ed9t lo\u00e0i r\u1eafn hoang d\u00e3, th\u01b0\u1eddng \u1ea9n n\u1ea5p trong c\u00e1c b\u1ee5i r\u1eadm ven s\u00f4ng.Khi c\u00e1c lo\u00e0i r\u1eafn qu\u00fd hi\u1ebfm nh\u01b0: r\u1eafn h\u1ed5 \u0111\u1ea5t, r\u1eafn h\u1ed3 ri\u2026 d\u1ea7n khan hi\u1ebfm th\u00ec \u0111\u1ebfn l\u01b0\u1ee3t r\u1eafn h\u1ed5 h\u00e0nh \u201cl\u00ean ng\u00f4i\u201d. \u0110\u1ec3 \u0111\u1eb7t mua s\u1ea3n ph\u1ea9m r\u1eafn h\u1ed3 h\u00e0nh qu\u00fd kh\u00e1ch vui l\u00f2ng li\u00ean h\u1ec7 Hotline : <strong class=\"uppercase\">0987.506.349.<\/strong><\/p>\n<p><strong>Xem th\u00eam c\u00e1c s\u1ea3n ph\u1ea9m \u0111\u1eb7c bi\u1ec7t<\/strong><\/p>\n<ul>\n<li><strong><span style=\"color: #0000ff;\"><a style=\"color: #0000ff;\" href=\"https:\/\/thucphamtienloi.com\/san-pham\/ga-ac\/\" target=\"_blank\" rel=\"noopener noreferrer\">G\u00e0 \u00e1c l\u00e0m s\u1ea1ch &#8211; 65k\/con<\/a><\/span><\/strong><\/li>\n<li><strong><span style=\"color: #0000ff;\"><a style=\"color: #0000ff;\" href=\"https:\/\/thucphamtienloi.com\/san-pham\/vo-bo-luoc-san\/\" target=\"_blank\" rel=\"noopener noreferrer\">V\u00f3 b\u00f2 lu\u1ed9c s\u1eb5n &#8211; 300k\/kg<\/a><\/span><\/strong><\/li>\n<li><strong><span style=\"color: #0000ff;\"><a style=\"color: #0000ff;\" href=\"https:\/\/thucphamtienloi.com\/san-pham\/trung-ca-loc-bong\/\" target=\"_blank\" rel=\"noopener noreferrer\">Tr\u1ee9ng c\u00e1 l\u00f3c b\u00f4ng &#8211; 750k\/kg<\/a><\/span><\/strong><\/li>\n<\/ul>\n<h2><strong>\u0110\u1eb7c \u0111i\u1ec3m c\u1ee7a r\u1eafn h\u1ed5 h\u00e0nh<\/strong><\/h2>\n<p>\u0110\u00e2y l\u00e0 m\u1ed9t lo\u00e0i r\u1eafn kh\u00e1 ph\u1ed5 bi\u1ebfn \u1edf khu v\u1ef1c mi\u1ec1n T\u00e2y Nam B\u1ed9 v\u00e0 r\u1ea5t d\u1ec5 \u0111\u1ec3 nh\u1eadn bi\u1ebft. \u0110\u1eb7c \u0111i\u1ec3m n\u1ed5i b\u1eadt nh\u1ea5t l\u00e0 r\u1eafn h\u1ed5 h\u00e0nh c\u00f3 c\u00e1c v\u1ea3y ng\u0169 s\u1eafc. Nh\u1eefng chi\u1ebfc v\u1ea3y n\u00e0y s\u1ebd ph\u00e1t ra m\u00e0u s\u1eafc r\u1ea5t s\u1eb7c s\u1ee1 d\u01b0\u1edbi \u00e1nh n\u1eafng m\u1eb7t tr\u1eddi. Ph\u1ea7n l\u01b0ng c\u1ee7a r\u1eafn m\u1ed1ng th\u01b0\u1eddng c\u00f3 m\u00e0u n\u00e2u \u0111\u1ecf hay \u00e1nh \u0111en, ph\u1ea7n b\u1ee5ng c\u00f3 m\u00e0u x\u00e1m tr\u1eafng.<\/p>\n<p><img loading=\"lazy\" decoding=\"async\" class=\"aligncenter wp-image-1075\" src=\"https:\/\/thucphamtienloi.com\/wp-content\/uploads\/2020\/05\/ran-ho-hanh-min-533x400.jpg\" alt=\"dac diem-ran-ho-hanh\" width=\"600\" height=\"450\" srcset=\"https:\/\/thucphamtienloi.com\/wp-content\/uploads\/2020\/05\/ran-ho-hanh-min-533x400.jpg 533w, https:\/\/thucphamtienloi.com\/wp-content\/uploads\/2020\/05\/ran-ho-hanh-min-510x383.jpg 510w, https:\/\/thucphamtienloi.com\/wp-content\/uploads\/2020\/05\/ran-ho-hanh-min-600x450.jpg 600w, https:\/\/thucphamtienloi.com\/wp-content\/uploads\/2020\/05\/ran-ho-hanh-min.jpg 640w\" sizes=\"auto, (max-width: 600px) 100vw, 600px\" \/><\/p>\n<p>C\u0169ng gi\u1ed1ng nh\u01b0 nh\u1eefng lo\u00e0i b\u00f2 s\u00e1t c\u00f3 t\u1eadp t\u00ednh \u0111\u00e0o hang, c\u01a1 th\u1ec3 c\u1ee7a r\u1eafn h\u1ed5 h\u00e0nh kh\u00e1 tr\u00f2n, \u0111\u1ea7u h\u01a1i nh\u1ecdn v\u00e0 c\u00f3 c\u00e1c v\u1ea3y l\u1edbn h\u01a1n ph\u1ea7n th\u00e2n, \u0111u\u00f4i ng\u1eafn.<\/p>\n<p>K\u00edch th\u01b0\u1edbc c\u1ee7a r\u1eafn tr\u01b0\u1edfng th\u00e0nh trung b\u00ecnh kho\u1ea3ng 80 \u2013 100cm, c\u00e1 bi\u1ec7t c\u00f3 nh\u1eefng con d\u00e0i \u0111\u1ebfn 1.3m. Sau kho\u1ea3ng 10 th\u00e1ng ph\u00e1t tri\u1ec3n th\u00ec r\u1eafn c\u00f3 th\u1ec3 \u0111\u1ea1t t\u1edbi tr\u1ecdng l\u01b0\u1ee3ng 1.2kg.<\/p>\n<p>Th\u00eam m\u1ed9t \u0111i\u1ec3m \u0111\u1eb7c bi\u1ec7t c\u1ee7a r\u1eafn h\u1ed5 h\u00e0nh l\u00e0 r\u0103ng c\u1ee7a ch\u00fang kh\u00f4ng c\u1ed1 \u0111\u1ecbnh m\u00e0 \u0111\u01b0\u1ee3c g\u1eafn v\u1edbi s\u1ee3i c\u01a1 linh \u0111\u1ed9ng c\u00f3 th\u1ec3 g\u1eadp l\u00ean xu\u1ed1ng \u0111\u01b0\u1ee3c. Th\u00f4ng th\u01b0\u1eddng, c\u00e1c r\u0103ng s\u1ebd g\u1eadp v\u1ec1 ph\u00eda sau gi\u00fap gi\u1eef ch\u1eb7t con m\u1ed3i \u0111\u1ec3 ch\u00fang kh\u00f4ng c\u00f3 c\u01a1 h\u1ed9i tho\u00e1t ra ngo\u00e0i. C\u1ea5u t\u1ea1o \u0111\u1eb7c bi\u1ec7t n\u00e0y gi\u00fap ch\u00fang c\u00f3 th\u1ec3 nu\u1ed1t nh\u1eefng con m\u1ed3i c\u1ee9ng nh\u01b0 chim, th\u1eb1n l\u1eb1n, \u1ebfch, nh\u00e1i m\u1ed9t c\u00e1ch d\u1ec5 d\u00e0ng.<\/p>\n<h2><strong>M\u1ed9t s\u1ed1 m\u00f3n \u0103n ngon ch\u1ebf bi\u1ebfn t\u1eeb r\u1eafn h\u1ed5 h\u00e0nh<\/strong><\/h2>\n<p>T\u1eeb con r\u1eafn h\u1ed5 h\u00e0nh ki\u1ebfm \u0111\u01b0\u1ee3c, ng\u01b0\u1eddi d\u00e2n v\u00f9ng s\u00f4ng n\u01b0\u1edbc mi\u1ec1n T\u00e2y ch\u1ebf bi\u1ebfn th\u00e0nh nhi\u1ec1u m\u00f3n \u0103n \u201cth\u01b0\u1ee3ng h\u1ea1ng\u201d l\u00e0m cho th\u1ef1c kh\u00e1ch ph\u1ea3i t\u1ea5m t\u1eafc g\u1eadt \u0111\u1ea7u. Th\u00f4ng th\u01b0\u1eddng, ng\u01b0\u1eddi ta ch\u1ec9 ch\u1ecdn con r\u1eafn ch\u1eebng n\u1eeda kg l\u00e0 v\u1eeba \u0103n, n\u1ebfu l\u1edbn qu\u00e1 th\u1ecbt s\u1ebd dai, m\u1ea5t \u0111i m\u00f9i v\u1ecb.<\/p>\n<h3><strong>R\u1eafn n\u1ea5u ch\u00e1o \u0111\u1eadu xanh<\/strong><\/h3>\n<p>\u0110\u1ec3 l\u00e0m m\u1ea5t \u0111i m\u00f9i h\u00e0nh, tr\u01b0\u1edbc khi ch\u1ebf bi\u1ebfn, ng\u01b0\u1eddi ta ch\u00e0 x\u00e1t chanh t\u01b0\u01a1i v\u00e0o th\u1ecbt r\u1eafn. Sau khi ch\u1eb7t kh\u00fac, b\u1eafc n\u1ed3i ch\u00e1o g\u1ea1o rang l\u00ean, cho h\u1ed7n h\u1ee3p th\u1ecbt r\u1eafn v\u00e0 \u0111\u1eadu xanh b\u00f3c s\u1ea1ch v\u1ecf v\u00e0o, ch\u1ec9 c\u1ea7n \u0111\u1ee3i \u0111\u1ebfn khi ch\u00e1o nh\u1eeb l\u00e0 d\u00f9ng \u0111\u01b0\u1ee3c.<\/p>\n<p><img loading=\"lazy\" decoding=\"async\" class=\"aligncenter wp-image-1073\" src=\"https:\/\/thucphamtienloi.com\/wp-content\/uploads\/2020\/05\/ho-hanh-nau-chao-dau-xanh-min.jpg\" alt=\"ho-hanh-nau-chao-dau-xanh\" width=\"600\" height=\"400\" srcset=\"https:\/\/thucphamtienloi.com\/wp-content\/uploads\/2020\/05\/ho-hanh-nau-chao-dau-xanh-min.jpg 600w, https:\/\/thucphamtienloi.com\/wp-content\/uploads\/2020\/05\/ho-hanh-nau-chao-dau-xanh-min-510x340.jpg 510w\" sizes=\"auto, (max-width: 600px) 100vw, 600px\" \/><\/p>\n<p>Mu\u1ed1n ch\u00e1o ngon h\u01a1n, ng\u01b0\u1eddi \u0111\u1ea7u b\u1ebfp s\u1ebd cho th\u00eam n\u01b0\u1edbc c\u1ed1t d\u1eeba v\u00e0o n\u1ed3i ch\u00e1o. Khi th\u1ea5y ch\u00e1o \u0111\u00e3 n\u1edf, ngay l\u1eadp t\u1ee9c tr\u00fat th\u1ecbt r\u1eafn \u0111\u00e3 x\u00e0o v\u00e0 n\u01b0\u1edbc c\u1ed1t d\u1eeba v\u00e0o r\u1ed3i d\u00f9ng mu\u00f4i to ho\u1eb7c \u0111\u0169a tr\u1ed9n cho \u0111\u1ec1u. C\u00f4ng \u0111o\u1ea1n cu\u1ed1i c\u00f9ng, ch\u1ec9 c\u1ea7n \u0111\u1ec3 l\u1eeda to cho ch\u00e1o s\u00f4i l\u00ean l\u1ea7n n\u1eefa r\u1ed3i nh\u1eafc xu\u1ed1ng.<\/p>\n<p>M\u00fac ch\u00e1o ra t\u00f4, r\u1eafc ng\u00f2 r\u00ed, h\u00e0nh l\u00e1 \u0111\u00e3 x\u1eaft nh\u1ecf, ti\u00eau s\u1ecd gi\u00e3 nh\u1ecf hay \u1edbt b\u1eb1m. Ai th\u00edch \u0103n m\u1eb7n th\u00ec chan th\u00eam ch\u00fat n\u01b0\u1edbc m\u1eafm ngon (n\u01b0\u1edbc m\u1eafm m\u1eb7n \u0111\u1ec3 nguy\u00ean ch\u1ea5t).<\/p>\n<p>M\u00f9i ch\u00e1o, m\u00f9i \u0111\u1eadu xanh h\u00f2a v\u1edbi h\u00e0nh, ng\u00f2, ti\u00eau,\u2026 b\u1ed1c kh\u00f3i th\u01a1m ph\u1ee9c. Th\u1ecbt r\u1eafn v\u1eeba ng\u1ecdt v\u1eeba m\u1ec1m, da r\u1eafn dai dai gi\u00f2n gi\u00f2n, \u0111\u1eadu xanh, n\u01b0\u1edbc c\u1ed1t d\u1eeba cho v\u1ecb b\u00f9i v\u00e0 b\u00e9o. Th\u1eadt l\u00e0 m\u1ed9t th\u1ee9 \u0111\u1eb7c s\u1ea3n tuy\u1ec7t v\u1eddi kh\u00f3 qu\u00ean c\u1ee7a v\u00f9ng s\u00f4ng n\u01b0\u1edbc.<\/p>\n<h3><strong>R\u1eafn h\u1ea7m s\u1ea3 \u1edbt<\/strong><\/h3>\n<p><img loading=\"lazy\" decoding=\"async\" class=\"aligncenter wp-image-1072\" src=\"https:\/\/thucphamtienloi.com\/wp-content\/uploads\/2020\/05\/ho-hanh-ham-xa-ot-min-536x400.jpg\" alt=\"ho-hanh-ham-xa-ot\" width=\"600\" height=\"448\" srcset=\"https:\/\/thucphamtienloi.com\/wp-content\/uploads\/2020\/05\/ho-hanh-ham-xa-ot-min-536x400.jpg 536w, https:\/\/thucphamtienloi.com\/wp-content\/uploads\/2020\/05\/ho-hanh-ham-xa-ot-min-510x381.jpg 510w, https:\/\/thucphamtienloi.com\/wp-content\/uploads\/2020\/05\/ho-hanh-ham-xa-ot-min-600x448.jpg 600w, https:\/\/thucphamtienloi.com\/wp-content\/uploads\/2020\/05\/ho-hanh-ham-xa-ot-min.jpg 640w\" sizes=\"auto, (max-width: 600px) 100vw, 600px\" \/><\/p>\n<p>D\u00e2n nh\u1eadu mi\u1ec1n T\u00e2y th\u01b0\u1eddng h\u1ea7m s\u1ea3 r\u1eafn h\u1ed5 h\u00e0nh \u0111\u1ec3 d\u00f9ng v\u1edbi ru\u1ee3u \u0111\u1ebf mi\u1ec7t v\u01b0\u1eddn. M\u00f3n \u0103n n\u00e0y ch\u1ebf bi\u1ebfn v\u1eeba nhanh ch\u00f3ng, l\u1ea1i v\u1eeba gi\u1eef \u0111\u01b0\u1ee3c v\u1ecb ng\u1ecdt th\u01a1m trong t\u1eebng mi\u1ebfng th\u1ecbt r\u1eafn.<\/p>\n<p>Sau khi \u0111\u00e3 qua c\u00f4ng \u0111o\u1ea1n s\u01a1 ch\u1ebf, ch\u1ec9 c\u1ea7n b\u1eafc n\u1ed3i s\u1ea3 th\u01a1m ph\u1ee9c l\u00ean b\u1ebfp, n\u00eam n\u1ebfm gia v\u1ecb r\u1ed3i cho th\u1ecbt r\u1eafn v\u00e0o n\u1ed3i, \u0111\u1ee3i r\u1eafn m\u1ec1m l\u00e0 c\u00f3 th\u1ec3 mang ra d\u00f9ng \u0111\u01b0\u1ee3c.<\/p>\n<p>Khi ch\u00edn, m\u00f9i th\u01a1m c\u1ee7a s\u1ea3 \u0111\u00e3 l\u00e0m m\u1ea5t \u0111i m\u00f9i h\u00e0nh \u0111\u1eb7c tr\u01b0ng c\u1ee7a r\u1eafn n\u00ean th\u1ecbt r\u1eafn b\u00e9o ng\u1eady, \u0111\u1eadm \u0111\u00e0 \u0103n ho\u00e0i m\u00e0 kh\u00f4ng bi\u1ebft ng\u00e1n.<\/p>\n<p>\u0110\u01b0\u1ee3c th\u01b0\u1edfng th\u1ee9c m\u00f3n r\u1eafn h\u1ed5 h\u00e0nh h\u1ea7m s\u1ea3 \u1edbt \u1edf m\u00e9 s\u00f4ng m\u1edbi th\u1ef1c s\u1ef1 l\u00e0 c\u00e1i th\u00fa. V\u1ecb th\u01a1m ng\u1ecdt c\u1ee7a r\u1eafn ho\u00e0 l\u1eabn v\u00e0o m\u00f9i \u0111\u1eb7c tr\u01b0ng c\u1ee7a s\u1ea3 l\u00e0m cho ng\u01b0\u1eddi th\u01b0\u1edfng th\u1ee9c c\u1ee9 ng\u00e2y ng\u1ea5t \u0111\u1ebfn t\u1eadn c\u00f9ng. C\u00f3 ng\u01b0\u1eddi n\u00f3i vui r\u1eb1ng, m\u00f3n r\u1eafn n\u00e0y ch\u00ednh l\u00e0 \u201cl\u1ed9c tr\u1eddi\u201d c\u1ee7a v\u00f9ng r\u1ed1n l\u0169.<\/p>\n<h3><strong>R\u1eafn x\u00e0o l\u00e1 c\u00e1ch<\/strong><\/h3>\n<p><img loading=\"lazy\" decoding=\"async\" class=\"aligncenter wp-image-1074\" src=\"https:\/\/thucphamtienloi.com\/wp-content\/uploads\/2020\/05\/ho-hanh-xao-la-cach-min.jpg\" alt=\"ho-hanh-xao-la-cach\" width=\"600\" height=\"338\" srcset=\"https:\/\/thucphamtienloi.com\/wp-content\/uploads\/2020\/05\/ho-hanh-xao-la-cach-min.jpg 640w, https:\/\/thucphamtienloi.com\/wp-content\/uploads\/2020\/05\/ho-hanh-xao-la-cach-min-510x287.jpg 510w, https:\/\/thucphamtienloi.com\/wp-content\/uploads\/2020\/05\/ho-hanh-xao-la-cach-min-600x338.jpg 600w\" sizes=\"auto, (max-width: 600px) 100vw, 600px\" \/><\/p>\n<p>Ng\u01b0\u1eddi mi\u1ec1n T\u00e2y th\u01b0\u1eddng ch\u1ebf bi\u1ebfn r\u1eafn h\u1ed5 h\u00e0nh th\u00e0nh c\u00e1c m\u00f3n \u0111\u1ec3 lai rai r\u01b0\u1ee3u \u0111\u1ebf v\u1edbi b\u1ea1n b\u00e8. Tuy nhi\u00ean, lo\u1ea1i r\u1eafn n\u00e0y khi x\u00e0o v\u1edbi l\u00e1 c\u00e1ch c\u00f3 s\u1eb5n \u1edf v\u01b0\u1eddn nh\u00e0 th\u00ec c\u1ea3 ph\u1ee5 n\u1eef l\u1eabn tr\u1ebb em \u0111\u1ec1u c\u00f3 th\u1ec3 d\u00f9ng \u0111\u01b0\u1ee3c.<\/p>\n<p>So v\u1edbi c\u00e1c c\u00e1ch ch\u1ebf bi\u1ebfn kh\u00e1c, m\u00f3n \u0103n n\u00e0y \u0111\u00f2i h\u1ecfi c\u1ea7u s\u1ef1 k\u1ef3 h\u01a1n n\u00ean c\u0169ng t\u1ea1o \u0111\u01b0\u1ee3c d\u01b0 v\u1ecb kh\u00f3 qu\u00ean.<\/p>\n<p>Th\u1ecbt r\u1eafn sau khi l\u00e0m s\u1ea1ch th\u00ec c\u1eaft b\u1ecf h\u1ebft ph\u1ea7n x\u01b0\u01a1ng, l\u1ea5y th\u1ecbt b\u0103m nhuy\u1ec5n r\u1ed3i \u01b0\u1edbp mu\u1ed1i, n\u01b0\u1edbc m\u1eafm, sa t\u1ebf, \u0111\u01b0\u1eddng, t\u1ecfi\u2026 \u0111\u1ec3 gia v\u1ecb ng\u1ea5m \u0111\u1ec1u.<\/p>\n<p>B\u1eafc ch\u1ea3o l\u00ean b\u1ebfp, x\u00e0o th\u1ecbt r\u1eafn \u0111\u1ebfn khi s\u1ef1c n\u1ee9c m\u00f9i th\u01a1m th\u00ec cho l\u00e1 c\u00e1ch x\u1eaft nhuy\u1ec5n v\u00e0o, \u0111\u1ea3o tr\u00ean l\u1eeda l\u1edbn \u0111\u1ebfn khi l\u00e1 c\u00e1ch x\u00e8o xu\u1ed1ng l\u00e0 \u0111\u01b0\u1ee3c.<\/p>\n<p>Th\u1ecbt r\u1eafn th\u01a1m ng\u1ecdt c\u1ed9ng v\u1edbi h\u01b0\u01a1ng th\u01a1m c\u1ee7a gia v\u1ecb v\u00e0 \u0111\u1eb7c bi\u1ec7t l\u00e0 c\u00e1i \u0111\u1eafng th\u01a1m d\u1ecbu r\u1ea5t tinh t\u1ebf c\u1ee7a l\u00e1 c\u00e1ch c\u00e0ng l\u00e0m m\u00f3n \u0103n th\u00eam ngon \u0111\u1eb7c bi\u1ec7t.<\/p>\n<h2><strong>\u0110\u1ecba ch\u1ec9 mua r\u1eafn h\u1ed5 h\u00e0nh t\u1ea1i Tp HCM?<\/strong><\/h2>\n<p>M\u1ecdi th\u00f4ng tin chi ti\u1ebft v\u1ec1 s\u1ea3n ph\u1ea9m vui l\u00f2ng li\u00ean h\u1ec7 :\u00a0<\/p>\n<p><strong>Hotline\/Zalo:<\/strong>\u00a0<strong class=\"uppercase\">0987.506.349<\/strong><\/p>\n<p><strong>\u0110\u1ecba ch\u1ec9 c\u1eeda h\u00e0ng :\u00a0<\/strong><\/p>\n<p><strong>T\u1ea1i S\u00e0i G\u00f2n:<\/strong>\u00a0184\/17 Nguy\u1ec5n Ph\u00fac Chu, P15, Q. T\u00e2n B\u00ecnh , TP HCM (vui l\u00f2ng g\u1ecdi tr\u01b0\u1edbc khi \u0111\u1ebfn)<br \/>\n<strong>Facebook: <a href=\"https:\/\/www.facebook.com\/thucphamtienloiFB\">TH\u1ef0C PH\u1ea8M TI\u1ec6N L\u1ee2I<\/a><\/strong><\/p>\n","protected":false},"excerpt":{"rendered":"<p>R\u1eafn h\u1ed5 h\u00e0nh l\u00e0 m\u1ed9t lo\u00e0i r\u1eafn hoang d\u00e3, th\u01b0\u1eddng \u1ea9n n\u1ea5p trong c\u00e1c b\u1ee5i r\u1eadm ven s\u00f4ng.Khi c\u00e1c lo\u00e0i r\u1eafn qu\u00fd hi\u1ebfm nh\u01b0: r\u1eafn h\u1ed5 \u0111\u1ea5t, r\u1eafn h\u1ed3 ri\u2026 d\u1ea7n khan hi\u1ebfm th\u00ec \u0111\u1ebfn l\u01b0\u1ee3t r\u1eafn h\u1ed5 h\u00e0nh \u201cl\u00ean ng\u00f4i\u201d. \u0110\u1ec3 \u0111\u1eb7t mua s\u1ea3n ph\u1ea9m r\u1eafn h\u1ed3 h\u00e0nh qu\u00fd kh\u00e1ch vui l\u00f2ng li\u00ean h\u1ec7 Hotline : <strong class=\"uppercase\">0987.506.349.<\/strong><\/p>\n","protected":false},"featured_media":503,"comment_status":"closed","ping_status":"closed","template":"","meta":[],"product_brand":[],"product_cat":[71],"product_tag":[341,342,343,344,345,346,347,613,614],"class_list":{"0":"post-506","1":"product","2":"type-product","3":"status-publish","4":"has-post-thumbnail","6":"product_cat-thuc-pham-tuoi-song","7":"product_tag-ran-ho-hanh","8":"product_tag-ran-ho-hanh-lam-sach","9":"product_tag-dia-chi-ban-ran-ho-hanh-tai-sai-gon","10":"product_tag-dia-chi-ban-ran-ho-hanh-tai-tp-hcm","11":"product_tag-ran-ho-hanh-tai-go-vap","12":"product_tag-mua-ran-ho-hanh-tai-sai-gon","13":"product_tag-ban-ran-ho-hanh","14":"product_tag-ran-mong","15":"product_tag-ran-mong-tai-sai-gon","17":"first","18":"instock","19":"featured","20":"shipping-taxable","21":"purchasable","22":"product-type-simple"},"yoast_head":"<!-- This site is optimized with the Yoast SEO plugin v27.4 - https:\/\/yoast.com\/product\/yoast-seo-wordpress\/ -->\n<title>R\u1eafn H\u1ed5 H\u00e0nh L\u00e0m S\u1ea1ch - 650k<\/title>\n<meta name=\"description\" content=\"R\u1eafn h\u1ed5 h\u00e0nh \u201cl\u00ean ng\u00f4i\u201d khi c\u00e1c lo\u00e0i r\u1eafn kh\u00e1c \u0111\u00e3 khan hi\u1ebfm. \u0110\u1ec3 \u0111\u1eb7t mua s\u1ea3n ph\u1ea9m r\u1eafn h\u1ed3 h\u00e0nh qu\u00fd kh\u00e1ch vui l\u00f2ng li\u00ean h\u1ec7 Hotline: 0987.506.349.\" \/>\n<meta name=\"robots\" content=\"index, follow, max-snippet:-1, max-image-preview:large, max-video-preview:-1\" \/>\n<link rel=\"canonical\" href=\"https:\/\/thucphamtienloi.com\/?product=ran-ho-hanh-lam-sach\" \/>\n<meta property=\"og:locale\" content=\"vi_VN\" \/>\n<meta property=\"og:type\" content=\"article\" \/>\n<meta property=\"og:title\" content=\"R\u1eafn H\u1ed5 H\u00e0nh L\u00e0m S\u1ea1ch - 650k\" \/>\n<meta property=\"og:description\" content=\"R\u1eafn h\u1ed5 h\u00e0nh \u201cl\u00ean ng\u00f4i\u201d khi c\u00e1c lo\u00e0i r\u1eafn kh\u00e1c \u0111\u00e3 khan hi\u1ebfm. \u0110\u1ec3 \u0111\u1eb7t mua s\u1ea3n ph\u1ea9m r\u1eafn h\u1ed3 h\u00e0nh qu\u00fd kh\u00e1ch vui l\u00f2ng li\u00ean h\u1ec7 Hotline: 0987.506.349.\" \/>\n<meta property=\"og:url\" content=\"https:\/\/thucphamtienloi.com\/?product=ran-ho-hanh-lam-sach\" \/>\n<meta property=\"og:site_name\" content=\"\u1ea8M TH\u1ef0C BA MI\u1ec0N\" \/>\n<meta property=\"article:modified_time\" content=\"2026-04-15T05:35:27+00:00\" \/>\n<meta property=\"og:image\" content=\"https:\/\/thucphamtienloi.com\/wp-content\/uploads\/2020\/05\/ran-ho-hanh.png\" \/>\n\t<meta property=\"og:image:width\" content=\"300\" \/>\n\t<meta property=\"og:image:height\" content=\"300\" \/>\n\t<meta property=\"og:image:type\" content=\"image\/png\" \/>\n<meta name=\"twitter:card\" content=\"summary_large_image\" \/>\n<meta name=\"twitter:label1\" content=\"\u01af\u1edbc t\u00ednh th\u1eddi gian \u0111\u1ecdc\" \/>\n\t<meta name=\"twitter:data1\" content=\"7 ph\u00fat\" \/>\n<script type=\"application\/ld+json\" class=\"yoast-schema-graph\">{\"@context\":\"https:\\\/\\\/schema.org\",\"@graph\":[{\"@type\":[\"WebPage\",\"ItemPage\"],\"@id\":\"https:\\\/\\\/thucphamtienloi.com\\\/?product=ran-ho-hanh-lam-sach\",\"url\":\"https:\\\/\\\/thucphamtienloi.com\\\/?product=ran-ho-hanh-lam-sach\",\"name\":\"R\u1eafn H\u1ed5 H\u00e0nh L\u00e0m S\u1ea1ch - 650k\",\"isPartOf\":{\"@id\":\"https:\\\/\\\/thucphamtienloi.com\\\/#website\"},\"primaryImageOfPage\":{\"@id\":\"https:\\\/\\\/thucphamtienloi.com\\\/?product=ran-ho-hanh-lam-sach#primaryimage\"},\"image\":{\"@id\":\"https:\\\/\\\/thucphamtienloi.com\\\/?product=ran-ho-hanh-lam-sach#primaryimage\"},\"thumbnailUrl\":\"https:\\\/\\\/thucphamtienloi.com\\\/wp-content\\\/uploads\\\/2020\\\/05\\\/ran-ho-hanh.png\",\"datePublished\":\"2020-05-29T06:21:19+00:00\",\"dateModified\":\"2026-04-15T05:35:27+00:00\",\"description\":\"R\u1eafn h\u1ed5 h\u00e0nh \u201cl\u00ean ng\u00f4i\u201d khi c\u00e1c lo\u00e0i r\u1eafn kh\u00e1c \u0111\u00e3 khan hi\u1ebfm. \u0110\u1ec3 \u0111\u1eb7t mua s\u1ea3n ph\u1ea9m r\u1eafn h\u1ed3 h\u00e0nh qu\u00fd kh\u00e1ch vui l\u00f2ng li\u00ean h\u1ec7 Hotline: 0987.506.349.\",\"breadcrumb\":{\"@id\":\"https:\\\/\\\/thucphamtienloi.com\\\/?product=ran-ho-hanh-lam-sach#breadcrumb\"},\"inLanguage\":\"vi\",\"potentialAction\":[{\"@type\":\"ReadAction\",\"target\":[\"https:\\\/\\\/thucphamtienloi.com\\\/?product=ran-ho-hanh-lam-sach\"]}]},{\"@type\":\"ImageObject\",\"inLanguage\":\"vi\",\"@id\":\"https:\\\/\\\/thucphamtienloi.com\\\/?product=ran-ho-hanh-lam-sach#primaryimage\",\"url\":\"https:\\\/\\\/thucphamtienloi.com\\\/wp-content\\\/uploads\\\/2020\\\/05\\\/ran-ho-hanh.png\",\"contentUrl\":\"https:\\\/\\\/thucphamtienloi.com\\\/wp-content\\\/uploads\\\/2020\\\/05\\\/ran-ho-hanh.png\",\"width\":300,\"height\":300,\"caption\":\"r\u1eafn h\u1ed5 h\u00e0nh\"},{\"@type\":\"BreadcrumbList\",\"@id\":\"https:\\\/\\\/thucphamtienloi.com\\\/?product=ran-ho-hanh-lam-sach#breadcrumb\",\"itemListElement\":[{\"@type\":\"ListItem\",\"position\":1,\"name\":\"Trang ch\u1ee7\",\"item\":\"https:\\\/\\\/thucphamtienloi.com\\\/\"},{\"@type\":\"ListItem\",\"position\":2,\"name\":\"C\u1eeda H\u00e0ng\",\"item\":\"https:\\\/\\\/thucphamtienloi.com\\\/?page_id=3334\"},{\"@type\":\"ListItem\",\"position\":3,\"name\":\"Th\u1ef1c Ph\u1ea9m T\u01b0\u01a1i S\u1ed1ng\",\"item\":\"https:\\\/\\\/thucphamtienloi.com\\\/danh-muc-san-pham\\\/thuc-pham-tuoi-song\\\/\"},{\"@type\":\"ListItem\",\"position\":4,\"name\":\"R\u1eafn H\u1ed5 H\u00e0nh L\u00e0m S\u1ea1ch\"}]},{\"@type\":\"WebSite\",\"@id\":\"https:\\\/\\\/thucphamtienloi.com\\\/#website\",\"url\":\"https:\\\/\\\/thucphamtienloi.com\\\/\",\"name\":\"Th\u1ef1c ph\u1ea9m ti\u1ec7n l\u1ee3i\",\"description\":\"\u1ea8m Th\u1ef1c Qu\u00ea H\u01b0\u01a1ng\",\"publisher\":{\"@id\":\"https:\\\/\\\/thucphamtienloi.com\\\/#organization\"},\"potentialAction\":[{\"@type\":\"SearchAction\",\"target\":{\"@type\":\"EntryPoint\",\"urlTemplate\":\"https:\\\/\\\/thucphamtienloi.com\\\/?s={search_term_string}\"},\"query-input\":{\"@type\":\"PropertyValueSpecification\",\"valueRequired\":true,\"valueName\":\"search_term_string\"}}],\"inLanguage\":\"vi\"},{\"@type\":\"Organization\",\"@id\":\"https:\\\/\\\/thucphamtienloi.com\\\/#organization\",\"name\":\"Th\u1ef1c ph\u1ea9m ti\u1ec7n l\u1ee3i\",\"url\":\"https:\\\/\\\/thucphamtienloi.com\\\/\",\"logo\":{\"@type\":\"ImageObject\",\"inLanguage\":\"vi\",\"@id\":\"https:\\\/\\\/thucphamtienloi.com\\\/#\\\/schema\\\/logo\\\/image\\\/\",\"url\":\"https:\\\/\\\/thucphamtienloi.com\\\/wp-content\\\/uploads\\\/2022\\\/07\\\/THU\u031b\u0323C-PHA\u0302\u0309M-TIE\u0323\u0302N-LO\u031b\u0323I.png\",\"contentUrl\":\"https:\\\/\\\/thucphamtienloi.com\\\/wp-content\\\/uploads\\\/2022\\\/07\\\/THU\u031b\u0323C-PHA\u0302\u0309M-TIE\u0323\u0302N-LO\u031b\u0323I.png\",\"width\":1920,\"height\":1080,\"caption\":\"Th\u1ef1c ph\u1ea9m ti\u1ec7n l\u1ee3i\"},\"image\":{\"@id\":\"https:\\\/\\\/thucphamtienloi.com\\\/#\\\/schema\\\/logo\\\/image\\\/\"}}]}<\/script>\n<!-- \/ Yoast SEO plugin. -->","yoast_head_json":{"title":"R\u1eafn H\u1ed5 H\u00e0nh L\u00e0m S\u1ea1ch - 650k","description":"R\u1eafn h\u1ed5 h\u00e0nh \u201cl\u00ean ng\u00f4i\u201d khi c\u00e1c lo\u00e0i r\u1eafn kh\u00e1c \u0111\u00e3 khan hi\u1ebfm. \u0110\u1ec3 \u0111\u1eb7t mua s\u1ea3n ph\u1ea9m r\u1eafn h\u1ed3 h\u00e0nh qu\u00fd kh\u00e1ch vui l\u00f2ng li\u00ean h\u1ec7 Hotline: 0987.506.349.","robots":{"index":"index","follow":"follow","max-snippet":"max-snippet:-1","max-image-preview":"max-image-preview:large","max-video-preview":"max-video-preview:-1"},"canonical":"https:\/\/thucphamtienloi.com\/?product=ran-ho-hanh-lam-sach","og_locale":"vi_VN","og_type":"article","og_title":"R\u1eafn H\u1ed5 H\u00e0nh L\u00e0m S\u1ea1ch - 650k","og_description":"R\u1eafn h\u1ed5 h\u00e0nh \u201cl\u00ean ng\u00f4i\u201d khi c\u00e1c lo\u00e0i r\u1eafn kh\u00e1c \u0111\u00e3 khan hi\u1ebfm. \u0110\u1ec3 \u0111\u1eb7t mua s\u1ea3n ph\u1ea9m r\u1eafn h\u1ed3 h\u00e0nh qu\u00fd kh\u00e1ch vui l\u00f2ng li\u00ean h\u1ec7 Hotline: 0987.506.349.","og_url":"https:\/\/thucphamtienloi.com\/?product=ran-ho-hanh-lam-sach","og_site_name":"\u1ea8M TH\u1ef0C BA MI\u1ec0N","article_modified_time":"2026-04-15T05:35:27+00:00","og_image":[{"width":300,"height":300,"url":"https:\/\/thucphamtienloi.com\/wp-content\/uploads\/2020\/05\/ran-ho-hanh.png","type":"image\/png"}],"twitter_card":"summary_large_image","twitter_misc":{"\u01af\u1edbc t\u00ednh th\u1eddi gian \u0111\u1ecdc":"7 ph\u00fat"},"schema":{"@context":"https:\/\/schema.org","@graph":[{"@type":["WebPage","ItemPage"],"@id":"https:\/\/thucphamtienloi.com\/?product=ran-ho-hanh-lam-sach","url":"https:\/\/thucphamtienloi.com\/?product=ran-ho-hanh-lam-sach","name":"R\u1eafn H\u1ed5 H\u00e0nh L\u00e0m S\u1ea1ch - 650k","isPartOf":{"@id":"https:\/\/thucphamtienloi.com\/#website"},"primaryImageOfPage":{"@id":"https:\/\/thucphamtienloi.com\/?product=ran-ho-hanh-lam-sach#primaryimage"},"image":{"@id":"https:\/\/thucphamtienloi.com\/?product=ran-ho-hanh-lam-sach#primaryimage"},"thumbnailUrl":"https:\/\/thucphamtienloi.com\/wp-content\/uploads\/2020\/05\/ran-ho-hanh.png","datePublished":"2020-05-29T06:21:19+00:00","dateModified":"2026-04-15T05:35:27+00:00","description":"R\u1eafn h\u1ed5 h\u00e0nh \u201cl\u00ean ng\u00f4i\u201d khi c\u00e1c lo\u00e0i r\u1eafn kh\u00e1c \u0111\u00e3 khan hi\u1ebfm. \u0110\u1ec3 \u0111\u1eb7t mua s\u1ea3n ph\u1ea9m r\u1eafn h\u1ed3 h\u00e0nh qu\u00fd kh\u00e1ch vui l\u00f2ng li\u00ean h\u1ec7 Hotline: 0987.506.349.","breadcrumb":{"@id":"https:\/\/thucphamtienloi.com\/?product=ran-ho-hanh-lam-sach#breadcrumb"},"inLanguage":"vi","potentialAction":[{"@type":"ReadAction","target":["https:\/\/thucphamtienloi.com\/?product=ran-ho-hanh-lam-sach"]}]},{"@type":"ImageObject","inLanguage":"vi","@id":"https:\/\/thucphamtienloi.com\/?product=ran-ho-hanh-lam-sach#primaryimage","url":"https:\/\/thucphamtienloi.com\/wp-content\/uploads\/2020\/05\/ran-ho-hanh.png","contentUrl":"https:\/\/thucphamtienloi.com\/wp-content\/uploads\/2020\/05\/ran-ho-hanh.png","width":300,"height":300,"caption":"r\u1eafn h\u1ed5 h\u00e0nh"},{"@type":"BreadcrumbList","@id":"https:\/\/thucphamtienloi.com\/?product=ran-ho-hanh-lam-sach#breadcrumb","itemListElement":[{"@type":"ListItem","position":1,"name":"Trang ch\u1ee7","item":"https:\/\/thucphamtienloi.com\/"},{"@type":"ListItem","position":2,"name":"C\u1eeda H\u00e0ng","item":"https:\/\/thucphamtienloi.com\/?page_id=3334"},{"@type":"ListItem","position":3,"name":"Th\u1ef1c Ph\u1ea9m T\u01b0\u01a1i S\u1ed1ng","item":"https:\/\/thucphamtienloi.com\/danh-muc-san-pham\/thuc-pham-tuoi-song\/"},{"@type":"ListItem","position":4,"name":"R\u1eafn H\u1ed5 H\u00e0nh L\u00e0m S\u1ea1ch"}]},{"@type":"WebSite","@id":"https:\/\/thucphamtienloi.com\/#website","url":"https:\/\/thucphamtienloi.com\/","name":"Th\u1ef1c ph\u1ea9m ti\u1ec7n l\u1ee3i","description":"\u1ea8m Th\u1ef1c Qu\u00ea H\u01b0\u01a1ng","publisher":{"@id":"https:\/\/thucphamtienloi.com\/#organization"},"potentialAction":[{"@type":"SearchAction","target":{"@type":"EntryPoint","urlTemplate":"https:\/\/thucphamtienloi.com\/?s={search_term_string}"},"query-input":{"@type":"PropertyValueSpecification","valueRequired":true,"valueName":"search_term_string"}}],"inLanguage":"vi"},{"@type":"Organization","@id":"https:\/\/thucphamtienloi.com\/#organization","name":"Th\u1ef1c ph\u1ea9m ti\u1ec7n l\u1ee3i","url":"https:\/\/thucphamtienloi.com\/","logo":{"@type":"ImageObject","inLanguage":"vi","@id":"https:\/\/thucphamtienloi.com\/#\/schema\/logo\/image\/","url":"https:\/\/thucphamtienloi.com\/wp-content\/uploads\/2022\/07\/THU\u031b\u0323C-PHA\u0302\u0309M-TIE\u0323\u0302N-LO\u031b\u0323I.png","contentUrl":"https:\/\/thucphamtienloi.com\/wp-content\/uploads\/2022\/07\/THU\u031b\u0323C-PHA\u0302\u0309M-TIE\u0323\u0302N-LO\u031b\u0323I.png","width":1920,"height":1080,"caption":"Th\u1ef1c ph\u1ea9m ti\u1ec7n l\u1ee3i"},"image":{"@id":"https:\/\/thucphamtienloi.com\/#\/schema\/logo\/image\/"}}]}},"_links":{"self":[{"href":"https:\/\/thucphamtienloi.com\/index.php?rest_route=\/wp\/v2\/product\/506","targetHints":{"allow":["GET"]}}],"collection":[{"href":"https:\/\/thucphamtienloi.com\/index.php?rest_route=\/wp\/v2\/product"}],"about":[{"href":"https:\/\/thucphamtienloi.com\/index.php?rest_route=\/wp\/v2\/types\/product"}],"replies":[{"embeddable":true,"href":"https:\/\/thucphamtienloi.com\/index.php?rest_route=%2Fwp%2Fv2%2Fcomments&post=506"}],"wp:featuredmedia":[{"embeddable":true,"href":"https:\/\/thucphamtienloi.com\/index.php?rest_route=\/wp\/v2\/media\/503"}],"wp:attachment":[{"href":"https:\/\/thucphamtienloi.com\/index.php?rest_route=%2Fwp%2Fv2%2Fmedia&parent=506"}],"wp:term":[{"taxonomy":"product_brand","embeddable":true,"href":"https:\/\/thucphamtienloi.com\/index.php?rest_route=%2Fwp%2Fv2%2Fproduct_brand&post=506"},{"taxonomy":"product_cat","embeddable":true,"href":"https:\/\/thucphamtienloi.com\/index.php?rest_route=%2Fwp%2Fv2%2Fproduct_cat&post=506"},{"taxonomy":"product_tag","embeddable":true,"href":"https:\/\/thucphamtienloi.com\/index.php?rest_route=%2Fwp%2Fv2%2Fproduct_tag&post=506"}],"curies":[{"name":"wp","href":"https:\/\/api.w.org\/{rel}","templated":true}]}}