{"id":515,"date":"2020-05-29T06:38:24","date_gmt":"2020-05-29T06:38:24","guid":{"rendered":"http:\/\/thucphamtienloi.com\/?post_type=product&#038;p=515"},"modified":"2026-04-15T05:35:09","modified_gmt":"2026-04-15T05:35:09","slug":"baba-lam-sach","status":"publish","type":"product","link":"https:\/\/thucphamtienloi.com\/?product=baba-lam-sach","title":{"rendered":"Baba L\u00e0m S\u1ea1ch"},"content":{"rendered":"<p>Baba l\u00e0m s\u1ea1ch v\u1edbi \u0111\u1ee7 c\u00e1c size to nh\u1ecf kh\u00e1c nhau \u0111ang s\u1eb5n h\u00e0ng t\u1ea1i <a href=\"https:\/\/thucphamtienloi.com\/https:\/\/thucphamtienloi.com\/https:\/\/thucphamtienloi.com\/\" target=\"_blank\" rel=\"noopener noreferrer\"><strong>Th\u1ef1c Ph\u1ea9m Ti\u1ec7n L\u1ee3i.<\/strong><\/a>B\u1ea1n mu\u1ed1n thay \u0111\u1ed5i kh\u1ea9u v\u1ecb cho c\u00e1c th\u00e0nh vi\u00ean trong gia \u0111\u00ecnh v\u1edbi m\u00f3n ba ba? H\u00e3y li\u00ean h\u1ec7 v\u1edbi c\u1eeda h\u00e0ng \u0111\u1ec3 c\u00f3 \u0111\u01b0\u1ee3c nh\u1eefng ch\u00fa baba t\u01b0\u01a1i s\u1ea1ch ngon nh\u1ea5t. Hotline \u0111\u1eb7t h\u00e0ng <strong class=\"uppercase\">0987.506.349.<\/strong><\/p>\n<h2><strong>Gi\u00e1 tr\u1ecb dinh d\u01b0\u1ee1ng c\u1ee7a Baba<\/strong><\/h2>\n<p><img loading=\"lazy\" decoding=\"async\" class=\"aligncenter wp-image-1181\" src=\"https:\/\/thucphamtienloi.com\/wp-content\/uploads\/2020\/05\/nguyen-lieu-lam-ba-ba-rang-min.jpg\" alt=\"gia-tri-dinh-duong-baba\" width=\"800\" height=\"516\" srcset=\"https:\/\/thucphamtienloi.com\/wp-content\/uploads\/2020\/05\/nguyen-lieu-lam-ba-ba-rang-min.jpg 620w, https:\/\/thucphamtienloi.com\/wp-content\/uploads\/2020\/05\/nguyen-lieu-lam-ba-ba-rang-min-510x329.jpg 510w, https:\/\/thucphamtienloi.com\/wp-content\/uploads\/2020\/05\/nguyen-lieu-lam-ba-ba-rang-min-600x387.jpg 600w\" sizes=\"auto, (max-width: 800px) 100vw, 800px\" \/><\/p>\n<p>Ba Ba l\u00e0 m\u1ed9t trong nh\u1eefng lo\u1ea1i th\u1ef1c ph\u1ea9m qu\u00fd, c\u00f3 gi\u00e1 tr\u1ecb dinh d\u01b0\u1ee1ng cao. Trong 100g th\u1ecbt ba ba c\u00f3 kho\u1ea3ng 80g n\u01b0\u1edbc, 16,5g protid, 1g lipid, 1,6g carbohydrat, 107mg canxi, 1,4mg ch\u1ea5t s\u1eaft, 3,7mg axit nicotinic, kh\u00e1 gi\u00e0u c\u00e1c vitamin B1, B2, vitamin A v\u00e0 i \u1ed1t. Theo \u0110\u00f4ng y, c\u00e1c m\u00f3n \u0103n t\u1eeb ba ba r\u1ea5t th\u00edch h\u1ee3p cho nh\u1eefng ng\u01b0\u1eddi b\u1ecb b\u1ec7nh lao ph\u1ed5i, vi\u00eam gan m\u1ea1n t\u00ednh, \u0111\u00e1i \u0111\u01b0\u1eddng, vi\u00eam th\u1eadn, c\u00e1c b\u1ec7nh l\u00fd \u00e1c t\u00ednh sau khi d\u00f9ng ho\u00e1 tr\u1ecb li\u1ec7u, hay hoa m\u1eaft ch\u00f3ng m\u1eb7t, c\u00f3 c\u1ea3m gi\u00e1c n\u00f3ng s\u1ed1t v\u1ec1 chi\u1ec1u\u2026 Th\u00f4ng th\u01b0\u1eddng, th\u1ecbt ba ba \u0111\u01b0\u1ee3c ch\u1ebf bi\u1ebfn d\u01b0\u1edbi d\u1ea1ng n\u1ea5u ch\u00e1o, om v\u1edbi chu\u1ed1i xanh v\u00e0 \u0111\u1eadu ph\u1ee5 ho\u1eb7c h\u1ea7m nh\u1eeb\u2026<\/p>\n<h2><strong>H\u01b0\u1edbng d\u1eabn s\u01a1 ch\u1ebf baba t\u1ea1i nh\u00e0\u00a0<\/strong><\/h2>\n<p><img loading=\"lazy\" decoding=\"async\" class=\"aligncenter wp-image-1182\" src=\"https:\/\/thucphamtienloi.com\/wp-content\/uploads\/2020\/05\/so-che-ba-ba-min-599x400.png\" alt=\"baba-lam-sach\" width=\"800\" height=\"534\" srcset=\"https:\/\/thucphamtienloi.com\/wp-content\/uploads\/2020\/05\/so-che-ba-ba-min-599x400.png 599w, https:\/\/thucphamtienloi.com\/wp-content\/uploads\/2020\/05\/so-che-ba-ba-min-510x341.png 510w, https:\/\/thucphamtienloi.com\/wp-content\/uploads\/2020\/05\/so-che-ba-ba-min-600x401.png 600w, https:\/\/thucphamtienloi.com\/wp-content\/uploads\/2020\/05\/so-che-ba-ba-min.png 680w\" sizes=\"auto, (max-width: 800px) 100vw, 800px\" \/><\/p>\n<p>Ba ba nguy\u00ean con l\u00e0m s\u1ea1ch, b\u00f3c mai, m\u1ed5 theo di\u1ec1m s\u1ee5n c\u1ee7a ba ba, \u0111\u1ec3 ri\u00eang n\u1ed9i t\u1ea1ng v\u00e0 ch\u1eb7t mi\u1ebfng. \u0110\u1ec3 kh\u1eed s\u1ea1ch m\u00f9i tanh c\u1ee7a ba ba b\u1ea1n c\u00f3 th\u1ec3 \u0111un m\u1ed9t n\u1ed3i n\u01b0\u1edbc s\u00f4i, cho g\u1eebng, s\u1ea3 \u0111\u1eadp d\u1eadp, r\u01b0\u1ee3u n\u1ebfp, h\u1ea1t n\u00eam, mu\u1ed1i v\u00e0 b\u1ed9t ng\u1ecdt v\u00e0o. Khi n\u01b0\u1edbc s\u00f4i, cho th\u1ecbt ba ba v\u00e0o lu\u1ed9c, th\u1ea5y th\u1ecbt ba ba s\u0103n l\u1ea1i th\u00ec v\u1edbt ra, \u0111\u1ec3 r\u00e1o.B\u01b0\u1edbc ti\u1ebfp theo l\u00e0 \u01b0\u1edbp th\u1ecbt ba ba, cho g\u1eebng, t\u1ecfi, h\u00e0nh t\u00edm b\u0103m c\u00f9ng r\u01b0\u1ee3u n\u1ebfp, b\u1ed9t ng\u1ecdt v\u00e0 m\u1ed9t ch\u00fat h\u1ea1t n\u00eam v\u00e0o th\u1ecbt ba ba, \u0111\u1ea3o \u0111\u1ec1u cho th\u1eadt th\u1ea5m trong 30 ph\u00fat.<\/p>\n<h2><strong>\u0110\u1ecba ch\u1ec9 mua Baba l\u00e0m s\u1ea1ch t\u1ea1i Tp HCM v\u00e0 H\u00e0 N\u1ed9i<\/strong><\/h2>\n<p>N\u1ebfu b\u1ea1n c\u00f3 nhu c\u1ea7u mua Baba th\u00ec b\u1ea1n h\u00e3y li\u00ean h\u1ec7 v\u1edbi Hotline : <strong class=\"uppercase\">0987.506.349\u00a0<\/strong>\u0111\u1ec3 \u0111\u01b0\u1ee3c t\u01b0 v\u1ea5n v\u00e0 \u0111\u1eb7t h\u00e0ng. Ho\u1eb7c b\u1ea1n c\u00f3 th\u1ec3 \u0111\u1ebfn tr\u1ef1c ti\u1ebfp c\u1eeda h\u00e0ng t\u1ea1i \u0111\u1ecba ch\u1ec9 sau :<\/p>\n<p><strong>\u0110\u1ecba ch\u1ec9 c\u1eeda h\u00e0ng :\u00a0<\/strong><\/p>\n<p><strong>T\u1ea1i S\u00e0i G\u00f2n:<\/strong>\u00a0184\/17 Nguy\u1ec5n Ph\u00fac Chu, P15, Q. T\u00e2n B\u00ecnh , TP HCM (vui l\u00f2ng g\u1ecdi tr\u01b0\u1edbc khi \u0111\u1ebfn)<br \/>\n<strong>T\u1ea1i H\u00e0 N\u1ed9i : <\/strong>Chung c\u01b0 349, V\u0169 T\u00f4ng Phan, Thanh Xu\u00e2n, H\u00e0 N\u1ed9i (vui l\u00f2ng g\u1ecdi tr\u01b0\u1edbc khi \u0111\u1ebfn)<\/p>\n<p><strong>Facebook:\u00a0<a href=\"https:\/\/www.facebook.com\/thucphamtienloiFB\">TH\u1ef0C PH\u1ea8M TI\u1ec6N L\u1ee2I<\/a><\/strong><\/p>\n","protected":false},"excerpt":{"rendered":"<p>Baba l\u00e0m s\u1ea1ch v\u1edbi \u0111\u1ee7 c\u00e1c size to nh\u1ecf kh\u00e1c nhau \u0111ang s\u1eb5n h\u00e0ng t\u1ea1i <a href=\"https:\/\/thucphamtienloi.com\/https:\/\/thucphamtienloi.com\/https:\/\/thucphamtienloi.com\/\" target=\"_blank\" rel=\"noopener noreferrer\"><strong>Th\u1ef1c Ph\u1ea9m Ti\u1ec7n L\u1ee3i.<\/strong><\/a>B\u1ea1n mu\u1ed1n thay \u0111\u1ed5i kh\u1ea9u v\u1ecb cho c\u00e1c th\u00e0nh vi\u00ean trong gia \u0111\u00ecnh v\u1edbi m\u00f3n ba ba? H\u00e3y li\u00ean h\u1ec7 v\u1edbi c\u1eeda h\u00e0ng \u0111\u1ec3 c\u00f3 \u0111\u01b0\u1ee3c nh\u1eefng ch\u00fa baba t\u01b0\u01a1i s\u1ea1ch ngon nh\u1ea5t. Hotline \u0111\u1eb7t h\u00e0ng <strong class=\"uppercase\">0987.506.349.<\/strong><\/p>\n","protected":false},"featured_media":1181,"comment_status":"closed","ping_status":"closed","template":"","meta":[],"product_brand":[],"product_cat":[71],"product_tag":[426,421,422,423,424,425],"class_list":{"0":"post-515","1":"product","2":"type-product","3":"status-publish","4":"has-post-thumbnail","6":"product_cat-thuc-pham-tuoi-song","7":"product_tag-thit-baba","8":"product_tag-baba-lam-sach","9":"product_tag-cua-hang-ban-baba-tai-sai-gon","10":"product_tag-cua-hang-ban-baba-tai-tp-hcm","11":"product_tag-cua-hang-ban-baba-tai-ha-noi","12":"product_tag-baba","14":"first","15":"instock","16":"featured","17":"shipping-taxable","18":"purchasable","19":"product-type-simple"},"yoast_head":"<!-- This site is optimized with the Yoast SEO plugin v27.4 - https:\/\/yoast.com\/product\/yoast-seo-wordpress\/ -->\n<title>Baba L\u00e0m S\u1ea1ch - 300k<\/title>\n<meta name=\"description\" content=\"Baba l\u00e0m s\u1ea1ch v\u1edbi \u0111\u1ee7 c\u00e1c size to nh\u1ecf kh\u00e1c nhau \u0111ang s\u1eb5n h\u00e0ng t\u1ea1i Th\u1ef1c Ph\u1ea9m Ti\u1ec7n L\u1ee3i.H\u00e3y c\u00f9ng thay \u0111\u1ed5i kh\u1ea9u v\u1ecb cho gia \u0111\u00ecnh v\u1edbi m\u00f3n ba ba?\" \/>\n<meta name=\"robots\" content=\"index, follow, max-snippet:-1, max-image-preview:large, max-video-preview:-1\" \/>\n<link rel=\"canonical\" href=\"https:\/\/thucphamtienloi.com\/?product=baba-lam-sach\" \/>\n<meta property=\"og:locale\" content=\"vi_VN\" \/>\n<meta property=\"og:type\" content=\"article\" \/>\n<meta property=\"og:title\" content=\"Baba L\u00e0m S\u1ea1ch - 300k\" \/>\n<meta property=\"og:description\" content=\"Baba l\u00e0m s\u1ea1ch v\u1edbi \u0111\u1ee7 c\u00e1c size to nh\u1ecf kh\u00e1c nhau \u0111ang s\u1eb5n h\u00e0ng t\u1ea1i Th\u1ef1c Ph\u1ea9m Ti\u1ec7n L\u1ee3i.H\u00e3y c\u00f9ng thay \u0111\u1ed5i kh\u1ea9u v\u1ecb cho gia \u0111\u00ecnh v\u1edbi m\u00f3n ba ba?\" \/>\n<meta property=\"og:url\" content=\"https:\/\/thucphamtienloi.com\/?product=baba-lam-sach\" \/>\n<meta property=\"og:site_name\" content=\"\u1ea8M TH\u1ef0C BA MI\u1ec0N\" \/>\n<meta property=\"article:modified_time\" content=\"2026-04-15T05:35:09+00:00\" \/>\n<meta property=\"og:image\" content=\"https:\/\/thucphamtienloi.com\/wp-content\/uploads\/2020\/05\/nguyen-lieu-lam-ba-ba-rang-min.jpg\" \/>\n\t<meta property=\"og:image:width\" content=\"620\" \/>\n\t<meta property=\"og:image:height\" content=\"400\" \/>\n\t<meta property=\"og:image:type\" content=\"image\/jpeg\" \/>\n<meta name=\"twitter:card\" content=\"summary_large_image\" \/>\n<meta name=\"twitter:label1\" content=\"\u01af\u1edbc t\u00ednh th\u1eddi gian \u0111\u1ecdc\" \/>\n\t<meta name=\"twitter:data1\" content=\"3 ph\u00fat\" \/>\n<script type=\"application\/ld+json\" class=\"yoast-schema-graph\">{\"@context\":\"https:\\\/\\\/schema.org\",\"@graph\":[{\"@type\":[\"WebPage\",\"ItemPage\"],\"@id\":\"https:\\\/\\\/thucphamtienloi.com\\\/?product=baba-lam-sach\",\"url\":\"https:\\\/\\\/thucphamtienloi.com\\\/?product=baba-lam-sach\",\"name\":\"Baba L\u00e0m S\u1ea1ch - 300k\",\"isPartOf\":{\"@id\":\"https:\\\/\\\/thucphamtienloi.com\\\/#website\"},\"primaryImageOfPage\":{\"@id\":\"https:\\\/\\\/thucphamtienloi.com\\\/?product=baba-lam-sach#primaryimage\"},\"image\":{\"@id\":\"https:\\\/\\\/thucphamtienloi.com\\\/?product=baba-lam-sach#primaryimage\"},\"thumbnailUrl\":\"https:\\\/\\\/thucphamtienloi.com\\\/wp-content\\\/uploads\\\/2020\\\/05\\\/nguyen-lieu-lam-ba-ba-rang-min.jpg\",\"datePublished\":\"2020-05-29T06:38:24+00:00\",\"dateModified\":\"2026-04-15T05:35:09+00:00\",\"description\":\"Baba l\u00e0m s\u1ea1ch v\u1edbi \u0111\u1ee7 c\u00e1c size to nh\u1ecf kh\u00e1c nhau \u0111ang s\u1eb5n h\u00e0ng t\u1ea1i Th\u1ef1c Ph\u1ea9m Ti\u1ec7n L\u1ee3i.H\u00e3y c\u00f9ng thay \u0111\u1ed5i kh\u1ea9u v\u1ecb cho gia \u0111\u00ecnh v\u1edbi m\u00f3n ba ba?\",\"breadcrumb\":{\"@id\":\"https:\\\/\\\/thucphamtienloi.com\\\/?product=baba-lam-sach#breadcrumb\"},\"inLanguage\":\"vi\",\"potentialAction\":[{\"@type\":\"ReadAction\",\"target\":[\"https:\\\/\\\/thucphamtienloi.com\\\/?product=baba-lam-sach\"]}]},{\"@type\":\"ImageObject\",\"inLanguage\":\"vi\",\"@id\":\"https:\\\/\\\/thucphamtienloi.com\\\/?product=baba-lam-sach#primaryimage\",\"url\":\"https:\\\/\\\/thucphamtienloi.com\\\/wp-content\\\/uploads\\\/2020\\\/05\\\/nguyen-lieu-lam-ba-ba-rang-min.jpg\",\"contentUrl\":\"https:\\\/\\\/thucphamtienloi.com\\\/wp-content\\\/uploads\\\/2020\\\/05\\\/nguyen-lieu-lam-ba-ba-rang-min.jpg\",\"width\":620,\"height\":400,\"caption\":\"Baba L\u00e0m S\u1ea1ch\"},{\"@type\":\"BreadcrumbList\",\"@id\":\"https:\\\/\\\/thucphamtienloi.com\\\/?product=baba-lam-sach#breadcrumb\",\"itemListElement\":[{\"@type\":\"ListItem\",\"position\":1,\"name\":\"Trang ch\u1ee7\",\"item\":\"https:\\\/\\\/thucphamtienloi.com\\\/\"},{\"@type\":\"ListItem\",\"position\":2,\"name\":\"C\u1eeda H\u00e0ng\",\"item\":\"https:\\\/\\\/thucphamtienloi.com\\\/?page_id=3334\"},{\"@type\":\"ListItem\",\"position\":3,\"name\":\"Th\u1ef1c Ph\u1ea9m T\u01b0\u01a1i S\u1ed1ng\",\"item\":\"https:\\\/\\\/thucphamtienloi.com\\\/danh-muc-san-pham\\\/thuc-pham-tuoi-song\\\/\"},{\"@type\":\"ListItem\",\"position\":4,\"name\":\"Baba L\u00e0m S\u1ea1ch\"}]},{\"@type\":\"WebSite\",\"@id\":\"https:\\\/\\\/thucphamtienloi.com\\\/#website\",\"url\":\"https:\\\/\\\/thucphamtienloi.com\\\/\",\"name\":\"Th\u1ef1c ph\u1ea9m ti\u1ec7n l\u1ee3i\",\"description\":\"\u1ea8m Th\u1ef1c Qu\u00ea H\u01b0\u01a1ng\",\"publisher\":{\"@id\":\"https:\\\/\\\/thucphamtienloi.com\\\/#organization\"},\"potentialAction\":[{\"@type\":\"SearchAction\",\"target\":{\"@type\":\"EntryPoint\",\"urlTemplate\":\"https:\\\/\\\/thucphamtienloi.com\\\/?s={search_term_string}\"},\"query-input\":{\"@type\":\"PropertyValueSpecification\",\"valueRequired\":true,\"valueName\":\"search_term_string\"}}],\"inLanguage\":\"vi\"},{\"@type\":\"Organization\",\"@id\":\"https:\\\/\\\/thucphamtienloi.com\\\/#organization\",\"name\":\"Th\u1ef1c ph\u1ea9m ti\u1ec7n l\u1ee3i\",\"url\":\"https:\\\/\\\/thucphamtienloi.com\\\/\",\"logo\":{\"@type\":\"ImageObject\",\"inLanguage\":\"vi\",\"@id\":\"https:\\\/\\\/thucphamtienloi.com\\\/#\\\/schema\\\/logo\\\/image\\\/\",\"url\":\"https:\\\/\\\/thucphamtienloi.com\\\/wp-content\\\/uploads\\\/2022\\\/07\\\/THU\u031b\u0323C-PHA\u0302\u0309M-TIE\u0323\u0302N-LO\u031b\u0323I.png\",\"contentUrl\":\"https:\\\/\\\/thucphamtienloi.com\\\/wp-content\\\/uploads\\\/2022\\\/07\\\/THU\u031b\u0323C-PHA\u0302\u0309M-TIE\u0323\u0302N-LO\u031b\u0323I.png\",\"width\":1920,\"height\":1080,\"caption\":\"Th\u1ef1c ph\u1ea9m ti\u1ec7n l\u1ee3i\"},\"image\":{\"@id\":\"https:\\\/\\\/thucphamtienloi.com\\\/#\\\/schema\\\/logo\\\/image\\\/\"}}]}<\/script>\n<!-- \/ Yoast SEO plugin. -->","yoast_head_json":{"title":"Baba L\u00e0m S\u1ea1ch - 300k","description":"Baba l\u00e0m s\u1ea1ch v\u1edbi \u0111\u1ee7 c\u00e1c size to nh\u1ecf kh\u00e1c nhau \u0111ang s\u1eb5n h\u00e0ng t\u1ea1i Th\u1ef1c Ph\u1ea9m Ti\u1ec7n L\u1ee3i.H\u00e3y c\u00f9ng thay \u0111\u1ed5i kh\u1ea9u v\u1ecb cho gia \u0111\u00ecnh v\u1edbi m\u00f3n ba ba?","robots":{"index":"index","follow":"follow","max-snippet":"max-snippet:-1","max-image-preview":"max-image-preview:large","max-video-preview":"max-video-preview:-1"},"canonical":"https:\/\/thucphamtienloi.com\/?product=baba-lam-sach","og_locale":"vi_VN","og_type":"article","og_title":"Baba L\u00e0m S\u1ea1ch - 300k","og_description":"Baba l\u00e0m s\u1ea1ch v\u1edbi \u0111\u1ee7 c\u00e1c size to nh\u1ecf kh\u00e1c nhau \u0111ang s\u1eb5n h\u00e0ng t\u1ea1i Th\u1ef1c Ph\u1ea9m Ti\u1ec7n L\u1ee3i.H\u00e3y c\u00f9ng thay \u0111\u1ed5i kh\u1ea9u v\u1ecb cho gia \u0111\u00ecnh v\u1edbi m\u00f3n ba ba?","og_url":"https:\/\/thucphamtienloi.com\/?product=baba-lam-sach","og_site_name":"\u1ea8M TH\u1ef0C BA MI\u1ec0N","article_modified_time":"2026-04-15T05:35:09+00:00","og_image":[{"width":620,"height":400,"url":"https:\/\/thucphamtienloi.com\/wp-content\/uploads\/2020\/05\/nguyen-lieu-lam-ba-ba-rang-min.jpg","type":"image\/jpeg"}],"twitter_card":"summary_large_image","twitter_misc":{"\u01af\u1edbc t\u00ednh th\u1eddi gian \u0111\u1ecdc":"3 ph\u00fat"},"schema":{"@context":"https:\/\/schema.org","@graph":[{"@type":["WebPage","ItemPage"],"@id":"https:\/\/thucphamtienloi.com\/?product=baba-lam-sach","url":"https:\/\/thucphamtienloi.com\/?product=baba-lam-sach","name":"Baba L\u00e0m S\u1ea1ch - 300k","isPartOf":{"@id":"https:\/\/thucphamtienloi.com\/#website"},"primaryImageOfPage":{"@id":"https:\/\/thucphamtienloi.com\/?product=baba-lam-sach#primaryimage"},"image":{"@id":"https:\/\/thucphamtienloi.com\/?product=baba-lam-sach#primaryimage"},"thumbnailUrl":"https:\/\/thucphamtienloi.com\/wp-content\/uploads\/2020\/05\/nguyen-lieu-lam-ba-ba-rang-min.jpg","datePublished":"2020-05-29T06:38:24+00:00","dateModified":"2026-04-15T05:35:09+00:00","description":"Baba l\u00e0m s\u1ea1ch v\u1edbi \u0111\u1ee7 c\u00e1c size to nh\u1ecf kh\u00e1c nhau \u0111ang s\u1eb5n h\u00e0ng t\u1ea1i Th\u1ef1c Ph\u1ea9m Ti\u1ec7n L\u1ee3i.H\u00e3y c\u00f9ng thay \u0111\u1ed5i kh\u1ea9u v\u1ecb cho gia \u0111\u00ecnh v\u1edbi m\u00f3n ba ba?","breadcrumb":{"@id":"https:\/\/thucphamtienloi.com\/?product=baba-lam-sach#breadcrumb"},"inLanguage":"vi","potentialAction":[{"@type":"ReadAction","target":["https:\/\/thucphamtienloi.com\/?product=baba-lam-sach"]}]},{"@type":"ImageObject","inLanguage":"vi","@id":"https:\/\/thucphamtienloi.com\/?product=baba-lam-sach#primaryimage","url":"https:\/\/thucphamtienloi.com\/wp-content\/uploads\/2020\/05\/nguyen-lieu-lam-ba-ba-rang-min.jpg","contentUrl":"https:\/\/thucphamtienloi.com\/wp-content\/uploads\/2020\/05\/nguyen-lieu-lam-ba-ba-rang-min.jpg","width":620,"height":400,"caption":"Baba L\u00e0m S\u1ea1ch"},{"@type":"BreadcrumbList","@id":"https:\/\/thucphamtienloi.com\/?product=baba-lam-sach#breadcrumb","itemListElement":[{"@type":"ListItem","position":1,"name":"Trang ch\u1ee7","item":"https:\/\/thucphamtienloi.com\/"},{"@type":"ListItem","position":2,"name":"C\u1eeda H\u00e0ng","item":"https:\/\/thucphamtienloi.com\/?page_id=3334"},{"@type":"ListItem","position":3,"name":"Th\u1ef1c Ph\u1ea9m T\u01b0\u01a1i S\u1ed1ng","item":"https:\/\/thucphamtienloi.com\/danh-muc-san-pham\/thuc-pham-tuoi-song\/"},{"@type":"ListItem","position":4,"name":"Baba L\u00e0m S\u1ea1ch"}]},{"@type":"WebSite","@id":"https:\/\/thucphamtienloi.com\/#website","url":"https:\/\/thucphamtienloi.com\/","name":"Th\u1ef1c ph\u1ea9m ti\u1ec7n l\u1ee3i","description":"\u1ea8m Th\u1ef1c Qu\u00ea H\u01b0\u01a1ng","publisher":{"@id":"https:\/\/thucphamtienloi.com\/#organization"},"potentialAction":[{"@type":"SearchAction","target":{"@type":"EntryPoint","urlTemplate":"https:\/\/thucphamtienloi.com\/?s={search_term_string}"},"query-input":{"@type":"PropertyValueSpecification","valueRequired":true,"valueName":"search_term_string"}}],"inLanguage":"vi"},{"@type":"Organization","@id":"https:\/\/thucphamtienloi.com\/#organization","name":"Th\u1ef1c ph\u1ea9m ti\u1ec7n l\u1ee3i","url":"https:\/\/thucphamtienloi.com\/","logo":{"@type":"ImageObject","inLanguage":"vi","@id":"https:\/\/thucphamtienloi.com\/#\/schema\/logo\/image\/","url":"https:\/\/thucphamtienloi.com\/wp-content\/uploads\/2022\/07\/THU\u031b\u0323C-PHA\u0302\u0309M-TIE\u0323\u0302N-LO\u031b\u0323I.png","contentUrl":"https:\/\/thucphamtienloi.com\/wp-content\/uploads\/2022\/07\/THU\u031b\u0323C-PHA\u0302\u0309M-TIE\u0323\u0302N-LO\u031b\u0323I.png","width":1920,"height":1080,"caption":"Th\u1ef1c ph\u1ea9m ti\u1ec7n l\u1ee3i"},"image":{"@id":"https:\/\/thucphamtienloi.com\/#\/schema\/logo\/image\/"}}]}},"_links":{"self":[{"href":"https:\/\/thucphamtienloi.com\/index.php?rest_route=\/wp\/v2\/product\/515","targetHints":{"allow":["GET"]}}],"collection":[{"href":"https:\/\/thucphamtienloi.com\/index.php?rest_route=\/wp\/v2\/product"}],"about":[{"href":"https:\/\/thucphamtienloi.com\/index.php?rest_route=\/wp\/v2\/types\/product"}],"replies":[{"embeddable":true,"href":"https:\/\/thucphamtienloi.com\/index.php?rest_route=%2Fwp%2Fv2%2Fcomments&post=515"}],"wp:featuredmedia":[{"embeddable":true,"href":"https:\/\/thucphamtienloi.com\/index.php?rest_route=\/wp\/v2\/media\/1181"}],"wp:attachment":[{"href":"https:\/\/thucphamtienloi.com\/index.php?rest_route=%2Fwp%2Fv2%2Fmedia&parent=515"}],"wp:term":[{"taxonomy":"product_brand","embeddable":true,"href":"https:\/\/thucphamtienloi.com\/index.php?rest_route=%2Fwp%2Fv2%2Fproduct_brand&post=515"},{"taxonomy":"product_cat","embeddable":true,"href":"https:\/\/thucphamtienloi.com\/index.php?rest_route=%2Fwp%2Fv2%2Fproduct_cat&post=515"},{"taxonomy":"product_tag","embeddable":true,"href":"https:\/\/thucphamtienloi.com\/index.php?rest_route=%2Fwp%2Fv2%2Fproduct_tag&post=515"}],"curies":[{"name":"wp","href":"https:\/\/api.w.org\/{rel}","templated":true}]}}