{"id":535,"date":"2020-05-29T07:24:55","date_gmt":"2020-05-29T07:24:55","guid":{"rendered":"http:\/\/thucphamtienloi.com\/?post_type=product&#038;p=535"},"modified":"2025-10-19T16:15:57","modified_gmt":"2025-10-19T16:15:57","slug":"qua-sake-tuoi","status":"publish","type":"product","link":"https:\/\/thucphamtienloi.com\/?product=qua-sake-tuoi","title":{"rendered":"Qu\u1ea3 Sake T\u01b0\u01a1i"},"content":{"rendered":"<p>\u00a0Qu\u1ea3 sake \u0111\u01b0\u1ee3c ch\u1ebf bi\u1ebfn th\u00e0nh r\u1ea5t nhi\u1ec1u m\u00f3n \u0103n kh\u00e1c nhau d\u00f9ng trong b\u1eefa ch\u00ednh h\u00e0ng ng\u00e0y ho\u1eb7c l\u00e0m c\u00e1c m\u00f3n tr\u00e1ng mi\u1ec7ng. Tr\u00e1i sake lu\u00f4n s\u1eb5n h\u00e0ng t\u1ea1i <strong><a href=\"https:\/\/thucphamtienloi.com\/\" target=\"_blank\" rel=\"noopener noreferrer\">Th\u1ef1c Ph\u1ea9m Ti\u1ec7n L\u1ee3i<\/a><\/strong>. Qu\u00fd kh\u00e1ch c\u00f3 th\u1ec3 \u0111\u1eb7t h\u00e0ng qua Hotline : <strong class=\"uppercase\">0987.506.349 .\u00a0<\/strong>Ch\u00fang t\u00f4i c\u00f3 h\u1ed7 tr\u1ee3 Ship t\u1eadn nh\u00e0 giao t\u1eadn tay qu\u00fd kh\u00e1ch h\u00e0ng.<\/p>\n<p>Sake l\u00e0 m\u1ed9t lo\u1ea1i qu\u1ea3 kh\u00e1 ph\u1ed5 bi\u1ebfn \u1edf v\u00f9ng s\u00f4ng n\u01b0\u1edbc mi\u1ec1n Nam nh\u01b0ng h\u1ea7u nh\u01b0 mi\u1ec1n B\u1eafc th\u00ec \u0111\u1ec1u kh\u00f4ng bi\u1ebft \u0111\u1ebfn lo\u1ea1i qu\u1ea3 n\u00e0y. Tuy nhi\u00ean lo\u1ea1i qu\u1ea3 n\u00e0y l\u1ea1i c\u00f3 ngu\u1ed3n g\u1ed1c t\u1eeb Malaysia v\u00e0 m\u1ed9t s\u1ed1 \u0111\u1ea3o \u1edf khu v\u1ef1c Th\u00e1i B\u00ecnh D\u01b0\u01a1ng<br \/>\n\u1ede m\u1ed9t s\u1ed1 khu v\u1ef1c nhi\u1ec7t \u0111\u1edbi, c\u00e2y Sake \u0111\u01b0\u1ee3c tr\u1ed3ng gi\u1ed1ng nh\u01b0 1 lo\u1ea1i c\u00e2y l\u01b0\u01a1ng th\u1ef1c ch\u1ee7 y\u1ebfu c\u1ee7a ng\u01b0\u1eddi d\u00e2n v\u00ec qu\u1ea3 Sake ch\u1ee9a l\u01b0\u1ee3ng b\u1ed9t \u0111\u01b0\u1eddng cao. Qu\u1ea3 Sake c\u00f3 m\u00f9i v\u1ecb gi\u1ed1ng b\u00e1nh m\u00ec n\u00ean ng\u01b0\u1eddi ta c\u00f2n g\u1ecdi n\u00f3 v\u1edbi m\u1ed9t t\u00ean g\u1ecdi kh\u00e1c l\u00e0 c\u00e2y b\u00e1nh m\u00ec.<\/p>\n<h2><strong>C\u00f4ng d\u1ee5ng c\u1ee7a qu\u1ea3 sake &#8211; th\u1ea7n d\u01b0\u1ee3c \u0111\u1ea9y l\u00f9i tu\u1ed5i t\u00e1c<\/strong><\/h2>\n<p><strong>Qu\u1ea3 sake c\u00f3 t\u00e1c d\u1ee5ng g\u00ec<\/strong>? theo s\u1ed1 li\u1ec7u c\u1ee7a c\u00e1c nh\u00e0 nghi\u00ean c\u1ee9u khoa h\u1ecdc th\u00ec\u00a0<strong>gi\u00e1 tr\u1ecb dinh d\u01b0\u1ee1ng trong qu\u1ea3 sake ch\u00edn<\/strong>\u00a0ch\u1ee9a 25% tinh b\u1ed9t, 0,5% lipid, 3% protein, vitamin C (20mg\/100gram), k\u1ebdm, kali, thiamin\u2026Tr\u00e1i Sa k\u00ea r\u1ea5t gi\u00e0u vitamin, cacbon hidrat, kho\u00e1ng ch\u1ea5t v\u00e0 protein r\u1ea5t c\u00f3 l\u1ee3i cho s\u1ee9c kh\u1ecfe con ng\u01b0\u1eddi. \u0110\u1eb7c bi\u1ec7t axit amin c\u00f3 trong tr\u00e1i sake c\u00f2n cao h\u01a1n c\u1ea3 \u0111\u1eadu n\u00e0nh<\/p>\n<p><img loading=\"lazy\" decoding=\"async\" class=\"aligncenter wp-image-1105\" src=\"https:\/\/thucphamtienloi.com\/wp-content\/uploads\/2020\/05\/mo-hop-sake-tuoi-ngon-300x400.jpg\" alt=\"sake-trai-tuoi\" width=\"800\" height=\"1066\" srcset=\"https:\/\/thucphamtienloi.com\/wp-content\/uploads\/2020\/05\/mo-hop-sake-tuoi-ngon-300x400.jpg 300w, https:\/\/thucphamtienloi.com\/wp-content\/uploads\/2020\/05\/mo-hop-sake-tuoi-ngon-510x680.jpg 510w, https:\/\/thucphamtienloi.com\/wp-content\/uploads\/2020\/05\/mo-hop-sake-tuoi-ngon-600x800.jpg 600w, https:\/\/thucphamtienloi.com\/wp-content\/uploads\/2020\/05\/mo-hop-sake-tuoi-ngon.jpg 700w\" sizes=\"auto, (max-width: 800px) 100vw, 800px\" \/><\/p>\n<p><strong>Tr\u00e1i Sa k\u00ea ch\u00edn<\/strong>\u00a0ch\u1ee9a h\u00e0m l\u01b0\u1ee3ng dinh d\u01b0\u1ee1ng r\u1ea5t cao, Trong 100 gam\u00a0<strong>qu\u1ea3 Sa k\u00ea t\u01b0\u01a1i<\/strong> cung c\u1ea5p t\u1edbi 103 kcal n\u0103ng l\u01b0\u1ee3ng, 27,12 gam b\u1ed9t \u0111\u01b0\u1eddng; 11 gram \u0111\u01b0\u1eddng ng\u1ecdt; 4,9 gram ch\u1ea5t x\u01a1; 0.23 gram ch\u1ea5t b\u00e9o; 1.07 gam \u0111\u1ea1m,\u2026\u00a0<\/p>\n<h2><strong>M\u1ed9t s\u1ed1 m\u00f3n \u0103n ngon t\u1eeb sake \u0111\u01b0\u1ee3c nhi\u1ec1u ng\u01b0\u1eddi \u01b0a chu\u1ed9ng<\/strong><\/h2>\n<p><strong>Sake n\u1ea5u s\u01b0\u1eddn non<\/strong><\/p>\n<p><img loading=\"lazy\" decoding=\"async\" class=\"aligncenter wp-image-1108\" src=\"https:\/\/thucphamtienloi.com\/wp-content\/uploads\/2020\/05\/sake-nau-suong-non.jpg\" alt=\"sake-nau-xuon-non\" width=\"800\" height=\"533\" \/><\/p>\n<p>M\u1ed9t trong nh\u1eefng m\u00f3n \u0111\u1eb7c tr\u01b0ng l\u00e0 qu\u1ea3 sake n\u1ea5u v\u1edbi s\u01b0\u1eddn non<\/p>\n<h4><strong>Chu\u1ea9n b\u1ecb:<\/strong><\/h4>\n<ul>\n<li>1 tr\u00e1i sake size v\u1eeba: B\u1ecf l\u1edbp v\u1ecf xanh b\u00ean ngo\u00e0i, b\u1ecf l\u00f5i v\u00e0 th\u00e1i mi\u1ebfng v\u1eeba \u0103n<\/li>\n<li>350gram\u00a0<strong>s\u01b0\u1eddn<\/strong><strong> non<\/strong>: ch\u1eb7t kh\u00fac ( kho\u1ea3ng 2 \u0111\u1ed1t ng\u00f3n tay)<\/li>\n<li>1 \u00edt h\u00e0nh l\u00e1: r\u1eeda s\u1ea1ch, th\u00e1i nh\u1ecf<\/li>\n<li>Gia v\u1ecb c\u1ea7n thi\u1ebft: h\u1ea1t n\u00eam, mu\u1ed1i,&#8230;<\/li>\n<\/ul>\n<h4><strong>C\u00e1ch l\u00e0m:<\/strong><\/h4>\n<ol>\n<li>\u0110\u1ea7u ti\u00ean b\u1ea1n tr\u1ea7n th\u1ecbt sake v\u1edbi qua v\u1edbi n\u01b0\u1edbc s\u00f4i. Sau \u0111\u00f3 r\u1eeda\u00a0 l\u1ea1i s\u1ea1ch v\u1edbi n\u01b0\u1edbc r\u1ed3i \u0111\u1ec3 r\u00e1o<\/li>\n<li>Cho s\u01b0\u1eddn non v\u00e0o h\u1ea7m v\u1edbi kho\u1ea3ng 1,5 l\u00edt n\u01b0\u1edbc s\u00f4i, h\u1ea7m kho\u1ea3ng 15 ph\u00fat th\u00ec cho sake v\u00e0o h\u1ea7m c\u00f9ng. H\u1ea7m th\u00eam kho\u1ea3ng 8 ph\u00fat th\u00ec cho gia v\u1ecb v\u00e0o, n\u00eam n\u1ebfm cho v\u1eeba \u0103n.<\/li>\n<li>\u0110\u1ec3 sake ngon nh\u1ea5t th\u00ec b\u1ea1n n\u00ean \u0103n khi c\u00f2n n\u00f3ng, khi \u0103n r\u1eafc th\u00eam ch\u00fat h\u00e0nh v\u00e0 h\u1ea1t ti\u00eau \u0111en l\u00ean tr\u00ean \u0111\u1ec3 t\u0103ng h\u01b0\u01a1ng v\u1ecb cho m\u00f3n sake n\u1ea5u s\u01b0\u1eddn non<\/li>\n<\/ol>\n<p><strong>Sake t\u1ea9m b\u1ed9t chi\u00ean\u00a0<\/strong><\/p>\n<p><img loading=\"lazy\" decoding=\"async\" class=\"aligncenter wp-image-1107\" src=\"https:\/\/thucphamtienloi.com\/wp-content\/uploads\/2020\/05\/sake-chien.jpg\" alt=\"sake-tam-bot-chien\" width=\"800\" height=\"533\" \/><\/p>\n<p>M\u00f3n \u0103n \u0111ang \u0111\u01b0\u1ee3c \u01b0a th\u00edch ngo\u00e0i b\u1eafc b\u1ed9<\/p>\n<h4><strong>Chu\u1ea9n b\u1ecb:<\/strong><\/h4>\n<ul>\n<li>2 qu\u1ea3 sake size v\u1eeba: b\u1ecf v\u1ecf, c\u1eaft tr\u00e1i l\u00e0m 4 r\u1ed3i th\u00e1i l\u00e1t m\u1ecfng ( c\u1eaft theo chi\u1ec1u d\u1ecdc c\u1ee7a mi\u1ebfng sake)\u00a0<\/li>\n<li>1 b\u00e1t b\u1ed9t chi\u00ean gi\u00f2n<\/li>\n<li>1 qu\u1ea3\u00a0<strong>tr\u1ee9ng<\/strong><\/li>\n<li>1 \u00cdt mu\u1ed1i<\/li>\n<li>D\u1ea7u \u0103n v\u1eeba \u0111\u1ee7<\/li>\n<\/ul>\n<h4><strong>C\u00e1ch l\u00e0m<\/strong><\/h4>\n<ol>\n<li>\u00a0L\u00e0m h\u1ed7n h\u1ee3p b\u1ed9t chi\u00ean: \u0110\u1ed5 b\u1ed9t chi\u00ean ra m\u1ed9t c\u00e1i b\u00e1t l\u1edbn, sau \u0111\u00f3 \u0111\u1ed5 n\u01b0\u1edbc t\u1eeb t\u1eeb v\u00e0o b\u00e1t\u00a0 tr\u00e1nh \u0111\u1ec3 b\u1ecb b\u1ed9t qu\u00e1 nh\u00e3o) v\u00e0 \u0111\u00e1nh th\u00eam 1 qu\u1ea3 tr\u1ee9ng v\u00e0o r\u1ed3i tr\u1ed9n \u0111\u1ec1u.<\/li>\n<li>B\u1eafc ch\u1ea3o sau \u0111\u00f3 cho d\u1ea7u \u0103n v\u00e0o, \u0111\u1ebfn khi d\u1ea7u s\u00f4i th\u00ec b\u1eaft \u0111\u1ea7u cho sake v\u00e0o chi\u00ean<\/li>\n<li>\u00a0Nh\u00fang t\u1eebng mi\u1ebfng sake v\u00e0o h\u1ed7n h\u1ee3p b\u1ed9t chi\u00ean r\u1ed3i th\u1ea3 l\u1ea7n l\u01b0\u1ee3t t\u1eebng mi\u1ebfng sake v\u00e0o ch\u1ea3o chi\u00ean. Chi\u00ean c\u1ea3 2 m\u1eb7t c\u1ee7a tr\u00e1i sake bao gi\u1edd c\u1ea3 2 m\u1eb7t \u0111\u1ec1u v\u00e0ng v\u00e0 gi\u00f2n th\u00ec khi \u0111\u00f3 l\u00e0 \u0111\u01b0\u1ee3c.<\/li>\n<li>Cho sake chi\u00ean b\u1ed9t ra gi\u1ea5y th\u1ea5m d\u1ea7u r\u1ed3i th\u01b0\u1edfng th\u1ee9c ngay nh\u00e9 ( \u0103n ngay khi c\u00f2n n\u00f3ng \u0111\u1ec3 c\u1ea3m nh\u1eadn v\u1ecb gi\u00f2n v\u00e0 v\u1ecb b\u00f9i ng\u1eady c\u1ee7a m\u00f3n sake t\u1ea9m b\u1ed9t chi\u00ean gi\u00f2n.<\/li>\n<\/ol>\n<p><strong>Sake n\u1ea5u t\u00f4m<\/strong><\/p>\n<p><img loading=\"lazy\" decoding=\"async\" class=\"aligncenter wp-image-1109\" src=\"https:\/\/thucphamtienloi.com\/wp-content\/uploads\/2020\/05\/sake-nau-tom.jpg\" alt=\"sake-nau-tom\" width=\"800\" height=\"533\" \/><\/p>\n<p>M\u00f3n \u0103n n\u00e0y \u0111ang \u0111\u01b0\u1ee3c m\u1ed9t v\u00e0i ti\u1ec7c c\u01b0\u1edbi s\u1eed d\u1ee5ng l\u00e0m m\u00f3n khai v\u1ecb<\/p>\n<h4><strong>Chu\u1ea9n b\u1ecb:<\/strong><\/h4>\n<ul>\n<li>1 tr\u00e1i sa k\u00ea c\u1ee1 v\u1eeba: g\u1ecdt b\u1ecf v\u1ecf, c\u1eaft b\u1ecf l\u00f5i, b\u1ed5 l\u00e0m b\u1ed1n v\u00e0 c\u1eaft mi\u1ebfng nh\u1ecf v\u1eeba \u0103n.<\/li>\n<li>250gram t\u00f4m<\/li>\n<li>1 \u00edt h\u00e0nh l\u00e1 th\u00e1i nh\u1ecf<\/li>\n<li>Gia v\u1ecb: mu\u1ed1i, h\u1ea1t n\u00eam&#8230;vv<\/li>\n<\/ul>\n<h4><strong>C\u00e1ch l\u00e0m:<\/strong><\/h4>\n<ol>\n<li>Gi\u00e3\u00a0<strong>t\u00f4m<\/strong>\u00a0nhuy\u1ec5n r\u1ed3i \u01b0\u1edbp c\u00f9ng v\u1edbi m\u1ed9t \u00edt h\u1ea1t n\u00eam, mu\u1ed1i v\u00e0 h\u00e0nh l\u00e1 th\u00e1i nh\u1ecf ( n\u00ean l\u1ea5y ph\u1ea7n \u0111\u1ea7u h\u00e0nh tr\u1eafng). \u0110\u1ee3i kho\u1ea3ng 10 ph\u00fat cho t\u00f4m th\u1ea5m \u0111\u1ec1u gia v\u1ecb th\u00ec \u0111em v\u1eaft vi\u00ean tr\u00f2n.\u00a0<\/li>\n<li>Cho 1,5 l\u00edt n\u01b0\u1edbc v\u00e0o n\u1ed3i v\u00e0 \u0111un s\u00f4i, \u0111un \u0111\u1ebfn khi n\u01b0\u1edbc s\u00f4i b\u00f9ng th\u00ec th\u1ea3 t\u1eebng vi\u00ean t\u00f4m v\u00e0o n\u1ed3i c\u00f9ng sake. \u0111un th\u00eam kho\u1ea3ng 10 ph\u00fat.<\/li>\n<li>Khi sake ch\u00edn m\u1ec1n th\u00ec b\u1ea1n cho gia v\u1ecb v\u00e0o n\u00eam n\u1ebfm cho v\u1eeba \u0103n, tr\u01b0\u1edbc khi t\u1eaft b\u1ebfp r\u1eaft th\u00eam m\u1ed9t ch\u00fat h\u00e0nh l\u00e1\u00a0<\/li>\n<\/ol>\n<p>N\u1ebfu mu\u1ed1n sake n\u1ea5u t\u00f4m c\u00f3 v\u1ecb cay th\u00ec khi \u01b0\u1edbp t\u00f4m b\u1ea1n c\u00f3 th\u1ec3 \u01b0\u1edbp th\u00eam 1 \u1edbt v\u00e0o. \u0110\u00e2y c\u0169ng l\u00e0 c\u00e1ch \u0111\u1ec3 kh\u1eed m\u00f9i tanh c\u1ee7a t\u00f4m thay v\u00ec b\u1ea1n ph\u1ea3i x\u00e0o t\u00f4m tr\u01b0\u1edbc.<\/p>\n<h2><strong>\u0110\u1ecba ch\u1ec9 mua Qu\u1ea3 Sake t\u1ea1i H\u00e0 N\u1ed9i v\u00e0 Tp HCM?<\/strong><\/h2>\n<p>M\u1ecdi th\u00f4ng tin chi ti\u1ebft v\u1ec1 s\u1ea3n ph\u1ea9m vui l\u00f2ng li\u00ean h\u1ec7 :\u00a0<\/p>\n<p><strong>Hotline\/Zalo:<\/strong>\u00a0<strong class=\"uppercase\">0987.506.349<\/strong><\/p>\n<p><strong>\u0110\u1ecba ch\u1ec9 c\u1eeda h\u00e0ng :\u00a0<\/strong><\/p>\n<p><strong>T\u1ea1i S\u00e0i G\u00f2n:<\/strong>\u00a0184\/17 Nguy\u1ec5n Ph\u00fac Chu, P15, Q. T\u00e2n B\u00ecnh , TP HCM (vui l\u00f2ng g\u1ecdi tr\u01b0\u1edbc khi \u0111\u1ebfn)<\/p>\n<p><strong>T\u1ea1i H\u00e0 N\u1ed9i\u00a0 :\u00a0\u00a0<\/strong>PH\u00f2ng 2817,Chung c\u01b0 349,V\u0169 T\u00f4ng Phan,Thanh Xu\u00e2n, H\u00e0 N\u1ed9i (vui l\u00f2ng g\u1ecdi tr\u01b0\u1edbc khi \u0111\u1ebfn)<strong><br \/>\n<\/strong><br \/>\n<strong>Facebook:\u00a0<a href=\"https:\/\/www.facebook.com\/cuahang3mien\/\">https:\/\/www.facebook.com\/cuahang3mien<\/a><\/strong><\/p>\n","protected":false},"excerpt":{"rendered":"<p>\u00a0Qu\u1ea3 sake \u0111\u01b0\u1ee3c ch\u1ebf bi\u1ebfn th\u00e0nh r\u1ea5t nhi\u1ec1u m\u00f3n \u0103n kh\u00e1c nhau d\u00f9ng trong b\u1eefa ch\u00ednh h\u00e0ng ng\u00e0y ho\u1eb7c l\u00e0m c\u00e1c m\u00f3n tr\u00e1ng mi\u1ec7ng. Tr\u00e1i sake lu\u00f4n s\u1eb5n h\u00e0ng t\u1ea1i Th\u1ef1c Ph\u1ea9m Ti\u1ec7n L\u1ee3i. Qu\u00fd kh\u00e1ch c\u00f3 th\u1ec3 \u0111\u1eb7t h\u00e0ng qua Hotline : 0987.506.349 .\u00a0Ch\u00fang t\u00f4i c\u00f3 h\u1ed7 tr\u1ee3 Ship t\u1eadn nh\u00e0 giao t\u1eadn tay [&#8230;]\n","protected":false},"featured_media":1106,"comment_status":"closed","ping_status":"closed","template":"","meta":[],"product_brand":[],"product_cat":[70],"product_tag":[364,360,361,362,363],"class_list":{"0":"post-535","1":"product","2":"type-product","3":"status-publish","4":"has-post-thumbnail","6":"product_cat-dac-san-mien-nam","7":"product_tag-sake-so-che","8":"product_tag-qua-sake-tuoi","9":"product_tag-ban-qua-sake","10":"product_tag-cua-hang-ban-sake-tai-sai-gon","11":"product_tag-cua-hang-ban-sake-tai-ha-noi","13":"first","14":"instock","15":"shipping-taxable","16":"purchasable","17":"product-type-simple"},"yoast_head":"<!-- This site is optimized with the Yoast SEO plugin v27.4 - https:\/\/yoast.com\/product\/yoast-seo-wordpress\/ -->\n<title>Qu\u1ea3 Sake T\u01b0\u01a1i - \u1ea8M TH\u1ef0C BA MI\u1ec0N<\/title>\n<meta name=\"description\" content=\"\u00a0Qu\u1ea3 sake \u0111\u01b0\u1ee3c ch\u1ebf bi\u1ebfn th\u00e0nh r\u1ea5t nhi\u1ec1u m\u00f3n \u0103n kh\u00e1c nhau d\u00f9ng trong b\u1eefa ch\u00ednh h\u00e0ng ng\u00e0y ho\u1eb7c l\u00e0m c\u00e1c m\u00f3n tr\u00e1ng mi\u1ec7ng. Hotline : 0987.506.349\" \/>\n<meta name=\"robots\" content=\"index, follow, max-snippet:-1, max-image-preview:large, max-video-preview:-1\" \/>\n<link rel=\"canonical\" href=\"https:\/\/thucphamtienloi.com\/?product=qua-sake-tuoi\" \/>\n<meta property=\"og:locale\" content=\"vi_VN\" \/>\n<meta property=\"og:type\" content=\"article\" \/>\n<meta property=\"og:title\" content=\"Qu\u1ea3 Sake T\u01b0\u01a1i - \u1ea8M TH\u1ef0C BA MI\u1ec0N\" \/>\n<meta property=\"og:description\" content=\"\u00a0Qu\u1ea3 sake \u0111\u01b0\u1ee3c ch\u1ebf bi\u1ebfn th\u00e0nh r\u1ea5t nhi\u1ec1u m\u00f3n \u0103n kh\u00e1c nhau d\u00f9ng trong b\u1eefa ch\u00ednh h\u00e0ng ng\u00e0y ho\u1eb7c l\u00e0m c\u00e1c m\u00f3n tr\u00e1ng mi\u1ec7ng. Hotline : 0987.506.349\" \/>\n<meta property=\"og:url\" content=\"https:\/\/thucphamtienloi.com\/?product=qua-sake-tuoi\" \/>\n<meta property=\"og:site_name\" content=\"\u1ea8M TH\u1ef0C BA MI\u1ec0N\" \/>\n<meta property=\"article:modified_time\" content=\"2025-10-19T16:15:57+00:00\" \/>\n<meta property=\"og:image\" content=\"https:\/\/thucphamtienloi.com\/wp-content\/uploads\/2020\/05\/qua-sake-tuoi.jpg\" \/>\n\t<meta property=\"og:image:width\" content=\"700\" \/>\n\t<meta property=\"og:image:height\" content=\"933\" \/>\n\t<meta property=\"og:image:type\" content=\"image\/jpeg\" \/>\n<meta name=\"twitter:card\" content=\"summary_large_image\" \/>\n<meta name=\"twitter:label1\" content=\"\u01af\u1edbc t\u00ednh th\u1eddi gian \u0111\u1ecdc\" \/>\n\t<meta name=\"twitter:data1\" content=\"6 ph\u00fat\" \/>\n<script type=\"application\/ld+json\" class=\"yoast-schema-graph\">{\"@context\":\"https:\\\/\\\/schema.org\",\"@graph\":[{\"@type\":[\"WebPage\",\"ItemPage\"],\"@id\":\"https:\\\/\\\/thucphamtienloi.com\\\/?product=qua-sake-tuoi\",\"url\":\"https:\\\/\\\/thucphamtienloi.com\\\/?product=qua-sake-tuoi\",\"name\":\"Qu\u1ea3 Sake T\u01b0\u01a1i - \u1ea8M TH\u1ef0C BA MI\u1ec0N\",\"isPartOf\":{\"@id\":\"https:\\\/\\\/thucphamtienloi.com\\\/#website\"},\"primaryImageOfPage\":{\"@id\":\"https:\\\/\\\/thucphamtienloi.com\\\/?product=qua-sake-tuoi#primaryimage\"},\"image\":{\"@id\":\"https:\\\/\\\/thucphamtienloi.com\\\/?product=qua-sake-tuoi#primaryimage\"},\"thumbnailUrl\":\"https:\\\/\\\/thucphamtienloi.com\\\/wp-content\\\/uploads\\\/2020\\\/05\\\/qua-sake-tuoi.jpg\",\"datePublished\":\"2020-05-29T07:24:55+00:00\",\"dateModified\":\"2025-10-19T16:15:57+00:00\",\"description\":\"\u00a0Qu\u1ea3 sake \u0111\u01b0\u1ee3c ch\u1ebf bi\u1ebfn th\u00e0nh r\u1ea5t nhi\u1ec1u m\u00f3n \u0103n kh\u00e1c nhau d\u00f9ng trong b\u1eefa ch\u00ednh h\u00e0ng ng\u00e0y ho\u1eb7c l\u00e0m c\u00e1c m\u00f3n tr\u00e1ng mi\u1ec7ng. Hotline : 0987.506.349\",\"breadcrumb\":{\"@id\":\"https:\\\/\\\/thucphamtienloi.com\\\/?product=qua-sake-tuoi#breadcrumb\"},\"inLanguage\":\"vi\",\"potentialAction\":[{\"@type\":\"ReadAction\",\"target\":[\"https:\\\/\\\/thucphamtienloi.com\\\/?product=qua-sake-tuoi\"]}]},{\"@type\":\"ImageObject\",\"inLanguage\":\"vi\",\"@id\":\"https:\\\/\\\/thucphamtienloi.com\\\/?product=qua-sake-tuoi#primaryimage\",\"url\":\"https:\\\/\\\/thucphamtienloi.com\\\/wp-content\\\/uploads\\\/2020\\\/05\\\/qua-sake-tuoi.jpg\",\"contentUrl\":\"https:\\\/\\\/thucphamtienloi.com\\\/wp-content\\\/uploads\\\/2020\\\/05\\\/qua-sake-tuoi.jpg\",\"width\":700,\"height\":933,\"caption\":\"Qu\u1ea3 Sake T\u01b0\u01a1i\"},{\"@type\":\"BreadcrumbList\",\"@id\":\"https:\\\/\\\/thucphamtienloi.com\\\/?product=qua-sake-tuoi#breadcrumb\",\"itemListElement\":[{\"@type\":\"ListItem\",\"position\":1,\"name\":\"Trang ch\u1ee7\",\"item\":\"https:\\\/\\\/thucphamtienloi.com\\\/\"},{\"@type\":\"ListItem\",\"position\":2,\"name\":\"C\u1eeda H\u00e0ng\",\"item\":\"https:\\\/\\\/thucphamtienloi.com\\\/?page_id=3334\"},{\"@type\":\"ListItem\",\"position\":3,\"name\":\"\u0110\u1eb7c S\u1ea3n Mi\u1ec1n Nam\",\"item\":\"https:\\\/\\\/thucphamtienloi.com\\\/danh-muc-san-pham\\\/dac-san-mien-nam\\\/\"},{\"@type\":\"ListItem\",\"position\":4,\"name\":\"Qu\u1ea3 Sake T\u01b0\u01a1i\"}]},{\"@type\":\"WebSite\",\"@id\":\"https:\\\/\\\/thucphamtienloi.com\\\/#website\",\"url\":\"https:\\\/\\\/thucphamtienloi.com\\\/\",\"name\":\"Th\u1ef1c ph\u1ea9m ti\u1ec7n l\u1ee3i\",\"description\":\"\u1ea8m Th\u1ef1c Qu\u00ea H\u01b0\u01a1ng\",\"publisher\":{\"@id\":\"https:\\\/\\\/thucphamtienloi.com\\\/#organization\"},\"potentialAction\":[{\"@type\":\"SearchAction\",\"target\":{\"@type\":\"EntryPoint\",\"urlTemplate\":\"https:\\\/\\\/thucphamtienloi.com\\\/?s={search_term_string}\"},\"query-input\":{\"@type\":\"PropertyValueSpecification\",\"valueRequired\":true,\"valueName\":\"search_term_string\"}}],\"inLanguage\":\"vi\"},{\"@type\":\"Organization\",\"@id\":\"https:\\\/\\\/thucphamtienloi.com\\\/#organization\",\"name\":\"Th\u1ef1c ph\u1ea9m ti\u1ec7n l\u1ee3i\",\"url\":\"https:\\\/\\\/thucphamtienloi.com\\\/\",\"logo\":{\"@type\":\"ImageObject\",\"inLanguage\":\"vi\",\"@id\":\"https:\\\/\\\/thucphamtienloi.com\\\/#\\\/schema\\\/logo\\\/image\\\/\",\"url\":\"https:\\\/\\\/thucphamtienloi.com\\\/wp-content\\\/uploads\\\/2022\\\/07\\\/THU\u031b\u0323C-PHA\u0302\u0309M-TIE\u0323\u0302N-LO\u031b\u0323I.png\",\"contentUrl\":\"https:\\\/\\\/thucphamtienloi.com\\\/wp-content\\\/uploads\\\/2022\\\/07\\\/THU\u031b\u0323C-PHA\u0302\u0309M-TIE\u0323\u0302N-LO\u031b\u0323I.png\",\"width\":1920,\"height\":1080,\"caption\":\"Th\u1ef1c ph\u1ea9m ti\u1ec7n l\u1ee3i\"},\"image\":{\"@id\":\"https:\\\/\\\/thucphamtienloi.com\\\/#\\\/schema\\\/logo\\\/image\\\/\"}}]}<\/script>\n<!-- \/ Yoast SEO plugin. -->","yoast_head_json":{"title":"Qu\u1ea3 Sake T\u01b0\u01a1i - \u1ea8M TH\u1ef0C BA MI\u1ec0N","description":"\u00a0Qu\u1ea3 sake \u0111\u01b0\u1ee3c ch\u1ebf bi\u1ebfn th\u00e0nh r\u1ea5t nhi\u1ec1u m\u00f3n \u0103n kh\u00e1c nhau d\u00f9ng trong b\u1eefa ch\u00ednh h\u00e0ng ng\u00e0y ho\u1eb7c l\u00e0m c\u00e1c m\u00f3n tr\u00e1ng mi\u1ec7ng. Hotline : 0987.506.349","robots":{"index":"index","follow":"follow","max-snippet":"max-snippet:-1","max-image-preview":"max-image-preview:large","max-video-preview":"max-video-preview:-1"},"canonical":"https:\/\/thucphamtienloi.com\/?product=qua-sake-tuoi","og_locale":"vi_VN","og_type":"article","og_title":"Qu\u1ea3 Sake T\u01b0\u01a1i - \u1ea8M TH\u1ef0C BA MI\u1ec0N","og_description":"\u00a0Qu\u1ea3 sake \u0111\u01b0\u1ee3c ch\u1ebf bi\u1ebfn th\u00e0nh r\u1ea5t nhi\u1ec1u m\u00f3n \u0103n kh\u00e1c nhau d\u00f9ng trong b\u1eefa ch\u00ednh h\u00e0ng ng\u00e0y ho\u1eb7c l\u00e0m c\u00e1c m\u00f3n tr\u00e1ng mi\u1ec7ng. Hotline : 0987.506.349","og_url":"https:\/\/thucphamtienloi.com\/?product=qua-sake-tuoi","og_site_name":"\u1ea8M TH\u1ef0C BA MI\u1ec0N","article_modified_time":"2025-10-19T16:15:57+00:00","og_image":[{"width":700,"height":933,"url":"https:\/\/thucphamtienloi.com\/wp-content\/uploads\/2020\/05\/qua-sake-tuoi.jpg","type":"image\/jpeg"}],"twitter_card":"summary_large_image","twitter_misc":{"\u01af\u1edbc t\u00ednh th\u1eddi gian \u0111\u1ecdc":"6 ph\u00fat"},"schema":{"@context":"https:\/\/schema.org","@graph":[{"@type":["WebPage","ItemPage"],"@id":"https:\/\/thucphamtienloi.com\/?product=qua-sake-tuoi","url":"https:\/\/thucphamtienloi.com\/?product=qua-sake-tuoi","name":"Qu\u1ea3 Sake T\u01b0\u01a1i - \u1ea8M TH\u1ef0C BA MI\u1ec0N","isPartOf":{"@id":"https:\/\/thucphamtienloi.com\/#website"},"primaryImageOfPage":{"@id":"https:\/\/thucphamtienloi.com\/?product=qua-sake-tuoi#primaryimage"},"image":{"@id":"https:\/\/thucphamtienloi.com\/?product=qua-sake-tuoi#primaryimage"},"thumbnailUrl":"https:\/\/thucphamtienloi.com\/wp-content\/uploads\/2020\/05\/qua-sake-tuoi.jpg","datePublished":"2020-05-29T07:24:55+00:00","dateModified":"2025-10-19T16:15:57+00:00","description":"\u00a0Qu\u1ea3 sake \u0111\u01b0\u1ee3c ch\u1ebf bi\u1ebfn th\u00e0nh r\u1ea5t nhi\u1ec1u m\u00f3n \u0103n kh\u00e1c nhau d\u00f9ng trong b\u1eefa ch\u00ednh h\u00e0ng ng\u00e0y ho\u1eb7c l\u00e0m c\u00e1c m\u00f3n tr\u00e1ng mi\u1ec7ng. Hotline : 0987.506.349","breadcrumb":{"@id":"https:\/\/thucphamtienloi.com\/?product=qua-sake-tuoi#breadcrumb"},"inLanguage":"vi","potentialAction":[{"@type":"ReadAction","target":["https:\/\/thucphamtienloi.com\/?product=qua-sake-tuoi"]}]},{"@type":"ImageObject","inLanguage":"vi","@id":"https:\/\/thucphamtienloi.com\/?product=qua-sake-tuoi#primaryimage","url":"https:\/\/thucphamtienloi.com\/wp-content\/uploads\/2020\/05\/qua-sake-tuoi.jpg","contentUrl":"https:\/\/thucphamtienloi.com\/wp-content\/uploads\/2020\/05\/qua-sake-tuoi.jpg","width":700,"height":933,"caption":"Qu\u1ea3 Sake T\u01b0\u01a1i"},{"@type":"BreadcrumbList","@id":"https:\/\/thucphamtienloi.com\/?product=qua-sake-tuoi#breadcrumb","itemListElement":[{"@type":"ListItem","position":1,"name":"Trang ch\u1ee7","item":"https:\/\/thucphamtienloi.com\/"},{"@type":"ListItem","position":2,"name":"C\u1eeda H\u00e0ng","item":"https:\/\/thucphamtienloi.com\/?page_id=3334"},{"@type":"ListItem","position":3,"name":"\u0110\u1eb7c S\u1ea3n Mi\u1ec1n Nam","item":"https:\/\/thucphamtienloi.com\/danh-muc-san-pham\/dac-san-mien-nam\/"},{"@type":"ListItem","position":4,"name":"Qu\u1ea3 Sake T\u01b0\u01a1i"}]},{"@type":"WebSite","@id":"https:\/\/thucphamtienloi.com\/#website","url":"https:\/\/thucphamtienloi.com\/","name":"Th\u1ef1c ph\u1ea9m ti\u1ec7n l\u1ee3i","description":"\u1ea8m Th\u1ef1c Qu\u00ea H\u01b0\u01a1ng","publisher":{"@id":"https:\/\/thucphamtienloi.com\/#organization"},"potentialAction":[{"@type":"SearchAction","target":{"@type":"EntryPoint","urlTemplate":"https:\/\/thucphamtienloi.com\/?s={search_term_string}"},"query-input":{"@type":"PropertyValueSpecification","valueRequired":true,"valueName":"search_term_string"}}],"inLanguage":"vi"},{"@type":"Organization","@id":"https:\/\/thucphamtienloi.com\/#organization","name":"Th\u1ef1c ph\u1ea9m ti\u1ec7n l\u1ee3i","url":"https:\/\/thucphamtienloi.com\/","logo":{"@type":"ImageObject","inLanguage":"vi","@id":"https:\/\/thucphamtienloi.com\/#\/schema\/logo\/image\/","url":"https:\/\/thucphamtienloi.com\/wp-content\/uploads\/2022\/07\/THU\u031b\u0323C-PHA\u0302\u0309M-TIE\u0323\u0302N-LO\u031b\u0323I.png","contentUrl":"https:\/\/thucphamtienloi.com\/wp-content\/uploads\/2022\/07\/THU\u031b\u0323C-PHA\u0302\u0309M-TIE\u0323\u0302N-LO\u031b\u0323I.png","width":1920,"height":1080,"caption":"Th\u1ef1c ph\u1ea9m ti\u1ec7n l\u1ee3i"},"image":{"@id":"https:\/\/thucphamtienloi.com\/#\/schema\/logo\/image\/"}}]}},"_links":{"self":[{"href":"https:\/\/thucphamtienloi.com\/index.php?rest_route=\/wp\/v2\/product\/535","targetHints":{"allow":["GET"]}}],"collection":[{"href":"https:\/\/thucphamtienloi.com\/index.php?rest_route=\/wp\/v2\/product"}],"about":[{"href":"https:\/\/thucphamtienloi.com\/index.php?rest_route=\/wp\/v2\/types\/product"}],"replies":[{"embeddable":true,"href":"https:\/\/thucphamtienloi.com\/index.php?rest_route=%2Fwp%2Fv2%2Fcomments&post=535"}],"wp:featuredmedia":[{"embeddable":true,"href":"https:\/\/thucphamtienloi.com\/index.php?rest_route=\/wp\/v2\/media\/1106"}],"wp:attachment":[{"href":"https:\/\/thucphamtienloi.com\/index.php?rest_route=%2Fwp%2Fv2%2Fmedia&parent=535"}],"wp:term":[{"taxonomy":"product_brand","embeddable":true,"href":"https:\/\/thucphamtienloi.com\/index.php?rest_route=%2Fwp%2Fv2%2Fproduct_brand&post=535"},{"taxonomy":"product_cat","embeddable":true,"href":"https:\/\/thucphamtienloi.com\/index.php?rest_route=%2Fwp%2Fv2%2Fproduct_cat&post=535"},{"taxonomy":"product_tag","embeddable":true,"href":"https:\/\/thucphamtienloi.com\/index.php?rest_route=%2Fwp%2Fv2%2Fproduct_tag&post=535"}],"curies":[{"name":"wp","href":"https:\/\/api.w.org\/{rel}","templated":true}]}}