{"id":536,"date":"2020-05-29T07:25:32","date_gmt":"2020-05-29T07:25:32","guid":{"rendered":"http:\/\/thucphamtienloi.com\/?post_type=product&#038;p=536"},"modified":"2025-10-19T16:15:35","modified_gmt":"2025-10-19T16:15:35","slug":"oc-heo-tuoi","status":"publish","type":"product","link":"https:\/\/thucphamtienloi.com\/?product=oc-heo-tuoi","title":{"rendered":"\u00d3c Heo T\u01b0\u01a1i S\u1ed1ng H\u00e0ng Ng\u00e0y"},"content":{"rendered":"<p><strong>\u00d3c Heo<\/strong> lu\u00f4n \u0111\u01b0\u1ee3c coi l\u00e0 m\u00f3n \u0103n nhi\u1ec1u dinh d\u01b0\u1ee1ng. Trong \u00f3c heo ch\u1ee9a nhi\u1ec1u DHA v\u00e0 axit b\u00e9o Omega-3 r\u1ea5t c\u1ea7n thi\u1ebft cho s\u1ef1 ph\u00e1t tri\u1ec3n tr\u00ed n\u00e3o tr\u1ebb em, ph\u1ee5 n\u1eef \u0111ang mang thai v\u00e0 cho con b\u00fa.<strong><a href=\"https:\/\/thucphamtienloi.com\/\" target=\"_blank\" rel=\"noopener noreferrer\">Th\u1ef1c Ph\u1ea7m Ti\u1ec7n L\u1ee3i<\/a> <\/strong>ph\u1ee5c v\u1ee5 qu\u00fd kh\u00e1ch \u00f3c heo t\u01b0\u01a1i s\u1ed1ng h\u00e0ng ng\u00e0y t\u1ea1i c\u00e1c l\u00f2 gi\u1ebft m\u1ed5 heo. <strong>Li\u00ean h\u1ec7 : 0987.506.349.<\/strong><\/p>\n<p>S\u1ea3n ph\u1ea9m t\u1ea1i c\u1eeda h\u00e0ng \u0111\u01b0\u1ee3c l\u1ea5y t\u1eeb nh\u1eefng con l\u1ee3n nu\u00f4i theo ti\u00eau chu\u1ea9n Vietgap t\u1ea1i trang tr\u1ea1i, c\u00e1c m\u1eb9 c\u00f3 th\u1ec3 y\u00ean t\u00e2m 100% v\u1ec1 ch\u1ea5t l\u01b0\u1ee3ng c\u0169ng nh\u01b0 v\u1ec7 sinh an to\u00e0n th\u1ef1c ph\u1ea9m.<\/p>\n<p>\u00d3c heo ch\u1ee9a nh\u1eefng kho\u00e1ng ch\u1ea5t ph\u1ed5 bi\u1ebfn nh\u01b0 canxi, ph\u1ed1t pho, s\u1eaft\u2026 . Ngo\u00e0i ra c\u00f2n c\u00f3 h\u00e0m l\u01b0\u1ee3ng cholesterol c\u00f3 t\u00e1c d\u1ee5ng t\u1ed1t nh\u1ea5t \u0111\u1ecbnh \u0111\u1ed1i v\u1edbi s\u1ee9c kh\u1ecfe. \u0110\u1ee9ng \u1edf g\u00f3c \u0111\u1ed9 y h\u1ecdc m\u00e0 n\u00f3i, th\u00ec \u0111\u00e2y l\u00e0 th\u1ef1c ph\u1ea9m c\u00f3 v\u1ecb ng\u1ecdt, t\u00ednh h\u00e0n, c\u00f3 t\u00e1c d\u1ee5ng nh\u1ea5t \u0111\u1ecbnh trong vi\u1ec7c b\u1ed3i b\u1ed5 x\u01b0\u01a1ng kh\u1edbp, h\u1ed7 tr\u1ee3 \u0111i\u1ec1u tr\u1ecb ch\u1ee9ng \u0111au \u0111\u1ea7u, ch\u00f3ng m\u1eb7t, th\u1ea7n kinh suy nh\u01b0\u1ee3c\u2026<\/p>\n<h2><strong>M\u1ed9t s\u1ed1 t\u00e1c d\u1ee5ng c\u1ee7a \u00f3c heo<\/strong><\/h2>\n<h3><strong>C\u1ea3i thi\u1ec7n tr\u00ed \u1edf \u1edf ng\u01b0\u1eddi gi\u00e0 v\u00e0 b\u00e0 b\u1ea7u<\/strong><\/h3>\n<p><strong><img loading=\"lazy\" decoding=\"async\" class=\"aligncenter wp-image-1047\" src=\"https:\/\/thucphamtienloi.com\/wp-content\/uploads\/2020\/05\/an-oc-heo-co-tot-nhu-ban-nghi-1-711x400.jpg\" alt=\"oc-heo-cai-thien-tri-nho\" width=\"800\" height=\"450\" srcset=\"https:\/\/thucphamtienloi.com\/wp-content\/uploads\/2020\/05\/an-oc-heo-co-tot-nhu-ban-nghi-1-711x400.jpg 711w, https:\/\/thucphamtienloi.com\/wp-content\/uploads\/2020\/05\/an-oc-heo-co-tot-nhu-ban-nghi-1-510x287.jpg 510w, https:\/\/thucphamtienloi.com\/wp-content\/uploads\/2020\/05\/an-oc-heo-co-tot-nhu-ban-nghi-1-768x432.jpg 768w, https:\/\/thucphamtienloi.com\/wp-content\/uploads\/2020\/05\/an-oc-heo-co-tot-nhu-ban-nghi-1-600x338.jpg 600w, https:\/\/thucphamtienloi.com\/wp-content\/uploads\/2020\/05\/an-oc-heo-co-tot-nhu-ban-nghi-1.jpg 800w\" sizes=\"auto, (max-width: 800px) 100vw, 800px\" \/><\/strong><\/p>\n<p>Trong 100g \u00f3c c\u00f3 ch\u1ee9a c\u00e1c th\u00e0nh ph\u1ea7n dinh d\u01b0\u1ee1ng nh\u01b0\u00a0 9g ch\u1ea5t \u0111\u1ea1m (protein), 9.5g ch\u1ea5t b\u00e9o(lipit), 7mg canxi, 0.3g photpho, 2.5g cholesterol, 1.6mg s\u1eaft, 0.14mg B1, 0.2mg B2,&#8230;<\/p>\n<p>V\u1edbi th\u00e0nh ph\u1ea7n dinh d\u01b0\u1ee1ng nh\u01b0 v\u1eady,\u00a0<strong>\u00f3c heo gi\u00fap t\u0103ng c\u01b0\u1eddng tu\u1ea7n ho\u00e0n m\u00e1u l\u00ean n\u00e3o<\/strong>\u00a0\u0111\u01b0\u1ee3c t\u1ed1t h\u01a1n, h\u1ea1n ch\u1ebf gi\u1ea3m tr\u00ed nh\u1edb \u0111\u1ed1i v\u1edbi c\u00e1c b\u00e0 b\u1ea7u v\u00e0 ng\u01b0\u1eddi cao tu\u1ed5i.<\/p>\n<p>M\u1eb7t kh\u00e1c, trong \u00f3c c\u00f3 ch\u1ea5t CNTF- ch\u1ea5t b\u1ea3o v\u1ec7 s\u1ef1 t\u00e1i t\u1ea1o c\u1ee7a d\u00e2y th\u1ea7n kinh, \u0111\u01b0\u1ee3c chi\u1ebft xu\u1ea5t \u0111\u1ec3 l\u00e0m thu\u1ed1c<strong>\u00a0ch\u1eefa ch\u1ee9ng m\u1ea5t tr\u00ed nh\u1edb \u1edf ng\u01b0\u1eddi gi\u00e0<\/strong> hi\u1ec7u qu\u1ea3. \u0110\u1ed1i v\u1edbi c\u00e1c m\u1eb9 b\u1ea7u b\u1ecb \u0111au n\u1eeda \u0111\u1ea7u n\u00ean \u0103n \u00f3c m\u1ed9t l\u1ea7n m\u1ed9t tu\u1ea7n \u0111\u1ec3 \u0111\u1ea3m b\u1ea3o ch\u1ea5t dinh d\u01b0\u1ee1ng c\u1ea7n thi\u1ebft.<\/p>\n<h2><strong>Ch\u1eefa \u0111au n\u1eeda \u0111\u1ea7u, suy nh\u01b0\u1ee3c th\u1ea7n kinh<\/strong><\/h2>\n<p><strong><img loading=\"lazy\" decoding=\"async\" class=\"aligncenter wp-image-1048\" src=\"https:\/\/thucphamtienloi.com\/wp-content\/uploads\/2020\/05\/an-oc-heo-co-tot-nhu-ban-nghi-2-711x400.jpg\" alt=\"oc-heo-chua-dau-dau\" width=\"800\" height=\"450\" srcset=\"https:\/\/thucphamtienloi.com\/wp-content\/uploads\/2020\/05\/an-oc-heo-co-tot-nhu-ban-nghi-2-711x400.jpg 711w, https:\/\/thucphamtienloi.com\/wp-content\/uploads\/2020\/05\/an-oc-heo-co-tot-nhu-ban-nghi-2-510x287.jpg 510w, https:\/\/thucphamtienloi.com\/wp-content\/uploads\/2020\/05\/an-oc-heo-co-tot-nhu-ban-nghi-2-768x432.jpg 768w, https:\/\/thucphamtienloi.com\/wp-content\/uploads\/2020\/05\/an-oc-heo-co-tot-nhu-ban-nghi-2-600x338.jpg 600w, https:\/\/thucphamtienloi.com\/wp-content\/uploads\/2020\/05\/an-oc-heo-co-tot-nhu-ban-nghi-2.jpg 800w\" sizes=\"auto, (max-width: 800px) 100vw, 800px\" \/><\/strong><\/p>\n<p>\u00d3c heo c\u00f3 v\u1ecb ng\u1ecdt, t\u00ednh h\u00e0n, thu\u1eadn l\u1ee3i trong\u00a0<strong>h\u1ed7 tr\u1ee3 gi\u1ea3m ch\u1ee9ng \u0111au n\u1eeda \u0111\u1ea7u, suy nh\u01b0\u1ee3c th\u1ea7n kinh,<\/strong>&#8230;. Tuy nhi\u00ean, mu\u1ed1n \u0111i\u1ec1u tr\u1ecb b\u1ec7nh t\u1eadn g\u1ed1c c\u1ea7n s\u1eed d\u1ee5ng l\u00e2u d\u00e0i v\u00e0 h\u1ee3p l\u00fd. C\u1ea7n k\u1ebft h\u1ee3p \u00f3c l\u1ee3n v\u1edbi c\u00e1c th\u1ef1c ph\u1ea9m kh\u00e1c nh\u01b0, m\u1ed9c nh\u0129, \u0111\u00f4ng tr\u1eebng h\u1ea1 th\u1ea3o,&#8230; \u0111\u1ec3 \u0111\u1ea1t hi\u1ec7u qu\u1ea3 t\u1ed1t h\u01a1n c\u0169ng nh\u01b0 s\u1ebd kh\u00f4ng b\u1ecb ng\u00e1n.<\/p>\n<p>Do trong \u00f3c heo c\u00f3 ch\u1ee9a qu\u00e1 nhi\u1ec1u cholesterol v\u00e0 lipit, l\u00e0m kh\u00f3 ti\u00eau n\u00ean s\u1eed d\u1ee5ng \u00f3c heo k\u1ebft h\u1ee3p v\u1edbi c\u00e1c th\u1ef1c ph\u1ea9m gi\u00fap ti\u00eau h\u00f3a t\u1ed1t nh\u01b0 r\u01b0\u1ee3u vang, rau tr\u1ed9n, ch\u00e1o, b\u00fan, b\u00e1nh gi\u00f2, s\u1eefa chua, n\u01b0\u1edbc tr\u00e1i c\u00e2y,&#8230;<\/p>\n<h3><strong>Tr\u1ecb r\u1ed1i lo\u1ea1n tu\u1ea7n ho\u00e0n n\u00e3o, ti\u1ec1n \u0111\u00ecnh<\/strong><\/h3>\n<p><strong><img loading=\"lazy\" decoding=\"async\" class=\"aligncenter wp-image-1049\" src=\"https:\/\/thucphamtienloi.com\/wp-content\/uploads\/2020\/05\/an-oc-heo-co-tot-nhu-ban-nghi-3-665x400.jpg\" alt=\"oc-heo\" width=\"800\" height=\"481\" srcset=\"https:\/\/thucphamtienloi.com\/wp-content\/uploads\/2020\/05\/an-oc-heo-co-tot-nhu-ban-nghi-3-665x400.jpg 665w, https:\/\/thucphamtienloi.com\/wp-content\/uploads\/2020\/05\/an-oc-heo-co-tot-nhu-ban-nghi-3-510x307.jpg 510w, https:\/\/thucphamtienloi.com\/wp-content\/uploads\/2020\/05\/an-oc-heo-co-tot-nhu-ban-nghi-3-768x462.jpg 768w, https:\/\/thucphamtienloi.com\/wp-content\/uploads\/2020\/05\/an-oc-heo-co-tot-nhu-ban-nghi-3-600x361.jpg 600w, https:\/\/thucphamtienloi.com\/wp-content\/uploads\/2020\/05\/an-oc-heo-co-tot-nhu-ban-nghi-3.jpg 800w\" sizes=\"auto, (max-width: 800px) 100vw, 800px\" \/><\/strong><\/p>\n<p>C\u00e1ch t\u1ed1t nh\u1ea5t v\u1edbi m\u1ee5c \u0111\u00edch \u0111i\u1ec1u tr\u1ecb r\u1ed1i lo\u1ea1n tu\u1ea7n ho\u00e0n n\u00e3o l\u00e0 thay \u0111\u1ed5i t\u1eeb ch\u1ebf \u0111\u1ed9 \u0103n u\u1ed1ng. M\u00f3n \u0103n ph\u1ed5 bi\u1ebfn nh\u1ea5t \u0111\u01b0\u1ee3c \u00e1p d\u1ee5ng hi\u1ec7n nay v\u1edbi c\u0103n b\u1ec7nh n\u00e0y l\u00e0 m\u00f3n \u00f3c\u00a0 h\u1ea5p l\u00e1 ng\u1ea3i c\u1ee9u, tr\u1ee9ng chi\u00ean \u00f3c heo, c\u00e1ch l\u00e0m kh\u00e1 d\u1ec5 d\u00e0ng v\u00e0 h\u01b0\u01a1ng v\u1ecb d\u1ec5 \u0103n.<\/p>\n<p>M\u00f3n \u0103n t\u1eeb \u00f3c heo c\u00f2n th\u00edch h\u1ee3p cho ng\u01b0\u1eddi m\u1eaft m\u1edd, ng\u1ee7 hay m\u01a1 m\u1ed9ng li\u00ean mi\u00ean, ng\u1ee7 ch\u1eadp ch\u1eddn, th\u1ea7n tr\u00ed kh\u00f4ng \u1ed5n \u0111\u1ecbnh&#8230;<\/p>\n<h2><strong>\u0110\u1ecba ch\u1ec9 mua \u00f3c heo \u1edf \u0111\u00e2u?<\/strong><\/h2>\n<p>Qu\u00fd kh\u00e1ch c\u00f3 nhu c\u1ea7u \u0111\u1eb7t mua \u00f3c heo t\u01b0\u01a1i s\u1ed1ng t\u1ea1i khu v\u1ef1c Tp HCM vui l\u00f2ng li\u00ean h\u1ec7 c\u1eeda h\u00e0ng <strong>Th\u1ef1c Ph\u1ea9m Ti\u1ec7n L\u1ee3i\u00a0<\/strong><\/p>\n<p><strong>Hotline : 0987.506.349<\/strong><\/p>\n<p><strong>\u0110\u1ecba ch\u1ec9 c\u1eeda h\u00e0ng :\u00a0<\/strong><\/p>\n<p><strong>T\u1ea1i S\u00e0i G\u00f2n:<\/strong>\u00a0184\/17 Nguy\u1ec5n Ph\u00fac Chu, P15, Q. T\u00e2n B\u00ecnh , TP HCM (vui l\u00f2ng g\u1ecdi tr\u01b0\u1edbc khi \u0111\u1ebfn)<\/p>\n<p><strong>T\u1ea1i H\u00e0 N\u1ed9i\u00a0 :\u00a0\u00a0<\/strong>Ph\u00f2ng 2817,Chung c\u01b0 349,V\u0169 T\u00f4ng Phan,Thanh Xu\u00e2n, H\u00e0 N\u1ed9i (vui l\u00f2ng g\u1ecdi tr\u01b0\u1edbc khi \u0111\u1ebfn)<strong><br \/>\n<\/strong><br \/>\n<strong>Facebook:\u00a0<a href=\"https:\/\/www.facebook.com\/cuahang3mien\/\">https:\/\/www.facebook.com\/cuahang3mien<\/a><\/strong><\/p>\n","protected":false},"excerpt":{"rendered":"<p><strong>\u00d3c Heo<\/strong> lu\u00f4n \u0111\u01b0\u1ee3c coi l\u00e0 m\u00f3n \u0103n nhi\u1ec1u dinh d\u01b0\u1ee1ng. Trong \u00f3c heo ch\u1ee9a nhi\u1ec1u DHA v\u00e0 axit b\u00e9o Omega-3 r\u1ea5t c\u1ea7n thi\u1ebft cho s\u1ef1 ph\u00e1t tri\u1ec3n tr\u00ed n\u00e3o tr\u1ebb em, ph\u1ee5 n\u1eef \u0111ang mang thai v\u00e0 cho con b\u00fa.<strong><a href=\"https:\/\/thucphamtienloi.com\/\" target=\"_blank\" rel=\"noopener noreferrer\">Th\u1ef1c Ph\u1ea7m Ti\u1ec7n L\u1ee3i<\/a> <\/strong>ph\u1ee5c v\u1ee5 qu\u00fd kh\u00e1ch \u00f3c heo t\u01b0\u01a1i s\u1ed1ng h\u00e0ng ng\u00e0y t\u1ea1i c\u00e1c l\u00f2 gi\u1ebft m\u1ed5 heo. <strong>Li\u00ean h\u1ec7 : 0987.506.349.<\/strong><\/p>\n","protected":false},"featured_media":531,"comment_status":"closed","ping_status":"closed","template":"","meta":[],"product_brand":[],"product_cat":[71],"product_tag":[333,334,335,336],"class_list":{"0":"post-536","1":"product","2":"type-product","3":"status-publish","4":"has-post-thumbnail","6":"product_cat-thuc-pham-tuoi-song","7":"product_tag-oc-heo-tuoi-song","8":"product_tag-oc-heo","9":"product_tag-tac-dung-cua-oc-heo","10":"product_tag-dia-chi-ban-oc-heo-o-sai-gon","12":"first","13":"instock","14":"shipping-taxable","15":"purchasable","16":"product-type-simple"},"yoast_head":"<!-- This site is optimized with the Yoast SEO plugin v27.4 - https:\/\/yoast.com\/product\/yoast-seo-wordpress\/ -->\n<title>\u00d3c Heo T\u01b0\u01a1i S\u1ed1ng H\u00e0ng Ng\u00e0y - \u1ea8M TH\u1ef0C BA MI\u1ec0N<\/title>\n<meta name=\"description\" content=\"\u00d3c Heo lu\u00f4n \u0111\u01b0\u1ee3c coi l\u00e0 m\u00f3n \u0103n nhi\u1ec1u dinh d\u01b0\u1ee1ng. Trong \u00f3c heo ch\u1ee9a nhi\u1ec1u DHA v\u00e0 axit b\u00e9o Omega-3 r\u1ea5t c\u1ea7n thi\u1ebft cho s\u1ef1 ph\u00e1t tri\u1ec3n tr\u00ed n\u00e3o tr\u1ebb em.\" \/>\n<meta name=\"robots\" content=\"index, follow, max-snippet:-1, max-image-preview:large, max-video-preview:-1\" \/>\n<link rel=\"canonical\" href=\"https:\/\/thucphamtienloi.com\/?product=oc-heo-tuoi\" \/>\n<meta property=\"og:locale\" content=\"vi_VN\" \/>\n<meta property=\"og:type\" content=\"article\" \/>\n<meta property=\"og:title\" content=\"\u00d3c Heo T\u01b0\u01a1i S\u1ed1ng H\u00e0ng Ng\u00e0y - \u1ea8M TH\u1ef0C BA MI\u1ec0N\" \/>\n<meta property=\"og:description\" content=\"\u00d3c Heo lu\u00f4n \u0111\u01b0\u1ee3c coi l\u00e0 m\u00f3n \u0103n nhi\u1ec1u dinh d\u01b0\u1ee1ng. Trong \u00f3c heo ch\u1ee9a nhi\u1ec1u DHA v\u00e0 axit b\u00e9o Omega-3 r\u1ea5t c\u1ea7n thi\u1ebft cho s\u1ef1 ph\u00e1t tri\u1ec3n tr\u00ed n\u00e3o tr\u1ebb em.\" \/>\n<meta property=\"og:url\" content=\"https:\/\/thucphamtienloi.com\/?product=oc-heo-tuoi\" \/>\n<meta property=\"og:site_name\" content=\"\u1ea8M TH\u1ef0C BA MI\u1ec0N\" \/>\n<meta property=\"article:modified_time\" content=\"2025-10-19T16:15:35+00:00\" \/>\n<meta property=\"og:image\" content=\"https:\/\/thucphamtienloi.com\/wp-content\/uploads\/2020\/05\/oc-heo.png\" \/>\n\t<meta property=\"og:image:width\" content=\"300\" \/>\n\t<meta property=\"og:image:height\" content=\"300\" \/>\n\t<meta property=\"og:image:type\" content=\"image\/png\" \/>\n<meta name=\"twitter:card\" content=\"summary_large_image\" \/>\n<meta name=\"twitter:label1\" content=\"\u01af\u1edbc t\u00ednh th\u1eddi gian \u0111\u1ecdc\" \/>\n\t<meta name=\"twitter:data1\" content=\"5 ph\u00fat\" \/>\n<script type=\"application\/ld+json\" class=\"yoast-schema-graph\">{\"@context\":\"https:\\\/\\\/schema.org\",\"@graph\":[{\"@type\":[\"WebPage\",\"ItemPage\"],\"@id\":\"https:\\\/\\\/thucphamtienloi.com\\\/?product=oc-heo-tuoi\",\"url\":\"https:\\\/\\\/thucphamtienloi.com\\\/?product=oc-heo-tuoi\",\"name\":\"\u00d3c Heo T\u01b0\u01a1i S\u1ed1ng H\u00e0ng Ng\u00e0y - \u1ea8M TH\u1ef0C BA MI\u1ec0N\",\"isPartOf\":{\"@id\":\"https:\\\/\\\/thucphamtienloi.com\\\/#website\"},\"primaryImageOfPage\":{\"@id\":\"https:\\\/\\\/thucphamtienloi.com\\\/?product=oc-heo-tuoi#primaryimage\"},\"image\":{\"@id\":\"https:\\\/\\\/thucphamtienloi.com\\\/?product=oc-heo-tuoi#primaryimage\"},\"thumbnailUrl\":\"https:\\\/\\\/thucphamtienloi.com\\\/wp-content\\\/uploads\\\/2020\\\/05\\\/oc-heo.png\",\"datePublished\":\"2020-05-29T07:25:32+00:00\",\"dateModified\":\"2025-10-19T16:15:35+00:00\",\"description\":\"\u00d3c Heo lu\u00f4n \u0111\u01b0\u1ee3c coi l\u00e0 m\u00f3n \u0103n nhi\u1ec1u dinh d\u01b0\u1ee1ng. Trong \u00f3c heo ch\u1ee9a nhi\u1ec1u DHA v\u00e0 axit b\u00e9o Omega-3 r\u1ea5t c\u1ea7n thi\u1ebft cho s\u1ef1 ph\u00e1t tri\u1ec3n tr\u00ed n\u00e3o tr\u1ebb em.\",\"breadcrumb\":{\"@id\":\"https:\\\/\\\/thucphamtienloi.com\\\/?product=oc-heo-tuoi#breadcrumb\"},\"inLanguage\":\"vi\",\"potentialAction\":[{\"@type\":\"ReadAction\",\"target\":[\"https:\\\/\\\/thucphamtienloi.com\\\/?product=oc-heo-tuoi\"]}]},{\"@type\":\"ImageObject\",\"inLanguage\":\"vi\",\"@id\":\"https:\\\/\\\/thucphamtienloi.com\\\/?product=oc-heo-tuoi#primaryimage\",\"url\":\"https:\\\/\\\/thucphamtienloi.com\\\/wp-content\\\/uploads\\\/2020\\\/05\\\/oc-heo.png\",\"contentUrl\":\"https:\\\/\\\/thucphamtienloi.com\\\/wp-content\\\/uploads\\\/2020\\\/05\\\/oc-heo.png\",\"width\":300,\"height\":300,\"caption\":\"\u00f3c heo\"},{\"@type\":\"BreadcrumbList\",\"@id\":\"https:\\\/\\\/thucphamtienloi.com\\\/?product=oc-heo-tuoi#breadcrumb\",\"itemListElement\":[{\"@type\":\"ListItem\",\"position\":1,\"name\":\"Trang ch\u1ee7\",\"item\":\"https:\\\/\\\/thucphamtienloi.com\\\/\"},{\"@type\":\"ListItem\",\"position\":2,\"name\":\"C\u1eeda H\u00e0ng\",\"item\":\"https:\\\/\\\/thucphamtienloi.com\\\/?page_id=3334\"},{\"@type\":\"ListItem\",\"position\":3,\"name\":\"Th\u1ef1c Ph\u1ea9m T\u01b0\u01a1i S\u1ed1ng\",\"item\":\"https:\\\/\\\/thucphamtienloi.com\\\/danh-muc-san-pham\\\/thuc-pham-tuoi-song\\\/\"},{\"@type\":\"ListItem\",\"position\":4,\"name\":\"\u00d3c Heo T\u01b0\u01a1i S\u1ed1ng H\u00e0ng Ng\u00e0y\"}]},{\"@type\":\"WebSite\",\"@id\":\"https:\\\/\\\/thucphamtienloi.com\\\/#website\",\"url\":\"https:\\\/\\\/thucphamtienloi.com\\\/\",\"name\":\"Th\u1ef1c ph\u1ea9m ti\u1ec7n l\u1ee3i\",\"description\":\"\u1ea8m Th\u1ef1c Qu\u00ea H\u01b0\u01a1ng\",\"publisher\":{\"@id\":\"https:\\\/\\\/thucphamtienloi.com\\\/#organization\"},\"potentialAction\":[{\"@type\":\"SearchAction\",\"target\":{\"@type\":\"EntryPoint\",\"urlTemplate\":\"https:\\\/\\\/thucphamtienloi.com\\\/?s={search_term_string}\"},\"query-input\":{\"@type\":\"PropertyValueSpecification\",\"valueRequired\":true,\"valueName\":\"search_term_string\"}}],\"inLanguage\":\"vi\"},{\"@type\":\"Organization\",\"@id\":\"https:\\\/\\\/thucphamtienloi.com\\\/#organization\",\"name\":\"Th\u1ef1c ph\u1ea9m ti\u1ec7n l\u1ee3i\",\"url\":\"https:\\\/\\\/thucphamtienloi.com\\\/\",\"logo\":{\"@type\":\"ImageObject\",\"inLanguage\":\"vi\",\"@id\":\"https:\\\/\\\/thucphamtienloi.com\\\/#\\\/schema\\\/logo\\\/image\\\/\",\"url\":\"https:\\\/\\\/thucphamtienloi.com\\\/wp-content\\\/uploads\\\/2022\\\/07\\\/THU\u031b\u0323C-PHA\u0302\u0309M-TIE\u0323\u0302N-LO\u031b\u0323I.png\",\"contentUrl\":\"https:\\\/\\\/thucphamtienloi.com\\\/wp-content\\\/uploads\\\/2022\\\/07\\\/THU\u031b\u0323C-PHA\u0302\u0309M-TIE\u0323\u0302N-LO\u031b\u0323I.png\",\"width\":1920,\"height\":1080,\"caption\":\"Th\u1ef1c ph\u1ea9m ti\u1ec7n l\u1ee3i\"},\"image\":{\"@id\":\"https:\\\/\\\/thucphamtienloi.com\\\/#\\\/schema\\\/logo\\\/image\\\/\"}}]}<\/script>\n<!-- \/ Yoast SEO plugin. -->","yoast_head_json":{"title":"\u00d3c Heo T\u01b0\u01a1i S\u1ed1ng H\u00e0ng Ng\u00e0y - \u1ea8M TH\u1ef0C BA MI\u1ec0N","description":"\u00d3c Heo lu\u00f4n \u0111\u01b0\u1ee3c coi l\u00e0 m\u00f3n \u0103n nhi\u1ec1u dinh d\u01b0\u1ee1ng. Trong \u00f3c heo ch\u1ee9a nhi\u1ec1u DHA v\u00e0 axit b\u00e9o Omega-3 r\u1ea5t c\u1ea7n thi\u1ebft cho s\u1ef1 ph\u00e1t tri\u1ec3n tr\u00ed n\u00e3o tr\u1ebb em.","robots":{"index":"index","follow":"follow","max-snippet":"max-snippet:-1","max-image-preview":"max-image-preview:large","max-video-preview":"max-video-preview:-1"},"canonical":"https:\/\/thucphamtienloi.com\/?product=oc-heo-tuoi","og_locale":"vi_VN","og_type":"article","og_title":"\u00d3c Heo T\u01b0\u01a1i S\u1ed1ng H\u00e0ng Ng\u00e0y - \u1ea8M TH\u1ef0C BA MI\u1ec0N","og_description":"\u00d3c Heo lu\u00f4n \u0111\u01b0\u1ee3c coi l\u00e0 m\u00f3n \u0103n nhi\u1ec1u dinh d\u01b0\u1ee1ng. Trong \u00f3c heo ch\u1ee9a nhi\u1ec1u DHA v\u00e0 axit b\u00e9o Omega-3 r\u1ea5t c\u1ea7n thi\u1ebft cho s\u1ef1 ph\u00e1t tri\u1ec3n tr\u00ed n\u00e3o tr\u1ebb em.","og_url":"https:\/\/thucphamtienloi.com\/?product=oc-heo-tuoi","og_site_name":"\u1ea8M TH\u1ef0C BA MI\u1ec0N","article_modified_time":"2025-10-19T16:15:35+00:00","og_image":[{"width":300,"height":300,"url":"https:\/\/thucphamtienloi.com\/wp-content\/uploads\/2020\/05\/oc-heo.png","type":"image\/png"}],"twitter_card":"summary_large_image","twitter_misc":{"\u01af\u1edbc t\u00ednh th\u1eddi gian \u0111\u1ecdc":"5 ph\u00fat"},"schema":{"@context":"https:\/\/schema.org","@graph":[{"@type":["WebPage","ItemPage"],"@id":"https:\/\/thucphamtienloi.com\/?product=oc-heo-tuoi","url":"https:\/\/thucphamtienloi.com\/?product=oc-heo-tuoi","name":"\u00d3c Heo T\u01b0\u01a1i S\u1ed1ng H\u00e0ng Ng\u00e0y - \u1ea8M TH\u1ef0C BA MI\u1ec0N","isPartOf":{"@id":"https:\/\/thucphamtienloi.com\/#website"},"primaryImageOfPage":{"@id":"https:\/\/thucphamtienloi.com\/?product=oc-heo-tuoi#primaryimage"},"image":{"@id":"https:\/\/thucphamtienloi.com\/?product=oc-heo-tuoi#primaryimage"},"thumbnailUrl":"https:\/\/thucphamtienloi.com\/wp-content\/uploads\/2020\/05\/oc-heo.png","datePublished":"2020-05-29T07:25:32+00:00","dateModified":"2025-10-19T16:15:35+00:00","description":"\u00d3c Heo lu\u00f4n \u0111\u01b0\u1ee3c coi l\u00e0 m\u00f3n \u0103n nhi\u1ec1u dinh d\u01b0\u1ee1ng. Trong \u00f3c heo ch\u1ee9a nhi\u1ec1u DHA v\u00e0 axit b\u00e9o Omega-3 r\u1ea5t c\u1ea7n thi\u1ebft cho s\u1ef1 ph\u00e1t tri\u1ec3n tr\u00ed n\u00e3o tr\u1ebb em.","breadcrumb":{"@id":"https:\/\/thucphamtienloi.com\/?product=oc-heo-tuoi#breadcrumb"},"inLanguage":"vi","potentialAction":[{"@type":"ReadAction","target":["https:\/\/thucphamtienloi.com\/?product=oc-heo-tuoi"]}]},{"@type":"ImageObject","inLanguage":"vi","@id":"https:\/\/thucphamtienloi.com\/?product=oc-heo-tuoi#primaryimage","url":"https:\/\/thucphamtienloi.com\/wp-content\/uploads\/2020\/05\/oc-heo.png","contentUrl":"https:\/\/thucphamtienloi.com\/wp-content\/uploads\/2020\/05\/oc-heo.png","width":300,"height":300,"caption":"\u00f3c heo"},{"@type":"BreadcrumbList","@id":"https:\/\/thucphamtienloi.com\/?product=oc-heo-tuoi#breadcrumb","itemListElement":[{"@type":"ListItem","position":1,"name":"Trang ch\u1ee7","item":"https:\/\/thucphamtienloi.com\/"},{"@type":"ListItem","position":2,"name":"C\u1eeda H\u00e0ng","item":"https:\/\/thucphamtienloi.com\/?page_id=3334"},{"@type":"ListItem","position":3,"name":"Th\u1ef1c Ph\u1ea9m T\u01b0\u01a1i S\u1ed1ng","item":"https:\/\/thucphamtienloi.com\/danh-muc-san-pham\/thuc-pham-tuoi-song\/"},{"@type":"ListItem","position":4,"name":"\u00d3c Heo T\u01b0\u01a1i S\u1ed1ng H\u00e0ng Ng\u00e0y"}]},{"@type":"WebSite","@id":"https:\/\/thucphamtienloi.com\/#website","url":"https:\/\/thucphamtienloi.com\/","name":"Th\u1ef1c ph\u1ea9m ti\u1ec7n l\u1ee3i","description":"\u1ea8m Th\u1ef1c Qu\u00ea H\u01b0\u01a1ng","publisher":{"@id":"https:\/\/thucphamtienloi.com\/#organization"},"potentialAction":[{"@type":"SearchAction","target":{"@type":"EntryPoint","urlTemplate":"https:\/\/thucphamtienloi.com\/?s={search_term_string}"},"query-input":{"@type":"PropertyValueSpecification","valueRequired":true,"valueName":"search_term_string"}}],"inLanguage":"vi"},{"@type":"Organization","@id":"https:\/\/thucphamtienloi.com\/#organization","name":"Th\u1ef1c ph\u1ea9m ti\u1ec7n l\u1ee3i","url":"https:\/\/thucphamtienloi.com\/","logo":{"@type":"ImageObject","inLanguage":"vi","@id":"https:\/\/thucphamtienloi.com\/#\/schema\/logo\/image\/","url":"https:\/\/thucphamtienloi.com\/wp-content\/uploads\/2022\/07\/THU\u031b\u0323C-PHA\u0302\u0309M-TIE\u0323\u0302N-LO\u031b\u0323I.png","contentUrl":"https:\/\/thucphamtienloi.com\/wp-content\/uploads\/2022\/07\/THU\u031b\u0323C-PHA\u0302\u0309M-TIE\u0323\u0302N-LO\u031b\u0323I.png","width":1920,"height":1080,"caption":"Th\u1ef1c ph\u1ea9m ti\u1ec7n l\u1ee3i"},"image":{"@id":"https:\/\/thucphamtienloi.com\/#\/schema\/logo\/image\/"}}]}},"_links":{"self":[{"href":"https:\/\/thucphamtienloi.com\/index.php?rest_route=\/wp\/v2\/product\/536","targetHints":{"allow":["GET"]}}],"collection":[{"href":"https:\/\/thucphamtienloi.com\/index.php?rest_route=\/wp\/v2\/product"}],"about":[{"href":"https:\/\/thucphamtienloi.com\/index.php?rest_route=\/wp\/v2\/types\/product"}],"replies":[{"embeddable":true,"href":"https:\/\/thucphamtienloi.com\/index.php?rest_route=%2Fwp%2Fv2%2Fcomments&post=536"}],"wp:featuredmedia":[{"embeddable":true,"href":"https:\/\/thucphamtienloi.com\/index.php?rest_route=\/wp\/v2\/media\/531"}],"wp:attachment":[{"href":"https:\/\/thucphamtienloi.com\/index.php?rest_route=%2Fwp%2Fv2%2Fmedia&parent=536"}],"wp:term":[{"taxonomy":"product_brand","embeddable":true,"href":"https:\/\/thucphamtienloi.com\/index.php?rest_route=%2Fwp%2Fv2%2Fproduct_brand&post=536"},{"taxonomy":"product_cat","embeddable":true,"href":"https:\/\/thucphamtienloi.com\/index.php?rest_route=%2Fwp%2Fv2%2Fproduct_cat&post=536"},{"taxonomy":"product_tag","embeddable":true,"href":"https:\/\/thucphamtienloi.com\/index.php?rest_route=%2Fwp%2Fv2%2Fproduct_tag&post=536"}],"curies":[{"name":"wp","href":"https:\/\/api.w.org\/{rel}","templated":true}]}}