{"id":563,"date":"2020-05-30T07:20:50","date_gmt":"2020-05-30T07:20:50","guid":{"rendered":"https:\/\/thucphamtienloi.com\/?post_type=product&#038;p=563"},"modified":"2025-10-19T16:15:32","modified_gmt":"2025-10-19T16:15:32","slug":"tuong-ban-hung-yen","status":"publish","type":"product","link":"https:\/\/thucphamtienloi.com\/?product=tuong-ban-hung-yen","title":{"rendered":"T\u01b0\u01a1ng B\u1ea7n \u0110\u1eb7c S\u1ea3n H\u01b0ng Y\u00ean"},"content":{"rendered":"<p>T\u01b0\u01a1ng b\u1ea7n trong th\u1eddi phong ki\u1ebfn l\u00e0 m\u1ed9t trong nhi\u1ec1u \u0111\u1eb7c s\u1ea3n ti\u1ebfn Vua. Ng\u00e0y nay lo\u1ea1i t\u01b0\u01a1ng n\u00e0y \u0111\u00e3 tr\u1edf th\u00e0nh \u0111\u1eb7c s\u1ea3n c\u1ee7a H\u01b0ng Y\u00ean v\u00e0 \u0111\u01b0\u1ee3c ng\u01b0\u1eddi d\u00e2n c\u1ea3 n\u01b0\u1edbc \u01b0a chu\u1ed9ng. <a href=\"https:\/\/thucphamtienloi.com\/\" target=\"_blank\" rel=\"noopener noreferrer\"><strong>Th\u1ef1c Ph\u1ea9m Ti\u1ec7n L\u1ee3i<\/strong><\/a> cung c\u1ea5p T\u01b0\u01a1ng b\u1ea7n t\u1ea1i S\u00e0i G\u00f2n v\u00e0 khu v\u1ef1c ph\u00eda Nam. Qu\u00fd kh\u00e1ch \u0111\u1eb7t mua vui l\u00f2ng li\u00ean h\u1ec7 <strong>Hotline : 0987506349<\/strong><\/p>\n<h2><strong>Gi\u1edbi thi\u1ec7u t\u01b0\u01a1ng b\u1ea7n<\/strong><\/h2>\n<p>T\u01b0\u01a1ng b\u1ea7n l\u00e0 m\u1ed9t lo\u1ea1i n\u01b0\u1edbc ch\u1ea5m \u0111\u01b0\u1ee3c l\u00e0m t\u1eeb nguy\u00ean li\u1ec7u 100% thi\u00ean nhi\u00ean. Th\u00e0nh ph\u1ea7n ch\u00ednh c\u1ee7a t\u01b0\u01a1ng g\u1ed3m : n\u1ebfp c\u00e1i hoa v\u00e0ng, \u0111\u1ed7 t\u01b0\u01a1ng v\u00e0 mu\u1ed1i. Ch\u1ec9 v\u1edbi nh\u1eefng nguy\u00ean li\u1ec7u n\u00e0y nh\u01b0ng ng\u01b0\u1eddi d\u00e2n H\u01b0ng Y\u00ean \u0111\u00e3 cho ra lo\u1ea1i n\u01b0\u1edbc ch\u1ea5m ch\u1ea5t l\u01b0\u1ee3ng h\u1ea3o h\u1ea1ng.\u00a0<\/p>\n<figure id=\"attachment_810\" aria-describedby=\"caption-attachment-810\" style=\"width: 600px\" class=\"wp-caption aligncenter\"><img loading=\"lazy\" decoding=\"async\" class=\"wp-image-810\" src=\"https:\/\/thucphamtienloi.com\/wp-content\/uploads\/2020\/05\/tuong-ban-hung-yen-1-min.jpg\" alt=\"tuong-ban-hung-yen\" width=\"600\" height=\"447\" \/><figcaption id=\"caption-attachment-810\" class=\"wp-caption-text\">T\u01b0\u01a1ng B\u1ea7n t\u1eebng l\u00e0 \u0111\u1eb7c s\u1ea3n ti\u1ebfn vua<\/figcaption><\/figure>\n<p>T\u01b0\u01a1ng c\u00f3 v\u1ecbt ng\u1ecdt th\u01a1m \u0111\u1eadm \u0111\u00e0 c\u1ee7a \u0111\u1ed7 t\u01b0\u01a1ng, g\u1ea1o n\u1ebfp ho\u00e0 quy\u1ec7n c\u00f9ng v\u1edbi v\u1ecb m\u1eb7n c\u1ee7a mu\u1ed1i. T\u01b0\u01a1ng c\u00f3 m\u00e0u v\u00e0ng t\u1ef1 nhi\u00ean r\u1ea5t b\u1eaft m\u1eaft.\u00a0<\/p>\n<p>Khi s\u1eed d\u1ee5ng, tu\u1ef3 v\u00e0o kh\u1ea9u v\u1ecb t\u1eebng gia \u0111\u00ecnh m\u00e0 c\u00f3 th\u1ec3 th\u00eam \u0111\u01b0\u1eddng, chanh, t\u1ecfi, \u1edbt \u0111\u1ec3 t\u1ea1o ra m\u1ed9t lo\u1ea1i n\u01b0\u1edbc ch\u1ea5m ngon \u0111\u00fang \u0111i\u1ec7u theo s\u1edf th\u00edch.<\/p>\n<p>C\u00f3 l\u1ebd nh\u01b0 v\u1eady m\u00e0 t\u01b0\u01a1ng b\u1ea7n \u0111\u00e3 tr\u1edf th\u00e0nh m\u1ed9t\u00a0 n\u00e9t \u0111\u1eb7c tr\u01b0ng v\u0103n ho\u00e1 \u1ea9m th\u1ef1c Vi\u1ec7t.<\/p>\n<h2><strong>C\u00e1ch ng\u01b0\u1eddi d\u00e2n H\u01b0ng Y\u00ean l\u00e0m ra t\u01b0\u01a1ng b\u1ea7n<\/strong><\/h2>\n<p>\u0110\u1ec3 l\u00e0m \u0111\u01b0\u1ee3c m\u00f3n t\u01b0\u01a1ng B\u1ea7n th\u01a1m ngon n\u1ed5i ti\u1ebfng ng\u01b0\u1eddi l\u00e0ng B\u1ea7n th\u01b0\u1eddng ch\u1ebf bi\u1ebfn qua 3 c\u00f4ng \u0111o\u1ea1n ch\u00ednh l\u00e0 l\u00ean m\u1ed1c x\u00f4i n\u1ebfp, ng\u00e3 \u0111\u1ed7 v\u00e0 \u1ee7 t\u01b0\u01a1ng.<\/p>\n<p class=\"\">\u0110\u1ea7u ti\u00ean, g\u1ea1o n\u1ebfp c\u00e1i hoa v\u00e0ng \u0111\u01b0\u1ee3c \u0111em ng\u00e2m sau \u0111\u00f3 n\u1ea5u ch\u00edn th\u00e0nh x\u00f4i. Khi x\u00f4i ch\u00edn, ng\u01b0\u1eddi d\u00e2n \u0111em x\u00f4i ra ph\u01a1i trong v\u00e0i ng\u00e0y cho x\u00f4i ng\u1ea3 m\u00e0u m\u1ed1c v\u00e0ng. \u0110\u1ed7 t\u01b0\u01a1ng l\u00e0m t\u01b0\u01a1ng \u0111\u01b0\u1ee3c rang v\u00e0ng th\u01a1m, \u0111em xay nh\u1ecf r\u1ed3i ng\u00e2m trong chum s\u00e0nh v\u1edbi n\u01b0\u1edbc cho l\u00ean m\u00e0u v\u00e0ng \u0111\u1ecf.<\/p>\n<figure id=\"attachment_811\" aria-describedby=\"caption-attachment-811\" style=\"width: 600px\" class=\"wp-caption aligncenter\"><img loading=\"lazy\" decoding=\"async\" class=\"wp-image-811\" src=\"https:\/\/thucphamtienloi.com\/wp-content\/uploads\/2020\/05\/tuong-ban-hung-yen-min.jpg\" alt=\"quy-tring-lam-tuong\" width=\"600\" height=\"421\" \/><figcaption id=\"caption-attachment-811\" class=\"wp-caption-text\">Quy tr\u00ecnh l\u00e0m t\u01b0\u01a1ng c\u1ee7a ng\u01b0\u1eddi H\u01b0ng Y\u00ean<\/figcaption><\/figure>\n<p class=\"\">C\u00f4ng \u0111o\u1ea1n ti\u1ebfp theo l\u00e0 cho m\u1ed1c c\u01a1m v\u00e0o trong chum \u0111\u1ed7 \u0111\u00e3 ng\u00e3 c\u00f9ng mu\u1ed1i tinh theo t\u1ef7 l\u1ec7 ph\u00f9 h\u1ee3p r\u1ed3i ph\u01a1i ngo\u00e0i n\u1eafng. Trong th\u1eddi gian ng\u00e2m \u1ee7 t\u01b0\u01a1ng, h\u00e0ng ng\u00e0y ng\u01b0\u1eddi l\u00e0m t\u01b0\u01a1ng s\u1ebd m\u1edf n\u1eafp chum, khu\u1ea5y \u0111\u1ec1u cho th\u00eam n\u01b0\u1edbc. Tr\u1eddi n\u1eafng th\u00ec m\u1edf n\u1eafp ph\u01a1i, tr\u1eddi m\u01b0a th\u00ec ph\u1ee7 k\u00edn mi\u1ec7ng chum b\u1eb1ng t\u00fai nilon \u0111\u1ec3 tr\u00e1nh n\u01b0\u1edbc m\u01b0a.<\/p>\n<p>N\u1eafng l\u00e0 m\u1ed9t ph\u1ea7n thu\u1ed9c y\u1ebfu t\u1ed1 b\u00ean ngo\u00e0i nh\u01b0ng c\u00f3 t\u00e1c \u0111\u1ed9ng r\u1ea5t l\u1edbn \u0111\u1ebfn th\u00e0nh c\u00f4ng c\u1ee7a m\u1ebb t\u01b0\u01a1ng B\u1ea7n. N\u1ebfu n\u1eafng c\u00e0ng to th\u00ec t\u01b0\u01a1ng c\u00e0ng s\u00e1nh, c\u00e0ng nhanh ng\u1ea5u, nhanh ch\u00edn. N\u1ebfu n\u1eafng y\u1ebfu th\u00ec t\u01b0\u01a1ng s\u1ebd \u00edt c\u00f3 m\u00f9i th\u01a1m v\u00e0 l\u00e2u ng\u1ea5u. V\u00ec th\u1ebf \u1edf l\u00e0ng B\u1ea7n t\u01b0\u01a1ng \u0111\u01b0\u1ee3c l\u00e0m nhi\u1ec1u v\u00e0o m\u00f9a h\u00e8 v\u00ec nhi\u1ec1u n\u1eafng. V\u00e0 m\u1ed9t m\u1ebb t\u01b0\u01a1ng th\u01b0\u1eddng \u0111\u01b0\u1ee3c ng\u00e2m trong kho\u1ea3ng th\u1eddi gian t\u1eeb m\u1ed9t \u0111\u1ebfn hai th\u00e1ng.\u00a0<\/p>\n<h2><strong>T\u01b0\u01a1ng \u0111\u01b0\u1ee3c s\u1eed d\u1ee5ng trong cu\u1ed9c s\u1ed1ng h\u00e0ng ng\u00e0y th\u1ebf n\u00e0o?<\/strong><\/h2>\n<p>T\u01b0\u01a1ng\u00a0 c\u00f3 th\u1ec3 v\u1eeba l\u00e0m n\u01b0\u1edbc ch\u1ea5m, v\u1eeba l\u00e0m gia v\u1ecb n\u00eam n\u1ebfm m\u00f3n \u0103n. Khi l\u00e0m n\u01b0\u1edbc ch\u1ea5m, t\u01b0\u01a1ng B\u1ea7n gia t\u0103ng h\u01b0\u01a1ng v\u1ecb \u0111\u1eadm \u0111\u00e0 cho c\u00e1c m\u00f3n \u0103n nh\u01b0 rau mu\u1ed1ng lu\u1ed9c, b\u00e1nh \u0111\u00fac, b\u00e1nh t\u1ebb, th\u1ecbt l\u1ee3n lu\u1ed9c,\u00a0 th\u1ecbt v\u1ecbt, c\u00e0 mu\u1ed1i, <a href=\"https:\/\/thucphamtienloi.com\/san-pham\/vo-bo-luoc-san\/\" target=\"_blank\" rel=\"noopener noreferrer\">v\u00f3 b\u00f2 lu\u1ed9c<\/a> &#8230;&#8230;<\/p>\n<figure id=\"attachment_654\" aria-describedby=\"caption-attachment-654\" style=\"width: 600px\" class=\"wp-caption aligncenter\"><img loading=\"lazy\" decoding=\"async\" class=\"wp-image-654\" src=\"https:\/\/thucphamtienloi.com\/wp-content\/uploads\/2020\/06\/vo-bo-cham-tuong-400x400.jpg\" alt=\"tuong-ban\" width=\"600\" height=\"600\" srcset=\"https:\/\/thucphamtienloi.com\/wp-content\/uploads\/2020\/06\/vo-bo-cham-tuong-400x400.jpg 400w, https:\/\/thucphamtienloi.com\/wp-content\/uploads\/2020\/06\/vo-bo-cham-tuong-247x247.jpg 247w, https:\/\/thucphamtienloi.com\/wp-content\/uploads\/2020\/06\/vo-bo-cham-tuong-100x100.jpg 100w, https:\/\/thucphamtienloi.com\/wp-content\/uploads\/2020\/06\/vo-bo-cham-tuong-510x510.jpg 510w, https:\/\/thucphamtienloi.com\/wp-content\/uploads\/2020\/06\/vo-bo-cham-tuong-800x800.jpg 800w, https:\/\/thucphamtienloi.com\/wp-content\/uploads\/2020\/06\/vo-bo-cham-tuong-280x280.jpg 280w, https:\/\/thucphamtienloi.com\/wp-content\/uploads\/2020\/06\/vo-bo-cham-tuong-768x768.jpg 768w, https:\/\/thucphamtienloi.com\/wp-content\/uploads\/2020\/06\/vo-bo-cham-tuong-300x300.jpg 300w, https:\/\/thucphamtienloi.com\/wp-content\/uploads\/2020\/06\/vo-bo-cham-tuong-600x600.jpg 600w, https:\/\/thucphamtienloi.com\/wp-content\/uploads\/2020\/06\/vo-bo-cham-tuong.jpg 1280w\" sizes=\"auto, (max-width: 600px) 100vw, 600px\" \/><figcaption id=\"caption-attachment-654\" class=\"wp-caption-text\">T\u01b0\u01a1ng g\u1eebng d\u00f9ng ch\u1ea5m v\u00f3 b\u00f2 lu\u1ed9c<\/figcaption><\/figure>\n<p>Khi l\u00e0m gia v\u1ecb n\u00eam n\u1ebfm m\u00f3n \u0103n, t\u01b0\u01a1ng c\u0169ng \u0111\u01b0\u1ee3c s\u1eed d\u1ee5ng nhi\u1ec1u trong c\u00e1c m\u00f3n kho x\u00e0o mang \u0111\u1ebfn h\u01b0\u01a1ng v\u1ecb \u0111\u1ed9c \u0111\u00e1o. B\u1ea1n c\u00f3 th\u1ec3 n\u1ea5u m\u00f3n c\u00e1 m\u0103ng kho t\u01b0\u01a1ng th\u01a1m ngon, th\u1ecbt b\u00f2 om t\u01b0\u01a1ng hay t\u01b0\u01a1ng rim \u0111\u1eadu, th\u1ecbt \u2026s\u1ebd r\u1ea5t ngon khi \u0103n v\u00e0o m\u00f9a \u0111\u00f4ng.<\/p>\n<h2><strong>\u0110\u1ecba ch\u1ec9 mua t\u01b0\u01a1ng b\u1ea7n \u1edf \u0111\u00e2u H\u00e0 N\u1ed9i v\u00e0 Tp HCM ?<\/strong><\/h2>\n<p>K\u00ednh m\u1eddi qu\u00fd kh\u00e1ch d\u00f9ng th\u1eed s\u1ea3n ph\u1ea9m T\u01b0\u01a1ng B\u1ea7n do <strong>Th\u1ef1c Ph\u1ea9m Ti\u1ec7n L\u1ee3i<\/strong> cung c\u1ea5p. Ch\u1eafc ch\u1eafc b\u1ea1n s\u1ebd c\u1ea3m nh\u1eadn \u0111\u01b0\u1ee3c \u0111\u1ea7y \u0111\u1ee7 h\u01b0\u01a1ng v\u1ecb c\u1ee7a lo\u1ea1i n\u01b0\u1edbc ch\u1ea5m t\u1eebng \u0111\u01b0\u1ee3c coi l\u00e0 \u0111\u1eb7c s\u1ea3n ti\u1ebfn vua n\u00e0y.<\/p>\n<p>M\u1ecdi th\u00f4ng tin chi ti\u1ebft vui l\u00f2ng li\u00ean h\u1ec7 :\u00a0<\/p>\n<p><strong>Hotline\/Zalo:<\/strong>\u00a0<strong class=\"uppercase\">0987.506.349<\/strong><\/p>\n<p><strong>\u0110\u1ecba ch\u1ec9 c\u1eeda h\u00e0ng :\u00a0<\/strong><\/p>\n<p><strong>T\u1ea1i S\u00e0i G\u00f2n:<\/strong>\u00a0184\/17 Nguy\u1ec5n Ph\u00fac Chu, P15, Q. T\u00e2n B\u00ecnh , TP HCM (vui l\u00f2ng g\u1ecdi tr\u01b0\u1edbc khi \u0111\u1ebfn)<\/p>\n<p><strong>T\u1ea1i H\u00e0 N\u1ed9i\u00a0 :\u00a0\u00a0<\/strong>PH\u00f2ng 2817,Chung c\u01b0 349,V\u0169 T\u00f4ng Phan,Thanh Xu\u00e2n, H\u00e0 N\u1ed9i (vui l\u00f2ng g\u1ecdi tr\u01b0\u1edbc khi \u0111\u1ebfn)<strong><br \/>\n<\/strong><br \/>\n<strong>Facebook: <a href=\"https:\/\/www.facebook.com\/cuahang3mien\/\">facebook.com\/cuahang3mien<\/a><\/strong><\/p>\n","protected":false},"excerpt":{"rendered":"<p>T\u01b0\u01a1ng b\u1ea7n trong th\u1eddi phong ki\u1ebfn l\u00e0 m\u1ed9t trong nhi\u1ec1u \u0111\u1eb7c s\u1ea3n ti\u1ebfn Vua. Ng\u00e0y nay lo\u1ea1i t\u01b0\u01a1ng n\u00e0y \u0111\u00e3 tr\u1edf th\u00e0nh \u0111\u1eb7c s\u1ea3n c\u1ee7a H\u01b0ng Y\u00ean v\u00e0 \u0111\u01b0\u1ee3c ng\u01b0\u1eddi d\u00e2n c\u1ea3 n\u01b0\u1edbc \u01b0a chu\u1ed9ng. Th\u1ef1c Ph\u1ea9m Ti\u1ec7n L\u1ee3i cung c\u1ea5p T\u01b0\u01a1ng b\u1ea7n t\u1ea1i S\u00e0i G\u00f2n v\u00e0 khu v\u1ef1c ph\u00eda Nam. Qu\u00fd kh\u00e1ch \u0111\u1eb7t mua [&#8230;]\n","protected":false},"featured_media":560,"comment_status":"closed","ping_status":"closed","template":"","meta":[],"product_brand":[],"product_cat":[68,78],"product_tag":[226,227,228,229,230,231],"class_list":{"0":"post-563","1":"product","2":"type-product","3":"status-publish","4":"has-post-thumbnail","6":"product_cat-dac-san-mien-bac","7":"product_cat-do-kho-gia-vi","8":"product_tag-tuong-ban","9":"product_tag-tuong-ban-hung-yen","10":"product_tag-cua-hang-ban-tuong-ban-tai-sai-gon","11":"product_tag-mua-tuong-ban-tai-tp-hcm","12":"product_tag-tuong-ban-tai-go-vap","13":"product_tag-tuong-ban-tai-tan-binh","15":"first","16":"instock","17":"shipping-taxable","18":"purchasable","19":"product-type-simple"},"yoast_head":"<!-- This site is optimized with the Yoast SEO plugin v27.4 - https:\/\/yoast.com\/product\/yoast-seo-wordpress\/ -->\n<title>T\u01b0\u01a1ng B\u1ea7n \u0110\u1eb7c S\u1ea3n H\u01b0ng Y\u00ean - \u1ea8M TH\u1ef0C BA MI\u1ec0N<\/title>\n<meta name=\"description\" content=\"Th\u1ef1c Ph\u1ea9m Ti\u1ec7n L\u1ee3i cung c\u1ea5p T\u01b0\u01a1ng B\u1ea7n H\u01b0ng Y\u00ean t\u1ea1i S\u00e0i G\u00f2n v\u00e0 khu v\u1ef1c ph\u00eda Nam. Qu\u00fd kh\u00e1ch \u0111\u1eb7t mua vui l\u00f2ng li\u00ean h\u1ec7 Hotline : 0987506349\" \/>\n<meta name=\"robots\" content=\"index, follow, max-snippet:-1, max-image-preview:large, max-video-preview:-1\" \/>\n<link rel=\"canonical\" href=\"https:\/\/thucphamtienloi.com\/?product=tuong-ban-hung-yen\" \/>\n<meta property=\"og:locale\" content=\"vi_VN\" \/>\n<meta property=\"og:type\" content=\"article\" \/>\n<meta property=\"og:title\" content=\"T\u01b0\u01a1ng B\u1ea7n \u0110\u1eb7c S\u1ea3n H\u01b0ng Y\u00ean - \u1ea8M TH\u1ef0C BA MI\u1ec0N\" \/>\n<meta property=\"og:description\" content=\"Th\u1ef1c Ph\u1ea9m Ti\u1ec7n L\u1ee3i cung c\u1ea5p T\u01b0\u01a1ng B\u1ea7n H\u01b0ng Y\u00ean t\u1ea1i S\u00e0i G\u00f2n v\u00e0 khu v\u1ef1c ph\u00eda Nam. Qu\u00fd kh\u00e1ch \u0111\u1eb7t mua vui l\u00f2ng li\u00ean h\u1ec7 Hotline : 0987506349\" \/>\n<meta property=\"og:url\" content=\"https:\/\/thucphamtienloi.com\/?product=tuong-ban-hung-yen\" \/>\n<meta property=\"og:site_name\" content=\"\u1ea8M TH\u1ef0C BA MI\u1ec0N\" \/>\n<meta property=\"article:modified_time\" content=\"2025-10-19T16:15:32+00:00\" \/>\n<meta property=\"og:image\" content=\"https:\/\/thucphamtienloi.com\/wp-content\/uploads\/2020\/05\/tuong-ban.png\" \/>\n\t<meta property=\"og:image:width\" content=\"300\" \/>\n\t<meta property=\"og:image:height\" content=\"300\" \/>\n\t<meta property=\"og:image:type\" content=\"image\/png\" \/>\n<meta name=\"twitter:card\" content=\"summary_large_image\" \/>\n<meta name=\"twitter:label1\" content=\"\u01af\u1edbc t\u00ednh th\u1eddi gian \u0111\u1ecdc\" \/>\n\t<meta name=\"twitter:data1\" content=\"5 ph\u00fat\" \/>\n<script type=\"application\/ld+json\" class=\"yoast-schema-graph\">{\"@context\":\"https:\\\/\\\/schema.org\",\"@graph\":[{\"@type\":[\"WebPage\",\"ItemPage\"],\"@id\":\"https:\\\/\\\/thucphamtienloi.com\\\/?product=tuong-ban-hung-yen\",\"url\":\"https:\\\/\\\/thucphamtienloi.com\\\/?product=tuong-ban-hung-yen\",\"name\":\"T\u01b0\u01a1ng B\u1ea7n \u0110\u1eb7c S\u1ea3n H\u01b0ng Y\u00ean - \u1ea8M TH\u1ef0C BA MI\u1ec0N\",\"isPartOf\":{\"@id\":\"https:\\\/\\\/thucphamtienloi.com\\\/#website\"},\"primaryImageOfPage\":{\"@id\":\"https:\\\/\\\/thucphamtienloi.com\\\/?product=tuong-ban-hung-yen#primaryimage\"},\"image\":{\"@id\":\"https:\\\/\\\/thucphamtienloi.com\\\/?product=tuong-ban-hung-yen#primaryimage\"},\"thumbnailUrl\":\"https:\\\/\\\/thucphamtienloi.com\\\/wp-content\\\/uploads\\\/2020\\\/05\\\/tuong-ban.png\",\"datePublished\":\"2020-05-30T07:20:50+00:00\",\"dateModified\":\"2025-10-19T16:15:32+00:00\",\"description\":\"Th\u1ef1c Ph\u1ea9m Ti\u1ec7n L\u1ee3i cung c\u1ea5p T\u01b0\u01a1ng B\u1ea7n H\u01b0ng Y\u00ean t\u1ea1i S\u00e0i G\u00f2n v\u00e0 khu v\u1ef1c ph\u00eda Nam. Qu\u00fd kh\u00e1ch \u0111\u1eb7t mua vui l\u00f2ng li\u00ean h\u1ec7 Hotline : 0987506349\",\"breadcrumb\":{\"@id\":\"https:\\\/\\\/thucphamtienloi.com\\\/?product=tuong-ban-hung-yen#breadcrumb\"},\"inLanguage\":\"vi\",\"potentialAction\":[{\"@type\":\"ReadAction\",\"target\":[\"https:\\\/\\\/thucphamtienloi.com\\\/?product=tuong-ban-hung-yen\"]}]},{\"@type\":\"ImageObject\",\"inLanguage\":\"vi\",\"@id\":\"https:\\\/\\\/thucphamtienloi.com\\\/?product=tuong-ban-hung-yen#primaryimage\",\"url\":\"https:\\\/\\\/thucphamtienloi.com\\\/wp-content\\\/uploads\\\/2020\\\/05\\\/tuong-ban.png\",\"contentUrl\":\"https:\\\/\\\/thucphamtienloi.com\\\/wp-content\\\/uploads\\\/2020\\\/05\\\/tuong-ban.png\",\"width\":300,\"height\":300,\"caption\":\"t\u01b0\u01a1ng b\u1ea7n\"},{\"@type\":\"BreadcrumbList\",\"@id\":\"https:\\\/\\\/thucphamtienloi.com\\\/?product=tuong-ban-hung-yen#breadcrumb\",\"itemListElement\":[{\"@type\":\"ListItem\",\"position\":1,\"name\":\"Trang ch\u1ee7\",\"item\":\"https:\\\/\\\/thucphamtienloi.com\\\/\"},{\"@type\":\"ListItem\",\"position\":2,\"name\":\"C\u1eeda H\u00e0ng\",\"item\":\"https:\\\/\\\/thucphamtienloi.com\\\/?page_id=3334\"},{\"@type\":\"ListItem\",\"position\":3,\"name\":\"\u0110\u1eb7c S\u1ea3n Mi\u1ec1n B\u1eafc\",\"item\":\"https:\\\/\\\/thucphamtienloi.com\\\/danh-muc-san-pham\\\/dac-san-mien-bac\\\/\"},{\"@type\":\"ListItem\",\"position\":4,\"name\":\"T\u01b0\u01a1ng B\u1ea7n \u0110\u1eb7c S\u1ea3n H\u01b0ng Y\u00ean\"}]},{\"@type\":\"WebSite\",\"@id\":\"https:\\\/\\\/thucphamtienloi.com\\\/#website\",\"url\":\"https:\\\/\\\/thucphamtienloi.com\\\/\",\"name\":\"Th\u1ef1c ph\u1ea9m ti\u1ec7n l\u1ee3i\",\"description\":\"\u1ea8m Th\u1ef1c Qu\u00ea H\u01b0\u01a1ng\",\"publisher\":{\"@id\":\"https:\\\/\\\/thucphamtienloi.com\\\/#organization\"},\"potentialAction\":[{\"@type\":\"SearchAction\",\"target\":{\"@type\":\"EntryPoint\",\"urlTemplate\":\"https:\\\/\\\/thucphamtienloi.com\\\/?s={search_term_string}\"},\"query-input\":{\"@type\":\"PropertyValueSpecification\",\"valueRequired\":true,\"valueName\":\"search_term_string\"}}],\"inLanguage\":\"vi\"},{\"@type\":\"Organization\",\"@id\":\"https:\\\/\\\/thucphamtienloi.com\\\/#organization\",\"name\":\"Th\u1ef1c ph\u1ea9m ti\u1ec7n l\u1ee3i\",\"url\":\"https:\\\/\\\/thucphamtienloi.com\\\/\",\"logo\":{\"@type\":\"ImageObject\",\"inLanguage\":\"vi\",\"@id\":\"https:\\\/\\\/thucphamtienloi.com\\\/#\\\/schema\\\/logo\\\/image\\\/\",\"url\":\"https:\\\/\\\/thucphamtienloi.com\\\/wp-content\\\/uploads\\\/2022\\\/07\\\/THU\u031b\u0323C-PHA\u0302\u0309M-TIE\u0323\u0302N-LO\u031b\u0323I.png\",\"contentUrl\":\"https:\\\/\\\/thucphamtienloi.com\\\/wp-content\\\/uploads\\\/2022\\\/07\\\/THU\u031b\u0323C-PHA\u0302\u0309M-TIE\u0323\u0302N-LO\u031b\u0323I.png\",\"width\":1920,\"height\":1080,\"caption\":\"Th\u1ef1c ph\u1ea9m ti\u1ec7n l\u1ee3i\"},\"image\":{\"@id\":\"https:\\\/\\\/thucphamtienloi.com\\\/#\\\/schema\\\/logo\\\/image\\\/\"}}]}<\/script>\n<!-- \/ Yoast SEO plugin. -->","yoast_head_json":{"title":"T\u01b0\u01a1ng B\u1ea7n \u0110\u1eb7c S\u1ea3n H\u01b0ng Y\u00ean - \u1ea8M TH\u1ef0C BA MI\u1ec0N","description":"Th\u1ef1c Ph\u1ea9m Ti\u1ec7n L\u1ee3i cung c\u1ea5p T\u01b0\u01a1ng B\u1ea7n H\u01b0ng Y\u00ean t\u1ea1i S\u00e0i G\u00f2n v\u00e0 khu v\u1ef1c ph\u00eda Nam. Qu\u00fd kh\u00e1ch \u0111\u1eb7t mua vui l\u00f2ng li\u00ean h\u1ec7 Hotline : 0987506349","robots":{"index":"index","follow":"follow","max-snippet":"max-snippet:-1","max-image-preview":"max-image-preview:large","max-video-preview":"max-video-preview:-1"},"canonical":"https:\/\/thucphamtienloi.com\/?product=tuong-ban-hung-yen","og_locale":"vi_VN","og_type":"article","og_title":"T\u01b0\u01a1ng B\u1ea7n \u0110\u1eb7c S\u1ea3n H\u01b0ng Y\u00ean - \u1ea8M TH\u1ef0C BA MI\u1ec0N","og_description":"Th\u1ef1c Ph\u1ea9m Ti\u1ec7n L\u1ee3i cung c\u1ea5p T\u01b0\u01a1ng B\u1ea7n H\u01b0ng Y\u00ean t\u1ea1i S\u00e0i G\u00f2n v\u00e0 khu v\u1ef1c ph\u00eda Nam. Qu\u00fd kh\u00e1ch \u0111\u1eb7t mua vui l\u00f2ng li\u00ean h\u1ec7 Hotline : 0987506349","og_url":"https:\/\/thucphamtienloi.com\/?product=tuong-ban-hung-yen","og_site_name":"\u1ea8M TH\u1ef0C BA MI\u1ec0N","article_modified_time":"2025-10-19T16:15:32+00:00","og_image":[{"width":300,"height":300,"url":"https:\/\/thucphamtienloi.com\/wp-content\/uploads\/2020\/05\/tuong-ban.png","type":"image\/png"}],"twitter_card":"summary_large_image","twitter_misc":{"\u01af\u1edbc t\u00ednh th\u1eddi gian \u0111\u1ecdc":"5 ph\u00fat"},"schema":{"@context":"https:\/\/schema.org","@graph":[{"@type":["WebPage","ItemPage"],"@id":"https:\/\/thucphamtienloi.com\/?product=tuong-ban-hung-yen","url":"https:\/\/thucphamtienloi.com\/?product=tuong-ban-hung-yen","name":"T\u01b0\u01a1ng B\u1ea7n \u0110\u1eb7c S\u1ea3n H\u01b0ng Y\u00ean - \u1ea8M TH\u1ef0C BA MI\u1ec0N","isPartOf":{"@id":"https:\/\/thucphamtienloi.com\/#website"},"primaryImageOfPage":{"@id":"https:\/\/thucphamtienloi.com\/?product=tuong-ban-hung-yen#primaryimage"},"image":{"@id":"https:\/\/thucphamtienloi.com\/?product=tuong-ban-hung-yen#primaryimage"},"thumbnailUrl":"https:\/\/thucphamtienloi.com\/wp-content\/uploads\/2020\/05\/tuong-ban.png","datePublished":"2020-05-30T07:20:50+00:00","dateModified":"2025-10-19T16:15:32+00:00","description":"Th\u1ef1c Ph\u1ea9m Ti\u1ec7n L\u1ee3i cung c\u1ea5p T\u01b0\u01a1ng B\u1ea7n H\u01b0ng Y\u00ean t\u1ea1i S\u00e0i G\u00f2n v\u00e0 khu v\u1ef1c ph\u00eda Nam. Qu\u00fd kh\u00e1ch \u0111\u1eb7t mua vui l\u00f2ng li\u00ean h\u1ec7 Hotline : 0987506349","breadcrumb":{"@id":"https:\/\/thucphamtienloi.com\/?product=tuong-ban-hung-yen#breadcrumb"},"inLanguage":"vi","potentialAction":[{"@type":"ReadAction","target":["https:\/\/thucphamtienloi.com\/?product=tuong-ban-hung-yen"]}]},{"@type":"ImageObject","inLanguage":"vi","@id":"https:\/\/thucphamtienloi.com\/?product=tuong-ban-hung-yen#primaryimage","url":"https:\/\/thucphamtienloi.com\/wp-content\/uploads\/2020\/05\/tuong-ban.png","contentUrl":"https:\/\/thucphamtienloi.com\/wp-content\/uploads\/2020\/05\/tuong-ban.png","width":300,"height":300,"caption":"t\u01b0\u01a1ng b\u1ea7n"},{"@type":"BreadcrumbList","@id":"https:\/\/thucphamtienloi.com\/?product=tuong-ban-hung-yen#breadcrumb","itemListElement":[{"@type":"ListItem","position":1,"name":"Trang ch\u1ee7","item":"https:\/\/thucphamtienloi.com\/"},{"@type":"ListItem","position":2,"name":"C\u1eeda H\u00e0ng","item":"https:\/\/thucphamtienloi.com\/?page_id=3334"},{"@type":"ListItem","position":3,"name":"\u0110\u1eb7c S\u1ea3n Mi\u1ec1n B\u1eafc","item":"https:\/\/thucphamtienloi.com\/danh-muc-san-pham\/dac-san-mien-bac\/"},{"@type":"ListItem","position":4,"name":"T\u01b0\u01a1ng B\u1ea7n \u0110\u1eb7c S\u1ea3n H\u01b0ng Y\u00ean"}]},{"@type":"WebSite","@id":"https:\/\/thucphamtienloi.com\/#website","url":"https:\/\/thucphamtienloi.com\/","name":"Th\u1ef1c ph\u1ea9m ti\u1ec7n l\u1ee3i","description":"\u1ea8m Th\u1ef1c Qu\u00ea H\u01b0\u01a1ng","publisher":{"@id":"https:\/\/thucphamtienloi.com\/#organization"},"potentialAction":[{"@type":"SearchAction","target":{"@type":"EntryPoint","urlTemplate":"https:\/\/thucphamtienloi.com\/?s={search_term_string}"},"query-input":{"@type":"PropertyValueSpecification","valueRequired":true,"valueName":"search_term_string"}}],"inLanguage":"vi"},{"@type":"Organization","@id":"https:\/\/thucphamtienloi.com\/#organization","name":"Th\u1ef1c ph\u1ea9m ti\u1ec7n l\u1ee3i","url":"https:\/\/thucphamtienloi.com\/","logo":{"@type":"ImageObject","inLanguage":"vi","@id":"https:\/\/thucphamtienloi.com\/#\/schema\/logo\/image\/","url":"https:\/\/thucphamtienloi.com\/wp-content\/uploads\/2022\/07\/THU\u031b\u0323C-PHA\u0302\u0309M-TIE\u0323\u0302N-LO\u031b\u0323I.png","contentUrl":"https:\/\/thucphamtienloi.com\/wp-content\/uploads\/2022\/07\/THU\u031b\u0323C-PHA\u0302\u0309M-TIE\u0323\u0302N-LO\u031b\u0323I.png","width":1920,"height":1080,"caption":"Th\u1ef1c ph\u1ea9m ti\u1ec7n l\u1ee3i"},"image":{"@id":"https:\/\/thucphamtienloi.com\/#\/schema\/logo\/image\/"}}]}},"_links":{"self":[{"href":"https:\/\/thucphamtienloi.com\/index.php?rest_route=\/wp\/v2\/product\/563","targetHints":{"allow":["GET"]}}],"collection":[{"href":"https:\/\/thucphamtienloi.com\/index.php?rest_route=\/wp\/v2\/product"}],"about":[{"href":"https:\/\/thucphamtienloi.com\/index.php?rest_route=\/wp\/v2\/types\/product"}],"replies":[{"embeddable":true,"href":"https:\/\/thucphamtienloi.com\/index.php?rest_route=%2Fwp%2Fv2%2Fcomments&post=563"}],"wp:featuredmedia":[{"embeddable":true,"href":"https:\/\/thucphamtienloi.com\/index.php?rest_route=\/wp\/v2\/media\/560"}],"wp:attachment":[{"href":"https:\/\/thucphamtienloi.com\/index.php?rest_route=%2Fwp%2Fv2%2Fmedia&parent=563"}],"wp:term":[{"taxonomy":"product_brand","embeddable":true,"href":"https:\/\/thucphamtienloi.com\/index.php?rest_route=%2Fwp%2Fv2%2Fproduct_brand&post=563"},{"taxonomy":"product_cat","embeddable":true,"href":"https:\/\/thucphamtienloi.com\/index.php?rest_route=%2Fwp%2Fv2%2Fproduct_cat&post=563"},{"taxonomy":"product_tag","embeddable":true,"href":"https:\/\/thucphamtienloi.com\/index.php?rest_route=%2Fwp%2Fv2%2Fproduct_tag&post=563"}],"curies":[{"name":"wp","href":"https:\/\/api.w.org\/{rel}","templated":true}]}}