{"id":567,"date":"2020-05-30T07:24:34","date_gmt":"2020-05-30T07:24:34","guid":{"rendered":"https:\/\/thucphamtienloi.com\/?post_type=product&#038;p=567"},"modified":"2025-10-19T16:15:30","modified_gmt":"2025-10-19T16:15:30","slug":"cha-com-ha-noi","status":"publish","type":"product","link":"https:\/\/thucphamtienloi.com\/?product=cha-com-ha-noi","title":{"rendered":"Ch\u1ea3 C\u1ed1m H\u00e0 N\u1ed9i"},"content":{"rendered":"<p><strong>Ch\u1ea3 C\u1ed1m H\u00e0 N\u1ed9i<\/strong> l\u00e0 m\u00f3n \u0103n r\u1ea5t \u0111\u1eb7c bi\u1ec7t. \u00d4ng b\u00e0 ta \u0111\u00e3 k\u1ebft h\u1ee3p c\u1ed1m gi\u00f2 s\u1ed1ng, th\u1ecbt b\u1eb1m v\u00e0 gia v\u1ecb \u0111\u1ec3 t\u1ea1o n\u00ean. B\u1ea1n \u0111ang mu\u1ed1n th\u01b0\u1edfng th\u1ee9c h\u01b0\u01a1ng v\u1ecb c\u1ee7a m\u00f3n \u0103n \u0111\u1eadm ch\u1ea5t Mi\u1ec1n B\u1eafc n\u00e0y. H\u00e3y g\u1ecdi ngay <strong>Hotline :<\/strong> <strong class=\"uppercase\">0987.506.349. <\/strong>L\u00e0 b\u1ea1n \u0111\u00e3 \u0111\u1eb7t h\u00e0ng th\u00e0nh c\u00f4ng r\u1ed3i \u0111\u00f3.<\/p>\n<p>Ch\u1ea3 c\u1ed1m l\u00e0 m\u1ed9t m\u00f3n \u0103n n\u1ed5i ti\u1ebfng trong th\u1ebf gi\u1edbi \u1ea9m th\u1ef1c tinh t\u1ebf c\u1ee7a H\u00e0 N\u1ed9i v\u00e0 l\u00e0 m\u1ed9t trong nh\u1eefng m\u00f3n \u0103n kh\u00f4ng th\u1ec3 thi\u1ebfu tr\u00ean m\u00e2m c\u01a1m ng\u01b0\u1eddi d\u00e2n th\u1ee7 \u0111\u00f4 m\u1ed7i \u0111\u1ed9 thu v\u1ec1. Mi\u1ebfng ch\u1ea3 c\u1ed1m H\u00e0 N\u1ed9i s\u1ebd c\u00f3 v\u1ecb ng\u1ecdt \u0111\u1eadm \u0111\u00e0 c\u1ee7a th\u1ecbt, v\u1ecb d\u1ebbo th\u01a1m c\u1ee7a h\u1ea1t c\u1ed1m b\u00ean trong v\u00e0 v\u1ecb gi\u00f2n x\u1ed1p v\u00e0ng r\u1ed9m c\u1ee7a l\u1edbp v\u1ecf b\u00ean ngo\u00e0i. C\u00f3 l\u1ebd ch\u00ednh v\u00ec v\u1eady m\u00e0 t\u1eeb l\u00e2u ch\u1ea3 c\u1ed1m lu\u00f4n l\u00e0 m\u00f3n \u0103n \u0111\u01b0\u1ee3c m\u1ecdi ng\u01b0\u1eddi \u01b0a th\u00edch v\u00e0 nh\u1edb nhung v\u00e0o m\u00f9a c\u1ed1m v\u1ec1.<\/p>\n<figure id=\"attachment_732\" aria-describedby=\"caption-attachment-732\" style=\"width: 600px\" class=\"wp-caption aligncenter\"><img loading=\"lazy\" decoding=\"async\" class=\"wp-image-732\" src=\"https:\/\/thucphamtienloi.com\/wp-content\/uploads\/2020\/05\/cha-com-ha-noi.jpg\" alt=\"\" width=\"600\" height=\"410\" srcset=\"https:\/\/thucphamtienloi.com\/wp-content\/uploads\/2020\/05\/cha-com-ha-noi.jpg 546w, https:\/\/thucphamtienloi.com\/wp-content\/uploads\/2020\/05\/cha-com-ha-noi-510x348.jpg 510w\" sizes=\"auto, (max-width: 600px) 100vw, 600px\" \/><figcaption id=\"caption-attachment-732\" class=\"wp-caption-text\">H\u1ea1t c\u1ed1m b\u00ean trong v\u00e0 v\u1ecb gi\u00f2n x\u1ed1p v\u00e0ng r\u1ed9m c\u1ee7a l\u1edbp v\u1ecf b\u00ean ngo\u00e0i<\/figcaption><\/figure>\n<p>&nbsp;<\/p>\n<p>Ch\u1ea3 c\u1ed1m th\u01b0\u1eddng \u0111\u01b0\u1ee3c ng\u01b0\u1eddi d\u00e2n H\u00e0 N\u1ed9i \u0103n chung v\u1edbi b\u00fan l\u00e1, \u0111\u1eadu h\u0169 chi\u00ean gi\u00f2n, m\u1eafm t\u00f4m, n\u00f3 mang \u0111\u1ebfn s\u1ef1 k\u1ebft h\u1ee3p h\u00e0i h\u00f2a v\u00e0 ngon mi\u1ec7ng cho th\u1ef1c kh\u00e1ch. Khi th\u01b0\u1edfng th\u1ee9c \u1edf \u0111\u00e2u, b\u1ea1n c\u0169ng c\u1ea3m nh\u1eadn \u0111\u01b0\u1ee3c c\u00e1i h\u1ed3n c\u1ee7a m\u00f3n \u0103n r\u1ea5t \u0111\u1eadm ch\u1ea5t h\u01b0\u01a1ng v\u1ecb H\u00e0 th\u00e0nh kh\u00f3 di\u1ec5n t\u1ea3.<\/p>\n<h2><strong>C\u00f3 bao nhi\u00eau c\u01a1 s\u1edf kinh doanh ch\u1ea3 c\u1ed1m?<\/strong><\/h2>\n<p>Hi\u1ec7n nay tr\u00ean th\u1ecb tr\u01b0\u1eddng c\u00f3 r\u1ea5t nhi\u1ec1u c\u01a1 s\u1edf s\u1ea3n xu\u1ea5t ch\u1ea3 c\u1ed1m v\u1edbi m\u1eabu m\u00e3, ch\u1ea5t l\u01b0\u1ee3ng v\u00e0 gi\u00e1 c\u1ea3 kh\u00e1c nhau. V\u1ec1 c\u01a1 b\u1ea3n, ch\u1ea3 c\u1ed1m \u0111\u01b0\u1ee3c s\u1ea3n xu\u1ea5t b\u1edfi nh\u1eefng nguy\u00ean li\u1ec7u sau: th\u1ecbt heo, c\u1ed1m v\u00e0 gia v\u1ecb (c\u00f4ng th\u1ee9c kh\u00e1c nhau t\u00f9y t\u1eebng c\u01a1 s\u1edf s\u1ea3n xu\u1ea5t), do \u0111\u00f3 gi\u00e1 ch\u1ea3 c\u1ed1m h\u00ecnh th\u00e0nh d\u1ef1a tr\u00ean gi\u00e1 c\u1ee7a nh\u1eefng nguy\u00ean li\u1ec7u n\u00e0y. V\u1edbi nh\u1eefng c\u01a1 s\u1edf l\u1ef1a ch\u1ecdn c\u1ea1nh tranh v\u1ec1 gi\u00e1 th\u00ec ch\u1ea5t l\u01b0\u1ee3ng nguy\u00ean li\u1ec7u \u0111\u1ea7u v\u00e0o c\u00f3 th\u1ec3 k\u00e9m h\u01a1n v\u1edbi nh\u1eefng c\u01a1 s\u1edf kh\u00e1c.<\/p>\n<ul>\n<li>Ch\u1ea3 c\u1ed1m H\u00e0 N\u1ed9i c\u00f3 r\u1ea5t nhi\u1ec1u c\u01a1 s\u1edf s\u1ea3n xu\u1ea5t, m\u1ed7i c\u01a1 s\u1edf l\u1ef1a ch\u1ecdn nguy\u00ean li\u1ec7u \u0111\u1ea7u v\u00e0o kh\u00e1c nhau (th\u1ecbt heo, c\u1ed1m) n\u00ean ch\u1ea5t l\u01b0\u1ee3ng c\u00e1c s\u1ea3n ph\u1ea9m kh\u00e1c nhau<\/li>\n<li>Gia v\u1ecb c\u1ee7a c\u00e1c c\u01a1 s\u1edf s\u1ea3n xu\u1ea5t kh\u00e1c nhau. \u0110\u00e2y l\u00e0 b\u00ed quy\u1ebft kinh doanh gia truy\u1ec1n c\u1ee7a c\u00e1c c\u01a1 s\u1edf, do \u0111\u00f3 v\u1ecb ch\u1ea3 c\u1ed1m c\u1ee7a c\u00e1c c\u01a1 s\u1edf l\u00e0 kh\u00e1c nhau<\/li>\n<\/ul>\n<figure id=\"attachment_731\" aria-describedby=\"caption-attachment-731\" style=\"width: 600px\" class=\"wp-caption aligncenter\"><img loading=\"lazy\" decoding=\"async\" class=\"wp-image-731\" src=\"https:\/\/thucphamtienloi.com\/wp-content\/uploads\/2020\/05\/cha-com-ha-noi-1.jpg\" alt=\"\" width=\"600\" height=\"370\" srcset=\"https:\/\/thucphamtienloi.com\/wp-content\/uploads\/2020\/05\/cha-com-ha-noi-1.jpg 600w, https:\/\/thucphamtienloi.com\/wp-content\/uploads\/2020\/05\/cha-com-ha-noi-1-510x315.jpg 510w\" sizes=\"auto, (max-width: 600px) 100vw, 600px\" \/><figcaption id=\"caption-attachment-731\" class=\"wp-caption-text\">Ch\u1ea3 c\u1ed1m c\u00f3 nhi\u1ec1u m\u1eabu m\u00e3 kh\u00e1c nhau<\/figcaption><\/figure>\n<h2><strong>\u0110\u1ecba ch\u1ec9 mua Ch\u1ea3 c\u1ed1m H\u00e0 N\u1ed9i \u1edf \u0111\u00e2u Tp HCM?<\/strong><\/h2>\n<p><strong>Hotline\/Zalo:<\/strong>\u00a0<strong>0987.506.349<\/strong><\/p>\n<p><strong>\u0110\u1ecba ch\u1ec9 c\u1eeda h\u00e0ng :\u00a0<\/strong><\/p>\n<p><strong>T\u1ea1i S\u00e0i G\u00f2n:<\/strong>\u00a0184\/17 Nguy\u1ec5n Ph\u00fac Chu, P15, Q. T\u00e2n B\u00ecnh , TP HCM (vui l\u00f2ng g\u1ecdi tr\u01b0\u1edbc khi \u0111\u1ebfn)<\/p>\n<p><strong>T\u1ea1i H\u00e0 N\u1ed9i\u00a0:\u00a0<\/strong>Chung c\u01b0 349, V\u0169 T\u00f4ng Phan, Thanh Xu\u00e2n, H\u00e0 N\u1ed9i (vui l\u00f2ng g\u1ecdi tr\u01b0\u1edbc khi \u0111\u1ebfn)<br \/>\n<strong>Facebook:\u00a0<a href=\"https:\/\/www.facebook.com\/thucphamtienloiFB\">TH\u1ef0C PH\u1ea8M TI\u1ec6N L\u1ee2I<\/a><\/strong><\/p>\n","protected":false},"excerpt":{"rendered":"<p><strong>Ch\u1ea3 C\u1ed1m H\u00e0 N\u1ed9i<\/strong> l\u00e0 m\u00f3n \u0103n r\u1ea5t \u0111\u1eb7c bi\u1ec7t. \u00d4ng b\u00e0 ta \u0111\u00e3 k\u1ebft h\u1ee3p c\u1ed1m gi\u00f2 s\u1ed1ng, th\u1ecbt b\u1eb1m v\u00e0 gia v\u1ecb \u0111\u1ec3 t\u1ea1o n\u00ean. B\u1ea1n \u0111ang mu\u1ed1n th\u01b0\u1edfng th\u1ee9c h\u01b0\u01a1ng v\u1ecb c\u1ee7a m\u00f3n \u0103n \u0111\u1eadm ch\u1ea5t Mi\u1ec1n B\u1eafc n\u00e0y. H\u00e3y g\u1ecdi ngay <strong>Hotline :<\/strong> <strong class=\"uppercase\">0987.506.349<\/strong><\/p>\n<p>&nbsp;<\/p>\n","protected":false},"featured_media":553,"comment_status":"closed","ping_status":"closed","template":"","meta":[],"product_brand":[],"product_cat":[68],"product_tag":[190,191,192,193],"class_list":{"0":"post-567","1":"product","2":"type-product","3":"status-publish","4":"has-post-thumbnail","6":"product_cat-dac-san-mien-bac","7":"product_tag-cha-com","8":"product_tag-cha-com-ha-noi","9":"product_tag-cua-hang-ban-cha-com-o-sai-gon","10":"product_tag-cua-hang-ban-cha-com-o-tp-hcm","12":"first","13":"instock","14":"shipping-taxable","15":"purchasable","16":"product-type-simple"},"yoast_head":"<!-- This site is optimized with the Yoast SEO plugin v27.4 - https:\/\/yoast.com\/product\/yoast-seo-wordpress\/ -->\n<title>Ch\u1ea3 C\u1ed1m H\u00e0 N\u1ed9i - \u1ea8M TH\u1ef0C BA MI\u1ec0N<\/title>\n<meta name=\"description\" content=\"Ch\u1ea3 C\u1ed1m H\u00e0 N\u1ed9i l\u00e0 m\u00f3n \u0103n r\u1ea5t \u0111\u1eb7c bi\u1ec7t. \u00d4ng b\u00e0 ta \u0111\u00e3 k\u1ebft h\u1ee3p c\u1ed1m gi\u00f2 s\u1ed1ng, th\u1ecbt b\u1eb1m v\u00e0 gia v\u1ecb \u0111\u1ec3 t\u1ea1o n\u00ean h\u01b0\u01a1ng v\u1ecb \u0111\u1eb7c bi\u1ec7t \u0111\u00f3.\" \/>\n<meta name=\"robots\" content=\"index, follow, max-snippet:-1, max-image-preview:large, max-video-preview:-1\" \/>\n<link rel=\"canonical\" href=\"https:\/\/thucphamtienloi.com\/?product=cha-com-ha-noi\" \/>\n<meta property=\"og:locale\" content=\"vi_VN\" \/>\n<meta property=\"og:type\" content=\"article\" \/>\n<meta property=\"og:title\" content=\"Ch\u1ea3 C\u1ed1m H\u00e0 N\u1ed9i - \u1ea8M TH\u1ef0C BA MI\u1ec0N\" \/>\n<meta property=\"og:description\" content=\"Ch\u1ea3 C\u1ed1m H\u00e0 N\u1ed9i l\u00e0 m\u00f3n \u0103n r\u1ea5t \u0111\u1eb7c bi\u1ec7t. \u00d4ng b\u00e0 ta \u0111\u00e3 k\u1ebft h\u1ee3p c\u1ed1m gi\u00f2 s\u1ed1ng, th\u1ecbt b\u1eb1m v\u00e0 gia v\u1ecb \u0111\u1ec3 t\u1ea1o n\u00ean h\u01b0\u01a1ng v\u1ecb \u0111\u1eb7c bi\u1ec7t \u0111\u00f3.\" \/>\n<meta property=\"og:url\" content=\"https:\/\/thucphamtienloi.com\/?product=cha-com-ha-noi\" \/>\n<meta property=\"og:site_name\" content=\"\u1ea8M TH\u1ef0C BA MI\u1ec0N\" \/>\n<meta property=\"article:modified_time\" content=\"2025-10-19T16:15:30+00:00\" \/>\n<meta property=\"og:image\" content=\"https:\/\/thucphamtienloi.com\/wp-content\/uploads\/2020\/05\/cha-com.png\" \/>\n\t<meta property=\"og:image:width\" content=\"300\" \/>\n\t<meta property=\"og:image:height\" content=\"300\" \/>\n\t<meta property=\"og:image:type\" content=\"image\/png\" \/>\n<meta name=\"twitter:card\" content=\"summary_large_image\" \/>\n<meta name=\"twitter:label1\" content=\"\u01af\u1edbc t\u00ednh th\u1eddi gian \u0111\u1ecdc\" \/>\n\t<meta name=\"twitter:data1\" content=\"3 ph\u00fat\" \/>\n<script type=\"application\/ld+json\" class=\"yoast-schema-graph\">{\"@context\":\"https:\\\/\\\/schema.org\",\"@graph\":[{\"@type\":[\"WebPage\",\"ItemPage\"],\"@id\":\"https:\\\/\\\/thucphamtienloi.com\\\/?product=cha-com-ha-noi\",\"url\":\"https:\\\/\\\/thucphamtienloi.com\\\/?product=cha-com-ha-noi\",\"name\":\"Ch\u1ea3 C\u1ed1m H\u00e0 N\u1ed9i - \u1ea8M TH\u1ef0C BA MI\u1ec0N\",\"isPartOf\":{\"@id\":\"https:\\\/\\\/thucphamtienloi.com\\\/#website\"},\"primaryImageOfPage\":{\"@id\":\"https:\\\/\\\/thucphamtienloi.com\\\/?product=cha-com-ha-noi#primaryimage\"},\"image\":{\"@id\":\"https:\\\/\\\/thucphamtienloi.com\\\/?product=cha-com-ha-noi#primaryimage\"},\"thumbnailUrl\":\"https:\\\/\\\/thucphamtienloi.com\\\/wp-content\\\/uploads\\\/2020\\\/05\\\/cha-com.png\",\"datePublished\":\"2020-05-30T07:24:34+00:00\",\"dateModified\":\"2025-10-19T16:15:30+00:00\",\"description\":\"Ch\u1ea3 C\u1ed1m H\u00e0 N\u1ed9i l\u00e0 m\u00f3n \u0103n r\u1ea5t \u0111\u1eb7c bi\u1ec7t. \u00d4ng b\u00e0 ta \u0111\u00e3 k\u1ebft h\u1ee3p c\u1ed1m gi\u00f2 s\u1ed1ng, th\u1ecbt b\u1eb1m v\u00e0 gia v\u1ecb \u0111\u1ec3 t\u1ea1o n\u00ean h\u01b0\u01a1ng v\u1ecb \u0111\u1eb7c bi\u1ec7t \u0111\u00f3.\",\"breadcrumb\":{\"@id\":\"https:\\\/\\\/thucphamtienloi.com\\\/?product=cha-com-ha-noi#breadcrumb\"},\"inLanguage\":\"vi\",\"potentialAction\":[{\"@type\":\"ReadAction\",\"target\":[\"https:\\\/\\\/thucphamtienloi.com\\\/?product=cha-com-ha-noi\"]}]},{\"@type\":\"ImageObject\",\"inLanguage\":\"vi\",\"@id\":\"https:\\\/\\\/thucphamtienloi.com\\\/?product=cha-com-ha-noi#primaryimage\",\"url\":\"https:\\\/\\\/thucphamtienloi.com\\\/wp-content\\\/uploads\\\/2020\\\/05\\\/cha-com.png\",\"contentUrl\":\"https:\\\/\\\/thucphamtienloi.com\\\/wp-content\\\/uploads\\\/2020\\\/05\\\/cha-com.png\",\"width\":300,\"height\":300,\"caption\":\"ch\u1ea3 c\u1ed1m\"},{\"@type\":\"BreadcrumbList\",\"@id\":\"https:\\\/\\\/thucphamtienloi.com\\\/?product=cha-com-ha-noi#breadcrumb\",\"itemListElement\":[{\"@type\":\"ListItem\",\"position\":1,\"name\":\"Trang ch\u1ee7\",\"item\":\"https:\\\/\\\/thucphamtienloi.com\\\/\"},{\"@type\":\"ListItem\",\"position\":2,\"name\":\"C\u1eeda H\u00e0ng\",\"item\":\"https:\\\/\\\/thucphamtienloi.com\\\/?page_id=3334\"},{\"@type\":\"ListItem\",\"position\":3,\"name\":\"\u0110\u1eb7c S\u1ea3n Mi\u1ec1n B\u1eafc\",\"item\":\"https:\\\/\\\/thucphamtienloi.com\\\/danh-muc-san-pham\\\/dac-san-mien-bac\\\/\"},{\"@type\":\"ListItem\",\"position\":4,\"name\":\"Ch\u1ea3 C\u1ed1m H\u00e0 N\u1ed9i\"}]},{\"@type\":\"WebSite\",\"@id\":\"https:\\\/\\\/thucphamtienloi.com\\\/#website\",\"url\":\"https:\\\/\\\/thucphamtienloi.com\\\/\",\"name\":\"Th\u1ef1c ph\u1ea9m ti\u1ec7n l\u1ee3i\",\"description\":\"\u1ea8m Th\u1ef1c Qu\u00ea H\u01b0\u01a1ng\",\"publisher\":{\"@id\":\"https:\\\/\\\/thucphamtienloi.com\\\/#organization\"},\"potentialAction\":[{\"@type\":\"SearchAction\",\"target\":{\"@type\":\"EntryPoint\",\"urlTemplate\":\"https:\\\/\\\/thucphamtienloi.com\\\/?s={search_term_string}\"},\"query-input\":{\"@type\":\"PropertyValueSpecification\",\"valueRequired\":true,\"valueName\":\"search_term_string\"}}],\"inLanguage\":\"vi\"},{\"@type\":\"Organization\",\"@id\":\"https:\\\/\\\/thucphamtienloi.com\\\/#organization\",\"name\":\"Th\u1ef1c ph\u1ea9m ti\u1ec7n l\u1ee3i\",\"url\":\"https:\\\/\\\/thucphamtienloi.com\\\/\",\"logo\":{\"@type\":\"ImageObject\",\"inLanguage\":\"vi\",\"@id\":\"https:\\\/\\\/thucphamtienloi.com\\\/#\\\/schema\\\/logo\\\/image\\\/\",\"url\":\"https:\\\/\\\/thucphamtienloi.com\\\/wp-content\\\/uploads\\\/2022\\\/07\\\/THU\u031b\u0323C-PHA\u0302\u0309M-TIE\u0323\u0302N-LO\u031b\u0323I.png\",\"contentUrl\":\"https:\\\/\\\/thucphamtienloi.com\\\/wp-content\\\/uploads\\\/2022\\\/07\\\/THU\u031b\u0323C-PHA\u0302\u0309M-TIE\u0323\u0302N-LO\u031b\u0323I.png\",\"width\":1920,\"height\":1080,\"caption\":\"Th\u1ef1c ph\u1ea9m ti\u1ec7n l\u1ee3i\"},\"image\":{\"@id\":\"https:\\\/\\\/thucphamtienloi.com\\\/#\\\/schema\\\/logo\\\/image\\\/\"}}]}<\/script>\n<!-- \/ Yoast SEO plugin. -->","yoast_head_json":{"title":"Ch\u1ea3 C\u1ed1m H\u00e0 N\u1ed9i - \u1ea8M TH\u1ef0C BA MI\u1ec0N","description":"Ch\u1ea3 C\u1ed1m H\u00e0 N\u1ed9i l\u00e0 m\u00f3n \u0103n r\u1ea5t \u0111\u1eb7c bi\u1ec7t. \u00d4ng b\u00e0 ta \u0111\u00e3 k\u1ebft h\u1ee3p c\u1ed1m gi\u00f2 s\u1ed1ng, th\u1ecbt b\u1eb1m v\u00e0 gia v\u1ecb \u0111\u1ec3 t\u1ea1o n\u00ean h\u01b0\u01a1ng v\u1ecb \u0111\u1eb7c bi\u1ec7t \u0111\u00f3.","robots":{"index":"index","follow":"follow","max-snippet":"max-snippet:-1","max-image-preview":"max-image-preview:large","max-video-preview":"max-video-preview:-1"},"canonical":"https:\/\/thucphamtienloi.com\/?product=cha-com-ha-noi","og_locale":"vi_VN","og_type":"article","og_title":"Ch\u1ea3 C\u1ed1m H\u00e0 N\u1ed9i - \u1ea8M TH\u1ef0C BA MI\u1ec0N","og_description":"Ch\u1ea3 C\u1ed1m H\u00e0 N\u1ed9i l\u00e0 m\u00f3n \u0103n r\u1ea5t \u0111\u1eb7c bi\u1ec7t. \u00d4ng b\u00e0 ta \u0111\u00e3 k\u1ebft h\u1ee3p c\u1ed1m gi\u00f2 s\u1ed1ng, th\u1ecbt b\u1eb1m v\u00e0 gia v\u1ecb \u0111\u1ec3 t\u1ea1o n\u00ean h\u01b0\u01a1ng v\u1ecb \u0111\u1eb7c bi\u1ec7t \u0111\u00f3.","og_url":"https:\/\/thucphamtienloi.com\/?product=cha-com-ha-noi","og_site_name":"\u1ea8M TH\u1ef0C BA MI\u1ec0N","article_modified_time":"2025-10-19T16:15:30+00:00","og_image":[{"width":300,"height":300,"url":"https:\/\/thucphamtienloi.com\/wp-content\/uploads\/2020\/05\/cha-com.png","type":"image\/png"}],"twitter_card":"summary_large_image","twitter_misc":{"\u01af\u1edbc t\u00ednh th\u1eddi gian \u0111\u1ecdc":"3 ph\u00fat"},"schema":{"@context":"https:\/\/schema.org","@graph":[{"@type":["WebPage","ItemPage"],"@id":"https:\/\/thucphamtienloi.com\/?product=cha-com-ha-noi","url":"https:\/\/thucphamtienloi.com\/?product=cha-com-ha-noi","name":"Ch\u1ea3 C\u1ed1m H\u00e0 N\u1ed9i - \u1ea8M TH\u1ef0C BA MI\u1ec0N","isPartOf":{"@id":"https:\/\/thucphamtienloi.com\/#website"},"primaryImageOfPage":{"@id":"https:\/\/thucphamtienloi.com\/?product=cha-com-ha-noi#primaryimage"},"image":{"@id":"https:\/\/thucphamtienloi.com\/?product=cha-com-ha-noi#primaryimage"},"thumbnailUrl":"https:\/\/thucphamtienloi.com\/wp-content\/uploads\/2020\/05\/cha-com.png","datePublished":"2020-05-30T07:24:34+00:00","dateModified":"2025-10-19T16:15:30+00:00","description":"Ch\u1ea3 C\u1ed1m H\u00e0 N\u1ed9i l\u00e0 m\u00f3n \u0103n r\u1ea5t \u0111\u1eb7c bi\u1ec7t. \u00d4ng b\u00e0 ta \u0111\u00e3 k\u1ebft h\u1ee3p c\u1ed1m gi\u00f2 s\u1ed1ng, th\u1ecbt b\u1eb1m v\u00e0 gia v\u1ecb \u0111\u1ec3 t\u1ea1o n\u00ean h\u01b0\u01a1ng v\u1ecb \u0111\u1eb7c bi\u1ec7t \u0111\u00f3.","breadcrumb":{"@id":"https:\/\/thucphamtienloi.com\/?product=cha-com-ha-noi#breadcrumb"},"inLanguage":"vi","potentialAction":[{"@type":"ReadAction","target":["https:\/\/thucphamtienloi.com\/?product=cha-com-ha-noi"]}]},{"@type":"ImageObject","inLanguage":"vi","@id":"https:\/\/thucphamtienloi.com\/?product=cha-com-ha-noi#primaryimage","url":"https:\/\/thucphamtienloi.com\/wp-content\/uploads\/2020\/05\/cha-com.png","contentUrl":"https:\/\/thucphamtienloi.com\/wp-content\/uploads\/2020\/05\/cha-com.png","width":300,"height":300,"caption":"ch\u1ea3 c\u1ed1m"},{"@type":"BreadcrumbList","@id":"https:\/\/thucphamtienloi.com\/?product=cha-com-ha-noi#breadcrumb","itemListElement":[{"@type":"ListItem","position":1,"name":"Trang ch\u1ee7","item":"https:\/\/thucphamtienloi.com\/"},{"@type":"ListItem","position":2,"name":"C\u1eeda H\u00e0ng","item":"https:\/\/thucphamtienloi.com\/?page_id=3334"},{"@type":"ListItem","position":3,"name":"\u0110\u1eb7c S\u1ea3n Mi\u1ec1n B\u1eafc","item":"https:\/\/thucphamtienloi.com\/danh-muc-san-pham\/dac-san-mien-bac\/"},{"@type":"ListItem","position":4,"name":"Ch\u1ea3 C\u1ed1m H\u00e0 N\u1ed9i"}]},{"@type":"WebSite","@id":"https:\/\/thucphamtienloi.com\/#website","url":"https:\/\/thucphamtienloi.com\/","name":"Th\u1ef1c ph\u1ea9m ti\u1ec7n l\u1ee3i","description":"\u1ea8m Th\u1ef1c Qu\u00ea H\u01b0\u01a1ng","publisher":{"@id":"https:\/\/thucphamtienloi.com\/#organization"},"potentialAction":[{"@type":"SearchAction","target":{"@type":"EntryPoint","urlTemplate":"https:\/\/thucphamtienloi.com\/?s={search_term_string}"},"query-input":{"@type":"PropertyValueSpecification","valueRequired":true,"valueName":"search_term_string"}}],"inLanguage":"vi"},{"@type":"Organization","@id":"https:\/\/thucphamtienloi.com\/#organization","name":"Th\u1ef1c ph\u1ea9m ti\u1ec7n l\u1ee3i","url":"https:\/\/thucphamtienloi.com\/","logo":{"@type":"ImageObject","inLanguage":"vi","@id":"https:\/\/thucphamtienloi.com\/#\/schema\/logo\/image\/","url":"https:\/\/thucphamtienloi.com\/wp-content\/uploads\/2022\/07\/THU\u031b\u0323C-PHA\u0302\u0309M-TIE\u0323\u0302N-LO\u031b\u0323I.png","contentUrl":"https:\/\/thucphamtienloi.com\/wp-content\/uploads\/2022\/07\/THU\u031b\u0323C-PHA\u0302\u0309M-TIE\u0323\u0302N-LO\u031b\u0323I.png","width":1920,"height":1080,"caption":"Th\u1ef1c ph\u1ea9m ti\u1ec7n l\u1ee3i"},"image":{"@id":"https:\/\/thucphamtienloi.com\/#\/schema\/logo\/image\/"}}]}},"_links":{"self":[{"href":"https:\/\/thucphamtienloi.com\/index.php?rest_route=\/wp\/v2\/product\/567","targetHints":{"allow":["GET"]}}],"collection":[{"href":"https:\/\/thucphamtienloi.com\/index.php?rest_route=\/wp\/v2\/product"}],"about":[{"href":"https:\/\/thucphamtienloi.com\/index.php?rest_route=\/wp\/v2\/types\/product"}],"replies":[{"embeddable":true,"href":"https:\/\/thucphamtienloi.com\/index.php?rest_route=%2Fwp%2Fv2%2Fcomments&post=567"}],"wp:featuredmedia":[{"embeddable":true,"href":"https:\/\/thucphamtienloi.com\/index.php?rest_route=\/wp\/v2\/media\/553"}],"wp:attachment":[{"href":"https:\/\/thucphamtienloi.com\/index.php?rest_route=%2Fwp%2Fv2%2Fmedia&parent=567"}],"wp:term":[{"taxonomy":"product_brand","embeddable":true,"href":"https:\/\/thucphamtienloi.com\/index.php?rest_route=%2Fwp%2Fv2%2Fproduct_brand&post=567"},{"taxonomy":"product_cat","embeddable":true,"href":"https:\/\/thucphamtienloi.com\/index.php?rest_route=%2Fwp%2Fv2%2Fproduct_cat&post=567"},{"taxonomy":"product_tag","embeddable":true,"href":"https:\/\/thucphamtienloi.com\/index.php?rest_route=%2Fwp%2Fv2%2Fproduct_tag&post=567"}],"curies":[{"name":"wp","href":"https:\/\/api.w.org\/{rel}","templated":true}]}}