{"id":568,"date":"2020-05-30T07:25:10","date_gmt":"2020-05-30T07:25:10","guid":{"rendered":"https:\/\/thucphamtienloi.com\/?post_type=product&#038;p=568"},"modified":"2025-10-19T16:15:30","modified_gmt":"2025-10-19T16:15:30","slug":"doi-truong-heo","status":"publish","type":"product","link":"https:\/\/thucphamtienloi.com\/?product=doi-truong-heo","title":{"rendered":"D\u1ed3i Tr\u01b0\u1eddng Heo"},"content":{"rendered":"<p><strong>D\u1ed3i tr\u01b0\u1eddng heo( <\/strong>\u00a0tr\u00e0ng heo ) l\u00e0 ph\u1ea7n t\u1eed cung c\u1ee7a con heo . M\u00f3n \u0103n n\u00e0y \u0111\u01b0\u1ee3c y\u00eau th\u00edch b\u1edfi v\u1ecb ngon ng\u1ecdt, dai dai gi\u00f2n gi\u00f2n s\u1eebng s\u1ef1c r\u1ea5t h\u1ea5p d\u1eabn. \u0110\u1ec3 d\u1eb7t mua m\u00f3n \u0103n h\u1ea5p d\u1eabn n\u00e0y qu\u00fd kh\u00e1ch vui l\u00f2ng li\u00ean h\u1ec7 <strong>Hotline :<\/strong> <strong class=\"uppercase\">0987.506.349.<\/strong><\/p>\n<p>D\u1ed3i tr\u01b0\u1eddng c\u00f3 h\u00ecnh d\u00e1ng g\u1ea7n gi\u1ed1ng l\u00f2ng non nh\u01b0ng to, c\u00f3 \u0111\u1ed9 \u0111\u00e0n h\u1ed3i v\u00e0 \u0103n gi\u00f2n h\u01a1n.Nh\u1eefng m\u00f3n \u0103n t\u1eeb d\u1ed3i tr\u01b0\u1eddng th\u01b0\u1eddng \u0111\u01b0\u1ee3c l\u00e0m r\u1ea5t \u0111\u01a1n gi\u1ea3n , tuy nhi\u00ean m\u1ea5t nhi\u1ec1u th\u1eddi gian ch\u1ebf bi\u1ebfn \u0111\u1eb7c bi\u1ec7t l\u00e0 kh\u00e2u s\u01a1 ch\u1ebf.<\/p>\n<h2><strong><span id=\"Meo_lam_sach_doi_truong\">M\u1eb9o L\u00e0m S\u1ea1ch D\u1ed3i Tr\u01b0\u1eddng Heo<\/span><\/strong><\/h2>\n<p>C\u00e1ch l\u00e0m s\u1ea1ch d\u1ed3i tr\u01b0\u1eddng heo \u0111\u01a1n gi\u1ea3n, hi\u1ec7u qu\u1ea3 l\u00e0 l\u1ea5y h\u1ebft m\u00e0ng m\u1ee1, r\u1eeda th\u1eadt s\u1ea1ch v\u1edbi n\u01b0\u1edbc mu\u1ed1i pha lo\u00e3ng, \u0111\u1ec3 tr\u00ean r\u1ed5 cho r\u00e1o n\u01b0\u1edbc.<\/p>\n<figure id=\"attachment_727\" aria-describedby=\"caption-attachment-727\" style=\"width: 600px\" class=\"wp-caption aligncenter\"><img loading=\"lazy\" decoding=\"async\" class=\"wp-image-727\" src=\"https:\/\/thucphamtienloi.com\/wp-content\/uploads\/2020\/05\/cach-lam-sach-doi-truong-heo-533x400.jpg\" alt=\"\" width=\"600\" height=\"450\" srcset=\"https:\/\/thucphamtienloi.com\/wp-content\/uploads\/2020\/05\/cach-lam-sach-doi-truong-heo-533x400.jpg 533w, https:\/\/thucphamtienloi.com\/wp-content\/uploads\/2020\/05\/cach-lam-sach-doi-truong-heo-510x383.jpg 510w, https:\/\/thucphamtienloi.com\/wp-content\/uploads\/2020\/05\/cach-lam-sach-doi-truong-heo-600x450.jpg 600w, https:\/\/thucphamtienloi.com\/wp-content\/uploads\/2020\/05\/cach-lam-sach-doi-truong-heo.jpg 660w\" sizes=\"auto, (max-width: 600px) 100vw, 600px\" \/><figcaption id=\"caption-attachment-727\" class=\"wp-caption-text\">l\u00e0m s\u1ea1ch d\u1ed3i tr\u01b0\u1eddng<\/figcaption><\/figure>\n<p>Ti\u1ebfp theo, b\u1ea1n cho d\u1ed3i tr\u01b0\u1eddng \u0111\u00e3 l\u00e0m s\u1ea1ch v\u00e0o trong n\u1ed3i v\u00e0 \u0111\u1ed5 n\u01b0\u1edbc ng\u1eadp v\u00e0 cho v\u00e0o m\u1ed9t \u00edt mu\u1ed1i, v\u00e0i l\u00e1t g\u1eebng, r\u01b0\u1ee3u tr\u1eafng v\u00e0 lu\u1ed9c s\u00f4i kho\u1ea3ng 3 \u2013 5 ph\u00fat. Sau \u0111\u00f3, b\u1ea1n v\u1edbt d\u1ed3i tr\u01b0\u1eddng ra ng\u00e2m trong b\u00e1t n\u01b0\u1edbc l\u1ea1nh c\u00f3 pha m\u1ed9t \u00edt ph\u00e8n chua (ho\u1eb7c gi\u1ea5m tr\u1eafng) trong v\u00f2ng 10 ph\u00fat r\u1ed3i r\u1eeda l\u1ea1i v\u1edbi n\u01b0\u1edbc l\u1ecdc.<\/p>\n<h2><strong><span id=\"Cach_chon_doi_truong_ngon\">C\u00e1ch Ch\u1ecdn D\u1ed3i Tr\u01b0\u1eddng Heo Ngon<\/span><\/strong><\/h2>\n<p>\u0110\u1ec3 ch\u1ecdn d\u1ed3i tr\u01b0\u1eddng ngon, b\u1ea1n c\u1ea7n ch\u00fa \u00fd m\u1ed9t s\u1ed1 \u0111i\u1ec3m nh\u01b0 sau:<\/p>\n<ul>\n<li>D\u1ed3i tr\u01b0\u1eddng khi c\u00f2n t\u01b0\u01a1i m\u1edbi lu\u00f4n c\u00f3 m\u00e0u s\u00e1ng b\u00f3ng, b\u1ea1n c\u00f3 th\u1ec3 d\u00f9ng tay \u1ea5n v\u00e0o s\u1ebd th\u1ea5y c\u00f3 \u0111\u1ed9 \u0111\u00e0n h\u1ed3i v\u00e0 kh\u00f4ng c\u00f3 ch\u1ea5t nh\u1ea7y ti\u1ebft ra, \u0111\u1ed3ng th\u1eddi khi ng\u1eedi kh\u00f4ng th\u1ea5y c\u00f3 m\u00f9i kh\u00f3 ch\u1ecbu.<\/li>\n<li>Ng\u01b0\u1ee3c l\u1ea1i, d\u1ed3i tr\u01b0\u1eddng tr\u1ea3i qua nhi\u1ec1u ng\u00e0y th\u01b0\u1eddng c\u00f3 m\u00e0u s\u1eabm, d\u00f9ng tay \u1ea5n v\u00e0o th\u1ea5y m\u1ec1m, kh\u00f4ng c\u00f3 \u0111\u1ed9 \u0111\u00e0n h\u1ed3i v\u00e0 th\u01b0\u1eddng c\u00f3 nh\u1edbt d\u00ednh v\u00e0o tay, khi ng\u1eedi c\u00f3 m\u00f9i tanh, r\u1ea5t kh\u00f3 ch\u1ecbu.<\/li>\n<li>Khi mua d\u1ed3i tr\u01b0\u1eddng, b\u1ea1n n\u00ean ch\u1ecdn lo\u1ea1i b\u00e9, \u1ed1ng ru\u1ed9t c\u0103ng v\u00e0 tr\u00f2n, m\u00e0u tr\u1eafng h\u1ed3ng, ch\u1ea5t d\u1ecbch b\u00ean trong m\u00e0u tr\u1eafng s\u1eefa \u0111\u1ec3 tr\u00e1nh tr\u01b0\u1eddng h\u1ee3p ru\u1ed9t b\u1ecb \u0111\u1eafng.<\/li>\n<li>Nh\u1eefng \u0111o\u1ea1n l\u00f2ng c\u00f3 \u0111\u01b0\u1eddng k\u00ednh l\u1edbn, m\u1ecfng, d\u1eb9p, ch\u1ea5t d\u1ecbch b\u00ean trong m\u00e0u v\u00e0ng th\u01b0\u1eddng l\u00e0 lo\u1ea1i kh\u00f4ng \u0111\u01b0\u1ee3c non, \u0103n s\u1ebd dai v\u00e0 \u0111\u1eafng.<\/li>\n<\/ul>\n<figure id=\"attachment_728\" aria-describedby=\"caption-attachment-728\" style=\"width: 600px\" class=\"wp-caption aligncenter\"><img loading=\"lazy\" decoding=\"async\" class=\"wp-image-728\" src=\"https:\/\/thucphamtienloi.com\/wp-content\/uploads\/2020\/05\/cach-luoc-doi-truong-heo.png\" alt=\"\" width=\"600\" height=\"381\" srcset=\"https:\/\/thucphamtienloi.com\/wp-content\/uploads\/2020\/05\/cach-luoc-doi-truong-heo.png 593w, https:\/\/thucphamtienloi.com\/wp-content\/uploads\/2020\/05\/cach-luoc-doi-truong-heo-510x324.png 510w\" sizes=\"auto, (max-width: 600px) 100vw, 600px\" \/><figcaption id=\"caption-attachment-728\" class=\"wp-caption-text\">d\u1ed3i tr\u01b0\u1eddng l\u1ef1a ch\u1ecdn k\u0129 c\u00e0ng<\/figcaption><\/figure>\n<h2><strong>\u0110\u1ecba ch\u1ec9 mua d\u1ed3i tr\u01b0\u1eddng heo \u1edf \u0111\u00e2u Tp HCM?<\/strong><\/h2>\n<p>Hi\u1ec7n nay r\u1ea5t \u00edt c\u01a1 s\u1edf cung c\u1ea5p m\u1eb7t h\u00e0ng d\u1ed3i tr\u01b0\u1eddng. Ch\u00fang t\u00f4i ph\u1ea3i li\u00ean h\u1ec7 t\u1eadn n\u01a1i v\u1edbi c\u00e1c l\u00f2 m\u1ed5 heo \u0111\u1ec3 thu mua ph\u1ee5c v\u1ee5 nhu c\u1ea7u c\u1ee7a qu\u00fd kh\u00e1ch.<\/p>\n<p>Qu\u00fd kh\u00e1ch \u0111\u1eb7t h\u00e0ng vui l\u00f2ng li\u00ean h\u1ec7 : <strong>Hotline :<\/strong> <strong class=\"uppercase\">0987.506.349<\/strong><\/p>\n<h3><strong>\u0110\u1ecba ch\u1ec9 c\u1eeda h\u00e0ng<\/strong><\/h3>\n<p><strong>T\u1ea1i S\u00e0i G\u00f2n:<\/strong>\u00a0184\/17 Nguy\u1ec5n Ph\u00fac Chu, P15, Q. T\u00e2n B\u00ecnh , TP HCM (vui l\u00f2ng g\u1ecdi tr\u01b0\u1edbc khi \u0111\u1ebfn)<br \/>\n<strong>T\u1ea1i H\u00e0 N\u1ed9i\u00a0 :<\/strong>\u00a0Ph\u00f2ng 2817, Chung C\u01b0 349, V\u0169 T\u00f4ng Phan, Thanh Xu\u00e2n,H\u00e0 N\u1ed9i (vui l\u00f2ng g\u1ecdi tr\u01b0\u1edbc khi \u0111\u1ebfn)<br \/>\n<strong>Website :\u00a0<a href=\"https:\/\/thucphamtienloi.com\/\">https:\/\/www.thucphamtienloi.com<\/a><\/strong><br \/>\n<strong>Facebook:\u00a0<a href=\"https:\/\/www.facebook.com\/cuahang3mien\/\">https:\/\/www.facebook.com\/cuahang3mien<\/a><\/strong><\/p>\n","protected":false},"excerpt":{"rendered":"<p><strong>D\u1ed3i tr\u01b0\u1eddng heo( <\/strong>\u00a0tr\u00e0ng heo ) l\u00e0 ph\u1ea7n t\u1eed cung c\u1ee7a con heo . M\u00f3n \u0103n n\u00e0y \u0111\u01b0\u1ee3c y\u00eau th\u00edch b\u1edfi v\u1ecb ngon ng\u1ecdt, dai dai gi\u00f2n gi\u00f2n s\u1eebng s\u1ef1c r\u1ea5t h\u1ea5p d\u1eabn. \u0110\u1ec3 d\u1eb7t mua m\u00f3n \u0103n h\u1ea5p d\u1eabn n\u00e0y qu\u00fd kh\u00e1ch vui l\u00f2ng li\u00ean h\u1ec7 <strong>Hotline :<\/strong> <strong class=\"uppercase\">0987.506.349.<\/strong><\/p>\n<p>&nbsp;<\/p>\n","protected":false},"featured_media":729,"comment_status":"closed","ping_status":"closed","template":"","meta":[],"product_brand":[],"product_cat":[71],"product_tag":[184,185,186,187,188,189],"class_list":{"0":"post-568","1":"product","2":"type-product","3":"status-publish","4":"has-post-thumbnail","6":"product_cat-thuc-pham-tuoi-song","7":"product_tag-doi-truong-heo","8":"product_tag-da-con-heo","9":"product_tag-trang-heo","10":"product_tag-doi-truong-heo-tai-sai-gon","11":"product_tag-doi-truong-heo-tai-tp-hcm","12":"product_tag-da-con-heo-tai-sai-gon","14":"first","15":"instock","16":"shipping-taxable","17":"purchasable","18":"product-type-simple"},"yoast_head":"<!-- This site is optimized with the Yoast SEO plugin v27.4 - https:\/\/yoast.com\/product\/yoast-seo-wordpress\/ -->\n<title>D\u1ed3i Tr\u01b0\u1eddng Heo - \u1ea8M TH\u1ef0C BA MI\u1ec0N<\/title>\n<meta name=\"description\" content=\"D\u1ed3i tr\u01b0\u1eddng heo( \u00a0tr\u00e0ng heo ) l\u00e0 ph\u1ea7n t\u1eed cung c\u1ee7a con heo . M\u00f3n \u0103n n\u00e0y \u0111\u01b0\u1ee3c y\u00eau th\u00edch b\u1edfi v\u1ecb ngon ng\u1ecdt, dai dai gi\u00f2n gi\u00f2n s\u1eebng s\u1ef1c r\u1ea5t h\u1ea5p d\u1eabn.\" \/>\n<meta name=\"robots\" content=\"index, follow, max-snippet:-1, max-image-preview:large, max-video-preview:-1\" \/>\n<link rel=\"canonical\" href=\"https:\/\/thucphamtienloi.com\/?product=doi-truong-heo\" \/>\n<meta property=\"og:locale\" content=\"vi_VN\" \/>\n<meta property=\"og:type\" content=\"article\" \/>\n<meta property=\"og:title\" content=\"D\u1ed3i Tr\u01b0\u1eddng Heo - \u1ea8M TH\u1ef0C BA MI\u1ec0N\" \/>\n<meta property=\"og:description\" content=\"D\u1ed3i tr\u01b0\u1eddng heo( \u00a0tr\u00e0ng heo ) l\u00e0 ph\u1ea7n t\u1eed cung c\u1ee7a con heo . M\u00f3n \u0103n n\u00e0y \u0111\u01b0\u1ee3c y\u00eau th\u00edch b\u1edfi v\u1ecb ngon ng\u1ecdt, dai dai gi\u00f2n gi\u00f2n s\u1eebng s\u1ef1c r\u1ea5t h\u1ea5p d\u1eabn.\" \/>\n<meta property=\"og:url\" content=\"https:\/\/thucphamtienloi.com\/?product=doi-truong-heo\" \/>\n<meta property=\"og:site_name\" content=\"\u1ea8M TH\u1ef0C BA MI\u1ec0N\" \/>\n<meta property=\"article:modified_time\" content=\"2025-10-19T16:15:30+00:00\" \/>\n<meta property=\"og:image\" content=\"https:\/\/thucphamtienloi.com\/wp-content\/uploads\/2020\/05\/doi-truong-heo-1.png\" \/>\n\t<meta property=\"og:image:width\" content=\"600\" \/>\n\t<meta property=\"og:image:height\" content=\"450\" \/>\n\t<meta property=\"og:image:type\" content=\"image\/png\" \/>\n<meta name=\"twitter:card\" content=\"summary_large_image\" \/>\n<meta name=\"twitter:label1\" content=\"\u01af\u1edbc t\u00ednh th\u1eddi gian \u0111\u1ecdc\" \/>\n\t<meta name=\"twitter:data1\" content=\"4 ph\u00fat\" \/>\n<script type=\"application\/ld+json\" class=\"yoast-schema-graph\">{\"@context\":\"https:\\\/\\\/schema.org\",\"@graph\":[{\"@type\":[\"WebPage\",\"ItemPage\"],\"@id\":\"https:\\\/\\\/thucphamtienloi.com\\\/?product=doi-truong-heo\",\"url\":\"https:\\\/\\\/thucphamtienloi.com\\\/?product=doi-truong-heo\",\"name\":\"D\u1ed3i Tr\u01b0\u1eddng Heo - \u1ea8M TH\u1ef0C BA MI\u1ec0N\",\"isPartOf\":{\"@id\":\"https:\\\/\\\/thucphamtienloi.com\\\/#website\"},\"primaryImageOfPage\":{\"@id\":\"https:\\\/\\\/thucphamtienloi.com\\\/?product=doi-truong-heo#primaryimage\"},\"image\":{\"@id\":\"https:\\\/\\\/thucphamtienloi.com\\\/?product=doi-truong-heo#primaryimage\"},\"thumbnailUrl\":\"https:\\\/\\\/thucphamtienloi.com\\\/wp-content\\\/uploads\\\/2020\\\/05\\\/doi-truong-heo-1.png\",\"datePublished\":\"2020-05-30T07:25:10+00:00\",\"dateModified\":\"2025-10-19T16:15:30+00:00\",\"description\":\"D\u1ed3i tr\u01b0\u1eddng heo( \u00a0tr\u00e0ng heo ) l\u00e0 ph\u1ea7n t\u1eed cung c\u1ee7a con heo . M\u00f3n \u0103n n\u00e0y \u0111\u01b0\u1ee3c y\u00eau th\u00edch b\u1edfi v\u1ecb ngon ng\u1ecdt, dai dai gi\u00f2n gi\u00f2n s\u1eebng s\u1ef1c r\u1ea5t h\u1ea5p d\u1eabn.\",\"breadcrumb\":{\"@id\":\"https:\\\/\\\/thucphamtienloi.com\\\/?product=doi-truong-heo#breadcrumb\"},\"inLanguage\":\"vi\",\"potentialAction\":[{\"@type\":\"ReadAction\",\"target\":[\"https:\\\/\\\/thucphamtienloi.com\\\/?product=doi-truong-heo\"]}]},{\"@type\":\"ImageObject\",\"inLanguage\":\"vi\",\"@id\":\"https:\\\/\\\/thucphamtienloi.com\\\/?product=doi-truong-heo#primaryimage\",\"url\":\"https:\\\/\\\/thucphamtienloi.com\\\/wp-content\\\/uploads\\\/2020\\\/05\\\/doi-truong-heo-1.png\",\"contentUrl\":\"https:\\\/\\\/thucphamtienloi.com\\\/wp-content\\\/uploads\\\/2020\\\/05\\\/doi-truong-heo-1.png\",\"width\":600,\"height\":450,\"caption\":\"D\u1ed3i tr\u01b0\u1eddng heo t\u01b0\u01a1i s\u1ed1ng\"},{\"@type\":\"BreadcrumbList\",\"@id\":\"https:\\\/\\\/thucphamtienloi.com\\\/?product=doi-truong-heo#breadcrumb\",\"itemListElement\":[{\"@type\":\"ListItem\",\"position\":1,\"name\":\"Trang ch\u1ee7\",\"item\":\"https:\\\/\\\/thucphamtienloi.com\\\/\"},{\"@type\":\"ListItem\",\"position\":2,\"name\":\"C\u1eeda H\u00e0ng\",\"item\":\"https:\\\/\\\/thucphamtienloi.com\\\/?page_id=3334\"},{\"@type\":\"ListItem\",\"position\":3,\"name\":\"Th\u1ef1c Ph\u1ea9m T\u01b0\u01a1i S\u1ed1ng\",\"item\":\"https:\\\/\\\/thucphamtienloi.com\\\/danh-muc-san-pham\\\/thuc-pham-tuoi-song\\\/\"},{\"@type\":\"ListItem\",\"position\":4,\"name\":\"D\u1ed3i Tr\u01b0\u1eddng Heo\"}]},{\"@type\":\"WebSite\",\"@id\":\"https:\\\/\\\/thucphamtienloi.com\\\/#website\",\"url\":\"https:\\\/\\\/thucphamtienloi.com\\\/\",\"name\":\"Th\u1ef1c ph\u1ea9m ti\u1ec7n l\u1ee3i\",\"description\":\"\u1ea8m Th\u1ef1c Qu\u00ea H\u01b0\u01a1ng\",\"publisher\":{\"@id\":\"https:\\\/\\\/thucphamtienloi.com\\\/#organization\"},\"potentialAction\":[{\"@type\":\"SearchAction\",\"target\":{\"@type\":\"EntryPoint\",\"urlTemplate\":\"https:\\\/\\\/thucphamtienloi.com\\\/?s={search_term_string}\"},\"query-input\":{\"@type\":\"PropertyValueSpecification\",\"valueRequired\":true,\"valueName\":\"search_term_string\"}}],\"inLanguage\":\"vi\"},{\"@type\":\"Organization\",\"@id\":\"https:\\\/\\\/thucphamtienloi.com\\\/#organization\",\"name\":\"Th\u1ef1c ph\u1ea9m ti\u1ec7n l\u1ee3i\",\"url\":\"https:\\\/\\\/thucphamtienloi.com\\\/\",\"logo\":{\"@type\":\"ImageObject\",\"inLanguage\":\"vi\",\"@id\":\"https:\\\/\\\/thucphamtienloi.com\\\/#\\\/schema\\\/logo\\\/image\\\/\",\"url\":\"https:\\\/\\\/thucphamtienloi.com\\\/wp-content\\\/uploads\\\/2022\\\/07\\\/THU\u031b\u0323C-PHA\u0302\u0309M-TIE\u0323\u0302N-LO\u031b\u0323I.png\",\"contentUrl\":\"https:\\\/\\\/thucphamtienloi.com\\\/wp-content\\\/uploads\\\/2022\\\/07\\\/THU\u031b\u0323C-PHA\u0302\u0309M-TIE\u0323\u0302N-LO\u031b\u0323I.png\",\"width\":1920,\"height\":1080,\"caption\":\"Th\u1ef1c ph\u1ea9m ti\u1ec7n l\u1ee3i\"},\"image\":{\"@id\":\"https:\\\/\\\/thucphamtienloi.com\\\/#\\\/schema\\\/logo\\\/image\\\/\"}}]}<\/script>\n<!-- \/ Yoast SEO plugin. -->","yoast_head_json":{"title":"D\u1ed3i Tr\u01b0\u1eddng Heo - \u1ea8M TH\u1ef0C BA MI\u1ec0N","description":"D\u1ed3i tr\u01b0\u1eddng heo( \u00a0tr\u00e0ng heo ) l\u00e0 ph\u1ea7n t\u1eed cung c\u1ee7a con heo . M\u00f3n \u0103n n\u00e0y \u0111\u01b0\u1ee3c y\u00eau th\u00edch b\u1edfi v\u1ecb ngon ng\u1ecdt, dai dai gi\u00f2n gi\u00f2n s\u1eebng s\u1ef1c r\u1ea5t h\u1ea5p d\u1eabn.","robots":{"index":"index","follow":"follow","max-snippet":"max-snippet:-1","max-image-preview":"max-image-preview:large","max-video-preview":"max-video-preview:-1"},"canonical":"https:\/\/thucphamtienloi.com\/?product=doi-truong-heo","og_locale":"vi_VN","og_type":"article","og_title":"D\u1ed3i Tr\u01b0\u1eddng Heo - \u1ea8M TH\u1ef0C BA MI\u1ec0N","og_description":"D\u1ed3i tr\u01b0\u1eddng heo( \u00a0tr\u00e0ng heo ) l\u00e0 ph\u1ea7n t\u1eed cung c\u1ee7a con heo . M\u00f3n \u0103n n\u00e0y \u0111\u01b0\u1ee3c y\u00eau th\u00edch b\u1edfi v\u1ecb ngon ng\u1ecdt, dai dai gi\u00f2n gi\u00f2n s\u1eebng s\u1ef1c r\u1ea5t h\u1ea5p d\u1eabn.","og_url":"https:\/\/thucphamtienloi.com\/?product=doi-truong-heo","og_site_name":"\u1ea8M TH\u1ef0C BA MI\u1ec0N","article_modified_time":"2025-10-19T16:15:30+00:00","og_image":[{"width":600,"height":450,"url":"https:\/\/thucphamtienloi.com\/wp-content\/uploads\/2020\/05\/doi-truong-heo-1.png","type":"image\/png"}],"twitter_card":"summary_large_image","twitter_misc":{"\u01af\u1edbc t\u00ednh th\u1eddi gian \u0111\u1ecdc":"4 ph\u00fat"},"schema":{"@context":"https:\/\/schema.org","@graph":[{"@type":["WebPage","ItemPage"],"@id":"https:\/\/thucphamtienloi.com\/?product=doi-truong-heo","url":"https:\/\/thucphamtienloi.com\/?product=doi-truong-heo","name":"D\u1ed3i Tr\u01b0\u1eddng Heo - \u1ea8M TH\u1ef0C BA MI\u1ec0N","isPartOf":{"@id":"https:\/\/thucphamtienloi.com\/#website"},"primaryImageOfPage":{"@id":"https:\/\/thucphamtienloi.com\/?product=doi-truong-heo#primaryimage"},"image":{"@id":"https:\/\/thucphamtienloi.com\/?product=doi-truong-heo#primaryimage"},"thumbnailUrl":"https:\/\/thucphamtienloi.com\/wp-content\/uploads\/2020\/05\/doi-truong-heo-1.png","datePublished":"2020-05-30T07:25:10+00:00","dateModified":"2025-10-19T16:15:30+00:00","description":"D\u1ed3i tr\u01b0\u1eddng heo( \u00a0tr\u00e0ng heo ) l\u00e0 ph\u1ea7n t\u1eed cung c\u1ee7a con heo . M\u00f3n \u0103n n\u00e0y \u0111\u01b0\u1ee3c y\u00eau th\u00edch b\u1edfi v\u1ecb ngon ng\u1ecdt, dai dai gi\u00f2n gi\u00f2n s\u1eebng s\u1ef1c r\u1ea5t h\u1ea5p d\u1eabn.","breadcrumb":{"@id":"https:\/\/thucphamtienloi.com\/?product=doi-truong-heo#breadcrumb"},"inLanguage":"vi","potentialAction":[{"@type":"ReadAction","target":["https:\/\/thucphamtienloi.com\/?product=doi-truong-heo"]}]},{"@type":"ImageObject","inLanguage":"vi","@id":"https:\/\/thucphamtienloi.com\/?product=doi-truong-heo#primaryimage","url":"https:\/\/thucphamtienloi.com\/wp-content\/uploads\/2020\/05\/doi-truong-heo-1.png","contentUrl":"https:\/\/thucphamtienloi.com\/wp-content\/uploads\/2020\/05\/doi-truong-heo-1.png","width":600,"height":450,"caption":"D\u1ed3i tr\u01b0\u1eddng heo t\u01b0\u01a1i s\u1ed1ng"},{"@type":"BreadcrumbList","@id":"https:\/\/thucphamtienloi.com\/?product=doi-truong-heo#breadcrumb","itemListElement":[{"@type":"ListItem","position":1,"name":"Trang ch\u1ee7","item":"https:\/\/thucphamtienloi.com\/"},{"@type":"ListItem","position":2,"name":"C\u1eeda H\u00e0ng","item":"https:\/\/thucphamtienloi.com\/?page_id=3334"},{"@type":"ListItem","position":3,"name":"Th\u1ef1c Ph\u1ea9m T\u01b0\u01a1i S\u1ed1ng","item":"https:\/\/thucphamtienloi.com\/danh-muc-san-pham\/thuc-pham-tuoi-song\/"},{"@type":"ListItem","position":4,"name":"D\u1ed3i Tr\u01b0\u1eddng Heo"}]},{"@type":"WebSite","@id":"https:\/\/thucphamtienloi.com\/#website","url":"https:\/\/thucphamtienloi.com\/","name":"Th\u1ef1c ph\u1ea9m ti\u1ec7n l\u1ee3i","description":"\u1ea8m Th\u1ef1c Qu\u00ea H\u01b0\u01a1ng","publisher":{"@id":"https:\/\/thucphamtienloi.com\/#organization"},"potentialAction":[{"@type":"SearchAction","target":{"@type":"EntryPoint","urlTemplate":"https:\/\/thucphamtienloi.com\/?s={search_term_string}"},"query-input":{"@type":"PropertyValueSpecification","valueRequired":true,"valueName":"search_term_string"}}],"inLanguage":"vi"},{"@type":"Organization","@id":"https:\/\/thucphamtienloi.com\/#organization","name":"Th\u1ef1c ph\u1ea9m ti\u1ec7n l\u1ee3i","url":"https:\/\/thucphamtienloi.com\/","logo":{"@type":"ImageObject","inLanguage":"vi","@id":"https:\/\/thucphamtienloi.com\/#\/schema\/logo\/image\/","url":"https:\/\/thucphamtienloi.com\/wp-content\/uploads\/2022\/07\/THU\u031b\u0323C-PHA\u0302\u0309M-TIE\u0323\u0302N-LO\u031b\u0323I.png","contentUrl":"https:\/\/thucphamtienloi.com\/wp-content\/uploads\/2022\/07\/THU\u031b\u0323C-PHA\u0302\u0309M-TIE\u0323\u0302N-LO\u031b\u0323I.png","width":1920,"height":1080,"caption":"Th\u1ef1c ph\u1ea9m ti\u1ec7n l\u1ee3i"},"image":{"@id":"https:\/\/thucphamtienloi.com\/#\/schema\/logo\/image\/"}}]}},"_links":{"self":[{"href":"https:\/\/thucphamtienloi.com\/index.php?rest_route=\/wp\/v2\/product\/568","targetHints":{"allow":["GET"]}}],"collection":[{"href":"https:\/\/thucphamtienloi.com\/index.php?rest_route=\/wp\/v2\/product"}],"about":[{"href":"https:\/\/thucphamtienloi.com\/index.php?rest_route=\/wp\/v2\/types\/product"}],"replies":[{"embeddable":true,"href":"https:\/\/thucphamtienloi.com\/index.php?rest_route=%2Fwp%2Fv2%2Fcomments&post=568"}],"wp:featuredmedia":[{"embeddable":true,"href":"https:\/\/thucphamtienloi.com\/index.php?rest_route=\/wp\/v2\/media\/729"}],"wp:attachment":[{"href":"https:\/\/thucphamtienloi.com\/index.php?rest_route=%2Fwp%2Fv2%2Fmedia&parent=568"}],"wp:term":[{"taxonomy":"product_brand","embeddable":true,"href":"https:\/\/thucphamtienloi.com\/index.php?rest_route=%2Fwp%2Fv2%2Fproduct_brand&post=568"},{"taxonomy":"product_cat","embeddable":true,"href":"https:\/\/thucphamtienloi.com\/index.php?rest_route=%2Fwp%2Fv2%2Fproduct_cat&post=568"},{"taxonomy":"product_tag","embeddable":true,"href":"https:\/\/thucphamtienloi.com\/index.php?rest_route=%2Fwp%2Fv2%2Fproduct_tag&post=568"}],"curies":[{"name":"wp","href":"https:\/\/api.w.org\/{rel}","templated":true}]}}