{"id":569,"date":"2020-05-30T07:25:58","date_gmt":"2020-05-30T07:25:58","guid":{"rendered":"https:\/\/thucphamtienloi.com\/?post_type=product&#038;p=569"},"modified":"2026-04-15T05:34:41","modified_gmt":"2026-04-15T05:34:41","slug":"heo-sua-nguyen-con","status":"publish","type":"product","link":"https:\/\/thucphamtienloi.com\/?product=heo-sua-nguyen-con","title":{"rendered":"Heo S\u1eefa Nguy\u00ean Con"},"content":{"rendered":"<p><strong>Heo S\u1eefa Nguy\u00ean Con<\/strong> d\u00f9ng \u0111\u1ec3 quay ph\u1ee5c v\u1ee5 c\u00e1c b\u1eefa ti\u1ec7c \u0103n u\u1ed1ng. <strong>Th\u1ef1c Ph\u1ea9m Ti\u1ec7n L\u1ee3i<\/strong> cung c\u1ea5p \u0111\u1ebfn qu\u00fd kh\u00e1ch s\u1ea3n ph\u1ea9m \u0111\u1ea3m b\u1ea3o ch\u1ea5t l\u01b0\u1ee3ng t\u1ed1t nh\u1ea5t. \u0110\u1ec3 \u0111\u1eb7t h\u00e0ng qu\u00fd kh\u00e1ch vui l\u00f2ng li\u00ean h\u1ec7 <strong>Hotline :<\/strong> <strong class=\"uppercase\">0987.506.349.<\/strong><\/p>\n<h2><strong>M\u00f3n Heo Quay \u0111\u00e3 c\u00f3 t\u1eeb ng\u00e0y x\u01b0a<\/strong><\/h2>\n<p>C\u00f3 th\u1ec3 n\u00f3i th\u1ecbt heo quay (\u00a0<a href=\"https:\/\/vi.wikipedia.org\/wiki\/L%E1%BB%A3n_quay\">th\u1ecbt l\u1ee3n quay<\/a>\u00a0) l\u00e0 lo\u1ea1i th\u1ecbt ph\u1ed5 bi\u1ebfn \u0111\u1ec3 ph\u1ee5c v\u1ee5 cho \u0111\u1eddi s\u1ed1ng. \u1ea8m th\u1ef1c c\u1ee7a m\u1ed7i gia \u0111\u00ecnh. T\u1eeb xa x\u01b0a cho \u0111\u1ebfn nay. Th\u1ecbt heo \u0111\u00e3 \u0111\u01b0\u1ee3c cha \u00f4ng ta v\u00e0 th\u1ebf h\u1ec7 ch\u00e1u con l\u1ef1a ch\u1ecdn l\u00e0m lo\u1ea1i th\u1ecbt ch\u00ednh \u0111\u1ec3 c\u00fang b\u00e1i th\u1ea7n linh. Th\u1ed5 \u0111\u1ecba v\u00e0o nh\u1eefng ng\u00e0y r\u1eb1m, ng\u00e0y l\u1ec5 t\u1ebft trong n\u0103m, ng\u00e0y c\u01b0\u1edbi h\u1ecfi hay ma chay. \u0110i\u1ec1u n\u00e0y kh\u1eb3ng \u0111\u1ecbnh vai tr\u00f2 to l\u1edbn c\u1ee7a th\u1ecbt heo trong c\u00e1c b\u1eefa c\u1ed7, s\u1ef1 ki\u1ec7n.<\/p>\n<figure id=\"attachment_583\" aria-describedby=\"caption-attachment-583\" style=\"width: 600px\" class=\"wp-caption aligncenter\"><img loading=\"lazy\" decoding=\"async\" class=\"wp-image-583\" src=\"https:\/\/thucphamtienloi.com\/wp-content\/uploads\/2020\/05\/heo-sua.png\" alt=\"\" width=\"600\" height=\"600\" srcset=\"https:\/\/thucphamtienloi.com\/wp-content\/uploads\/2020\/05\/heo-sua.png 300w, https:\/\/thucphamtienloi.com\/wp-content\/uploads\/2020\/05\/heo-sua-247x247.png 247w, https:\/\/thucphamtienloi.com\/wp-content\/uploads\/2020\/05\/heo-sua-100x100.png 100w, https:\/\/thucphamtienloi.com\/wp-content\/uploads\/2020\/05\/heo-sua-280x280.png 280w\" sizes=\"auto, (max-width: 600px) 100vw, 600px\" \/><figcaption id=\"caption-attachment-583\" class=\"wp-caption-text\">Heo quay nguy\u00ean con l\u00e0 m\u1ed9t m\u00f3n \u0103n truy\u1ec1n th\u1ed1ng<\/figcaption><\/figure>\n<h2><strong>C\u00fang Heo Quay th\u1ec3 hi\u1ec7n s\u1ef1 th\u00e0nh k\u00ednh<\/strong><\/h2>\n<p>Th\u1ebf gi\u1edbi t\u00e2m linh, th\u1edd c\u00fang v\u1ed1n d\u0129 l\u00e0 phong t\u1ee5c t\u1eadp qu\u00e1n t\u1eeb bao \u0111\u1eddi nay c\u1ee7a d\u00e2n ta. Th\u1ec3 hi\u1ec7n s\u1ef1 th\u00e0nh k\u00ednh, C\u1ea7u mong cu\u1ed9c s\u1ed1ng y\u00ean b\u00ecnh. Heo l\u00e0 \u0111\u1ed9ng v\u1eadt v\u00e0 th\u1ef1c ph\u1ea9m quen thu\u1ed9c v\u00e0 g\u1ea7n g\u1ee7i nh\u1ea5t v\u1edbi con ng\u01b0\u1eddi. Th\u1ebf n\u00ean l\u1ef1a ch\u1ecdn heo quay nguy\u00ean con, heo s\u1eefa quay \u0111\u1ec3 c\u00fang b\u00e1i, \u0111\u1eb7t l\u1ec5 tr\u1ea3 l\u1ec5 d\u01b0\u1eddng nh\u01b0 l\u00e0 phong t\u1ee5c t\u1eadp qu\u00e1n quen thu\u1ed9c c\u1ee7a ng\u01b0\u1eddi d\u00e2n Vi\u1ec7t Nam n\u00f3i chung. Vi\u1ec7c s\u1eed d\u1ee5ng heo quay t\u1ea1 l\u1ec5 l\u00e0 m\u1ed9t trong nh\u1eefng phong t\u1ee5c t\u1eadp qu\u00e1n b\u1eaft bu\u1ed9c t\u1eeb bao \u0111\u1eddi nay.<\/p>\n<figure id=\"attachment_725\" aria-describedby=\"caption-attachment-725\" style=\"width: 600px\" class=\"wp-caption aligncenter\"><img loading=\"lazy\" decoding=\"async\" class=\"wp-image-725\" src=\"https:\/\/thucphamtienloi.com\/wp-content\/uploads\/2020\/05\/heo-sua-nguyen-con-533x400.jpg\" alt=\"\" width=\"600\" height=\"450\" srcset=\"https:\/\/thucphamtienloi.com\/wp-content\/uploads\/2020\/05\/heo-sua-nguyen-con-533x400.jpg 533w, https:\/\/thucphamtienloi.com\/wp-content\/uploads\/2020\/05\/heo-sua-nguyen-con-510x383.jpg 510w, https:\/\/thucphamtienloi.com\/wp-content\/uploads\/2020\/05\/heo-sua-nguyen-con-600x450.jpg 600w, https:\/\/thucphamtienloi.com\/wp-content\/uploads\/2020\/05\/heo-sua-nguyen-con.jpg 720w\" sizes=\"auto, (max-width: 600px) 100vw, 600px\" \/><figcaption id=\"caption-attachment-725\" class=\"wp-caption-text\">Heo s\u1eefa nguy\u00ean con quay<\/figcaption><\/figure>\n<p>D\u1ecbch v\u1ee5<strong>\u00a0<\/strong>\u0111\u00e3 ch\u00ednh th\u1ee9c \u0111\u01b0\u1ee3c ra \u0111\u1eddi. \u0110\u1ec3 \u0111\u00e1p \u1ee9ng \u0111\u01b0\u1ee3c nh\u1eefng mong mu\u1ed1n c\u1ea7n thi\u1ebft c\u1ee7a m\u1ecdi ng\u01b0\u1eddi. Tr\u01b0\u1edbc h\u1ebft! Vi\u1ec7c cung c\u1ea5p nh\u01b0 th\u1ebf n\u00e0y gi\u00fap cho b\u1eefa c\u1ed7 c\u1ee7a m\u1ed7i gia \u0111\u00ecnh \u0111\u01b0\u1ee3c th\u1ef1c hi\u1ec7n nhanh ch\u00f3ng. Ti\u1ebft ki\u1ec7m \u0111\u01b0\u1ee3c \u0111\u00f4i ch\u00fat th\u1eddi gian v\u00e0 c\u00f4ng s\u1ee9c.<\/p>\n<h2><strong>\u0110\u1ecba ch\u1ec9 b\u00e1n Heo S\u1eefa Nguy\u00ean con \u1edf \u0111\u00e2u Tp HCM?<\/strong><\/h2>\n<p>T\u00f9y thu\u1ed9c v\u00e0o nhu c\u1ea7u c\u1ee7a kh\u00e1ch h\u00e0ng m\u00e0\u00a0<b>Th\u1ef1c Ph\u1ea9m Ti\u1ec7n L\u1ee3i <\/b>s\u1ebd c\u00f3 \u0111\u00e1p \u1ee9ng ph\u00f9 h\u1ee3p. V\u1edbi k\u00edch th\u01b0\u1edbc heo kho\u1ea3ng 2,5 \u2013 3kg kh\u00f4ng qu\u00e1 b\u00e9 c\u0169ng kh\u00f4ng qu\u00e1 l\u1edbn, \u0111\u1ed3ng th\u1eddi gi\u00e1 ti\u1ec1n r\u1ea5t ph\u1ea3i ch\u0103ng.\u00a0<\/p>\n<p>M\u1ecdi th\u00f4ng tin chi ti\u1ebft qu\u00fd kh\u00e1ch vui l\u00f2ng li\u00ean h\u1ec7 :\u00a0<\/p>\n<p><strong>Hotline\/Zalo:<\/strong>\u00a0<strong>0987.506.349<\/strong><\/p>\n<p><strong>\u0110\u1ecba ch\u1ec9 c\u1eeda h\u00e0ng :\u00a0<\/strong><\/p>\n<p><strong>T\u1ea1i S\u00e0i G\u00f2n:<\/strong>\u00a0184\/17 Nguy\u1ec5n Ph\u00fac Chu, P15, Q. T\u00e2n B\u00ecnh , TP HCM (vui l\u00f2ng g\u1ecdi tr\u01b0\u1edbc khi \u0111\u1ebfn)<br \/>\n<strong>T\u1ea1i H\u00e0 N\u1ed9i : <\/strong>Chung c\u01b0 349, V\u0169 T\u00f4ng Phan, Thanh Xu\u00e2n, H\u00e0 N\u1ed9i (vui l\u00f2ng g\u1ecdi tr\u01b0\u1edbc khi \u0111\u1ebfn)<\/p>\n<p><strong>Facebook:\u00a0<a href=\"https:\/\/www.facebook.com\/thucphamtienloiFB\">TH\u1ef0C PH\u1ea8M TI\u1ec6N L\u1ee2I<\/a><\/strong><\/p>\n<p>&nbsp;<\/p>\n","protected":false},"excerpt":{"rendered":"<p>Heo S\u1eefa Nguy\u00ean Con d\u00f9ng \u0111\u1ec3 quay ph\u1ee5c v\u1ee5 c\u00e1c b\u1eefa ti\u1ec7c \u0103n u\u1ed1ng. Th\u1ef1c Ph\u1ea9m Ti\u1ec7n L\u1ee3i cung c\u1ea5p \u0111\u1ebfn qu\u00fd kh\u00e1ch s\u1ea3n ph\u1ea9m \u0111\u1ea3m b\u1ea3o ch\u1ea5t l\u01b0\u1ee3ng t\u1ed1t nh\u1ea5t. \u0110\u1ec3 \u0111\u1eb7t h\u00e0ng qu\u00fd kh\u00e1ch vui l\u00f2ng li\u00ean h\u1ec7 Hotline : 0987.506.349. M\u00f3n Heo Quay \u0111\u00e3 c\u00f3 t\u1eeb ng\u00e0y x\u01b0a C\u00f3 th\u1ec3 n\u00f3i th\u1ecbt [&#8230;]\n","protected":false},"featured_media":2957,"comment_status":"closed","ping_status":"closed","template":"","meta":[],"product_brand":[],"product_cat":[70,71],"product_tag":[178,179,180,181,182,183],"class_list":{"0":"post-569","1":"product","2":"type-product","3":"status-publish","4":"has-post-thumbnail","6":"product_cat-dac-san-mien-nam","7":"product_cat-thuc-pham-tuoi-song","8":"product_tag-heo-sua-quay","9":"product_tag-heo-sua-nguyen-con","10":"product_tag-heo-sua-dong-lanh","11":"product_tag-heo-sua-nguyen-con-tai-sai-gon","12":"product_tag-heo-sua-nguyen-con-tai-go-vap","13":"product_tag-heo-sua-nguyen-con-tai-tan-binh","15":"first","16":"instock","17":"featured","18":"shipping-taxable","19":"purchasable","20":"product-type-simple"},"yoast_head":"<!-- This site is optimized with the Yoast SEO plugin v27.4 - https:\/\/yoast.com\/product\/yoast-seo-wordpress\/ -->\n<title>Heo S\u1eefa Nguy\u00ean Con - 180k\/kg<\/title>\n<meta name=\"description\" content=\"Th\u1ef1c Ph\u1ea9m Ti\u1ec7n L\u1ee3i cung c\u1ea5p \u0111\u1ebfn qu\u00fd kh\u00e1ch s\u1ea3n ph\u1ea9m Heo S\u1eefa Nguy\u00ean Con \u0111\u1ea3m b\u1ea3o ch\u1ea5t l\u01b0\u1ee3ng t\u1ed1t nh\u1ea5t. Hotline : 0987.506.349\" \/>\n<meta name=\"robots\" content=\"index, follow, max-snippet:-1, max-image-preview:large, max-video-preview:-1\" \/>\n<link rel=\"canonical\" href=\"https:\/\/thucphamtienloi.com\/?product=heo-sua-nguyen-con\" \/>\n<meta property=\"og:locale\" content=\"vi_VN\" \/>\n<meta property=\"og:type\" content=\"article\" \/>\n<meta property=\"og:title\" content=\"Heo S\u1eefa Nguy\u00ean Con - 180k\/kg\" \/>\n<meta property=\"og:description\" content=\"Th\u1ef1c Ph\u1ea9m Ti\u1ec7n L\u1ee3i cung c\u1ea5p \u0111\u1ebfn qu\u00fd kh\u00e1ch s\u1ea3n ph\u1ea9m Heo S\u1eefa Nguy\u00ean Con \u0111\u1ea3m b\u1ea3o ch\u1ea5t l\u01b0\u1ee3ng t\u1ed1t nh\u1ea5t. Hotline : 0987.506.349\" \/>\n<meta property=\"og:url\" content=\"https:\/\/thucphamtienloi.com\/?product=heo-sua-nguyen-con\" \/>\n<meta property=\"og:site_name\" content=\"\u1ea8M TH\u1ef0C BA MI\u1ec0N\" \/>\n<meta property=\"article:modified_time\" content=\"2026-04-15T05:34:41+00:00\" \/>\n<meta property=\"og:image\" content=\"https:\/\/thucphamtienloi.com\/wp-content\/uploads\/2022\/09\/heo-su\u031b\u0303a.jpeg\" \/>\n\t<meta property=\"og:image:width\" content=\"1075\" \/>\n\t<meta property=\"og:image:height\" content=\"926\" \/>\n\t<meta property=\"og:image:type\" content=\"image\/jpeg\" \/>\n<meta name=\"twitter:card\" content=\"summary_large_image\" \/>\n<meta name=\"twitter:label1\" content=\"\u01af\u1edbc t\u00ednh th\u1eddi gian \u0111\u1ecdc\" \/>\n\t<meta name=\"twitter:data1\" content=\"3 ph\u00fat\" \/>\n<script type=\"application\/ld+json\" class=\"yoast-schema-graph\">{\"@context\":\"https:\\\/\\\/schema.org\",\"@graph\":[{\"@type\":[\"WebPage\",\"ItemPage\"],\"@id\":\"https:\\\/\\\/thucphamtienloi.com\\\/?product=heo-sua-nguyen-con\",\"url\":\"https:\\\/\\\/thucphamtienloi.com\\\/?product=heo-sua-nguyen-con\",\"name\":\"Heo S\u1eefa Nguy\u00ean Con - 180k\\\/kg\",\"isPartOf\":{\"@id\":\"https:\\\/\\\/thucphamtienloi.com\\\/#website\"},\"primaryImageOfPage\":{\"@id\":\"https:\\\/\\\/thucphamtienloi.com\\\/?product=heo-sua-nguyen-con#primaryimage\"},\"image\":{\"@id\":\"https:\\\/\\\/thucphamtienloi.com\\\/?product=heo-sua-nguyen-con#primaryimage\"},\"thumbnailUrl\":\"https:\\\/\\\/thucphamtienloi.com\\\/wp-content\\\/uploads\\\/2022\\\/09\\\/heo-su\u031b\u0303a.jpeg\",\"datePublished\":\"2020-05-30T07:25:58+00:00\",\"dateModified\":\"2026-04-15T05:34:41+00:00\",\"description\":\"Th\u1ef1c Ph\u1ea9m Ti\u1ec7n L\u1ee3i cung c\u1ea5p \u0111\u1ebfn qu\u00fd kh\u00e1ch s\u1ea3n ph\u1ea9m Heo S\u1eefa Nguy\u00ean Con \u0111\u1ea3m b\u1ea3o ch\u1ea5t l\u01b0\u1ee3ng t\u1ed1t nh\u1ea5t. Hotline : 0987.506.349\",\"breadcrumb\":{\"@id\":\"https:\\\/\\\/thucphamtienloi.com\\\/?product=heo-sua-nguyen-con#breadcrumb\"},\"inLanguage\":\"vi\",\"potentialAction\":[{\"@type\":\"ReadAction\",\"target\":[\"https:\\\/\\\/thucphamtienloi.com\\\/?product=heo-sua-nguyen-con\"]}]},{\"@type\":\"ImageObject\",\"inLanguage\":\"vi\",\"@id\":\"https:\\\/\\\/thucphamtienloi.com\\\/?product=heo-sua-nguyen-con#primaryimage\",\"url\":\"https:\\\/\\\/thucphamtienloi.com\\\/wp-content\\\/uploads\\\/2022\\\/09\\\/heo-su\u031b\u0303a.jpeg\",\"contentUrl\":\"https:\\\/\\\/thucphamtienloi.com\\\/wp-content\\\/uploads\\\/2022\\\/09\\\/heo-su\u031b\u0303a.jpeg\",\"width\":1075,\"height\":926,\"caption\":\"th\u1ecbt l\u1ee3n\"},{\"@type\":\"BreadcrumbList\",\"@id\":\"https:\\\/\\\/thucphamtienloi.com\\\/?product=heo-sua-nguyen-con#breadcrumb\",\"itemListElement\":[{\"@type\":\"ListItem\",\"position\":1,\"name\":\"Trang ch\u1ee7\",\"item\":\"https:\\\/\\\/thucphamtienloi.com\\\/\"},{\"@type\":\"ListItem\",\"position\":2,\"name\":\"C\u1eeda H\u00e0ng\",\"item\":\"https:\\\/\\\/thucphamtienloi.com\\\/?page_id=3334\"},{\"@type\":\"ListItem\",\"position\":3,\"name\":\"Th\u1ef1c Ph\u1ea9m T\u01b0\u01a1i S\u1ed1ng\",\"item\":\"https:\\\/\\\/thucphamtienloi.com\\\/danh-muc-san-pham\\\/thuc-pham-tuoi-song\\\/\"},{\"@type\":\"ListItem\",\"position\":4,\"name\":\"Heo S\u1eefa Nguy\u00ean Con\"}]},{\"@type\":\"WebSite\",\"@id\":\"https:\\\/\\\/thucphamtienloi.com\\\/#website\",\"url\":\"https:\\\/\\\/thucphamtienloi.com\\\/\",\"name\":\"Th\u1ef1c ph\u1ea9m ti\u1ec7n l\u1ee3i\",\"description\":\"\u1ea8m Th\u1ef1c Qu\u00ea H\u01b0\u01a1ng\",\"publisher\":{\"@id\":\"https:\\\/\\\/thucphamtienloi.com\\\/#organization\"},\"potentialAction\":[{\"@type\":\"SearchAction\",\"target\":{\"@type\":\"EntryPoint\",\"urlTemplate\":\"https:\\\/\\\/thucphamtienloi.com\\\/?s={search_term_string}\"},\"query-input\":{\"@type\":\"PropertyValueSpecification\",\"valueRequired\":true,\"valueName\":\"search_term_string\"}}],\"inLanguage\":\"vi\"},{\"@type\":\"Organization\",\"@id\":\"https:\\\/\\\/thucphamtienloi.com\\\/#organization\",\"name\":\"Th\u1ef1c ph\u1ea9m ti\u1ec7n l\u1ee3i\",\"url\":\"https:\\\/\\\/thucphamtienloi.com\\\/\",\"logo\":{\"@type\":\"ImageObject\",\"inLanguage\":\"vi\",\"@id\":\"https:\\\/\\\/thucphamtienloi.com\\\/#\\\/schema\\\/logo\\\/image\\\/\",\"url\":\"https:\\\/\\\/thucphamtienloi.com\\\/wp-content\\\/uploads\\\/2022\\\/07\\\/THU\u031b\u0323C-PHA\u0302\u0309M-TIE\u0323\u0302N-LO\u031b\u0323I.png\",\"contentUrl\":\"https:\\\/\\\/thucphamtienloi.com\\\/wp-content\\\/uploads\\\/2022\\\/07\\\/THU\u031b\u0323C-PHA\u0302\u0309M-TIE\u0323\u0302N-LO\u031b\u0323I.png\",\"width\":1920,\"height\":1080,\"caption\":\"Th\u1ef1c ph\u1ea9m ti\u1ec7n l\u1ee3i\"},\"image\":{\"@id\":\"https:\\\/\\\/thucphamtienloi.com\\\/#\\\/schema\\\/logo\\\/image\\\/\"}}]}<\/script>\n<!-- \/ Yoast SEO plugin. -->","yoast_head_json":{"title":"Heo S\u1eefa Nguy\u00ean Con - 180k\/kg","description":"Th\u1ef1c Ph\u1ea9m Ti\u1ec7n L\u1ee3i cung c\u1ea5p \u0111\u1ebfn qu\u00fd kh\u00e1ch s\u1ea3n ph\u1ea9m Heo S\u1eefa Nguy\u00ean Con \u0111\u1ea3m b\u1ea3o ch\u1ea5t l\u01b0\u1ee3ng t\u1ed1t nh\u1ea5t. Hotline : 0987.506.349","robots":{"index":"index","follow":"follow","max-snippet":"max-snippet:-1","max-image-preview":"max-image-preview:large","max-video-preview":"max-video-preview:-1"},"canonical":"https:\/\/thucphamtienloi.com\/?product=heo-sua-nguyen-con","og_locale":"vi_VN","og_type":"article","og_title":"Heo S\u1eefa Nguy\u00ean Con - 180k\/kg","og_description":"Th\u1ef1c Ph\u1ea9m Ti\u1ec7n L\u1ee3i cung c\u1ea5p \u0111\u1ebfn qu\u00fd kh\u00e1ch s\u1ea3n ph\u1ea9m Heo S\u1eefa Nguy\u00ean Con \u0111\u1ea3m b\u1ea3o ch\u1ea5t l\u01b0\u1ee3ng t\u1ed1t nh\u1ea5t. Hotline : 0987.506.349","og_url":"https:\/\/thucphamtienloi.com\/?product=heo-sua-nguyen-con","og_site_name":"\u1ea8M TH\u1ef0C BA MI\u1ec0N","article_modified_time":"2026-04-15T05:34:41+00:00","og_image":[{"width":1075,"height":926,"url":"https:\/\/thucphamtienloi.com\/wp-content\/uploads\/2022\/09\/heo-su\u031b\u0303a.jpeg","type":"image\/jpeg"}],"twitter_card":"summary_large_image","twitter_misc":{"\u01af\u1edbc t\u00ednh th\u1eddi gian \u0111\u1ecdc":"3 ph\u00fat"},"schema":{"@context":"https:\/\/schema.org","@graph":[{"@type":["WebPage","ItemPage"],"@id":"https:\/\/thucphamtienloi.com\/?product=heo-sua-nguyen-con","url":"https:\/\/thucphamtienloi.com\/?product=heo-sua-nguyen-con","name":"Heo S\u1eefa Nguy\u00ean Con - 180k\/kg","isPartOf":{"@id":"https:\/\/thucphamtienloi.com\/#website"},"primaryImageOfPage":{"@id":"https:\/\/thucphamtienloi.com\/?product=heo-sua-nguyen-con#primaryimage"},"image":{"@id":"https:\/\/thucphamtienloi.com\/?product=heo-sua-nguyen-con#primaryimage"},"thumbnailUrl":"https:\/\/thucphamtienloi.com\/wp-content\/uploads\/2022\/09\/heo-su\u031b\u0303a.jpeg","datePublished":"2020-05-30T07:25:58+00:00","dateModified":"2026-04-15T05:34:41+00:00","description":"Th\u1ef1c Ph\u1ea9m Ti\u1ec7n L\u1ee3i cung c\u1ea5p \u0111\u1ebfn qu\u00fd kh\u00e1ch s\u1ea3n ph\u1ea9m Heo S\u1eefa Nguy\u00ean Con \u0111\u1ea3m b\u1ea3o ch\u1ea5t l\u01b0\u1ee3ng t\u1ed1t nh\u1ea5t. Hotline : 0987.506.349","breadcrumb":{"@id":"https:\/\/thucphamtienloi.com\/?product=heo-sua-nguyen-con#breadcrumb"},"inLanguage":"vi","potentialAction":[{"@type":"ReadAction","target":["https:\/\/thucphamtienloi.com\/?product=heo-sua-nguyen-con"]}]},{"@type":"ImageObject","inLanguage":"vi","@id":"https:\/\/thucphamtienloi.com\/?product=heo-sua-nguyen-con#primaryimage","url":"https:\/\/thucphamtienloi.com\/wp-content\/uploads\/2022\/09\/heo-su\u031b\u0303a.jpeg","contentUrl":"https:\/\/thucphamtienloi.com\/wp-content\/uploads\/2022\/09\/heo-su\u031b\u0303a.jpeg","width":1075,"height":926,"caption":"th\u1ecbt l\u1ee3n"},{"@type":"BreadcrumbList","@id":"https:\/\/thucphamtienloi.com\/?product=heo-sua-nguyen-con#breadcrumb","itemListElement":[{"@type":"ListItem","position":1,"name":"Trang ch\u1ee7","item":"https:\/\/thucphamtienloi.com\/"},{"@type":"ListItem","position":2,"name":"C\u1eeda H\u00e0ng","item":"https:\/\/thucphamtienloi.com\/?page_id=3334"},{"@type":"ListItem","position":3,"name":"Th\u1ef1c Ph\u1ea9m T\u01b0\u01a1i S\u1ed1ng","item":"https:\/\/thucphamtienloi.com\/danh-muc-san-pham\/thuc-pham-tuoi-song\/"},{"@type":"ListItem","position":4,"name":"Heo S\u1eefa Nguy\u00ean Con"}]},{"@type":"WebSite","@id":"https:\/\/thucphamtienloi.com\/#website","url":"https:\/\/thucphamtienloi.com\/","name":"Th\u1ef1c ph\u1ea9m ti\u1ec7n l\u1ee3i","description":"\u1ea8m Th\u1ef1c Qu\u00ea H\u01b0\u01a1ng","publisher":{"@id":"https:\/\/thucphamtienloi.com\/#organization"},"potentialAction":[{"@type":"SearchAction","target":{"@type":"EntryPoint","urlTemplate":"https:\/\/thucphamtienloi.com\/?s={search_term_string}"},"query-input":{"@type":"PropertyValueSpecification","valueRequired":true,"valueName":"search_term_string"}}],"inLanguage":"vi"},{"@type":"Organization","@id":"https:\/\/thucphamtienloi.com\/#organization","name":"Th\u1ef1c ph\u1ea9m ti\u1ec7n l\u1ee3i","url":"https:\/\/thucphamtienloi.com\/","logo":{"@type":"ImageObject","inLanguage":"vi","@id":"https:\/\/thucphamtienloi.com\/#\/schema\/logo\/image\/","url":"https:\/\/thucphamtienloi.com\/wp-content\/uploads\/2022\/07\/THU\u031b\u0323C-PHA\u0302\u0309M-TIE\u0323\u0302N-LO\u031b\u0323I.png","contentUrl":"https:\/\/thucphamtienloi.com\/wp-content\/uploads\/2022\/07\/THU\u031b\u0323C-PHA\u0302\u0309M-TIE\u0323\u0302N-LO\u031b\u0323I.png","width":1920,"height":1080,"caption":"Th\u1ef1c ph\u1ea9m ti\u1ec7n l\u1ee3i"},"image":{"@id":"https:\/\/thucphamtienloi.com\/#\/schema\/logo\/image\/"}}]}},"_links":{"self":[{"href":"https:\/\/thucphamtienloi.com\/index.php?rest_route=\/wp\/v2\/product\/569","targetHints":{"allow":["GET"]}}],"collection":[{"href":"https:\/\/thucphamtienloi.com\/index.php?rest_route=\/wp\/v2\/product"}],"about":[{"href":"https:\/\/thucphamtienloi.com\/index.php?rest_route=\/wp\/v2\/types\/product"}],"replies":[{"embeddable":true,"href":"https:\/\/thucphamtienloi.com\/index.php?rest_route=%2Fwp%2Fv2%2Fcomments&post=569"}],"wp:featuredmedia":[{"embeddable":true,"href":"https:\/\/thucphamtienloi.com\/index.php?rest_route=\/wp\/v2\/media\/2957"}],"wp:attachment":[{"href":"https:\/\/thucphamtienloi.com\/index.php?rest_route=%2Fwp%2Fv2%2Fmedia&parent=569"}],"wp:term":[{"taxonomy":"product_brand","embeddable":true,"href":"https:\/\/thucphamtienloi.com\/index.php?rest_route=%2Fwp%2Fv2%2Fproduct_brand&post=569"},{"taxonomy":"product_cat","embeddable":true,"href":"https:\/\/thucphamtienloi.com\/index.php?rest_route=%2Fwp%2Fv2%2Fproduct_cat&post=569"},{"taxonomy":"product_tag","embeddable":true,"href":"https:\/\/thucphamtienloi.com\/index.php?rest_route=%2Fwp%2Fv2%2Fproduct_tag&post=569"}],"curies":[{"name":"wp","href":"https:\/\/api.w.org\/{rel}","templated":true}]}}