{"id":588,"date":"2020-06-06T09:32:30","date_gmt":"2020-06-06T09:32:30","guid":{"rendered":"https:\/\/thucphamtienloi.com\/?post_type=product&#038;p=588"},"modified":"2025-10-19T16:15:27","modified_gmt":"2025-10-19T16:15:27","slug":"cha-oc","status":"publish","type":"product","link":"https:\/\/thucphamtienloi.com\/?product=cha-oc","title":{"rendered":"Ch\u1ea3 \u1ed0c"},"content":{"rendered":"<p><strong>Ch\u1ea3 \u1ed1c<\/strong> l\u00e0 m\u00f3n \u0103n \u0111\u01a1n gi\u1ea3n, d\u00e2n d\u00e3 nh\u01b0ng l\u1ea1i r\u1ea5t \u0111\u1eb7c bi\u1ec7t v\u00e0 th\u01a1m ngon. Khi th\u01b0\u1edfng th\u1ee9c t\u1eebng mi\u1ebfng ch\u1ea3 \u1ed1c c\u1ea3m nh\u1eadn \u0111\u01b0\u1ee3c v\u1ecb ng\u1ecdt c\u1ee7a gi\u00f2n, h\u01b0\u01a1ng th\u01a1m c\u1ee7a l\u00e1 l\u1ed1t v\u00e0 v\u1ecb dai gi\u00f2n s\u1ef1t s\u1ef1t c\u1ee7a \u1ed1c l\u00e0m cho m\u00f3n \u0103n tr\u1edf n\u00ean quy\u1ebfn r\u0169 h\u01a1n, h\u1ea5p d\u1eabn bi\u1ebft bao ng\u01b0\u1eddi y\u00eau \u1ea9m th\u1ef1c.<\/p>\n<h2><strong>C\u00e1ch l\u00e0m Ch\u1ea3 \u1ed0c truy\u1ec1n th\u1ed1ng<\/strong><\/h2>\n<p>Ch\u1ea3 \u1ed0c th\u00ec t\u01b0\u1edfng ch\u1eebng r\u1ea5t \u0111\u01a1n gi\u1ea3n, nh\u01b0ng khi ch\u1ebf bi\u1ebfn l\u1ea1i \u0111\u00f2i h\u1ecfi \u00a0\u00a0s\u1ef1 t\u1ec9 m\u1ec9 trong t\u1eebng thao t\u00e1c \u0111\u1ec3 l\u00e0m sao l\u1ef1a ch\u1ecdn \u0111\u01b0\u1ee3c \u1ed0c ngon, b\u00e9o ng\u1eady.C\u00e1ch l\u00e0m \u1ed1c sao \u0111\u1ec3 gi\u1eef \u0111\u01b0\u1ee3c \u0111\u1ed9 nguy\u00ean ch\u1ea5t n\u1ebfu qu\u00e1 l\u1eeda \u1ed1c s\u1ebd kh\u00f4 v\u00e0 m\u1ea5t \u0111i v\u1ecb ng\u1ecdt r\u1ea5t \u0111\u1eb7c tr\u01b0ng khi k\u1ebft h\u1ee3p v\u1edbi nh\u1eefng nguy\u00ean li\u1ec7u kh\u00e1c h\u00f2a quy\u1ec7n l\u1ea1i th\u00e0nh mi\u1ebfng ch\u1ea3 \u1ed1c th\u01a1m ngon.<\/p>\n<h3><strong>Nguy\u00ean li\u1ec7u l\u00e0m\u00a0<\/strong><\/h3>\n<figure id=\"attachment_713\" aria-describedby=\"caption-attachment-713\" style=\"width: 600px\" class=\"wp-caption aligncenter\"><img loading=\"lazy\" decoding=\"async\" class=\"wp-image-713\" src=\"https:\/\/thucphamtienloi.com\/wp-content\/uploads\/2020\/06\/nguyen-lieu-lam-cha-oc-min.jpg\" alt=\"\" width=\"600\" height=\"391\" \/><figcaption id=\"caption-attachment-713\" class=\"wp-caption-text\">Nguy\u00ean li\u1ec7u l\u00e0m ch\u1ea3 \u1ed1c<\/figcaption><\/figure>\n<p>&#8211; \u1ed0c nh\u1ed3i: 1kg<\/p>\n<p>&#8211; Gi\u00f2 s\u1ed1ng: 300 gram<\/p>\n<p>&#8211; M\u1ed9c nh\u0129: 3 c\u00e1i nh\u1ecf<\/p>\n<p>&#8211; L\u00e1 l\u1ed1t, h\u1ea1t ti\u00eau, h\u00e0nh t\u01b0\u01a1i, h\u1ea1t n\u00eam<\/p>\n<h3><strong>C\u00e1ch l\u00e0m\u00a0<\/strong><\/h3>\n<p>&#8211; Ch\u1ecdn \u1ed1c ngo\u00e0i ch\u1ee3, b\u1ea1n lo\u1ea1i b\u1ecf nh\u1eefng con \u1ed1c n\u1ed5i tr\u00ean m\u1eb7t n\u01b0\u1edbc v\u00ec \u1ed1c \u0111\u00e3 ch\u1ebft, khi lu\u1ed9c \u1ed1c l\u00e0m \u1ea3nh h\u01b0\u1edfng m\u00f9i c\u1ee7a nh\u1eefng con \u1ed1c kh\u00e1c.<\/p>\n<p>&#8211; Sau khi mua \u1ed0c mua v\u1ec1, c\u00e1c b\u1ea1n ng\u00e2m 8 ti\u1ebfng b\u1eb1ng n\u01b0\u1edbc vo g\u1ea1o cho \u1ed1c s\u1ea1ch, nh\u1ea3 b\u00f9n.\u00a0Lu\u1ed9c s\u01a1 \u1ed1c qua n\u01b0\u1edbc s\u00f4i \u0111\u1ec3 d\u1ec5 t\u00e1ch ph\u1ea7n th\u1ecbt \u1ed1c v\u1edbi v\u1ecf, ho\u1eb7c c\u00e1c b\u1ea1n \u0111\u1eadp v\u1ee1 \u0111\u00edt \u1ed1c r\u1ed3i l\u1ea5y ph\u1ea7n th\u1ecbt \u1ed1c.<\/p>\n<p>&#8211; R\u1eeda s\u1ea1ch \u1ed1c v\u1edbi mu\u1ed1i v\u00e0 gi\u1ea5m \u0111\u1ec3 \u1ed1c h\u1ebft nh\u1edbt, kh\u00f4ng b\u1ecb tanh.<\/p>\n<p>&#8211; Th\u00e1i \u1ed1c th\u00e0nh mi\u1ebfng v\u1eeba r\u1ed3i b\u0103m nh\u1ecf, kh\u00f4ng c\u1ea7n ph\u1ea3i b\u0103m qu\u00e1 nhuy\u1ec5n, ch\u1ea3 \u1ed1c s\u1ebd gi\u00f2n ngon h\u01a1n.<\/p>\n<p>&#8211; Tr\u1ed9n \u1ed1c \u0111\u00e3 b\u0103m v\u1edbi gi\u00f2 s\u1ed1ng (C\u00e1ch l\u00e0m gi\u00f2 s\u1ed1ng: Mua th\u1ecbt ba ch\u1ec9 v\u1ec1 xay nhuy\u1ec5n m\u1ecbn 3-4 l\u1ea7n l\u00e0 \u0111\u01b0\u1ee3c).<\/p>\n<figure id=\"attachment_712\" aria-describedby=\"caption-attachment-712\" style=\"width: 600px\" class=\"wp-caption aligncenter\"><img loading=\"lazy\" decoding=\"async\" class=\"wp-image-712\" src=\"https:\/\/thucphamtienloi.com\/wp-content\/uploads\/2020\/06\/cach-lam-cha-oc-min-533x400.jpg\" alt=\"\" width=\"600\" height=\"450\" srcset=\"https:\/\/thucphamtienloi.com\/wp-content\/uploads\/2020\/06\/cach-lam-cha-oc-min-533x400.jpg 533w, https:\/\/thucphamtienloi.com\/wp-content\/uploads\/2020\/06\/cach-lam-cha-oc-min-510x383.jpg 510w, https:\/\/thucphamtienloi.com\/wp-content\/uploads\/2020\/06\/cach-lam-cha-oc-min-600x450.jpg 600w, https:\/\/thucphamtienloi.com\/wp-content\/uploads\/2020\/06\/cach-lam-cha-oc-min.jpg 640w\" sizes=\"auto, (max-width: 600px) 100vw, 600px\" \/><figcaption id=\"caption-attachment-712\" class=\"wp-caption-text\">tr\u1ed9n \u0111\u1ec1u \u1ed1c v\u1edbi c\u00e1c nguy\u00ean li\u1ec7u kh\u00e1c<\/figcaption><\/figure>\n<p>&#8211; M\u1ed9c nh\u0129, h\u00e0nh l\u00e1, l\u00e1 l\u1ed1t th\u00e1i s\u1ee3i nh\u1ecf, tr\u1ed9n c\u00f9ng h\u1ed7n h\u1ee3p \u1ed1c, th\u00eam 2 th\u00eca cafe h\u1ea1t ti\u00eau, 3 th\u00eca h\u1ea1t n\u00eam tr\u1ed9n \u0111\u1ec1u, \u0111\u1ec3 kho\u1ea3ng 30 ph\u00fat cho ng\u1ea5m gia v\u1ecb.<\/p>\n<p>&#8211; Vi\u00ean t\u1eebng mi\u1ebfng ch\u1ea3 l\u1ea1i th\u00e0nh h\u00ecnh tr\u00f2n, r\u1ed3i chi\u00ean v\u00e0ng l\u00e0 ta c\u00f3 m\u00f3n ch\u1ea3 \u1ed1c th\u01a1m ngon.<\/p>\n<figure id=\"attachment_711\" aria-describedby=\"caption-attachment-711\" style=\"width: 600px\" class=\"wp-caption aligncenter\"><img loading=\"lazy\" decoding=\"async\" class=\"wp-image-711\" src=\"https:\/\/thucphamtienloi.com\/wp-content\/uploads\/2020\/06\/cach-lam-cha-oc-1-min-627x400.jpg\" alt=\"\" width=\"600\" height=\"383\" srcset=\"https:\/\/thucphamtienloi.com\/wp-content\/uploads\/2020\/06\/cach-lam-cha-oc-1-min-627x400.jpg 627w, https:\/\/thucphamtienloi.com\/wp-content\/uploads\/2020\/06\/cach-lam-cha-oc-1-min-510x325.jpg 510w, https:\/\/thucphamtienloi.com\/wp-content\/uploads\/2020\/06\/cach-lam-cha-oc-1-min-600x383.jpg 600w, https:\/\/thucphamtienloi.com\/wp-content\/uploads\/2020\/06\/cach-lam-cha-oc-1-min.jpg 640w\" sizes=\"auto, (max-width: 600px) 100vw, 600px\" \/><figcaption id=\"caption-attachment-711\" class=\"wp-caption-text\">Vi\u00ean th\u00e0nh t\u1eebng mi\u1ebfng<\/figcaption><\/figure>\n<p>\nMi\u1ebfng ch\u1ea3 khi \u0103n s\u1ebd th\u01a1m d\u1eady m\u00f9i, gi\u00f2n gi\u00f2n s\u1ea7n s\u1eadt v\u00e0 r\u1ea5t l\u1ea1 mi\u1ec7ng!<\/p>\n<h2><strong>\u0110\u1ecba ch\u1ec9 mua Ch\u1ea3 \u1ed0c \u1edf \u0111\u00e2u ?<\/strong><\/h2>\n<p>N\u1ebfu b\u1ea1n kh\u00f4ng c\u00f3 nhi\u1ec1u th\u1eddi gian \u0111\u1ec3 ch\u1ebf bi\u1ebfn m\u00f3n Ch\u1ea3 \u1ed0c th\u00ec h\u00e3y \u0111\u1ec3 <strong>Th\u1ef1c Ph\u1ea9m Ti\u1ec7n L\u1ee3i<\/strong> ph\u1ee5c v\u1ee5 b\u1ea1n.<\/p>\n<p>Khi g\u1ecdi \u0111\u1ebfn <strong>Hotline :<\/strong> <strong class=\"uppercase\">\u00a00987.506.349 <\/strong>b\u1ea1n s\u1ebd \u0111\u01b0\u1ee3c b\u00e1o gi\u00e1 v\u00e0 giao h\u00e0ng nhi\u1ec7t t\u00ecnh v\u00e0 nhanh nh\u1ea5t .<b><\/b><\/p>\n<p><strong>\u0110\u1ecba ch\u1ec9 c\u1eeda h\u00e0ng:\u00a0<\/strong><\/p>\n<p><strong>T\u1ea1i S\u00e0i G\u00f2n:<\/strong>\u00a0184\/17 Nguy\u1ec5n Ph\u00fac Chu, P15, Q. T\u00e2n B\u00ecnh , TP HCM (vui l\u00f2ng g\u1ecdi tr\u01b0\u1edbc khi \u0111\u1ebfn)<br \/>\n<strong>T\u1ea1i H\u00e0 N\u1ed9i\u00a0:\u00a0<\/strong>Chung c\u01b0 349, V\u0169 T\u00f4ng Phan, Thanh Xu\u00e2n, H\u00e0 N\u1ed9i (vui l\u00f2ng g\u1ecdi tr\u01b0\u1edbc khi \u0111\u1ebfn)<\/p>\n<p><strong>Facebook:\u00a0<a href=\"https:\/\/www.facebook.com\/thucphamtienloiFB\">TH\u1ef0C PH\u1ea8M TI\u1ec6N L\u1ee2I<\/a><\/strong><\/p>\n","protected":false},"excerpt":{"rendered":"<p><strong>Ch\u1ea3 \u1ed1c<\/strong> l\u00e0 m\u00f3n \u0103n \u0111\u01a1n gi\u1ea3n, d\u00e2n d\u00e3 nh\u01b0ng l\u1ea1i r\u1ea5t \u0111\u1eb7c bi\u1ec7t v\u00e0 th\u01a1m ngon. Khi th\u01b0\u1edfng th\u1ee9c t\u1eebng mi\u1ebfng ch\u1ea3 \u1ed1c c\u1ea3m nh\u1eadn \u0111\u01b0\u1ee3c v\u1ecb ng\u1ecdt c\u1ee7a gi\u00f2n, h\u01b0\u01a1ng th\u01a1m c\u1ee7a l\u00e1 l\u1ed1t v\u00e0 v\u1ecb dai gi\u00f2n s\u1ef1t s\u1ef1t c\u1ee7a \u1ed1c l\u00e0m cho m\u00f3n \u0103n tr\u1edf n\u00ean quy\u1ebfn r\u0169 h\u01a1n, h\u1ea5p d\u1eabn bi\u1ebft bao ng\u01b0\u1eddi y\u00eau \u1ea9m th\u1ef1c.<\/p>\n<p>&nbsp;<\/p>\n","protected":false},"featured_media":589,"comment_status":"closed","ping_status":"closed","template":"","meta":[],"product_brand":[],"product_cat":[68,69],"product_tag":[147,148,142,143,144,145,146],"class_list":{"0":"post-588","1":"product","2":"type-product","3":"status-publish","4":"has-post-thumbnail","6":"product_cat-dac-san-mien-bac","7":"product_cat-dac-san-mien-trung","8":"product_tag-cha-oc-tai-go-vap","9":"product_tag-cha-oc-tai-tan-binh","10":"product_tag-cha-oc-nhoi-thit","11":"product_tag-cha-oc","12":"product_tag-cua-hang-ban-cha-oc-tai-sai-gon","13":"product_tag-cua-hang-ban-cha-oc-tai-ha-noi","14":"product_tag-cua-hang-ban-cha-oc-tai-tp-hcm","16":"first","17":"instock","18":"shipping-taxable","19":"purchasable","20":"product-type-simple"},"yoast_head":"<!-- This site is optimized with the Yoast SEO plugin v27.4 - https:\/\/yoast.com\/product\/yoast-seo-wordpress\/ -->\n<title>Ch\u1ea3 \u1ed0c - 125k<\/title>\n<meta name=\"description\" content=\"Ch\u1ea3 \u1ed1c l\u00e0 m\u00f3n \u0103n b\u00ecnh d\u1ecb mang \u0111\u1eadm h\u01b0\u01a1ng v\u1ecb \u1ea9m th\u1ef1c \u0111\u1ed3ng qu\u00ea. \u0110\u01b0\u1ee3c k\u1ebft h\u1ee3p t\u1eeb h\u01b0\u01a1ng th\u01a1m c\u1ee7a l\u00e1 l\u1ed1t v\u00e0 v\u1ecb dai gi\u00f2n s\u1ef1t s\u1ef1t c\u1ee7a \u1ed1c.\" \/>\n<meta name=\"robots\" content=\"index, follow, max-snippet:-1, max-image-preview:large, max-video-preview:-1\" \/>\n<link rel=\"canonical\" href=\"https:\/\/thucphamtienloi.com\/?product=cha-oc\" \/>\n<meta property=\"og:locale\" content=\"vi_VN\" \/>\n<meta property=\"og:type\" content=\"article\" \/>\n<meta property=\"og:title\" content=\"Ch\u1ea3 \u1ed0c - 125k\" \/>\n<meta property=\"og:description\" content=\"Ch\u1ea3 \u1ed1c l\u00e0 m\u00f3n \u0103n b\u00ecnh d\u1ecb mang \u0111\u1eadm h\u01b0\u01a1ng v\u1ecb \u1ea9m th\u1ef1c \u0111\u1ed3ng qu\u00ea. \u0110\u01b0\u1ee3c k\u1ebft h\u1ee3p t\u1eeb h\u01b0\u01a1ng th\u01a1m c\u1ee7a l\u00e1 l\u1ed1t v\u00e0 v\u1ecb dai gi\u00f2n s\u1ef1t s\u1ef1t c\u1ee7a \u1ed1c.\" \/>\n<meta property=\"og:url\" content=\"https:\/\/thucphamtienloi.com\/?product=cha-oc\" \/>\n<meta property=\"og:site_name\" content=\"\u1ea8M TH\u1ef0C BA MI\u1ec0N\" \/>\n<meta property=\"article:modified_time\" content=\"2025-10-19T16:15:27+00:00\" \/>\n<meta property=\"og:image\" content=\"https:\/\/thucphamtienloi.com\/wp-content\/uploads\/2020\/06\/cha-oc-min.png\" \/>\n\t<meta property=\"og:image:width\" content=\"300\" \/>\n\t<meta property=\"og:image:height\" content=\"300\" \/>\n\t<meta property=\"og:image:type\" content=\"image\/png\" \/>\n<meta name=\"twitter:card\" content=\"summary_large_image\" \/>\n<meta name=\"twitter:label1\" content=\"\u01af\u1edbc t\u00ednh th\u1eddi gian \u0111\u1ecdc\" \/>\n\t<meta name=\"twitter:data1\" content=\"4 ph\u00fat\" \/>\n<script type=\"application\/ld+json\" class=\"yoast-schema-graph\">{\"@context\":\"https:\\\/\\\/schema.org\",\"@graph\":[{\"@type\":[\"WebPage\",\"ItemPage\"],\"@id\":\"https:\\\/\\\/thucphamtienloi.com\\\/?product=cha-oc\",\"url\":\"https:\\\/\\\/thucphamtienloi.com\\\/?product=cha-oc\",\"name\":\"Ch\u1ea3 \u1ed0c - 125k\",\"isPartOf\":{\"@id\":\"https:\\\/\\\/thucphamtienloi.com\\\/#website\"},\"primaryImageOfPage\":{\"@id\":\"https:\\\/\\\/thucphamtienloi.com\\\/?product=cha-oc#primaryimage\"},\"image\":{\"@id\":\"https:\\\/\\\/thucphamtienloi.com\\\/?product=cha-oc#primaryimage\"},\"thumbnailUrl\":\"https:\\\/\\\/thucphamtienloi.com\\\/wp-content\\\/uploads\\\/2020\\\/06\\\/cha-oc-min.png\",\"datePublished\":\"2020-06-06T09:32:30+00:00\",\"dateModified\":\"2025-10-19T16:15:27+00:00\",\"description\":\"Ch\u1ea3 \u1ed1c l\u00e0 m\u00f3n \u0103n b\u00ecnh d\u1ecb mang \u0111\u1eadm h\u01b0\u01a1ng v\u1ecb \u1ea9m th\u1ef1c \u0111\u1ed3ng qu\u00ea. \u0110\u01b0\u1ee3c k\u1ebft h\u1ee3p t\u1eeb h\u01b0\u01a1ng th\u01a1m c\u1ee7a l\u00e1 l\u1ed1t v\u00e0 v\u1ecb dai gi\u00f2n s\u1ef1t s\u1ef1t c\u1ee7a \u1ed1c.\",\"breadcrumb\":{\"@id\":\"https:\\\/\\\/thucphamtienloi.com\\\/?product=cha-oc#breadcrumb\"},\"inLanguage\":\"vi\",\"potentialAction\":[{\"@type\":\"ReadAction\",\"target\":[\"https:\\\/\\\/thucphamtienloi.com\\\/?product=cha-oc\"]}]},{\"@type\":\"ImageObject\",\"inLanguage\":\"vi\",\"@id\":\"https:\\\/\\\/thucphamtienloi.com\\\/?product=cha-oc#primaryimage\",\"url\":\"https:\\\/\\\/thucphamtienloi.com\\\/wp-content\\\/uploads\\\/2020\\\/06\\\/cha-oc-min.png\",\"contentUrl\":\"https:\\\/\\\/thucphamtienloi.com\\\/wp-content\\\/uploads\\\/2020\\\/06\\\/cha-oc-min.png\",\"width\":300,\"height\":300,\"caption\":\"c\u1ea3 \u1ed1c\"},{\"@type\":\"BreadcrumbList\",\"@id\":\"https:\\\/\\\/thucphamtienloi.com\\\/?product=cha-oc#breadcrumb\",\"itemListElement\":[{\"@type\":\"ListItem\",\"position\":1,\"name\":\"Trang ch\u1ee7\",\"item\":\"https:\\\/\\\/thucphamtienloi.com\\\/\"},{\"@type\":\"ListItem\",\"position\":2,\"name\":\"C\u1eeda H\u00e0ng\",\"item\":\"https:\\\/\\\/thucphamtienloi.com\\\/?page_id=3334\"},{\"@type\":\"ListItem\",\"position\":3,\"name\":\"\u0110\u1eb7c S\u1ea3n Mi\u1ec1n B\u1eafc\",\"item\":\"https:\\\/\\\/thucphamtienloi.com\\\/danh-muc-san-pham\\\/dac-san-mien-bac\\\/\"},{\"@type\":\"ListItem\",\"position\":4,\"name\":\"Ch\u1ea3 \u1ed0c\"}]},{\"@type\":\"WebSite\",\"@id\":\"https:\\\/\\\/thucphamtienloi.com\\\/#website\",\"url\":\"https:\\\/\\\/thucphamtienloi.com\\\/\",\"name\":\"Th\u1ef1c ph\u1ea9m ti\u1ec7n l\u1ee3i\",\"description\":\"\u1ea8m Th\u1ef1c Qu\u00ea H\u01b0\u01a1ng\",\"publisher\":{\"@id\":\"https:\\\/\\\/thucphamtienloi.com\\\/#organization\"},\"potentialAction\":[{\"@type\":\"SearchAction\",\"target\":{\"@type\":\"EntryPoint\",\"urlTemplate\":\"https:\\\/\\\/thucphamtienloi.com\\\/?s={search_term_string}\"},\"query-input\":{\"@type\":\"PropertyValueSpecification\",\"valueRequired\":true,\"valueName\":\"search_term_string\"}}],\"inLanguage\":\"vi\"},{\"@type\":\"Organization\",\"@id\":\"https:\\\/\\\/thucphamtienloi.com\\\/#organization\",\"name\":\"Th\u1ef1c ph\u1ea9m ti\u1ec7n l\u1ee3i\",\"url\":\"https:\\\/\\\/thucphamtienloi.com\\\/\",\"logo\":{\"@type\":\"ImageObject\",\"inLanguage\":\"vi\",\"@id\":\"https:\\\/\\\/thucphamtienloi.com\\\/#\\\/schema\\\/logo\\\/image\\\/\",\"url\":\"https:\\\/\\\/thucphamtienloi.com\\\/wp-content\\\/uploads\\\/2022\\\/07\\\/THU\u031b\u0323C-PHA\u0302\u0309M-TIE\u0323\u0302N-LO\u031b\u0323I.png\",\"contentUrl\":\"https:\\\/\\\/thucphamtienloi.com\\\/wp-content\\\/uploads\\\/2022\\\/07\\\/THU\u031b\u0323C-PHA\u0302\u0309M-TIE\u0323\u0302N-LO\u031b\u0323I.png\",\"width\":1920,\"height\":1080,\"caption\":\"Th\u1ef1c ph\u1ea9m ti\u1ec7n l\u1ee3i\"},\"image\":{\"@id\":\"https:\\\/\\\/thucphamtienloi.com\\\/#\\\/schema\\\/logo\\\/image\\\/\"}}]}<\/script>\n<!-- \/ Yoast SEO plugin. -->","yoast_head_json":{"title":"Ch\u1ea3 \u1ed0c - 125k","description":"Ch\u1ea3 \u1ed1c l\u00e0 m\u00f3n \u0103n b\u00ecnh d\u1ecb mang \u0111\u1eadm h\u01b0\u01a1ng v\u1ecb \u1ea9m th\u1ef1c \u0111\u1ed3ng qu\u00ea. \u0110\u01b0\u1ee3c k\u1ebft h\u1ee3p t\u1eeb h\u01b0\u01a1ng th\u01a1m c\u1ee7a l\u00e1 l\u1ed1t v\u00e0 v\u1ecb dai gi\u00f2n s\u1ef1t s\u1ef1t c\u1ee7a \u1ed1c.","robots":{"index":"index","follow":"follow","max-snippet":"max-snippet:-1","max-image-preview":"max-image-preview:large","max-video-preview":"max-video-preview:-1"},"canonical":"https:\/\/thucphamtienloi.com\/?product=cha-oc","og_locale":"vi_VN","og_type":"article","og_title":"Ch\u1ea3 \u1ed0c - 125k","og_description":"Ch\u1ea3 \u1ed1c l\u00e0 m\u00f3n \u0103n b\u00ecnh d\u1ecb mang \u0111\u1eadm h\u01b0\u01a1ng v\u1ecb \u1ea9m th\u1ef1c \u0111\u1ed3ng qu\u00ea. \u0110\u01b0\u1ee3c k\u1ebft h\u1ee3p t\u1eeb h\u01b0\u01a1ng th\u01a1m c\u1ee7a l\u00e1 l\u1ed1t v\u00e0 v\u1ecb dai gi\u00f2n s\u1ef1t s\u1ef1t c\u1ee7a \u1ed1c.","og_url":"https:\/\/thucphamtienloi.com\/?product=cha-oc","og_site_name":"\u1ea8M TH\u1ef0C BA MI\u1ec0N","article_modified_time":"2025-10-19T16:15:27+00:00","og_image":[{"width":300,"height":300,"url":"https:\/\/thucphamtienloi.com\/wp-content\/uploads\/2020\/06\/cha-oc-min.png","type":"image\/png"}],"twitter_card":"summary_large_image","twitter_misc":{"\u01af\u1edbc t\u00ednh th\u1eddi gian \u0111\u1ecdc":"4 ph\u00fat"},"schema":{"@context":"https:\/\/schema.org","@graph":[{"@type":["WebPage","ItemPage"],"@id":"https:\/\/thucphamtienloi.com\/?product=cha-oc","url":"https:\/\/thucphamtienloi.com\/?product=cha-oc","name":"Ch\u1ea3 \u1ed0c - 125k","isPartOf":{"@id":"https:\/\/thucphamtienloi.com\/#website"},"primaryImageOfPage":{"@id":"https:\/\/thucphamtienloi.com\/?product=cha-oc#primaryimage"},"image":{"@id":"https:\/\/thucphamtienloi.com\/?product=cha-oc#primaryimage"},"thumbnailUrl":"https:\/\/thucphamtienloi.com\/wp-content\/uploads\/2020\/06\/cha-oc-min.png","datePublished":"2020-06-06T09:32:30+00:00","dateModified":"2025-10-19T16:15:27+00:00","description":"Ch\u1ea3 \u1ed1c l\u00e0 m\u00f3n \u0103n b\u00ecnh d\u1ecb mang \u0111\u1eadm h\u01b0\u01a1ng v\u1ecb \u1ea9m th\u1ef1c \u0111\u1ed3ng qu\u00ea. \u0110\u01b0\u1ee3c k\u1ebft h\u1ee3p t\u1eeb h\u01b0\u01a1ng th\u01a1m c\u1ee7a l\u00e1 l\u1ed1t v\u00e0 v\u1ecb dai gi\u00f2n s\u1ef1t s\u1ef1t c\u1ee7a \u1ed1c.","breadcrumb":{"@id":"https:\/\/thucphamtienloi.com\/?product=cha-oc#breadcrumb"},"inLanguage":"vi","potentialAction":[{"@type":"ReadAction","target":["https:\/\/thucphamtienloi.com\/?product=cha-oc"]}]},{"@type":"ImageObject","inLanguage":"vi","@id":"https:\/\/thucphamtienloi.com\/?product=cha-oc#primaryimage","url":"https:\/\/thucphamtienloi.com\/wp-content\/uploads\/2020\/06\/cha-oc-min.png","contentUrl":"https:\/\/thucphamtienloi.com\/wp-content\/uploads\/2020\/06\/cha-oc-min.png","width":300,"height":300,"caption":"c\u1ea3 \u1ed1c"},{"@type":"BreadcrumbList","@id":"https:\/\/thucphamtienloi.com\/?product=cha-oc#breadcrumb","itemListElement":[{"@type":"ListItem","position":1,"name":"Trang ch\u1ee7","item":"https:\/\/thucphamtienloi.com\/"},{"@type":"ListItem","position":2,"name":"C\u1eeda H\u00e0ng","item":"https:\/\/thucphamtienloi.com\/?page_id=3334"},{"@type":"ListItem","position":3,"name":"\u0110\u1eb7c S\u1ea3n Mi\u1ec1n B\u1eafc","item":"https:\/\/thucphamtienloi.com\/danh-muc-san-pham\/dac-san-mien-bac\/"},{"@type":"ListItem","position":4,"name":"Ch\u1ea3 \u1ed0c"}]},{"@type":"WebSite","@id":"https:\/\/thucphamtienloi.com\/#website","url":"https:\/\/thucphamtienloi.com\/","name":"Th\u1ef1c ph\u1ea9m ti\u1ec7n l\u1ee3i","description":"\u1ea8m Th\u1ef1c Qu\u00ea H\u01b0\u01a1ng","publisher":{"@id":"https:\/\/thucphamtienloi.com\/#organization"},"potentialAction":[{"@type":"SearchAction","target":{"@type":"EntryPoint","urlTemplate":"https:\/\/thucphamtienloi.com\/?s={search_term_string}"},"query-input":{"@type":"PropertyValueSpecification","valueRequired":true,"valueName":"search_term_string"}}],"inLanguage":"vi"},{"@type":"Organization","@id":"https:\/\/thucphamtienloi.com\/#organization","name":"Th\u1ef1c ph\u1ea9m ti\u1ec7n l\u1ee3i","url":"https:\/\/thucphamtienloi.com\/","logo":{"@type":"ImageObject","inLanguage":"vi","@id":"https:\/\/thucphamtienloi.com\/#\/schema\/logo\/image\/","url":"https:\/\/thucphamtienloi.com\/wp-content\/uploads\/2022\/07\/THU\u031b\u0323C-PHA\u0302\u0309M-TIE\u0323\u0302N-LO\u031b\u0323I.png","contentUrl":"https:\/\/thucphamtienloi.com\/wp-content\/uploads\/2022\/07\/THU\u031b\u0323C-PHA\u0302\u0309M-TIE\u0323\u0302N-LO\u031b\u0323I.png","width":1920,"height":1080,"caption":"Th\u1ef1c ph\u1ea9m ti\u1ec7n l\u1ee3i"},"image":{"@id":"https:\/\/thucphamtienloi.com\/#\/schema\/logo\/image\/"}}]}},"_links":{"self":[{"href":"https:\/\/thucphamtienloi.com\/index.php?rest_route=\/wp\/v2\/product\/588","targetHints":{"allow":["GET"]}}],"collection":[{"href":"https:\/\/thucphamtienloi.com\/index.php?rest_route=\/wp\/v2\/product"}],"about":[{"href":"https:\/\/thucphamtienloi.com\/index.php?rest_route=\/wp\/v2\/types\/product"}],"replies":[{"embeddable":true,"href":"https:\/\/thucphamtienloi.com\/index.php?rest_route=%2Fwp%2Fv2%2Fcomments&post=588"}],"wp:featuredmedia":[{"embeddable":true,"href":"https:\/\/thucphamtienloi.com\/index.php?rest_route=\/wp\/v2\/media\/589"}],"wp:attachment":[{"href":"https:\/\/thucphamtienloi.com\/index.php?rest_route=%2Fwp%2Fv2%2Fmedia&parent=588"}],"wp:term":[{"taxonomy":"product_brand","embeddable":true,"href":"https:\/\/thucphamtienloi.com\/index.php?rest_route=%2Fwp%2Fv2%2Fproduct_brand&post=588"},{"taxonomy":"product_cat","embeddable":true,"href":"https:\/\/thucphamtienloi.com\/index.php?rest_route=%2Fwp%2Fv2%2Fproduct_cat&post=588"},{"taxonomy":"product_tag","embeddable":true,"href":"https:\/\/thucphamtienloi.com\/index.php?rest_route=%2Fwp%2Fv2%2Fproduct_tag&post=588"}],"curies":[{"name":"wp","href":"https:\/\/api.w.org\/{rel}","templated":true}]}}