{"id":594,"date":"2020-06-06T09:36:00","date_gmt":"2020-06-06T09:36:00","guid":{"rendered":"https:\/\/thucphamtienloi.com\/?post_type=product&#038;p=594"},"modified":"2026-04-15T05:34:24","modified_gmt":"2026-04-15T05:34:24","slug":"ke-ga-dong-tao","status":"publish","type":"product","link":"https:\/\/thucphamtienloi.com\/?product=ke-ga-dong-tao","title":{"rendered":"K\u00ea G\u00e0 \u0110\u00f4ng T\u1ea3o &#8211; 300k &#8211; S\u1ec9 &#038; l\u1ebb to\u00e0n qu\u1ed1c"},"content":{"rendered":"<p>Ng\u1ecdc K\u00ea G\u00e0 t\u1ea1i <strong>th\u1ef1c ph\u1ea9m ti\u1ec7n l\u1ee3i<\/strong> \u0111\u01b0\u1ee3c \u0111\u00f3ng g\u00f3i h\u00fat ch\u00e2n kh\u00f4ng v\u00e0 b\u1ea3o qu\u1ea3n trong kho \u0111\u00f4ng l\u1ea1nh \u0111\u1ea3m b\u1ea3o ch\u1ea5t l\u01b0\u1ee3ng khi s\u1eed d\u1ee5ng. Qu\u00fd kh\u00e1ch c\u00f3 nhu c\u1ea7u \u0111\u1eb7t mua vui l\u00f2ng li\u00ean h\u1ec7 <strong>Hotline :<\/strong> <strong class=\"uppercase\">0987.506.349.<\/strong><\/p>\n<p>K\u00ea g\u00e0 l\u00e0 m\u1ed9t trong nh\u1eefng b\u1ed9 ph\u1eadn n\u1ed9i t\u1ea1ng g\u00e0 \u0111\u01b0\u1ee3c nhi\u1ec1u ng\u01b0\u1eddi y\u00eau th\u00edch, \u0111\u00e2y l\u00e0 tinh ho\u00e0n g\u00e0 tr\u1ed1ng, g\u1ecdi l\u00e0 ng\u1ecdc k\u00ea g\u00e0 hay h\u1ea1t k\u00ea g\u00e0, \u0111\u01b0\u1ee3c d\u00e2n gian truy\u1ec1n mi\u1ec7ng l\u00e0 m\u00f3n \u0103n \u201cch\u1eefa b\u1ea5t l\u1ef1c cho nam gi\u1edbi, gi\u00fap ph\u1ee5 n\u1eef c\u00f3 b\u1ed9 ng\u1ef1c n\u1ea3y n\u1edf h\u01a1n\u201d.<\/p>\n<p><strong><img loading=\"lazy\" decoding=\"async\" class=\"aligncenter wp-image-694\" src=\"https:\/\/thucphamtienloi.com\/wp-content\/uploads\/2020\/06\/ngoc-ke-ga-1-min-622x400.jpg\" alt=\"\" width=\"600\" height=\"386\" srcset=\"https:\/\/thucphamtienloi.com\/wp-content\/uploads\/2020\/06\/ngoc-ke-ga-1-min-622x400.jpg 622w, https:\/\/thucphamtienloi.com\/wp-content\/uploads\/2020\/06\/ngoc-ke-ga-1-min-510x328.jpg 510w, https:\/\/thucphamtienloi.com\/wp-content\/uploads\/2020\/06\/ngoc-ke-ga-1-min-1244x800.jpg 1244w, https:\/\/thucphamtienloi.com\/wp-content\/uploads\/2020\/06\/ngoc-ke-ga-1-min-768x494.jpg 768w, https:\/\/thucphamtienloi.com\/wp-content\/uploads\/2020\/06\/ngoc-ke-ga-1-min-600x386.jpg 600w, https:\/\/thucphamtienloi.com\/wp-content\/uploads\/2020\/06\/ngoc-ke-ga-1-min.jpg 1401w\" sizes=\"auto, (max-width: 600px) 100vw, 600px\" \/><\/strong><\/p>\n<p>Ng\u1ecdc k\u00ea g\u00e0 ( tr\u1ee9ng d\u00e1i g\u00e0), l\u00e0 m\u00f3n \u0103n r\u1ea5t d\u1ec5 ch\u1ebf bi\u1ebfn v\u00e0 b\u1ed5 d\u01b0\u1ee1ng t\u0103ng c\u01b0\u1eddng s\u1ee9c kh\u1ecfe b\u1ed5 th\u1eadn tr\u00e1ng d\u01b0\u01a1ng, ch\u1eefa xu\u1ea5t tinh s\u1edbm, ph\u00f2ng tr\u00e1nh b\u1ea5t l\u1ef1c\u2026<\/p>\n<h2><strong>T\u00e1c d\u1ee5ng c\u1ee7a ng\u1ecdc k\u00ea g\u00e0<\/strong><\/h2>\n<p>X\u01b0a nay nhi\u1ec1u ng\u01b0\u1eddi c\u00f3 m\u1ed9t quan ni\u1ec7m \u0111\u00e3 \u0103n s\u00e2u b\u00e1m r\u1ec5 v\u00e0o \u00fd th\u1ee9c r\u1eb1ng \u201c\u0103n g\u00ec b\u1ed5 n\u1ea5y\u201d. V\u00ed d\u1ee5 nh\u01b0 \u0103n \u00f3c l\u1ee3n s\u1ebd b\u1ed5 n\u00e3o, tr\u1edf n\u00ean th\u00f4ng minh h\u01a1n. \u0102n c\u1eadt th\u00ec b\u1ed5 th\u1eadn. \u0110\u1ec3 tr\u00e1ng d\u01b0\u01a1ng, h\u01b0\u1edfng th\u1ee5 kho\u00e1i l\u1ea1c t\u1ed1t h\u01a1n, ng\u01b0\u1eddi ta m\u00e1ch nhau \u0103n k\u00ea g\u00e0 v\u00ec cho r\u1eb1ng m\u00f3n \u0103n n\u00e0y c\u00f3 th\u1ec3 gi\u00fap cho \u201cc\u1eadu nh\u1ecf\u201d tr\u1edf n\u00ean ho\u00e0nh tr\u00e1ng.<\/p>\n<p><img loading=\"lazy\" decoding=\"async\" class=\"aligncenter wp-image-698\" src=\"https:\/\/thucphamtienloi.com\/wp-content\/uploads\/2020\/06\/tac-dung-cua-ngoc-ke-ga-min-481x400.jpg\" alt=\"\" width=\"600\" height=\"499\" srcset=\"https:\/\/thucphamtienloi.com\/wp-content\/uploads\/2020\/06\/tac-dung-cua-ngoc-ke-ga-min-481x400.jpg 481w, https:\/\/thucphamtienloi.com\/wp-content\/uploads\/2020\/06\/tac-dung-cua-ngoc-ke-ga-min-510x424.jpg 510w, https:\/\/thucphamtienloi.com\/wp-content\/uploads\/2020\/06\/tac-dung-cua-ngoc-ke-ga-min-962x800.jpg 962w, https:\/\/thucphamtienloi.com\/wp-content\/uploads\/2020\/06\/tac-dung-cua-ngoc-ke-ga-min-768x639.jpg 768w, https:\/\/thucphamtienloi.com\/wp-content\/uploads\/2020\/06\/tac-dung-cua-ngoc-ke-ga-min-600x499.jpg 600w, https:\/\/thucphamtienloi.com\/wp-content\/uploads\/2020\/06\/tac-dung-cua-ngoc-ke-ga-min.jpg 1000w\" sizes=\"auto, (max-width: 600px) 100vw, 600px\" \/><\/p>\n<p>Theo c\u00e1c t\u00e0i li\u1ec7u nghi\u00ean c\u1ee9u, k\u00ea g\u00e0 ch\u1ee9a r\u1ea5t nhi\u1ec1u ch\u1ea5t b\u00e9o, r\u1ea5t m\u1ec1m, t\u01b0\u01a1ng t\u1ef1 nh\u01b0 \u0111\u1eadu ph\u1ee5. Do \u0111\u00f3, c\u00f3 t\u00e1c d\u1ee5ng l\u00e0m \u0111\u1eb9p v\u00e0 ch\u0103m s\u00f3c da cho ph\u1ee5 n\u1eef. L\u1ee3i \u00edch c\u1ee7a k\u00ea g\u00e0 l\u00e0 gi\u00fap l\u00e0m n\u1edf ng\u1ef1c, cung c\u1ea5p th\u00eam n\u1ed9i ti\u1ebft t\u1ed1 nam, c\u00f3 th\u1ec3 k\u00edch th\u00edch t\u00ecnh d\u1ee5c, gi\u00fap b\u1ed5 th\u1eadn tr\u00e1ng d\u01b0\u01a1ng.<\/p>\n<p>Nh\u1eefng ng\u01b0\u1eddi m\u1eafc b\u1ec7nh th\u1eadn h\u01b0, li\u1ec7t d\u01b0\u01a1ng, xu\u1ea5t tinh s\u1edbm, c\u00f3 th\u1ec3 \u0103n tinh ho\u00e0n g\u00e0, gi\u00fap c\u1ea3i thi\u1ec7n kh\u1ea3 n\u0103ng t\u00ecnh d\u1ee5c v\u00e0 ch\u1ee9c n\u0103ng sinh s\u1ea3n.<\/p>\n<h2><strong>M\u1ed9t s\u1ed1 m\u00f3n \u0103n t\u1eeb Ng\u1ecdc K\u00ea G\u00e0<\/strong><\/h2>\n<p>Ch\u1eafc h\u1eb3n nhi\u1ec1u m\u1eb9 n\u1ed9i tr\u1ee3 s\u1ebd kh\u00f4ng bi\u1ebft ng\u1ecdc k\u00ea g\u00e0 l\u00e0m m\u00f3n g\u00ec ngon? d\u1ec5 l\u00e0m lai b\u1ed5 d\u01b0\u1ee1ng cho c\u1ea3 nh\u00e0. C\u0169ng b\u1edfi v\u00ec k\u00ea g\u00e0 kh\u00e1 hi\u1ebfm, c\u0169ng kh\u00e1 \u0111\u1eaft \u00edt \u0111\u01b0\u1ee3c l\u00e0m m\u00f3n \u0103n trong th\u1ef1c \u0111\u01a1n h\u1eb1ng ng\u00e0y n\u00ean nhi\u1ec1u ch\u1ecb em kh\u00f4ng bi\u1ebft ch\u1ebf bi\u1ebfn nh\u01b0 th\u1ebf n\u00e0o \u0111\u1ec3 cho ngon l\u00e0 \u0111i\u1ec1u d\u1ec5 hi\u1ec3u. Sau \u0111\u00e2y c\u00e1c m\u1eb9, ch\u1ecb em c\u00f9ng <strong>Th\u1ef1c Ph\u1ea9m Ti\u1ec7n L\u1ee3i<\/strong> t\u00ecm hi\u1ec3u c\u00e1c m\u00f3n ngon nh\u1ea5t, b\u1ed5 d\u01b0\u1ee1ng nh\u1ea5t t\u1eeb ng\u1ecdc k\u00ea g\u00e0 nh\u00e9!<\/p>\n<h3><strong>Ng\u1ecdc k\u00ea g\u00e0 ti\u1ec1m \u0111\u00f4ng tr\u00f9ng h\u1ea1 th\u1ea3o<\/strong><\/h3>\n<p><strong><img loading=\"lazy\" decoding=\"async\" class=\"aligncenter wp-image-696\" src=\"https:\/\/thucphamtienloi.com\/wp-content\/uploads\/2020\/06\/ngoc-ke-ga-ham-dong-trung-ha-thao-min.jpg\" alt=\"\" width=\"600\" height=\"338\" srcset=\"https:\/\/thucphamtienloi.com\/wp-content\/uploads\/2020\/06\/ngoc-ke-ga-ham-dong-trung-ha-thao-min.jpg 512w, https:\/\/thucphamtienloi.com\/wp-content\/uploads\/2020\/06\/ngoc-ke-ga-ham-dong-trung-ha-thao-min-510x287.jpg 510w\" sizes=\"auto, (max-width: 600px) 100vw, 600px\" \/><\/strong><\/p>\n<p><strong>Nguy\u00ean li\u1ec7u<\/strong> :\u00a0<\/p>\n<ul>\n<li class=\"ingredient\">150 g ng\u1ecdc k\u00ea<\/li>\n<li class=\"ingredient\">8 tr\u00e1i nh\u00e3n nh\u1ee5c<\/li>\n<li class=\"ingredient\">1 mu\u1ed7ng cafe cau k\u1ec9 t\u1eed<\/li>\n<li class=\"ingredient\">10 g \u0111\u00f4ng tr\u00f9ng h\u1ea1 th\u1ea3o t\u01b0\u01a1i<\/li>\n<li class=\"ingredient\">200 ml n\u01b0\u1edbc<\/li>\n<li class=\"ingredient\">1\/4 mu\u1ed7ng cafe mu\u1ed1i<\/li>\n<\/ul>\n<p><strong>C\u00e1c b\u01b0\u1edbc l\u00e0m\u00a0<\/strong><\/p>\n<ul>\n<li>Ng\u1ecdc k\u00ea r\u1eeda s\u1ea1ch s\u1ebd. Nh\u1eb9 nh\u00e0ng r\u1eeda \u0111\u00f4ng tr\u00f9ng h\u1ea1 th\u1ea3o<\/li>\n<li>Cho t\u1ea5c c\u1ea3 v\u00e0o th\u1ed1 ch\u01b0ng<\/li>\n<li>R\u1ed3i cho n\u01b0\u1edbc v\u00e0 mu\u1ed1i v\u00e0o. Cho l\u00ean x\u1eedng h\u1ea5p. Ch\u01b0ng c\u00e1ch thu\u1ef7 20 ph\u00fat.<\/li>\n<li>Khi \u0103n c\u00f3 th\u1ec3 ch\u1ea5m c\u00f9ng mu\u1ed1i ti\u00eau<\/li>\n<\/ul>\n<h3><strong>Ng\u1ecdc k\u00ea g\u00e0 ch\u00e1y t\u1ecfi<\/strong><\/h3>\n<p><strong><img loading=\"lazy\" decoding=\"async\" class=\"aligncenter wp-image-695\" src=\"https:\/\/thucphamtienloi.com\/wp-content\/uploads\/2020\/06\/ngoc-ke-ga-chay-toi-min-711x400.jpg\" alt=\"\" width=\"600\" height=\"338\" srcset=\"https:\/\/thucphamtienloi.com\/wp-content\/uploads\/2020\/06\/ngoc-ke-ga-chay-toi-min-711x400.jpg 711w, https:\/\/thucphamtienloi.com\/wp-content\/uploads\/2020\/06\/ngoc-ke-ga-chay-toi-min-510x287.jpg 510w, https:\/\/thucphamtienloi.com\/wp-content\/uploads\/2020\/06\/ngoc-ke-ga-chay-toi-min-768x432.jpg 768w, https:\/\/thucphamtienloi.com\/wp-content\/uploads\/2020\/06\/ngoc-ke-ga-chay-toi-min-600x338.jpg 600w, https:\/\/thucphamtienloi.com\/wp-content\/uploads\/2020\/06\/ngoc-ke-ga-chay-toi-min.jpg 1280w\" sizes=\"auto, (max-width: 600px) 100vw, 600px\" \/><\/strong><\/p>\n<p><strong>Nguy\u00ean li\u1ec7u<\/strong><\/p>\n<ul>\n<li class=\"ingredient\">Ng\u1ecdc k\u00ea(tr\u1ee9ng d\u00e1i g\u00e0) h\u00e0nh T\u00e2y-h\u00e0nh l\u00e1<\/li>\n<li class=\"ingredient\">T\u1ecfi-\u1edbt-ti\u00eau-d\u1ea7u \u0111i\u1ec1u<\/li>\n<li class=\"ingredient\">N\u01b0\u1edbc m\u1eafm- \u0111\u01b0\u1eddng-b\u1ed9t ng\u1ecdt-mu\u1ed1i<\/li>\n<\/ul>\n<p><strong>C\u00e1c b\u01b0\u1edbc l\u00e0m<\/strong><\/p>\n<ul>\n<li>Ng\u1ecdc k\u00ea mang x\u00e0o s\u0103n b\u1ecf ra d\u0129a. Phi t\u1ecfi \u1edbt v\u1edbi d\u1ea7u m\u00e0u \u0111i\u1ec1u cho th\u01a1m r\u1ed3i \u0111\u1ed5 Ng\u1ecdc k\u00ea v\u00e0o x\u00e0o ch\u00edn n\u00eam n\u01b0\u1edbc m\u1eafm \u0111\u01b0\u1eddng b\u1ed9t ng\u1ecdt cho v\u1eeba \u0103n.<\/li>\n<li>G\u1ea7n ch\u00edn cho h\u00e0nh T\u00e2y v\u00e0o r\u1ed3i cho h\u00e0nh l\u00e1 c\u1eaft kh\u00fac \u0111\u1ea3o t\u1ea7m 30s l\u00e0 \u0111\u01b0\u1ee3c \u0111\u1ec3 l\u00e2u h\u00e0nh l\u00e1 t\u00f3p l\u1ea1i Ko \u0111\u1eb9p!<\/li>\n<li>B\u00e0y ra d\u0129a v\u00e0 r\u1eafc ti\u00eau xay l\u00ean!<\/li>\n<\/ul>\n<h3><strong>Ng\u1ecdc k\u00ea g\u00e0 x\u00e0o hoa thi\u00ean l\u00fd<\/strong><\/h3>\n<p><img loading=\"lazy\" decoding=\"async\" class=\"aligncenter wp-image-692\" src=\"https:\/\/thucphamtienloi.com\/wp-content\/uploads\/2020\/06\/ke-ga-xao-hoa-thien-ly-min-479x400.jpg\" alt=\"\" width=\"600\" height=\"501\" srcset=\"https:\/\/thucphamtienloi.com\/wp-content\/uploads\/2020\/06\/ke-ga-xao-hoa-thien-ly-min-479x400.jpg 479w, https:\/\/thucphamtienloi.com\/wp-content\/uploads\/2020\/06\/ke-ga-xao-hoa-thien-ly-min-510x426.jpg 510w, https:\/\/thucphamtienloi.com\/wp-content\/uploads\/2020\/06\/ke-ga-xao-hoa-thien-ly-min-958x800.jpg 958w, https:\/\/thucphamtienloi.com\/wp-content\/uploads\/2020\/06\/ke-ga-xao-hoa-thien-ly-min-768x641.jpg 768w, https:\/\/thucphamtienloi.com\/wp-content\/uploads\/2020\/06\/ke-ga-xao-hoa-thien-ly-min-600x501.jpg 600w, https:\/\/thucphamtienloi.com\/wp-content\/uploads\/2020\/06\/ke-ga-xao-hoa-thien-ly-min.jpg 1000w\" sizes=\"auto, (max-width: 600px) 100vw, 600px\" \/><\/p>\n<p><strong>Nguy\u00ean li\u1ec7u :\u00a0<\/strong><\/p>\n<ul>\n<li>Ng\u1ecdc k\u00ea : 300 gram<\/li>\n<li>Hoa thi\u00ean l\u00fd : 300 gram<\/li>\n<li>Gia v\u1ecb ph\u1ee5 kh\u00e1c nh\u01b0 t\u1ecfi b\u1eb1m,d\u1ea7u \u0103n,h\u1ea1t n\u00eam,ti\u00eau,\u1edbt,n\u01b0\u1edbc t\u01b0\u01a1ng.<\/li>\n<\/ul>\n<p><strong>C\u00e1c b\u01b0\u1edbc l\u00e0m<\/strong><\/p>\n<ul>\n<li>Cho ch\u1ea3o n\u00f3ng,r\u1ed3i phi d\u1ea7u t\u1ecfi cho th\u01a1m \u00a0v\u00e0ng th\u00ec cho Ng\u1ecdc k\u00ea v\u00e0o x\u00e0o nhanh tay cho ch\u00edn t\u1edbi r\u1ed3i cho hoa thi\u00ean l\u00fd v\u00e0o tr\u1ed9n \u0111\u1ec1u v\u1eeba ch\u00edn t\u1edbi l\u00e0 t\u1eaft l\u1eeda,cho 1 \u00edt h\u1ea1t n\u00eam v\u00e0o cho v\u1eeba \u0103n.<\/li>\n<li>R\u1eafc \u00edt ti\u00eau, th\u00eam ch\u00fat t\u1ecfi b\u1eb1m l\u1ea7n cu\u1ed1i r\u1ed3i nh\u1eafc xu\u1ed1ng! Ngon tuy\u1ec7t, c\u00f3 th\u1ec3 \u0103n v\u1edbi n\u01b0\u1edbc t\u01b0\u01a1ng d\u1eb1m \u1edbt hi\u1ec3m, n\u01b0\u1edbc m\u1eafm t\u1ecfi \u1edbt chua ng\u1ecdt ho\u1eb7c ch\u00fat mu\u1ed1i ti\u00eau chanh \u1edbt<\/li>\n<\/ul>\n<h2><strong>\u0110\u1ecba ch\u1ec9 mua Ng\u1ecdc K\u00ea G\u00e0 \u1edf Tp HCM<\/strong><\/h2>\n<p>Qu\u00fd kh\u00e1ch c\u00f3 nhu c\u1ea7u mua h\u00e0ng vui l\u00f2ng li\u00ean h\u1ec7 :<\/p>\n<p><strong>Hotline\/Zalo:<\/strong>\u00a0<strong class=\"uppercase\">0987.506.349<\/strong><br \/>\n<strong>T\u1ea1i S\u00e0i G\u00f2n:<\/strong>\u00a0184\/17 Nguy\u1ec5n Ph\u00fac Chu, P15, Q. T\u00e2n B\u00ecnh , TP HCM (vui l\u00f2ng g\u1ecdi tr\u01b0\u1edbc khi \u0111\u1ebfn)<br \/>\n<strong>Website : <a href=\"https:\/\/thucphamtienloi.com\/\" target=\"_blank\" rel=\"noopener noreferrer\">https:\/\/www.thucphamtienloi.com<\/a><\/strong><br \/>\n<strong>Facebook: <a href=\"https:\/\/www.facebook.com\/thucphamtienloiFB\">TH\u1ef0C PH\u1ea8M TI\u1ec6N L\u1ee2I<\/a><\/strong><\/p>\n","protected":false},"excerpt":{"rendered":"<p>Ng\u1ecdc K\u00ea G\u00e0 t\u1ea1i <strong>th\u1ef1c ph\u1ea9m ti\u1ec7n l\u1ee3i<\/strong> \u0111\u01b0\u1ee3c \u0111\u00f3ng g\u00f3i h\u00fat ch\u00e2n kh\u00f4ng v\u00e0 b\u1ea3o qu\u1ea3n trong kho \u0111\u00f4ng l\u1ea1nh \u0111\u1ea3m b\u1ea3o ch\u1ea5t l\u01b0\u1ee3ng khi s\u1eed d\u1ee5ng. Qu\u00fd kh\u00e1ch c\u00f3 nhu c\u1ea7u \u0111\u1eb7t mua vui l\u00f2ng li\u00ean h\u1ec7 <strong>Hotline :<\/strong> <strong class=\"uppercase\">0987.506.349.<\/strong><\/p>\n<p>&nbsp;<\/p>\n","protected":false},"featured_media":595,"comment_status":"closed","ping_status":"closed","template":"","meta":[],"product_brand":[],"product_cat":[68,71],"product_tag":[127,128,129,130,131,125,126],"class_list":{"0":"post-594","1":"product","2":"type-product","3":"status-publish","4":"has-post-thumbnail","6":"product_cat-dac-san-mien-bac","7":"product_cat-thuc-pham-tuoi-song","8":"product_tag-dai-ga","9":"product_tag-cua-hang-ban-ke-ga-tai-sai-gon","10":"product_tag-ban-dai-ga-tai-sai-gon","11":"product_tag-ke-ga-tai-go-vap","12":"product_tag-ke-ga-tai-tan-binh","13":"product_tag-ngoc-ke-ga","14":"product_tag-ke-ga-sach","16":"first","17":"instock","18":"featured","19":"shipping-taxable","20":"purchasable","21":"product-type-simple"},"yoast_head":"<!-- This site is optimized with the Yoast SEO plugin v27.4 - https:\/\/yoast.com\/product\/yoast-seo-wordpress\/ -->\n<title>K\u00ea G\u00e0 \u0110\u00f4ng T\u1ea3o - 300k - S\u1ec9 &amp; l\u1ebb to\u00e0n qu\u1ed1c<\/title>\n<meta name=\"description\" content=\"Ng\u1ecdc K\u00ea G\u00e0 \u0111\u01b0\u1ee3c \u0111\u00f3ng g\u00f3i h\u00fat ch\u00e2n kh\u00f4ng v\u00e0 b\u1ea3o qu\u1ea3n trong kho l\u1ea1nh \u0111\u1ea3m b\u1ea3o ch\u1ea5t l\u01b0\u1ee3ng khi s\u1eed d\u1ee5ng. Hotline mua h\u00e0ng : 0987.506.349\" \/>\n<meta name=\"robots\" content=\"index, follow, max-snippet:-1, max-image-preview:large, max-video-preview:-1\" \/>\n<link rel=\"canonical\" href=\"https:\/\/thucphamtienloi.com\/?product=ke-ga-dong-tao\" \/>\n<meta property=\"og:locale\" content=\"vi_VN\" \/>\n<meta property=\"og:type\" content=\"article\" \/>\n<meta property=\"og:title\" content=\"K\u00ea G\u00e0 \u0110\u00f4ng T\u1ea3o - 300k - S\u1ec9 &amp; l\u1ebb to\u00e0n qu\u1ed1c\" \/>\n<meta property=\"og:description\" content=\"Ng\u1ecdc K\u00ea G\u00e0 \u0111\u01b0\u1ee3c \u0111\u00f3ng g\u00f3i h\u00fat ch\u00e2n kh\u00f4ng v\u00e0 b\u1ea3o qu\u1ea3n trong kho l\u1ea1nh \u0111\u1ea3m b\u1ea3o ch\u1ea5t l\u01b0\u1ee3ng khi s\u1eed d\u1ee5ng. Hotline mua h\u00e0ng : 0987.506.349\" \/>\n<meta property=\"og:url\" content=\"https:\/\/thucphamtienloi.com\/?product=ke-ga-dong-tao\" \/>\n<meta property=\"og:site_name\" content=\"\u1ea8M TH\u1ef0C BA MI\u1ec0N\" \/>\n<meta property=\"article:modified_time\" content=\"2026-04-15T05:34:24+00:00\" \/>\n<meta property=\"og:image\" content=\"https:\/\/thucphamtienloi.com\/wp-content\/uploads\/2020\/06\/ke-ga-min.png\" \/>\n\t<meta property=\"og:image:width\" content=\"300\" \/>\n\t<meta property=\"og:image:height\" content=\"300\" \/>\n\t<meta property=\"og:image:type\" content=\"image\/png\" \/>\n<meta name=\"twitter:card\" content=\"summary_large_image\" \/>\n<meta name=\"twitter:label1\" content=\"\u01af\u1edbc t\u00ednh th\u1eddi gian \u0111\u1ecdc\" \/>\n\t<meta name=\"twitter:data1\" content=\"5 ph\u00fat\" \/>\n<script type=\"application\/ld+json\" class=\"yoast-schema-graph\">{\"@context\":\"https:\\\/\\\/schema.org\",\"@graph\":[{\"@type\":[\"WebPage\",\"ItemPage\"],\"@id\":\"https:\\\/\\\/thucphamtienloi.com\\\/?product=ke-ga-dong-tao\",\"url\":\"https:\\\/\\\/thucphamtienloi.com\\\/?product=ke-ga-dong-tao\",\"name\":\"K\u00ea G\u00e0 \u0110\u00f4ng T\u1ea3o - 300k - S\u1ec9 & l\u1ebb to\u00e0n qu\u1ed1c\",\"isPartOf\":{\"@id\":\"https:\\\/\\\/thucphamtienloi.com\\\/#website\"},\"primaryImageOfPage\":{\"@id\":\"https:\\\/\\\/thucphamtienloi.com\\\/?product=ke-ga-dong-tao#primaryimage\"},\"image\":{\"@id\":\"https:\\\/\\\/thucphamtienloi.com\\\/?product=ke-ga-dong-tao#primaryimage\"},\"thumbnailUrl\":\"https:\\\/\\\/thucphamtienloi.com\\\/wp-content\\\/uploads\\\/2020\\\/06\\\/ke-ga-min.png\",\"datePublished\":\"2020-06-06T09:36:00+00:00\",\"dateModified\":\"2026-04-15T05:34:24+00:00\",\"description\":\"Ng\u1ecdc K\u00ea G\u00e0 \u0111\u01b0\u1ee3c \u0111\u00f3ng g\u00f3i h\u00fat ch\u00e2n kh\u00f4ng v\u00e0 b\u1ea3o qu\u1ea3n trong kho l\u1ea1nh \u0111\u1ea3m b\u1ea3o ch\u1ea5t l\u01b0\u1ee3ng khi s\u1eed d\u1ee5ng. Hotline mua h\u00e0ng : 0987.506.349\",\"breadcrumb\":{\"@id\":\"https:\\\/\\\/thucphamtienloi.com\\\/?product=ke-ga-dong-tao#breadcrumb\"},\"inLanguage\":\"vi\",\"potentialAction\":[{\"@type\":\"ReadAction\",\"target\":[\"https:\\\/\\\/thucphamtienloi.com\\\/?product=ke-ga-dong-tao\"]}]},{\"@type\":\"ImageObject\",\"inLanguage\":\"vi\",\"@id\":\"https:\\\/\\\/thucphamtienloi.com\\\/?product=ke-ga-dong-tao#primaryimage\",\"url\":\"https:\\\/\\\/thucphamtienloi.com\\\/wp-content\\\/uploads\\\/2020\\\/06\\\/ke-ga-min.png\",\"contentUrl\":\"https:\\\/\\\/thucphamtienloi.com\\\/wp-content\\\/uploads\\\/2020\\\/06\\\/ke-ga-min.png\",\"width\":300,\"height\":300,\"caption\":\"k\u00ea g\u00e0 \u0111\u00f4ng t\u1ea3o\"},{\"@type\":\"BreadcrumbList\",\"@id\":\"https:\\\/\\\/thucphamtienloi.com\\\/?product=ke-ga-dong-tao#breadcrumb\",\"itemListElement\":[{\"@type\":\"ListItem\",\"position\":1,\"name\":\"Trang ch\u1ee7\",\"item\":\"https:\\\/\\\/thucphamtienloi.com\\\/\"},{\"@type\":\"ListItem\",\"position\":2,\"name\":\"C\u1eeda H\u00e0ng\",\"item\":\"https:\\\/\\\/thucphamtienloi.com\\\/?page_id=3334\"},{\"@type\":\"ListItem\",\"position\":3,\"name\":\"\u0110\u1eb7c S\u1ea3n Mi\u1ec1n B\u1eafc\",\"item\":\"https:\\\/\\\/thucphamtienloi.com\\\/danh-muc-san-pham\\\/dac-san-mien-bac\\\/\"},{\"@type\":\"ListItem\",\"position\":4,\"name\":\"K\u00ea G\u00e0 \u0110\u00f4ng T\u1ea3o &#8211; 300k &#8211; S\u1ec9 &#038; l\u1ebb to\u00e0n qu\u1ed1c\"}]},{\"@type\":\"WebSite\",\"@id\":\"https:\\\/\\\/thucphamtienloi.com\\\/#website\",\"url\":\"https:\\\/\\\/thucphamtienloi.com\\\/\",\"name\":\"Th\u1ef1c ph\u1ea9m ti\u1ec7n l\u1ee3i\",\"description\":\"\u1ea8m Th\u1ef1c Qu\u00ea H\u01b0\u01a1ng\",\"publisher\":{\"@id\":\"https:\\\/\\\/thucphamtienloi.com\\\/#organization\"},\"potentialAction\":[{\"@type\":\"SearchAction\",\"target\":{\"@type\":\"EntryPoint\",\"urlTemplate\":\"https:\\\/\\\/thucphamtienloi.com\\\/?s={search_term_string}\"},\"query-input\":{\"@type\":\"PropertyValueSpecification\",\"valueRequired\":true,\"valueName\":\"search_term_string\"}}],\"inLanguage\":\"vi\"},{\"@type\":\"Organization\",\"@id\":\"https:\\\/\\\/thucphamtienloi.com\\\/#organization\",\"name\":\"Th\u1ef1c ph\u1ea9m ti\u1ec7n l\u1ee3i\",\"url\":\"https:\\\/\\\/thucphamtienloi.com\\\/\",\"logo\":{\"@type\":\"ImageObject\",\"inLanguage\":\"vi\",\"@id\":\"https:\\\/\\\/thucphamtienloi.com\\\/#\\\/schema\\\/logo\\\/image\\\/\",\"url\":\"https:\\\/\\\/thucphamtienloi.com\\\/wp-content\\\/uploads\\\/2022\\\/07\\\/THU\u031b\u0323C-PHA\u0302\u0309M-TIE\u0323\u0302N-LO\u031b\u0323I.png\",\"contentUrl\":\"https:\\\/\\\/thucphamtienloi.com\\\/wp-content\\\/uploads\\\/2022\\\/07\\\/THU\u031b\u0323C-PHA\u0302\u0309M-TIE\u0323\u0302N-LO\u031b\u0323I.png\",\"width\":1920,\"height\":1080,\"caption\":\"Th\u1ef1c ph\u1ea9m ti\u1ec7n l\u1ee3i\"},\"image\":{\"@id\":\"https:\\\/\\\/thucphamtienloi.com\\\/#\\\/schema\\\/logo\\\/image\\\/\"}}]}<\/script>\n<!-- \/ Yoast SEO plugin. -->","yoast_head_json":{"title":"K\u00ea G\u00e0 \u0110\u00f4ng T\u1ea3o - 300k - S\u1ec9 & l\u1ebb to\u00e0n qu\u1ed1c","description":"Ng\u1ecdc K\u00ea G\u00e0 \u0111\u01b0\u1ee3c \u0111\u00f3ng g\u00f3i h\u00fat ch\u00e2n kh\u00f4ng v\u00e0 b\u1ea3o qu\u1ea3n trong kho l\u1ea1nh \u0111\u1ea3m b\u1ea3o ch\u1ea5t l\u01b0\u1ee3ng khi s\u1eed d\u1ee5ng. Hotline mua h\u00e0ng : 0987.506.349","robots":{"index":"index","follow":"follow","max-snippet":"max-snippet:-1","max-image-preview":"max-image-preview:large","max-video-preview":"max-video-preview:-1"},"canonical":"https:\/\/thucphamtienloi.com\/?product=ke-ga-dong-tao","og_locale":"vi_VN","og_type":"article","og_title":"K\u00ea G\u00e0 \u0110\u00f4ng T\u1ea3o - 300k - S\u1ec9 & l\u1ebb to\u00e0n qu\u1ed1c","og_description":"Ng\u1ecdc K\u00ea G\u00e0 \u0111\u01b0\u1ee3c \u0111\u00f3ng g\u00f3i h\u00fat ch\u00e2n kh\u00f4ng v\u00e0 b\u1ea3o qu\u1ea3n trong kho l\u1ea1nh \u0111\u1ea3m b\u1ea3o ch\u1ea5t l\u01b0\u1ee3ng khi s\u1eed d\u1ee5ng. Hotline mua h\u00e0ng : 0987.506.349","og_url":"https:\/\/thucphamtienloi.com\/?product=ke-ga-dong-tao","og_site_name":"\u1ea8M TH\u1ef0C BA MI\u1ec0N","article_modified_time":"2026-04-15T05:34:24+00:00","og_image":[{"width":300,"height":300,"url":"https:\/\/thucphamtienloi.com\/wp-content\/uploads\/2020\/06\/ke-ga-min.png","type":"image\/png"}],"twitter_card":"summary_large_image","twitter_misc":{"\u01af\u1edbc t\u00ednh th\u1eddi gian \u0111\u1ecdc":"5 ph\u00fat"},"schema":{"@context":"https:\/\/schema.org","@graph":[{"@type":["WebPage","ItemPage"],"@id":"https:\/\/thucphamtienloi.com\/?product=ke-ga-dong-tao","url":"https:\/\/thucphamtienloi.com\/?product=ke-ga-dong-tao","name":"K\u00ea G\u00e0 \u0110\u00f4ng T\u1ea3o - 300k - S\u1ec9 & l\u1ebb to\u00e0n qu\u1ed1c","isPartOf":{"@id":"https:\/\/thucphamtienloi.com\/#website"},"primaryImageOfPage":{"@id":"https:\/\/thucphamtienloi.com\/?product=ke-ga-dong-tao#primaryimage"},"image":{"@id":"https:\/\/thucphamtienloi.com\/?product=ke-ga-dong-tao#primaryimage"},"thumbnailUrl":"https:\/\/thucphamtienloi.com\/wp-content\/uploads\/2020\/06\/ke-ga-min.png","datePublished":"2020-06-06T09:36:00+00:00","dateModified":"2026-04-15T05:34:24+00:00","description":"Ng\u1ecdc K\u00ea G\u00e0 \u0111\u01b0\u1ee3c \u0111\u00f3ng g\u00f3i h\u00fat ch\u00e2n kh\u00f4ng v\u00e0 b\u1ea3o qu\u1ea3n trong kho l\u1ea1nh \u0111\u1ea3m b\u1ea3o ch\u1ea5t l\u01b0\u1ee3ng khi s\u1eed d\u1ee5ng. Hotline mua h\u00e0ng : 0987.506.349","breadcrumb":{"@id":"https:\/\/thucphamtienloi.com\/?product=ke-ga-dong-tao#breadcrumb"},"inLanguage":"vi","potentialAction":[{"@type":"ReadAction","target":["https:\/\/thucphamtienloi.com\/?product=ke-ga-dong-tao"]}]},{"@type":"ImageObject","inLanguage":"vi","@id":"https:\/\/thucphamtienloi.com\/?product=ke-ga-dong-tao#primaryimage","url":"https:\/\/thucphamtienloi.com\/wp-content\/uploads\/2020\/06\/ke-ga-min.png","contentUrl":"https:\/\/thucphamtienloi.com\/wp-content\/uploads\/2020\/06\/ke-ga-min.png","width":300,"height":300,"caption":"k\u00ea g\u00e0 \u0111\u00f4ng t\u1ea3o"},{"@type":"BreadcrumbList","@id":"https:\/\/thucphamtienloi.com\/?product=ke-ga-dong-tao#breadcrumb","itemListElement":[{"@type":"ListItem","position":1,"name":"Trang ch\u1ee7","item":"https:\/\/thucphamtienloi.com\/"},{"@type":"ListItem","position":2,"name":"C\u1eeda H\u00e0ng","item":"https:\/\/thucphamtienloi.com\/?page_id=3334"},{"@type":"ListItem","position":3,"name":"\u0110\u1eb7c S\u1ea3n Mi\u1ec1n B\u1eafc","item":"https:\/\/thucphamtienloi.com\/danh-muc-san-pham\/dac-san-mien-bac\/"},{"@type":"ListItem","position":4,"name":"K\u00ea G\u00e0 \u0110\u00f4ng T\u1ea3o &#8211; 300k &#8211; S\u1ec9 &#038; l\u1ebb to\u00e0n qu\u1ed1c"}]},{"@type":"WebSite","@id":"https:\/\/thucphamtienloi.com\/#website","url":"https:\/\/thucphamtienloi.com\/","name":"Th\u1ef1c ph\u1ea9m ti\u1ec7n l\u1ee3i","description":"\u1ea8m Th\u1ef1c Qu\u00ea H\u01b0\u01a1ng","publisher":{"@id":"https:\/\/thucphamtienloi.com\/#organization"},"potentialAction":[{"@type":"SearchAction","target":{"@type":"EntryPoint","urlTemplate":"https:\/\/thucphamtienloi.com\/?s={search_term_string}"},"query-input":{"@type":"PropertyValueSpecification","valueRequired":true,"valueName":"search_term_string"}}],"inLanguage":"vi"},{"@type":"Organization","@id":"https:\/\/thucphamtienloi.com\/#organization","name":"Th\u1ef1c ph\u1ea9m ti\u1ec7n l\u1ee3i","url":"https:\/\/thucphamtienloi.com\/","logo":{"@type":"ImageObject","inLanguage":"vi","@id":"https:\/\/thucphamtienloi.com\/#\/schema\/logo\/image\/","url":"https:\/\/thucphamtienloi.com\/wp-content\/uploads\/2022\/07\/THU\u031b\u0323C-PHA\u0302\u0309M-TIE\u0323\u0302N-LO\u031b\u0323I.png","contentUrl":"https:\/\/thucphamtienloi.com\/wp-content\/uploads\/2022\/07\/THU\u031b\u0323C-PHA\u0302\u0309M-TIE\u0323\u0302N-LO\u031b\u0323I.png","width":1920,"height":1080,"caption":"Th\u1ef1c ph\u1ea9m ti\u1ec7n l\u1ee3i"},"image":{"@id":"https:\/\/thucphamtienloi.com\/#\/schema\/logo\/image\/"}}]}},"_links":{"self":[{"href":"https:\/\/thucphamtienloi.com\/index.php?rest_route=\/wp\/v2\/product\/594","targetHints":{"allow":["GET"]}}],"collection":[{"href":"https:\/\/thucphamtienloi.com\/index.php?rest_route=\/wp\/v2\/product"}],"about":[{"href":"https:\/\/thucphamtienloi.com\/index.php?rest_route=\/wp\/v2\/types\/product"}],"replies":[{"embeddable":true,"href":"https:\/\/thucphamtienloi.com\/index.php?rest_route=%2Fwp%2Fv2%2Fcomments&post=594"}],"wp:featuredmedia":[{"embeddable":true,"href":"https:\/\/thucphamtienloi.com\/index.php?rest_route=\/wp\/v2\/media\/595"}],"wp:attachment":[{"href":"https:\/\/thucphamtienloi.com\/index.php?rest_route=%2Fwp%2Fv2%2Fmedia&parent=594"}],"wp:term":[{"taxonomy":"product_brand","embeddable":true,"href":"https:\/\/thucphamtienloi.com\/index.php?rest_route=%2Fwp%2Fv2%2Fproduct_brand&post=594"},{"taxonomy":"product_cat","embeddable":true,"href":"https:\/\/thucphamtienloi.com\/index.php?rest_route=%2Fwp%2Fv2%2Fproduct_cat&post=594"},{"taxonomy":"product_tag","embeddable":true,"href":"https:\/\/thucphamtienloi.com\/index.php?rest_route=%2Fwp%2Fv2%2Fproduct_tag&post=594"}],"curies":[{"name":"wp","href":"https:\/\/api.w.org\/{rel}","templated":true}]}}