{"id":598,"date":"2020-06-06T09:37:48","date_gmt":"2020-06-06T09:37:48","guid":{"rendered":"https:\/\/thucphamtienloi.com\/?post_type=product&#038;p=598"},"modified":"2025-10-19T16:15:24","modified_gmt":"2025-10-19T16:15:24","slug":"luoi-vit-lam-sach","status":"publish","type":"product","link":"https:\/\/thucphamtienloi.com\/?product=luoi-vit-lam-sach","title":{"rendered":"L\u01b0\u1ee1i V\u1ecbt"},"content":{"rendered":"<p>C\u1eeda h\u00e0ng <strong>th\u1ef1c ph\u1ea9m ti\u1ec7n l\u1ee3i<\/strong> chuy\u00ean cung c\u1ea5p<strong> l\u01b0\u1ee1i v\u1ecbt l\u00e0m s\u1ea1ch<\/strong> \u0111\u01b0\u1ee3c \u0111\u00f3ng g\u00f3i b\u1ea3o qu\u1ea3n trong t\u1ee7 \u0111\u00f4ng theo t\u1eebng g\u00f3i 1kg r\u1ea5t ti\u1ec7n l\u1ee3i cho qu\u00fd kh\u00e1ch khi ch\u1ebf bi\u1ebfn m\u00f3n \u0103n. <strong>Hotline: 0987.506.349<\/strong><\/p>\n<p>M\u1ed9t m\u00f3n \u0103n t\u1eeb l\u00e2u \u0111\u00e3 xu\u1ea5t hi\u1ec7n trong gi\u1edbi \u1ea9m th\u1ef1c Vi\u1ec7t Nam, \u0111\u01b0\u1ee3c nhi\u1ec1u ng\u01b0\u1eddi \u01b0a th\u00edch. <strong>L\u01b0\u1ee1i v\u1ecbt<\/strong> c\u00f3 v\u1ecb m\u1ec1m \u1edf ph\u1ea7n gi\u1eefa l\u01b0\u1ee1i v\u00e0 gi\u00f2n gi\u00f2n \u1edf \u0111o\u1ea1n cu\u1ed1ng l\u01b0\u1ee1i. Khi ch\u1ebf bi\u1ebfn l\u1ea1i r\u1ea5t ng\u1ea5m gia v\u1ecb n\u00ean ch\u1ebf bi\u1ebfn m\u00f3n n\u00e0o c\u0169ng t\u1ea1o n\u00ean m\u1ed9t n\u00e9t r\u1ea5t \u0111\u1eb7c tr\u01b0ng c\u1ee7a m\u00f3n \u0111\u00f3.<\/p>\n<p><img loading=\"lazy\" decoding=\"async\" class=\"aligncenter wp-image-684 size-full\" src=\"https:\/\/thucphamtienloi.com\/wp-content\/uploads\/2020\/06\/luoi_vit_chien_gion.jpg\" alt=\"\" width=\"600\" height=\"399\" srcset=\"https:\/\/thucphamtienloi.com\/wp-content\/uploads\/2020\/06\/luoi_vit_chien_gion.jpg 600w, https:\/\/thucphamtienloi.com\/wp-content\/uploads\/2020\/06\/luoi_vit_chien_gion-510x339.jpg 510w\" sizes=\"auto, (max-width: 600px) 100vw, 600px\" \/><\/p>\n<p>C\u00e1ch ch\u1ebf bi\u1ebfn m\u00f3n \u0103n n\u00e0y c\u0169ng c\u1ef1c k\u00ec d\u1ec5 b\u1ea1n ch\u1ec9 c\u1ea7n mua v\u1ec1 sau \u0111\u00f3 l\u00e0m s\u1ea1ch, ch\u1ecb em n\u00ean b\u00f3p v\u1edbi r\u01b0\u1ee3u tr\u1eafng cho s\u1ea1ch v\u00e0 h\u1ebft m\u00f9i h\u00f4i.\u00a0<\/p>\n<h2><strong>G\u1ee3i \u00dd m\u1ed9t s\u1ed1 m\u00f3n \u0103n ngon t\u1eeb l\u01b0\u1ee1i v\u1ecbt l\u00e0m s\u1ea1ch<\/strong><\/h2>\n<p>Trong d\u00e2n gian c\u00f3 r\u1ea5t nhi\u1ec1u c\u00f4ng th\u1ee9c n\u1ea5u\u00a0 \u0111\u1ec3 ch\u1ebf bi\u1ebfn th\u00e0nh nhi\u1ec1u m\u00f3n kh\u00e1ch nhau ph\u1ee5c v\u1ee5 th\u1ef1c kh\u00e1ch. Nh\u01b0ng c\u00f3 l\u1ebd m\u00f3n \u0111\u01b0\u1ee3c nhi\u1ec1u ng\u01b0\u1eddi bi\u1ebft \u0111\u1ebfn l\u00e0 m\u00f3n l\u01b0\u1ee1i v\u1ecbt chi\u00ean ho\u1eb7c n\u01b0\u1edbng. T\u00f9y theo kh\u1ea9u v\u1ecb m\u1ed7i ng\u01b0\u1eddi m\u00e0 ch\u00fang ta ch\u1ecdn th\u1ec3 lo\u1ea1i ch\u1ebf bi\u1ebfn cho v\u1eeba \u00fd. N\u1ebfu b\u1ea1n th\u00edch \u0103n kh\u00f4, r\u00e1p th\u00ec n\u00ean ch\u1ecdn n\u01b0\u1edbng. C\u00f2n ng\u01b0\u1ee3c l\u1ea1i, b\u1ea1n th\u00edch c\u00f3 ch\u00fat n\u01b0\u1edbc s\u1ed1t x\u00e2m x\u1ea5p th\u1ea5m v\u00e0o v\u1ecbt th\u00ec b\u1ea1n n\u00ean g\u1ecdi m\u00f3n x\u00e0o s\u1ebd th\u00edch h\u1ee3p h\u01a1n.<\/p>\n<p><img loading=\"lazy\" decoding=\"async\" class=\"aligncenter wp-image-685\" src=\"https:\/\/thucphamtienloi.com\/wp-content\/uploads\/2020\/06\/luoi_vit_sapo.jpg\" alt=\"\" width=\"600\" height=\"344\" srcset=\"https:\/\/thucphamtienloi.com\/wp-content\/uploads\/2020\/06\/luoi_vit_sapo.jpg 576w, https:\/\/thucphamtienloi.com\/wp-content\/uploads\/2020\/06\/luoi_vit_sapo-510x292.jpg 510w\" sizes=\"auto, (max-width: 600px) 100vw, 600px\" \/><\/p>\n<h3><strong>L\u01b0\u1ee1i v\u1ecbt l\u00e0m s\u1ea1ch rang mu\u1ed1i\u00a0<\/strong><\/h3>\n<p>B\u1ea1n cho hoa h\u1ed3i, qu\u1ebf v\u00e0 th\u1ea3o qu\u1ea3 v\u00e0o \u0111\u1ec3 rang th\u01a1m, sau \u0111\u00f3 cho v\u00e0o m\u1ed9t t\u00fai s\u1ea1ch, bu\u1ed9c ch\u1eb7t. B\u1ea1n \u0111un m\u1ed9t n\u1ed3i n\u01b0\u1edbc r\u1ed3i th\u1ea3 t\u00fai h\u01b0\u01a1ng li\u1ec7u tr\u00ean v\u00e0o \u0111un kho\u1ea3ng 10 ph\u00fat r\u1ed3i cho gia v\u1ecb v\u00e0o. L\u01b0\u1ee1i v\u1ecbt \u0111\u00e3 s\u01a1 ch\u1ebf cho l\u00ean lu\u1ed9c kho\u1ea3ng 15 ph\u00fat r\u1ed3i v\u1edbt ra v\u00e0 \u0111\u1ec3 r\u00e1o n\u01b0\u1edbc.<\/p>\n<p>X\u00e0o th\u01a1m h\u00e0nh kh\u00f4 \u0111\u00e3 b\u0103m nh\u1ecf, r\u1ed3i cho l\u01b0\u1ee1i v\u1ecbt v\u00e0o \u0111un kho\u1ea3ng 2 ph\u00fat \u0111\u1ec3 s\u0103n l\u1ea1i. B\u1ea1n n\u00eam mu\u1ed1i cho v\u1eeba \u0103n, t\u00f9y theo kh\u1ea9u v\u1ecb gia \u0111\u00ecnh, r\u1ed3i th\u00eam g\u1eebng th\u00e1i s\u1ee3i ho\u1eb7c \u1edbt b\u1ed9t. Khi \u0111\u00e3 ch\u1ebf bi\u1ebfn xong, b\u1ea1n b\u00e0y ra \u0111\u0129a v\u1edbi rau th\u01a1m. V\u1edbi m\u00f3n l\u01b0\u1ee1i v\u1ecbt rang mu\u1ed1i b\u1ea1n c\u00f3 th\u1ec3 ch\u1ea5m v\u1edbi mu\u1ed1i chanh ho\u1eb7c t\u01b0\u01a1ng \u1edbt \u0111\u1ec1u \u0111\u01b0\u1ee3c.<\/p>\n<h3><strong>L\u01b0\u1ee1i v\u1ecbt l\u00e0m s\u1ea1ch x\u00e0o x\u1ea3 \u1edbt<\/strong><\/h3>\n<p>Ng\u00e2m v\u1edbi n\u01b0\u1edbc n\u00f3ng sau \u0111\u00f3 cho mu\u1ed1i tinh v\u00e0o b\u00f3p, c\u1ea1o b\u1ecf l\u1edbp da gi\u00e0. Sau \u0111o r\u1eeda t\u1eebng chi\u1ebfc l\u01b0\u1ee1i v\u1ecbt b\u1eb1ng n\u01b0\u1edbc s\u1ea1ch \u0111\u1ec3 h\u1ebft m\u00f9i h\u00f4i r\u1ed3i cho to\u00e0n b\u1ed9 s\u1ed1 l\u01b0\u1ee1i v\u1ecbt l\u00e0m s\u1ea1ch v\u00e0o n\u1ed3i. \u0110\u1ed5 m\u1ed9t l\u01b0\u1ee3ng n\u01b0\u1edbc th\u00edch h\u1ee3p l\u1ea5p x\u1ea5p s\u1ed1 l\u01b0\u1ee1i v\u1ecbt trong n\u1ed3i, cho th\u00eam \u0111\u01b0\u1eddng, h\u1ed3i h\u01b0\u01a1ng, v\u1ecf qu\u1ebf, r\u01b0\u1ee3u, h\u00e0nh, g\u1eebng v\u00e0o n\u1ed3i l\u01b0\u1ee1i v\u1ecbt n\u1ea5u kho\u1ea3ng 20 ph\u00fat cho t\u1edbi khi c\u1ea1n n\u01b0\u1edbc.<\/p>\n<p><strong>Th\u1ef1c Ph\u1ea9m Ti\u1ec7n L\u1ee3i<\/strong> chuy\u00ean cung c\u1ea5p L\u01b0\u1ee1i V\u1ecbt \u0111\u1ebfn c\u00e1c nh\u00e0 h\u00e0ng, qu\u00e1n \u0103n hay \u0111\u01a1n gi\u1ea3n ch\u1ec9 l\u00e0 mua v\u1ec1 t\u1ef1 tay m\u00ecnh ch\u1ebf bi\u1ebfn cho gia \u0111\u00ecnh nh\u1eefng m\u00f3n \u0103n ngon nh\u01b0 m\u00f3n nh\u01b0 <strong>\u00a0L\u01b0\u1ee1i v\u1ecbt kh\u00eca n\u01b0\u1edbc d\u1eeba , l\u01b0\u1ee1i v\u1ecbt n\u01b0\u1edbng , l\u01b0\u1ee1i v\u1ecbt ph\u00e1 l\u1ea5u<\/strong> .<\/p>\n<h2><strong>\u0110\u1ecba ch\u1ec9 mua L\u01b0\u1ee1i V\u1ecbt S\u1ea1ch t\u1ea1i Tp HCM<\/strong><\/h2>\n<div class=\"chucnang_chitiet noidungchitiet\">\n<p>C\u00e1c b\u1ea1n c\u00f3 nhu c\u1ea7u\u00a0<strong>mua l\u01b0\u1ee1i v\u1ecbt s\u1ea1ch \u1edf tp.hcm <\/strong>vui l\u00f2ng t\u1edbi tr\u1ef1c ti\u1ebfp c\u1eeda h\u00e0ng c\u1ee7a ch\u00fang t\u00f4i hay li\u00ean h\u1ec7 qua \u0111i\u1ec7n tho\u1ea1i \u0111\u1ec3 \u0111\u1eb7t h\u00e0ng giao t\u1eadn n\u01a1i.<\/p>\n<\/div>\n<div class=\"chucnang_chitiet bocuc  bocuc_80\">\n<div class=\"loprong\">\n<div class=\"padding\">\n<p>Qu\u00fd kh\u00e1ch h\u00e0ng c\u1ea7n mua s\u1ea3n ph\u1ea9m hay h\u1ed7 tr\u1ee3 th\u00eam th\u00f4ng tin vui l\u00f2ng li\u00ean h\u1ec7:<\/p>\n<p><strong>Hotline\/Zalo:<\/strong>\u00a0<strong class=\"uppercase\">0987.506.349<\/strong><br \/>\n<strong>\u0110\u1ecba Ch\u1ec9:<\/strong>\u00a0184\/17 Nguy\u1ec5n Ph\u00fac Chu, P15, Q. T\u00e2n B\u00ecnh , TP HCM (vui l\u00f2ng g\u1ecdi tr\u01b0\u1edbc khi \u0111\u1ebfn)<br \/>\n<strong>Website : <a href=\"https:\/\/thucphamtienloi.com\/\" target=\"_blank\" rel=\"noopener noreferrer\">https:\/\/www.thucphamtienloi.com<\/a><\/strong><br \/>\n<strong>Facebook: <a href=\"https:\/\/www.facebook.com\/cuahang3mien\/\" target=\"_blank\" rel=\"noopener noreferrer\">https:\/\/www.facebook.com\/cuahang3mien\/<\/a><\/strong><\/p>\n<\/div>\n<\/div>\n<\/div>\n","protected":false},"excerpt":{"rendered":"<p>C\u1eeda h\u00e0ng <strong>th\u1ef1c ph\u1ea9m ti\u1ec7n l\u1ee3i<\/strong> chuy\u00ean cung c\u1ea5p l\u01b0\u1ee1i v\u1ecbt \u0111\u01b0\u1ee3c \u0111\u00f3ng g\u00f3i b\u1ea3o qu\u1ea3n trong t\u1ee7 \u0111\u00f4ng theo t\u1eebng g\u00f3i 1kg r\u1ea5t ti\u1ec7n l\u1ee3i cho qu\u00fd kh\u00e1ch khi ch\u1ebf bi\u1ebfn m\u00f3n \u0103n. <strong>Hotline: 0987.506.349<\/strong><\/p>\n<p>&nbsp;<\/p>\n","protected":false},"featured_media":599,"comment_status":"closed","ping_status":"closed","template":"","meta":[],"product_brand":[],"product_cat":[76],"product_tag":[173,174,175,176,177,172],"class_list":{"0":"post-598","1":"product","2":"type-product","3":"status-publish","4":"has-post-thumbnail","6":"product_cat-thuc-pham-nhap-khau","7":"product_tag-luoi-vit-sach","8":"product_tag-luoi-vit-tai-tp-hcm","9":"product_tag-luoi-vit-tai-sai-gon","10":"product_tag-luoi-vit-tai-ha-noi","11":"product_tag-cua-hang-ban-luoi-vit","12":"product_tag-luoi-vit","14":"first","15":"instock","16":"shipping-taxable","17":"purchasable","18":"product-type-simple"},"yoast_head":"<!-- This site is optimized with the Yoast SEO plugin v27.4 - https:\/\/yoast.com\/product\/yoast-seo-wordpress\/ -->\n<title>L\u01b0\u1ee1i V\u1ecbt - \u1ea8M TH\u1ef0C BA MI\u1ec0N<\/title>\n<meta name=\"description\" content=\"L\u01b0\u1ee1i v\u1ecbt l\u00e0m s\u1ea1ch c\u1ea5p \u0111\u00f4ng l\u1ea1nh trong t\u1eebng t\u00fai 1kg. H\u1ed7 tr\u1ee3 ship t\u1eadn nh\u00e0 v\u1edbi gi\u00e1 \u01b0u \u0111\u00e3i. Qu\u00fd kh\u00e1ch \u0111\u1eb7t mua vui l\u00f2ng li\u00ean h\u1ec7 Hotline: 0987.506.349\" \/>\n<meta name=\"robots\" content=\"index, follow, max-snippet:-1, max-image-preview:large, max-video-preview:-1\" \/>\n<link rel=\"canonical\" href=\"https:\/\/thucphamtienloi.com\/?product=luoi-vit-lam-sach\" \/>\n<meta property=\"og:locale\" content=\"vi_VN\" \/>\n<meta property=\"og:type\" content=\"article\" \/>\n<meta property=\"og:title\" content=\"L\u01b0\u1ee1i V\u1ecbt - \u1ea8M TH\u1ef0C BA MI\u1ec0N\" \/>\n<meta property=\"og:description\" content=\"L\u01b0\u1ee1i v\u1ecbt l\u00e0m s\u1ea1ch c\u1ea5p \u0111\u00f4ng l\u1ea1nh trong t\u1eebng t\u00fai 1kg. H\u1ed7 tr\u1ee3 ship t\u1eadn nh\u00e0 v\u1edbi gi\u00e1 \u01b0u \u0111\u00e3i. Qu\u00fd kh\u00e1ch \u0111\u1eb7t mua vui l\u00f2ng li\u00ean h\u1ec7 Hotline: 0987.506.349\" \/>\n<meta property=\"og:url\" content=\"https:\/\/thucphamtienloi.com\/?product=luoi-vit-lam-sach\" \/>\n<meta property=\"og:site_name\" content=\"\u1ea8M TH\u1ef0C BA MI\u1ec0N\" \/>\n<meta property=\"article:modified_time\" content=\"2025-10-19T16:15:24+00:00\" \/>\n<meta property=\"og:image\" content=\"https:\/\/thucphamtienloi.com\/wp-content\/uploads\/2020\/06\/luoi-vit-min.png\" \/>\n\t<meta property=\"og:image:width\" content=\"300\" \/>\n\t<meta property=\"og:image:height\" content=\"300\" \/>\n\t<meta property=\"og:image:type\" content=\"image\/png\" \/>\n<meta name=\"twitter:card\" content=\"summary_large_image\" \/>\n<meta name=\"twitter:label1\" content=\"\u01af\u1edbc t\u00ednh th\u1eddi gian \u0111\u1ecdc\" \/>\n\t<meta name=\"twitter:data1\" content=\"5 ph\u00fat\" \/>\n<script type=\"application\/ld+json\" class=\"yoast-schema-graph\">{\"@context\":\"https:\\\/\\\/schema.org\",\"@graph\":[{\"@type\":[\"WebPage\",\"ItemPage\"],\"@id\":\"https:\\\/\\\/thucphamtienloi.com\\\/?product=luoi-vit-lam-sach\",\"url\":\"https:\\\/\\\/thucphamtienloi.com\\\/?product=luoi-vit-lam-sach\",\"name\":\"L\u01b0\u1ee1i V\u1ecbt - \u1ea8M TH\u1ef0C BA MI\u1ec0N\",\"isPartOf\":{\"@id\":\"https:\\\/\\\/thucphamtienloi.com\\\/#website\"},\"primaryImageOfPage\":{\"@id\":\"https:\\\/\\\/thucphamtienloi.com\\\/?product=luoi-vit-lam-sach#primaryimage\"},\"image\":{\"@id\":\"https:\\\/\\\/thucphamtienloi.com\\\/?product=luoi-vit-lam-sach#primaryimage\"},\"thumbnailUrl\":\"https:\\\/\\\/thucphamtienloi.com\\\/wp-content\\\/uploads\\\/2020\\\/06\\\/luoi-vit-min.png\",\"datePublished\":\"2020-06-06T09:37:48+00:00\",\"dateModified\":\"2025-10-19T16:15:24+00:00\",\"description\":\"L\u01b0\u1ee1i v\u1ecbt l\u00e0m s\u1ea1ch c\u1ea5p \u0111\u00f4ng l\u1ea1nh trong t\u1eebng t\u00fai 1kg. H\u1ed7 tr\u1ee3 ship t\u1eadn nh\u00e0 v\u1edbi gi\u00e1 \u01b0u \u0111\u00e3i. Qu\u00fd kh\u00e1ch \u0111\u1eb7t mua vui l\u00f2ng li\u00ean h\u1ec7 Hotline: 0987.506.349\",\"breadcrumb\":{\"@id\":\"https:\\\/\\\/thucphamtienloi.com\\\/?product=luoi-vit-lam-sach#breadcrumb\"},\"inLanguage\":\"vi\",\"potentialAction\":[{\"@type\":\"ReadAction\",\"target\":[\"https:\\\/\\\/thucphamtienloi.com\\\/?product=luoi-vit-lam-sach\"]}]},{\"@type\":\"ImageObject\",\"inLanguage\":\"vi\",\"@id\":\"https:\\\/\\\/thucphamtienloi.com\\\/?product=luoi-vit-lam-sach#primaryimage\",\"url\":\"https:\\\/\\\/thucphamtienloi.com\\\/wp-content\\\/uploads\\\/2020\\\/06\\\/luoi-vit-min.png\",\"contentUrl\":\"https:\\\/\\\/thucphamtienloi.com\\\/wp-content\\\/uploads\\\/2020\\\/06\\\/luoi-vit-min.png\",\"width\":300,\"height\":300,\"caption\":\"l\u01b0\u1ee1i v\u1ecbt\"},{\"@type\":\"BreadcrumbList\",\"@id\":\"https:\\\/\\\/thucphamtienloi.com\\\/?product=luoi-vit-lam-sach#breadcrumb\",\"itemListElement\":[{\"@type\":\"ListItem\",\"position\":1,\"name\":\"Trang ch\u1ee7\",\"item\":\"https:\\\/\\\/thucphamtienloi.com\\\/\"},{\"@type\":\"ListItem\",\"position\":2,\"name\":\"C\u1eeda H\u00e0ng\",\"item\":\"https:\\\/\\\/thucphamtienloi.com\\\/?page_id=3334\"},{\"@type\":\"ListItem\",\"position\":3,\"name\":\"Th\u1ef1c Ph\u1ea9m \u0110\u00f4ng L\u1ea1nh\",\"item\":\"https:\\\/\\\/thucphamtienloi.com\\\/danh-muc-san-pham\\\/thuc-pham-nhap-khau\\\/\"},{\"@type\":\"ListItem\",\"position\":4,\"name\":\"L\u01b0\u1ee1i V\u1ecbt\"}]},{\"@type\":\"WebSite\",\"@id\":\"https:\\\/\\\/thucphamtienloi.com\\\/#website\",\"url\":\"https:\\\/\\\/thucphamtienloi.com\\\/\",\"name\":\"Th\u1ef1c ph\u1ea9m ti\u1ec7n l\u1ee3i\",\"description\":\"\u1ea8m Th\u1ef1c Qu\u00ea H\u01b0\u01a1ng\",\"publisher\":{\"@id\":\"https:\\\/\\\/thucphamtienloi.com\\\/#organization\"},\"potentialAction\":[{\"@type\":\"SearchAction\",\"target\":{\"@type\":\"EntryPoint\",\"urlTemplate\":\"https:\\\/\\\/thucphamtienloi.com\\\/?s={search_term_string}\"},\"query-input\":{\"@type\":\"PropertyValueSpecification\",\"valueRequired\":true,\"valueName\":\"search_term_string\"}}],\"inLanguage\":\"vi\"},{\"@type\":\"Organization\",\"@id\":\"https:\\\/\\\/thucphamtienloi.com\\\/#organization\",\"name\":\"Th\u1ef1c ph\u1ea9m ti\u1ec7n l\u1ee3i\",\"url\":\"https:\\\/\\\/thucphamtienloi.com\\\/\",\"logo\":{\"@type\":\"ImageObject\",\"inLanguage\":\"vi\",\"@id\":\"https:\\\/\\\/thucphamtienloi.com\\\/#\\\/schema\\\/logo\\\/image\\\/\",\"url\":\"https:\\\/\\\/thucphamtienloi.com\\\/wp-content\\\/uploads\\\/2022\\\/07\\\/THU\u031b\u0323C-PHA\u0302\u0309M-TIE\u0323\u0302N-LO\u031b\u0323I.png\",\"contentUrl\":\"https:\\\/\\\/thucphamtienloi.com\\\/wp-content\\\/uploads\\\/2022\\\/07\\\/THU\u031b\u0323C-PHA\u0302\u0309M-TIE\u0323\u0302N-LO\u031b\u0323I.png\",\"width\":1920,\"height\":1080,\"caption\":\"Th\u1ef1c ph\u1ea9m ti\u1ec7n l\u1ee3i\"},\"image\":{\"@id\":\"https:\\\/\\\/thucphamtienloi.com\\\/#\\\/schema\\\/logo\\\/image\\\/\"}}]}<\/script>\n<!-- \/ Yoast SEO plugin. -->","yoast_head_json":{"title":"L\u01b0\u1ee1i V\u1ecbt - \u1ea8M TH\u1ef0C BA MI\u1ec0N","description":"L\u01b0\u1ee1i v\u1ecbt l\u00e0m s\u1ea1ch c\u1ea5p \u0111\u00f4ng l\u1ea1nh trong t\u1eebng t\u00fai 1kg. H\u1ed7 tr\u1ee3 ship t\u1eadn nh\u00e0 v\u1edbi gi\u00e1 \u01b0u \u0111\u00e3i. Qu\u00fd kh\u00e1ch \u0111\u1eb7t mua vui l\u00f2ng li\u00ean h\u1ec7 Hotline: 0987.506.349","robots":{"index":"index","follow":"follow","max-snippet":"max-snippet:-1","max-image-preview":"max-image-preview:large","max-video-preview":"max-video-preview:-1"},"canonical":"https:\/\/thucphamtienloi.com\/?product=luoi-vit-lam-sach","og_locale":"vi_VN","og_type":"article","og_title":"L\u01b0\u1ee1i V\u1ecbt - \u1ea8M TH\u1ef0C BA MI\u1ec0N","og_description":"L\u01b0\u1ee1i v\u1ecbt l\u00e0m s\u1ea1ch c\u1ea5p \u0111\u00f4ng l\u1ea1nh trong t\u1eebng t\u00fai 1kg. H\u1ed7 tr\u1ee3 ship t\u1eadn nh\u00e0 v\u1edbi gi\u00e1 \u01b0u \u0111\u00e3i. Qu\u00fd kh\u00e1ch \u0111\u1eb7t mua vui l\u00f2ng li\u00ean h\u1ec7 Hotline: 0987.506.349","og_url":"https:\/\/thucphamtienloi.com\/?product=luoi-vit-lam-sach","og_site_name":"\u1ea8M TH\u1ef0C BA MI\u1ec0N","article_modified_time":"2025-10-19T16:15:24+00:00","og_image":[{"width":300,"height":300,"url":"https:\/\/thucphamtienloi.com\/wp-content\/uploads\/2020\/06\/luoi-vit-min.png","type":"image\/png"}],"twitter_card":"summary_large_image","twitter_misc":{"\u01af\u1edbc t\u00ednh th\u1eddi gian \u0111\u1ecdc":"5 ph\u00fat"},"schema":{"@context":"https:\/\/schema.org","@graph":[{"@type":["WebPage","ItemPage"],"@id":"https:\/\/thucphamtienloi.com\/?product=luoi-vit-lam-sach","url":"https:\/\/thucphamtienloi.com\/?product=luoi-vit-lam-sach","name":"L\u01b0\u1ee1i V\u1ecbt - \u1ea8M TH\u1ef0C BA MI\u1ec0N","isPartOf":{"@id":"https:\/\/thucphamtienloi.com\/#website"},"primaryImageOfPage":{"@id":"https:\/\/thucphamtienloi.com\/?product=luoi-vit-lam-sach#primaryimage"},"image":{"@id":"https:\/\/thucphamtienloi.com\/?product=luoi-vit-lam-sach#primaryimage"},"thumbnailUrl":"https:\/\/thucphamtienloi.com\/wp-content\/uploads\/2020\/06\/luoi-vit-min.png","datePublished":"2020-06-06T09:37:48+00:00","dateModified":"2025-10-19T16:15:24+00:00","description":"L\u01b0\u1ee1i v\u1ecbt l\u00e0m s\u1ea1ch c\u1ea5p \u0111\u00f4ng l\u1ea1nh trong t\u1eebng t\u00fai 1kg. H\u1ed7 tr\u1ee3 ship t\u1eadn nh\u00e0 v\u1edbi gi\u00e1 \u01b0u \u0111\u00e3i. Qu\u00fd kh\u00e1ch \u0111\u1eb7t mua vui l\u00f2ng li\u00ean h\u1ec7 Hotline: 0987.506.349","breadcrumb":{"@id":"https:\/\/thucphamtienloi.com\/?product=luoi-vit-lam-sach#breadcrumb"},"inLanguage":"vi","potentialAction":[{"@type":"ReadAction","target":["https:\/\/thucphamtienloi.com\/?product=luoi-vit-lam-sach"]}]},{"@type":"ImageObject","inLanguage":"vi","@id":"https:\/\/thucphamtienloi.com\/?product=luoi-vit-lam-sach#primaryimage","url":"https:\/\/thucphamtienloi.com\/wp-content\/uploads\/2020\/06\/luoi-vit-min.png","contentUrl":"https:\/\/thucphamtienloi.com\/wp-content\/uploads\/2020\/06\/luoi-vit-min.png","width":300,"height":300,"caption":"l\u01b0\u1ee1i v\u1ecbt"},{"@type":"BreadcrumbList","@id":"https:\/\/thucphamtienloi.com\/?product=luoi-vit-lam-sach#breadcrumb","itemListElement":[{"@type":"ListItem","position":1,"name":"Trang ch\u1ee7","item":"https:\/\/thucphamtienloi.com\/"},{"@type":"ListItem","position":2,"name":"C\u1eeda H\u00e0ng","item":"https:\/\/thucphamtienloi.com\/?page_id=3334"},{"@type":"ListItem","position":3,"name":"Th\u1ef1c Ph\u1ea9m \u0110\u00f4ng L\u1ea1nh","item":"https:\/\/thucphamtienloi.com\/danh-muc-san-pham\/thuc-pham-nhap-khau\/"},{"@type":"ListItem","position":4,"name":"L\u01b0\u1ee1i V\u1ecbt"}]},{"@type":"WebSite","@id":"https:\/\/thucphamtienloi.com\/#website","url":"https:\/\/thucphamtienloi.com\/","name":"Th\u1ef1c ph\u1ea9m ti\u1ec7n l\u1ee3i","description":"\u1ea8m Th\u1ef1c Qu\u00ea H\u01b0\u01a1ng","publisher":{"@id":"https:\/\/thucphamtienloi.com\/#organization"},"potentialAction":[{"@type":"SearchAction","target":{"@type":"EntryPoint","urlTemplate":"https:\/\/thucphamtienloi.com\/?s={search_term_string}"},"query-input":{"@type":"PropertyValueSpecification","valueRequired":true,"valueName":"search_term_string"}}],"inLanguage":"vi"},{"@type":"Organization","@id":"https:\/\/thucphamtienloi.com\/#organization","name":"Th\u1ef1c ph\u1ea9m ti\u1ec7n l\u1ee3i","url":"https:\/\/thucphamtienloi.com\/","logo":{"@type":"ImageObject","inLanguage":"vi","@id":"https:\/\/thucphamtienloi.com\/#\/schema\/logo\/image\/","url":"https:\/\/thucphamtienloi.com\/wp-content\/uploads\/2022\/07\/THU\u031b\u0323C-PHA\u0302\u0309M-TIE\u0323\u0302N-LO\u031b\u0323I.png","contentUrl":"https:\/\/thucphamtienloi.com\/wp-content\/uploads\/2022\/07\/THU\u031b\u0323C-PHA\u0302\u0309M-TIE\u0323\u0302N-LO\u031b\u0323I.png","width":1920,"height":1080,"caption":"Th\u1ef1c ph\u1ea9m ti\u1ec7n l\u1ee3i"},"image":{"@id":"https:\/\/thucphamtienloi.com\/#\/schema\/logo\/image\/"}}]}},"_links":{"self":[{"href":"https:\/\/thucphamtienloi.com\/index.php?rest_route=\/wp\/v2\/product\/598","targetHints":{"allow":["GET"]}}],"collection":[{"href":"https:\/\/thucphamtienloi.com\/index.php?rest_route=\/wp\/v2\/product"}],"about":[{"href":"https:\/\/thucphamtienloi.com\/index.php?rest_route=\/wp\/v2\/types\/product"}],"replies":[{"embeddable":true,"href":"https:\/\/thucphamtienloi.com\/index.php?rest_route=%2Fwp%2Fv2%2Fcomments&post=598"}],"wp:featuredmedia":[{"embeddable":true,"href":"https:\/\/thucphamtienloi.com\/index.php?rest_route=\/wp\/v2\/media\/599"}],"wp:attachment":[{"href":"https:\/\/thucphamtienloi.com\/index.php?rest_route=%2Fwp%2Fv2%2Fmedia&parent=598"}],"wp:term":[{"taxonomy":"product_brand","embeddable":true,"href":"https:\/\/thucphamtienloi.com\/index.php?rest_route=%2Fwp%2Fv2%2Fproduct_brand&post=598"},{"taxonomy":"product_cat","embeddable":true,"href":"https:\/\/thucphamtienloi.com\/index.php?rest_route=%2Fwp%2Fv2%2Fproduct_cat&post=598"},{"taxonomy":"product_tag","embeddable":true,"href":"https:\/\/thucphamtienloi.com\/index.php?rest_route=%2Fwp%2Fv2%2Fproduct_tag&post=598"}],"curies":[{"name":"wp","href":"https:\/\/api.w.org\/{rel}","templated":true}]}}