{"id":607,"date":"2020-06-06T09:53:11","date_gmt":"2020-06-06T09:53:11","guid":{"rendered":"https:\/\/thucphamtienloi.com\/?post_type=product&#038;p=607"},"modified":"2025-10-19T16:14:53","modified_gmt":"2025-10-19T16:14:53","slug":"vo-bo-luoc-san","status":"publish","type":"product","link":"https:\/\/thucphamtienloi.com\/?product=vo-bo-luoc-san","title":{"rendered":"V\u00f3 B\u00f2 Lu\u1ed9c S\u1eb5n"},"content":{"rendered":"<p><span style=\"font-size: 100%;\"><strong>\u00a0\u00a0V\u00f3 b\u00f2<\/strong> l\u00e0 m\u1ed9t m\u00f3n \u0103n thu\u1ea7n t\u00fay c\u1ee7a ng\u01b0\u1eddi d\u00e2n Vi\u1ec7t Nam<strong>.V\u00f3 B\u00f2 Lu\u1ed9c S\u1eb5n<\/strong> khi \u0103n c\u00f3 v\u1ecb dai gi\u00f2n r\u1ea5t ngon, ch\u00ednh v\u00ec v\u1eady \u0111\u00e2y l\u00e0 m\u00f3n \u0103n th\u01b0\u1eddng xuy\u00ean xu\u1ea5t hi\u1ec7n trong m\u00e2m c\u01a1m gia \u0111\u00ecnh, \u0111\u1eb7c bi\u1ec7t \u0111\u00e2y c\u00f2n l\u00e0 m\u00f3n nh\u1eadu kho\u00e1i kh\u1ea9u c\u1ee7a \u0111\u1ea5ng m\u00e0y r\u00e2u m\u1ed7i khi ng\u1ed3i \u0111o t\u1eedu l\u01b0\u1ee3ng.<\/span><\/p>\n<h2><span style=\"font-size: 100%;\">Gi\u1edbi thi\u1ec7u v\u1ec1 V\u00f3 B\u00f2<\/span><\/h2>\n<p><span style=\"font-size: 100%;\">V\u00f3 b\u00f2 l\u00e0 nh\u1eefng mi\u1ebfng g\u00e2n v\u00e0 da \u0111\u01b0\u1ee3c l\u1ed9c ra t\u1eeb ch\u00e2n b\u00f2.V\u00f3 b\u00f2 mang r\u1eeda th\u1eadt s\u1ea1ch c\u00f3 th\u1ec3 cho v\u00e0o ch\u1eadu n\u01b0\u1edbc vo g\u1ea1o hay ch\u1eadu n\u01b0\u1edbc mu\u1ed1i lo\u00e3ng r\u1eeda cho th\u1eadt s\u1ea1ch h\u1ebft m\u00f9i \u0111\u1eb7c tr\u01b0ng c\u1ee7a b\u00f2.Cho v\u00f3 b\u00f2 v\u00e0o m\u1ed9t n\u1ed3i n\u01b0\u1edbc, l\u01b0\u1ee3ng n\u01b0\u1edbc ph\u1ea3i \u0111\u1ee7 ng\u1eadp v\u00f3 b\u00f2.<\/span><\/p>\n<p><span style=\"font-size: 100%;\"><strong><img loading=\"lazy\" decoding=\"async\" class=\"aligncenter wp-image-655\" src=\"https:\/\/thucphamtienloi.com\/wp-content\/uploads\/2020\/06\/vo-bo-667x400.jpg\" alt=\"\" width=\"600\" height=\"360\" srcset=\"https:\/\/thucphamtienloi.com\/wp-content\/uploads\/2020\/06\/vo-bo-667x400.jpg 667w, https:\/\/thucphamtienloi.com\/wp-content\/uploads\/2020\/06\/vo-bo-510x306.jpg 510w, https:\/\/thucphamtienloi.com\/wp-content\/uploads\/2020\/06\/vo-bo-768x461.jpg 768w, https:\/\/thucphamtienloi.com\/wp-content\/uploads\/2020\/06\/vo-bo-600x360.jpg 600w, https:\/\/thucphamtienloi.com\/wp-content\/uploads\/2020\/06\/vo-bo.jpg 800w\" sizes=\"auto, (max-width: 600px) 100vw, 600px\" \/><\/strong><\/span><\/p>\n<p><span style=\"font-size: 100%;\">Th\u00eam v\u00e0o \u0111\u00f3 1 th\u00eca canh mu\u1ed1i, 1 th\u00eca canh h\u1ea1t n\u00eam c\u00f9ng v\u1edbi 1 m\u1ea9u g\u1eebng \u0111\u1eadp d\u1eadp \u0111\u1ec3 kh\u1eed b\u1edbt m\u00f9i c\u1ee7a v\u00f3 b\u00f2.\u0110un t\u1edbi khi n\u00e0o th\u1ea5y v\u00f3 b\u00f2 n\u1edf ch\u00edn m\u1ec1m l\u00e0 \u0111\u01b0\u1ee3c.Khi v\u00f3 b\u00f2 ch\u00edn v\u1edbt ra \u0111\u1ec3 ng\u00e2m trong b\u00e1t n\u01b0\u1edbc ngu\u1ed9i sau \u0111\u00f3 cho ra r\u1ed5 \u0111\u1ec3 cho r\u00e1o.Th\u00e1i v\u00f3 b\u00f2 th\u1eadt m\u1ecfng r\u1ed3i x\u1ebfp ra \u0111\u0129a \u0103n.<\/span><\/p>\n<p><span style=\"font-size: 100%;\">V\u00f3 b\u00f2 th\u00ec th\u01b0\u1eddng \u0111\u01b0\u1ee3c \u0103n k\u00e8m v\u1edbi t\u01b0\u01a1ng b\u1ea7n hay t\u01b0\u01a1ng g\u1eebng, ngo\u00e0i ra v\u00f3 b\u00f2 c\u00f2n \u0111\u01b0\u1ee3c \u0103n k\u00e8m v\u1edbi rau ng\u1ed5. \u00a0\u0110\u0129a v\u00f3 b\u00f2 trong trong c\u00f3 m\u00e0u nh\u01b0 h\u1ed5 ph\u00e1ch, b\u00e0y c\u1ea1nh m\u1ea5y c\u1ecdng rau ng\u1ed5 xanh r\u1eddn,l\u00e1t \u1edbt \u0111\u1ecf t\u01b0\u01a1i v\u00e0 b\u00e1t n\u01b0\u1edbc ch\u1ea5m t\u01b0\u01a1ng g\u1eebng n\u00e2u \u0111\u1eadm t\u00ecnh qu\u00ea.<\/span><\/p>\n<p><span style=\"font-size: 100%;\"><strong>Khi Mua V\u00f3 B\u00f2 T\u1ea1i C\u1eeda H\u00e0ng Ch\u00fang T\u00f4i. Qu\u00fd Kh\u00e1ch \u0110\u01b0\u1ee3c T\u1eb7ng K\u00e8m T\u01b0\u01a1ng \u0110\u1ec3 Ch\u1ea5m<\/strong><\/span><\/p>\n<p><span style=\"font-size: 100%;\"><img loading=\"lazy\" decoding=\"async\" class=\"aligncenter wp-image-654\" src=\"https:\/\/thucphamtienloi.com\/wp-content\/uploads\/2020\/06\/vo-bo-cham-tuong-400x400.jpg\" alt=\"\" width=\"600\" height=\"600\" srcset=\"https:\/\/thucphamtienloi.com\/wp-content\/uploads\/2020\/06\/vo-bo-cham-tuong-400x400.jpg 400w, https:\/\/thucphamtienloi.com\/wp-content\/uploads\/2020\/06\/vo-bo-cham-tuong-247x247.jpg 247w, https:\/\/thucphamtienloi.com\/wp-content\/uploads\/2020\/06\/vo-bo-cham-tuong-100x100.jpg 100w, https:\/\/thucphamtienloi.com\/wp-content\/uploads\/2020\/06\/vo-bo-cham-tuong-510x510.jpg 510w, https:\/\/thucphamtienloi.com\/wp-content\/uploads\/2020\/06\/vo-bo-cham-tuong-800x800.jpg 800w, https:\/\/thucphamtienloi.com\/wp-content\/uploads\/2020\/06\/vo-bo-cham-tuong-280x280.jpg 280w, https:\/\/thucphamtienloi.com\/wp-content\/uploads\/2020\/06\/vo-bo-cham-tuong-768x768.jpg 768w, https:\/\/thucphamtienloi.com\/wp-content\/uploads\/2020\/06\/vo-bo-cham-tuong-300x300.jpg 300w, https:\/\/thucphamtienloi.com\/wp-content\/uploads\/2020\/06\/vo-bo-cham-tuong-600x600.jpg 600w, https:\/\/thucphamtienloi.com\/wp-content\/uploads\/2020\/06\/vo-bo-cham-tuong.jpg 1280w\" sizes=\"auto, (max-width: 600px) 100vw, 600px\" \/><\/span><\/p>\n<h2><span style=\"font-size: 100%;\"><strong>G\u1ee3i \u00fd ch\u1ebf bi\u1ebfn m\u00f3n \u0103n\u00a0<\/strong><\/span><\/h2>\n<p><span style=\"font-size: 100%;\">Ngo\u00e0i c\u00e1ch \u0103n v\u00f3 b\u00f2 lu\u1ed9c ch\u1ea5m v\u1edbi t\u01b0\u01a1ng g\u1eebng, b\u1ea1n c\u0169ng c\u00f3 th\u1ec3 \u0111\u1ed5i m\u00f3n cho c\u1ea3 gia \u0111\u00ecnh b\u1eb1ng c\u00e1ch bi\u1ebfn t\u1ea5u m\u1ed9t ch\u00fat \u0111\u1ec3 c\u00f3 \u0111\u01b0\u1ee3c m\u00f3n \u0103n V\u00f3 B\u00f2 Ng\u00e2m Chua Ng\u1ecdt.Sau khi mua v\u00f3 b\u00f2 lu\u1ed9c v\u1ec1 b\u1ea1n pha n\u01b0\u1edbc ng\u00e2m chua ng\u1ecdt:\u00a0kho\u1ea3ng 3 l\u1ea1ng v\u00f3 b\u00f2 \u0111\u00e3 lu\u1ed9c ch\u00edn pha 2 th\u00eca canh ph\u1edf n\u01b0\u1edbc m\u1eafm, 2 th\u00eca canh ph\u1edf \u0111\u01b0\u1eddng, 2 th\u00eca n\u01b0\u1edbc c\u1ed1t chanh, 10 th\u00eca n\u01b0\u1edbc \u0111un s\u00f4i \u0111\u1ec3 ngu\u1ed9i. Khu\u1ea5y th\u1eadt \u0111\u1ec1u cho \u0111\u01b0\u1eddng tan.<\/span><\/p>\n<p><span style=\"font-size: 100%;\"><strong><img loading=\"lazy\" decoding=\"async\" class=\"aligncenter wp-image-653\" src=\"https:\/\/thucphamtienloi.com\/wp-content\/uploads\/2020\/06\/nom-vo-bo-711x400.jpg\" alt=\"\" width=\"600\" height=\"338\" srcset=\"https:\/\/thucphamtienloi.com\/wp-content\/uploads\/2020\/06\/nom-vo-bo-711x400.jpg 711w, https:\/\/thucphamtienloi.com\/wp-content\/uploads\/2020\/06\/nom-vo-bo-510x287.jpg 510w, https:\/\/thucphamtienloi.com\/wp-content\/uploads\/2020\/06\/nom-vo-bo-768x432.jpg 768w, https:\/\/thucphamtienloi.com\/wp-content\/uploads\/2020\/06\/nom-vo-bo-600x338.jpg 600w, https:\/\/thucphamtienloi.com\/wp-content\/uploads\/2020\/06\/nom-vo-bo.jpg 1280w\" sizes=\"auto, (max-width: 600px) 100vw, 600px\" \/><\/strong><\/span><\/p>\n<p><span style=\"font-size: 100%;\">Nh\u01b0 v\u1eady, b\u1ea1n \u0111\u00e3 c\u00f3 th\u00eam m\u1ed9t m\u00f3n \u0103n tuy\u1ec7t ngon cho c\u1ea3 gia \u0111\u00ecnh. M\u00f3n \u0103n n\u00e0y r\u1ea5t \u0111\u01b0\u1ee3c l\u00f2ng c\u00e1c \u00f4ng x\u00e3 tr\u00ean b\u00e0n nh\u1eadu \u0111\u1ea5y \u1ea1.<\/span><\/p>\n<h2><span style=\"font-size: 100%;\">Mua V\u00f3 B\u00f2 Lu\u1ed9c S\u1eb5n t\u1ea1i Tp H\u1ed3 Ch\u00ed Minh \u1edf \u0111\u00e2u?<\/span><\/h2>\n<p><span style=\"font-size: 100%;\">Qu\u00fd kh\u00e1ch c\u00f3 nhu c\u1ea7u \u0111\u1eb7t mua V\u00f3 B\u00f2 t\u1ea1i S\u00e0i G\u00f2n vui l\u00f2ng li\u00ean h\u1ec7 v\u1edbi ch\u00fang t\u00f4i qua s\u1ed1 Hotline: <strong class=\"uppercase\">0987506349.<br \/>\n<\/strong>Qu\u00fd kh\u00e1ch n\u00ean \u0111\u1eb7t tr\u01b0\u1edbc kho\u1ea3ng 1 ng\u00e0y \u0111\u1ec3 ch\u00fang t\u00f4i ph\u1ee5c v\u1ee5 v\u00e0 SHIP t\u1eadn nh\u00e0 t\u1ed1t nh\u1ea5t.<\/span><\/p>\n<p><span style=\"font-size: 100%;\"><strong>M\u1ecdi chi ti\u1ebft vui l\u00f2ng li\u00ean h\u1ec7 :<\/strong><\/span><\/p>\n<p><strong>Hotline\/Zalo:<\/strong>\u00a0<strong>0987.506.349<\/strong><\/p>\n<p><strong>\u0110\u1ecba ch\u1ec9 c\u1eeda h\u00e0ng :\u00a0<\/strong><\/p>\n<p><strong>T\u1ea1i S\u00e0i G\u00f2n:<\/strong>\u00a0184\/17 Nguy\u1ec5n Ph\u00fac Chu, P15, Q. T\u00e2n B\u00ecnh , TP HCM (vui l\u00f2ng g\u1ecdi tr\u01b0\u1edbc khi \u0111\u1ebfn)<br \/>\n<strong>T\u1ea1i H\u00e0 N\u1ed9i : <\/strong>Chung c\u01b0 349, V\u0169 T\u00f4ng Phan, Thanh Xu\u00e2n, H\u00e0 N\u1ed9i (vui l\u00f2ng g\u1ecdi tr\u01b0\u1edbc khi \u0111\u1ebfn)<\/p>\n<p><strong>Facebook:\u00a0<a href=\"https:\/\/www.facebook.com\/thucphamtienloiFB\">TH\u1ef0C PH\u1ea8M TI\u1ec6N L\u1ee2I<\/a><\/strong><\/p>\n","protected":false},"excerpt":{"rendered":"<p><strong>V\u00f3 b\u00f2<\/strong> l\u00e0 m\u1ed9t m\u00f3n \u0103n thu\u1ea7n t\u00fay c\u1ee7a ng\u01b0\u1eddi d\u00e2n Vi\u1ec7t Nam<strong>.V\u00f3 B\u00f2 Lu\u1ed9c S\u1eb5n<\/strong> khi \u0103n c\u00f3 v\u1ecb dai gi\u00f2n r\u1ea5t ngon, ch\u00ednh v\u00ec v\u1eady \u0111\u00e2y l\u00e0 m\u00f3n \u0103n th\u01b0\u1eddng xuy\u00ean xu\u1ea5t hi\u1ec7n trong m\u00e2m c\u01a1m gia \u0111\u00ecnh, \u0111\u1eb7c bi\u1ec7t \u0111\u00e2y c\u00f2n l\u00e0 m\u00f3n nh\u1eadu kho\u00e1i kh\u1ea9u c\u1ee7a \u0111\u1ea5ng m\u00e0y r\u00e2u m\u1ed7i khi ng\u1ed3i \u0111o t\u1eedu l\u01b0\u1ee3ng.<\/p>\n<p>&nbsp;<\/p>\n","protected":false},"featured_media":608,"comment_status":"closed","ping_status":"closed","template":"","meta":[],"product_brand":[],"product_cat":[1025,68],"product_tag":[91,92,93,94,95,96],"class_list":{"0":"post-607","1":"product","2":"type-product","3":"status-publish","4":"has-post-thumbnail","6":"product_cat-mon-an-nau-chin","7":"product_cat-dac-san-mien-bac","8":"product_tag-vo-bo","9":"product_tag-vo-bo-luoc-san","10":"product_tag-vo-bo-tuoi-song","11":"product_tag-vo-bo-tai-tp-hcm","12":"product_tag-vo-bo-tai-go-vap","13":"product_tag-vo-bo-tai-tan-binh","15":"first","16":"instock","17":"shipping-taxable","18":"purchasable","19":"product-type-simple"},"yoast_head":"<!-- This site is optimized with the Yoast SEO plugin v27.4 - https:\/\/yoast.com\/product\/yoast-seo-wordpress\/ -->\n<title>V\u00f3 B\u00f2 Lu\u1ed9c S\u1eb5n - h\u00e0ng t\u01b0\u01a1i Vi\u1ec7t Nam<\/title>\n<meta name=\"description\" content=\"V\u00f3 B\u00f2 lu\u1ed9c s\u1eb5n dai dai r\u1ea5t ngon.Qu\u00fd kh\u00e1ch khi \u0111\u1eb7t mua V\u00f3 B\u00f2 t\u1ea1i c\u1eeda h\u00e0ng s\u1ebd \u0111\u01b0\u01a1c t\u1eb7ng k\u00e8m t\u01b0\u01a1ng ch\u1ea5m \u0111\u1ec3 th\u01b0\u1edfng th\u1ee9c tr\u1ecdn v\u1ecb c\u1ee7a m\u00f3n \u0103n.\" \/>\n<meta name=\"robots\" content=\"index, follow, max-snippet:-1, max-image-preview:large, max-video-preview:-1\" \/>\n<link rel=\"canonical\" href=\"https:\/\/thucphamtienloi.com\/?product=vo-bo-luoc-san\" \/>\n<meta property=\"og:locale\" content=\"vi_VN\" \/>\n<meta property=\"og:type\" content=\"article\" \/>\n<meta property=\"og:title\" content=\"V\u00f3 B\u00f2 Lu\u1ed9c S\u1eb5n - h\u00e0ng t\u01b0\u01a1i Vi\u1ec7t Nam\" \/>\n<meta property=\"og:description\" content=\"V\u00f3 B\u00f2 lu\u1ed9c s\u1eb5n dai dai r\u1ea5t ngon.Qu\u00fd kh\u00e1ch khi \u0111\u1eb7t mua V\u00f3 B\u00f2 t\u1ea1i c\u1eeda h\u00e0ng s\u1ebd \u0111\u01b0\u01a1c t\u1eb7ng k\u00e8m t\u01b0\u01a1ng ch\u1ea5m \u0111\u1ec3 th\u01b0\u1edfng th\u1ee9c tr\u1ecdn v\u1ecb c\u1ee7a m\u00f3n \u0103n.\" \/>\n<meta property=\"og:url\" content=\"https:\/\/thucphamtienloi.com\/?product=vo-bo-luoc-san\" \/>\n<meta property=\"og:site_name\" content=\"\u1ea8M TH\u1ef0C BA MI\u1ec0N\" \/>\n<meta property=\"article:modified_time\" content=\"2025-10-19T16:14:53+00:00\" \/>\n<meta property=\"og:image\" content=\"https:\/\/thucphamtienloi.com\/wp-content\/uploads\/2020\/06\/vo-bo-min.png\" \/>\n\t<meta property=\"og:image:width\" content=\"300\" \/>\n\t<meta property=\"og:image:height\" content=\"300\" \/>\n\t<meta property=\"og:image:type\" content=\"image\/png\" \/>\n<meta name=\"twitter:card\" content=\"summary_large_image\" \/>\n<meta name=\"twitter:label1\" content=\"\u01af\u1edbc t\u00ednh th\u1eddi gian \u0111\u1ecdc\" \/>\n\t<meta name=\"twitter:data1\" content=\"4 ph\u00fat\" \/>\n<script type=\"application\/ld+json\" class=\"yoast-schema-graph\">{\"@context\":\"https:\\\/\\\/schema.org\",\"@graph\":[{\"@type\":[\"WebPage\",\"ItemPage\"],\"@id\":\"https:\\\/\\\/thucphamtienloi.com\\\/?product=vo-bo-luoc-san\",\"url\":\"https:\\\/\\\/thucphamtienloi.com\\\/?product=vo-bo-luoc-san\",\"name\":\"V\u00f3 B\u00f2 Lu\u1ed9c S\u1eb5n - h\u00e0ng t\u01b0\u01a1i Vi\u1ec7t Nam\",\"isPartOf\":{\"@id\":\"https:\\\/\\\/thucphamtienloi.com\\\/#website\"},\"primaryImageOfPage\":{\"@id\":\"https:\\\/\\\/thucphamtienloi.com\\\/?product=vo-bo-luoc-san#primaryimage\"},\"image\":{\"@id\":\"https:\\\/\\\/thucphamtienloi.com\\\/?product=vo-bo-luoc-san#primaryimage\"},\"thumbnailUrl\":\"https:\\\/\\\/thucphamtienloi.com\\\/wp-content\\\/uploads\\\/2020\\\/06\\\/vo-bo-min.png\",\"datePublished\":\"2020-06-06T09:53:11+00:00\",\"dateModified\":\"2025-10-19T16:14:53+00:00\",\"description\":\"V\u00f3 B\u00f2 lu\u1ed9c s\u1eb5n dai dai r\u1ea5t ngon.Qu\u00fd kh\u00e1ch khi \u0111\u1eb7t mua V\u00f3 B\u00f2 t\u1ea1i c\u1eeda h\u00e0ng s\u1ebd \u0111\u01b0\u01a1c t\u1eb7ng k\u00e8m t\u01b0\u01a1ng ch\u1ea5m \u0111\u1ec3 th\u01b0\u1edfng th\u1ee9c tr\u1ecdn v\u1ecb c\u1ee7a m\u00f3n \u0103n.\",\"breadcrumb\":{\"@id\":\"https:\\\/\\\/thucphamtienloi.com\\\/?product=vo-bo-luoc-san#breadcrumb\"},\"inLanguage\":\"vi\",\"potentialAction\":[{\"@type\":\"ReadAction\",\"target\":[\"https:\\\/\\\/thucphamtienloi.com\\\/?product=vo-bo-luoc-san\"]}]},{\"@type\":\"ImageObject\",\"inLanguage\":\"vi\",\"@id\":\"https:\\\/\\\/thucphamtienloi.com\\\/?product=vo-bo-luoc-san#primaryimage\",\"url\":\"https:\\\/\\\/thucphamtienloi.com\\\/wp-content\\\/uploads\\\/2020\\\/06\\\/vo-bo-min.png\",\"contentUrl\":\"https:\\\/\\\/thucphamtienloi.com\\\/wp-content\\\/uploads\\\/2020\\\/06\\\/vo-bo-min.png\",\"width\":300,\"height\":300,\"caption\":\"v\u00f3 b\u1ed3 lu\u1ed9c s\u1eb5n\"},{\"@type\":\"BreadcrumbList\",\"@id\":\"https:\\\/\\\/thucphamtienloi.com\\\/?product=vo-bo-luoc-san#breadcrumb\",\"itemListElement\":[{\"@type\":\"ListItem\",\"position\":1,\"name\":\"Trang ch\u1ee7\",\"item\":\"https:\\\/\\\/thucphamtienloi.com\\\/\"},{\"@type\":\"ListItem\",\"position\":2,\"name\":\"C\u1eeda H\u00e0ng\",\"item\":\"https:\\\/\\\/thucphamtienloi.com\\\/?page_id=3334\"},{\"@type\":\"ListItem\",\"position\":3,\"name\":\"\u0110\u1eb7c S\u1ea3n Mi\u1ec1n B\u1eafc\",\"item\":\"https:\\\/\\\/thucphamtienloi.com\\\/danh-muc-san-pham\\\/dac-san-mien-bac\\\/\"},{\"@type\":\"ListItem\",\"position\":4,\"name\":\"V\u00f3 B\u00f2 Lu\u1ed9c S\u1eb5n\"}]},{\"@type\":\"WebSite\",\"@id\":\"https:\\\/\\\/thucphamtienloi.com\\\/#website\",\"url\":\"https:\\\/\\\/thucphamtienloi.com\\\/\",\"name\":\"Th\u1ef1c ph\u1ea9m ti\u1ec7n l\u1ee3i\",\"description\":\"\u1ea8m Th\u1ef1c Qu\u00ea H\u01b0\u01a1ng\",\"publisher\":{\"@id\":\"https:\\\/\\\/thucphamtienloi.com\\\/#organization\"},\"potentialAction\":[{\"@type\":\"SearchAction\",\"target\":{\"@type\":\"EntryPoint\",\"urlTemplate\":\"https:\\\/\\\/thucphamtienloi.com\\\/?s={search_term_string}\"},\"query-input\":{\"@type\":\"PropertyValueSpecification\",\"valueRequired\":true,\"valueName\":\"search_term_string\"}}],\"inLanguage\":\"vi\"},{\"@type\":\"Organization\",\"@id\":\"https:\\\/\\\/thucphamtienloi.com\\\/#organization\",\"name\":\"Th\u1ef1c ph\u1ea9m ti\u1ec7n l\u1ee3i\",\"url\":\"https:\\\/\\\/thucphamtienloi.com\\\/\",\"logo\":{\"@type\":\"ImageObject\",\"inLanguage\":\"vi\",\"@id\":\"https:\\\/\\\/thucphamtienloi.com\\\/#\\\/schema\\\/logo\\\/image\\\/\",\"url\":\"https:\\\/\\\/thucphamtienloi.com\\\/wp-content\\\/uploads\\\/2022\\\/07\\\/THU\u031b\u0323C-PHA\u0302\u0309M-TIE\u0323\u0302N-LO\u031b\u0323I.png\",\"contentUrl\":\"https:\\\/\\\/thucphamtienloi.com\\\/wp-content\\\/uploads\\\/2022\\\/07\\\/THU\u031b\u0323C-PHA\u0302\u0309M-TIE\u0323\u0302N-LO\u031b\u0323I.png\",\"width\":1920,\"height\":1080,\"caption\":\"Th\u1ef1c ph\u1ea9m ti\u1ec7n l\u1ee3i\"},\"image\":{\"@id\":\"https:\\\/\\\/thucphamtienloi.com\\\/#\\\/schema\\\/logo\\\/image\\\/\"}}]}<\/script>\n<!-- \/ Yoast SEO plugin. -->","yoast_head_json":{"title":"V\u00f3 B\u00f2 Lu\u1ed9c S\u1eb5n - h\u00e0ng t\u01b0\u01a1i Vi\u1ec7t Nam","description":"V\u00f3 B\u00f2 lu\u1ed9c s\u1eb5n dai dai r\u1ea5t ngon.Qu\u00fd kh\u00e1ch khi \u0111\u1eb7t mua V\u00f3 B\u00f2 t\u1ea1i c\u1eeda h\u00e0ng s\u1ebd \u0111\u01b0\u01a1c t\u1eb7ng k\u00e8m t\u01b0\u01a1ng ch\u1ea5m \u0111\u1ec3 th\u01b0\u1edfng th\u1ee9c tr\u1ecdn v\u1ecb c\u1ee7a m\u00f3n \u0103n.","robots":{"index":"index","follow":"follow","max-snippet":"max-snippet:-1","max-image-preview":"max-image-preview:large","max-video-preview":"max-video-preview:-1"},"canonical":"https:\/\/thucphamtienloi.com\/?product=vo-bo-luoc-san","og_locale":"vi_VN","og_type":"article","og_title":"V\u00f3 B\u00f2 Lu\u1ed9c S\u1eb5n - h\u00e0ng t\u01b0\u01a1i Vi\u1ec7t Nam","og_description":"V\u00f3 B\u00f2 lu\u1ed9c s\u1eb5n dai dai r\u1ea5t ngon.Qu\u00fd kh\u00e1ch khi \u0111\u1eb7t mua V\u00f3 B\u00f2 t\u1ea1i c\u1eeda h\u00e0ng s\u1ebd \u0111\u01b0\u01a1c t\u1eb7ng k\u00e8m t\u01b0\u01a1ng ch\u1ea5m \u0111\u1ec3 th\u01b0\u1edfng th\u1ee9c tr\u1ecdn v\u1ecb c\u1ee7a m\u00f3n \u0103n.","og_url":"https:\/\/thucphamtienloi.com\/?product=vo-bo-luoc-san","og_site_name":"\u1ea8M TH\u1ef0C BA MI\u1ec0N","article_modified_time":"2025-10-19T16:14:53+00:00","og_image":[{"width":300,"height":300,"url":"https:\/\/thucphamtienloi.com\/wp-content\/uploads\/2020\/06\/vo-bo-min.png","type":"image\/png"}],"twitter_card":"summary_large_image","twitter_misc":{"\u01af\u1edbc t\u00ednh th\u1eddi gian \u0111\u1ecdc":"4 ph\u00fat"},"schema":{"@context":"https:\/\/schema.org","@graph":[{"@type":["WebPage","ItemPage"],"@id":"https:\/\/thucphamtienloi.com\/?product=vo-bo-luoc-san","url":"https:\/\/thucphamtienloi.com\/?product=vo-bo-luoc-san","name":"V\u00f3 B\u00f2 Lu\u1ed9c S\u1eb5n - h\u00e0ng t\u01b0\u01a1i Vi\u1ec7t Nam","isPartOf":{"@id":"https:\/\/thucphamtienloi.com\/#website"},"primaryImageOfPage":{"@id":"https:\/\/thucphamtienloi.com\/?product=vo-bo-luoc-san#primaryimage"},"image":{"@id":"https:\/\/thucphamtienloi.com\/?product=vo-bo-luoc-san#primaryimage"},"thumbnailUrl":"https:\/\/thucphamtienloi.com\/wp-content\/uploads\/2020\/06\/vo-bo-min.png","datePublished":"2020-06-06T09:53:11+00:00","dateModified":"2025-10-19T16:14:53+00:00","description":"V\u00f3 B\u00f2 lu\u1ed9c s\u1eb5n dai dai r\u1ea5t ngon.Qu\u00fd kh\u00e1ch khi \u0111\u1eb7t mua V\u00f3 B\u00f2 t\u1ea1i c\u1eeda h\u00e0ng s\u1ebd \u0111\u01b0\u01a1c t\u1eb7ng k\u00e8m t\u01b0\u01a1ng ch\u1ea5m \u0111\u1ec3 th\u01b0\u1edfng th\u1ee9c tr\u1ecdn v\u1ecb c\u1ee7a m\u00f3n \u0103n.","breadcrumb":{"@id":"https:\/\/thucphamtienloi.com\/?product=vo-bo-luoc-san#breadcrumb"},"inLanguage":"vi","potentialAction":[{"@type":"ReadAction","target":["https:\/\/thucphamtienloi.com\/?product=vo-bo-luoc-san"]}]},{"@type":"ImageObject","inLanguage":"vi","@id":"https:\/\/thucphamtienloi.com\/?product=vo-bo-luoc-san#primaryimage","url":"https:\/\/thucphamtienloi.com\/wp-content\/uploads\/2020\/06\/vo-bo-min.png","contentUrl":"https:\/\/thucphamtienloi.com\/wp-content\/uploads\/2020\/06\/vo-bo-min.png","width":300,"height":300,"caption":"v\u00f3 b\u1ed3 lu\u1ed9c s\u1eb5n"},{"@type":"BreadcrumbList","@id":"https:\/\/thucphamtienloi.com\/?product=vo-bo-luoc-san#breadcrumb","itemListElement":[{"@type":"ListItem","position":1,"name":"Trang ch\u1ee7","item":"https:\/\/thucphamtienloi.com\/"},{"@type":"ListItem","position":2,"name":"C\u1eeda H\u00e0ng","item":"https:\/\/thucphamtienloi.com\/?page_id=3334"},{"@type":"ListItem","position":3,"name":"\u0110\u1eb7c S\u1ea3n Mi\u1ec1n B\u1eafc","item":"https:\/\/thucphamtienloi.com\/danh-muc-san-pham\/dac-san-mien-bac\/"},{"@type":"ListItem","position":4,"name":"V\u00f3 B\u00f2 Lu\u1ed9c S\u1eb5n"}]},{"@type":"WebSite","@id":"https:\/\/thucphamtienloi.com\/#website","url":"https:\/\/thucphamtienloi.com\/","name":"Th\u1ef1c ph\u1ea9m ti\u1ec7n l\u1ee3i","description":"\u1ea8m Th\u1ef1c Qu\u00ea H\u01b0\u01a1ng","publisher":{"@id":"https:\/\/thucphamtienloi.com\/#organization"},"potentialAction":[{"@type":"SearchAction","target":{"@type":"EntryPoint","urlTemplate":"https:\/\/thucphamtienloi.com\/?s={search_term_string}"},"query-input":{"@type":"PropertyValueSpecification","valueRequired":true,"valueName":"search_term_string"}}],"inLanguage":"vi"},{"@type":"Organization","@id":"https:\/\/thucphamtienloi.com\/#organization","name":"Th\u1ef1c ph\u1ea9m ti\u1ec7n l\u1ee3i","url":"https:\/\/thucphamtienloi.com\/","logo":{"@type":"ImageObject","inLanguage":"vi","@id":"https:\/\/thucphamtienloi.com\/#\/schema\/logo\/image\/","url":"https:\/\/thucphamtienloi.com\/wp-content\/uploads\/2022\/07\/THU\u031b\u0323C-PHA\u0302\u0309M-TIE\u0323\u0302N-LO\u031b\u0323I.png","contentUrl":"https:\/\/thucphamtienloi.com\/wp-content\/uploads\/2022\/07\/THU\u031b\u0323C-PHA\u0302\u0309M-TIE\u0323\u0302N-LO\u031b\u0323I.png","width":1920,"height":1080,"caption":"Th\u1ef1c ph\u1ea9m ti\u1ec7n l\u1ee3i"},"image":{"@id":"https:\/\/thucphamtienloi.com\/#\/schema\/logo\/image\/"}}]}},"_links":{"self":[{"href":"https:\/\/thucphamtienloi.com\/index.php?rest_route=\/wp\/v2\/product\/607","targetHints":{"allow":["GET"]}}],"collection":[{"href":"https:\/\/thucphamtienloi.com\/index.php?rest_route=\/wp\/v2\/product"}],"about":[{"href":"https:\/\/thucphamtienloi.com\/index.php?rest_route=\/wp\/v2\/types\/product"}],"replies":[{"embeddable":true,"href":"https:\/\/thucphamtienloi.com\/index.php?rest_route=%2Fwp%2Fv2%2Fcomments&post=607"}],"wp:featuredmedia":[{"embeddable":true,"href":"https:\/\/thucphamtienloi.com\/index.php?rest_route=\/wp\/v2\/media\/608"}],"wp:attachment":[{"href":"https:\/\/thucphamtienloi.com\/index.php?rest_route=%2Fwp%2Fv2%2Fmedia&parent=607"}],"wp:term":[{"taxonomy":"product_brand","embeddable":true,"href":"https:\/\/thucphamtienloi.com\/index.php?rest_route=%2Fwp%2Fv2%2Fproduct_brand&post=607"},{"taxonomy":"product_cat","embeddable":true,"href":"https:\/\/thucphamtienloi.com\/index.php?rest_route=%2Fwp%2Fv2%2Fproduct_cat&post=607"},{"taxonomy":"product_tag","embeddable":true,"href":"https:\/\/thucphamtienloi.com\/index.php?rest_route=%2Fwp%2Fv2%2Fproduct_tag&post=607"}],"curies":[{"name":"wp","href":"https:\/\/api.w.org\/{rel}","templated":true}]}}