{"id":609,"date":"2020-06-06T09:53:54","date_gmt":"2020-06-06T09:53:54","guid":{"rendered":"https:\/\/thucphamtienloi.com\/?post_type=product&#038;p=609"},"modified":"2025-10-19T16:14:52","modified_gmt":"2025-10-19T16:14:52","slug":"rau-bo-khai","status":"publish","type":"product","link":"https:\/\/thucphamtienloi.com\/?product=rau-bo-khai","title":{"rendered":"Rau B\u00f2 Khai"},"content":{"rendered":"<p><span style=\"font-size: 100%;\"><strong>Rau B\u00f2 Khai<\/strong> l\u00e0 m\u1ed9t lo\u1ea1i rau \u0111\u1eb7c s\u1ea3n c\u1ee7a n\u00fai r\u1eebng kh\u00f4ng ch\u1ec9 ngon \u0111\u1eadm \u0111\u00e0 m\u00e0 c\u00f2n c\u00f3 nhi\u1ec1u t\u00e1c d\u1ee5ng c\u00f3 l\u1ee3i cho s\u1ee9c kh\u1ecfe m\u00e0 kh\u00f4ng ph\u1ea3i ai c\u0169ng bi\u1ebft. N\u1ebfu b\u1ea1n c\u00f3 nhu c\u1ea7u mua <strong>Rau B\u00f2 Khai<\/strong> th\u00ec h\u00e3y \u0111\u1ec3 ch\u00fang t\u00f4i ph\u1ee5c v\u1ee5 b\u1ea1n.\u00a0<\/span><\/p>\n<h2><span style=\"font-size: 100%;\">\u0110\u1eb7c \u0110i\u1ec3m C\u1ee7a Rau\u00a0<\/span><\/h2>\n<p><span style=\"font-size: 100%;\">\u0110\u00fang nh\u01b0 c\u00e1i t\u00ean c\u1ee7a m\u00ecnh lo\u1ea1i rau n\u00e0y c\u00f3 m\u00f9i v\u1ecb kh\u00e1 \u0111\u1eb7c bi\u1ec7t \u0111\u00f3 l\u00e0 m\u00f9i khai.Trong d\u00e2n gian lo\u1ea1i rau n\u00e0y c\u00f2n \u0111\u01b0\u1ee3c bi\u1ebft t\u1edbi v\u1edbi nhi\u1ec1u t\u00ean g\u1ecdi kh\u00e1c nh\u01b0: d\u00e2y h\u01b0\u01a1ng, rau d\u1ea1 hi\u1ebfn, khau h\u01b0\u01a1ng, rau ng\u00f3t leo, rau nghi\u1ebfn\u2026<\/span><\/p>\n<p><span style=\"font-size: 100%;\"><strong>B\u00f2 khai<\/strong>\u00a0l\u00e0\u00a0m\u1ed9t lo\u1ea1i rau\u00a0th\u00e2n leo b\u1eb1ng tua cu\u1ed1n, chi\u1ec1u d\u00e0i c\u00f3 th\u1ec3 l\u00ean t\u1edbi h\u01a1n 10m. Th\u00e2n b\u00f2 khai th\u01b0\u1eddng to b\u1eb1ng \u0111\u1ea7u \u0111\u0169a, chia ra th\u00e0nh c\u00e1c \u0111\u1ed1t v\u00e0 c\u00f3 tua m\u1ecdc ra t\u1eeb n\u00e1ch c\u1ee7a cu\u1ed1ng l\u00e1. C\u0169ng gi\u1ed1ng nh\u01b0 nh\u1eefng lo\u00e0i th\u00e2n leo kh\u00e1c, b\u00f2 khai b\u00e1m v\u00e0o c\u00e2y th\u00e2n g\u1ed7 \u0111\u1ec3 v\u01b0\u01a1n l\u00ean cao \u0111\u00f3n \u00e1nh n\u1eafng. L\u00e1 b\u00f2 khai c\u00f3 m\u00e0u xanh non v\u00e0 m\u1ecdc xen k\u1ebd nhau, h\u00ecnh tr\u1ee5.<\/span><\/p>\n<p><span style=\"font-size: 100%;\"><strong><img loading=\"lazy\" decoding=\"async\" class=\"aligncenter wp-image-650\" src=\"https:\/\/thucphamtienloi.com\/wp-content\/uploads\/2020\/06\/rau-bo-khai-1-min-539x400.png\" alt=\"\" width=\"600\" height=\"445\" srcset=\"https:\/\/thucphamtienloi.com\/wp-content\/uploads\/2020\/06\/rau-bo-khai-1-min-539x400.png 539w, https:\/\/thucphamtienloi.com\/wp-content\/uploads\/2020\/06\/rau-bo-khai-1-min-510x379.png 510w, https:\/\/thucphamtienloi.com\/wp-content\/uploads\/2020\/06\/rau-bo-khai-1-min-768x570.png 768w, https:\/\/thucphamtienloi.com\/wp-content\/uploads\/2020\/06\/rau-bo-khai-1-min-600x445.png 600w, https:\/\/thucphamtienloi.com\/wp-content\/uploads\/2020\/06\/rau-bo-khai-1-min.png 869w\" sizes=\"auto, (max-width: 600px) 100vw, 600px\" \/><\/strong><\/span><\/p>\n<p><span style=\"font-size: 100%;\">Rau b\u00f2 khai c\u0169ng c\u00f3 qu\u1ea3 nh\u01b0 nh\u1eefng lo\u00e0i th\u1ef1c v\u1eadt kh\u00e1c. Qu\u1ea3 ch\u01b0a ch\u00edn c\u00f3 m\u00e0u xanh nh\u1ea1t, khi ch\u00edn chuy\u1ec3n qua m\u00e0u \u0111\u1ecf, v\u1ecf t\u1ef1 t\u00e1ch ra th\u00e0nh 5 m\u1ea3nh v\u00e0 u\u1ed1n cong \u0111\u1ec3 l\u1ed9 ra h\u1ea1t c\u00f3 m\u00e0u xanh l\u1ee5c.<\/span><\/p>\n<p><span style=\"font-size: 100%;\">\u0110\u00e2y l\u00e0 m\u1ed9t lo\u1ea1i rau ph\u1ed5 bi\u1ebfn \u1edf nhi\u1ec1u t\u1ec9nh mi\u1ec1n n\u00fai ph\u00eda B\u1eafc. Tuy nhi\u00ean th\u1eddi gian g\u1ea7n \u0111\u00e2y b\u1ea1n c\u0169ng c\u00f3 th\u1ec3 b\u1eaft g\u1eb7p lo\u1ea1i rau n\u00e0y \u1edf khu v\u1ef1c c\u00e1c t\u1ec9nh T\u00e2y Nguy\u00ean. B\u00f2 khai ph\u00e1t tri\u1ec3n quanh n\u0103m, tuy nhi\u00ean v\u00e0o m\u00f9a xu\u00e2n rau tr\u1ed5 ng\u1ecdn xanh v\u00e0 non nh\u1ea5t. \u0110\u00e2y c\u0169ng l\u00e0 th\u1eddi \u0111i\u1ec3m t\u1ed1t \u0111\u1ec3 thu ho\u1ea1ch.<\/span><\/p>\n<h2>T\u00e1c D\u1ee5ng C\u1ee7a Rau\u00a0<\/h2>\n<p>Nh\u01b0 \u0111\u00e3 gi\u1edbi thi\u1ec7u \u1edf ph\u1ea7n \u0111\u1ea7u b\u00e0i vi\u1ebft th\u00ec lo\u1ea1i rau n\u00e0y kh\u00f4ng ch\u1ec9 l\u00e0 m\u1ed9t m\u00f3n \u0103n d\u00e2n gi\u00e3, rau b\u00f2 khai c\u00f2n c\u00f3 r\u1ea5t nhi\u1ec1u t\u00e1c d\u1ee5ng \u0111\u1ed1i v\u1edbi s\u1ee9c kh\u1ecfe con ng\u01b0\u1eddi m\u00e0 kh\u00f4ng ph\u1ea3i ai c\u0169ng bi\u1ebft.<\/p>\n<p>Theo nghi\u00ean c\u1ee9u khoa h\u1ecdc, rau b\u00f2 khai ch\u1ee9a nhi\u1ec1u ch\u1ea5t dinh d\u01b0\u1ee1ng nh\u01b0 ch\u1ea5t x\u01a1, protein, vitamin C, calci, photpho\u2026 Trong y h\u1ecdc c\u1ed5 truy\u1ec1n, b\u00f2 khai c\u00f3 t\u00ednh b\u00ecnh, v\u1ecb h\u01a1i \u0111\u1eafng n\u00ean \u0111\u01b0\u1ee3c t\u1eadn d\u1ee5ng to\u00e0n th\u00e2n t\u1eeb l\u00e1 t\u1edbi ng\u1ecdn \u0111\u1ec3 l\u00e0m thu\u1ed1c ch\u1eefa nhi\u1ec1u b\u1ec7nh kh\u00e1c nhau.<\/p>\n<p>Th\u00e2n v\u00e0 l\u00e1 b\u00f2 khai c\u00f3 th\u1ec3 s\u1eed d\u1ee5ng t\u01b0\u01a1i ho\u1eb7c kh\u00f4 d\u00f9ng \u0111\u1ec3 \u0111un n\u01b0\u1edbc u\u1ed1ng c\u00f3 t\u00e1c d\u1ee5ng ch\u1eefa vi\u00eam gan si\u00eau vi tr\u00f9ng ho\u1eb7c l\u00e0m tan s\u1ecfi \u0111\u1ed1i v\u1edbi b\u1ec7nh nh\u00e2n b\u1ecb s\u1ecfi th\u1eadn.<\/p>\n<p><img loading=\"lazy\" decoding=\"async\" class=\"aligncenter wp-image-651\" src=\"https:\/\/thucphamtienloi.com\/wp-content\/uploads\/2020\/06\/thu-hoach-rau-bo-khai-min-711x400.jpg\" alt=\"\" width=\"600\" height=\"338\" srcset=\"https:\/\/thucphamtienloi.com\/wp-content\/uploads\/2020\/06\/thu-hoach-rau-bo-khai-min-711x400.jpg 711w, https:\/\/thucphamtienloi.com\/wp-content\/uploads\/2020\/06\/thu-hoach-rau-bo-khai-min-510x287.jpg 510w, https:\/\/thucphamtienloi.com\/wp-content\/uploads\/2020\/06\/thu-hoach-rau-bo-khai-min-768x432.jpg 768w, https:\/\/thucphamtienloi.com\/wp-content\/uploads\/2020\/06\/thu-hoach-rau-bo-khai-min-600x338.jpg 600w, https:\/\/thucphamtienloi.com\/wp-content\/uploads\/2020\/06\/thu-hoach-rau-bo-khai-min.jpg 1280w\" sizes=\"auto, (max-width: 600px) 100vw, 600px\" \/><\/p>\n<p>Ph\u1ea7n th\u00e2n rau sau khi nh\u1eb7t l\u1ea5y l\u00e1 v\u00e0 ng\u1ecdn l\u00e0m th\u1ef1c ph\u1ea9m, b\u1ea1n c\u00f3 th\u1ec3 gi\u1eef l\u1ea1i b\u0103m nh\u1ecf th\u00e0nh t\u1eebng \u0111o\u1ea1n ng\u1eafn kho\u1ea3ng 2-3cm, \u0111em ph\u01a1i kh\u00f4. C\u00f3 t\u00e1c d\u1ee5ng ch\u1eefa ch\u1ee9ng b\u1ec7nh t\u00ea th\u1ea5p trong m\u00f9a l\u1ea1nh. Ngo\u00e0i ra, th\u00e2n b\u00f2 khai \u0111\u01b0\u1ee3c ph\u01a1i kh\u00f4 d\u00f9ng \u0111un n\u01b0\u1edbc u\u1ed1ng c\u00f2n c\u00f3 t\u00e1c d\u1ee5ng h\u1ea1 s\u1ed1t r\u1ea5t nhanh. Ngo\u00e0i s\u1eed d\u1ee5ng tr\u1ef1c ti\u1ebfp, b\u00f2 khai c\u00f2n \u0111\u01b0\u1ee3c \u0111\u1ee5ng ng\u00e2m r\u01b0\u1ee3u \u0111\u1ec3 s\u1eed d\u1ee5ng d\u1ea7n trong ch\u1eefa h\u1ea1 s\u1ed1t v\u00e0 t\u00ea th\u1ea5p.<\/p>\n<p>Canh rau b\u00f2 khai c\u0169ng c\u00f3 t\u00e1c d\u1ee5ng r\u1ea5t t\u1ed1t v\u1edbi nh\u1eefng ng\u01b0\u1eddi hay m\u1ec7t m\u1ecfi, ch\u00e1n \u0103n, \u0103n kh\u00f4ng ngon mi\u1ec7ng. N\u1ebfu b\u1ea1n kh\u00f4ng c\u00f3 rau b\u00f2 khai t\u01b0\u01a1i th\u00ec c\u00f3 th\u1ec3 s\u1eed d\u1ee5ng th\u00e2n rau ph\u01a1i kh\u00f4 \u0111\u1ec3 s\u1eafc n\u01b0\u1edbc u\u1ed1ng.<\/p>\n<p>Ngo\u00e0i ra rau b\u00f2 khai c\u00f2n r\u1ea5t hi\u1ec7u qu\u1ea3 trong ch\u1eefa c\u00e1c ch\u1ee9ng b\u1ec7nh nh\u01b0: ph\u00f9 th\u1eadn, \u0111\u00e1i d\u1eaft, t\u0103ng c\u01b0\u1eddng s\u1ee9c \u0111\u1ec1 kh\u00e1ng \u2026<\/p>\n<h2><strong>\u0110\u1ecba ch\u1ec9 mua rau b\u00f2 khai \u1edf \u0111\u00e2u?<\/strong><\/h2>\n<p>Qu\u00fd kh\u00e1ch c\u00f3 nhu c\u1ea7u \u0111\u1eb7t mua s\u1ea3n ph\u1ea9m vui l\u00f2ng li\u00ean h\u1ec7 :\u00a0<\/p>\n<p><strong>Hotline\/Zalo:<\/strong>\u00a0<strong class=\"uppercase\">0987.506.349<\/strong><\/p>\n<p><strong>\u0110\u1ecba ch\u1ec9 c\u1eeda h\u00e0ng :\u00a0<\/p>\n<p><\/strong><strong>T\u1ea1i S\u00e0i G\u00f2n:<\/strong>\u00a0184\/17 Nguy\u1ec5n Ph\u00fac Chu, P15, Q. T\u00e2n B\u00ecnh , TP HCM (vui l\u00f2ng g\u1ecdi tr\u01b0\u1edbc khi \u0111\u1ebfn)<br \/>\n<strong>T\u1ea1i H\u00e0 N\u1ed9i\u00a0 :\u00a0 <\/strong>PH\u00f2ng 2817,Chung c\u01b0 349,V\u0169 T\u00f4ng Phan,Thanh Xu\u00e2n, H\u00e0 N\u1ed9i (vui l\u00f2ng g\u1ecdi tr\u01b0\u1edbc khi \u0111\u1ebfn)<br \/>\n<strong>Website : <a href=\"https:\/\/thucphamtienloi.com\/\">https:\/\/www.thucphamtienloi.com<\/a><\/strong><br \/>\n<strong>Facebook: <a href=\"https:\/\/www.facebook.com\/cuahang3mien\/\">https:\/\/www.facebook.com\/cuahang3mien<\/a><\/strong><\/p>\n","protected":false},"excerpt":{"rendered":"<p><span style=\"font-size: 100%;\"><strong>Rau B\u00f2 Khai<\/strong> l\u00e0 m\u1ed9t lo\u1ea1i rau \u0111\u1eb7c s\u1ea3n c\u1ee7a n\u00fai r\u1eebng kh\u00f4ng ch\u1ec9 ngon \u0111\u1eadm \u0111\u00e0 m\u00e0 c\u00f2n c\u00f3 nhi\u1ec1u t\u00e1c d\u1ee5ng c\u00f3 l\u1ee3i cho s\u1ee9c kh\u1ecfe m\u00e0 kh\u00f4ng ph\u1ea3i ai c\u0169ng bi\u1ebft. N\u1ebfu b\u1ea1n c\u00f3 nhu c\u1ea7u mua <strong>Rau B\u00f2 Khai<\/strong> th\u00ec h\u00e3y \u0111\u1ec3 ch\u00fang t\u00f4i ph\u1ee5c v\u1ee5 b\u1ea1n.\u00a0<\/span><\/p>\n<p>&nbsp;<\/p>\n","protected":false},"featured_media":610,"comment_status":"closed","ping_status":"closed","template":"","meta":[],"product_brand":[],"product_cat":[68],"product_tag":[86,87,88,89,90],"class_list":{"0":"post-609","1":"product","2":"type-product","3":"status-publish","4":"has-post-thumbnail","6":"product_cat-dac-san-mien-bac","7":"product_tag-rau-bo-khai","8":"product_tag-rau-bo-khai-tai-tp-hcm","9":"product_tag-rau-bo-khai-tai-sai-gon","10":"product_tag-rau-bo-khai-tai-tan-binh","11":"product_tag-rau-bo-khai-tai-go-vap","13":"first","14":"instock","15":"shipping-taxable","16":"purchasable","17":"product-type-simple"},"yoast_head":"<!-- This site is optimized with the Yoast SEO plugin v27.4 - https:\/\/yoast.com\/product\/yoast-seo-wordpress\/ -->\n<title>Rau B\u00f2 Khai - \u1ea8M TH\u1ef0C BA MI\u1ec0N<\/title>\n<meta name=\"description\" content=\"C\u1eeda h\u00e0ng ch\u00fang t\u00f4i cung c\u1ea5p \u0111\u1eb7c s\u1ea3n Rau B\u00f2 Khai t\u01b0\u01a1i h\u00e0ng ng\u00e0y, Qu\u00fd kh\u00e1ch vui l\u00f2ng li\u00ean h\u1ec7 0987506349 \u0111\u1ec3 \u0111\u1eb7t h\u00e0ng ngay h\u00f4m nay.\" \/>\n<meta name=\"robots\" content=\"index, follow, max-snippet:-1, max-image-preview:large, max-video-preview:-1\" \/>\n<link rel=\"canonical\" href=\"https:\/\/thucphamtienloi.com\/?product=rau-bo-khai\" \/>\n<meta property=\"og:locale\" content=\"vi_VN\" \/>\n<meta property=\"og:type\" content=\"article\" \/>\n<meta property=\"og:title\" content=\"Rau B\u00f2 Khai - \u1ea8M TH\u1ef0C BA MI\u1ec0N\" \/>\n<meta property=\"og:description\" content=\"C\u1eeda h\u00e0ng ch\u00fang t\u00f4i cung c\u1ea5p \u0111\u1eb7c s\u1ea3n Rau B\u00f2 Khai t\u01b0\u01a1i h\u00e0ng ng\u00e0y, Qu\u00fd kh\u00e1ch vui l\u00f2ng li\u00ean h\u1ec7 0987506349 \u0111\u1ec3 \u0111\u1eb7t h\u00e0ng ngay h\u00f4m nay.\" \/>\n<meta property=\"og:url\" content=\"https:\/\/thucphamtienloi.com\/?product=rau-bo-khai\" \/>\n<meta property=\"og:site_name\" content=\"\u1ea8M TH\u1ef0C BA MI\u1ec0N\" \/>\n<meta property=\"article:modified_time\" content=\"2025-10-19T16:14:52+00:00\" \/>\n<meta property=\"og:image\" content=\"https:\/\/thucphamtienloi.com\/wp-content\/uploads\/2020\/06\/rau-bo-khai-min.png\" \/>\n\t<meta property=\"og:image:width\" content=\"300\" \/>\n\t<meta property=\"og:image:height\" content=\"300\" \/>\n\t<meta property=\"og:image:type\" content=\"image\/png\" \/>\n<meta name=\"twitter:card\" content=\"summary_large_image\" \/>\n<meta name=\"twitter:label1\" content=\"\u01af\u1edbc t\u00ednh th\u1eddi gian \u0111\u1ecdc\" \/>\n\t<meta name=\"twitter:data1\" content=\"4 ph\u00fat\" \/>\n<script type=\"application\/ld+json\" class=\"yoast-schema-graph\">{\"@context\":\"https:\\\/\\\/schema.org\",\"@graph\":[{\"@type\":[\"WebPage\",\"ItemPage\"],\"@id\":\"https:\\\/\\\/thucphamtienloi.com\\\/?product=rau-bo-khai\",\"url\":\"https:\\\/\\\/thucphamtienloi.com\\\/?product=rau-bo-khai\",\"name\":\"Rau B\u00f2 Khai - \u1ea8M TH\u1ef0C BA MI\u1ec0N\",\"isPartOf\":{\"@id\":\"https:\\\/\\\/thucphamtienloi.com\\\/#website\"},\"primaryImageOfPage\":{\"@id\":\"https:\\\/\\\/thucphamtienloi.com\\\/?product=rau-bo-khai#primaryimage\"},\"image\":{\"@id\":\"https:\\\/\\\/thucphamtienloi.com\\\/?product=rau-bo-khai#primaryimage\"},\"thumbnailUrl\":\"https:\\\/\\\/thucphamtienloi.com\\\/wp-content\\\/uploads\\\/2020\\\/06\\\/rau-bo-khai-min.png\",\"datePublished\":\"2020-06-06T09:53:54+00:00\",\"dateModified\":\"2025-10-19T16:14:52+00:00\",\"description\":\"C\u1eeda h\u00e0ng ch\u00fang t\u00f4i cung c\u1ea5p \u0111\u1eb7c s\u1ea3n Rau B\u00f2 Khai t\u01b0\u01a1i h\u00e0ng ng\u00e0y, Qu\u00fd kh\u00e1ch vui l\u00f2ng li\u00ean h\u1ec7 0987506349 \u0111\u1ec3 \u0111\u1eb7t h\u00e0ng ngay h\u00f4m nay.\",\"breadcrumb\":{\"@id\":\"https:\\\/\\\/thucphamtienloi.com\\\/?product=rau-bo-khai#breadcrumb\"},\"inLanguage\":\"vi\",\"potentialAction\":[{\"@type\":\"ReadAction\",\"target\":[\"https:\\\/\\\/thucphamtienloi.com\\\/?product=rau-bo-khai\"]}]},{\"@type\":\"ImageObject\",\"inLanguage\":\"vi\",\"@id\":\"https:\\\/\\\/thucphamtienloi.com\\\/?product=rau-bo-khai#primaryimage\",\"url\":\"https:\\\/\\\/thucphamtienloi.com\\\/wp-content\\\/uploads\\\/2020\\\/06\\\/rau-bo-khai-min.png\",\"contentUrl\":\"https:\\\/\\\/thucphamtienloi.com\\\/wp-content\\\/uploads\\\/2020\\\/06\\\/rau-bo-khai-min.png\",\"width\":300,\"height\":300,\"caption\":\"rau b\u00f2 khai\"},{\"@type\":\"BreadcrumbList\",\"@id\":\"https:\\\/\\\/thucphamtienloi.com\\\/?product=rau-bo-khai#breadcrumb\",\"itemListElement\":[{\"@type\":\"ListItem\",\"position\":1,\"name\":\"Trang ch\u1ee7\",\"item\":\"https:\\\/\\\/thucphamtienloi.com\\\/\"},{\"@type\":\"ListItem\",\"position\":2,\"name\":\"C\u1eeda H\u00e0ng\",\"item\":\"https:\\\/\\\/thucphamtienloi.com\\\/?page_id=3334\"},{\"@type\":\"ListItem\",\"position\":3,\"name\":\"\u0110\u1eb7c S\u1ea3n Mi\u1ec1n B\u1eafc\",\"item\":\"https:\\\/\\\/thucphamtienloi.com\\\/danh-muc-san-pham\\\/dac-san-mien-bac\\\/\"},{\"@type\":\"ListItem\",\"position\":4,\"name\":\"Rau B\u00f2 Khai\"}]},{\"@type\":\"WebSite\",\"@id\":\"https:\\\/\\\/thucphamtienloi.com\\\/#website\",\"url\":\"https:\\\/\\\/thucphamtienloi.com\\\/\",\"name\":\"Th\u1ef1c ph\u1ea9m ti\u1ec7n l\u1ee3i\",\"description\":\"\u1ea8m Th\u1ef1c Qu\u00ea H\u01b0\u01a1ng\",\"publisher\":{\"@id\":\"https:\\\/\\\/thucphamtienloi.com\\\/#organization\"},\"potentialAction\":[{\"@type\":\"SearchAction\",\"target\":{\"@type\":\"EntryPoint\",\"urlTemplate\":\"https:\\\/\\\/thucphamtienloi.com\\\/?s={search_term_string}\"},\"query-input\":{\"@type\":\"PropertyValueSpecification\",\"valueRequired\":true,\"valueName\":\"search_term_string\"}}],\"inLanguage\":\"vi\"},{\"@type\":\"Organization\",\"@id\":\"https:\\\/\\\/thucphamtienloi.com\\\/#organization\",\"name\":\"Th\u1ef1c ph\u1ea9m ti\u1ec7n l\u1ee3i\",\"url\":\"https:\\\/\\\/thucphamtienloi.com\\\/\",\"logo\":{\"@type\":\"ImageObject\",\"inLanguage\":\"vi\",\"@id\":\"https:\\\/\\\/thucphamtienloi.com\\\/#\\\/schema\\\/logo\\\/image\\\/\",\"url\":\"https:\\\/\\\/thucphamtienloi.com\\\/wp-content\\\/uploads\\\/2022\\\/07\\\/THU\u031b\u0323C-PHA\u0302\u0309M-TIE\u0323\u0302N-LO\u031b\u0323I.png\",\"contentUrl\":\"https:\\\/\\\/thucphamtienloi.com\\\/wp-content\\\/uploads\\\/2022\\\/07\\\/THU\u031b\u0323C-PHA\u0302\u0309M-TIE\u0323\u0302N-LO\u031b\u0323I.png\",\"width\":1920,\"height\":1080,\"caption\":\"Th\u1ef1c ph\u1ea9m ti\u1ec7n l\u1ee3i\"},\"image\":{\"@id\":\"https:\\\/\\\/thucphamtienloi.com\\\/#\\\/schema\\\/logo\\\/image\\\/\"}}]}<\/script>\n<!-- \/ Yoast SEO plugin. -->","yoast_head_json":{"title":"Rau B\u00f2 Khai - \u1ea8M TH\u1ef0C BA MI\u1ec0N","description":"C\u1eeda h\u00e0ng ch\u00fang t\u00f4i cung c\u1ea5p \u0111\u1eb7c s\u1ea3n Rau B\u00f2 Khai t\u01b0\u01a1i h\u00e0ng ng\u00e0y, Qu\u00fd kh\u00e1ch vui l\u00f2ng li\u00ean h\u1ec7 0987506349 \u0111\u1ec3 \u0111\u1eb7t h\u00e0ng ngay h\u00f4m nay.","robots":{"index":"index","follow":"follow","max-snippet":"max-snippet:-1","max-image-preview":"max-image-preview:large","max-video-preview":"max-video-preview:-1"},"canonical":"https:\/\/thucphamtienloi.com\/?product=rau-bo-khai","og_locale":"vi_VN","og_type":"article","og_title":"Rau B\u00f2 Khai - \u1ea8M TH\u1ef0C BA MI\u1ec0N","og_description":"C\u1eeda h\u00e0ng ch\u00fang t\u00f4i cung c\u1ea5p \u0111\u1eb7c s\u1ea3n Rau B\u00f2 Khai t\u01b0\u01a1i h\u00e0ng ng\u00e0y, Qu\u00fd kh\u00e1ch vui l\u00f2ng li\u00ean h\u1ec7 0987506349 \u0111\u1ec3 \u0111\u1eb7t h\u00e0ng ngay h\u00f4m nay.","og_url":"https:\/\/thucphamtienloi.com\/?product=rau-bo-khai","og_site_name":"\u1ea8M TH\u1ef0C BA MI\u1ec0N","article_modified_time":"2025-10-19T16:14:52+00:00","og_image":[{"width":300,"height":300,"url":"https:\/\/thucphamtienloi.com\/wp-content\/uploads\/2020\/06\/rau-bo-khai-min.png","type":"image\/png"}],"twitter_card":"summary_large_image","twitter_misc":{"\u01af\u1edbc t\u00ednh th\u1eddi gian \u0111\u1ecdc":"4 ph\u00fat"},"schema":{"@context":"https:\/\/schema.org","@graph":[{"@type":["WebPage","ItemPage"],"@id":"https:\/\/thucphamtienloi.com\/?product=rau-bo-khai","url":"https:\/\/thucphamtienloi.com\/?product=rau-bo-khai","name":"Rau B\u00f2 Khai - \u1ea8M TH\u1ef0C BA MI\u1ec0N","isPartOf":{"@id":"https:\/\/thucphamtienloi.com\/#website"},"primaryImageOfPage":{"@id":"https:\/\/thucphamtienloi.com\/?product=rau-bo-khai#primaryimage"},"image":{"@id":"https:\/\/thucphamtienloi.com\/?product=rau-bo-khai#primaryimage"},"thumbnailUrl":"https:\/\/thucphamtienloi.com\/wp-content\/uploads\/2020\/06\/rau-bo-khai-min.png","datePublished":"2020-06-06T09:53:54+00:00","dateModified":"2025-10-19T16:14:52+00:00","description":"C\u1eeda h\u00e0ng ch\u00fang t\u00f4i cung c\u1ea5p \u0111\u1eb7c s\u1ea3n Rau B\u00f2 Khai t\u01b0\u01a1i h\u00e0ng ng\u00e0y, Qu\u00fd kh\u00e1ch vui l\u00f2ng li\u00ean h\u1ec7 0987506349 \u0111\u1ec3 \u0111\u1eb7t h\u00e0ng ngay h\u00f4m nay.","breadcrumb":{"@id":"https:\/\/thucphamtienloi.com\/?product=rau-bo-khai#breadcrumb"},"inLanguage":"vi","potentialAction":[{"@type":"ReadAction","target":["https:\/\/thucphamtienloi.com\/?product=rau-bo-khai"]}]},{"@type":"ImageObject","inLanguage":"vi","@id":"https:\/\/thucphamtienloi.com\/?product=rau-bo-khai#primaryimage","url":"https:\/\/thucphamtienloi.com\/wp-content\/uploads\/2020\/06\/rau-bo-khai-min.png","contentUrl":"https:\/\/thucphamtienloi.com\/wp-content\/uploads\/2020\/06\/rau-bo-khai-min.png","width":300,"height":300,"caption":"rau b\u00f2 khai"},{"@type":"BreadcrumbList","@id":"https:\/\/thucphamtienloi.com\/?product=rau-bo-khai#breadcrumb","itemListElement":[{"@type":"ListItem","position":1,"name":"Trang ch\u1ee7","item":"https:\/\/thucphamtienloi.com\/"},{"@type":"ListItem","position":2,"name":"C\u1eeda H\u00e0ng","item":"https:\/\/thucphamtienloi.com\/?page_id=3334"},{"@type":"ListItem","position":3,"name":"\u0110\u1eb7c S\u1ea3n Mi\u1ec1n B\u1eafc","item":"https:\/\/thucphamtienloi.com\/danh-muc-san-pham\/dac-san-mien-bac\/"},{"@type":"ListItem","position":4,"name":"Rau B\u00f2 Khai"}]},{"@type":"WebSite","@id":"https:\/\/thucphamtienloi.com\/#website","url":"https:\/\/thucphamtienloi.com\/","name":"Th\u1ef1c ph\u1ea9m ti\u1ec7n l\u1ee3i","description":"\u1ea8m Th\u1ef1c Qu\u00ea H\u01b0\u01a1ng","publisher":{"@id":"https:\/\/thucphamtienloi.com\/#organization"},"potentialAction":[{"@type":"SearchAction","target":{"@type":"EntryPoint","urlTemplate":"https:\/\/thucphamtienloi.com\/?s={search_term_string}"},"query-input":{"@type":"PropertyValueSpecification","valueRequired":true,"valueName":"search_term_string"}}],"inLanguage":"vi"},{"@type":"Organization","@id":"https:\/\/thucphamtienloi.com\/#organization","name":"Th\u1ef1c ph\u1ea9m ti\u1ec7n l\u1ee3i","url":"https:\/\/thucphamtienloi.com\/","logo":{"@type":"ImageObject","inLanguage":"vi","@id":"https:\/\/thucphamtienloi.com\/#\/schema\/logo\/image\/","url":"https:\/\/thucphamtienloi.com\/wp-content\/uploads\/2022\/07\/THU\u031b\u0323C-PHA\u0302\u0309M-TIE\u0323\u0302N-LO\u031b\u0323I.png","contentUrl":"https:\/\/thucphamtienloi.com\/wp-content\/uploads\/2022\/07\/THU\u031b\u0323C-PHA\u0302\u0309M-TIE\u0323\u0302N-LO\u031b\u0323I.png","width":1920,"height":1080,"caption":"Th\u1ef1c ph\u1ea9m ti\u1ec7n l\u1ee3i"},"image":{"@id":"https:\/\/thucphamtienloi.com\/#\/schema\/logo\/image\/"}}]}},"_links":{"self":[{"href":"https:\/\/thucphamtienloi.com\/index.php?rest_route=\/wp\/v2\/product\/609","targetHints":{"allow":["GET"]}}],"collection":[{"href":"https:\/\/thucphamtienloi.com\/index.php?rest_route=\/wp\/v2\/product"}],"about":[{"href":"https:\/\/thucphamtienloi.com\/index.php?rest_route=\/wp\/v2\/types\/product"}],"replies":[{"embeddable":true,"href":"https:\/\/thucphamtienloi.com\/index.php?rest_route=%2Fwp%2Fv2%2Fcomments&post=609"}],"wp:featuredmedia":[{"embeddable":true,"href":"https:\/\/thucphamtienloi.com\/index.php?rest_route=\/wp\/v2\/media\/610"}],"wp:attachment":[{"href":"https:\/\/thucphamtienloi.com\/index.php?rest_route=%2Fwp%2Fv2%2Fmedia&parent=609"}],"wp:term":[{"taxonomy":"product_brand","embeddable":true,"href":"https:\/\/thucphamtienloi.com\/index.php?rest_route=%2Fwp%2Fv2%2Fproduct_brand&post=609"},{"taxonomy":"product_cat","embeddable":true,"href":"https:\/\/thucphamtienloi.com\/index.php?rest_route=%2Fwp%2Fv2%2Fproduct_cat&post=609"},{"taxonomy":"product_tag","embeddable":true,"href":"https:\/\/thucphamtienloi.com\/index.php?rest_route=%2Fwp%2Fv2%2Fproduct_tag&post=609"}],"curies":[{"name":"wp","href":"https:\/\/api.w.org\/{rel}","templated":true}]}}